{"id":85225,"date":"2026-04-14T16:10:40","date_gmt":"2026-04-14T14:10:40","guid":{"rendered":"https:\/\/www.koonings.com\/product\/immediate-361-22107a-501\/"},"modified":"2026-02-16T15:06:22","modified_gmt":"2026-02-16T14:06:22","slug":"immediate-361-22107a-501","status":"publish","type":"product","link":"https:\/\/www.koonings.com\/de\/product\/immediate-361-22107a-501\/","title":{"rendered":"Unmittelbar 361-22107A-501"},"content":{"rendered":"<p>Dieser kobaltblaue Anzug aus der Kollektion von Koonings The Wedding Palace ist ein echter Blickfang an Ihrem Hochzeitstag! Die kr\u00e4ftige, leuchtende Farbe sorgt f\u00fcr einen unvergesslichen Auftritt, w\u00e4hrend die einzigartig geschnittene Weste f\u00fcr ein raffiniertes und stilvolles Detail sorgt. Eine perfekte Wahl f\u00fcr den modernen Br\u00e4utigam, der gl\u00e4nzen will!  <\/p>\n","protected":false},"featured_media":81051,"template":"","meta":{"_acf_changed":false,"ghostkit_customizer_options":"","ghostkit_custom_css":"","ghostkit_custom_js_head":"","ghostkit_custom_js_foot":"","ghostkit_typography":""},"productdetails":[],"productneck":[],"productcolor":[450],"maat":[],"productsupplier":[452],"productsleeve":[],"productcategory":[227],"productsilhouette":[],"productstyle":[],"class_list":["post-85225","product","type-product","status-publish","has-post-thumbnail","hentry","productcolor-450","productsupplier-immediate","productcategory-kostuum"],"acf":[],"yoast_head":"<!-- This site is optimized with the Yoast SEO plugin v27.3 - https:\/\/yoast.com\/product\/yoast-seo-wordpress\/ -->\n<title>Unmittelbar 361-22107A-501 | Koonings<\/title>\n<meta name=\"description\" content=\"Dieser kobaltblaue Anzug aus der Kollektion von Koonings The Wedding Palace ist ein echter Blickfang an Ihrem Hochzeitstag! Die kr\u00e4ftige, leuchtende Farbe sorgt f\u00fcr einen unvergesslichen Auftritt, w\u00e4hrend die einzigartig geschnittene Weste f\u00fcr ein raffiniertes und stilvolles Detail sorgt. Eine perfekte Wahl f\u00fcr den modernen Br\u00e4utigam, der gl\u00e4nzen will!\" \/>\n<meta name=\"robots\" content=\"index, follow, max-snippet:-1, max-image-preview:large, max-video-preview:-1\" \/>\n<link rel=\"canonical\" href=\"https:\/\/www.koonings.com\/de\/product\/immediate-361-22107a-501\/\" \/>\n<meta property=\"og:locale\" content=\"de_DE\" \/>\n<meta property=\"og:type\" content=\"article\" \/>\n<meta property=\"og:title\" content=\"Unmittelbar 361-22107A-501 | Koonings\" \/>\n<meta property=\"og:description\" content=\"Dieser kobaltblaue Anzug aus der Kollektion von Koonings The Wedding Palace ist ein echter Blickfang an Ihrem Hochzeitstag! Die kr\u00e4ftige, leuchtende Farbe sorgt f\u00fcr einen unvergesslichen Auftritt, w\u00e4hrend die einzigartig geschnittene Weste f\u00fcr ein raffiniertes und stilvolles Detail sorgt. Eine perfekte Wahl f\u00fcr den modernen Br\u00e4utigam, der gl\u00e4nzen will!\" \/>\n<meta property=\"og:url\" content=\"https:\/\/www.koonings.com\/de\/product\/immediate-361-22107a-501\/\" \/>\n<meta property=\"og:site_name\" content=\"Koonings\" \/>\n<meta property=\"article:publisher\" content=\"https:\/\/www.facebook.com\/kooningstheweddingpalace\" \/>\n<meta property=\"og:image\" content=\"https:\/\/www.koonings.com\/wp-content\/uploads\/2025\/02\/38312_a80e1efb047ca8a6e3ed5f14d83a87f89f9f5aebd83b6bb20f750b8a654c132e8d17896b-scaled.jpeg\" \/>\n\t<meta property=\"og:image:width\" content=\"1810\" \/>\n\t<meta property=\"og:image:height\" content=\"2560\" \/>\n\t<meta property=\"og:image:type\" content=\"image\/jpeg\" \/>\n<meta name=\"twitter:card\" content=\"summary_large_image\" \/>\n<script type=\"application\/ld+json\" class=\"yoast-schema-graph\">{\"@context\":\"https:\\\/\\\/schema.org\",\"@graph\":[{\"@type\":\"WebPage\",\"@id\":\"https:\\\/\\\/www.koonings.com\\\/de\\\/product\\\/immediate-361-22107a-501\\\/\",\"url\":\"https:\\\/\\\/www.koonings.com\\\/de\\\/product\\\/immediate-361-22107a-501\\\/\",\"name\":\"Unmittelbar 361-22107A-501 | Koonings\",\"isPartOf\":{\"@id\":\"https:\\\/\\\/www.koonings.com\\\/de\\\/#website\"},\"primaryImageOfPage\":{\"@id\":\"https:\\\/\\\/www.koonings.com\\\/de\\\/product\\\/immediate-361-22107a-501\\\/#primaryimage\"},\"image\":{\"@id\":\"https:\\\/\\\/www.koonings.com\\\/de\\\/product\\\/immediate-361-22107a-501\\\/#primaryimage\"},\"thumbnailUrl\":\"https:\\\/\\\/www.koonings.com\\\/wp-content\\\/uploads\\\/2025\\\/02\\\/38312_a80e1efb047ca8a6e3ed5f14d83a87f89f9f5aebd83b6bb20f750b8a654c132e8d17896b-scaled.jpeg\",\"datePublished\":\"2026-04-14T14:10:40+00:00\",\"description\":\"Dieser kobaltblaue Anzug aus der Kollektion von Koonings The Wedding Palace ist ein echter Blickfang an Ihrem Hochzeitstag! Die kr\u00e4ftige, leuchtende Farbe sorgt f\u00fcr einen unvergesslichen Auftritt, w\u00e4hrend die einzigartig geschnittene Weste f\u00fcr ein raffiniertes und stilvolles Detail sorgt. Eine perfekte Wahl f\u00fcr den modernen Br\u00e4utigam, der gl\u00e4nzen will!\",\"breadcrumb\":{\"@id\":\"https:\\\/\\\/www.koonings.com\\\/de\\\/product\\\/immediate-361-22107a-501\\\/#breadcrumb\"},\"inLanguage\":\"de\",\"potentialAction\":[{\"@type\":\"ReadAction\",\"target\":[\"https:\\\/\\\/www.koonings.com\\\/de\\\/product\\\/immediate-361-22107a-501\\\/\"]}]},{\"@type\":\"ImageObject\",\"inLanguage\":\"de\",\"@id\":\"https:\\\/\\\/www.koonings.com\\\/de\\\/product\\\/immediate-361-22107a-501\\\/#primaryimage\",\"url\":\"https:\\\/\\\/www.koonings.com\\\/wp-content\\\/uploads\\\/2025\\\/02\\\/38312_a80e1efb047ca8a6e3ed5f14d83a87f89f9f5aebd83b6bb20f750b8a654c132e8d17896b-scaled.jpeg\",\"contentUrl\":\"https:\\\/\\\/www.koonings.com\\\/wp-content\\\/uploads\\\/2025\\\/02\\\/38312_a80e1efb047ca8a6e3ed5f14d83a87f89f9f5aebd83b6bb20f750b8a654c132e8d17896b-scaled.jpeg\",\"width\":1810,\"height\":2560},{\"@type\":\"BreadcrumbList\",\"@id\":\"https:\\\/\\\/www.koonings.com\\\/de\\\/product\\\/immediate-361-22107a-501\\\/#breadcrumb\",\"itemListElement\":[{\"@type\":\"ListItem\",\"position\":1,\"name\":\"Home\",\"item\":\"https:\\\/\\\/www.koonings.com\\\/de\\\/\"},{\"@type\":\"ListItem\",\"position\":2,\"name\":\"Unmittelbar 361-22107A-501\"}]},{\"@type\":\"WebSite\",\"@id\":\"https:\\\/\\\/www.koonings.com\\\/de\\\/#website\",\"url\":\"https:\\\/\\\/www.koonings.com\\\/de\\\/\",\"name\":\"Koonings\",\"description\":\"De grootste bruidsmodewinkel ter wereld\",\"publisher\":{\"@id\":\"https:\\\/\\\/www.koonings.com\\\/de\\\/#organization\"},\"potentialAction\":[{\"@type\":\"SearchAction\",\"target\":{\"@type\":\"EntryPoint\",\"urlTemplate\":\"https:\\\/\\\/www.koonings.com\\\/de\\\/?s={search_term_string}\"},\"query-input\":{\"@type\":\"PropertyValueSpecification\",\"valueRequired\":true,\"valueName\":\"search_term_string\"}}],\"inLanguage\":\"de\"},{\"@type\":\"Organization\",\"@id\":\"https:\\\/\\\/www.koonings.com\\\/de\\\/#organization\",\"name\":\"Koonings\",\"url\":\"https:\\\/\\\/www.koonings.com\\\/de\\\/\",\"logo\":{\"@type\":\"ImageObject\",\"inLanguage\":\"de\",\"@id\":\"https:\\\/\\\/www.koonings.com\\\/de\\\/#\\\/schema\\\/logo\\\/image\\\/\",\"url\":\"https:\\\/\\\/www.koonings.com\\\/wp-content\\\/uploads\\\/2024\\\/07\\\/logo.png\",\"contentUrl\":\"https:\\\/\\\/www.koonings.com\\\/wp-content\\\/uploads\\\/2024\\\/07\\\/logo.png\",\"width\":600,\"height\":428,\"caption\":\"Koonings\"},\"image\":{\"@id\":\"https:\\\/\\\/www.koonings.com\\\/de\\\/#\\\/schema\\\/logo\\\/image\\\/\"},\"sameAs\":[\"https:\\\/\\\/www.facebook.com\\\/kooningstheweddingpalace\",\"https:\\\/\\\/www.instagram.com\\\/kooningstheweddingpalace\",\"https:\\\/\\\/www.pinterest.com\\\/koonings\",\"https:\\\/\\\/www.youtube.com\\\/kooningstheweddingpalace\"]}]}<\/script>\n<!-- \/ Yoast SEO plugin. -->","yoast_head_json":{"title":"Unmittelbar 361-22107A-501 | Koonings","description":"Dieser kobaltblaue Anzug aus der Kollektion von Koonings The Wedding Palace ist ein echter Blickfang an Ihrem Hochzeitstag! Die kr\u00e4ftige, leuchtende Farbe sorgt f\u00fcr einen unvergesslichen Auftritt, w\u00e4hrend die einzigartig geschnittene Weste f\u00fcr ein raffiniertes und stilvolles Detail sorgt. Eine perfekte Wahl f\u00fcr den modernen Br\u00e4utigam, der gl\u00e4nzen will!","robots":{"index":"index","follow":"follow","max-snippet":"max-snippet:-1","max-image-preview":"max-image-preview:large","max-video-preview":"max-video-preview:-1"},"canonical":"https:\/\/www.koonings.com\/de\/product\/immediate-361-22107a-501\/","og_locale":"de_DE","og_type":"article","og_title":"Unmittelbar 361-22107A-501 | Koonings","og_description":"Dieser kobaltblaue Anzug aus der Kollektion von Koonings The Wedding Palace ist ein echter Blickfang an Ihrem Hochzeitstag! Die kr\u00e4ftige, leuchtende Farbe sorgt f\u00fcr einen unvergesslichen Auftritt, w\u00e4hrend die einzigartig geschnittene Weste f\u00fcr ein raffiniertes und stilvolles Detail sorgt. Eine perfekte Wahl f\u00fcr den modernen Br\u00e4utigam, der gl\u00e4nzen will!","og_url":"https:\/\/www.koonings.com\/de\/product\/immediate-361-22107a-501\/","og_site_name":"Koonings","article_publisher":"https:\/\/www.facebook.com\/kooningstheweddingpalace","og_image":[{"width":1810,"height":2560,"url":"https:\/\/www.koonings.com\/wp-content\/uploads\/2025\/02\/38312_a80e1efb047ca8a6e3ed5f14d83a87f89f9f5aebd83b6bb20f750b8a654c132e8d17896b-scaled.jpeg","type":"image\/jpeg"}],"twitter_card":"summary_large_image","schema":{"@context":"https:\/\/schema.org","@graph":[{"@type":"WebPage","@id":"https:\/\/www.koonings.com\/de\/product\/immediate-361-22107a-501\/","url":"https:\/\/www.koonings.com\/de\/product\/immediate-361-22107a-501\/","name":"Unmittelbar 361-22107A-501 | Koonings","isPartOf":{"@id":"https:\/\/www.koonings.com\/de\/#website"},"primaryImageOfPage":{"@id":"https:\/\/www.koonings.com\/de\/product\/immediate-361-22107a-501\/#primaryimage"},"image":{"@id":"https:\/\/www.koonings.com\/de\/product\/immediate-361-22107a-501\/#primaryimage"},"thumbnailUrl":"https:\/\/www.koonings.com\/wp-content\/uploads\/2025\/02\/38312_a80e1efb047ca8a6e3ed5f14d83a87f89f9f5aebd83b6bb20f750b8a654c132e8d17896b-scaled.jpeg","datePublished":"2026-04-14T14:10:40+00:00","description":"Dieser kobaltblaue Anzug aus der Kollektion von Koonings The Wedding Palace ist ein echter Blickfang an Ihrem Hochzeitstag! Die kr\u00e4ftige, leuchtende Farbe sorgt f\u00fcr einen unvergesslichen Auftritt, w\u00e4hrend die einzigartig geschnittene Weste f\u00fcr ein raffiniertes und stilvolles Detail sorgt. Eine perfekte Wahl f\u00fcr den modernen Br\u00e4utigam, der gl\u00e4nzen will!","breadcrumb":{"@id":"https:\/\/www.koonings.com\/de\/product\/immediate-361-22107a-501\/#breadcrumb"},"inLanguage":"de","potentialAction":[{"@type":"ReadAction","target":["https:\/\/www.koonings.com\/de\/product\/immediate-361-22107a-501\/"]}]},{"@type":"ImageObject","inLanguage":"de","@id":"https:\/\/www.koonings.com\/de\/product\/immediate-361-22107a-501\/#primaryimage","url":"https:\/\/www.koonings.com\/wp-content\/uploads\/2025\/02\/38312_a80e1efb047ca8a6e3ed5f14d83a87f89f9f5aebd83b6bb20f750b8a654c132e8d17896b-scaled.jpeg","contentUrl":"https:\/\/www.koonings.com\/wp-content\/uploads\/2025\/02\/38312_a80e1efb047ca8a6e3ed5f14d83a87f89f9f5aebd83b6bb20f750b8a654c132e8d17896b-scaled.jpeg","width":1810,"height":2560},{"@type":"BreadcrumbList","@id":"https:\/\/www.koonings.com\/de\/product\/immediate-361-22107a-501\/#breadcrumb","itemListElement":[{"@type":"ListItem","position":1,"name":"Home","item":"https:\/\/www.koonings.com\/de\/"},{"@type":"ListItem","position":2,"name":"Unmittelbar 361-22107A-501"}]},{"@type":"WebSite","@id":"https:\/\/www.koonings.com\/de\/#website","url":"https:\/\/www.koonings.com\/de\/","name":"Koonings","description":"De grootste bruidsmodewinkel ter wereld","publisher":{"@id":"https:\/\/www.koonings.com\/de\/#organization"},"potentialAction":[{"@type":"SearchAction","target":{"@type":"EntryPoint","urlTemplate":"https:\/\/www.koonings.com\/de\/?s={search_term_string}"},"query-input":{"@type":"PropertyValueSpecification","valueRequired":true,"valueName":"search_term_string"}}],"inLanguage":"de"},{"@type":"Organization","@id":"https:\/\/www.koonings.com\/de\/#organization","name":"Koonings","url":"https:\/\/www.koonings.com\/de\/","logo":{"@type":"ImageObject","inLanguage":"de","@id":"https:\/\/www.koonings.com\/de\/#\/schema\/logo\/image\/","url":"https:\/\/www.koonings.com\/wp-content\/uploads\/2024\/07\/logo.png","contentUrl":"https:\/\/www.koonings.com\/wp-content\/uploads\/2024\/07\/logo.png","width":600,"height":428,"caption":"Koonings"},"image":{"@id":"https:\/\/www.koonings.com\/de\/#\/schema\/logo\/image\/"},"sameAs":["https:\/\/www.facebook.com\/kooningstheweddingpalace","https:\/\/www.instagram.com\/kooningstheweddingpalace","https:\/\/www.pinterest.com\/koonings","https:\/\/www.youtube.com\/kooningstheweddingpalace"]}]}},"_links":{"self":[{"href":"https:\/\/www.koonings.com\/de\/wp-json\/wp\/v2\/product\/85225","targetHints":{"allow":["GET"]}}],"collection":[{"href":"https:\/\/www.koonings.com\/de\/wp-json\/wp\/v2\/product"}],"about":[{"href":"https:\/\/www.koonings.com\/de\/wp-json\/wp\/v2\/types\/product"}],"wp:featuredmedia":[{"embeddable":true,"href":"https:\/\/www.koonings.com\/de\/wp-json\/wp\/v2\/media\/81051"}],"wp:attachment":[{"href":"https:\/\/www.koonings.com\/de\/wp-json\/wp\/v2\/media?parent=85225"}],"wp:term":[{"taxonomy":"productdetails","embeddable":true,"href":"https:\/\/www.koonings.com\/de\/wp-json\/wp\/v2\/productdetails?post=85225"},{"taxonomy":"productneck","embeddable":true,"href":"https:\/\/www.koonings.com\/de\/wp-json\/wp\/v2\/productneck?post=85225"},{"taxonomy":"productcolor","embeddable":true,"href":"https:\/\/www.koonings.com\/de\/wp-json\/wp\/v2\/productcolor?post=85225"},{"taxonomy":"maat","embeddable":true,"href":"https:\/\/www.koonings.com\/de\/wp-json\/wp\/v2\/maat?post=85225"},{"taxonomy":"productsupplier","embeddable":true,"href":"https:\/\/www.koonings.com\/de\/wp-json\/wp\/v2\/productsupplier?post=85225"},{"taxonomy":"productsleeve","embeddable":true,"href":"https:\/\/www.koonings.com\/de\/wp-json\/wp\/v2\/productsleeve?post=85225"},{"taxonomy":"productcategory","embeddable":true,"href":"https:\/\/www.koonings.com\/de\/wp-json\/wp\/v2\/productcategory?post=85225"},{"taxonomy":"productsilhouette","embeddable":true,"href":"https:\/\/www.koonings.com\/de\/wp-json\/wp\/v2\/productsilhouette?post=85225"},{"taxonomy":"productstyle","embeddable":true,"href":"https:\/\/www.koonings.com\/de\/wp-json\/wp\/v2\/productstyle?post=85225"}],"curies":[{"name":"wp","href":"https:\/\/api.w.org\/{rel}","templated":true}]}}