{"id":85208,"date":"2026-04-14T16:30:20","date_gmt":"2026-04-14T14:30:20","guid":{"rendered":"https:\/\/www.koonings.com\/product\/wilvorst-l38852-851104-68\/"},"modified":"2025-06-05T13:57:26","modified_gmt":"2025-06-05T11:57:26","slug":"wilvorst-l38852-851104-68","status":"publish","type":"product","link":"https:\/\/www.koonings.com\/de\/product\/wilvorst-l38852-851104-68\/","title":{"rendered":"Wilvorst L38852\/851104\/68"},"content":{"rendered":"<p>Kollektion: Atelier Torino:<br \/>\nBei der Hochzeitsanzugskollektion von Atelier Torino dreht sich alles um Stil, Komfort und Qualit\u00e4t. Mit modernen und klassischen Designs, raffinierten Passformen und luxuri\u00f6sen Materialien bietet diese Kollektion den perfekten Look f\u00fcr jeden Br\u00e4utigam. Ob Sie sich f\u00fcr einen zeitlosen dunkelblauen Anzug oder einen trendigen Farbton entscheiden, Atelier Torino verbindet Eleganz mit Komfort.  <\/p>\n<p>Diese exklusive Kollektion ist bei Koonings The Wedding Palace erh\u00e4ltlich.<\/p>\n<p>Bitte beachten Sie, dass unsere Website nur eine Auswahl aus der Kollektion zeigt und wir nicht garantieren k\u00f6nnen, dass alle Modelle vorr\u00e4tig sind. F\u00fcr bestimmte Modelle empfehlen wir Ihnen, uns im Voraus zu kontaktieren. <\/p>\n","protected":false},"featured_media":82016,"template":"","meta":{"_acf_changed":false,"ghostkit_customizer_options":"","ghostkit_custom_css":"","ghostkit_custom_js_head":"","ghostkit_custom_js_foot":"","ghostkit_typography":""},"productdetails":[],"productneck":[],"productcolor":[501],"maat":[],"productsupplier":[495],"productsleeve":[],"productcategory":[227],"productsilhouette":[],"productstyle":[],"class_list":["post-85208","product","type-product","status-publish","has-post-thumbnail","hentry","productcolor-501","productsupplier-wilvorst","productcategory-kostuum"],"acf":[],"yoast_head":"<!-- This site is optimized with the Yoast SEO plugin v27.3 - https:\/\/yoast.com\/product\/yoast-seo-wordpress\/ -->\n<title>Wilvorst L38852\/851104\/68 | Koonings<\/title>\n<meta name=\"description\" content=\"Kollektion: Atelier Torino: Bei der Hochzeitsanzugskollektion von Atelier Torino dreht sich alles um Stil, Komfort und Qualit\u00e4t. Mit modernen und klassischen Designs, raffinierten Passformen und luxuri\u00f6sen Materialien bietet diese Kollektion den perfekten Look f\u00fcr jeden Br\u00e4utigam. Ob Sie sich f\u00fcr einen zeitlosen dunkelblauen Anzug oder einen trendigen Farbton entscheiden, Atelier Torino verbindet Eleganz mit Komfort. Diese exklusive Kollektion ist bei Koonings The Wedding Palace erh\u00e4ltlich. Bitte beachten Sie, dass unsere Website nur eine Auswahl aus der Kollektion zeigt und wir nicht garantieren k\u00f6nnen, dass alle Modelle vorr\u00e4tig sind. F\u00fcr bestimmte Modelle empfehlen wir Ihnen, uns im Voraus zu kontaktieren.\" \/>\n<meta name=\"robots\" content=\"index, follow, max-snippet:-1, max-image-preview:large, max-video-preview:-1\" \/>\n<link rel=\"canonical\" href=\"https:\/\/www.koonings.com\/de\/product\/wilvorst-l38852-851104-68\/\" \/>\n<meta property=\"og:locale\" content=\"de_DE\" \/>\n<meta property=\"og:type\" content=\"article\" \/>\n<meta property=\"og:title\" content=\"Wilvorst L38852\/851104\/68 | Koonings\" \/>\n<meta property=\"og:description\" content=\"Kollektion: Atelier Torino: Bei der Hochzeitsanzugskollektion von Atelier Torino dreht sich alles um Stil, Komfort und Qualit\u00e4t. Mit modernen und klassischen Designs, raffinierten Passformen und luxuri\u00f6sen Materialien bietet diese Kollektion den perfekten Look f\u00fcr jeden Br\u00e4utigam. Ob Sie sich f\u00fcr einen zeitlosen dunkelblauen Anzug oder einen trendigen Farbton entscheiden, Atelier Torino verbindet Eleganz mit Komfort. Diese exklusive Kollektion ist bei Koonings The Wedding Palace erh\u00e4ltlich. Bitte beachten Sie, dass unsere Website nur eine Auswahl aus der Kollektion zeigt und wir nicht garantieren k\u00f6nnen, dass alle Modelle vorr\u00e4tig sind. F\u00fcr bestimmte Modelle empfehlen wir Ihnen, uns im Voraus zu kontaktieren.\" \/>\n<meta property=\"og:url\" content=\"https:\/\/www.koonings.com\/de\/product\/wilvorst-l38852-851104-68\/\" \/>\n<meta property=\"og:site_name\" content=\"Koonings\" \/>\n<meta property=\"article:publisher\" content=\"https:\/\/www.facebook.com\/kooningstheweddingpalace\" \/>\n<meta property=\"og:image\" content=\"https:\/\/www.koonings.com\/wp-content\/uploads\/2025\/03\/49159_02f6fd7a9a714b350e4ba6cc4b7860afe76f00059c4b07a0d8db90c581cf5e18fbe73968-scaled.jpeg\" \/>\n\t<meta property=\"og:image:width\" content=\"1809\" \/>\n\t<meta property=\"og:image:height\" content=\"2560\" \/>\n\t<meta property=\"og:image:type\" content=\"image\/jpeg\" \/>\n<meta name=\"twitter:card\" content=\"summary_large_image\" \/>\n<meta name=\"twitter:label1\" content=\"Gesch\u00e4tzte Lesezeit\" \/>\n\t<meta name=\"twitter:data1\" content=\"1\u00a0Minute\" \/>\n<script type=\"application\/ld+json\" class=\"yoast-schema-graph\">{\"@context\":\"https:\\\/\\\/schema.org\",\"@graph\":[{\"@type\":\"WebPage\",\"@id\":\"https:\\\/\\\/www.koonings.com\\\/de\\\/product\\\/wilvorst-l38852-851104-68\\\/\",\"url\":\"https:\\\/\\\/www.koonings.com\\\/de\\\/product\\\/wilvorst-l38852-851104-68\\\/\",\"name\":\"Wilvorst L38852\\\/851104\\\/68 | Koonings\",\"isPartOf\":{\"@id\":\"https:\\\/\\\/www.koonings.com\\\/de\\\/#website\"},\"primaryImageOfPage\":{\"@id\":\"https:\\\/\\\/www.koonings.com\\\/de\\\/product\\\/wilvorst-l38852-851104-68\\\/#primaryimage\"},\"image\":{\"@id\":\"https:\\\/\\\/www.koonings.com\\\/de\\\/product\\\/wilvorst-l38852-851104-68\\\/#primaryimage\"},\"thumbnailUrl\":\"https:\\\/\\\/www.koonings.com\\\/wp-content\\\/uploads\\\/2025\\\/03\\\/49159_02f6fd7a9a714b350e4ba6cc4b7860afe76f00059c4b07a0d8db90c581cf5e18fbe73968-scaled.jpeg\",\"datePublished\":\"2026-04-14T14:30:20+00:00\",\"description\":\"Kollektion: Atelier Torino: Bei der Hochzeitsanzugskollektion von Atelier Torino dreht sich alles um Stil, Komfort und Qualit\u00e4t. Mit modernen und klassischen Designs, raffinierten Passformen und luxuri\u00f6sen Materialien bietet diese Kollektion den perfekten Look f\u00fcr jeden Br\u00e4utigam. Ob Sie sich f\u00fcr einen zeitlosen dunkelblauen Anzug oder einen trendigen Farbton entscheiden, Atelier Torino verbindet Eleganz mit Komfort. Diese exklusive Kollektion ist bei Koonings The Wedding Palace erh\u00e4ltlich. Bitte beachten Sie, dass unsere Website nur eine Auswahl aus der Kollektion zeigt und wir nicht garantieren k\u00f6nnen, dass alle Modelle vorr\u00e4tig sind. F\u00fcr bestimmte Modelle empfehlen wir Ihnen, uns im Voraus zu kontaktieren.\",\"breadcrumb\":{\"@id\":\"https:\\\/\\\/www.koonings.com\\\/de\\\/product\\\/wilvorst-l38852-851104-68\\\/#breadcrumb\"},\"inLanguage\":\"de\",\"potentialAction\":[{\"@type\":\"ReadAction\",\"target\":[\"https:\\\/\\\/www.koonings.com\\\/de\\\/product\\\/wilvorst-l38852-851104-68\\\/\"]}]},{\"@type\":\"ImageObject\",\"inLanguage\":\"de\",\"@id\":\"https:\\\/\\\/www.koonings.com\\\/de\\\/product\\\/wilvorst-l38852-851104-68\\\/#primaryimage\",\"url\":\"https:\\\/\\\/www.koonings.com\\\/wp-content\\\/uploads\\\/2025\\\/03\\\/49159_02f6fd7a9a714b350e4ba6cc4b7860afe76f00059c4b07a0d8db90c581cf5e18fbe73968-scaled.jpeg\",\"contentUrl\":\"https:\\\/\\\/www.koonings.com\\\/wp-content\\\/uploads\\\/2025\\\/03\\\/49159_02f6fd7a9a714b350e4ba6cc4b7860afe76f00059c4b07a0d8db90c581cf5e18fbe73968-scaled.jpeg\",\"width\":1809,\"height\":2560},{\"@type\":\"BreadcrumbList\",\"@id\":\"https:\\\/\\\/www.koonings.com\\\/de\\\/product\\\/wilvorst-l38852-851104-68\\\/#breadcrumb\",\"itemListElement\":[{\"@type\":\"ListItem\",\"position\":1,\"name\":\"Home\",\"item\":\"https:\\\/\\\/www.koonings.com\\\/de\\\/\"},{\"@type\":\"ListItem\",\"position\":2,\"name\":\"Wilvorst L38852\\\/851104\\\/68\"}]},{\"@type\":\"WebSite\",\"@id\":\"https:\\\/\\\/www.koonings.com\\\/de\\\/#website\",\"url\":\"https:\\\/\\\/www.koonings.com\\\/de\\\/\",\"name\":\"Koonings\",\"description\":\"De grootste bruidsmodewinkel ter wereld\",\"publisher\":{\"@id\":\"https:\\\/\\\/www.koonings.com\\\/de\\\/#organization\"},\"potentialAction\":[{\"@type\":\"SearchAction\",\"target\":{\"@type\":\"EntryPoint\",\"urlTemplate\":\"https:\\\/\\\/www.koonings.com\\\/de\\\/?s={search_term_string}\"},\"query-input\":{\"@type\":\"PropertyValueSpecification\",\"valueRequired\":true,\"valueName\":\"search_term_string\"}}],\"inLanguage\":\"de\"},{\"@type\":\"Organization\",\"@id\":\"https:\\\/\\\/www.koonings.com\\\/de\\\/#organization\",\"name\":\"Koonings\",\"url\":\"https:\\\/\\\/www.koonings.com\\\/de\\\/\",\"logo\":{\"@type\":\"ImageObject\",\"inLanguage\":\"de\",\"@id\":\"https:\\\/\\\/www.koonings.com\\\/de\\\/#\\\/schema\\\/logo\\\/image\\\/\",\"url\":\"https:\\\/\\\/www.koonings.com\\\/wp-content\\\/uploads\\\/2024\\\/07\\\/logo.png\",\"contentUrl\":\"https:\\\/\\\/www.koonings.com\\\/wp-content\\\/uploads\\\/2024\\\/07\\\/logo.png\",\"width\":600,\"height\":428,\"caption\":\"Koonings\"},\"image\":{\"@id\":\"https:\\\/\\\/www.koonings.com\\\/de\\\/#\\\/schema\\\/logo\\\/image\\\/\"},\"sameAs\":[\"https:\\\/\\\/www.facebook.com\\\/kooningstheweddingpalace\",\"https:\\\/\\\/www.instagram.com\\\/kooningstheweddingpalace\",\"https:\\\/\\\/www.pinterest.com\\\/koonings\",\"https:\\\/\\\/www.youtube.com\\\/kooningstheweddingpalace\"]}]}<\/script>\n<!-- \/ Yoast SEO plugin. -->","yoast_head_json":{"title":"Wilvorst L38852\/851104\/68 | Koonings","description":"Kollektion: Atelier Torino: Bei der Hochzeitsanzugskollektion von Atelier Torino dreht sich alles um Stil, Komfort und Qualit\u00e4t. Mit modernen und klassischen Designs, raffinierten Passformen und luxuri\u00f6sen Materialien bietet diese Kollektion den perfekten Look f\u00fcr jeden Br\u00e4utigam. Ob Sie sich f\u00fcr einen zeitlosen dunkelblauen Anzug oder einen trendigen Farbton entscheiden, Atelier Torino verbindet Eleganz mit Komfort. Diese exklusive Kollektion ist bei Koonings The Wedding Palace erh\u00e4ltlich. Bitte beachten Sie, dass unsere Website nur eine Auswahl aus der Kollektion zeigt und wir nicht garantieren k\u00f6nnen, dass alle Modelle vorr\u00e4tig sind. F\u00fcr bestimmte Modelle empfehlen wir Ihnen, uns im Voraus zu kontaktieren.","robots":{"index":"index","follow":"follow","max-snippet":"max-snippet:-1","max-image-preview":"max-image-preview:large","max-video-preview":"max-video-preview:-1"},"canonical":"https:\/\/www.koonings.com\/de\/product\/wilvorst-l38852-851104-68\/","og_locale":"de_DE","og_type":"article","og_title":"Wilvorst L38852\/851104\/68 | Koonings","og_description":"Kollektion: Atelier Torino: Bei der Hochzeitsanzugskollektion von Atelier Torino dreht sich alles um Stil, Komfort und Qualit\u00e4t. Mit modernen und klassischen Designs, raffinierten Passformen und luxuri\u00f6sen Materialien bietet diese Kollektion den perfekten Look f\u00fcr jeden Br\u00e4utigam. Ob Sie sich f\u00fcr einen zeitlosen dunkelblauen Anzug oder einen trendigen Farbton entscheiden, Atelier Torino verbindet Eleganz mit Komfort. Diese exklusive Kollektion ist bei Koonings The Wedding Palace erh\u00e4ltlich. Bitte beachten Sie, dass unsere Website nur eine Auswahl aus der Kollektion zeigt und wir nicht garantieren k\u00f6nnen, dass alle Modelle vorr\u00e4tig sind. F\u00fcr bestimmte Modelle empfehlen wir Ihnen, uns im Voraus zu kontaktieren.","og_url":"https:\/\/www.koonings.com\/de\/product\/wilvorst-l38852-851104-68\/","og_site_name":"Koonings","article_publisher":"https:\/\/www.facebook.com\/kooningstheweddingpalace","og_image":[{"width":1809,"height":2560,"url":"https:\/\/www.koonings.com\/wp-content\/uploads\/2025\/03\/49159_02f6fd7a9a714b350e4ba6cc4b7860afe76f00059c4b07a0d8db90c581cf5e18fbe73968-scaled.jpeg","type":"image\/jpeg"}],"twitter_card":"summary_large_image","twitter_misc":{"Gesch\u00e4tzte Lesezeit":"1\u00a0Minute"},"schema":{"@context":"https:\/\/schema.org","@graph":[{"@type":"WebPage","@id":"https:\/\/www.koonings.com\/de\/product\/wilvorst-l38852-851104-68\/","url":"https:\/\/www.koonings.com\/de\/product\/wilvorst-l38852-851104-68\/","name":"Wilvorst L38852\/851104\/68 | Koonings","isPartOf":{"@id":"https:\/\/www.koonings.com\/de\/#website"},"primaryImageOfPage":{"@id":"https:\/\/www.koonings.com\/de\/product\/wilvorst-l38852-851104-68\/#primaryimage"},"image":{"@id":"https:\/\/www.koonings.com\/de\/product\/wilvorst-l38852-851104-68\/#primaryimage"},"thumbnailUrl":"https:\/\/www.koonings.com\/wp-content\/uploads\/2025\/03\/49159_02f6fd7a9a714b350e4ba6cc4b7860afe76f00059c4b07a0d8db90c581cf5e18fbe73968-scaled.jpeg","datePublished":"2026-04-14T14:30:20+00:00","description":"Kollektion: Atelier Torino: Bei der Hochzeitsanzugskollektion von Atelier Torino dreht sich alles um Stil, Komfort und Qualit\u00e4t. Mit modernen und klassischen Designs, raffinierten Passformen und luxuri\u00f6sen Materialien bietet diese Kollektion den perfekten Look f\u00fcr jeden Br\u00e4utigam. Ob Sie sich f\u00fcr einen zeitlosen dunkelblauen Anzug oder einen trendigen Farbton entscheiden, Atelier Torino verbindet Eleganz mit Komfort. Diese exklusive Kollektion ist bei Koonings The Wedding Palace erh\u00e4ltlich. Bitte beachten Sie, dass unsere Website nur eine Auswahl aus der Kollektion zeigt und wir nicht garantieren k\u00f6nnen, dass alle Modelle vorr\u00e4tig sind. F\u00fcr bestimmte Modelle empfehlen wir Ihnen, uns im Voraus zu kontaktieren.","breadcrumb":{"@id":"https:\/\/www.koonings.com\/de\/product\/wilvorst-l38852-851104-68\/#breadcrumb"},"inLanguage":"de","potentialAction":[{"@type":"ReadAction","target":["https:\/\/www.koonings.com\/de\/product\/wilvorst-l38852-851104-68\/"]}]},{"@type":"ImageObject","inLanguage":"de","@id":"https:\/\/www.koonings.com\/de\/product\/wilvorst-l38852-851104-68\/#primaryimage","url":"https:\/\/www.koonings.com\/wp-content\/uploads\/2025\/03\/49159_02f6fd7a9a714b350e4ba6cc4b7860afe76f00059c4b07a0d8db90c581cf5e18fbe73968-scaled.jpeg","contentUrl":"https:\/\/www.koonings.com\/wp-content\/uploads\/2025\/03\/49159_02f6fd7a9a714b350e4ba6cc4b7860afe76f00059c4b07a0d8db90c581cf5e18fbe73968-scaled.jpeg","width":1809,"height":2560},{"@type":"BreadcrumbList","@id":"https:\/\/www.koonings.com\/de\/product\/wilvorst-l38852-851104-68\/#breadcrumb","itemListElement":[{"@type":"ListItem","position":1,"name":"Home","item":"https:\/\/www.koonings.com\/de\/"},{"@type":"ListItem","position":2,"name":"Wilvorst L38852\/851104\/68"}]},{"@type":"WebSite","@id":"https:\/\/www.koonings.com\/de\/#website","url":"https:\/\/www.koonings.com\/de\/","name":"Koonings","description":"De grootste bruidsmodewinkel ter wereld","publisher":{"@id":"https:\/\/www.koonings.com\/de\/#organization"},"potentialAction":[{"@type":"SearchAction","target":{"@type":"EntryPoint","urlTemplate":"https:\/\/www.koonings.com\/de\/?s={search_term_string}"},"query-input":{"@type":"PropertyValueSpecification","valueRequired":true,"valueName":"search_term_string"}}],"inLanguage":"de"},{"@type":"Organization","@id":"https:\/\/www.koonings.com\/de\/#organization","name":"Koonings","url":"https:\/\/www.koonings.com\/de\/","logo":{"@type":"ImageObject","inLanguage":"de","@id":"https:\/\/www.koonings.com\/de\/#\/schema\/logo\/image\/","url":"https:\/\/www.koonings.com\/wp-content\/uploads\/2024\/07\/logo.png","contentUrl":"https:\/\/www.koonings.com\/wp-content\/uploads\/2024\/07\/logo.png","width":600,"height":428,"caption":"Koonings"},"image":{"@id":"https:\/\/www.koonings.com\/de\/#\/schema\/logo\/image\/"},"sameAs":["https:\/\/www.facebook.com\/kooningstheweddingpalace","https:\/\/www.instagram.com\/kooningstheweddingpalace","https:\/\/www.pinterest.com\/koonings","https:\/\/www.youtube.com\/kooningstheweddingpalace"]}]}},"_links":{"self":[{"href":"https:\/\/www.koonings.com\/de\/wp-json\/wp\/v2\/product\/85208","targetHints":{"allow":["GET"]}}],"collection":[{"href":"https:\/\/www.koonings.com\/de\/wp-json\/wp\/v2\/product"}],"about":[{"href":"https:\/\/www.koonings.com\/de\/wp-json\/wp\/v2\/types\/product"}],"wp:featuredmedia":[{"embeddable":true,"href":"https:\/\/www.koonings.com\/de\/wp-json\/wp\/v2\/media\/82016"}],"wp:attachment":[{"href":"https:\/\/www.koonings.com\/de\/wp-json\/wp\/v2\/media?parent=85208"}],"wp:term":[{"taxonomy":"productdetails","embeddable":true,"href":"https:\/\/www.koonings.com\/de\/wp-json\/wp\/v2\/productdetails?post=85208"},{"taxonomy":"productneck","embeddable":true,"href":"https:\/\/www.koonings.com\/de\/wp-json\/wp\/v2\/productneck?post=85208"},{"taxonomy":"productcolor","embeddable":true,"href":"https:\/\/www.koonings.com\/de\/wp-json\/wp\/v2\/productcolor?post=85208"},{"taxonomy":"maat","embeddable":true,"href":"https:\/\/www.koonings.com\/de\/wp-json\/wp\/v2\/maat?post=85208"},{"taxonomy":"productsupplier","embeddable":true,"href":"https:\/\/www.koonings.com\/de\/wp-json\/wp\/v2\/productsupplier?post=85208"},{"taxonomy":"productsleeve","embeddable":true,"href":"https:\/\/www.koonings.com\/de\/wp-json\/wp\/v2\/productsleeve?post=85208"},{"taxonomy":"productcategory","embeddable":true,"href":"https:\/\/www.koonings.com\/de\/wp-json\/wp\/v2\/productcategory?post=85208"},{"taxonomy":"productsilhouette","embeddable":true,"href":"https:\/\/www.koonings.com\/de\/wp-json\/wp\/v2\/productsilhouette?post=85208"},{"taxonomy":"productstyle","embeddable":true,"href":"https:\/\/www.koonings.com\/de\/wp-json\/wp\/v2\/productstyle?post=85208"}],"curies":[{"name":"wp","href":"https:\/\/api.w.org\/{rel}","templated":true}]}}