{"id":85206,"date":"2026-04-28T18:30:11","date_gmt":"2026-04-28T16:30:11","guid":{"rendered":"https:\/\/www.koonings.com\/product\/enzoani-omarra-l\/"},"modified":"2026-02-16T15:09:58","modified_gmt":"2026-02-16T14:09:58","slug":"enzoani-omarra-l","status":"publish","type":"product","link":"https:\/\/www.koonings.com\/de\/product\/enzoani-omarra-l\/","title":{"rendered":"Enzoani Omarra-L"},"content":{"rendered":"<p>Das Omarra Hochzeitskleid von Enzoani Portrait ist eine bezaubernde Wahl f\u00fcr die Braut, die die perfekte Balance zwischen Romantik, Eleganz und modernem Flair sucht. Das Design von Omarra zeichnet sich durch zarte Spitze aus, die das Mieder dezent schm\u00fcckt und einen sch\u00f6nen, femininen Look verleiht. Das Kleid hat eine zeitlose A-Linien-Silhouette, die die Figur wunderbar betont, w\u00e4hrend der leichte, flie\u00dfende Rock einen atemberaubenden Effekt erzeugt. Der offene R\u00fccken verleiht dem Kleid einen sinnlichen und zugleich raffinierten Look, der es sowohl elegant als auch stilvoll macht.   <\/p>\n<p>Das Besondere an diesem Kleid ist, dass Omarra auch in \u00dcbergr\u00f6\u00dfen erh\u00e4ltlich ist. Dies bietet jeder Braut, unabh\u00e4ngig von ihrer Gr\u00f6\u00dfe, die M\u00f6glichkeit, in einem Kleid zu gl\u00e4nzen, das sich perfekt an ihren K\u00f6rper anpasst und formt, ohne Kompromisse bei Stil oder Komfort einzugehen. <\/p>\n<p>Das Omarra ist exklusiv bei Koonings The Wedding Palace in Deurne erh\u00e4ltlich, der gr\u00f6\u00dften Brautmodenboutique der Welt. Koonings bietet Br\u00e4uten ein unvergleichliches Erlebnis, mit einer umfangreichen Auswahl an Top-Marken wie Enzoani Portrait und fachkundigen Stylisten, die Ihnen helfen, das perfekte Kleid f\u00fcr Ihren gro\u00dfen Tag zu finden. In der luxuri\u00f6sen und einladenden Umgebung von Koonings kann jede Braut, von Gr\u00f6\u00dfe 34 bis Gr\u00f6\u00dfe 54, auf pers\u00f6nliche und sorgf\u00e4ltige Beratung z\u00e4hlen. Das Omarra ist f\u00fcr die Braut, die ihren Hochzeitstag in einem Kleid feiern m\u00f6chte, das sowohl elegant und zeitlos als auch auf ihre einzigartige Sch\u00f6nheit zugeschnitten ist.   <\/p>\n","protected":false},"featured_media":82081,"template":"","meta":{"_acf_changed":false,"ghostkit_customizer_options":"","ghostkit_custom_css":"","ghostkit_custom_js_head":"","ghostkit_custom_js_foot":"","ghostkit_typography":""},"productdetails":[379,381],"productneck":[356],"productcolor":[393,392],"maat":[375],"productsupplier":[406],"productsleeve":[359],"productcategory":[18],"productsilhouette":[384],"productstyle":[366],"class_list":["post-85206","product","type-product","status-publish","has-post-thumbnail","hentry","productdetails-379","productdetails-381","productneck-356","productcolor-393","productcolor-392","maat-375","productsupplier-enzoani","productsleeve-359","productcategory-trouwjurken","productsilhouette-384","productstyle-366"],"acf":[],"yoast_head":"<!-- This site is optimized with the Yoast SEO plugin v27.3 - https:\/\/yoast.com\/product\/yoast-seo-wordpress\/ -->\n<title>Enzoani Omarra-L | Koonings<\/title>\n<meta name=\"description\" content=\"Das Omarra Hochzeitskleid von Enzoani Portrait ist eine bezaubernde Wahl f\u00fcr die Braut, die die perfekte Balance zwischen Romantik, Eleganz und modernem Flair sucht. Das Design von Omarra zeichnet sich durch zarte Spitze aus, die das Mieder dezent schm\u00fcckt und einen sch\u00f6nen, femininen Look verleiht. Das Kleid hat eine zeitlose A-Linien-Silhouette, die die Figur wunderbar betont, w\u00e4hrend der leichte, flie\u00dfende Rock einen atemberaubenden Effekt erzeugt. Der offene R\u00fccken verleiht dem Kleid einen sinnlichen und zugleich raffinierten Look, der es sowohl elegant als auch stilvoll macht. Das Besondere an diesem Kleid ist, dass Omarra auch in \u00dcbergr\u00f6\u00dfen erh\u00e4ltlich ist. Dies bietet jeder Braut, unabh\u00e4ngig von ihrer Gr\u00f6\u00dfe, die M\u00f6glichkeit, in einem Kleid zu gl\u00e4nzen, das sich perfekt an ihren K\u00f6rper anpasst und formt, ohne Kompromisse bei Stil oder Komfort einzugehen. Das Omarra ist exklusiv bei Koonings The Wedding Palace in Deurne erh\u00e4ltlich, der gr\u00f6\u00dften Brautmodenboutique der Welt. Koonings bietet Br\u00e4uten ein unvergleichliches Erlebnis, mit einer umfangreichen Auswahl an Top-Marken wie Enzoani Portrait und fachkundigen Stylisten, die Ihnen helfen, das perfekte Kleid f\u00fcr Ihren gro\u00dfen Tag zu finden. In der luxuri\u00f6sen und einladenden Umgebung von Koonings kann jede Braut, von Gr\u00f6\u00dfe 34 bis Gr\u00f6\u00dfe 54, auf pers\u00f6nliche und sorgf\u00e4ltige Beratung z\u00e4hlen. Das Omarra ist f\u00fcr die Braut, die ihren Hochzeitstag in einem Kleid feiern m\u00f6chte, das sowohl elegant und zeitlos als auch auf ihre einzigartige Sch\u00f6nheit zugeschnitten ist.\" \/>\n<meta name=\"robots\" content=\"index, follow, max-snippet:-1, max-image-preview:large, max-video-preview:-1\" \/>\n<link rel=\"canonical\" href=\"https:\/\/www.koonings.com\/de\/product\/enzoani-omarra-l\/\" \/>\n<meta property=\"og:locale\" content=\"de_DE\" \/>\n<meta property=\"og:type\" content=\"article\" \/>\n<meta property=\"og:title\" content=\"Enzoani Omarra-L | Koonings\" \/>\n<meta property=\"og:description\" content=\"Das Omarra Hochzeitskleid von Enzoani Portrait ist eine bezaubernde Wahl f\u00fcr die Braut, die die perfekte Balance zwischen Romantik, Eleganz und modernem Flair sucht. Das Design von Omarra zeichnet sich durch zarte Spitze aus, die das Mieder dezent schm\u00fcckt und einen sch\u00f6nen, femininen Look verleiht. Das Kleid hat eine zeitlose A-Linien-Silhouette, die die Figur wunderbar betont, w\u00e4hrend der leichte, flie\u00dfende Rock einen atemberaubenden Effekt erzeugt. Der offene R\u00fccken verleiht dem Kleid einen sinnlichen und zugleich raffinierten Look, der es sowohl elegant als auch stilvoll macht. Das Besondere an diesem Kleid ist, dass Omarra auch in \u00dcbergr\u00f6\u00dfen erh\u00e4ltlich ist. Dies bietet jeder Braut, unabh\u00e4ngig von ihrer Gr\u00f6\u00dfe, die M\u00f6glichkeit, in einem Kleid zu gl\u00e4nzen, das sich perfekt an ihren K\u00f6rper anpasst und formt, ohne Kompromisse bei Stil oder Komfort einzugehen. Das Omarra ist exklusiv bei Koonings The Wedding Palace in Deurne erh\u00e4ltlich, der gr\u00f6\u00dften Brautmodenboutique der Welt. Koonings bietet Br\u00e4uten ein unvergleichliches Erlebnis, mit einer umfangreichen Auswahl an Top-Marken wie Enzoani Portrait und fachkundigen Stylisten, die Ihnen helfen, das perfekte Kleid f\u00fcr Ihren gro\u00dfen Tag zu finden. In der luxuri\u00f6sen und einladenden Umgebung von Koonings kann jede Braut, von Gr\u00f6\u00dfe 34 bis Gr\u00f6\u00dfe 54, auf pers\u00f6nliche und sorgf\u00e4ltige Beratung z\u00e4hlen. Das Omarra ist f\u00fcr die Braut, die ihren Hochzeitstag in einem Kleid feiern m\u00f6chte, das sowohl elegant und zeitlos als auch auf ihre einzigartige Sch\u00f6nheit zugeschnitten ist.\" \/>\n<meta property=\"og:url\" content=\"https:\/\/www.koonings.com\/de\/product\/enzoani-omarra-l\/\" \/>\n<meta property=\"og:site_name\" content=\"Koonings\" \/>\n<meta property=\"article:publisher\" content=\"https:\/\/www.facebook.com\/kooningstheweddingpalace\" \/>\n<meta property=\"og:image\" content=\"https:\/\/www.koonings.com\/wp-content\/uploads\/2025\/03\/49512_4672ad88d3b67b673369b4ba434d3ce7dff46516aaa6f93851c8cfac362d630d74171fbe.jpeg\" \/>\n\t<meta property=\"og:image:width\" content=\"957\" \/>\n\t<meta property=\"og:image:height\" content=\"1354\" \/>\n\t<meta property=\"og:image:type\" content=\"image\/jpeg\" \/>\n<meta name=\"twitter:card\" content=\"summary_large_image\" \/>\n<meta name=\"twitter:label1\" content=\"Gesch\u00e4tzte Lesezeit\" \/>\n\t<meta name=\"twitter:data1\" content=\"1\u00a0Minute\" \/>\n<script type=\"application\/ld+json\" class=\"yoast-schema-graph\">{\"@context\":\"https:\\\/\\\/schema.org\",\"@graph\":[{\"@type\":\"WebPage\",\"@id\":\"https:\\\/\\\/www.koonings.com\\\/de\\\/product\\\/enzoani-omarra-l\\\/\",\"url\":\"https:\\\/\\\/www.koonings.com\\\/de\\\/product\\\/enzoani-omarra-l\\\/\",\"name\":\"Enzoani Omarra-L | Koonings\",\"isPartOf\":{\"@id\":\"https:\\\/\\\/www.koonings.com\\\/de\\\/#website\"},\"primaryImageOfPage\":{\"@id\":\"https:\\\/\\\/www.koonings.com\\\/de\\\/product\\\/enzoani-omarra-l\\\/#primaryimage\"},\"image\":{\"@id\":\"https:\\\/\\\/www.koonings.com\\\/de\\\/product\\\/enzoani-omarra-l\\\/#primaryimage\"},\"thumbnailUrl\":\"https:\\\/\\\/www.koonings.com\\\/wp-content\\\/uploads\\\/2025\\\/03\\\/49512_4672ad88d3b67b673369b4ba434d3ce7dff46516aaa6f93851c8cfac362d630d74171fbe.jpeg\",\"datePublished\":\"2026-04-28T16:30:11+00:00\",\"description\":\"Das Omarra Hochzeitskleid von Enzoani Portrait ist eine bezaubernde Wahl f\u00fcr die Braut, die die perfekte Balance zwischen Romantik, Eleganz und modernem Flair sucht. Das Design von Omarra zeichnet sich durch zarte Spitze aus, die das Mieder dezent schm\u00fcckt und einen sch\u00f6nen, femininen Look verleiht. Das Kleid hat eine zeitlose A-Linien-Silhouette, die die Figur wunderbar betont, w\u00e4hrend der leichte, flie\u00dfende Rock einen atemberaubenden Effekt erzeugt. Der offene R\u00fccken verleiht dem Kleid einen sinnlichen und zugleich raffinierten Look, der es sowohl elegant als auch stilvoll macht. Das Besondere an diesem Kleid ist, dass Omarra auch in \u00dcbergr\u00f6\u00dfen erh\u00e4ltlich ist. Dies bietet jeder Braut, unabh\u00e4ngig von ihrer Gr\u00f6\u00dfe, die M\u00f6glichkeit, in einem Kleid zu gl\u00e4nzen, das sich perfekt an ihren K\u00f6rper anpasst und formt, ohne Kompromisse bei Stil oder Komfort einzugehen. Das Omarra ist exklusiv bei Koonings The Wedding Palace in Deurne erh\u00e4ltlich, der gr\u00f6\u00dften Brautmodenboutique der Welt. Koonings bietet Br\u00e4uten ein unvergleichliches Erlebnis, mit einer umfangreichen Auswahl an Top-Marken wie Enzoani Portrait und fachkundigen Stylisten, die Ihnen helfen, das perfekte Kleid f\u00fcr Ihren gro\u00dfen Tag zu finden. In der luxuri\u00f6sen und einladenden Umgebung von Koonings kann jede Braut, von Gr\u00f6\u00dfe 34 bis Gr\u00f6\u00dfe 54, auf pers\u00f6nliche und sorgf\u00e4ltige Beratung z\u00e4hlen. Das Omarra ist f\u00fcr die Braut, die ihren Hochzeitstag in einem Kleid feiern m\u00f6chte, das sowohl elegant und zeitlos als auch auf ihre einzigartige Sch\u00f6nheit zugeschnitten ist.\",\"breadcrumb\":{\"@id\":\"https:\\\/\\\/www.koonings.com\\\/de\\\/product\\\/enzoani-omarra-l\\\/#breadcrumb\"},\"inLanguage\":\"de\",\"potentialAction\":[{\"@type\":\"ReadAction\",\"target\":[\"https:\\\/\\\/www.koonings.com\\\/de\\\/product\\\/enzoani-omarra-l\\\/\"]}]},{\"@type\":\"ImageObject\",\"inLanguage\":\"de\",\"@id\":\"https:\\\/\\\/www.koonings.com\\\/de\\\/product\\\/enzoani-omarra-l\\\/#primaryimage\",\"url\":\"https:\\\/\\\/www.koonings.com\\\/wp-content\\\/uploads\\\/2025\\\/03\\\/49512_4672ad88d3b67b673369b4ba434d3ce7dff46516aaa6f93851c8cfac362d630d74171fbe.jpeg\",\"contentUrl\":\"https:\\\/\\\/www.koonings.com\\\/wp-content\\\/uploads\\\/2025\\\/03\\\/49512_4672ad88d3b67b673369b4ba434d3ce7dff46516aaa6f93851c8cfac362d630d74171fbe.jpeg\",\"width\":957,\"height\":1354},{\"@type\":\"BreadcrumbList\",\"@id\":\"https:\\\/\\\/www.koonings.com\\\/de\\\/product\\\/enzoani-omarra-l\\\/#breadcrumb\",\"itemListElement\":[{\"@type\":\"ListItem\",\"position\":1,\"name\":\"Home\",\"item\":\"https:\\\/\\\/www.koonings.com\\\/de\\\/\"},{\"@type\":\"ListItem\",\"position\":2,\"name\":\"Enzoani Omarra-L\"}]},{\"@type\":\"WebSite\",\"@id\":\"https:\\\/\\\/www.koonings.com\\\/de\\\/#website\",\"url\":\"https:\\\/\\\/www.koonings.com\\\/de\\\/\",\"name\":\"Koonings\",\"description\":\"De grootste bruidsmodewinkel ter wereld\",\"publisher\":{\"@id\":\"https:\\\/\\\/www.koonings.com\\\/de\\\/#organization\"},\"potentialAction\":[{\"@type\":\"SearchAction\",\"target\":{\"@type\":\"EntryPoint\",\"urlTemplate\":\"https:\\\/\\\/www.koonings.com\\\/de\\\/?s={search_term_string}\"},\"query-input\":{\"@type\":\"PropertyValueSpecification\",\"valueRequired\":true,\"valueName\":\"search_term_string\"}}],\"inLanguage\":\"de\"},{\"@type\":\"Organization\",\"@id\":\"https:\\\/\\\/www.koonings.com\\\/de\\\/#organization\",\"name\":\"Koonings\",\"url\":\"https:\\\/\\\/www.koonings.com\\\/de\\\/\",\"logo\":{\"@type\":\"ImageObject\",\"inLanguage\":\"de\",\"@id\":\"https:\\\/\\\/www.koonings.com\\\/de\\\/#\\\/schema\\\/logo\\\/image\\\/\",\"url\":\"https:\\\/\\\/www.koonings.com\\\/wp-content\\\/uploads\\\/2024\\\/07\\\/logo.png\",\"contentUrl\":\"https:\\\/\\\/www.koonings.com\\\/wp-content\\\/uploads\\\/2024\\\/07\\\/logo.png\",\"width\":600,\"height\":428,\"caption\":\"Koonings\"},\"image\":{\"@id\":\"https:\\\/\\\/www.koonings.com\\\/de\\\/#\\\/schema\\\/logo\\\/image\\\/\"},\"sameAs\":[\"https:\\\/\\\/www.facebook.com\\\/kooningstheweddingpalace\",\"https:\\\/\\\/www.instagram.com\\\/kooningstheweddingpalace\",\"https:\\\/\\\/www.pinterest.com\\\/koonings\",\"https:\\\/\\\/www.youtube.com\\\/kooningstheweddingpalace\"]}]}<\/script>\n<!-- \/ Yoast SEO plugin. -->","yoast_head_json":{"title":"Enzoani Omarra-L | Koonings","description":"Das Omarra Hochzeitskleid von Enzoani Portrait ist eine bezaubernde Wahl f\u00fcr die Braut, die die perfekte Balance zwischen Romantik, Eleganz und modernem Flair sucht. Das Design von Omarra zeichnet sich durch zarte Spitze aus, die das Mieder dezent schm\u00fcckt und einen sch\u00f6nen, femininen Look verleiht. Das Kleid hat eine zeitlose A-Linien-Silhouette, die die Figur wunderbar betont, w\u00e4hrend der leichte, flie\u00dfende Rock einen atemberaubenden Effekt erzeugt. Der offene R\u00fccken verleiht dem Kleid einen sinnlichen und zugleich raffinierten Look, der es sowohl elegant als auch stilvoll macht. Das Besondere an diesem Kleid ist, dass Omarra auch in \u00dcbergr\u00f6\u00dfen erh\u00e4ltlich ist. Dies bietet jeder Braut, unabh\u00e4ngig von ihrer Gr\u00f6\u00dfe, die M\u00f6glichkeit, in einem Kleid zu gl\u00e4nzen, das sich perfekt an ihren K\u00f6rper anpasst und formt, ohne Kompromisse bei Stil oder Komfort einzugehen. Das Omarra ist exklusiv bei Koonings The Wedding Palace in Deurne erh\u00e4ltlich, der gr\u00f6\u00dften Brautmodenboutique der Welt. Koonings bietet Br\u00e4uten ein unvergleichliches Erlebnis, mit einer umfangreichen Auswahl an Top-Marken wie Enzoani Portrait und fachkundigen Stylisten, die Ihnen helfen, das perfekte Kleid f\u00fcr Ihren gro\u00dfen Tag zu finden. In der luxuri\u00f6sen und einladenden Umgebung von Koonings kann jede Braut, von Gr\u00f6\u00dfe 34 bis Gr\u00f6\u00dfe 54, auf pers\u00f6nliche und sorgf\u00e4ltige Beratung z\u00e4hlen. Das Omarra ist f\u00fcr die Braut, die ihren Hochzeitstag in einem Kleid feiern m\u00f6chte, das sowohl elegant und zeitlos als auch auf ihre einzigartige Sch\u00f6nheit zugeschnitten ist.","robots":{"index":"index","follow":"follow","max-snippet":"max-snippet:-1","max-image-preview":"max-image-preview:large","max-video-preview":"max-video-preview:-1"},"canonical":"https:\/\/www.koonings.com\/de\/product\/enzoani-omarra-l\/","og_locale":"de_DE","og_type":"article","og_title":"Enzoani Omarra-L | Koonings","og_description":"Das Omarra Hochzeitskleid von Enzoani Portrait ist eine bezaubernde Wahl f\u00fcr die Braut, die die perfekte Balance zwischen Romantik, Eleganz und modernem Flair sucht. Das Design von Omarra zeichnet sich durch zarte Spitze aus, die das Mieder dezent schm\u00fcckt und einen sch\u00f6nen, femininen Look verleiht. Das Kleid hat eine zeitlose A-Linien-Silhouette, die die Figur wunderbar betont, w\u00e4hrend der leichte, flie\u00dfende Rock einen atemberaubenden Effekt erzeugt. Der offene R\u00fccken verleiht dem Kleid einen sinnlichen und zugleich raffinierten Look, der es sowohl elegant als auch stilvoll macht. Das Besondere an diesem Kleid ist, dass Omarra auch in \u00dcbergr\u00f6\u00dfen erh\u00e4ltlich ist. Dies bietet jeder Braut, unabh\u00e4ngig von ihrer Gr\u00f6\u00dfe, die M\u00f6glichkeit, in einem Kleid zu gl\u00e4nzen, das sich perfekt an ihren K\u00f6rper anpasst und formt, ohne Kompromisse bei Stil oder Komfort einzugehen. Das Omarra ist exklusiv bei Koonings The Wedding Palace in Deurne erh\u00e4ltlich, der gr\u00f6\u00dften Brautmodenboutique der Welt. Koonings bietet Br\u00e4uten ein unvergleichliches Erlebnis, mit einer umfangreichen Auswahl an Top-Marken wie Enzoani Portrait und fachkundigen Stylisten, die Ihnen helfen, das perfekte Kleid f\u00fcr Ihren gro\u00dfen Tag zu finden. In der luxuri\u00f6sen und einladenden Umgebung von Koonings kann jede Braut, von Gr\u00f6\u00dfe 34 bis Gr\u00f6\u00dfe 54, auf pers\u00f6nliche und sorgf\u00e4ltige Beratung z\u00e4hlen. Das Omarra ist f\u00fcr die Braut, die ihren Hochzeitstag in einem Kleid feiern m\u00f6chte, das sowohl elegant und zeitlos als auch auf ihre einzigartige Sch\u00f6nheit zugeschnitten ist.","og_url":"https:\/\/www.koonings.com\/de\/product\/enzoani-omarra-l\/","og_site_name":"Koonings","article_publisher":"https:\/\/www.facebook.com\/kooningstheweddingpalace","og_image":[{"width":957,"height":1354,"url":"https:\/\/www.koonings.com\/wp-content\/uploads\/2025\/03\/49512_4672ad88d3b67b673369b4ba434d3ce7dff46516aaa6f93851c8cfac362d630d74171fbe.jpeg","type":"image\/jpeg"}],"twitter_card":"summary_large_image","twitter_misc":{"Gesch\u00e4tzte Lesezeit":"1\u00a0Minute"},"schema":{"@context":"https:\/\/schema.org","@graph":[{"@type":"WebPage","@id":"https:\/\/www.koonings.com\/de\/product\/enzoani-omarra-l\/","url":"https:\/\/www.koonings.com\/de\/product\/enzoani-omarra-l\/","name":"Enzoani Omarra-L | Koonings","isPartOf":{"@id":"https:\/\/www.koonings.com\/de\/#website"},"primaryImageOfPage":{"@id":"https:\/\/www.koonings.com\/de\/product\/enzoani-omarra-l\/#primaryimage"},"image":{"@id":"https:\/\/www.koonings.com\/de\/product\/enzoani-omarra-l\/#primaryimage"},"thumbnailUrl":"https:\/\/www.koonings.com\/wp-content\/uploads\/2025\/03\/49512_4672ad88d3b67b673369b4ba434d3ce7dff46516aaa6f93851c8cfac362d630d74171fbe.jpeg","datePublished":"2026-04-28T16:30:11+00:00","description":"Das Omarra Hochzeitskleid von Enzoani Portrait ist eine bezaubernde Wahl f\u00fcr die Braut, die die perfekte Balance zwischen Romantik, Eleganz und modernem Flair sucht. Das Design von Omarra zeichnet sich durch zarte Spitze aus, die das Mieder dezent schm\u00fcckt und einen sch\u00f6nen, femininen Look verleiht. Das Kleid hat eine zeitlose A-Linien-Silhouette, die die Figur wunderbar betont, w\u00e4hrend der leichte, flie\u00dfende Rock einen atemberaubenden Effekt erzeugt. Der offene R\u00fccken verleiht dem Kleid einen sinnlichen und zugleich raffinierten Look, der es sowohl elegant als auch stilvoll macht. Das Besondere an diesem Kleid ist, dass Omarra auch in \u00dcbergr\u00f6\u00dfen erh\u00e4ltlich ist. Dies bietet jeder Braut, unabh\u00e4ngig von ihrer Gr\u00f6\u00dfe, die M\u00f6glichkeit, in einem Kleid zu gl\u00e4nzen, das sich perfekt an ihren K\u00f6rper anpasst und formt, ohne Kompromisse bei Stil oder Komfort einzugehen. Das Omarra ist exklusiv bei Koonings The Wedding Palace in Deurne erh\u00e4ltlich, der gr\u00f6\u00dften Brautmodenboutique der Welt. Koonings bietet Br\u00e4uten ein unvergleichliches Erlebnis, mit einer umfangreichen Auswahl an Top-Marken wie Enzoani Portrait und fachkundigen Stylisten, die Ihnen helfen, das perfekte Kleid f\u00fcr Ihren gro\u00dfen Tag zu finden. In der luxuri\u00f6sen und einladenden Umgebung von Koonings kann jede Braut, von Gr\u00f6\u00dfe 34 bis Gr\u00f6\u00dfe 54, auf pers\u00f6nliche und sorgf\u00e4ltige Beratung z\u00e4hlen. Das Omarra ist f\u00fcr die Braut, die ihren Hochzeitstag in einem Kleid feiern m\u00f6chte, das sowohl elegant und zeitlos als auch auf ihre einzigartige Sch\u00f6nheit zugeschnitten ist.","breadcrumb":{"@id":"https:\/\/www.koonings.com\/de\/product\/enzoani-omarra-l\/#breadcrumb"},"inLanguage":"de","potentialAction":[{"@type":"ReadAction","target":["https:\/\/www.koonings.com\/de\/product\/enzoani-omarra-l\/"]}]},{"@type":"ImageObject","inLanguage":"de","@id":"https:\/\/www.koonings.com\/de\/product\/enzoani-omarra-l\/#primaryimage","url":"https:\/\/www.koonings.com\/wp-content\/uploads\/2025\/03\/49512_4672ad88d3b67b673369b4ba434d3ce7dff46516aaa6f93851c8cfac362d630d74171fbe.jpeg","contentUrl":"https:\/\/www.koonings.com\/wp-content\/uploads\/2025\/03\/49512_4672ad88d3b67b673369b4ba434d3ce7dff46516aaa6f93851c8cfac362d630d74171fbe.jpeg","width":957,"height":1354},{"@type":"BreadcrumbList","@id":"https:\/\/www.koonings.com\/de\/product\/enzoani-omarra-l\/#breadcrumb","itemListElement":[{"@type":"ListItem","position":1,"name":"Home","item":"https:\/\/www.koonings.com\/de\/"},{"@type":"ListItem","position":2,"name":"Enzoani Omarra-L"}]},{"@type":"WebSite","@id":"https:\/\/www.koonings.com\/de\/#website","url":"https:\/\/www.koonings.com\/de\/","name":"Koonings","description":"De grootste bruidsmodewinkel ter wereld","publisher":{"@id":"https:\/\/www.koonings.com\/de\/#organization"},"potentialAction":[{"@type":"SearchAction","target":{"@type":"EntryPoint","urlTemplate":"https:\/\/www.koonings.com\/de\/?s={search_term_string}"},"query-input":{"@type":"PropertyValueSpecification","valueRequired":true,"valueName":"search_term_string"}}],"inLanguage":"de"},{"@type":"Organization","@id":"https:\/\/www.koonings.com\/de\/#organization","name":"Koonings","url":"https:\/\/www.koonings.com\/de\/","logo":{"@type":"ImageObject","inLanguage":"de","@id":"https:\/\/www.koonings.com\/de\/#\/schema\/logo\/image\/","url":"https:\/\/www.koonings.com\/wp-content\/uploads\/2024\/07\/logo.png","contentUrl":"https:\/\/www.koonings.com\/wp-content\/uploads\/2024\/07\/logo.png","width":600,"height":428,"caption":"Koonings"},"image":{"@id":"https:\/\/www.koonings.com\/de\/#\/schema\/logo\/image\/"},"sameAs":["https:\/\/www.facebook.com\/kooningstheweddingpalace","https:\/\/www.instagram.com\/kooningstheweddingpalace","https:\/\/www.pinterest.com\/koonings","https:\/\/www.youtube.com\/kooningstheweddingpalace"]}]}},"_links":{"self":[{"href":"https:\/\/www.koonings.com\/de\/wp-json\/wp\/v2\/product\/85206","targetHints":{"allow":["GET"]}}],"collection":[{"href":"https:\/\/www.koonings.com\/de\/wp-json\/wp\/v2\/product"}],"about":[{"href":"https:\/\/www.koonings.com\/de\/wp-json\/wp\/v2\/types\/product"}],"wp:featuredmedia":[{"embeddable":true,"href":"https:\/\/www.koonings.com\/de\/wp-json\/wp\/v2\/media\/82081"}],"wp:attachment":[{"href":"https:\/\/www.koonings.com\/de\/wp-json\/wp\/v2\/media?parent=85206"}],"wp:term":[{"taxonomy":"productdetails","embeddable":true,"href":"https:\/\/www.koonings.com\/de\/wp-json\/wp\/v2\/productdetails?post=85206"},{"taxonomy":"productneck","embeddable":true,"href":"https:\/\/www.koonings.com\/de\/wp-json\/wp\/v2\/productneck?post=85206"},{"taxonomy":"productcolor","embeddable":true,"href":"https:\/\/www.koonings.com\/de\/wp-json\/wp\/v2\/productcolor?post=85206"},{"taxonomy":"maat","embeddable":true,"href":"https:\/\/www.koonings.com\/de\/wp-json\/wp\/v2\/maat?post=85206"},{"taxonomy":"productsupplier","embeddable":true,"href":"https:\/\/www.koonings.com\/de\/wp-json\/wp\/v2\/productsupplier?post=85206"},{"taxonomy":"productsleeve","embeddable":true,"href":"https:\/\/www.koonings.com\/de\/wp-json\/wp\/v2\/productsleeve?post=85206"},{"taxonomy":"productcategory","embeddable":true,"href":"https:\/\/www.koonings.com\/de\/wp-json\/wp\/v2\/productcategory?post=85206"},{"taxonomy":"productsilhouette","embeddable":true,"href":"https:\/\/www.koonings.com\/de\/wp-json\/wp\/v2\/productsilhouette?post=85206"},{"taxonomy":"productstyle","embeddable":true,"href":"https:\/\/www.koonings.com\/de\/wp-json\/wp\/v2\/productstyle?post=85206"}],"curies":[{"name":"wp","href":"https:\/\/api.w.org\/{rel}","templated":true}]}}