{"id":85204,"date":"2026-04-14T16:32:07","date_gmt":"2026-04-14T14:32:07","guid":{"rendered":"https:\/\/www.koonings.com\/product\/wona-concept-harvest-set\/"},"modified":"2025-06-05T13:57:26","modified_gmt":"2025-06-05T11:57:26","slug":"wona-concept-harvest-set","status":"publish","type":"product","link":"https:\/\/www.koonings.com\/de\/product\/wona-concept-harvest-set\/","title":{"rendered":"Wona Concept Harvest set"},"content":{"rendered":"<p>Das Wona Concept Brautkleid Modell Harvest ist eine anspruchsvolle und romantische Wahl f\u00fcr die moderne Braut. Dieses Kleid hat einen eleganten Look, mit wundersch\u00f6nen Spitzendetails und einem klassischen A-Linien-Schnitt, der die Silhouette schmeichelhaft betont. Das Modell Harvest verbindet zeitlosen Charme mit modernen Akzenten und ist damit perfekt f\u00fcr jede Braut, die sich an ihrem gro\u00dfen Tag einen romantischen und luxuri\u00f6sen Look w\u00fcnscht.<br \/>\nDieses atemberaubende Brautkleid ist bei Koonings The Wedding Palace erh\u00e4ltlich, wo Sie eine umfangreiche Kollektion von Wona Concept und anderen Top-Marken entdecken k\u00f6nnen. Egal, ob Sie ein klassisches, modernes oder ein aufw\u00e4ndigeres Kleid suchen, Koonings bietet eine gro\u00dfe Auswahl f\u00fcr jeden Stil und Geschmack.<br \/>\nKommen Sie zu Koonings The Wedding Palace f\u00fcr einen pers\u00f6nlichen Anprobetermin, bei dem unsere Stylisten Ihnen mit Sorgfalt und Aufmerksamkeit dabei helfen, das Brautkleid Ihrer Tr\u00e4ume zu finden.   <\/p>\n","protected":false},"featured_media":82034,"template":"","meta":{"_acf_changed":false,"ghostkit_customizer_options":"","ghostkit_custom_css":"","ghostkit_custom_js_head":"","ghostkit_custom_js_foot":"","ghostkit_typography":""},"productdetails":[379,381],"productneck":[352],"productcolor":[392],"maat":[],"productsupplier":[441],"productsleeve":[359],"productcategory":[18],"productsilhouette":[384],"productstyle":[367,369],"class_list":["post-85204","product","type-product","status-publish","has-post-thumbnail","hentry","productdetails-379","productdetails-381","productneck-352","productcolor-392","productsupplier-wona-concept","productsleeve-359","productcategory-trouwjurken","productsilhouette-384","productstyle-367","productstyle-369"],"acf":[],"yoast_head":"<!-- This site is optimized with the Yoast SEO plugin v27.3 - https:\/\/yoast.com\/product\/yoast-seo-wordpress\/ -->\n<title>Wona Concept Harvest set | Koonings<\/title>\n<meta name=\"description\" content=\"Das Wona Concept Brautkleid Modell Harvest ist eine anspruchsvolle und romantische Wahl f\u00fcr die moderne Braut. Dieses Kleid hat einen eleganten Look, mit wundersch\u00f6nen Spitzendetails und einem klassischen A-Linien-Schnitt, der die Silhouette schmeichelhaft betont. Das Modell Harvest verbindet zeitlosen Charme mit modernen Akzenten und ist damit perfekt f\u00fcr jede Braut, die sich an ihrem gro\u00dfen Tag einen romantischen und luxuri\u00f6sen Look w\u00fcnscht. Dieses atemberaubende Brautkleid ist bei Koonings The Wedding Palace erh\u00e4ltlich, wo Sie eine umfangreiche Kollektion von Wona Concept und anderen Top-Marken entdecken k\u00f6nnen. Egal, ob Sie ein klassisches, modernes oder ein aufw\u00e4ndigeres Kleid suchen, Koonings bietet eine gro\u00dfe Auswahl f\u00fcr jeden Stil und Geschmack. Kommen Sie zu Koonings The Wedding Palace f\u00fcr einen pers\u00f6nlichen Anprobetermin, bei dem unsere Stylisten Ihnen mit Sorgfalt und Aufmerksamkeit dabei helfen, das Brautkleid Ihrer Tr\u00e4ume zu finden.\" \/>\n<meta name=\"robots\" content=\"index, follow, max-snippet:-1, max-image-preview:large, max-video-preview:-1\" \/>\n<link rel=\"canonical\" href=\"https:\/\/www.koonings.com\/de\/product\/wona-concept-harvest-set\/\" \/>\n<meta property=\"og:locale\" content=\"de_DE\" \/>\n<meta property=\"og:type\" content=\"article\" \/>\n<meta property=\"og:title\" content=\"Wona Concept Harvest set | Koonings\" \/>\n<meta property=\"og:description\" content=\"Das Wona Concept Brautkleid Modell Harvest ist eine anspruchsvolle und romantische Wahl f\u00fcr die moderne Braut. Dieses Kleid hat einen eleganten Look, mit wundersch\u00f6nen Spitzendetails und einem klassischen A-Linien-Schnitt, der die Silhouette schmeichelhaft betont. Das Modell Harvest verbindet zeitlosen Charme mit modernen Akzenten und ist damit perfekt f\u00fcr jede Braut, die sich an ihrem gro\u00dfen Tag einen romantischen und luxuri\u00f6sen Look w\u00fcnscht. Dieses atemberaubende Brautkleid ist bei Koonings The Wedding Palace erh\u00e4ltlich, wo Sie eine umfangreiche Kollektion von Wona Concept und anderen Top-Marken entdecken k\u00f6nnen. Egal, ob Sie ein klassisches, modernes oder ein aufw\u00e4ndigeres Kleid suchen, Koonings bietet eine gro\u00dfe Auswahl f\u00fcr jeden Stil und Geschmack. Kommen Sie zu Koonings The Wedding Palace f\u00fcr einen pers\u00f6nlichen Anprobetermin, bei dem unsere Stylisten Ihnen mit Sorgfalt und Aufmerksamkeit dabei helfen, das Brautkleid Ihrer Tr\u00e4ume zu finden.\" \/>\n<meta property=\"og:url\" content=\"https:\/\/www.koonings.com\/de\/product\/wona-concept-harvest-set\/\" \/>\n<meta property=\"og:site_name\" content=\"Koonings\" \/>\n<meta property=\"article:publisher\" content=\"https:\/\/www.facebook.com\/kooningstheweddingpalace\" \/>\n<meta property=\"og:image\" content=\"https:\/\/www.koonings.com\/wp-content\/uploads\/2025\/03\/49643_d51f2741c2c60e7481e030d83d0e0811c60c92f2900af0d636ea25cd818ca555a4fb62e2.jpeg\" \/>\n\t<meta property=\"og:image:width\" content=\"825\" \/>\n\t<meta property=\"og:image:height\" content=\"1168\" \/>\n\t<meta property=\"og:image:type\" content=\"image\/jpeg\" \/>\n<meta name=\"twitter:card\" content=\"summary_large_image\" \/>\n<meta name=\"twitter:label1\" content=\"Gesch\u00e4tzte Lesezeit\" \/>\n\t<meta name=\"twitter:data1\" content=\"1\u00a0Minute\" \/>\n<script type=\"application\/ld+json\" class=\"yoast-schema-graph\">{\"@context\":\"https:\\\/\\\/schema.org\",\"@graph\":[{\"@type\":\"WebPage\",\"@id\":\"https:\\\/\\\/www.koonings.com\\\/de\\\/product\\\/wona-concept-harvest-set\\\/\",\"url\":\"https:\\\/\\\/www.koonings.com\\\/de\\\/product\\\/wona-concept-harvest-set\\\/\",\"name\":\"Wona Concept Harvest set | Koonings\",\"isPartOf\":{\"@id\":\"https:\\\/\\\/www.koonings.com\\\/de\\\/#website\"},\"primaryImageOfPage\":{\"@id\":\"https:\\\/\\\/www.koonings.com\\\/de\\\/product\\\/wona-concept-harvest-set\\\/#primaryimage\"},\"image\":{\"@id\":\"https:\\\/\\\/www.koonings.com\\\/de\\\/product\\\/wona-concept-harvest-set\\\/#primaryimage\"},\"thumbnailUrl\":\"https:\\\/\\\/www.koonings.com\\\/wp-content\\\/uploads\\\/2025\\\/03\\\/49643_d51f2741c2c60e7481e030d83d0e0811c60c92f2900af0d636ea25cd818ca555a4fb62e2.jpeg\",\"datePublished\":\"2026-04-14T14:32:07+00:00\",\"description\":\"Das Wona Concept Brautkleid Modell Harvest ist eine anspruchsvolle und romantische Wahl f\u00fcr die moderne Braut. Dieses Kleid hat einen eleganten Look, mit wundersch\u00f6nen Spitzendetails und einem klassischen A-Linien-Schnitt, der die Silhouette schmeichelhaft betont. Das Modell Harvest verbindet zeitlosen Charme mit modernen Akzenten und ist damit perfekt f\u00fcr jede Braut, die sich an ihrem gro\u00dfen Tag einen romantischen und luxuri\u00f6sen Look w\u00fcnscht. Dieses atemberaubende Brautkleid ist bei Koonings The Wedding Palace erh\u00e4ltlich, wo Sie eine umfangreiche Kollektion von Wona Concept und anderen Top-Marken entdecken k\u00f6nnen. Egal, ob Sie ein klassisches, modernes oder ein aufw\u00e4ndigeres Kleid suchen, Koonings bietet eine gro\u00dfe Auswahl f\u00fcr jeden Stil und Geschmack. Kommen Sie zu Koonings The Wedding Palace f\u00fcr einen pers\u00f6nlichen Anprobetermin, bei dem unsere Stylisten Ihnen mit Sorgfalt und Aufmerksamkeit dabei helfen, das Brautkleid Ihrer Tr\u00e4ume zu finden.\",\"breadcrumb\":{\"@id\":\"https:\\\/\\\/www.koonings.com\\\/de\\\/product\\\/wona-concept-harvest-set\\\/#breadcrumb\"},\"inLanguage\":\"de\",\"potentialAction\":[{\"@type\":\"ReadAction\",\"target\":[\"https:\\\/\\\/www.koonings.com\\\/de\\\/product\\\/wona-concept-harvest-set\\\/\"]}]},{\"@type\":\"ImageObject\",\"inLanguage\":\"de\",\"@id\":\"https:\\\/\\\/www.koonings.com\\\/de\\\/product\\\/wona-concept-harvest-set\\\/#primaryimage\",\"url\":\"https:\\\/\\\/www.koonings.com\\\/wp-content\\\/uploads\\\/2025\\\/03\\\/49643_d51f2741c2c60e7481e030d83d0e0811c60c92f2900af0d636ea25cd818ca555a4fb62e2.jpeg\",\"contentUrl\":\"https:\\\/\\\/www.koonings.com\\\/wp-content\\\/uploads\\\/2025\\\/03\\\/49643_d51f2741c2c60e7481e030d83d0e0811c60c92f2900af0d636ea25cd818ca555a4fb62e2.jpeg\",\"width\":825,\"height\":1168},{\"@type\":\"BreadcrumbList\",\"@id\":\"https:\\\/\\\/www.koonings.com\\\/de\\\/product\\\/wona-concept-harvest-set\\\/#breadcrumb\",\"itemListElement\":[{\"@type\":\"ListItem\",\"position\":1,\"name\":\"Home\",\"item\":\"https:\\\/\\\/www.koonings.com\\\/de\\\/\"},{\"@type\":\"ListItem\",\"position\":2,\"name\":\"Wona Concept Harvest set\"}]},{\"@type\":\"WebSite\",\"@id\":\"https:\\\/\\\/www.koonings.com\\\/de\\\/#website\",\"url\":\"https:\\\/\\\/www.koonings.com\\\/de\\\/\",\"name\":\"Koonings\",\"description\":\"De grootste bruidsmodewinkel ter wereld\",\"publisher\":{\"@id\":\"https:\\\/\\\/www.koonings.com\\\/de\\\/#organization\"},\"potentialAction\":[{\"@type\":\"SearchAction\",\"target\":{\"@type\":\"EntryPoint\",\"urlTemplate\":\"https:\\\/\\\/www.koonings.com\\\/de\\\/?s={search_term_string}\"},\"query-input\":{\"@type\":\"PropertyValueSpecification\",\"valueRequired\":true,\"valueName\":\"search_term_string\"}}],\"inLanguage\":\"de\"},{\"@type\":\"Organization\",\"@id\":\"https:\\\/\\\/www.koonings.com\\\/de\\\/#organization\",\"name\":\"Koonings\",\"url\":\"https:\\\/\\\/www.koonings.com\\\/de\\\/\",\"logo\":{\"@type\":\"ImageObject\",\"inLanguage\":\"de\",\"@id\":\"https:\\\/\\\/www.koonings.com\\\/de\\\/#\\\/schema\\\/logo\\\/image\\\/\",\"url\":\"https:\\\/\\\/www.koonings.com\\\/wp-content\\\/uploads\\\/2024\\\/07\\\/logo.png\",\"contentUrl\":\"https:\\\/\\\/www.koonings.com\\\/wp-content\\\/uploads\\\/2024\\\/07\\\/logo.png\",\"width\":600,\"height\":428,\"caption\":\"Koonings\"},\"image\":{\"@id\":\"https:\\\/\\\/www.koonings.com\\\/de\\\/#\\\/schema\\\/logo\\\/image\\\/\"},\"sameAs\":[\"https:\\\/\\\/www.facebook.com\\\/kooningstheweddingpalace\",\"https:\\\/\\\/www.instagram.com\\\/kooningstheweddingpalace\",\"https:\\\/\\\/www.pinterest.com\\\/koonings\",\"https:\\\/\\\/www.youtube.com\\\/kooningstheweddingpalace\"]}]}<\/script>\n<!-- \/ Yoast SEO plugin. -->","yoast_head_json":{"title":"Wona Concept Harvest set | Koonings","description":"Das Wona Concept Brautkleid Modell Harvest ist eine anspruchsvolle und romantische Wahl f\u00fcr die moderne Braut. Dieses Kleid hat einen eleganten Look, mit wundersch\u00f6nen Spitzendetails und einem klassischen A-Linien-Schnitt, der die Silhouette schmeichelhaft betont. Das Modell Harvest verbindet zeitlosen Charme mit modernen Akzenten und ist damit perfekt f\u00fcr jede Braut, die sich an ihrem gro\u00dfen Tag einen romantischen und luxuri\u00f6sen Look w\u00fcnscht. Dieses atemberaubende Brautkleid ist bei Koonings The Wedding Palace erh\u00e4ltlich, wo Sie eine umfangreiche Kollektion von Wona Concept und anderen Top-Marken entdecken k\u00f6nnen. Egal, ob Sie ein klassisches, modernes oder ein aufw\u00e4ndigeres Kleid suchen, Koonings bietet eine gro\u00dfe Auswahl f\u00fcr jeden Stil und Geschmack. Kommen Sie zu Koonings The Wedding Palace f\u00fcr einen pers\u00f6nlichen Anprobetermin, bei dem unsere Stylisten Ihnen mit Sorgfalt und Aufmerksamkeit dabei helfen, das Brautkleid Ihrer Tr\u00e4ume zu finden.","robots":{"index":"index","follow":"follow","max-snippet":"max-snippet:-1","max-image-preview":"max-image-preview:large","max-video-preview":"max-video-preview:-1"},"canonical":"https:\/\/www.koonings.com\/de\/product\/wona-concept-harvest-set\/","og_locale":"de_DE","og_type":"article","og_title":"Wona Concept Harvest set | Koonings","og_description":"Das Wona Concept Brautkleid Modell Harvest ist eine anspruchsvolle und romantische Wahl f\u00fcr die moderne Braut. Dieses Kleid hat einen eleganten Look, mit wundersch\u00f6nen Spitzendetails und einem klassischen A-Linien-Schnitt, der die Silhouette schmeichelhaft betont. Das Modell Harvest verbindet zeitlosen Charme mit modernen Akzenten und ist damit perfekt f\u00fcr jede Braut, die sich an ihrem gro\u00dfen Tag einen romantischen und luxuri\u00f6sen Look w\u00fcnscht. Dieses atemberaubende Brautkleid ist bei Koonings The Wedding Palace erh\u00e4ltlich, wo Sie eine umfangreiche Kollektion von Wona Concept und anderen Top-Marken entdecken k\u00f6nnen. Egal, ob Sie ein klassisches, modernes oder ein aufw\u00e4ndigeres Kleid suchen, Koonings bietet eine gro\u00dfe Auswahl f\u00fcr jeden Stil und Geschmack. Kommen Sie zu Koonings The Wedding Palace f\u00fcr einen pers\u00f6nlichen Anprobetermin, bei dem unsere Stylisten Ihnen mit Sorgfalt und Aufmerksamkeit dabei helfen, das Brautkleid Ihrer Tr\u00e4ume zu finden.","og_url":"https:\/\/www.koonings.com\/de\/product\/wona-concept-harvest-set\/","og_site_name":"Koonings","article_publisher":"https:\/\/www.facebook.com\/kooningstheweddingpalace","og_image":[{"width":825,"height":1168,"url":"https:\/\/www.koonings.com\/wp-content\/uploads\/2025\/03\/49643_d51f2741c2c60e7481e030d83d0e0811c60c92f2900af0d636ea25cd818ca555a4fb62e2.jpeg","type":"image\/jpeg"}],"twitter_card":"summary_large_image","twitter_misc":{"Gesch\u00e4tzte Lesezeit":"1\u00a0Minute"},"schema":{"@context":"https:\/\/schema.org","@graph":[{"@type":"WebPage","@id":"https:\/\/www.koonings.com\/de\/product\/wona-concept-harvest-set\/","url":"https:\/\/www.koonings.com\/de\/product\/wona-concept-harvest-set\/","name":"Wona Concept Harvest set | Koonings","isPartOf":{"@id":"https:\/\/www.koonings.com\/de\/#website"},"primaryImageOfPage":{"@id":"https:\/\/www.koonings.com\/de\/product\/wona-concept-harvest-set\/#primaryimage"},"image":{"@id":"https:\/\/www.koonings.com\/de\/product\/wona-concept-harvest-set\/#primaryimage"},"thumbnailUrl":"https:\/\/www.koonings.com\/wp-content\/uploads\/2025\/03\/49643_d51f2741c2c60e7481e030d83d0e0811c60c92f2900af0d636ea25cd818ca555a4fb62e2.jpeg","datePublished":"2026-04-14T14:32:07+00:00","description":"Das Wona Concept Brautkleid Modell Harvest ist eine anspruchsvolle und romantische Wahl f\u00fcr die moderne Braut. Dieses Kleid hat einen eleganten Look, mit wundersch\u00f6nen Spitzendetails und einem klassischen A-Linien-Schnitt, der die Silhouette schmeichelhaft betont. Das Modell Harvest verbindet zeitlosen Charme mit modernen Akzenten und ist damit perfekt f\u00fcr jede Braut, die sich an ihrem gro\u00dfen Tag einen romantischen und luxuri\u00f6sen Look w\u00fcnscht. Dieses atemberaubende Brautkleid ist bei Koonings The Wedding Palace erh\u00e4ltlich, wo Sie eine umfangreiche Kollektion von Wona Concept und anderen Top-Marken entdecken k\u00f6nnen. Egal, ob Sie ein klassisches, modernes oder ein aufw\u00e4ndigeres Kleid suchen, Koonings bietet eine gro\u00dfe Auswahl f\u00fcr jeden Stil und Geschmack. Kommen Sie zu Koonings The Wedding Palace f\u00fcr einen pers\u00f6nlichen Anprobetermin, bei dem unsere Stylisten Ihnen mit Sorgfalt und Aufmerksamkeit dabei helfen, das Brautkleid Ihrer Tr\u00e4ume zu finden.","breadcrumb":{"@id":"https:\/\/www.koonings.com\/de\/product\/wona-concept-harvest-set\/#breadcrumb"},"inLanguage":"de","potentialAction":[{"@type":"ReadAction","target":["https:\/\/www.koonings.com\/de\/product\/wona-concept-harvest-set\/"]}]},{"@type":"ImageObject","inLanguage":"de","@id":"https:\/\/www.koonings.com\/de\/product\/wona-concept-harvest-set\/#primaryimage","url":"https:\/\/www.koonings.com\/wp-content\/uploads\/2025\/03\/49643_d51f2741c2c60e7481e030d83d0e0811c60c92f2900af0d636ea25cd818ca555a4fb62e2.jpeg","contentUrl":"https:\/\/www.koonings.com\/wp-content\/uploads\/2025\/03\/49643_d51f2741c2c60e7481e030d83d0e0811c60c92f2900af0d636ea25cd818ca555a4fb62e2.jpeg","width":825,"height":1168},{"@type":"BreadcrumbList","@id":"https:\/\/www.koonings.com\/de\/product\/wona-concept-harvest-set\/#breadcrumb","itemListElement":[{"@type":"ListItem","position":1,"name":"Home","item":"https:\/\/www.koonings.com\/de\/"},{"@type":"ListItem","position":2,"name":"Wona Concept Harvest set"}]},{"@type":"WebSite","@id":"https:\/\/www.koonings.com\/de\/#website","url":"https:\/\/www.koonings.com\/de\/","name":"Koonings","description":"De grootste bruidsmodewinkel ter wereld","publisher":{"@id":"https:\/\/www.koonings.com\/de\/#organization"},"potentialAction":[{"@type":"SearchAction","target":{"@type":"EntryPoint","urlTemplate":"https:\/\/www.koonings.com\/de\/?s={search_term_string}"},"query-input":{"@type":"PropertyValueSpecification","valueRequired":true,"valueName":"search_term_string"}}],"inLanguage":"de"},{"@type":"Organization","@id":"https:\/\/www.koonings.com\/de\/#organization","name":"Koonings","url":"https:\/\/www.koonings.com\/de\/","logo":{"@type":"ImageObject","inLanguage":"de","@id":"https:\/\/www.koonings.com\/de\/#\/schema\/logo\/image\/","url":"https:\/\/www.koonings.com\/wp-content\/uploads\/2024\/07\/logo.png","contentUrl":"https:\/\/www.koonings.com\/wp-content\/uploads\/2024\/07\/logo.png","width":600,"height":428,"caption":"Koonings"},"image":{"@id":"https:\/\/www.koonings.com\/de\/#\/schema\/logo\/image\/"},"sameAs":["https:\/\/www.facebook.com\/kooningstheweddingpalace","https:\/\/www.instagram.com\/kooningstheweddingpalace","https:\/\/www.pinterest.com\/koonings","https:\/\/www.youtube.com\/kooningstheweddingpalace"]}]}},"_links":{"self":[{"href":"https:\/\/www.koonings.com\/de\/wp-json\/wp\/v2\/product\/85204","targetHints":{"allow":["GET"]}}],"collection":[{"href":"https:\/\/www.koonings.com\/de\/wp-json\/wp\/v2\/product"}],"about":[{"href":"https:\/\/www.koonings.com\/de\/wp-json\/wp\/v2\/types\/product"}],"wp:featuredmedia":[{"embeddable":true,"href":"https:\/\/www.koonings.com\/de\/wp-json\/wp\/v2\/media\/82034"}],"wp:attachment":[{"href":"https:\/\/www.koonings.com\/de\/wp-json\/wp\/v2\/media?parent=85204"}],"wp:term":[{"taxonomy":"productdetails","embeddable":true,"href":"https:\/\/www.koonings.com\/de\/wp-json\/wp\/v2\/productdetails?post=85204"},{"taxonomy":"productneck","embeddable":true,"href":"https:\/\/www.koonings.com\/de\/wp-json\/wp\/v2\/productneck?post=85204"},{"taxonomy":"productcolor","embeddable":true,"href":"https:\/\/www.koonings.com\/de\/wp-json\/wp\/v2\/productcolor?post=85204"},{"taxonomy":"maat","embeddable":true,"href":"https:\/\/www.koonings.com\/de\/wp-json\/wp\/v2\/maat?post=85204"},{"taxonomy":"productsupplier","embeddable":true,"href":"https:\/\/www.koonings.com\/de\/wp-json\/wp\/v2\/productsupplier?post=85204"},{"taxonomy":"productsleeve","embeddable":true,"href":"https:\/\/www.koonings.com\/de\/wp-json\/wp\/v2\/productsleeve?post=85204"},{"taxonomy":"productcategory","embeddable":true,"href":"https:\/\/www.koonings.com\/de\/wp-json\/wp\/v2\/productcategory?post=85204"},{"taxonomy":"productsilhouette","embeddable":true,"href":"https:\/\/www.koonings.com\/de\/wp-json\/wp\/v2\/productsilhouette?post=85204"},{"taxonomy":"productstyle","embeddable":true,"href":"https:\/\/www.koonings.com\/de\/wp-json\/wp\/v2\/productstyle?post=85204"}],"curies":[{"name":"wp","href":"https:\/\/api.w.org\/{rel}","templated":true}]}}