{"id":85190,"date":"2026-04-14T16:16:54","date_gmt":"2026-04-14T14:16:54","guid":{"rendered":"https:\/\/www.koonings.com\/product\/ramona-koonings-couture-kn2517-wangari\/"},"modified":"2026-02-16T15:11:39","modified_gmt":"2026-02-16T14:11:39","slug":"ramona-koonings-couture-kn2517-wangari","status":"publish","type":"product","link":"https:\/\/www.koonings.com\/de\/product\/ramona-koonings-couture-kn2517-wangari\/","title":{"rendered":"Ramona Koonings Couture KN2517 Wangari"},"content":{"rendered":"<p>Das romantische Wangari Hochzeitskleid von Ramona Koonings Couture.<br \/>\nLassen Sie sich von dem Wangari Hochzeitskleid verzaubern, einem exklusiven Couture-Design von Ramona Koonings Couture, erh\u00e4ltlich bei Koonings The Wedding Palace. Dieses atemberaubende Kleid strahlt pure Romantik und Eleganz aus und ist perfekt f\u00fcr die Braut, die auf der Suche nach einem zeitlosen und dennoch luxuri\u00f6sen Look ist.<br \/>\nMit seiner A-Linien-Silhouette f\u00e4llt das Kleid anmutig am K\u00f6rper entlang und schafft einen m\u00fchelosen, vertr\u00e4umten Look. Die Kombination eines geraden Ausschnitts mit einer subtilen Sweetheart-Form verleiht dem Kleid einen modernen und raffinierten Touch. Die luxuri\u00f6sen Tr\u00e4ger verleihen dem Kleid zus\u00e4tzliche Eleganz und sorgen f\u00fcr einen perfekten Sitz. In einem zarten Elfenbeinton ausgef\u00fchrt, betont dieses Kleid die nat\u00fcrliche Sch\u00f6nheit der Braut.<br \/>\nDie raffinierten Details machen das Wangari Hochzeitskleid zu etwas ganz Besonderem. Das Kleid ist mit 3D-Blumen verziert, die kunstvoll \u00fcber den T\u00fcllstoff verstreut sind und einen m\u00e4rchenhaften und romantischen Look erzeugen. Der luftige T\u00fcllrock verleiht dem Kleid bei jedem Schritt eine weiche, k\u00f6nigliche Bewegung.<br \/>\nM\u00f6chten Sie in einem Couture-Hochzeitskleid gl\u00e4nzen, das Luxus und Romantik nahtlos vereint? Entdecken Sie das Brautkleid Wangari von Ramona Koonings Couture, das exklusiv bei Koonings The Wedding Palace erh\u00e4ltlich ist, und erleben Sie Ihren m\u00e4rchenhaften Tag mit Stil.       <\/p>\n","protected":false},"featured_media":82623,"template":"","meta":{"_acf_changed":false,"ghostkit_customizer_options":"","ghostkit_custom_css":"","ghostkit_custom_js_head":"","ghostkit_custom_js_foot":"","ghostkit_typography":""},"productdetails":[379,381],"productneck":[352,355],"productcolor":[392],"maat":[],"productsupplier":[419],"productsleeve":[359],"productcategory":[18],"productsilhouette":[384],"productstyle":[367,366],"class_list":["post-85190","product","type-product","status-publish","has-post-thumbnail","hentry","productdetails-379","productdetails-381","productneck-352","productneck-355","productcolor-392","productsupplier-ramona-koonings-couture","productsleeve-359","productcategory-trouwjurken","productsilhouette-384","productstyle-367","productstyle-366"],"acf":[],"yoast_head":"<!-- This site is optimized with the Yoast SEO plugin v27.3 - https:\/\/yoast.com\/product\/yoast-seo-wordpress\/ -->\n<title>Ramona Koonings Couture KN2517 Wangari | Koonings<\/title>\n<meta name=\"description\" content=\"Das romantische Wangari Hochzeitskleid von Ramona Koonings Couture. Lassen Sie sich von dem Wangari Hochzeitskleid verzaubern, einem exklusiven Couture-Design von Ramona Koonings Couture, erh\u00e4ltlich bei Koonings The Wedding Palace. Dieses atemberaubende Kleid strahlt pure Romantik und Eleganz aus und ist perfekt f\u00fcr die Braut, die auf der Suche nach einem zeitlosen und dennoch luxuri\u00f6sen Look ist. Mit seiner A-Linien-Silhouette f\u00e4llt das Kleid anmutig am K\u00f6rper entlang und schafft einen m\u00fchelosen, vertr\u00e4umten Look. Die Kombination eines geraden Ausschnitts mit einer subtilen Sweetheart-Form verleiht dem Kleid einen modernen und raffinierten Touch. Die luxuri\u00f6sen Tr\u00e4ger verleihen dem Kleid zus\u00e4tzliche Eleganz und sorgen f\u00fcr einen perfekten Sitz. In einem zarten Elfenbeinton ausgef\u00fchrt, betont dieses Kleid die nat\u00fcrliche Sch\u00f6nheit der Braut. Die raffinierten Details machen das Wangari Hochzeitskleid zu etwas ganz Besonderem. Das Kleid ist mit 3D-Blumen verziert, die kunstvoll \u00fcber den T\u00fcllstoff verstreut sind und einen m\u00e4rchenhaften und romantischen Look erzeugen. Der luftige T\u00fcllrock verleiht dem Kleid bei jedem Schritt eine weiche, k\u00f6nigliche Bewegung. M\u00f6chten Sie in einem Couture-Hochzeitskleid gl\u00e4nzen, das Luxus und Romantik nahtlos vereint? Entdecken Sie das Brautkleid Wangari von Ramona Koonings Couture, das exklusiv bei Koonings The Wedding Palace erh\u00e4ltlich ist, und erleben Sie Ihren m\u00e4rchenhaften Tag mit Stil.\" \/>\n<meta name=\"robots\" content=\"index, follow, max-snippet:-1, max-image-preview:large, max-video-preview:-1\" \/>\n<link rel=\"canonical\" href=\"https:\/\/www.koonings.com\/de\/product\/ramona-koonings-couture-kn2517-wangari\/\" \/>\n<meta property=\"og:locale\" content=\"de_DE\" \/>\n<meta property=\"og:type\" content=\"article\" \/>\n<meta property=\"og:title\" content=\"Ramona Koonings Couture KN2517 Wangari | Koonings\" \/>\n<meta property=\"og:description\" content=\"Das romantische Wangari Hochzeitskleid von Ramona Koonings Couture. Lassen Sie sich von dem Wangari Hochzeitskleid verzaubern, einem exklusiven Couture-Design von Ramona Koonings Couture, erh\u00e4ltlich bei Koonings The Wedding Palace. Dieses atemberaubende Kleid strahlt pure Romantik und Eleganz aus und ist perfekt f\u00fcr die Braut, die auf der Suche nach einem zeitlosen und dennoch luxuri\u00f6sen Look ist. Mit seiner A-Linien-Silhouette f\u00e4llt das Kleid anmutig am K\u00f6rper entlang und schafft einen m\u00fchelosen, vertr\u00e4umten Look. Die Kombination eines geraden Ausschnitts mit einer subtilen Sweetheart-Form verleiht dem Kleid einen modernen und raffinierten Touch. Die luxuri\u00f6sen Tr\u00e4ger verleihen dem Kleid zus\u00e4tzliche Eleganz und sorgen f\u00fcr einen perfekten Sitz. In einem zarten Elfenbeinton ausgef\u00fchrt, betont dieses Kleid die nat\u00fcrliche Sch\u00f6nheit der Braut. Die raffinierten Details machen das Wangari Hochzeitskleid zu etwas ganz Besonderem. Das Kleid ist mit 3D-Blumen verziert, die kunstvoll \u00fcber den T\u00fcllstoff verstreut sind und einen m\u00e4rchenhaften und romantischen Look erzeugen. Der luftige T\u00fcllrock verleiht dem Kleid bei jedem Schritt eine weiche, k\u00f6nigliche Bewegung. M\u00f6chten Sie in einem Couture-Hochzeitskleid gl\u00e4nzen, das Luxus und Romantik nahtlos vereint? Entdecken Sie das Brautkleid Wangari von Ramona Koonings Couture, das exklusiv bei Koonings The Wedding Palace erh\u00e4ltlich ist, und erleben Sie Ihren m\u00e4rchenhaften Tag mit Stil.\" \/>\n<meta property=\"og:url\" content=\"https:\/\/www.koonings.com\/de\/product\/ramona-koonings-couture-kn2517-wangari\/\" \/>\n<meta property=\"og:site_name\" content=\"Koonings\" \/>\n<meta property=\"article:publisher\" content=\"https:\/\/www.facebook.com\/kooningstheweddingpalace\" \/>\n<meta property=\"og:image\" content=\"https:\/\/www.koonings.com\/wp-content\/uploads\/2025\/03\/39982_4358af2f85ff54e606378bad7265efd2af1526454cdc50219c1ce4dafa58e0f170c2ec73-scaled.jpeg\" \/>\n\t<meta property=\"og:image:width\" content=\"1813\" \/>\n\t<meta property=\"og:image:height\" content=\"2560\" \/>\n\t<meta property=\"og:image:type\" content=\"image\/jpeg\" \/>\n<meta name=\"twitter:card\" content=\"summary_large_image\" \/>\n<meta name=\"twitter:label1\" content=\"Gesch\u00e4tzte Lesezeit\" \/>\n\t<meta name=\"twitter:data1\" content=\"1\u00a0Minute\" \/>\n<script type=\"application\/ld+json\" class=\"yoast-schema-graph\">{\"@context\":\"https:\\\/\\\/schema.org\",\"@graph\":[{\"@type\":\"WebPage\",\"@id\":\"https:\\\/\\\/www.koonings.com\\\/de\\\/product\\\/ramona-koonings-couture-kn2517-wangari\\\/\",\"url\":\"https:\\\/\\\/www.koonings.com\\\/de\\\/product\\\/ramona-koonings-couture-kn2517-wangari\\\/\",\"name\":\"Ramona Koonings Couture KN2517 Wangari | Koonings\",\"isPartOf\":{\"@id\":\"https:\\\/\\\/www.koonings.com\\\/de\\\/#website\"},\"primaryImageOfPage\":{\"@id\":\"https:\\\/\\\/www.koonings.com\\\/de\\\/product\\\/ramona-koonings-couture-kn2517-wangari\\\/#primaryimage\"},\"image\":{\"@id\":\"https:\\\/\\\/www.koonings.com\\\/de\\\/product\\\/ramona-koonings-couture-kn2517-wangari\\\/#primaryimage\"},\"thumbnailUrl\":\"https:\\\/\\\/www.koonings.com\\\/wp-content\\\/uploads\\\/2025\\\/03\\\/39982_4358af2f85ff54e606378bad7265efd2af1526454cdc50219c1ce4dafa58e0f170c2ec73-scaled.jpeg\",\"datePublished\":\"2026-04-14T14:16:54+00:00\",\"description\":\"Das romantische Wangari Hochzeitskleid von Ramona Koonings Couture. Lassen Sie sich von dem Wangari Hochzeitskleid verzaubern, einem exklusiven Couture-Design von Ramona Koonings Couture, erh\u00e4ltlich bei Koonings The Wedding Palace. Dieses atemberaubende Kleid strahlt pure Romantik und Eleganz aus und ist perfekt f\u00fcr die Braut, die auf der Suche nach einem zeitlosen und dennoch luxuri\u00f6sen Look ist. Mit seiner A-Linien-Silhouette f\u00e4llt das Kleid anmutig am K\u00f6rper entlang und schafft einen m\u00fchelosen, vertr\u00e4umten Look. Die Kombination eines geraden Ausschnitts mit einer subtilen Sweetheart-Form verleiht dem Kleid einen modernen und raffinierten Touch. Die luxuri\u00f6sen Tr\u00e4ger verleihen dem Kleid zus\u00e4tzliche Eleganz und sorgen f\u00fcr einen perfekten Sitz. In einem zarten Elfenbeinton ausgef\u00fchrt, betont dieses Kleid die nat\u00fcrliche Sch\u00f6nheit der Braut. Die raffinierten Details machen das Wangari Hochzeitskleid zu etwas ganz Besonderem. Das Kleid ist mit 3D-Blumen verziert, die kunstvoll \u00fcber den T\u00fcllstoff verstreut sind und einen m\u00e4rchenhaften und romantischen Look erzeugen. Der luftige T\u00fcllrock verleiht dem Kleid bei jedem Schritt eine weiche, k\u00f6nigliche Bewegung. M\u00f6chten Sie in einem Couture-Hochzeitskleid gl\u00e4nzen, das Luxus und Romantik nahtlos vereint? Entdecken Sie das Brautkleid Wangari von Ramona Koonings Couture, das exklusiv bei Koonings The Wedding Palace erh\u00e4ltlich ist, und erleben Sie Ihren m\u00e4rchenhaften Tag mit Stil.\",\"breadcrumb\":{\"@id\":\"https:\\\/\\\/www.koonings.com\\\/de\\\/product\\\/ramona-koonings-couture-kn2517-wangari\\\/#breadcrumb\"},\"inLanguage\":\"de\",\"potentialAction\":[{\"@type\":\"ReadAction\",\"target\":[\"https:\\\/\\\/www.koonings.com\\\/de\\\/product\\\/ramona-koonings-couture-kn2517-wangari\\\/\"]}]},{\"@type\":\"ImageObject\",\"inLanguage\":\"de\",\"@id\":\"https:\\\/\\\/www.koonings.com\\\/de\\\/product\\\/ramona-koonings-couture-kn2517-wangari\\\/#primaryimage\",\"url\":\"https:\\\/\\\/www.koonings.com\\\/wp-content\\\/uploads\\\/2025\\\/03\\\/39982_4358af2f85ff54e606378bad7265efd2af1526454cdc50219c1ce4dafa58e0f170c2ec73-scaled.jpeg\",\"contentUrl\":\"https:\\\/\\\/www.koonings.com\\\/wp-content\\\/uploads\\\/2025\\\/03\\\/39982_4358af2f85ff54e606378bad7265efd2af1526454cdc50219c1ce4dafa58e0f170c2ec73-scaled.jpeg\",\"width\":1813,\"height\":2560},{\"@type\":\"BreadcrumbList\",\"@id\":\"https:\\\/\\\/www.koonings.com\\\/de\\\/product\\\/ramona-koonings-couture-kn2517-wangari\\\/#breadcrumb\",\"itemListElement\":[{\"@type\":\"ListItem\",\"position\":1,\"name\":\"Home\",\"item\":\"https:\\\/\\\/www.koonings.com\\\/de\\\/\"},{\"@type\":\"ListItem\",\"position\":2,\"name\":\"Ramona Koonings Couture KN2517 Wangari\"}]},{\"@type\":\"WebSite\",\"@id\":\"https:\\\/\\\/www.koonings.com\\\/de\\\/#website\",\"url\":\"https:\\\/\\\/www.koonings.com\\\/de\\\/\",\"name\":\"Koonings\",\"description\":\"De grootste bruidsmodewinkel ter wereld\",\"publisher\":{\"@id\":\"https:\\\/\\\/www.koonings.com\\\/de\\\/#organization\"},\"potentialAction\":[{\"@type\":\"SearchAction\",\"target\":{\"@type\":\"EntryPoint\",\"urlTemplate\":\"https:\\\/\\\/www.koonings.com\\\/de\\\/?s={search_term_string}\"},\"query-input\":{\"@type\":\"PropertyValueSpecification\",\"valueRequired\":true,\"valueName\":\"search_term_string\"}}],\"inLanguage\":\"de\"},{\"@type\":\"Organization\",\"@id\":\"https:\\\/\\\/www.koonings.com\\\/de\\\/#organization\",\"name\":\"Koonings\",\"url\":\"https:\\\/\\\/www.koonings.com\\\/de\\\/\",\"logo\":{\"@type\":\"ImageObject\",\"inLanguage\":\"de\",\"@id\":\"https:\\\/\\\/www.koonings.com\\\/de\\\/#\\\/schema\\\/logo\\\/image\\\/\",\"url\":\"https:\\\/\\\/www.koonings.com\\\/wp-content\\\/uploads\\\/2024\\\/07\\\/logo.png\",\"contentUrl\":\"https:\\\/\\\/www.koonings.com\\\/wp-content\\\/uploads\\\/2024\\\/07\\\/logo.png\",\"width\":600,\"height\":428,\"caption\":\"Koonings\"},\"image\":{\"@id\":\"https:\\\/\\\/www.koonings.com\\\/de\\\/#\\\/schema\\\/logo\\\/image\\\/\"},\"sameAs\":[\"https:\\\/\\\/www.facebook.com\\\/kooningstheweddingpalace\",\"https:\\\/\\\/www.instagram.com\\\/kooningstheweddingpalace\",\"https:\\\/\\\/www.pinterest.com\\\/koonings\",\"https:\\\/\\\/www.youtube.com\\\/kooningstheweddingpalace\"]}]}<\/script>\n<!-- \/ Yoast SEO plugin. -->","yoast_head_json":{"title":"Ramona Koonings Couture KN2517 Wangari | Koonings","description":"Das romantische Wangari Hochzeitskleid von Ramona Koonings Couture. Lassen Sie sich von dem Wangari Hochzeitskleid verzaubern, einem exklusiven Couture-Design von Ramona Koonings Couture, erh\u00e4ltlich bei Koonings The Wedding Palace. Dieses atemberaubende Kleid strahlt pure Romantik und Eleganz aus und ist perfekt f\u00fcr die Braut, die auf der Suche nach einem zeitlosen und dennoch luxuri\u00f6sen Look ist. Mit seiner A-Linien-Silhouette f\u00e4llt das Kleid anmutig am K\u00f6rper entlang und schafft einen m\u00fchelosen, vertr\u00e4umten Look. Die Kombination eines geraden Ausschnitts mit einer subtilen Sweetheart-Form verleiht dem Kleid einen modernen und raffinierten Touch. Die luxuri\u00f6sen Tr\u00e4ger verleihen dem Kleid zus\u00e4tzliche Eleganz und sorgen f\u00fcr einen perfekten Sitz. In einem zarten Elfenbeinton ausgef\u00fchrt, betont dieses Kleid die nat\u00fcrliche Sch\u00f6nheit der Braut. Die raffinierten Details machen das Wangari Hochzeitskleid zu etwas ganz Besonderem. Das Kleid ist mit 3D-Blumen verziert, die kunstvoll \u00fcber den T\u00fcllstoff verstreut sind und einen m\u00e4rchenhaften und romantischen Look erzeugen. Der luftige T\u00fcllrock verleiht dem Kleid bei jedem Schritt eine weiche, k\u00f6nigliche Bewegung. M\u00f6chten Sie in einem Couture-Hochzeitskleid gl\u00e4nzen, das Luxus und Romantik nahtlos vereint? Entdecken Sie das Brautkleid Wangari von Ramona Koonings Couture, das exklusiv bei Koonings The Wedding Palace erh\u00e4ltlich ist, und erleben Sie Ihren m\u00e4rchenhaften Tag mit Stil.","robots":{"index":"index","follow":"follow","max-snippet":"max-snippet:-1","max-image-preview":"max-image-preview:large","max-video-preview":"max-video-preview:-1"},"canonical":"https:\/\/www.koonings.com\/de\/product\/ramona-koonings-couture-kn2517-wangari\/","og_locale":"de_DE","og_type":"article","og_title":"Ramona Koonings Couture KN2517 Wangari | Koonings","og_description":"Das romantische Wangari Hochzeitskleid von Ramona Koonings Couture. Lassen Sie sich von dem Wangari Hochzeitskleid verzaubern, einem exklusiven Couture-Design von Ramona Koonings Couture, erh\u00e4ltlich bei Koonings The Wedding Palace. Dieses atemberaubende Kleid strahlt pure Romantik und Eleganz aus und ist perfekt f\u00fcr die Braut, die auf der Suche nach einem zeitlosen und dennoch luxuri\u00f6sen Look ist. Mit seiner A-Linien-Silhouette f\u00e4llt das Kleid anmutig am K\u00f6rper entlang und schafft einen m\u00fchelosen, vertr\u00e4umten Look. Die Kombination eines geraden Ausschnitts mit einer subtilen Sweetheart-Form verleiht dem Kleid einen modernen und raffinierten Touch. Die luxuri\u00f6sen Tr\u00e4ger verleihen dem Kleid zus\u00e4tzliche Eleganz und sorgen f\u00fcr einen perfekten Sitz. In einem zarten Elfenbeinton ausgef\u00fchrt, betont dieses Kleid die nat\u00fcrliche Sch\u00f6nheit der Braut. Die raffinierten Details machen das Wangari Hochzeitskleid zu etwas ganz Besonderem. Das Kleid ist mit 3D-Blumen verziert, die kunstvoll \u00fcber den T\u00fcllstoff verstreut sind und einen m\u00e4rchenhaften und romantischen Look erzeugen. Der luftige T\u00fcllrock verleiht dem Kleid bei jedem Schritt eine weiche, k\u00f6nigliche Bewegung. M\u00f6chten Sie in einem Couture-Hochzeitskleid gl\u00e4nzen, das Luxus und Romantik nahtlos vereint? Entdecken Sie das Brautkleid Wangari von Ramona Koonings Couture, das exklusiv bei Koonings The Wedding Palace erh\u00e4ltlich ist, und erleben Sie Ihren m\u00e4rchenhaften Tag mit Stil.","og_url":"https:\/\/www.koonings.com\/de\/product\/ramona-koonings-couture-kn2517-wangari\/","og_site_name":"Koonings","article_publisher":"https:\/\/www.facebook.com\/kooningstheweddingpalace","og_image":[{"width":1813,"height":2560,"url":"https:\/\/www.koonings.com\/wp-content\/uploads\/2025\/03\/39982_4358af2f85ff54e606378bad7265efd2af1526454cdc50219c1ce4dafa58e0f170c2ec73-scaled.jpeg","type":"image\/jpeg"}],"twitter_card":"summary_large_image","twitter_misc":{"Gesch\u00e4tzte Lesezeit":"1\u00a0Minute"},"schema":{"@context":"https:\/\/schema.org","@graph":[{"@type":"WebPage","@id":"https:\/\/www.koonings.com\/de\/product\/ramona-koonings-couture-kn2517-wangari\/","url":"https:\/\/www.koonings.com\/de\/product\/ramona-koonings-couture-kn2517-wangari\/","name":"Ramona Koonings Couture KN2517 Wangari | Koonings","isPartOf":{"@id":"https:\/\/www.koonings.com\/de\/#website"},"primaryImageOfPage":{"@id":"https:\/\/www.koonings.com\/de\/product\/ramona-koonings-couture-kn2517-wangari\/#primaryimage"},"image":{"@id":"https:\/\/www.koonings.com\/de\/product\/ramona-koonings-couture-kn2517-wangari\/#primaryimage"},"thumbnailUrl":"https:\/\/www.koonings.com\/wp-content\/uploads\/2025\/03\/39982_4358af2f85ff54e606378bad7265efd2af1526454cdc50219c1ce4dafa58e0f170c2ec73-scaled.jpeg","datePublished":"2026-04-14T14:16:54+00:00","description":"Das romantische Wangari Hochzeitskleid von Ramona Koonings Couture. Lassen Sie sich von dem Wangari Hochzeitskleid verzaubern, einem exklusiven Couture-Design von Ramona Koonings Couture, erh\u00e4ltlich bei Koonings The Wedding Palace. Dieses atemberaubende Kleid strahlt pure Romantik und Eleganz aus und ist perfekt f\u00fcr die Braut, die auf der Suche nach einem zeitlosen und dennoch luxuri\u00f6sen Look ist. Mit seiner A-Linien-Silhouette f\u00e4llt das Kleid anmutig am K\u00f6rper entlang und schafft einen m\u00fchelosen, vertr\u00e4umten Look. Die Kombination eines geraden Ausschnitts mit einer subtilen Sweetheart-Form verleiht dem Kleid einen modernen und raffinierten Touch. Die luxuri\u00f6sen Tr\u00e4ger verleihen dem Kleid zus\u00e4tzliche Eleganz und sorgen f\u00fcr einen perfekten Sitz. In einem zarten Elfenbeinton ausgef\u00fchrt, betont dieses Kleid die nat\u00fcrliche Sch\u00f6nheit der Braut. Die raffinierten Details machen das Wangari Hochzeitskleid zu etwas ganz Besonderem. Das Kleid ist mit 3D-Blumen verziert, die kunstvoll \u00fcber den T\u00fcllstoff verstreut sind und einen m\u00e4rchenhaften und romantischen Look erzeugen. Der luftige T\u00fcllrock verleiht dem Kleid bei jedem Schritt eine weiche, k\u00f6nigliche Bewegung. M\u00f6chten Sie in einem Couture-Hochzeitskleid gl\u00e4nzen, das Luxus und Romantik nahtlos vereint? Entdecken Sie das Brautkleid Wangari von Ramona Koonings Couture, das exklusiv bei Koonings The Wedding Palace erh\u00e4ltlich ist, und erleben Sie Ihren m\u00e4rchenhaften Tag mit Stil.","breadcrumb":{"@id":"https:\/\/www.koonings.com\/de\/product\/ramona-koonings-couture-kn2517-wangari\/#breadcrumb"},"inLanguage":"de","potentialAction":[{"@type":"ReadAction","target":["https:\/\/www.koonings.com\/de\/product\/ramona-koonings-couture-kn2517-wangari\/"]}]},{"@type":"ImageObject","inLanguage":"de","@id":"https:\/\/www.koonings.com\/de\/product\/ramona-koonings-couture-kn2517-wangari\/#primaryimage","url":"https:\/\/www.koonings.com\/wp-content\/uploads\/2025\/03\/39982_4358af2f85ff54e606378bad7265efd2af1526454cdc50219c1ce4dafa58e0f170c2ec73-scaled.jpeg","contentUrl":"https:\/\/www.koonings.com\/wp-content\/uploads\/2025\/03\/39982_4358af2f85ff54e606378bad7265efd2af1526454cdc50219c1ce4dafa58e0f170c2ec73-scaled.jpeg","width":1813,"height":2560},{"@type":"BreadcrumbList","@id":"https:\/\/www.koonings.com\/de\/product\/ramona-koonings-couture-kn2517-wangari\/#breadcrumb","itemListElement":[{"@type":"ListItem","position":1,"name":"Home","item":"https:\/\/www.koonings.com\/de\/"},{"@type":"ListItem","position":2,"name":"Ramona Koonings Couture KN2517 Wangari"}]},{"@type":"WebSite","@id":"https:\/\/www.koonings.com\/de\/#website","url":"https:\/\/www.koonings.com\/de\/","name":"Koonings","description":"De grootste bruidsmodewinkel ter wereld","publisher":{"@id":"https:\/\/www.koonings.com\/de\/#organization"},"potentialAction":[{"@type":"SearchAction","target":{"@type":"EntryPoint","urlTemplate":"https:\/\/www.koonings.com\/de\/?s={search_term_string}"},"query-input":{"@type":"PropertyValueSpecification","valueRequired":true,"valueName":"search_term_string"}}],"inLanguage":"de"},{"@type":"Organization","@id":"https:\/\/www.koonings.com\/de\/#organization","name":"Koonings","url":"https:\/\/www.koonings.com\/de\/","logo":{"@type":"ImageObject","inLanguage":"de","@id":"https:\/\/www.koonings.com\/de\/#\/schema\/logo\/image\/","url":"https:\/\/www.koonings.com\/wp-content\/uploads\/2024\/07\/logo.png","contentUrl":"https:\/\/www.koonings.com\/wp-content\/uploads\/2024\/07\/logo.png","width":600,"height":428,"caption":"Koonings"},"image":{"@id":"https:\/\/www.koonings.com\/de\/#\/schema\/logo\/image\/"},"sameAs":["https:\/\/www.facebook.com\/kooningstheweddingpalace","https:\/\/www.instagram.com\/kooningstheweddingpalace","https:\/\/www.pinterest.com\/koonings","https:\/\/www.youtube.com\/kooningstheweddingpalace"]}]}},"_links":{"self":[{"href":"https:\/\/www.koonings.com\/de\/wp-json\/wp\/v2\/product\/85190","targetHints":{"allow":["GET"]}}],"collection":[{"href":"https:\/\/www.koonings.com\/de\/wp-json\/wp\/v2\/product"}],"about":[{"href":"https:\/\/www.koonings.com\/de\/wp-json\/wp\/v2\/types\/product"}],"wp:featuredmedia":[{"embeddable":true,"href":"https:\/\/www.koonings.com\/de\/wp-json\/wp\/v2\/media\/82623"}],"wp:attachment":[{"href":"https:\/\/www.koonings.com\/de\/wp-json\/wp\/v2\/media?parent=85190"}],"wp:term":[{"taxonomy":"productdetails","embeddable":true,"href":"https:\/\/www.koonings.com\/de\/wp-json\/wp\/v2\/productdetails?post=85190"},{"taxonomy":"productneck","embeddable":true,"href":"https:\/\/www.koonings.com\/de\/wp-json\/wp\/v2\/productneck?post=85190"},{"taxonomy":"productcolor","embeddable":true,"href":"https:\/\/www.koonings.com\/de\/wp-json\/wp\/v2\/productcolor?post=85190"},{"taxonomy":"maat","embeddable":true,"href":"https:\/\/www.koonings.com\/de\/wp-json\/wp\/v2\/maat?post=85190"},{"taxonomy":"productsupplier","embeddable":true,"href":"https:\/\/www.koonings.com\/de\/wp-json\/wp\/v2\/productsupplier?post=85190"},{"taxonomy":"productsleeve","embeddable":true,"href":"https:\/\/www.koonings.com\/de\/wp-json\/wp\/v2\/productsleeve?post=85190"},{"taxonomy":"productcategory","embeddable":true,"href":"https:\/\/www.koonings.com\/de\/wp-json\/wp\/v2\/productcategory?post=85190"},{"taxonomy":"productsilhouette","embeddable":true,"href":"https:\/\/www.koonings.com\/de\/wp-json\/wp\/v2\/productsilhouette?post=85190"},{"taxonomy":"productstyle","embeddable":true,"href":"https:\/\/www.koonings.com\/de\/wp-json\/wp\/v2\/productstyle?post=85190"}],"curies":[{"name":"wp","href":"https:\/\/api.w.org\/{rel}","templated":true}]}}