{"id":85186,"date":"2025-12-15T00:28:05","date_gmt":"2025-12-14T23:28:05","guid":{"rendered":"https:\/\/www.koonings.com\/product\/ramona-koonings-couture-kn2503-marie\/"},"modified":"2026-02-03T20:22:01","modified_gmt":"2026-02-03T19:22:01","slug":"ramona-koonings-couture-kn2503-marie","status":"publish","type":"product","link":"https:\/\/www.koonings.com\/de\/product\/ramona-koonings-couture-kn2503-marie\/","title":{"rendered":"Ramona Koonings Couture KN2503 Marie"},"content":{"rendered":"<p>Das romantische Marie Brautkleid von Ramona Koonings Couture<br \/>\nBei Koonings The Wedding Palace gl\u00e4nzen die exklusiven Hochzeitskleider von Ramona Koonings Couture, darunter das bezaubernde Modell Marie. Dieses Couture-Hochzeitskleid strahlt vertr\u00e4umte Eleganz aus und ist perfekt f\u00fcr die Braut, die sich an ihrem gro\u00dfen Tag wie eine echte Prinzessin f\u00fchlen m\u00f6chte.<br \/>\nDas Brautkleid Marie hat eine schmeichelhafte A-Linien-Passform, die sanft am K\u00f6rper entlang f\u00e4llt und einen romantischen, anmutigen Look verleiht. Der V-Ausschnitt mit den zarten Tr\u00e4gern verleiht dem Kleid eine subtile Raffinesse, w\u00e4hrend die langen \u00c4rmel ihm einen eleganten und k\u00f6niglichen Touch verleihen. Das Kleid ist in einem zarten Elfenbeinton gehalten, der die Details wundersch\u00f6n zur Geltung bringt.<br \/>\nWas dieses Kleid besonders macht, sind die zarten 3D-Blumen, die wie ein filigranes Kunstwerk \u00fcber das Kleid verstreut sind. Der mehrlagige T\u00fcllrock sorgt f\u00fcr ein m\u00e4rchenhaftes Volumen und verleiht Ihnen bei jeder Bewegung einen zauberhaften Look.<br \/>\nTr\u00e4umen Sie von einem Couture-Brautkleid mit einem zeitlosen, romantischen Look? Dann lassen Sie sich von dem Brautkleid Marie von Ramona Koonings Couture verzaubern und entdecken Sie diese exklusive Kreation bei Koonings The Wedding Palace &#8211; dem Ort, an dem Brautmode und Magie zusammenkommen.     <\/p>\n","protected":false},"featured_media":82640,"template":"","meta":{"_acf_changed":false,"ghostkit_customizer_options":"","ghostkit_custom_css":"","ghostkit_custom_js_head":"","ghostkit_custom_js_foot":"","ghostkit_typography":""},"productdetails":[379,381],"productneck":[356],"productcolor":[392],"maat":[],"productsupplier":[419],"productsleeve":[359,362],"productcategory":[18],"productsilhouette":[384],"productstyle":[367,372,366],"class_list":["post-85186","product","type-product","status-publish","has-post-thumbnail","hentry","productdetails-379","productdetails-381","productneck-356","productcolor-392","productsupplier-ramona-koonings-couture","productsleeve-359","productsleeve-362","productcategory-trouwjurken","productsilhouette-384","productstyle-367","productstyle-372","productstyle-366"],"acf":[],"yoast_head":"<!-- This site is optimized with the Yoast SEO plugin v26.8 - https:\/\/yoast.com\/product\/yoast-seo-wordpress\/ -->\n<title>Ramona Koonings Couture KN2503 Marie | Koonings<\/title>\n<meta name=\"description\" content=\"Das romantische Marie Brautkleid von Ramona Koonings Couture Bei Koonings The Wedding Palace gl\u00e4nzen die exklusiven Hochzeitskleider von Ramona Koonings Couture, darunter das bezaubernde Modell Marie. Dieses Couture-Hochzeitskleid strahlt vertr\u00e4umte Eleganz aus und ist perfekt f\u00fcr die Braut, die sich an ihrem gro\u00dfen Tag wie eine echte Prinzessin f\u00fchlen m\u00f6chte. Das Brautkleid Marie hat eine schmeichelhafte A-Linien-Passform, die sanft am K\u00f6rper entlang f\u00e4llt und einen romantischen, anmutigen Look verleiht. Der V-Ausschnitt mit den zarten Tr\u00e4gern verleiht dem Kleid eine subtile Raffinesse, w\u00e4hrend die langen \u00c4rmel ihm einen eleganten und k\u00f6niglichen Touch verleihen. Das Kleid ist in einem zarten Elfenbeinton gehalten, der die Details wundersch\u00f6n zur Geltung bringt. Was dieses Kleid besonders macht, sind die zarten 3D-Blumen, die wie ein filigranes Kunstwerk \u00fcber das Kleid verstreut sind. Der mehrlagige T\u00fcllrock sorgt f\u00fcr ein m\u00e4rchenhaftes Volumen und verleiht Ihnen bei jeder Bewegung einen zauberhaften Look. Tr\u00e4umen Sie von einem Couture-Brautkleid mit einem zeitlosen, romantischen Look? Dann lassen Sie sich von dem Brautkleid Marie von Ramona Koonings Couture verzaubern und entdecken Sie diese exklusive Kreation bei Koonings The Wedding Palace - dem Ort, an dem Brautmode und Magie zusammenkommen.\" \/>\n<meta name=\"robots\" content=\"index, follow, max-snippet:-1, max-image-preview:large, max-video-preview:-1\" \/>\n<link rel=\"canonical\" href=\"https:\/\/www.koonings.com\/de\/product\/ramona-koonings-couture-kn2503-marie\/\" \/>\n<meta property=\"og:locale\" content=\"de_DE\" \/>\n<meta property=\"og:type\" content=\"article\" \/>\n<meta property=\"og:title\" content=\"Ramona Koonings Couture KN2503 Marie | Koonings\" \/>\n<meta property=\"og:description\" content=\"Das romantische Marie Brautkleid von Ramona Koonings Couture Bei Koonings The Wedding Palace gl\u00e4nzen die exklusiven Hochzeitskleider von Ramona Koonings Couture, darunter das bezaubernde Modell Marie. Dieses Couture-Hochzeitskleid strahlt vertr\u00e4umte Eleganz aus und ist perfekt f\u00fcr die Braut, die sich an ihrem gro\u00dfen Tag wie eine echte Prinzessin f\u00fchlen m\u00f6chte. Das Brautkleid Marie hat eine schmeichelhafte A-Linien-Passform, die sanft am K\u00f6rper entlang f\u00e4llt und einen romantischen, anmutigen Look verleiht. Der V-Ausschnitt mit den zarten Tr\u00e4gern verleiht dem Kleid eine subtile Raffinesse, w\u00e4hrend die langen \u00c4rmel ihm einen eleganten und k\u00f6niglichen Touch verleihen. Das Kleid ist in einem zarten Elfenbeinton gehalten, der die Details wundersch\u00f6n zur Geltung bringt. Was dieses Kleid besonders macht, sind die zarten 3D-Blumen, die wie ein filigranes Kunstwerk \u00fcber das Kleid verstreut sind. Der mehrlagige T\u00fcllrock sorgt f\u00fcr ein m\u00e4rchenhaftes Volumen und verleiht Ihnen bei jeder Bewegung einen zauberhaften Look. Tr\u00e4umen Sie von einem Couture-Brautkleid mit einem zeitlosen, romantischen Look? Dann lassen Sie sich von dem Brautkleid Marie von Ramona Koonings Couture verzaubern und entdecken Sie diese exklusive Kreation bei Koonings The Wedding Palace - dem Ort, an dem Brautmode und Magie zusammenkommen.\" \/>\n<meta property=\"og:url\" content=\"https:\/\/www.koonings.com\/de\/product\/ramona-koonings-couture-kn2503-marie\/\" \/>\n<meta property=\"og:site_name\" content=\"Koonings\" \/>\n<meta property=\"article:publisher\" content=\"https:\/\/www.facebook.com\/kooningstheweddingpalace\" \/>\n<meta property=\"article:modified_time\" content=\"2026-02-03T19:22:01+00:00\" \/>\n<meta property=\"og:image\" content=\"https:\/\/www.koonings.com\/wp-content\/uploads\/2025\/03\/39983_3549a7da774c6295e779ab07cea9e67302a804a97678e563cf38f3cb83a271c7a08f5002-scaled.jpeg\" \/>\n\t<meta property=\"og:image:width\" content=\"1806\" \/>\n\t<meta property=\"og:image:height\" content=\"2560\" \/>\n\t<meta property=\"og:image:type\" content=\"image\/jpeg\" \/>\n<meta name=\"twitter:card\" content=\"summary_large_image\" \/>\n<meta name=\"twitter:label1\" content=\"Gesch\u00e4tzte Lesezeit\" \/>\n\t<meta name=\"twitter:data1\" content=\"1\u00a0Minute\" \/>\n<script type=\"application\/ld+json\" class=\"yoast-schema-graph\">{\"@context\":\"https:\/\/schema.org\",\"@graph\":[{\"@type\":\"WebPage\",\"@id\":\"https:\/\/www.koonings.com\/de\/product\/ramona-koonings-couture-kn2503-marie\/\",\"url\":\"https:\/\/www.koonings.com\/de\/product\/ramona-koonings-couture-kn2503-marie\/\",\"name\":\"Ramona Koonings Couture KN2503 Marie | Koonings\",\"isPartOf\":{\"@id\":\"https:\/\/www.koonings.com\/de\/#website\"},\"primaryImageOfPage\":{\"@id\":\"https:\/\/www.koonings.com\/de\/product\/ramona-koonings-couture-kn2503-marie\/#primaryimage\"},\"image\":{\"@id\":\"https:\/\/www.koonings.com\/de\/product\/ramona-koonings-couture-kn2503-marie\/#primaryimage\"},\"thumbnailUrl\":\"https:\/\/www.koonings.com\/wp-content\/uploads\/2025\/03\/39983_3549a7da774c6295e779ab07cea9e67302a804a97678e563cf38f3cb83a271c7a08f5002-scaled.jpeg\",\"datePublished\":\"2025-12-14T23:28:05+00:00\",\"dateModified\":\"2026-02-03T19:22:01+00:00\",\"description\":\"Das romantische Marie Brautkleid von Ramona Koonings Couture Bei Koonings The Wedding Palace gl\u00e4nzen die exklusiven Hochzeitskleider von Ramona Koonings Couture, darunter das bezaubernde Modell Marie. Dieses Couture-Hochzeitskleid strahlt vertr\u00e4umte Eleganz aus und ist perfekt f\u00fcr die Braut, die sich an ihrem gro\u00dfen Tag wie eine echte Prinzessin f\u00fchlen m\u00f6chte. Das Brautkleid Marie hat eine schmeichelhafte A-Linien-Passform, die sanft am K\u00f6rper entlang f\u00e4llt und einen romantischen, anmutigen Look verleiht. Der V-Ausschnitt mit den zarten Tr\u00e4gern verleiht dem Kleid eine subtile Raffinesse, w\u00e4hrend die langen \u00c4rmel ihm einen eleganten und k\u00f6niglichen Touch verleihen. Das Kleid ist in einem zarten Elfenbeinton gehalten, der die Details wundersch\u00f6n zur Geltung bringt. Was dieses Kleid besonders macht, sind die zarten 3D-Blumen, die wie ein filigranes Kunstwerk \u00fcber das Kleid verstreut sind. Der mehrlagige T\u00fcllrock sorgt f\u00fcr ein m\u00e4rchenhaftes Volumen und verleiht Ihnen bei jeder Bewegung einen zauberhaften Look. Tr\u00e4umen Sie von einem Couture-Brautkleid mit einem zeitlosen, romantischen Look? Dann lassen Sie sich von dem Brautkleid Marie von Ramona Koonings Couture verzaubern und entdecken Sie diese exklusive Kreation bei Koonings The Wedding Palace - dem Ort, an dem Brautmode und Magie zusammenkommen.\",\"breadcrumb\":{\"@id\":\"https:\/\/www.koonings.com\/de\/product\/ramona-koonings-couture-kn2503-marie\/#breadcrumb\"},\"inLanguage\":\"de\",\"potentialAction\":[{\"@type\":\"ReadAction\",\"target\":[\"https:\/\/www.koonings.com\/de\/product\/ramona-koonings-couture-kn2503-marie\/\"]}]},{\"@type\":\"ImageObject\",\"inLanguage\":\"de\",\"@id\":\"https:\/\/www.koonings.com\/de\/product\/ramona-koonings-couture-kn2503-marie\/#primaryimage\",\"url\":\"https:\/\/www.koonings.com\/wp-content\/uploads\/2025\/03\/39983_3549a7da774c6295e779ab07cea9e67302a804a97678e563cf38f3cb83a271c7a08f5002-scaled.jpeg\",\"contentUrl\":\"https:\/\/www.koonings.com\/wp-content\/uploads\/2025\/03\/39983_3549a7da774c6295e779ab07cea9e67302a804a97678e563cf38f3cb83a271c7a08f5002-scaled.jpeg\",\"width\":1806,\"height\":2560},{\"@type\":\"BreadcrumbList\",\"@id\":\"https:\/\/www.koonings.com\/de\/product\/ramona-koonings-couture-kn2503-marie\/#breadcrumb\",\"itemListElement\":[{\"@type\":\"ListItem\",\"position\":1,\"name\":\"Home\",\"item\":\"https:\/\/www.koonings.com\/de\/\"},{\"@type\":\"ListItem\",\"position\":2,\"name\":\"Ramona Koonings Couture KN2503 Marie\"}]},{\"@type\":\"WebSite\",\"@id\":\"https:\/\/www.koonings.com\/de\/#website\",\"url\":\"https:\/\/www.koonings.com\/de\/\",\"name\":\"Koonings\",\"description\":\"De grootste bruidsmodewinkel ter wereld\",\"publisher\":{\"@id\":\"https:\/\/www.koonings.com\/de\/#organization\"},\"potentialAction\":[{\"@type\":\"SearchAction\",\"target\":{\"@type\":\"EntryPoint\",\"urlTemplate\":\"https:\/\/www.koonings.com\/de\/?s={search_term_string}\"},\"query-input\":{\"@type\":\"PropertyValueSpecification\",\"valueRequired\":true,\"valueName\":\"search_term_string\"}}],\"inLanguage\":\"de\"},{\"@type\":\"Organization\",\"@id\":\"https:\/\/www.koonings.com\/de\/#organization\",\"name\":\"Koonings\",\"url\":\"https:\/\/www.koonings.com\/de\/\",\"logo\":{\"@type\":\"ImageObject\",\"inLanguage\":\"de\",\"@id\":\"https:\/\/www.koonings.com\/de\/#\/schema\/logo\/image\/\",\"url\":\"https:\/\/www.koonings.com\/wp-content\/uploads\/2024\/07\/logo.png\",\"contentUrl\":\"https:\/\/www.koonings.com\/wp-content\/uploads\/2024\/07\/logo.png\",\"width\":600,\"height\":428,\"caption\":\"Koonings\"},\"image\":{\"@id\":\"https:\/\/www.koonings.com\/de\/#\/schema\/logo\/image\/\"},\"sameAs\":[\"https:\/\/www.facebook.com\/kooningstheweddingpalace\",\"https:\/\/www.instagram.com\/kooningstheweddingpalace\",\"https:\/\/www.pinterest.com\/koonings\",\"https:\/\/www.youtube.com\/kooningstheweddingpalace\"]}]}<\/script>\n<!-- \/ Yoast SEO plugin. -->","yoast_head_json":{"title":"Ramona Koonings Couture KN2503 Marie | Koonings","description":"Das romantische Marie Brautkleid von Ramona Koonings Couture Bei Koonings The Wedding Palace gl\u00e4nzen die exklusiven Hochzeitskleider von Ramona Koonings Couture, darunter das bezaubernde Modell Marie. Dieses Couture-Hochzeitskleid strahlt vertr\u00e4umte Eleganz aus und ist perfekt f\u00fcr die Braut, die sich an ihrem gro\u00dfen Tag wie eine echte Prinzessin f\u00fchlen m\u00f6chte. Das Brautkleid Marie hat eine schmeichelhafte A-Linien-Passform, die sanft am K\u00f6rper entlang f\u00e4llt und einen romantischen, anmutigen Look verleiht. Der V-Ausschnitt mit den zarten Tr\u00e4gern verleiht dem Kleid eine subtile Raffinesse, w\u00e4hrend die langen \u00c4rmel ihm einen eleganten und k\u00f6niglichen Touch verleihen. Das Kleid ist in einem zarten Elfenbeinton gehalten, der die Details wundersch\u00f6n zur Geltung bringt. Was dieses Kleid besonders macht, sind die zarten 3D-Blumen, die wie ein filigranes Kunstwerk \u00fcber das Kleid verstreut sind. Der mehrlagige T\u00fcllrock sorgt f\u00fcr ein m\u00e4rchenhaftes Volumen und verleiht Ihnen bei jeder Bewegung einen zauberhaften Look. Tr\u00e4umen Sie von einem Couture-Brautkleid mit einem zeitlosen, romantischen Look? Dann lassen Sie sich von dem Brautkleid Marie von Ramona Koonings Couture verzaubern und entdecken Sie diese exklusive Kreation bei Koonings The Wedding Palace - dem Ort, an dem Brautmode und Magie zusammenkommen.","robots":{"index":"index","follow":"follow","max-snippet":"max-snippet:-1","max-image-preview":"max-image-preview:large","max-video-preview":"max-video-preview:-1"},"canonical":"https:\/\/www.koonings.com\/de\/product\/ramona-koonings-couture-kn2503-marie\/","og_locale":"de_DE","og_type":"article","og_title":"Ramona Koonings Couture KN2503 Marie | Koonings","og_description":"Das romantische Marie Brautkleid von Ramona Koonings Couture Bei Koonings The Wedding Palace gl\u00e4nzen die exklusiven Hochzeitskleider von Ramona Koonings Couture, darunter das bezaubernde Modell Marie. Dieses Couture-Hochzeitskleid strahlt vertr\u00e4umte Eleganz aus und ist perfekt f\u00fcr die Braut, die sich an ihrem gro\u00dfen Tag wie eine echte Prinzessin f\u00fchlen m\u00f6chte. Das Brautkleid Marie hat eine schmeichelhafte A-Linien-Passform, die sanft am K\u00f6rper entlang f\u00e4llt und einen romantischen, anmutigen Look verleiht. Der V-Ausschnitt mit den zarten Tr\u00e4gern verleiht dem Kleid eine subtile Raffinesse, w\u00e4hrend die langen \u00c4rmel ihm einen eleganten und k\u00f6niglichen Touch verleihen. Das Kleid ist in einem zarten Elfenbeinton gehalten, der die Details wundersch\u00f6n zur Geltung bringt. Was dieses Kleid besonders macht, sind die zarten 3D-Blumen, die wie ein filigranes Kunstwerk \u00fcber das Kleid verstreut sind. Der mehrlagige T\u00fcllrock sorgt f\u00fcr ein m\u00e4rchenhaftes Volumen und verleiht Ihnen bei jeder Bewegung einen zauberhaften Look. Tr\u00e4umen Sie von einem Couture-Brautkleid mit einem zeitlosen, romantischen Look? Dann lassen Sie sich von dem Brautkleid Marie von Ramona Koonings Couture verzaubern und entdecken Sie diese exklusive Kreation bei Koonings The Wedding Palace - dem Ort, an dem Brautmode und Magie zusammenkommen.","og_url":"https:\/\/www.koonings.com\/de\/product\/ramona-koonings-couture-kn2503-marie\/","og_site_name":"Koonings","article_publisher":"https:\/\/www.facebook.com\/kooningstheweddingpalace","article_modified_time":"2026-02-03T19:22:01+00:00","og_image":[{"width":1806,"height":2560,"url":"https:\/\/www.koonings.com\/wp-content\/uploads\/2025\/03\/39983_3549a7da774c6295e779ab07cea9e67302a804a97678e563cf38f3cb83a271c7a08f5002-scaled.jpeg","type":"image\/jpeg"}],"twitter_card":"summary_large_image","twitter_misc":{"Gesch\u00e4tzte Lesezeit":"1\u00a0Minute"},"schema":{"@context":"https:\/\/schema.org","@graph":[{"@type":"WebPage","@id":"https:\/\/www.koonings.com\/de\/product\/ramona-koonings-couture-kn2503-marie\/","url":"https:\/\/www.koonings.com\/de\/product\/ramona-koonings-couture-kn2503-marie\/","name":"Ramona Koonings Couture KN2503 Marie | Koonings","isPartOf":{"@id":"https:\/\/www.koonings.com\/de\/#website"},"primaryImageOfPage":{"@id":"https:\/\/www.koonings.com\/de\/product\/ramona-koonings-couture-kn2503-marie\/#primaryimage"},"image":{"@id":"https:\/\/www.koonings.com\/de\/product\/ramona-koonings-couture-kn2503-marie\/#primaryimage"},"thumbnailUrl":"https:\/\/www.koonings.com\/wp-content\/uploads\/2025\/03\/39983_3549a7da774c6295e779ab07cea9e67302a804a97678e563cf38f3cb83a271c7a08f5002-scaled.jpeg","datePublished":"2025-12-14T23:28:05+00:00","dateModified":"2026-02-03T19:22:01+00:00","description":"Das romantische Marie Brautkleid von Ramona Koonings Couture Bei Koonings The Wedding Palace gl\u00e4nzen die exklusiven Hochzeitskleider von Ramona Koonings Couture, darunter das bezaubernde Modell Marie. Dieses Couture-Hochzeitskleid strahlt vertr\u00e4umte Eleganz aus und ist perfekt f\u00fcr die Braut, die sich an ihrem gro\u00dfen Tag wie eine echte Prinzessin f\u00fchlen m\u00f6chte. Das Brautkleid Marie hat eine schmeichelhafte A-Linien-Passform, die sanft am K\u00f6rper entlang f\u00e4llt und einen romantischen, anmutigen Look verleiht. Der V-Ausschnitt mit den zarten Tr\u00e4gern verleiht dem Kleid eine subtile Raffinesse, w\u00e4hrend die langen \u00c4rmel ihm einen eleganten und k\u00f6niglichen Touch verleihen. Das Kleid ist in einem zarten Elfenbeinton gehalten, der die Details wundersch\u00f6n zur Geltung bringt. Was dieses Kleid besonders macht, sind die zarten 3D-Blumen, die wie ein filigranes Kunstwerk \u00fcber das Kleid verstreut sind. Der mehrlagige T\u00fcllrock sorgt f\u00fcr ein m\u00e4rchenhaftes Volumen und verleiht Ihnen bei jeder Bewegung einen zauberhaften Look. Tr\u00e4umen Sie von einem Couture-Brautkleid mit einem zeitlosen, romantischen Look? Dann lassen Sie sich von dem Brautkleid Marie von Ramona Koonings Couture verzaubern und entdecken Sie diese exklusive Kreation bei Koonings The Wedding Palace - dem Ort, an dem Brautmode und Magie zusammenkommen.","breadcrumb":{"@id":"https:\/\/www.koonings.com\/de\/product\/ramona-koonings-couture-kn2503-marie\/#breadcrumb"},"inLanguage":"de","potentialAction":[{"@type":"ReadAction","target":["https:\/\/www.koonings.com\/de\/product\/ramona-koonings-couture-kn2503-marie\/"]}]},{"@type":"ImageObject","inLanguage":"de","@id":"https:\/\/www.koonings.com\/de\/product\/ramona-koonings-couture-kn2503-marie\/#primaryimage","url":"https:\/\/www.koonings.com\/wp-content\/uploads\/2025\/03\/39983_3549a7da774c6295e779ab07cea9e67302a804a97678e563cf38f3cb83a271c7a08f5002-scaled.jpeg","contentUrl":"https:\/\/www.koonings.com\/wp-content\/uploads\/2025\/03\/39983_3549a7da774c6295e779ab07cea9e67302a804a97678e563cf38f3cb83a271c7a08f5002-scaled.jpeg","width":1806,"height":2560},{"@type":"BreadcrumbList","@id":"https:\/\/www.koonings.com\/de\/product\/ramona-koonings-couture-kn2503-marie\/#breadcrumb","itemListElement":[{"@type":"ListItem","position":1,"name":"Home","item":"https:\/\/www.koonings.com\/de\/"},{"@type":"ListItem","position":2,"name":"Ramona Koonings Couture KN2503 Marie"}]},{"@type":"WebSite","@id":"https:\/\/www.koonings.com\/de\/#website","url":"https:\/\/www.koonings.com\/de\/","name":"Koonings","description":"De grootste bruidsmodewinkel ter wereld","publisher":{"@id":"https:\/\/www.koonings.com\/de\/#organization"},"potentialAction":[{"@type":"SearchAction","target":{"@type":"EntryPoint","urlTemplate":"https:\/\/www.koonings.com\/de\/?s={search_term_string}"},"query-input":{"@type":"PropertyValueSpecification","valueRequired":true,"valueName":"search_term_string"}}],"inLanguage":"de"},{"@type":"Organization","@id":"https:\/\/www.koonings.com\/de\/#organization","name":"Koonings","url":"https:\/\/www.koonings.com\/de\/","logo":{"@type":"ImageObject","inLanguage":"de","@id":"https:\/\/www.koonings.com\/de\/#\/schema\/logo\/image\/","url":"https:\/\/www.koonings.com\/wp-content\/uploads\/2024\/07\/logo.png","contentUrl":"https:\/\/www.koonings.com\/wp-content\/uploads\/2024\/07\/logo.png","width":600,"height":428,"caption":"Koonings"},"image":{"@id":"https:\/\/www.koonings.com\/de\/#\/schema\/logo\/image\/"},"sameAs":["https:\/\/www.facebook.com\/kooningstheweddingpalace","https:\/\/www.instagram.com\/kooningstheweddingpalace","https:\/\/www.pinterest.com\/koonings","https:\/\/www.youtube.com\/kooningstheweddingpalace"]}]}},"_links":{"self":[{"href":"https:\/\/www.koonings.com\/de\/wp-json\/wp\/v2\/product\/85186","targetHints":{"allow":["GET"]}}],"collection":[{"href":"https:\/\/www.koonings.com\/de\/wp-json\/wp\/v2\/product"}],"about":[{"href":"https:\/\/www.koonings.com\/de\/wp-json\/wp\/v2\/types\/product"}],"wp:featuredmedia":[{"embeddable":true,"href":"https:\/\/www.koonings.com\/de\/wp-json\/wp\/v2\/media\/82640"}],"wp:attachment":[{"href":"https:\/\/www.koonings.com\/de\/wp-json\/wp\/v2\/media?parent=85186"}],"wp:term":[{"taxonomy":"productdetails","embeddable":true,"href":"https:\/\/www.koonings.com\/de\/wp-json\/wp\/v2\/productdetails?post=85186"},{"taxonomy":"productneck","embeddable":true,"href":"https:\/\/www.koonings.com\/de\/wp-json\/wp\/v2\/productneck?post=85186"},{"taxonomy":"productcolor","embeddable":true,"href":"https:\/\/www.koonings.com\/de\/wp-json\/wp\/v2\/productcolor?post=85186"},{"taxonomy":"maat","embeddable":true,"href":"https:\/\/www.koonings.com\/de\/wp-json\/wp\/v2\/maat?post=85186"},{"taxonomy":"productsupplier","embeddable":true,"href":"https:\/\/www.koonings.com\/de\/wp-json\/wp\/v2\/productsupplier?post=85186"},{"taxonomy":"productsleeve","embeddable":true,"href":"https:\/\/www.koonings.com\/de\/wp-json\/wp\/v2\/productsleeve?post=85186"},{"taxonomy":"productcategory","embeddable":true,"href":"https:\/\/www.koonings.com\/de\/wp-json\/wp\/v2\/productcategory?post=85186"},{"taxonomy":"productsilhouette","embeddable":true,"href":"https:\/\/www.koonings.com\/de\/wp-json\/wp\/v2\/productsilhouette?post=85186"},{"taxonomy":"productstyle","embeddable":true,"href":"https:\/\/www.koonings.com\/de\/wp-json\/wp\/v2\/productstyle?post=85186"}],"curies":[{"name":"wp","href":"https:\/\/api.w.org\/{rel}","templated":true}]}}