{"id":85178,"date":"2026-04-14T16:32:28","date_gmt":"2026-04-14T14:32:28","guid":{"rendered":"https:\/\/www.koonings.com\/product\/wona-concept-dune-set\/"},"modified":"2025-06-05T13:59:17","modified_gmt":"2025-06-05T11:59:17","slug":"wona-concept-dune-set","status":"publish","type":"product","link":"https:\/\/www.koonings.com\/de\/product\/wona-concept-dune-set\/","title":{"rendered":"Wona Concept Dune set"},"content":{"rendered":"<p>Das Wona Concept Dune Hochzeitskleid ist ein Meisterwerk, das zeitlose Eleganz mit modernem Flair verbindet. Bei diesem Kleid hat die Braut die Wahl zwischen einem eleganten, raffinierten Look mit dem Basisrock oder einem vertr\u00e4umten Look mit dem T\u00fcll\u00fcberrock. Dieses Design gibt Ihnen die Flexibilit\u00e4t, Ihren einzigartigen Brautstil zum Ausdruck zu bringen.  <\/p>\n","protected":false},"featured_media":83338,"template":"","meta":{"_acf_changed":false,"ghostkit_customizer_options":"","ghostkit_custom_css":"","ghostkit_custom_js_head":"","ghostkit_custom_js_foot":"","ghostkit_typography":""},"productdetails":[],"productneck":[354,355],"productcolor":[392],"maat":[],"productsupplier":[441],"productsleeve":[],"productcategory":[18],"productsilhouette":[387],"productstyle":[365,370],"class_list":["post-85178","product","type-product","status-publish","has-post-thumbnail","hentry","productneck-354","productneck-355","productcolor-392","productsupplier-wona-concept","productcategory-trouwjurken","productsilhouette-387","productstyle-365","productstyle-370"],"acf":[],"yoast_head":"<!-- This site is optimized with the Yoast SEO plugin v27.3 - https:\/\/yoast.com\/product\/yoast-seo-wordpress\/ -->\n<title>Wona Concept Dune set | Koonings<\/title>\n<meta name=\"description\" content=\"Das Wona Concept Dune Hochzeitskleid ist ein Meisterwerk, das zeitlose Eleganz mit modernem Flair verbindet. Bei diesem Kleid hat die Braut die Wahl zwischen einem eleganten, raffinierten Look mit dem Basisrock oder einem vertr\u00e4umten Look mit dem T\u00fcll\u00fcberrock. Dieses Design gibt Ihnen die Flexibilit\u00e4t, Ihren einzigartigen Brautstil zum Ausdruck zu bringen.\" \/>\n<meta name=\"robots\" content=\"index, follow, max-snippet:-1, max-image-preview:large, max-video-preview:-1\" \/>\n<link rel=\"canonical\" href=\"https:\/\/www.koonings.com\/de\/product\/wona-concept-dune-set\/\" \/>\n<meta property=\"og:locale\" content=\"de_DE\" \/>\n<meta property=\"og:type\" content=\"article\" \/>\n<meta property=\"og:title\" content=\"Wona Concept Dune set | Koonings\" \/>\n<meta property=\"og:description\" content=\"Das Wona Concept Dune Hochzeitskleid ist ein Meisterwerk, das zeitlose Eleganz mit modernem Flair verbindet. Bei diesem Kleid hat die Braut die Wahl zwischen einem eleganten, raffinierten Look mit dem Basisrock oder einem vertr\u00e4umten Look mit dem T\u00fcll\u00fcberrock. Dieses Design gibt Ihnen die Flexibilit\u00e4t, Ihren einzigartigen Brautstil zum Ausdruck zu bringen.\" \/>\n<meta property=\"og:url\" content=\"https:\/\/www.koonings.com\/de\/product\/wona-concept-dune-set\/\" \/>\n<meta property=\"og:site_name\" content=\"Koonings\" \/>\n<meta property=\"article:publisher\" content=\"https:\/\/www.facebook.com\/kooningstheweddingpalace\" \/>\n<meta property=\"og:image\" content=\"https:\/\/www.koonings.com\/wp-content\/uploads\/2025\/04\/49886_cbe7c71f0697b6ba8218a4b65db7a43ad1eedc11a1de6f312ca546f320a7980098c76fd3.jpeg\" \/>\n\t<meta property=\"og:image:width\" content=\"1005\" \/>\n\t<meta property=\"og:image:height\" content=\"1420\" \/>\n\t<meta property=\"og:image:type\" content=\"image\/jpeg\" \/>\n<meta name=\"twitter:card\" content=\"summary_large_image\" \/>\n<script type=\"application\/ld+json\" class=\"yoast-schema-graph\">{\"@context\":\"https:\\\/\\\/schema.org\",\"@graph\":[{\"@type\":\"WebPage\",\"@id\":\"https:\\\/\\\/www.koonings.com\\\/de\\\/product\\\/wona-concept-dune-set\\\/\",\"url\":\"https:\\\/\\\/www.koonings.com\\\/de\\\/product\\\/wona-concept-dune-set\\\/\",\"name\":\"Wona Concept Dune set | Koonings\",\"isPartOf\":{\"@id\":\"https:\\\/\\\/www.koonings.com\\\/de\\\/#website\"},\"primaryImageOfPage\":{\"@id\":\"https:\\\/\\\/www.koonings.com\\\/de\\\/product\\\/wona-concept-dune-set\\\/#primaryimage\"},\"image\":{\"@id\":\"https:\\\/\\\/www.koonings.com\\\/de\\\/product\\\/wona-concept-dune-set\\\/#primaryimage\"},\"thumbnailUrl\":\"https:\\\/\\\/www.koonings.com\\\/wp-content\\\/uploads\\\/2025\\\/04\\\/49886_cbe7c71f0697b6ba8218a4b65db7a43ad1eedc11a1de6f312ca546f320a7980098c76fd3.jpeg\",\"datePublished\":\"2026-04-14T14:32:28+00:00\",\"description\":\"Das Wona Concept Dune Hochzeitskleid ist ein Meisterwerk, das zeitlose Eleganz mit modernem Flair verbindet. Bei diesem Kleid hat die Braut die Wahl zwischen einem eleganten, raffinierten Look mit dem Basisrock oder einem vertr\u00e4umten Look mit dem T\u00fcll\u00fcberrock. Dieses Design gibt Ihnen die Flexibilit\u00e4t, Ihren einzigartigen Brautstil zum Ausdruck zu bringen.\",\"breadcrumb\":{\"@id\":\"https:\\\/\\\/www.koonings.com\\\/de\\\/product\\\/wona-concept-dune-set\\\/#breadcrumb\"},\"inLanguage\":\"de\",\"potentialAction\":[{\"@type\":\"ReadAction\",\"target\":[\"https:\\\/\\\/www.koonings.com\\\/de\\\/product\\\/wona-concept-dune-set\\\/\"]}]},{\"@type\":\"ImageObject\",\"inLanguage\":\"de\",\"@id\":\"https:\\\/\\\/www.koonings.com\\\/de\\\/product\\\/wona-concept-dune-set\\\/#primaryimage\",\"url\":\"https:\\\/\\\/www.koonings.com\\\/wp-content\\\/uploads\\\/2025\\\/04\\\/49886_cbe7c71f0697b6ba8218a4b65db7a43ad1eedc11a1de6f312ca546f320a7980098c76fd3.jpeg\",\"contentUrl\":\"https:\\\/\\\/www.koonings.com\\\/wp-content\\\/uploads\\\/2025\\\/04\\\/49886_cbe7c71f0697b6ba8218a4b65db7a43ad1eedc11a1de6f312ca546f320a7980098c76fd3.jpeg\",\"width\":1005,\"height\":1420},{\"@type\":\"BreadcrumbList\",\"@id\":\"https:\\\/\\\/www.koonings.com\\\/de\\\/product\\\/wona-concept-dune-set\\\/#breadcrumb\",\"itemListElement\":[{\"@type\":\"ListItem\",\"position\":1,\"name\":\"Home\",\"item\":\"https:\\\/\\\/www.koonings.com\\\/de\\\/\"},{\"@type\":\"ListItem\",\"position\":2,\"name\":\"Wona Concept Dune set\"}]},{\"@type\":\"WebSite\",\"@id\":\"https:\\\/\\\/www.koonings.com\\\/de\\\/#website\",\"url\":\"https:\\\/\\\/www.koonings.com\\\/de\\\/\",\"name\":\"Koonings\",\"description\":\"De grootste bruidsmodewinkel ter wereld\",\"publisher\":{\"@id\":\"https:\\\/\\\/www.koonings.com\\\/de\\\/#organization\"},\"potentialAction\":[{\"@type\":\"SearchAction\",\"target\":{\"@type\":\"EntryPoint\",\"urlTemplate\":\"https:\\\/\\\/www.koonings.com\\\/de\\\/?s={search_term_string}\"},\"query-input\":{\"@type\":\"PropertyValueSpecification\",\"valueRequired\":true,\"valueName\":\"search_term_string\"}}],\"inLanguage\":\"de\"},{\"@type\":\"Organization\",\"@id\":\"https:\\\/\\\/www.koonings.com\\\/de\\\/#organization\",\"name\":\"Koonings\",\"url\":\"https:\\\/\\\/www.koonings.com\\\/de\\\/\",\"logo\":{\"@type\":\"ImageObject\",\"inLanguage\":\"de\",\"@id\":\"https:\\\/\\\/www.koonings.com\\\/de\\\/#\\\/schema\\\/logo\\\/image\\\/\",\"url\":\"https:\\\/\\\/www.koonings.com\\\/wp-content\\\/uploads\\\/2024\\\/07\\\/logo.png\",\"contentUrl\":\"https:\\\/\\\/www.koonings.com\\\/wp-content\\\/uploads\\\/2024\\\/07\\\/logo.png\",\"width\":600,\"height\":428,\"caption\":\"Koonings\"},\"image\":{\"@id\":\"https:\\\/\\\/www.koonings.com\\\/de\\\/#\\\/schema\\\/logo\\\/image\\\/\"},\"sameAs\":[\"https:\\\/\\\/www.facebook.com\\\/kooningstheweddingpalace\",\"https:\\\/\\\/www.instagram.com\\\/kooningstheweddingpalace\",\"https:\\\/\\\/www.pinterest.com\\\/koonings\",\"https:\\\/\\\/www.youtube.com\\\/kooningstheweddingpalace\"]}]}<\/script>\n<!-- \/ Yoast SEO plugin. -->","yoast_head_json":{"title":"Wona Concept Dune set | Koonings","description":"Das Wona Concept Dune Hochzeitskleid ist ein Meisterwerk, das zeitlose Eleganz mit modernem Flair verbindet. Bei diesem Kleid hat die Braut die Wahl zwischen einem eleganten, raffinierten Look mit dem Basisrock oder einem vertr\u00e4umten Look mit dem T\u00fcll\u00fcberrock. Dieses Design gibt Ihnen die Flexibilit\u00e4t, Ihren einzigartigen Brautstil zum Ausdruck zu bringen.","robots":{"index":"index","follow":"follow","max-snippet":"max-snippet:-1","max-image-preview":"max-image-preview:large","max-video-preview":"max-video-preview:-1"},"canonical":"https:\/\/www.koonings.com\/de\/product\/wona-concept-dune-set\/","og_locale":"de_DE","og_type":"article","og_title":"Wona Concept Dune set | Koonings","og_description":"Das Wona Concept Dune Hochzeitskleid ist ein Meisterwerk, das zeitlose Eleganz mit modernem Flair verbindet. Bei diesem Kleid hat die Braut die Wahl zwischen einem eleganten, raffinierten Look mit dem Basisrock oder einem vertr\u00e4umten Look mit dem T\u00fcll\u00fcberrock. Dieses Design gibt Ihnen die Flexibilit\u00e4t, Ihren einzigartigen Brautstil zum Ausdruck zu bringen.","og_url":"https:\/\/www.koonings.com\/de\/product\/wona-concept-dune-set\/","og_site_name":"Koonings","article_publisher":"https:\/\/www.facebook.com\/kooningstheweddingpalace","og_image":[{"width":1005,"height":1420,"url":"https:\/\/www.koonings.com\/wp-content\/uploads\/2025\/04\/49886_cbe7c71f0697b6ba8218a4b65db7a43ad1eedc11a1de6f312ca546f320a7980098c76fd3.jpeg","type":"image\/jpeg"}],"twitter_card":"summary_large_image","schema":{"@context":"https:\/\/schema.org","@graph":[{"@type":"WebPage","@id":"https:\/\/www.koonings.com\/de\/product\/wona-concept-dune-set\/","url":"https:\/\/www.koonings.com\/de\/product\/wona-concept-dune-set\/","name":"Wona Concept Dune set | Koonings","isPartOf":{"@id":"https:\/\/www.koonings.com\/de\/#website"},"primaryImageOfPage":{"@id":"https:\/\/www.koonings.com\/de\/product\/wona-concept-dune-set\/#primaryimage"},"image":{"@id":"https:\/\/www.koonings.com\/de\/product\/wona-concept-dune-set\/#primaryimage"},"thumbnailUrl":"https:\/\/www.koonings.com\/wp-content\/uploads\/2025\/04\/49886_cbe7c71f0697b6ba8218a4b65db7a43ad1eedc11a1de6f312ca546f320a7980098c76fd3.jpeg","datePublished":"2026-04-14T14:32:28+00:00","description":"Das Wona Concept Dune Hochzeitskleid ist ein Meisterwerk, das zeitlose Eleganz mit modernem Flair verbindet. Bei diesem Kleid hat die Braut die Wahl zwischen einem eleganten, raffinierten Look mit dem Basisrock oder einem vertr\u00e4umten Look mit dem T\u00fcll\u00fcberrock. Dieses Design gibt Ihnen die Flexibilit\u00e4t, Ihren einzigartigen Brautstil zum Ausdruck zu bringen.","breadcrumb":{"@id":"https:\/\/www.koonings.com\/de\/product\/wona-concept-dune-set\/#breadcrumb"},"inLanguage":"de","potentialAction":[{"@type":"ReadAction","target":["https:\/\/www.koonings.com\/de\/product\/wona-concept-dune-set\/"]}]},{"@type":"ImageObject","inLanguage":"de","@id":"https:\/\/www.koonings.com\/de\/product\/wona-concept-dune-set\/#primaryimage","url":"https:\/\/www.koonings.com\/wp-content\/uploads\/2025\/04\/49886_cbe7c71f0697b6ba8218a4b65db7a43ad1eedc11a1de6f312ca546f320a7980098c76fd3.jpeg","contentUrl":"https:\/\/www.koonings.com\/wp-content\/uploads\/2025\/04\/49886_cbe7c71f0697b6ba8218a4b65db7a43ad1eedc11a1de6f312ca546f320a7980098c76fd3.jpeg","width":1005,"height":1420},{"@type":"BreadcrumbList","@id":"https:\/\/www.koonings.com\/de\/product\/wona-concept-dune-set\/#breadcrumb","itemListElement":[{"@type":"ListItem","position":1,"name":"Home","item":"https:\/\/www.koonings.com\/de\/"},{"@type":"ListItem","position":2,"name":"Wona Concept Dune set"}]},{"@type":"WebSite","@id":"https:\/\/www.koonings.com\/de\/#website","url":"https:\/\/www.koonings.com\/de\/","name":"Koonings","description":"De grootste bruidsmodewinkel ter wereld","publisher":{"@id":"https:\/\/www.koonings.com\/de\/#organization"},"potentialAction":[{"@type":"SearchAction","target":{"@type":"EntryPoint","urlTemplate":"https:\/\/www.koonings.com\/de\/?s={search_term_string}"},"query-input":{"@type":"PropertyValueSpecification","valueRequired":true,"valueName":"search_term_string"}}],"inLanguage":"de"},{"@type":"Organization","@id":"https:\/\/www.koonings.com\/de\/#organization","name":"Koonings","url":"https:\/\/www.koonings.com\/de\/","logo":{"@type":"ImageObject","inLanguage":"de","@id":"https:\/\/www.koonings.com\/de\/#\/schema\/logo\/image\/","url":"https:\/\/www.koonings.com\/wp-content\/uploads\/2024\/07\/logo.png","contentUrl":"https:\/\/www.koonings.com\/wp-content\/uploads\/2024\/07\/logo.png","width":600,"height":428,"caption":"Koonings"},"image":{"@id":"https:\/\/www.koonings.com\/de\/#\/schema\/logo\/image\/"},"sameAs":["https:\/\/www.facebook.com\/kooningstheweddingpalace","https:\/\/www.instagram.com\/kooningstheweddingpalace","https:\/\/www.pinterest.com\/koonings","https:\/\/www.youtube.com\/kooningstheweddingpalace"]}]}},"_links":{"self":[{"href":"https:\/\/www.koonings.com\/de\/wp-json\/wp\/v2\/product\/85178","targetHints":{"allow":["GET"]}}],"collection":[{"href":"https:\/\/www.koonings.com\/de\/wp-json\/wp\/v2\/product"}],"about":[{"href":"https:\/\/www.koonings.com\/de\/wp-json\/wp\/v2\/types\/product"}],"wp:featuredmedia":[{"embeddable":true,"href":"https:\/\/www.koonings.com\/de\/wp-json\/wp\/v2\/media\/83338"}],"wp:attachment":[{"href":"https:\/\/www.koonings.com\/de\/wp-json\/wp\/v2\/media?parent=85178"}],"wp:term":[{"taxonomy":"productdetails","embeddable":true,"href":"https:\/\/www.koonings.com\/de\/wp-json\/wp\/v2\/productdetails?post=85178"},{"taxonomy":"productneck","embeddable":true,"href":"https:\/\/www.koonings.com\/de\/wp-json\/wp\/v2\/productneck?post=85178"},{"taxonomy":"productcolor","embeddable":true,"href":"https:\/\/www.koonings.com\/de\/wp-json\/wp\/v2\/productcolor?post=85178"},{"taxonomy":"maat","embeddable":true,"href":"https:\/\/www.koonings.com\/de\/wp-json\/wp\/v2\/maat?post=85178"},{"taxonomy":"productsupplier","embeddable":true,"href":"https:\/\/www.koonings.com\/de\/wp-json\/wp\/v2\/productsupplier?post=85178"},{"taxonomy":"productsleeve","embeddable":true,"href":"https:\/\/www.koonings.com\/de\/wp-json\/wp\/v2\/productsleeve?post=85178"},{"taxonomy":"productcategory","embeddable":true,"href":"https:\/\/www.koonings.com\/de\/wp-json\/wp\/v2\/productcategory?post=85178"},{"taxonomy":"productsilhouette","embeddable":true,"href":"https:\/\/www.koonings.com\/de\/wp-json\/wp\/v2\/productsilhouette?post=85178"},{"taxonomy":"productstyle","embeddable":true,"href":"https:\/\/www.koonings.com\/de\/wp-json\/wp\/v2\/productstyle?post=85178"}],"curies":[{"name":"wp","href":"https:\/\/api.w.org\/{rel}","templated":true}]}}