{"id":85174,"date":"2026-04-10T16:32:27","date_gmt":"2026-04-10T14:32:27","guid":{"rendered":"https:\/\/www.koonings.com\/product\/sonia-pena-11250057\/"},"modified":"2025-06-05T13:59:16","modified_gmt":"2025-06-05T11:59:16","slug":"sonia-pena-11250057","status":"publish","type":"product","link":"https:\/\/www.koonings.com\/de\/product\/sonia-pena-11250057\/","title":{"rendered":"Sonia Pena 11250057"},"content":{"rendered":"<p>Dieses elegante 2-teilige Cocktail-Set von Sonia Pe\u00f1a strahlt Raffinesse und Klasse aus. Der sandfarbene Rock, der knapp \u00fcber das Knie f\u00e4llt, bietet einen zeitlosen und stilvollen Look. Die passende Jacke, die mit einem dezenten Blumenmuster verziert ist, verleiht dem Ensemble einen Hauch von Romantik. Die Dreiviertel-\u00c4rmel aus T\u00fcll verleihen dem Kleid einen leichten und eleganten Touch, w\u00e4hrend der V-Ausschnitt die Silhouette wundersch\u00f6n umschmeichelt. Perfekt f\u00fcr einen schicken Anlass, kombiniert dieses Set klassische Eleganz mit moderner Finesse.    <\/p>\n","protected":false},"featured_media":83373,"template":"","meta":{"_acf_changed":false,"ghostkit_customizer_options":"","ghostkit_custom_css":"","ghostkit_custom_js_head":"","ghostkit_custom_js_foot":"","ghostkit_typography":""},"productdetails":[],"productneck":[356],"productcolor":[394],"maat":[],"productsupplier":[493],"productsleeve":[361,362],"productcategory":[259],"productsilhouette":[],"productstyle":[369,366],"class_list":["post-85174","product","type-product","status-publish","has-post-thumbnail","hentry","productneck-356","productcolor-394","productsupplier-sonia-pena","productsleeve-361","productsleeve-362","productcategory-avondkleding","productstyle-369","productstyle-366"],"acf":[],"yoast_head":"<!-- This site is optimized with the Yoast SEO plugin v27.3 - https:\/\/yoast.com\/product\/yoast-seo-wordpress\/ -->\n<title>Sonia Pena 11250057 | Koonings<\/title>\n<meta name=\"description\" content=\"Dieses elegante 2-teilige Cocktail-Set von Sonia Pe\u00f1a strahlt Raffinesse und Klasse aus. Der sandfarbene Rock, der knapp \u00fcber das Knie f\u00e4llt, bietet einen zeitlosen und stilvollen Look. Die passende Jacke, die mit einem dezenten Blumenmuster verziert ist, verleiht dem Ensemble einen Hauch von Romantik. Die Dreiviertel-\u00c4rmel aus T\u00fcll verleihen dem Kleid einen leichten und eleganten Touch, w\u00e4hrend der V-Ausschnitt die Silhouette wundersch\u00f6n umschmeichelt. Perfekt f\u00fcr einen schicken Anlass, kombiniert dieses Set klassische Eleganz mit moderner Finesse.\" \/>\n<meta name=\"robots\" content=\"index, follow, max-snippet:-1, max-image-preview:large, max-video-preview:-1\" \/>\n<link rel=\"canonical\" href=\"https:\/\/www.koonings.com\/de\/product\/sonia-pena-11250057\/\" \/>\n<meta property=\"og:locale\" content=\"de_DE\" \/>\n<meta property=\"og:type\" content=\"article\" \/>\n<meta property=\"og:title\" content=\"Sonia Pena 11250057 | Koonings\" \/>\n<meta property=\"og:description\" content=\"Dieses elegante 2-teilige Cocktail-Set von Sonia Pe\u00f1a strahlt Raffinesse und Klasse aus. Der sandfarbene Rock, der knapp \u00fcber das Knie f\u00e4llt, bietet einen zeitlosen und stilvollen Look. Die passende Jacke, die mit einem dezenten Blumenmuster verziert ist, verleiht dem Ensemble einen Hauch von Romantik. Die Dreiviertel-\u00c4rmel aus T\u00fcll verleihen dem Kleid einen leichten und eleganten Touch, w\u00e4hrend der V-Ausschnitt die Silhouette wundersch\u00f6n umschmeichelt. Perfekt f\u00fcr einen schicken Anlass, kombiniert dieses Set klassische Eleganz mit moderner Finesse.\" \/>\n<meta property=\"og:url\" content=\"https:\/\/www.koonings.com\/de\/product\/sonia-pena-11250057\/\" \/>\n<meta property=\"og:site_name\" content=\"Koonings\" \/>\n<meta property=\"article:publisher\" content=\"https:\/\/www.facebook.com\/kooningstheweddingpalace\" \/>\n<meta property=\"og:image\" content=\"https:\/\/www.koonings.com\/wp-content\/uploads\/2025\/04\/49863_cad65255290ebc62ca3d8713fe250d3432ca43a9221b648714de5e6d1833272928554a18-819x1024.png\" \/>\n\t<meta property=\"og:image:width\" content=\"819\" \/>\n\t<meta property=\"og:image:height\" content=\"1024\" \/>\n\t<meta property=\"og:image:type\" content=\"image\/png\" \/>\n<meta name=\"twitter:card\" content=\"summary_large_image\" \/>\n<script type=\"application\/ld+json\" class=\"yoast-schema-graph\">{\"@context\":\"https:\\\/\\\/schema.org\",\"@graph\":[{\"@type\":\"WebPage\",\"@id\":\"https:\\\/\\\/www.koonings.com\\\/de\\\/product\\\/sonia-pena-11250057\\\/\",\"url\":\"https:\\\/\\\/www.koonings.com\\\/de\\\/product\\\/sonia-pena-11250057\\\/\",\"name\":\"Sonia Pena 11250057 | Koonings\",\"isPartOf\":{\"@id\":\"https:\\\/\\\/www.koonings.com\\\/de\\\/#website\"},\"primaryImageOfPage\":{\"@id\":\"https:\\\/\\\/www.koonings.com\\\/de\\\/product\\\/sonia-pena-11250057\\\/#primaryimage\"},\"image\":{\"@id\":\"https:\\\/\\\/www.koonings.com\\\/de\\\/product\\\/sonia-pena-11250057\\\/#primaryimage\"},\"thumbnailUrl\":\"https:\\\/\\\/www.koonings.com\\\/wp-content\\\/uploads\\\/2025\\\/04\\\/49863_cad65255290ebc62ca3d8713fe250d3432ca43a9221b648714de5e6d1833272928554a18.png\",\"datePublished\":\"2026-04-10T14:32:27+00:00\",\"description\":\"Dieses elegante 2-teilige Cocktail-Set von Sonia Pe\u00f1a strahlt Raffinesse und Klasse aus. Der sandfarbene Rock, der knapp \u00fcber das Knie f\u00e4llt, bietet einen zeitlosen und stilvollen Look. Die passende Jacke, die mit einem dezenten Blumenmuster verziert ist, verleiht dem Ensemble einen Hauch von Romantik. Die Dreiviertel-\u00c4rmel aus T\u00fcll verleihen dem Kleid einen leichten und eleganten Touch, w\u00e4hrend der V-Ausschnitt die Silhouette wundersch\u00f6n umschmeichelt. Perfekt f\u00fcr einen schicken Anlass, kombiniert dieses Set klassische Eleganz mit moderner Finesse.\",\"breadcrumb\":{\"@id\":\"https:\\\/\\\/www.koonings.com\\\/de\\\/product\\\/sonia-pena-11250057\\\/#breadcrumb\"},\"inLanguage\":\"de\",\"potentialAction\":[{\"@type\":\"ReadAction\",\"target\":[\"https:\\\/\\\/www.koonings.com\\\/de\\\/product\\\/sonia-pena-11250057\\\/\"]}]},{\"@type\":\"ImageObject\",\"inLanguage\":\"de\",\"@id\":\"https:\\\/\\\/www.koonings.com\\\/de\\\/product\\\/sonia-pena-11250057\\\/#primaryimage\",\"url\":\"https:\\\/\\\/www.koonings.com\\\/wp-content\\\/uploads\\\/2025\\\/04\\\/49863_cad65255290ebc62ca3d8713fe250d3432ca43a9221b648714de5e6d1833272928554a18.png\",\"contentUrl\":\"https:\\\/\\\/www.koonings.com\\\/wp-content\\\/uploads\\\/2025\\\/04\\\/49863_cad65255290ebc62ca3d8713fe250d3432ca43a9221b648714de5e6d1833272928554a18.png\",\"width\":864,\"height\":1080},{\"@type\":\"BreadcrumbList\",\"@id\":\"https:\\\/\\\/www.koonings.com\\\/de\\\/product\\\/sonia-pena-11250057\\\/#breadcrumb\",\"itemListElement\":[{\"@type\":\"ListItem\",\"position\":1,\"name\":\"Home\",\"item\":\"https:\\\/\\\/www.koonings.com\\\/de\\\/\"},{\"@type\":\"ListItem\",\"position\":2,\"name\":\"Sonia Pena 11250057\"}]},{\"@type\":\"WebSite\",\"@id\":\"https:\\\/\\\/www.koonings.com\\\/de\\\/#website\",\"url\":\"https:\\\/\\\/www.koonings.com\\\/de\\\/\",\"name\":\"Koonings\",\"description\":\"De grootste bruidsmodewinkel ter wereld\",\"publisher\":{\"@id\":\"https:\\\/\\\/www.koonings.com\\\/de\\\/#organization\"},\"potentialAction\":[{\"@type\":\"SearchAction\",\"target\":{\"@type\":\"EntryPoint\",\"urlTemplate\":\"https:\\\/\\\/www.koonings.com\\\/de\\\/?s={search_term_string}\"},\"query-input\":{\"@type\":\"PropertyValueSpecification\",\"valueRequired\":true,\"valueName\":\"search_term_string\"}}],\"inLanguage\":\"de\"},{\"@type\":\"Organization\",\"@id\":\"https:\\\/\\\/www.koonings.com\\\/de\\\/#organization\",\"name\":\"Koonings\",\"url\":\"https:\\\/\\\/www.koonings.com\\\/de\\\/\",\"logo\":{\"@type\":\"ImageObject\",\"inLanguage\":\"de\",\"@id\":\"https:\\\/\\\/www.koonings.com\\\/de\\\/#\\\/schema\\\/logo\\\/image\\\/\",\"url\":\"https:\\\/\\\/www.koonings.com\\\/wp-content\\\/uploads\\\/2024\\\/07\\\/logo.png\",\"contentUrl\":\"https:\\\/\\\/www.koonings.com\\\/wp-content\\\/uploads\\\/2024\\\/07\\\/logo.png\",\"width\":600,\"height\":428,\"caption\":\"Koonings\"},\"image\":{\"@id\":\"https:\\\/\\\/www.koonings.com\\\/de\\\/#\\\/schema\\\/logo\\\/image\\\/\"},\"sameAs\":[\"https:\\\/\\\/www.facebook.com\\\/kooningstheweddingpalace\",\"https:\\\/\\\/www.instagram.com\\\/kooningstheweddingpalace\",\"https:\\\/\\\/www.pinterest.com\\\/koonings\",\"https:\\\/\\\/www.youtube.com\\\/kooningstheweddingpalace\"]}]}<\/script>\n<!-- \/ Yoast SEO plugin. -->","yoast_head_json":{"title":"Sonia Pena 11250057 | Koonings","description":"Dieses elegante 2-teilige Cocktail-Set von Sonia Pe\u00f1a strahlt Raffinesse und Klasse aus. Der sandfarbene Rock, der knapp \u00fcber das Knie f\u00e4llt, bietet einen zeitlosen und stilvollen Look. Die passende Jacke, die mit einem dezenten Blumenmuster verziert ist, verleiht dem Ensemble einen Hauch von Romantik. Die Dreiviertel-\u00c4rmel aus T\u00fcll verleihen dem Kleid einen leichten und eleganten Touch, w\u00e4hrend der V-Ausschnitt die Silhouette wundersch\u00f6n umschmeichelt. Perfekt f\u00fcr einen schicken Anlass, kombiniert dieses Set klassische Eleganz mit moderner Finesse.","robots":{"index":"index","follow":"follow","max-snippet":"max-snippet:-1","max-image-preview":"max-image-preview:large","max-video-preview":"max-video-preview:-1"},"canonical":"https:\/\/www.koonings.com\/de\/product\/sonia-pena-11250057\/","og_locale":"de_DE","og_type":"article","og_title":"Sonia Pena 11250057 | Koonings","og_description":"Dieses elegante 2-teilige Cocktail-Set von Sonia Pe\u00f1a strahlt Raffinesse und Klasse aus. Der sandfarbene Rock, der knapp \u00fcber das Knie f\u00e4llt, bietet einen zeitlosen und stilvollen Look. Die passende Jacke, die mit einem dezenten Blumenmuster verziert ist, verleiht dem Ensemble einen Hauch von Romantik. Die Dreiviertel-\u00c4rmel aus T\u00fcll verleihen dem Kleid einen leichten und eleganten Touch, w\u00e4hrend der V-Ausschnitt die Silhouette wundersch\u00f6n umschmeichelt. Perfekt f\u00fcr einen schicken Anlass, kombiniert dieses Set klassische Eleganz mit moderner Finesse.","og_url":"https:\/\/www.koonings.com\/de\/product\/sonia-pena-11250057\/","og_site_name":"Koonings","article_publisher":"https:\/\/www.facebook.com\/kooningstheweddingpalace","og_image":[{"width":819,"height":1024,"url":"https:\/\/www.koonings.com\/wp-content\/uploads\/2025\/04\/49863_cad65255290ebc62ca3d8713fe250d3432ca43a9221b648714de5e6d1833272928554a18-819x1024.png","type":"image\/png"}],"twitter_card":"summary_large_image","schema":{"@context":"https:\/\/schema.org","@graph":[{"@type":"WebPage","@id":"https:\/\/www.koonings.com\/de\/product\/sonia-pena-11250057\/","url":"https:\/\/www.koonings.com\/de\/product\/sonia-pena-11250057\/","name":"Sonia Pena 11250057 | Koonings","isPartOf":{"@id":"https:\/\/www.koonings.com\/de\/#website"},"primaryImageOfPage":{"@id":"https:\/\/www.koonings.com\/de\/product\/sonia-pena-11250057\/#primaryimage"},"image":{"@id":"https:\/\/www.koonings.com\/de\/product\/sonia-pena-11250057\/#primaryimage"},"thumbnailUrl":"https:\/\/www.koonings.com\/wp-content\/uploads\/2025\/04\/49863_cad65255290ebc62ca3d8713fe250d3432ca43a9221b648714de5e6d1833272928554a18.png","datePublished":"2026-04-10T14:32:27+00:00","description":"Dieses elegante 2-teilige Cocktail-Set von Sonia Pe\u00f1a strahlt Raffinesse und Klasse aus. Der sandfarbene Rock, der knapp \u00fcber das Knie f\u00e4llt, bietet einen zeitlosen und stilvollen Look. Die passende Jacke, die mit einem dezenten Blumenmuster verziert ist, verleiht dem Ensemble einen Hauch von Romantik. Die Dreiviertel-\u00c4rmel aus T\u00fcll verleihen dem Kleid einen leichten und eleganten Touch, w\u00e4hrend der V-Ausschnitt die Silhouette wundersch\u00f6n umschmeichelt. Perfekt f\u00fcr einen schicken Anlass, kombiniert dieses Set klassische Eleganz mit moderner Finesse.","breadcrumb":{"@id":"https:\/\/www.koonings.com\/de\/product\/sonia-pena-11250057\/#breadcrumb"},"inLanguage":"de","potentialAction":[{"@type":"ReadAction","target":["https:\/\/www.koonings.com\/de\/product\/sonia-pena-11250057\/"]}]},{"@type":"ImageObject","inLanguage":"de","@id":"https:\/\/www.koonings.com\/de\/product\/sonia-pena-11250057\/#primaryimage","url":"https:\/\/www.koonings.com\/wp-content\/uploads\/2025\/04\/49863_cad65255290ebc62ca3d8713fe250d3432ca43a9221b648714de5e6d1833272928554a18.png","contentUrl":"https:\/\/www.koonings.com\/wp-content\/uploads\/2025\/04\/49863_cad65255290ebc62ca3d8713fe250d3432ca43a9221b648714de5e6d1833272928554a18.png","width":864,"height":1080},{"@type":"BreadcrumbList","@id":"https:\/\/www.koonings.com\/de\/product\/sonia-pena-11250057\/#breadcrumb","itemListElement":[{"@type":"ListItem","position":1,"name":"Home","item":"https:\/\/www.koonings.com\/de\/"},{"@type":"ListItem","position":2,"name":"Sonia Pena 11250057"}]},{"@type":"WebSite","@id":"https:\/\/www.koonings.com\/de\/#website","url":"https:\/\/www.koonings.com\/de\/","name":"Koonings","description":"De grootste bruidsmodewinkel ter wereld","publisher":{"@id":"https:\/\/www.koonings.com\/de\/#organization"},"potentialAction":[{"@type":"SearchAction","target":{"@type":"EntryPoint","urlTemplate":"https:\/\/www.koonings.com\/de\/?s={search_term_string}"},"query-input":{"@type":"PropertyValueSpecification","valueRequired":true,"valueName":"search_term_string"}}],"inLanguage":"de"},{"@type":"Organization","@id":"https:\/\/www.koonings.com\/de\/#organization","name":"Koonings","url":"https:\/\/www.koonings.com\/de\/","logo":{"@type":"ImageObject","inLanguage":"de","@id":"https:\/\/www.koonings.com\/de\/#\/schema\/logo\/image\/","url":"https:\/\/www.koonings.com\/wp-content\/uploads\/2024\/07\/logo.png","contentUrl":"https:\/\/www.koonings.com\/wp-content\/uploads\/2024\/07\/logo.png","width":600,"height":428,"caption":"Koonings"},"image":{"@id":"https:\/\/www.koonings.com\/de\/#\/schema\/logo\/image\/"},"sameAs":["https:\/\/www.facebook.com\/kooningstheweddingpalace","https:\/\/www.instagram.com\/kooningstheweddingpalace","https:\/\/www.pinterest.com\/koonings","https:\/\/www.youtube.com\/kooningstheweddingpalace"]}]}},"_links":{"self":[{"href":"https:\/\/www.koonings.com\/de\/wp-json\/wp\/v2\/product\/85174","targetHints":{"allow":["GET"]}}],"collection":[{"href":"https:\/\/www.koonings.com\/de\/wp-json\/wp\/v2\/product"}],"about":[{"href":"https:\/\/www.koonings.com\/de\/wp-json\/wp\/v2\/types\/product"}],"wp:featuredmedia":[{"embeddable":true,"href":"https:\/\/www.koonings.com\/de\/wp-json\/wp\/v2\/media\/83373"}],"wp:attachment":[{"href":"https:\/\/www.koonings.com\/de\/wp-json\/wp\/v2\/media?parent=85174"}],"wp:term":[{"taxonomy":"productdetails","embeddable":true,"href":"https:\/\/www.koonings.com\/de\/wp-json\/wp\/v2\/productdetails?post=85174"},{"taxonomy":"productneck","embeddable":true,"href":"https:\/\/www.koonings.com\/de\/wp-json\/wp\/v2\/productneck?post=85174"},{"taxonomy":"productcolor","embeddable":true,"href":"https:\/\/www.koonings.com\/de\/wp-json\/wp\/v2\/productcolor?post=85174"},{"taxonomy":"maat","embeddable":true,"href":"https:\/\/www.koonings.com\/de\/wp-json\/wp\/v2\/maat?post=85174"},{"taxonomy":"productsupplier","embeddable":true,"href":"https:\/\/www.koonings.com\/de\/wp-json\/wp\/v2\/productsupplier?post=85174"},{"taxonomy":"productsleeve","embeddable":true,"href":"https:\/\/www.koonings.com\/de\/wp-json\/wp\/v2\/productsleeve?post=85174"},{"taxonomy":"productcategory","embeddable":true,"href":"https:\/\/www.koonings.com\/de\/wp-json\/wp\/v2\/productcategory?post=85174"},{"taxonomy":"productsilhouette","embeddable":true,"href":"https:\/\/www.koonings.com\/de\/wp-json\/wp\/v2\/productsilhouette?post=85174"},{"taxonomy":"productstyle","embeddable":true,"href":"https:\/\/www.koonings.com\/de\/wp-json\/wp\/v2\/productstyle?post=85174"}],"curies":[{"name":"wp","href":"https:\/\/api.w.org\/{rel}","templated":true}]}}