{"id":85160,"date":"2026-04-21T18:32:26","date_gmt":"2026-04-21T16:32:26","guid":{"rendered":"https:\/\/www.koonings.com\/product\/sonia-pena-11250034a\/"},"modified":"2025-06-05T13:59:26","modified_gmt":"2025-06-05T11:59:26","slug":"sonia-pena-11250034a","status":"publish","type":"product","link":"https:\/\/www.koonings.com\/de\/product\/sonia-pena-11250034a\/","title":{"rendered":"Sonia Pena 11250034A"},"content":{"rendered":"<p>Dieses Cocktailkleid von Sonia Pe\u00f1a ist eine gewagte und elegante Wahl f\u00fcr einen schicken Anlass. Der einfarbige \u00dcberrock verleiht dem Kleid Dramatik und Flair, w\u00e4hrend die zartgr\u00fcne Hose darunter f\u00fcr einen modernen Twist sorgt. Das Neckholder-Oberteil mit V-Ausschnitt sorgt f\u00fcr einen schmeichelhaften und raffinierten Look, und das breite Band in der Mitte in der Farbe des \u00dcberrocks betont elegant die Taille. Dieses Cocktailkleid kombiniert Klassik mit Moderne und ist damit die perfekte Wahl f\u00fcr alle, die etwas Einzigartiges und Stilvolles suchen.   <\/p>\n","protected":false},"featured_media":83403,"template":"","meta":{"_acf_changed":false,"ghostkit_customizer_options":"","ghostkit_custom_css":"","ghostkit_custom_js_head":"","ghostkit_custom_js_foot":"","ghostkit_typography":""},"productdetails":[],"productneck":[],"productcolor":[394],"maat":[],"productsupplier":[493],"productsleeve":[360],"productcategory":[259],"productsilhouette":[391],"productstyle":[],"class_list":["post-85160","product","type-product","status-publish","has-post-thumbnail","hentry","productcolor-394","productsupplier-sonia-pena","productsleeve-360","productcategory-avondkleding","productsilhouette-391"],"acf":[],"yoast_head":"<!-- This site is optimized with the Yoast SEO plugin v27.3 - https:\/\/yoast.com\/product\/yoast-seo-wordpress\/ -->\n<title>Sonia Pena 11250034A | Koonings<\/title>\n<meta name=\"description\" content=\"Dieses Cocktailkleid von Sonia Pe\u00f1a ist eine gewagte und elegante Wahl f\u00fcr einen schicken Anlass. Der einfarbige \u00dcberrock verleiht dem Kleid Dramatik und Flair, w\u00e4hrend die zartgr\u00fcne Hose darunter f\u00fcr einen modernen Twist sorgt. Das Neckholder-Oberteil mit V-Ausschnitt sorgt f\u00fcr einen schmeichelhaften und raffinierten Look, und das breite Band in der Mitte in der Farbe des \u00dcberrocks betont elegant die Taille. Dieses Cocktailkleid kombiniert Klassik mit Moderne und ist damit die perfekte Wahl f\u00fcr alle, die etwas Einzigartiges und Stilvolles suchen.\" \/>\n<meta name=\"robots\" content=\"index, follow, max-snippet:-1, max-image-preview:large, max-video-preview:-1\" \/>\n<link rel=\"canonical\" href=\"https:\/\/www.koonings.com\/de\/product\/sonia-pena-11250034a\/\" \/>\n<meta property=\"og:locale\" content=\"de_DE\" \/>\n<meta property=\"og:type\" content=\"article\" \/>\n<meta property=\"og:title\" content=\"Sonia Pena 11250034A | Koonings\" \/>\n<meta property=\"og:description\" content=\"Dieses Cocktailkleid von Sonia Pe\u00f1a ist eine gewagte und elegante Wahl f\u00fcr einen schicken Anlass. Der einfarbige \u00dcberrock verleiht dem Kleid Dramatik und Flair, w\u00e4hrend die zartgr\u00fcne Hose darunter f\u00fcr einen modernen Twist sorgt. Das Neckholder-Oberteil mit V-Ausschnitt sorgt f\u00fcr einen schmeichelhaften und raffinierten Look, und das breite Band in der Mitte in der Farbe des \u00dcberrocks betont elegant die Taille. Dieses Cocktailkleid kombiniert Klassik mit Moderne und ist damit die perfekte Wahl f\u00fcr alle, die etwas Einzigartiges und Stilvolles suchen.\" \/>\n<meta property=\"og:url\" content=\"https:\/\/www.koonings.com\/de\/product\/sonia-pena-11250034a\/\" \/>\n<meta property=\"og:site_name\" content=\"Koonings\" \/>\n<meta property=\"article:publisher\" content=\"https:\/\/www.facebook.com\/kooningstheweddingpalace\" \/>\n<meta property=\"og:image\" content=\"https:\/\/www.koonings.com\/wp-content\/uploads\/2025\/04\/49877_8ba53793467cf21925d81ad75c6e5baee4544278a8343aab9549d945351885ff133cbe9d-819x1024.png\" \/>\n\t<meta property=\"og:image:width\" content=\"819\" \/>\n\t<meta property=\"og:image:height\" content=\"1024\" \/>\n\t<meta property=\"og:image:type\" content=\"image\/png\" \/>\n<meta name=\"twitter:card\" content=\"summary_large_image\" \/>\n<script type=\"application\/ld+json\" class=\"yoast-schema-graph\">{\"@context\":\"https:\\\/\\\/schema.org\",\"@graph\":[{\"@type\":\"WebPage\",\"@id\":\"https:\\\/\\\/www.koonings.com\\\/de\\\/product\\\/sonia-pena-11250034a\\\/\",\"url\":\"https:\\\/\\\/www.koonings.com\\\/de\\\/product\\\/sonia-pena-11250034a\\\/\",\"name\":\"Sonia Pena 11250034A | Koonings\",\"isPartOf\":{\"@id\":\"https:\\\/\\\/www.koonings.com\\\/de\\\/#website\"},\"primaryImageOfPage\":{\"@id\":\"https:\\\/\\\/www.koonings.com\\\/de\\\/product\\\/sonia-pena-11250034a\\\/#primaryimage\"},\"image\":{\"@id\":\"https:\\\/\\\/www.koonings.com\\\/de\\\/product\\\/sonia-pena-11250034a\\\/#primaryimage\"},\"thumbnailUrl\":\"https:\\\/\\\/www.koonings.com\\\/wp-content\\\/uploads\\\/2025\\\/04\\\/49877_8ba53793467cf21925d81ad75c6e5baee4544278a8343aab9549d945351885ff133cbe9d.png\",\"datePublished\":\"2026-04-21T16:32:26+00:00\",\"description\":\"Dieses Cocktailkleid von Sonia Pe\u00f1a ist eine gewagte und elegante Wahl f\u00fcr einen schicken Anlass. Der einfarbige \u00dcberrock verleiht dem Kleid Dramatik und Flair, w\u00e4hrend die zartgr\u00fcne Hose darunter f\u00fcr einen modernen Twist sorgt. Das Neckholder-Oberteil mit V-Ausschnitt sorgt f\u00fcr einen schmeichelhaften und raffinierten Look, und das breite Band in der Mitte in der Farbe des \u00dcberrocks betont elegant die Taille. Dieses Cocktailkleid kombiniert Klassik mit Moderne und ist damit die perfekte Wahl f\u00fcr alle, die etwas Einzigartiges und Stilvolles suchen.\",\"breadcrumb\":{\"@id\":\"https:\\\/\\\/www.koonings.com\\\/de\\\/product\\\/sonia-pena-11250034a\\\/#breadcrumb\"},\"inLanguage\":\"de\",\"potentialAction\":[{\"@type\":\"ReadAction\",\"target\":[\"https:\\\/\\\/www.koonings.com\\\/de\\\/product\\\/sonia-pena-11250034a\\\/\"]}]},{\"@type\":\"ImageObject\",\"inLanguage\":\"de\",\"@id\":\"https:\\\/\\\/www.koonings.com\\\/de\\\/product\\\/sonia-pena-11250034a\\\/#primaryimage\",\"url\":\"https:\\\/\\\/www.koonings.com\\\/wp-content\\\/uploads\\\/2025\\\/04\\\/49877_8ba53793467cf21925d81ad75c6e5baee4544278a8343aab9549d945351885ff133cbe9d.png\",\"contentUrl\":\"https:\\\/\\\/www.koonings.com\\\/wp-content\\\/uploads\\\/2025\\\/04\\\/49877_8ba53793467cf21925d81ad75c6e5baee4544278a8343aab9549d945351885ff133cbe9d.png\",\"width\":864,\"height\":1080},{\"@type\":\"BreadcrumbList\",\"@id\":\"https:\\\/\\\/www.koonings.com\\\/de\\\/product\\\/sonia-pena-11250034a\\\/#breadcrumb\",\"itemListElement\":[{\"@type\":\"ListItem\",\"position\":1,\"name\":\"Home\",\"item\":\"https:\\\/\\\/www.koonings.com\\\/de\\\/\"},{\"@type\":\"ListItem\",\"position\":2,\"name\":\"Sonia Pena 11250034A\"}]},{\"@type\":\"WebSite\",\"@id\":\"https:\\\/\\\/www.koonings.com\\\/de\\\/#website\",\"url\":\"https:\\\/\\\/www.koonings.com\\\/de\\\/\",\"name\":\"Koonings\",\"description\":\"De grootste bruidsmodewinkel ter wereld\",\"publisher\":{\"@id\":\"https:\\\/\\\/www.koonings.com\\\/de\\\/#organization\"},\"potentialAction\":[{\"@type\":\"SearchAction\",\"target\":{\"@type\":\"EntryPoint\",\"urlTemplate\":\"https:\\\/\\\/www.koonings.com\\\/de\\\/?s={search_term_string}\"},\"query-input\":{\"@type\":\"PropertyValueSpecification\",\"valueRequired\":true,\"valueName\":\"search_term_string\"}}],\"inLanguage\":\"de\"},{\"@type\":\"Organization\",\"@id\":\"https:\\\/\\\/www.koonings.com\\\/de\\\/#organization\",\"name\":\"Koonings\",\"url\":\"https:\\\/\\\/www.koonings.com\\\/de\\\/\",\"logo\":{\"@type\":\"ImageObject\",\"inLanguage\":\"de\",\"@id\":\"https:\\\/\\\/www.koonings.com\\\/de\\\/#\\\/schema\\\/logo\\\/image\\\/\",\"url\":\"https:\\\/\\\/www.koonings.com\\\/wp-content\\\/uploads\\\/2024\\\/07\\\/logo.png\",\"contentUrl\":\"https:\\\/\\\/www.koonings.com\\\/wp-content\\\/uploads\\\/2024\\\/07\\\/logo.png\",\"width\":600,\"height\":428,\"caption\":\"Koonings\"},\"image\":{\"@id\":\"https:\\\/\\\/www.koonings.com\\\/de\\\/#\\\/schema\\\/logo\\\/image\\\/\"},\"sameAs\":[\"https:\\\/\\\/www.facebook.com\\\/kooningstheweddingpalace\",\"https:\\\/\\\/www.instagram.com\\\/kooningstheweddingpalace\",\"https:\\\/\\\/www.pinterest.com\\\/koonings\",\"https:\\\/\\\/www.youtube.com\\\/kooningstheweddingpalace\"]}]}<\/script>\n<!-- \/ Yoast SEO plugin. -->","yoast_head_json":{"title":"Sonia Pena 11250034A | Koonings","description":"Dieses Cocktailkleid von Sonia Pe\u00f1a ist eine gewagte und elegante Wahl f\u00fcr einen schicken Anlass. Der einfarbige \u00dcberrock verleiht dem Kleid Dramatik und Flair, w\u00e4hrend die zartgr\u00fcne Hose darunter f\u00fcr einen modernen Twist sorgt. Das Neckholder-Oberteil mit V-Ausschnitt sorgt f\u00fcr einen schmeichelhaften und raffinierten Look, und das breite Band in der Mitte in der Farbe des \u00dcberrocks betont elegant die Taille. Dieses Cocktailkleid kombiniert Klassik mit Moderne und ist damit die perfekte Wahl f\u00fcr alle, die etwas Einzigartiges und Stilvolles suchen.","robots":{"index":"index","follow":"follow","max-snippet":"max-snippet:-1","max-image-preview":"max-image-preview:large","max-video-preview":"max-video-preview:-1"},"canonical":"https:\/\/www.koonings.com\/de\/product\/sonia-pena-11250034a\/","og_locale":"de_DE","og_type":"article","og_title":"Sonia Pena 11250034A | Koonings","og_description":"Dieses Cocktailkleid von Sonia Pe\u00f1a ist eine gewagte und elegante Wahl f\u00fcr einen schicken Anlass. Der einfarbige \u00dcberrock verleiht dem Kleid Dramatik und Flair, w\u00e4hrend die zartgr\u00fcne Hose darunter f\u00fcr einen modernen Twist sorgt. Das Neckholder-Oberteil mit V-Ausschnitt sorgt f\u00fcr einen schmeichelhaften und raffinierten Look, und das breite Band in der Mitte in der Farbe des \u00dcberrocks betont elegant die Taille. Dieses Cocktailkleid kombiniert Klassik mit Moderne und ist damit die perfekte Wahl f\u00fcr alle, die etwas Einzigartiges und Stilvolles suchen.","og_url":"https:\/\/www.koonings.com\/de\/product\/sonia-pena-11250034a\/","og_site_name":"Koonings","article_publisher":"https:\/\/www.facebook.com\/kooningstheweddingpalace","og_image":[{"width":819,"height":1024,"url":"https:\/\/www.koonings.com\/wp-content\/uploads\/2025\/04\/49877_8ba53793467cf21925d81ad75c6e5baee4544278a8343aab9549d945351885ff133cbe9d-819x1024.png","type":"image\/png"}],"twitter_card":"summary_large_image","schema":{"@context":"https:\/\/schema.org","@graph":[{"@type":"WebPage","@id":"https:\/\/www.koonings.com\/de\/product\/sonia-pena-11250034a\/","url":"https:\/\/www.koonings.com\/de\/product\/sonia-pena-11250034a\/","name":"Sonia Pena 11250034A | Koonings","isPartOf":{"@id":"https:\/\/www.koonings.com\/de\/#website"},"primaryImageOfPage":{"@id":"https:\/\/www.koonings.com\/de\/product\/sonia-pena-11250034a\/#primaryimage"},"image":{"@id":"https:\/\/www.koonings.com\/de\/product\/sonia-pena-11250034a\/#primaryimage"},"thumbnailUrl":"https:\/\/www.koonings.com\/wp-content\/uploads\/2025\/04\/49877_8ba53793467cf21925d81ad75c6e5baee4544278a8343aab9549d945351885ff133cbe9d.png","datePublished":"2026-04-21T16:32:26+00:00","description":"Dieses Cocktailkleid von Sonia Pe\u00f1a ist eine gewagte und elegante Wahl f\u00fcr einen schicken Anlass. Der einfarbige \u00dcberrock verleiht dem Kleid Dramatik und Flair, w\u00e4hrend die zartgr\u00fcne Hose darunter f\u00fcr einen modernen Twist sorgt. Das Neckholder-Oberteil mit V-Ausschnitt sorgt f\u00fcr einen schmeichelhaften und raffinierten Look, und das breite Band in der Mitte in der Farbe des \u00dcberrocks betont elegant die Taille. Dieses Cocktailkleid kombiniert Klassik mit Moderne und ist damit die perfekte Wahl f\u00fcr alle, die etwas Einzigartiges und Stilvolles suchen.","breadcrumb":{"@id":"https:\/\/www.koonings.com\/de\/product\/sonia-pena-11250034a\/#breadcrumb"},"inLanguage":"de","potentialAction":[{"@type":"ReadAction","target":["https:\/\/www.koonings.com\/de\/product\/sonia-pena-11250034a\/"]}]},{"@type":"ImageObject","inLanguage":"de","@id":"https:\/\/www.koonings.com\/de\/product\/sonia-pena-11250034a\/#primaryimage","url":"https:\/\/www.koonings.com\/wp-content\/uploads\/2025\/04\/49877_8ba53793467cf21925d81ad75c6e5baee4544278a8343aab9549d945351885ff133cbe9d.png","contentUrl":"https:\/\/www.koonings.com\/wp-content\/uploads\/2025\/04\/49877_8ba53793467cf21925d81ad75c6e5baee4544278a8343aab9549d945351885ff133cbe9d.png","width":864,"height":1080},{"@type":"BreadcrumbList","@id":"https:\/\/www.koonings.com\/de\/product\/sonia-pena-11250034a\/#breadcrumb","itemListElement":[{"@type":"ListItem","position":1,"name":"Home","item":"https:\/\/www.koonings.com\/de\/"},{"@type":"ListItem","position":2,"name":"Sonia Pena 11250034A"}]},{"@type":"WebSite","@id":"https:\/\/www.koonings.com\/de\/#website","url":"https:\/\/www.koonings.com\/de\/","name":"Koonings","description":"De grootste bruidsmodewinkel ter wereld","publisher":{"@id":"https:\/\/www.koonings.com\/de\/#organization"},"potentialAction":[{"@type":"SearchAction","target":{"@type":"EntryPoint","urlTemplate":"https:\/\/www.koonings.com\/de\/?s={search_term_string}"},"query-input":{"@type":"PropertyValueSpecification","valueRequired":true,"valueName":"search_term_string"}}],"inLanguage":"de"},{"@type":"Organization","@id":"https:\/\/www.koonings.com\/de\/#organization","name":"Koonings","url":"https:\/\/www.koonings.com\/de\/","logo":{"@type":"ImageObject","inLanguage":"de","@id":"https:\/\/www.koonings.com\/de\/#\/schema\/logo\/image\/","url":"https:\/\/www.koonings.com\/wp-content\/uploads\/2024\/07\/logo.png","contentUrl":"https:\/\/www.koonings.com\/wp-content\/uploads\/2024\/07\/logo.png","width":600,"height":428,"caption":"Koonings"},"image":{"@id":"https:\/\/www.koonings.com\/de\/#\/schema\/logo\/image\/"},"sameAs":["https:\/\/www.facebook.com\/kooningstheweddingpalace","https:\/\/www.instagram.com\/kooningstheweddingpalace","https:\/\/www.pinterest.com\/koonings","https:\/\/www.youtube.com\/kooningstheweddingpalace"]}]}},"_links":{"self":[{"href":"https:\/\/www.koonings.com\/de\/wp-json\/wp\/v2\/product\/85160","targetHints":{"allow":["GET"]}}],"collection":[{"href":"https:\/\/www.koonings.com\/de\/wp-json\/wp\/v2\/product"}],"about":[{"href":"https:\/\/www.koonings.com\/de\/wp-json\/wp\/v2\/types\/product"}],"wp:featuredmedia":[{"embeddable":true,"href":"https:\/\/www.koonings.com\/de\/wp-json\/wp\/v2\/media\/83403"}],"wp:attachment":[{"href":"https:\/\/www.koonings.com\/de\/wp-json\/wp\/v2\/media?parent=85160"}],"wp:term":[{"taxonomy":"productdetails","embeddable":true,"href":"https:\/\/www.koonings.com\/de\/wp-json\/wp\/v2\/productdetails?post=85160"},{"taxonomy":"productneck","embeddable":true,"href":"https:\/\/www.koonings.com\/de\/wp-json\/wp\/v2\/productneck?post=85160"},{"taxonomy":"productcolor","embeddable":true,"href":"https:\/\/www.koonings.com\/de\/wp-json\/wp\/v2\/productcolor?post=85160"},{"taxonomy":"maat","embeddable":true,"href":"https:\/\/www.koonings.com\/de\/wp-json\/wp\/v2\/maat?post=85160"},{"taxonomy":"productsupplier","embeddable":true,"href":"https:\/\/www.koonings.com\/de\/wp-json\/wp\/v2\/productsupplier?post=85160"},{"taxonomy":"productsleeve","embeddable":true,"href":"https:\/\/www.koonings.com\/de\/wp-json\/wp\/v2\/productsleeve?post=85160"},{"taxonomy":"productcategory","embeddable":true,"href":"https:\/\/www.koonings.com\/de\/wp-json\/wp\/v2\/productcategory?post=85160"},{"taxonomy":"productsilhouette","embeddable":true,"href":"https:\/\/www.koonings.com\/de\/wp-json\/wp\/v2\/productsilhouette?post=85160"},{"taxonomy":"productstyle","embeddable":true,"href":"https:\/\/www.koonings.com\/de\/wp-json\/wp\/v2\/productstyle?post=85160"}],"curies":[{"name":"wp","href":"https:\/\/api.w.org\/{rel}","templated":true}]}}