{"id":85153,"date":"2026-05-06T15:30:55","date_gmt":"2026-05-06T13:30:55","guid":{"rendered":"https:\/\/www.koonings.com\/product\/milla-nova-harriet\/"},"modified":"2026-02-16T15:14:22","modified_gmt":"2026-02-16T14:14:22","slug":"milla-nova-harriet","status":"publish","type":"product","link":"https:\/\/www.koonings.com\/de\/product\/milla-nova-harriet\/","title":{"rendered":"Milla Nova Harriet"},"content":{"rendered":"<p>Das Milla Nova Harriet ist ein majest\u00e4tisches Hochzeitskleid, das klassische Eleganz mit moderner Raffinesse verbindet. Dieses Ballkleid aus der &#8216;Sounds of Couture&#8217;-Kollektion wurde aus mehreren Lagen reich verzierter Spitze gefertigt, die f\u00fcr einen luxuri\u00f6sen Look sorgt. Das Design zeichnet sich durch einen tiefen V-Ausschnitt mit Illusionseffekt, ein tailliertes Korsett mit langen \u00c4rmeln und eine eckige Schulterlinie aus. Der volumin\u00f6se Rock geht in eine beeindruckend lange Schleppe \u00fcber und macht das Kleid ideal f\u00fcr eine gro\u00dfe Hochzeit. Harriet ist in Elfenbein erh\u00e4ltlich. Sie finden es exklusiv bei Koonings The Wedding Palace in Deurne, wo Sie einen Termin zur Anprobe dieses Traumkleides vereinbaren k\u00f6nnen. <\/p>\n","protected":false},"featured_media":83767,"template":"","meta":{"_acf_changed":false,"ghostkit_customizer_options":"","ghostkit_custom_css":"","ghostkit_custom_js_head":"","ghostkit_custom_js_foot":"","ghostkit_typography":""},"productdetails":[377,383],"productneck":[356],"productcolor":[393,392],"maat":[],"productsupplier":[446],"productsleeve":[362],"productcategory":[18],"productsilhouette":[388],"productstyle":[367,372,366],"class_list":["post-85153","product","type-product","status-publish","has-post-thumbnail","hentry","productdetails-377","productdetails-383","productneck-356","productcolor-393","productcolor-392","productsupplier-milla-nova","productsleeve-362","productcategory-trouwjurken","productsilhouette-388","productstyle-367","productstyle-372","productstyle-366"],"acf":[],"yoast_head":"<!-- This site is optimized with the Yoast SEO plugin v27.3 - https:\/\/yoast.com\/product\/yoast-seo-wordpress\/ -->\n<title>Milla Nova Harriet | Koonings<\/title>\n<meta name=\"description\" content=\"Das Milla Nova Harriet ist ein majest\u00e4tisches Hochzeitskleid, das klassische Eleganz mit moderner Raffinesse verbindet. Dieses Ballkleid aus der &#039;Sounds of Couture&#039;-Kollektion wurde aus mehreren Lagen reich verzierter Spitze gefertigt, die f\u00fcr einen luxuri\u00f6sen Look sorgt. Das Design zeichnet sich durch einen tiefen V-Ausschnitt mit Illusionseffekt, ein tailliertes Korsett mit langen \u00c4rmeln und eine eckige Schulterlinie aus. Der volumin\u00f6se Rock geht in eine beeindruckend lange Schleppe \u00fcber und macht das Kleid ideal f\u00fcr eine gro\u00dfe Hochzeit. Harriet ist in Elfenbein erh\u00e4ltlich. Sie finden es exklusiv bei Koonings The Wedding Palace in Deurne, wo Sie einen Termin zur Anprobe dieses Traumkleides vereinbaren k\u00f6nnen.\" \/>\n<meta name=\"robots\" content=\"index, follow, max-snippet:-1, max-image-preview:large, max-video-preview:-1\" \/>\n<link rel=\"canonical\" href=\"https:\/\/www.koonings.com\/de\/product\/milla-nova-harriet\/\" \/>\n<meta property=\"og:locale\" content=\"de_DE\" \/>\n<meta property=\"og:type\" content=\"article\" \/>\n<meta property=\"og:title\" content=\"Milla Nova Harriet | Koonings\" \/>\n<meta property=\"og:description\" content=\"Das Milla Nova Harriet ist ein majest\u00e4tisches Hochzeitskleid, das klassische Eleganz mit moderner Raffinesse verbindet. Dieses Ballkleid aus der &#039;Sounds of Couture&#039;-Kollektion wurde aus mehreren Lagen reich verzierter Spitze gefertigt, die f\u00fcr einen luxuri\u00f6sen Look sorgt. Das Design zeichnet sich durch einen tiefen V-Ausschnitt mit Illusionseffekt, ein tailliertes Korsett mit langen \u00c4rmeln und eine eckige Schulterlinie aus. Der volumin\u00f6se Rock geht in eine beeindruckend lange Schleppe \u00fcber und macht das Kleid ideal f\u00fcr eine gro\u00dfe Hochzeit. Harriet ist in Elfenbein erh\u00e4ltlich. Sie finden es exklusiv bei Koonings The Wedding Palace in Deurne, wo Sie einen Termin zur Anprobe dieses Traumkleides vereinbaren k\u00f6nnen.\" \/>\n<meta property=\"og:url\" content=\"https:\/\/www.koonings.com\/de\/product\/milla-nova-harriet\/\" \/>\n<meta property=\"og:site_name\" content=\"Koonings\" \/>\n<meta property=\"article:publisher\" content=\"https:\/\/www.facebook.com\/kooningstheweddingpalace\" \/>\n<meta property=\"og:image\" content=\"https:\/\/www.koonings.com\/wp-content\/uploads\/2025\/04\/49891_3beb7b79956e630eaaec56dba0590a2ab882a101af4cca55ed31c8d8a9c0ea58ab8a5cc4-scaled.jpeg\" \/>\n\t<meta property=\"og:image:width\" content=\"1810\" \/>\n\t<meta property=\"og:image:height\" content=\"2560\" \/>\n\t<meta property=\"og:image:type\" content=\"image\/jpeg\" \/>\n<meta name=\"twitter:card\" content=\"summary_large_image\" \/>\n<meta name=\"twitter:label1\" content=\"Gesch\u00e4tzte Lesezeit\" \/>\n\t<meta name=\"twitter:data1\" content=\"1\u00a0Minute\" \/>\n<script type=\"application\/ld+json\" class=\"yoast-schema-graph\">{\"@context\":\"https:\\\/\\\/schema.org\",\"@graph\":[{\"@type\":\"WebPage\",\"@id\":\"https:\\\/\\\/www.koonings.com\\\/de\\\/product\\\/milla-nova-harriet\\\/\",\"url\":\"https:\\\/\\\/www.koonings.com\\\/de\\\/product\\\/milla-nova-harriet\\\/\",\"name\":\"Milla Nova Harriet | Koonings\",\"isPartOf\":{\"@id\":\"https:\\\/\\\/www.koonings.com\\\/de\\\/#website\"},\"primaryImageOfPage\":{\"@id\":\"https:\\\/\\\/www.koonings.com\\\/de\\\/product\\\/milla-nova-harriet\\\/#primaryimage\"},\"image\":{\"@id\":\"https:\\\/\\\/www.koonings.com\\\/de\\\/product\\\/milla-nova-harriet\\\/#primaryimage\"},\"thumbnailUrl\":\"https:\\\/\\\/www.koonings.com\\\/wp-content\\\/uploads\\\/2025\\\/04\\\/49891_3beb7b79956e630eaaec56dba0590a2ab882a101af4cca55ed31c8d8a9c0ea58ab8a5cc4-scaled.jpeg\",\"datePublished\":\"2026-05-06T13:30:55+00:00\",\"description\":\"Das Milla Nova Harriet ist ein majest\u00e4tisches Hochzeitskleid, das klassische Eleganz mit moderner Raffinesse verbindet. Dieses Ballkleid aus der 'Sounds of Couture'-Kollektion wurde aus mehreren Lagen reich verzierter Spitze gefertigt, die f\u00fcr einen luxuri\u00f6sen Look sorgt. Das Design zeichnet sich durch einen tiefen V-Ausschnitt mit Illusionseffekt, ein tailliertes Korsett mit langen \u00c4rmeln und eine eckige Schulterlinie aus. Der volumin\u00f6se Rock geht in eine beeindruckend lange Schleppe \u00fcber und macht das Kleid ideal f\u00fcr eine gro\u00dfe Hochzeit. Harriet ist in Elfenbein erh\u00e4ltlich. Sie finden es exklusiv bei Koonings The Wedding Palace in Deurne, wo Sie einen Termin zur Anprobe dieses Traumkleides vereinbaren k\u00f6nnen.\",\"breadcrumb\":{\"@id\":\"https:\\\/\\\/www.koonings.com\\\/de\\\/product\\\/milla-nova-harriet\\\/#breadcrumb\"},\"inLanguage\":\"de\",\"potentialAction\":[{\"@type\":\"ReadAction\",\"target\":[\"https:\\\/\\\/www.koonings.com\\\/de\\\/product\\\/milla-nova-harriet\\\/\"]}]},{\"@type\":\"ImageObject\",\"inLanguage\":\"de\",\"@id\":\"https:\\\/\\\/www.koonings.com\\\/de\\\/product\\\/milla-nova-harriet\\\/#primaryimage\",\"url\":\"https:\\\/\\\/www.koonings.com\\\/wp-content\\\/uploads\\\/2025\\\/04\\\/49891_3beb7b79956e630eaaec56dba0590a2ab882a101af4cca55ed31c8d8a9c0ea58ab8a5cc4-scaled.jpeg\",\"contentUrl\":\"https:\\\/\\\/www.koonings.com\\\/wp-content\\\/uploads\\\/2025\\\/04\\\/49891_3beb7b79956e630eaaec56dba0590a2ab882a101af4cca55ed31c8d8a9c0ea58ab8a5cc4-scaled.jpeg\",\"width\":1810,\"height\":2560},{\"@type\":\"BreadcrumbList\",\"@id\":\"https:\\\/\\\/www.koonings.com\\\/de\\\/product\\\/milla-nova-harriet\\\/#breadcrumb\",\"itemListElement\":[{\"@type\":\"ListItem\",\"position\":1,\"name\":\"Home\",\"item\":\"https:\\\/\\\/www.koonings.com\\\/de\\\/\"},{\"@type\":\"ListItem\",\"position\":2,\"name\":\"Milla Nova Harriet\"}]},{\"@type\":\"WebSite\",\"@id\":\"https:\\\/\\\/www.koonings.com\\\/de\\\/#website\",\"url\":\"https:\\\/\\\/www.koonings.com\\\/de\\\/\",\"name\":\"Koonings\",\"description\":\"De grootste bruidsmodewinkel ter wereld\",\"publisher\":{\"@id\":\"https:\\\/\\\/www.koonings.com\\\/de\\\/#organization\"},\"potentialAction\":[{\"@type\":\"SearchAction\",\"target\":{\"@type\":\"EntryPoint\",\"urlTemplate\":\"https:\\\/\\\/www.koonings.com\\\/de\\\/?s={search_term_string}\"},\"query-input\":{\"@type\":\"PropertyValueSpecification\",\"valueRequired\":true,\"valueName\":\"search_term_string\"}}],\"inLanguage\":\"de\"},{\"@type\":\"Organization\",\"@id\":\"https:\\\/\\\/www.koonings.com\\\/de\\\/#organization\",\"name\":\"Koonings\",\"url\":\"https:\\\/\\\/www.koonings.com\\\/de\\\/\",\"logo\":{\"@type\":\"ImageObject\",\"inLanguage\":\"de\",\"@id\":\"https:\\\/\\\/www.koonings.com\\\/de\\\/#\\\/schema\\\/logo\\\/image\\\/\",\"url\":\"https:\\\/\\\/www.koonings.com\\\/wp-content\\\/uploads\\\/2024\\\/07\\\/logo.png\",\"contentUrl\":\"https:\\\/\\\/www.koonings.com\\\/wp-content\\\/uploads\\\/2024\\\/07\\\/logo.png\",\"width\":600,\"height\":428,\"caption\":\"Koonings\"},\"image\":{\"@id\":\"https:\\\/\\\/www.koonings.com\\\/de\\\/#\\\/schema\\\/logo\\\/image\\\/\"},\"sameAs\":[\"https:\\\/\\\/www.facebook.com\\\/kooningstheweddingpalace\",\"https:\\\/\\\/www.instagram.com\\\/kooningstheweddingpalace\",\"https:\\\/\\\/www.pinterest.com\\\/koonings\",\"https:\\\/\\\/www.youtube.com\\\/kooningstheweddingpalace\"]}]}<\/script>\n<!-- \/ Yoast SEO plugin. -->","yoast_head_json":{"title":"Milla Nova Harriet | Koonings","description":"Das Milla Nova Harriet ist ein majest\u00e4tisches Hochzeitskleid, das klassische Eleganz mit moderner Raffinesse verbindet. Dieses Ballkleid aus der 'Sounds of Couture'-Kollektion wurde aus mehreren Lagen reich verzierter Spitze gefertigt, die f\u00fcr einen luxuri\u00f6sen Look sorgt. Das Design zeichnet sich durch einen tiefen V-Ausschnitt mit Illusionseffekt, ein tailliertes Korsett mit langen \u00c4rmeln und eine eckige Schulterlinie aus. Der volumin\u00f6se Rock geht in eine beeindruckend lange Schleppe \u00fcber und macht das Kleid ideal f\u00fcr eine gro\u00dfe Hochzeit. Harriet ist in Elfenbein erh\u00e4ltlich. Sie finden es exklusiv bei Koonings The Wedding Palace in Deurne, wo Sie einen Termin zur Anprobe dieses Traumkleides vereinbaren k\u00f6nnen.","robots":{"index":"index","follow":"follow","max-snippet":"max-snippet:-1","max-image-preview":"max-image-preview:large","max-video-preview":"max-video-preview:-1"},"canonical":"https:\/\/www.koonings.com\/de\/product\/milla-nova-harriet\/","og_locale":"de_DE","og_type":"article","og_title":"Milla Nova Harriet | Koonings","og_description":"Das Milla Nova Harriet ist ein majest\u00e4tisches Hochzeitskleid, das klassische Eleganz mit moderner Raffinesse verbindet. Dieses Ballkleid aus der 'Sounds of Couture'-Kollektion wurde aus mehreren Lagen reich verzierter Spitze gefertigt, die f\u00fcr einen luxuri\u00f6sen Look sorgt. Das Design zeichnet sich durch einen tiefen V-Ausschnitt mit Illusionseffekt, ein tailliertes Korsett mit langen \u00c4rmeln und eine eckige Schulterlinie aus. Der volumin\u00f6se Rock geht in eine beeindruckend lange Schleppe \u00fcber und macht das Kleid ideal f\u00fcr eine gro\u00dfe Hochzeit. Harriet ist in Elfenbein erh\u00e4ltlich. Sie finden es exklusiv bei Koonings The Wedding Palace in Deurne, wo Sie einen Termin zur Anprobe dieses Traumkleides vereinbaren k\u00f6nnen.","og_url":"https:\/\/www.koonings.com\/de\/product\/milla-nova-harriet\/","og_site_name":"Koonings","article_publisher":"https:\/\/www.facebook.com\/kooningstheweddingpalace","og_image":[{"width":1810,"height":2560,"url":"https:\/\/www.koonings.com\/wp-content\/uploads\/2025\/04\/49891_3beb7b79956e630eaaec56dba0590a2ab882a101af4cca55ed31c8d8a9c0ea58ab8a5cc4-scaled.jpeg","type":"image\/jpeg"}],"twitter_card":"summary_large_image","twitter_misc":{"Gesch\u00e4tzte Lesezeit":"1\u00a0Minute"},"schema":{"@context":"https:\/\/schema.org","@graph":[{"@type":"WebPage","@id":"https:\/\/www.koonings.com\/de\/product\/milla-nova-harriet\/","url":"https:\/\/www.koonings.com\/de\/product\/milla-nova-harriet\/","name":"Milla Nova Harriet | Koonings","isPartOf":{"@id":"https:\/\/www.koonings.com\/de\/#website"},"primaryImageOfPage":{"@id":"https:\/\/www.koonings.com\/de\/product\/milla-nova-harriet\/#primaryimage"},"image":{"@id":"https:\/\/www.koonings.com\/de\/product\/milla-nova-harriet\/#primaryimage"},"thumbnailUrl":"https:\/\/www.koonings.com\/wp-content\/uploads\/2025\/04\/49891_3beb7b79956e630eaaec56dba0590a2ab882a101af4cca55ed31c8d8a9c0ea58ab8a5cc4-scaled.jpeg","datePublished":"2026-05-06T13:30:55+00:00","description":"Das Milla Nova Harriet ist ein majest\u00e4tisches Hochzeitskleid, das klassische Eleganz mit moderner Raffinesse verbindet. Dieses Ballkleid aus der 'Sounds of Couture'-Kollektion wurde aus mehreren Lagen reich verzierter Spitze gefertigt, die f\u00fcr einen luxuri\u00f6sen Look sorgt. Das Design zeichnet sich durch einen tiefen V-Ausschnitt mit Illusionseffekt, ein tailliertes Korsett mit langen \u00c4rmeln und eine eckige Schulterlinie aus. Der volumin\u00f6se Rock geht in eine beeindruckend lange Schleppe \u00fcber und macht das Kleid ideal f\u00fcr eine gro\u00dfe Hochzeit. Harriet ist in Elfenbein erh\u00e4ltlich. Sie finden es exklusiv bei Koonings The Wedding Palace in Deurne, wo Sie einen Termin zur Anprobe dieses Traumkleides vereinbaren k\u00f6nnen.","breadcrumb":{"@id":"https:\/\/www.koonings.com\/de\/product\/milla-nova-harriet\/#breadcrumb"},"inLanguage":"de","potentialAction":[{"@type":"ReadAction","target":["https:\/\/www.koonings.com\/de\/product\/milla-nova-harriet\/"]}]},{"@type":"ImageObject","inLanguage":"de","@id":"https:\/\/www.koonings.com\/de\/product\/milla-nova-harriet\/#primaryimage","url":"https:\/\/www.koonings.com\/wp-content\/uploads\/2025\/04\/49891_3beb7b79956e630eaaec56dba0590a2ab882a101af4cca55ed31c8d8a9c0ea58ab8a5cc4-scaled.jpeg","contentUrl":"https:\/\/www.koonings.com\/wp-content\/uploads\/2025\/04\/49891_3beb7b79956e630eaaec56dba0590a2ab882a101af4cca55ed31c8d8a9c0ea58ab8a5cc4-scaled.jpeg","width":1810,"height":2560},{"@type":"BreadcrumbList","@id":"https:\/\/www.koonings.com\/de\/product\/milla-nova-harriet\/#breadcrumb","itemListElement":[{"@type":"ListItem","position":1,"name":"Home","item":"https:\/\/www.koonings.com\/de\/"},{"@type":"ListItem","position":2,"name":"Milla Nova Harriet"}]},{"@type":"WebSite","@id":"https:\/\/www.koonings.com\/de\/#website","url":"https:\/\/www.koonings.com\/de\/","name":"Koonings","description":"De grootste bruidsmodewinkel ter wereld","publisher":{"@id":"https:\/\/www.koonings.com\/de\/#organization"},"potentialAction":[{"@type":"SearchAction","target":{"@type":"EntryPoint","urlTemplate":"https:\/\/www.koonings.com\/de\/?s={search_term_string}"},"query-input":{"@type":"PropertyValueSpecification","valueRequired":true,"valueName":"search_term_string"}}],"inLanguage":"de"},{"@type":"Organization","@id":"https:\/\/www.koonings.com\/de\/#organization","name":"Koonings","url":"https:\/\/www.koonings.com\/de\/","logo":{"@type":"ImageObject","inLanguage":"de","@id":"https:\/\/www.koonings.com\/de\/#\/schema\/logo\/image\/","url":"https:\/\/www.koonings.com\/wp-content\/uploads\/2024\/07\/logo.png","contentUrl":"https:\/\/www.koonings.com\/wp-content\/uploads\/2024\/07\/logo.png","width":600,"height":428,"caption":"Koonings"},"image":{"@id":"https:\/\/www.koonings.com\/de\/#\/schema\/logo\/image\/"},"sameAs":["https:\/\/www.facebook.com\/kooningstheweddingpalace","https:\/\/www.instagram.com\/kooningstheweddingpalace","https:\/\/www.pinterest.com\/koonings","https:\/\/www.youtube.com\/kooningstheweddingpalace"]}]}},"_links":{"self":[{"href":"https:\/\/www.koonings.com\/de\/wp-json\/wp\/v2\/product\/85153","targetHints":{"allow":["GET"]}}],"collection":[{"href":"https:\/\/www.koonings.com\/de\/wp-json\/wp\/v2\/product"}],"about":[{"href":"https:\/\/www.koonings.com\/de\/wp-json\/wp\/v2\/types\/product"}],"wp:featuredmedia":[{"embeddable":true,"href":"https:\/\/www.koonings.com\/de\/wp-json\/wp\/v2\/media\/83767"}],"wp:attachment":[{"href":"https:\/\/www.koonings.com\/de\/wp-json\/wp\/v2\/media?parent=85153"}],"wp:term":[{"taxonomy":"productdetails","embeddable":true,"href":"https:\/\/www.koonings.com\/de\/wp-json\/wp\/v2\/productdetails?post=85153"},{"taxonomy":"productneck","embeddable":true,"href":"https:\/\/www.koonings.com\/de\/wp-json\/wp\/v2\/productneck?post=85153"},{"taxonomy":"productcolor","embeddable":true,"href":"https:\/\/www.koonings.com\/de\/wp-json\/wp\/v2\/productcolor?post=85153"},{"taxonomy":"maat","embeddable":true,"href":"https:\/\/www.koonings.com\/de\/wp-json\/wp\/v2\/maat?post=85153"},{"taxonomy":"productsupplier","embeddable":true,"href":"https:\/\/www.koonings.com\/de\/wp-json\/wp\/v2\/productsupplier?post=85153"},{"taxonomy":"productsleeve","embeddable":true,"href":"https:\/\/www.koonings.com\/de\/wp-json\/wp\/v2\/productsleeve?post=85153"},{"taxonomy":"productcategory","embeddable":true,"href":"https:\/\/www.koonings.com\/de\/wp-json\/wp\/v2\/productcategory?post=85153"},{"taxonomy":"productsilhouette","embeddable":true,"href":"https:\/\/www.koonings.com\/de\/wp-json\/wp\/v2\/productsilhouette?post=85153"},{"taxonomy":"productstyle","embeddable":true,"href":"https:\/\/www.koonings.com\/de\/wp-json\/wp\/v2\/productstyle?post=85153"}],"curies":[{"name":"wp","href":"https:\/\/api.w.org\/{rel}","templated":true}]}}