{"id":85148,"date":"2026-04-21T18:32:26","date_gmt":"2026-04-21T16:32:26","guid":{"rendered":"https:\/\/www.koonings.com\/product\/sonia-pena-11251008\/"},"modified":"2026-02-16T15:14:16","modified_gmt":"2026-02-16T14:14:16","slug":"sonia-pena-11251008","status":"publish","type":"product","link":"https:\/\/www.koonings.com\/de\/product\/sonia-pena-11251008\/","title":{"rendered":"Sonia Pena 11251008"},"content":{"rendered":"<p>Dieses Modell von Sonia Pe\u00f1a ist eine atemberaubende Wahl f\u00fcr einen schicken Cocktailabend. Das Kleid hat einen eleganten V-Ausschnitt und breite Tr\u00e4ger, die einen raffinierten und femininen Look kreieren. Das auff\u00e4llige Design zeichnet sich durch ein breites lilafarbenes Band aus, das die Taille akzentuiert und mit einer goldfarbenen Blume verziert ist, die einen luxuri\u00f6sen und modernen Touch verleiht. Die Unifarbe des Kleides verleiht ihm zeitlose Eleganz, w\u00e4hrend der Schlitz das Bein dezent entbl\u00f6\u00dft und die Bewegung betont. Dieses umwerfende Cocktailkleid ist perfekt f\u00fcr einen glamour\u00f6sen Abend, bei dem die Tr\u00e4gerin zweifellos im Mittelpunkt stehen wird.    <\/p>\n","protected":false},"featured_media":83414,"template":"","meta":{"_acf_changed":false,"ghostkit_customizer_options":"","ghostkit_custom_css":"","ghostkit_custom_js_head":"","ghostkit_custom_js_foot":"","ghostkit_typography":""},"productdetails":[378],"productneck":[356],"productcolor":[394],"maat":[],"productsupplier":[493],"productsleeve":[359],"productcategory":[259],"productsilhouette":[],"productstyle":[366,370],"class_list":["post-85148","product","type-product","status-publish","has-post-thumbnail","hentry","productdetails-378","productneck-356","productcolor-394","productsupplier-sonia-pena","productsleeve-359","productcategory-avondkleding","productstyle-366","productstyle-370"],"acf":[],"yoast_head":"<!-- This site is optimized with the Yoast SEO plugin v27.3 - https:\/\/yoast.com\/product\/yoast-seo-wordpress\/ -->\n<title>Sonia Pena 11251008 | Koonings<\/title>\n<meta name=\"description\" content=\"Dieses Modell von Sonia Pe\u00f1a ist eine atemberaubende Wahl f\u00fcr einen schicken Cocktailabend. Das Kleid hat einen eleganten V-Ausschnitt und breite Tr\u00e4ger, die einen raffinierten und femininen Look kreieren. Das auff\u00e4llige Design zeichnet sich durch ein breites lilafarbenes Band aus, das die Taille akzentuiert und mit einer goldfarbenen Blume verziert ist, die einen luxuri\u00f6sen und modernen Touch verleiht. Die Unifarbe des Kleides verleiht ihm zeitlose Eleganz, w\u00e4hrend der Schlitz das Bein dezent entbl\u00f6\u00dft und die Bewegung betont. Dieses umwerfende Cocktailkleid ist perfekt f\u00fcr einen glamour\u00f6sen Abend, bei dem die Tr\u00e4gerin zweifellos im Mittelpunkt stehen wird.\" \/>\n<meta name=\"robots\" content=\"index, follow, max-snippet:-1, max-image-preview:large, max-video-preview:-1\" \/>\n<link rel=\"canonical\" href=\"https:\/\/www.koonings.com\/de\/product\/sonia-pena-11251008\/\" \/>\n<meta property=\"og:locale\" content=\"de_DE\" \/>\n<meta property=\"og:type\" content=\"article\" \/>\n<meta property=\"og:title\" content=\"Sonia Pena 11251008 | Koonings\" \/>\n<meta property=\"og:description\" content=\"Dieses Modell von Sonia Pe\u00f1a ist eine atemberaubende Wahl f\u00fcr einen schicken Cocktailabend. Das Kleid hat einen eleganten V-Ausschnitt und breite Tr\u00e4ger, die einen raffinierten und femininen Look kreieren. Das auff\u00e4llige Design zeichnet sich durch ein breites lilafarbenes Band aus, das die Taille akzentuiert und mit einer goldfarbenen Blume verziert ist, die einen luxuri\u00f6sen und modernen Touch verleiht. Die Unifarbe des Kleides verleiht ihm zeitlose Eleganz, w\u00e4hrend der Schlitz das Bein dezent entbl\u00f6\u00dft und die Bewegung betont. Dieses umwerfende Cocktailkleid ist perfekt f\u00fcr einen glamour\u00f6sen Abend, bei dem die Tr\u00e4gerin zweifellos im Mittelpunkt stehen wird.\" \/>\n<meta property=\"og:url\" content=\"https:\/\/www.koonings.com\/de\/product\/sonia-pena-11251008\/\" \/>\n<meta property=\"og:site_name\" content=\"Koonings\" \/>\n<meta property=\"article:publisher\" content=\"https:\/\/www.facebook.com\/kooningstheweddingpalace\" \/>\n<meta property=\"og:image\" content=\"https:\/\/www.koonings.com\/wp-content\/uploads\/2025\/04\/49880_ef26d36f8967bcba7693fd6174c39f317257780fc08ecffa05de0d345e23491665e963e5.png\" \/>\n\t<meta property=\"og:image:width\" content=\"864\" \/>\n\t<meta property=\"og:image:height\" content=\"1080\" \/>\n\t<meta property=\"og:image:type\" content=\"image\/png\" \/>\n<meta name=\"twitter:card\" content=\"summary_large_image\" \/>\n<meta name=\"twitter:label1\" content=\"Gesch\u00e4tzte Lesezeit\" \/>\n\t<meta name=\"twitter:data1\" content=\"1\u00a0Minute\" \/>\n<script type=\"application\/ld+json\" class=\"yoast-schema-graph\">{\"@context\":\"https:\\\/\\\/schema.org\",\"@graph\":[{\"@type\":\"WebPage\",\"@id\":\"https:\\\/\\\/www.koonings.com\\\/de\\\/product\\\/sonia-pena-11251008\\\/\",\"url\":\"https:\\\/\\\/www.koonings.com\\\/de\\\/product\\\/sonia-pena-11251008\\\/\",\"name\":\"Sonia Pena 11251008 | Koonings\",\"isPartOf\":{\"@id\":\"https:\\\/\\\/www.koonings.com\\\/de\\\/#website\"},\"primaryImageOfPage\":{\"@id\":\"https:\\\/\\\/www.koonings.com\\\/de\\\/product\\\/sonia-pena-11251008\\\/#primaryimage\"},\"image\":{\"@id\":\"https:\\\/\\\/www.koonings.com\\\/de\\\/product\\\/sonia-pena-11251008\\\/#primaryimage\"},\"thumbnailUrl\":\"https:\\\/\\\/www.koonings.com\\\/wp-content\\\/uploads\\\/2025\\\/04\\\/49880_ef26d36f8967bcba7693fd6174c39f317257780fc08ecffa05de0d345e23491665e963e5.png\",\"datePublished\":\"2026-04-21T16:32:26+00:00\",\"description\":\"Dieses Modell von Sonia Pe\u00f1a ist eine atemberaubende Wahl f\u00fcr einen schicken Cocktailabend. Das Kleid hat einen eleganten V-Ausschnitt und breite Tr\u00e4ger, die einen raffinierten und femininen Look kreieren. Das auff\u00e4llige Design zeichnet sich durch ein breites lilafarbenes Band aus, das die Taille akzentuiert und mit einer goldfarbenen Blume verziert ist, die einen luxuri\u00f6sen und modernen Touch verleiht. Die Unifarbe des Kleides verleiht ihm zeitlose Eleganz, w\u00e4hrend der Schlitz das Bein dezent entbl\u00f6\u00dft und die Bewegung betont. Dieses umwerfende Cocktailkleid ist perfekt f\u00fcr einen glamour\u00f6sen Abend, bei dem die Tr\u00e4gerin zweifellos im Mittelpunkt stehen wird.\",\"breadcrumb\":{\"@id\":\"https:\\\/\\\/www.koonings.com\\\/de\\\/product\\\/sonia-pena-11251008\\\/#breadcrumb\"},\"inLanguage\":\"de\",\"potentialAction\":[{\"@type\":\"ReadAction\",\"target\":[\"https:\\\/\\\/www.koonings.com\\\/de\\\/product\\\/sonia-pena-11251008\\\/\"]}]},{\"@type\":\"ImageObject\",\"inLanguage\":\"de\",\"@id\":\"https:\\\/\\\/www.koonings.com\\\/de\\\/product\\\/sonia-pena-11251008\\\/#primaryimage\",\"url\":\"https:\\\/\\\/www.koonings.com\\\/wp-content\\\/uploads\\\/2025\\\/04\\\/49880_ef26d36f8967bcba7693fd6174c39f317257780fc08ecffa05de0d345e23491665e963e5.png\",\"contentUrl\":\"https:\\\/\\\/www.koonings.com\\\/wp-content\\\/uploads\\\/2025\\\/04\\\/49880_ef26d36f8967bcba7693fd6174c39f317257780fc08ecffa05de0d345e23491665e963e5.png\",\"width\":864,\"height\":1080},{\"@type\":\"BreadcrumbList\",\"@id\":\"https:\\\/\\\/www.koonings.com\\\/de\\\/product\\\/sonia-pena-11251008\\\/#breadcrumb\",\"itemListElement\":[{\"@type\":\"ListItem\",\"position\":1,\"name\":\"Home\",\"item\":\"https:\\\/\\\/www.koonings.com\\\/de\\\/\"},{\"@type\":\"ListItem\",\"position\":2,\"name\":\"Sonia Pena 11251008\"}]},{\"@type\":\"WebSite\",\"@id\":\"https:\\\/\\\/www.koonings.com\\\/de\\\/#website\",\"url\":\"https:\\\/\\\/www.koonings.com\\\/de\\\/\",\"name\":\"Koonings\",\"description\":\"De grootste bruidsmodewinkel ter wereld\",\"publisher\":{\"@id\":\"https:\\\/\\\/www.koonings.com\\\/de\\\/#organization\"},\"potentialAction\":[{\"@type\":\"SearchAction\",\"target\":{\"@type\":\"EntryPoint\",\"urlTemplate\":\"https:\\\/\\\/www.koonings.com\\\/de\\\/?s={search_term_string}\"},\"query-input\":{\"@type\":\"PropertyValueSpecification\",\"valueRequired\":true,\"valueName\":\"search_term_string\"}}],\"inLanguage\":\"de\"},{\"@type\":\"Organization\",\"@id\":\"https:\\\/\\\/www.koonings.com\\\/de\\\/#organization\",\"name\":\"Koonings\",\"url\":\"https:\\\/\\\/www.koonings.com\\\/de\\\/\",\"logo\":{\"@type\":\"ImageObject\",\"inLanguage\":\"de\",\"@id\":\"https:\\\/\\\/www.koonings.com\\\/de\\\/#\\\/schema\\\/logo\\\/image\\\/\",\"url\":\"https:\\\/\\\/www.koonings.com\\\/wp-content\\\/uploads\\\/2024\\\/07\\\/logo.png\",\"contentUrl\":\"https:\\\/\\\/www.koonings.com\\\/wp-content\\\/uploads\\\/2024\\\/07\\\/logo.png\",\"width\":600,\"height\":428,\"caption\":\"Koonings\"},\"image\":{\"@id\":\"https:\\\/\\\/www.koonings.com\\\/de\\\/#\\\/schema\\\/logo\\\/image\\\/\"},\"sameAs\":[\"https:\\\/\\\/www.facebook.com\\\/kooningstheweddingpalace\",\"https:\\\/\\\/www.instagram.com\\\/kooningstheweddingpalace\",\"https:\\\/\\\/www.pinterest.com\\\/koonings\",\"https:\\\/\\\/www.youtube.com\\\/kooningstheweddingpalace\"]}]}<\/script>\n<!-- \/ Yoast SEO plugin. -->","yoast_head_json":{"title":"Sonia Pena 11251008 | Koonings","description":"Dieses Modell von Sonia Pe\u00f1a ist eine atemberaubende Wahl f\u00fcr einen schicken Cocktailabend. Das Kleid hat einen eleganten V-Ausschnitt und breite Tr\u00e4ger, die einen raffinierten und femininen Look kreieren. Das auff\u00e4llige Design zeichnet sich durch ein breites lilafarbenes Band aus, das die Taille akzentuiert und mit einer goldfarbenen Blume verziert ist, die einen luxuri\u00f6sen und modernen Touch verleiht. Die Unifarbe des Kleides verleiht ihm zeitlose Eleganz, w\u00e4hrend der Schlitz das Bein dezent entbl\u00f6\u00dft und die Bewegung betont. Dieses umwerfende Cocktailkleid ist perfekt f\u00fcr einen glamour\u00f6sen Abend, bei dem die Tr\u00e4gerin zweifellos im Mittelpunkt stehen wird.","robots":{"index":"index","follow":"follow","max-snippet":"max-snippet:-1","max-image-preview":"max-image-preview:large","max-video-preview":"max-video-preview:-1"},"canonical":"https:\/\/www.koonings.com\/de\/product\/sonia-pena-11251008\/","og_locale":"de_DE","og_type":"article","og_title":"Sonia Pena 11251008 | Koonings","og_description":"Dieses Modell von Sonia Pe\u00f1a ist eine atemberaubende Wahl f\u00fcr einen schicken Cocktailabend. Das Kleid hat einen eleganten V-Ausschnitt und breite Tr\u00e4ger, die einen raffinierten und femininen Look kreieren. Das auff\u00e4llige Design zeichnet sich durch ein breites lilafarbenes Band aus, das die Taille akzentuiert und mit einer goldfarbenen Blume verziert ist, die einen luxuri\u00f6sen und modernen Touch verleiht. Die Unifarbe des Kleides verleiht ihm zeitlose Eleganz, w\u00e4hrend der Schlitz das Bein dezent entbl\u00f6\u00dft und die Bewegung betont. Dieses umwerfende Cocktailkleid ist perfekt f\u00fcr einen glamour\u00f6sen Abend, bei dem die Tr\u00e4gerin zweifellos im Mittelpunkt stehen wird.","og_url":"https:\/\/www.koonings.com\/de\/product\/sonia-pena-11251008\/","og_site_name":"Koonings","article_publisher":"https:\/\/www.facebook.com\/kooningstheweddingpalace","og_image":[{"width":864,"height":1080,"url":"https:\/\/www.koonings.com\/wp-content\/uploads\/2025\/04\/49880_ef26d36f8967bcba7693fd6174c39f317257780fc08ecffa05de0d345e23491665e963e5.png","type":"image\/png"}],"twitter_card":"summary_large_image","twitter_misc":{"Gesch\u00e4tzte Lesezeit":"1\u00a0Minute"},"schema":{"@context":"https:\/\/schema.org","@graph":[{"@type":"WebPage","@id":"https:\/\/www.koonings.com\/de\/product\/sonia-pena-11251008\/","url":"https:\/\/www.koonings.com\/de\/product\/sonia-pena-11251008\/","name":"Sonia Pena 11251008 | Koonings","isPartOf":{"@id":"https:\/\/www.koonings.com\/de\/#website"},"primaryImageOfPage":{"@id":"https:\/\/www.koonings.com\/de\/product\/sonia-pena-11251008\/#primaryimage"},"image":{"@id":"https:\/\/www.koonings.com\/de\/product\/sonia-pena-11251008\/#primaryimage"},"thumbnailUrl":"https:\/\/www.koonings.com\/wp-content\/uploads\/2025\/04\/49880_ef26d36f8967bcba7693fd6174c39f317257780fc08ecffa05de0d345e23491665e963e5.png","datePublished":"2026-04-21T16:32:26+00:00","description":"Dieses Modell von Sonia Pe\u00f1a ist eine atemberaubende Wahl f\u00fcr einen schicken Cocktailabend. Das Kleid hat einen eleganten V-Ausschnitt und breite Tr\u00e4ger, die einen raffinierten und femininen Look kreieren. Das auff\u00e4llige Design zeichnet sich durch ein breites lilafarbenes Band aus, das die Taille akzentuiert und mit einer goldfarbenen Blume verziert ist, die einen luxuri\u00f6sen und modernen Touch verleiht. Die Unifarbe des Kleides verleiht ihm zeitlose Eleganz, w\u00e4hrend der Schlitz das Bein dezent entbl\u00f6\u00dft und die Bewegung betont. Dieses umwerfende Cocktailkleid ist perfekt f\u00fcr einen glamour\u00f6sen Abend, bei dem die Tr\u00e4gerin zweifellos im Mittelpunkt stehen wird.","breadcrumb":{"@id":"https:\/\/www.koonings.com\/de\/product\/sonia-pena-11251008\/#breadcrumb"},"inLanguage":"de","potentialAction":[{"@type":"ReadAction","target":["https:\/\/www.koonings.com\/de\/product\/sonia-pena-11251008\/"]}]},{"@type":"ImageObject","inLanguage":"de","@id":"https:\/\/www.koonings.com\/de\/product\/sonia-pena-11251008\/#primaryimage","url":"https:\/\/www.koonings.com\/wp-content\/uploads\/2025\/04\/49880_ef26d36f8967bcba7693fd6174c39f317257780fc08ecffa05de0d345e23491665e963e5.png","contentUrl":"https:\/\/www.koonings.com\/wp-content\/uploads\/2025\/04\/49880_ef26d36f8967bcba7693fd6174c39f317257780fc08ecffa05de0d345e23491665e963e5.png","width":864,"height":1080},{"@type":"BreadcrumbList","@id":"https:\/\/www.koonings.com\/de\/product\/sonia-pena-11251008\/#breadcrumb","itemListElement":[{"@type":"ListItem","position":1,"name":"Home","item":"https:\/\/www.koonings.com\/de\/"},{"@type":"ListItem","position":2,"name":"Sonia Pena 11251008"}]},{"@type":"WebSite","@id":"https:\/\/www.koonings.com\/de\/#website","url":"https:\/\/www.koonings.com\/de\/","name":"Koonings","description":"De grootste bruidsmodewinkel ter wereld","publisher":{"@id":"https:\/\/www.koonings.com\/de\/#organization"},"potentialAction":[{"@type":"SearchAction","target":{"@type":"EntryPoint","urlTemplate":"https:\/\/www.koonings.com\/de\/?s={search_term_string}"},"query-input":{"@type":"PropertyValueSpecification","valueRequired":true,"valueName":"search_term_string"}}],"inLanguage":"de"},{"@type":"Organization","@id":"https:\/\/www.koonings.com\/de\/#organization","name":"Koonings","url":"https:\/\/www.koonings.com\/de\/","logo":{"@type":"ImageObject","inLanguage":"de","@id":"https:\/\/www.koonings.com\/de\/#\/schema\/logo\/image\/","url":"https:\/\/www.koonings.com\/wp-content\/uploads\/2024\/07\/logo.png","contentUrl":"https:\/\/www.koonings.com\/wp-content\/uploads\/2024\/07\/logo.png","width":600,"height":428,"caption":"Koonings"},"image":{"@id":"https:\/\/www.koonings.com\/de\/#\/schema\/logo\/image\/"},"sameAs":["https:\/\/www.facebook.com\/kooningstheweddingpalace","https:\/\/www.instagram.com\/kooningstheweddingpalace","https:\/\/www.pinterest.com\/koonings","https:\/\/www.youtube.com\/kooningstheweddingpalace"]}]}},"_links":{"self":[{"href":"https:\/\/www.koonings.com\/de\/wp-json\/wp\/v2\/product\/85148","targetHints":{"allow":["GET"]}}],"collection":[{"href":"https:\/\/www.koonings.com\/de\/wp-json\/wp\/v2\/product"}],"about":[{"href":"https:\/\/www.koonings.com\/de\/wp-json\/wp\/v2\/types\/product"}],"wp:featuredmedia":[{"embeddable":true,"href":"https:\/\/www.koonings.com\/de\/wp-json\/wp\/v2\/media\/83414"}],"wp:attachment":[{"href":"https:\/\/www.koonings.com\/de\/wp-json\/wp\/v2\/media?parent=85148"}],"wp:term":[{"taxonomy":"productdetails","embeddable":true,"href":"https:\/\/www.koonings.com\/de\/wp-json\/wp\/v2\/productdetails?post=85148"},{"taxonomy":"productneck","embeddable":true,"href":"https:\/\/www.koonings.com\/de\/wp-json\/wp\/v2\/productneck?post=85148"},{"taxonomy":"productcolor","embeddable":true,"href":"https:\/\/www.koonings.com\/de\/wp-json\/wp\/v2\/productcolor?post=85148"},{"taxonomy":"maat","embeddable":true,"href":"https:\/\/www.koonings.com\/de\/wp-json\/wp\/v2\/maat?post=85148"},{"taxonomy":"productsupplier","embeddable":true,"href":"https:\/\/www.koonings.com\/de\/wp-json\/wp\/v2\/productsupplier?post=85148"},{"taxonomy":"productsleeve","embeddable":true,"href":"https:\/\/www.koonings.com\/de\/wp-json\/wp\/v2\/productsleeve?post=85148"},{"taxonomy":"productcategory","embeddable":true,"href":"https:\/\/www.koonings.com\/de\/wp-json\/wp\/v2\/productcategory?post=85148"},{"taxonomy":"productsilhouette","embeddable":true,"href":"https:\/\/www.koonings.com\/de\/wp-json\/wp\/v2\/productsilhouette?post=85148"},{"taxonomy":"productstyle","embeddable":true,"href":"https:\/\/www.koonings.com\/de\/wp-json\/wp\/v2\/productstyle?post=85148"}],"curies":[{"name":"wp","href":"https:\/\/api.w.org\/{rel}","templated":true}]}}