{"id":85147,"date":"2026-04-14T16:32:10","date_gmt":"2026-04-14T14:32:10","guid":{"rendered":"https:\/\/www.koonings.com\/product\/abrazi-o3-hrt-paris-2\/"},"modified":"2025-06-05T13:59:44","modified_gmt":"2025-06-05T11:59:44","slug":"abrazi-o3-hrt-paris-2","status":"publish","type":"product","link":"https:\/\/www.koonings.com\/de\/product\/abrazi-o3-hrt-paris-2\/","title":{"rendered":"Abrazi O3-HRT Paris"},"content":{"rendered":"<p>Die Paris Ohrringe sind wundersch\u00f6ne kleine 3D-Herzstecker aus vergoldetem Sterlingsilber. Das subtile Design macht sie zur idealen Wahl f\u00fcr Br\u00e4ute, die einen Hauch von Romantik suchen, der auch noch lange nach dem gro\u00dfen Tag getragen werden kann. <\/p>\n","protected":false},"featured_media":83852,"template":"","meta":{"_acf_changed":false,"ghostkit_customizer_options":"","ghostkit_custom_css":"","ghostkit_custom_js_head":"","ghostkit_custom_js_foot":"","ghostkit_typography":""},"productdetails":[],"productneck":[],"productcolor":[],"maat":[],"productsupplier":[510],"productsleeve":[],"productcategory":[511],"productsilhouette":[],"productstyle":[],"class_list":["post-85147","product","type-product","status-publish","has-post-thumbnail","hentry","productsupplier-abrazi","productcategory-sieraden"],"acf":[],"yoast_head":"<!-- This site is optimized with the Yoast SEO plugin v27.3 - https:\/\/yoast.com\/product\/yoast-seo-wordpress\/ -->\n<title>Abrazi O3-HRT Paris | Koonings<\/title>\n<meta name=\"description\" content=\"Die Paris Ohrringe sind wundersch\u00f6ne kleine 3D-Herzstecker aus vergoldetem Sterlingsilber. Das subtile Design macht sie zur idealen Wahl f\u00fcr Br\u00e4ute, die einen Hauch von Romantik suchen, der auch noch lange nach dem gro\u00dfen Tag getragen werden kann.\" \/>\n<meta name=\"robots\" content=\"index, follow, max-snippet:-1, max-image-preview:large, max-video-preview:-1\" \/>\n<link rel=\"canonical\" href=\"https:\/\/www.koonings.com\/de\/product\/abrazi-o3-hrt-paris-2\/\" \/>\n<meta property=\"og:locale\" content=\"de_DE\" \/>\n<meta property=\"og:type\" content=\"article\" \/>\n<meta property=\"og:title\" content=\"Abrazi O3-HRT Paris | Koonings\" \/>\n<meta property=\"og:description\" content=\"Die Paris Ohrringe sind wundersch\u00f6ne kleine 3D-Herzstecker aus vergoldetem Sterlingsilber. Das subtile Design macht sie zur idealen Wahl f\u00fcr Br\u00e4ute, die einen Hauch von Romantik suchen, der auch noch lange nach dem gro\u00dfen Tag getragen werden kann.\" \/>\n<meta property=\"og:url\" content=\"https:\/\/www.koonings.com\/de\/product\/abrazi-o3-hrt-paris-2\/\" \/>\n<meta property=\"og:site_name\" content=\"Koonings\" \/>\n<meta property=\"article:publisher\" content=\"https:\/\/www.facebook.com\/kooningstheweddingpalace\" \/>\n<meta property=\"og:image\" content=\"https:\/\/www.koonings.com\/wp-content\/uploads\/2025\/04\/49796_93a605a73c01f3d02011554dcc8ce32e20507dc48ebcbe311354c809fa17fe0aa7d694a3.jpeg\" \/>\n\t<meta property=\"og:image:width\" content=\"600\" \/>\n\t<meta property=\"og:image:height\" content=\"900\" \/>\n\t<meta property=\"og:image:type\" content=\"image\/jpeg\" \/>\n<meta name=\"twitter:card\" content=\"summary_large_image\" \/>\n<script type=\"application\/ld+json\" class=\"yoast-schema-graph\">{\"@context\":\"https:\\\/\\\/schema.org\",\"@graph\":[{\"@type\":\"WebPage\",\"@id\":\"https:\\\/\\\/www.koonings.com\\\/de\\\/product\\\/abrazi-o3-hrt-paris-2\\\/\",\"url\":\"https:\\\/\\\/www.koonings.com\\\/de\\\/product\\\/abrazi-o3-hrt-paris-2\\\/\",\"name\":\"Abrazi O3-HRT Paris | Koonings\",\"isPartOf\":{\"@id\":\"https:\\\/\\\/www.koonings.com\\\/de\\\/#website\"},\"primaryImageOfPage\":{\"@id\":\"https:\\\/\\\/www.koonings.com\\\/de\\\/product\\\/abrazi-o3-hrt-paris-2\\\/#primaryimage\"},\"image\":{\"@id\":\"https:\\\/\\\/www.koonings.com\\\/de\\\/product\\\/abrazi-o3-hrt-paris-2\\\/#primaryimage\"},\"thumbnailUrl\":\"https:\\\/\\\/www.koonings.com\\\/wp-content\\\/uploads\\\/2025\\\/04\\\/49796_93a605a73c01f3d02011554dcc8ce32e20507dc48ebcbe311354c809fa17fe0aa7d694a3.jpeg\",\"datePublished\":\"2026-04-14T14:32:10+00:00\",\"description\":\"Die Paris Ohrringe sind wundersch\u00f6ne kleine 3D-Herzstecker aus vergoldetem Sterlingsilber. Das subtile Design macht sie zur idealen Wahl f\u00fcr Br\u00e4ute, die einen Hauch von Romantik suchen, der auch noch lange nach dem gro\u00dfen Tag getragen werden kann.\",\"breadcrumb\":{\"@id\":\"https:\\\/\\\/www.koonings.com\\\/de\\\/product\\\/abrazi-o3-hrt-paris-2\\\/#breadcrumb\"},\"inLanguage\":\"de\",\"potentialAction\":[{\"@type\":\"ReadAction\",\"target\":[\"https:\\\/\\\/www.koonings.com\\\/de\\\/product\\\/abrazi-o3-hrt-paris-2\\\/\"]}]},{\"@type\":\"ImageObject\",\"inLanguage\":\"de\",\"@id\":\"https:\\\/\\\/www.koonings.com\\\/de\\\/product\\\/abrazi-o3-hrt-paris-2\\\/#primaryimage\",\"url\":\"https:\\\/\\\/www.koonings.com\\\/wp-content\\\/uploads\\\/2025\\\/04\\\/49796_93a605a73c01f3d02011554dcc8ce32e20507dc48ebcbe311354c809fa17fe0aa7d694a3.jpeg\",\"contentUrl\":\"https:\\\/\\\/www.koonings.com\\\/wp-content\\\/uploads\\\/2025\\\/04\\\/49796_93a605a73c01f3d02011554dcc8ce32e20507dc48ebcbe311354c809fa17fe0aa7d694a3.jpeg\",\"width\":600,\"height\":900},{\"@type\":\"BreadcrumbList\",\"@id\":\"https:\\\/\\\/www.koonings.com\\\/de\\\/product\\\/abrazi-o3-hrt-paris-2\\\/#breadcrumb\",\"itemListElement\":[{\"@type\":\"ListItem\",\"position\":1,\"name\":\"Home\",\"item\":\"https:\\\/\\\/www.koonings.com\\\/de\\\/\"},{\"@type\":\"ListItem\",\"position\":2,\"name\":\"Abrazi O3-HRT Paris\"}]},{\"@type\":\"WebSite\",\"@id\":\"https:\\\/\\\/www.koonings.com\\\/de\\\/#website\",\"url\":\"https:\\\/\\\/www.koonings.com\\\/de\\\/\",\"name\":\"Koonings\",\"description\":\"De grootste bruidsmodewinkel ter wereld\",\"publisher\":{\"@id\":\"https:\\\/\\\/www.koonings.com\\\/de\\\/#organization\"},\"potentialAction\":[{\"@type\":\"SearchAction\",\"target\":{\"@type\":\"EntryPoint\",\"urlTemplate\":\"https:\\\/\\\/www.koonings.com\\\/de\\\/?s={search_term_string}\"},\"query-input\":{\"@type\":\"PropertyValueSpecification\",\"valueRequired\":true,\"valueName\":\"search_term_string\"}}],\"inLanguage\":\"de\"},{\"@type\":\"Organization\",\"@id\":\"https:\\\/\\\/www.koonings.com\\\/de\\\/#organization\",\"name\":\"Koonings\",\"url\":\"https:\\\/\\\/www.koonings.com\\\/de\\\/\",\"logo\":{\"@type\":\"ImageObject\",\"inLanguage\":\"de\",\"@id\":\"https:\\\/\\\/www.koonings.com\\\/de\\\/#\\\/schema\\\/logo\\\/image\\\/\",\"url\":\"https:\\\/\\\/www.koonings.com\\\/wp-content\\\/uploads\\\/2024\\\/07\\\/logo.png\",\"contentUrl\":\"https:\\\/\\\/www.koonings.com\\\/wp-content\\\/uploads\\\/2024\\\/07\\\/logo.png\",\"width\":600,\"height\":428,\"caption\":\"Koonings\"},\"image\":{\"@id\":\"https:\\\/\\\/www.koonings.com\\\/de\\\/#\\\/schema\\\/logo\\\/image\\\/\"},\"sameAs\":[\"https:\\\/\\\/www.facebook.com\\\/kooningstheweddingpalace\",\"https:\\\/\\\/www.instagram.com\\\/kooningstheweddingpalace\",\"https:\\\/\\\/www.pinterest.com\\\/koonings\",\"https:\\\/\\\/www.youtube.com\\\/kooningstheweddingpalace\"]}]}<\/script>\n<!-- \/ Yoast SEO plugin. -->","yoast_head_json":{"title":"Abrazi O3-HRT Paris | Koonings","description":"Die Paris Ohrringe sind wundersch\u00f6ne kleine 3D-Herzstecker aus vergoldetem Sterlingsilber. Das subtile Design macht sie zur idealen Wahl f\u00fcr Br\u00e4ute, die einen Hauch von Romantik suchen, der auch noch lange nach dem gro\u00dfen Tag getragen werden kann.","robots":{"index":"index","follow":"follow","max-snippet":"max-snippet:-1","max-image-preview":"max-image-preview:large","max-video-preview":"max-video-preview:-1"},"canonical":"https:\/\/www.koonings.com\/de\/product\/abrazi-o3-hrt-paris-2\/","og_locale":"de_DE","og_type":"article","og_title":"Abrazi O3-HRT Paris | Koonings","og_description":"Die Paris Ohrringe sind wundersch\u00f6ne kleine 3D-Herzstecker aus vergoldetem Sterlingsilber. Das subtile Design macht sie zur idealen Wahl f\u00fcr Br\u00e4ute, die einen Hauch von Romantik suchen, der auch noch lange nach dem gro\u00dfen Tag getragen werden kann.","og_url":"https:\/\/www.koonings.com\/de\/product\/abrazi-o3-hrt-paris-2\/","og_site_name":"Koonings","article_publisher":"https:\/\/www.facebook.com\/kooningstheweddingpalace","og_image":[{"width":600,"height":900,"url":"https:\/\/www.koonings.com\/wp-content\/uploads\/2025\/04\/49796_93a605a73c01f3d02011554dcc8ce32e20507dc48ebcbe311354c809fa17fe0aa7d694a3.jpeg","type":"image\/jpeg"}],"twitter_card":"summary_large_image","schema":{"@context":"https:\/\/schema.org","@graph":[{"@type":"WebPage","@id":"https:\/\/www.koonings.com\/de\/product\/abrazi-o3-hrt-paris-2\/","url":"https:\/\/www.koonings.com\/de\/product\/abrazi-o3-hrt-paris-2\/","name":"Abrazi O3-HRT Paris | Koonings","isPartOf":{"@id":"https:\/\/www.koonings.com\/de\/#website"},"primaryImageOfPage":{"@id":"https:\/\/www.koonings.com\/de\/product\/abrazi-o3-hrt-paris-2\/#primaryimage"},"image":{"@id":"https:\/\/www.koonings.com\/de\/product\/abrazi-o3-hrt-paris-2\/#primaryimage"},"thumbnailUrl":"https:\/\/www.koonings.com\/wp-content\/uploads\/2025\/04\/49796_93a605a73c01f3d02011554dcc8ce32e20507dc48ebcbe311354c809fa17fe0aa7d694a3.jpeg","datePublished":"2026-04-14T14:32:10+00:00","description":"Die Paris Ohrringe sind wundersch\u00f6ne kleine 3D-Herzstecker aus vergoldetem Sterlingsilber. Das subtile Design macht sie zur idealen Wahl f\u00fcr Br\u00e4ute, die einen Hauch von Romantik suchen, der auch noch lange nach dem gro\u00dfen Tag getragen werden kann.","breadcrumb":{"@id":"https:\/\/www.koonings.com\/de\/product\/abrazi-o3-hrt-paris-2\/#breadcrumb"},"inLanguage":"de","potentialAction":[{"@type":"ReadAction","target":["https:\/\/www.koonings.com\/de\/product\/abrazi-o3-hrt-paris-2\/"]}]},{"@type":"ImageObject","inLanguage":"de","@id":"https:\/\/www.koonings.com\/de\/product\/abrazi-o3-hrt-paris-2\/#primaryimage","url":"https:\/\/www.koonings.com\/wp-content\/uploads\/2025\/04\/49796_93a605a73c01f3d02011554dcc8ce32e20507dc48ebcbe311354c809fa17fe0aa7d694a3.jpeg","contentUrl":"https:\/\/www.koonings.com\/wp-content\/uploads\/2025\/04\/49796_93a605a73c01f3d02011554dcc8ce32e20507dc48ebcbe311354c809fa17fe0aa7d694a3.jpeg","width":600,"height":900},{"@type":"BreadcrumbList","@id":"https:\/\/www.koonings.com\/de\/product\/abrazi-o3-hrt-paris-2\/#breadcrumb","itemListElement":[{"@type":"ListItem","position":1,"name":"Home","item":"https:\/\/www.koonings.com\/de\/"},{"@type":"ListItem","position":2,"name":"Abrazi O3-HRT Paris"}]},{"@type":"WebSite","@id":"https:\/\/www.koonings.com\/de\/#website","url":"https:\/\/www.koonings.com\/de\/","name":"Koonings","description":"De grootste bruidsmodewinkel ter wereld","publisher":{"@id":"https:\/\/www.koonings.com\/de\/#organization"},"potentialAction":[{"@type":"SearchAction","target":{"@type":"EntryPoint","urlTemplate":"https:\/\/www.koonings.com\/de\/?s={search_term_string}"},"query-input":{"@type":"PropertyValueSpecification","valueRequired":true,"valueName":"search_term_string"}}],"inLanguage":"de"},{"@type":"Organization","@id":"https:\/\/www.koonings.com\/de\/#organization","name":"Koonings","url":"https:\/\/www.koonings.com\/de\/","logo":{"@type":"ImageObject","inLanguage":"de","@id":"https:\/\/www.koonings.com\/de\/#\/schema\/logo\/image\/","url":"https:\/\/www.koonings.com\/wp-content\/uploads\/2024\/07\/logo.png","contentUrl":"https:\/\/www.koonings.com\/wp-content\/uploads\/2024\/07\/logo.png","width":600,"height":428,"caption":"Koonings"},"image":{"@id":"https:\/\/www.koonings.com\/de\/#\/schema\/logo\/image\/"},"sameAs":["https:\/\/www.facebook.com\/kooningstheweddingpalace","https:\/\/www.instagram.com\/kooningstheweddingpalace","https:\/\/www.pinterest.com\/koonings","https:\/\/www.youtube.com\/kooningstheweddingpalace"]}]}},"_links":{"self":[{"href":"https:\/\/www.koonings.com\/de\/wp-json\/wp\/v2\/product\/85147","targetHints":{"allow":["GET"]}}],"collection":[{"href":"https:\/\/www.koonings.com\/de\/wp-json\/wp\/v2\/product"}],"about":[{"href":"https:\/\/www.koonings.com\/de\/wp-json\/wp\/v2\/types\/product"}],"wp:featuredmedia":[{"embeddable":true,"href":"https:\/\/www.koonings.com\/de\/wp-json\/wp\/v2\/media\/83852"}],"wp:attachment":[{"href":"https:\/\/www.koonings.com\/de\/wp-json\/wp\/v2\/media?parent=85147"}],"wp:term":[{"taxonomy":"productdetails","embeddable":true,"href":"https:\/\/www.koonings.com\/de\/wp-json\/wp\/v2\/productdetails?post=85147"},{"taxonomy":"productneck","embeddable":true,"href":"https:\/\/www.koonings.com\/de\/wp-json\/wp\/v2\/productneck?post=85147"},{"taxonomy":"productcolor","embeddable":true,"href":"https:\/\/www.koonings.com\/de\/wp-json\/wp\/v2\/productcolor?post=85147"},{"taxonomy":"maat","embeddable":true,"href":"https:\/\/www.koonings.com\/de\/wp-json\/wp\/v2\/maat?post=85147"},{"taxonomy":"productsupplier","embeddable":true,"href":"https:\/\/www.koonings.com\/de\/wp-json\/wp\/v2\/productsupplier?post=85147"},{"taxonomy":"productsleeve","embeddable":true,"href":"https:\/\/www.koonings.com\/de\/wp-json\/wp\/v2\/productsleeve?post=85147"},{"taxonomy":"productcategory","embeddable":true,"href":"https:\/\/www.koonings.com\/de\/wp-json\/wp\/v2\/productcategory?post=85147"},{"taxonomy":"productsilhouette","embeddable":true,"href":"https:\/\/www.koonings.com\/de\/wp-json\/wp\/v2\/productsilhouette?post=85147"},{"taxonomy":"productstyle","embeddable":true,"href":"https:\/\/www.koonings.com\/de\/wp-json\/wp\/v2\/productstyle?post=85147"}],"curies":[{"name":"wp","href":"https:\/\/api.w.org\/{rel}","templated":true}]}}