{"id":85144,"date":"2026-05-06T15:30:52","date_gmt":"2026-05-06T13:30:52","guid":{"rendered":"https:\/\/www.koonings.com\/product\/berta-bridal-22-p106\/"},"modified":"2026-02-16T15:14:30","modified_gmt":"2026-02-16T14:14:30","slug":"berta-bridal-22-p106","status":"publish","type":"product","link":"https:\/\/www.koonings.com\/de\/product\/berta-bridal-22-p106\/","title":{"rendered":"Berta Braut 22-P107"},"content":{"rendered":"<p>Das Berta Bridal 22-P106 ist ein atemberaubendes Hochzeitskleid aus der Berta Priv\u00e9e Kollektion, das f\u00fcr die Braut entworfen wurde, die eine Kombination aus klassischer Eleganz und modernem Charme sucht. Dieses Kleid hat eine eng anliegende Meerjungfrau-Silhouette, die die weiblichen Kurven wundersch\u00f6n zur Geltung bringt. Der tr\u00e4gerlose, herzf\u00f6rmige Ausschnitt und das durchsichtige Korsett sorgen f\u00fcr einen sinnlichen Look, w\u00e4hrend die zarte Spitze und die filigrane Stickerei dem Kleid einen romantischen Touch verleihen. Die lange, flie\u00dfende Schleppe sorgt f\u00fcr einen dramatischen Effekt, perfekt f\u00fcr einen unvergesslichen Auftritt.<br \/>\nDieses exklusive Kleid ist bei Koonings The Wedding Palace in Deurne erh\u00e4ltlich, wo Sie unter der Anleitung erfahrener Stylisten den perfekten Brautlook kreieren k\u00f6nnen. Vereinbaren Sie einen Termin, um das Berta Bridal 22-P106 anzuprobieren und erleben Sie selbst den Luxus und die Eleganz dieses Meisterwerks.    <\/p>\n","protected":false},"featured_media":83825,"template":"","meta":{"_acf_changed":false,"ghostkit_customizer_options":"","ghostkit_custom_css":"","ghostkit_custom_js_head":"","ghostkit_custom_js_foot":"","ghostkit_typography":""},"productdetails":[379],"productneck":[354,355],"productcolor":[393,392],"maat":[],"productsupplier":[463],"productsleeve":[],"productcategory":[18],"productsilhouette":[387],"productstyle":[367,366],"class_list":["post-85144","product","type-product","status-publish","has-post-thumbnail","hentry","productdetails-379","productneck-354","productneck-355","productcolor-393","productcolor-392","productsupplier-berta-bridal","productcategory-trouwjurken","productsilhouette-387","productstyle-367","productstyle-366"],"acf":[],"yoast_head":"<!-- This site is optimized with the Yoast SEO plugin v27.3 - https:\/\/yoast.com\/product\/yoast-seo-wordpress\/ -->\n<title>Berta Braut 22-P107 | Koonings<\/title>\n<meta name=\"description\" content=\"Das Berta Bridal 22-P106 ist ein atemberaubendes Hochzeitskleid aus der Berta Priv\u00e9e Kollektion, das f\u00fcr die Braut entworfen wurde, die eine Kombination aus klassischer Eleganz und modernem Charme sucht. Dieses Kleid hat eine eng anliegende Meerjungfrau-Silhouette, die die weiblichen Kurven wundersch\u00f6n zur Geltung bringt. Der tr\u00e4gerlose, herzf\u00f6rmige Ausschnitt und das durchsichtige Korsett sorgen f\u00fcr einen sinnlichen Look, w\u00e4hrend die zarte Spitze und die filigrane Stickerei dem Kleid einen romantischen Touch verleihen. Die lange, flie\u00dfende Schleppe sorgt f\u00fcr einen dramatischen Effekt, perfekt f\u00fcr einen unvergesslichen Auftritt. Dieses exklusive Kleid ist bei Koonings The Wedding Palace in Deurne erh\u00e4ltlich, wo Sie unter der Anleitung erfahrener Stylisten den perfekten Brautlook kreieren k\u00f6nnen. Vereinbaren Sie einen Termin, um das Berta Bridal 22-P106 anzuprobieren und erleben Sie selbst den Luxus und die Eleganz dieses Meisterwerks.\" \/>\n<meta name=\"robots\" content=\"index, follow, max-snippet:-1, max-image-preview:large, max-video-preview:-1\" \/>\n<link rel=\"canonical\" href=\"https:\/\/www.koonings.com\/de\/product\/berta-bridal-22-p106\/\" \/>\n<meta property=\"og:locale\" content=\"de_DE\" \/>\n<meta property=\"og:type\" content=\"article\" \/>\n<meta property=\"og:title\" content=\"Berta Braut 22-P107 | Koonings\" \/>\n<meta property=\"og:description\" content=\"Das Berta Bridal 22-P106 ist ein atemberaubendes Hochzeitskleid aus der Berta Priv\u00e9e Kollektion, das f\u00fcr die Braut entworfen wurde, die eine Kombination aus klassischer Eleganz und modernem Charme sucht. Dieses Kleid hat eine eng anliegende Meerjungfrau-Silhouette, die die weiblichen Kurven wundersch\u00f6n zur Geltung bringt. Der tr\u00e4gerlose, herzf\u00f6rmige Ausschnitt und das durchsichtige Korsett sorgen f\u00fcr einen sinnlichen Look, w\u00e4hrend die zarte Spitze und die filigrane Stickerei dem Kleid einen romantischen Touch verleihen. Die lange, flie\u00dfende Schleppe sorgt f\u00fcr einen dramatischen Effekt, perfekt f\u00fcr einen unvergesslichen Auftritt. Dieses exklusive Kleid ist bei Koonings The Wedding Palace in Deurne erh\u00e4ltlich, wo Sie unter der Anleitung erfahrener Stylisten den perfekten Brautlook kreieren k\u00f6nnen. Vereinbaren Sie einen Termin, um das Berta Bridal 22-P106 anzuprobieren und erleben Sie selbst den Luxus und die Eleganz dieses Meisterwerks.\" \/>\n<meta property=\"og:url\" content=\"https:\/\/www.koonings.com\/de\/product\/berta-bridal-22-p106\/\" \/>\n<meta property=\"og:site_name\" content=\"Koonings\" \/>\n<meta property=\"article:publisher\" content=\"https:\/\/www.facebook.com\/kooningstheweddingpalace\" \/>\n<meta property=\"og:image\" content=\"https:\/\/www.koonings.com\/wp-content\/uploads\/2025\/04\/49882_083b701d66c05291084c76d91249d73f8107f243801cb6864e862b907bde5099a9278585.jpeg\" \/>\n\t<meta property=\"og:image:width\" content=\"1293\" \/>\n\t<meta property=\"og:image:height\" content=\"1831\" \/>\n\t<meta property=\"og:image:type\" content=\"image\/jpeg\" \/>\n<meta name=\"twitter:card\" content=\"summary_large_image\" \/>\n<meta name=\"twitter:label1\" content=\"Gesch\u00e4tzte Lesezeit\" \/>\n\t<meta name=\"twitter:data1\" content=\"1\u00a0Minute\" \/>\n<script type=\"application\/ld+json\" class=\"yoast-schema-graph\">{\"@context\":\"https:\\\/\\\/schema.org\",\"@graph\":[{\"@type\":\"WebPage\",\"@id\":\"https:\\\/\\\/www.koonings.com\\\/de\\\/product\\\/berta-bridal-22-p106\\\/\",\"url\":\"https:\\\/\\\/www.koonings.com\\\/de\\\/product\\\/berta-bridal-22-p106\\\/\",\"name\":\"Berta Braut 22-P107 | Koonings\",\"isPartOf\":{\"@id\":\"https:\\\/\\\/www.koonings.com\\\/de\\\/#website\"},\"primaryImageOfPage\":{\"@id\":\"https:\\\/\\\/www.koonings.com\\\/de\\\/product\\\/berta-bridal-22-p106\\\/#primaryimage\"},\"image\":{\"@id\":\"https:\\\/\\\/www.koonings.com\\\/de\\\/product\\\/berta-bridal-22-p106\\\/#primaryimage\"},\"thumbnailUrl\":\"https:\\\/\\\/www.koonings.com\\\/wp-content\\\/uploads\\\/2025\\\/04\\\/49882_083b701d66c05291084c76d91249d73f8107f243801cb6864e862b907bde5099a9278585.jpeg\",\"datePublished\":\"2026-05-06T13:30:52+00:00\",\"description\":\"Das Berta Bridal 22-P106 ist ein atemberaubendes Hochzeitskleid aus der Berta Priv\u00e9e Kollektion, das f\u00fcr die Braut entworfen wurde, die eine Kombination aus klassischer Eleganz und modernem Charme sucht. Dieses Kleid hat eine eng anliegende Meerjungfrau-Silhouette, die die weiblichen Kurven wundersch\u00f6n zur Geltung bringt. Der tr\u00e4gerlose, herzf\u00f6rmige Ausschnitt und das durchsichtige Korsett sorgen f\u00fcr einen sinnlichen Look, w\u00e4hrend die zarte Spitze und die filigrane Stickerei dem Kleid einen romantischen Touch verleihen. Die lange, flie\u00dfende Schleppe sorgt f\u00fcr einen dramatischen Effekt, perfekt f\u00fcr einen unvergesslichen Auftritt. Dieses exklusive Kleid ist bei Koonings The Wedding Palace in Deurne erh\u00e4ltlich, wo Sie unter der Anleitung erfahrener Stylisten den perfekten Brautlook kreieren k\u00f6nnen. Vereinbaren Sie einen Termin, um das Berta Bridal 22-P106 anzuprobieren und erleben Sie selbst den Luxus und die Eleganz dieses Meisterwerks.\",\"breadcrumb\":{\"@id\":\"https:\\\/\\\/www.koonings.com\\\/de\\\/product\\\/berta-bridal-22-p106\\\/#breadcrumb\"},\"inLanguage\":\"de\",\"potentialAction\":[{\"@type\":\"ReadAction\",\"target\":[\"https:\\\/\\\/www.koonings.com\\\/de\\\/product\\\/berta-bridal-22-p106\\\/\"]}]},{\"@type\":\"ImageObject\",\"inLanguage\":\"de\",\"@id\":\"https:\\\/\\\/www.koonings.com\\\/de\\\/product\\\/berta-bridal-22-p106\\\/#primaryimage\",\"url\":\"https:\\\/\\\/www.koonings.com\\\/wp-content\\\/uploads\\\/2025\\\/04\\\/49882_083b701d66c05291084c76d91249d73f8107f243801cb6864e862b907bde5099a9278585.jpeg\",\"contentUrl\":\"https:\\\/\\\/www.koonings.com\\\/wp-content\\\/uploads\\\/2025\\\/04\\\/49882_083b701d66c05291084c76d91249d73f8107f243801cb6864e862b907bde5099a9278585.jpeg\",\"width\":1293,\"height\":1831},{\"@type\":\"BreadcrumbList\",\"@id\":\"https:\\\/\\\/www.koonings.com\\\/de\\\/product\\\/berta-bridal-22-p106\\\/#breadcrumb\",\"itemListElement\":[{\"@type\":\"ListItem\",\"position\":1,\"name\":\"Home\",\"item\":\"https:\\\/\\\/www.koonings.com\\\/de\\\/\"},{\"@type\":\"ListItem\",\"position\":2,\"name\":\"Berta Braut 22-P107\"}]},{\"@type\":\"WebSite\",\"@id\":\"https:\\\/\\\/www.koonings.com\\\/de\\\/#website\",\"url\":\"https:\\\/\\\/www.koonings.com\\\/de\\\/\",\"name\":\"Koonings\",\"description\":\"De grootste bruidsmodewinkel ter wereld\",\"publisher\":{\"@id\":\"https:\\\/\\\/www.koonings.com\\\/de\\\/#organization\"},\"potentialAction\":[{\"@type\":\"SearchAction\",\"target\":{\"@type\":\"EntryPoint\",\"urlTemplate\":\"https:\\\/\\\/www.koonings.com\\\/de\\\/?s={search_term_string}\"},\"query-input\":{\"@type\":\"PropertyValueSpecification\",\"valueRequired\":true,\"valueName\":\"search_term_string\"}}],\"inLanguage\":\"de\"},{\"@type\":\"Organization\",\"@id\":\"https:\\\/\\\/www.koonings.com\\\/de\\\/#organization\",\"name\":\"Koonings\",\"url\":\"https:\\\/\\\/www.koonings.com\\\/de\\\/\",\"logo\":{\"@type\":\"ImageObject\",\"inLanguage\":\"de\",\"@id\":\"https:\\\/\\\/www.koonings.com\\\/de\\\/#\\\/schema\\\/logo\\\/image\\\/\",\"url\":\"https:\\\/\\\/www.koonings.com\\\/wp-content\\\/uploads\\\/2024\\\/07\\\/logo.png\",\"contentUrl\":\"https:\\\/\\\/www.koonings.com\\\/wp-content\\\/uploads\\\/2024\\\/07\\\/logo.png\",\"width\":600,\"height\":428,\"caption\":\"Koonings\"},\"image\":{\"@id\":\"https:\\\/\\\/www.koonings.com\\\/de\\\/#\\\/schema\\\/logo\\\/image\\\/\"},\"sameAs\":[\"https:\\\/\\\/www.facebook.com\\\/kooningstheweddingpalace\",\"https:\\\/\\\/www.instagram.com\\\/kooningstheweddingpalace\",\"https:\\\/\\\/www.pinterest.com\\\/koonings\",\"https:\\\/\\\/www.youtube.com\\\/kooningstheweddingpalace\"]}]}<\/script>\n<!-- \/ Yoast SEO plugin. -->","yoast_head_json":{"title":"Berta Braut 22-P107 | Koonings","description":"Das Berta Bridal 22-P106 ist ein atemberaubendes Hochzeitskleid aus der Berta Priv\u00e9e Kollektion, das f\u00fcr die Braut entworfen wurde, die eine Kombination aus klassischer Eleganz und modernem Charme sucht. Dieses Kleid hat eine eng anliegende Meerjungfrau-Silhouette, die die weiblichen Kurven wundersch\u00f6n zur Geltung bringt. Der tr\u00e4gerlose, herzf\u00f6rmige Ausschnitt und das durchsichtige Korsett sorgen f\u00fcr einen sinnlichen Look, w\u00e4hrend die zarte Spitze und die filigrane Stickerei dem Kleid einen romantischen Touch verleihen. Die lange, flie\u00dfende Schleppe sorgt f\u00fcr einen dramatischen Effekt, perfekt f\u00fcr einen unvergesslichen Auftritt. Dieses exklusive Kleid ist bei Koonings The Wedding Palace in Deurne erh\u00e4ltlich, wo Sie unter der Anleitung erfahrener Stylisten den perfekten Brautlook kreieren k\u00f6nnen. Vereinbaren Sie einen Termin, um das Berta Bridal 22-P106 anzuprobieren und erleben Sie selbst den Luxus und die Eleganz dieses Meisterwerks.","robots":{"index":"index","follow":"follow","max-snippet":"max-snippet:-1","max-image-preview":"max-image-preview:large","max-video-preview":"max-video-preview:-1"},"canonical":"https:\/\/www.koonings.com\/de\/product\/berta-bridal-22-p106\/","og_locale":"de_DE","og_type":"article","og_title":"Berta Braut 22-P107 | Koonings","og_description":"Das Berta Bridal 22-P106 ist ein atemberaubendes Hochzeitskleid aus der Berta Priv\u00e9e Kollektion, das f\u00fcr die Braut entworfen wurde, die eine Kombination aus klassischer Eleganz und modernem Charme sucht. Dieses Kleid hat eine eng anliegende Meerjungfrau-Silhouette, die die weiblichen Kurven wundersch\u00f6n zur Geltung bringt. Der tr\u00e4gerlose, herzf\u00f6rmige Ausschnitt und das durchsichtige Korsett sorgen f\u00fcr einen sinnlichen Look, w\u00e4hrend die zarte Spitze und die filigrane Stickerei dem Kleid einen romantischen Touch verleihen. Die lange, flie\u00dfende Schleppe sorgt f\u00fcr einen dramatischen Effekt, perfekt f\u00fcr einen unvergesslichen Auftritt. Dieses exklusive Kleid ist bei Koonings The Wedding Palace in Deurne erh\u00e4ltlich, wo Sie unter der Anleitung erfahrener Stylisten den perfekten Brautlook kreieren k\u00f6nnen. Vereinbaren Sie einen Termin, um das Berta Bridal 22-P106 anzuprobieren und erleben Sie selbst den Luxus und die Eleganz dieses Meisterwerks.","og_url":"https:\/\/www.koonings.com\/de\/product\/berta-bridal-22-p106\/","og_site_name":"Koonings","article_publisher":"https:\/\/www.facebook.com\/kooningstheweddingpalace","og_image":[{"width":1293,"height":1831,"url":"https:\/\/www.koonings.com\/wp-content\/uploads\/2025\/04\/49882_083b701d66c05291084c76d91249d73f8107f243801cb6864e862b907bde5099a9278585.jpeg","type":"image\/jpeg"}],"twitter_card":"summary_large_image","twitter_misc":{"Gesch\u00e4tzte Lesezeit":"1\u00a0Minute"},"schema":{"@context":"https:\/\/schema.org","@graph":[{"@type":"WebPage","@id":"https:\/\/www.koonings.com\/de\/product\/berta-bridal-22-p106\/","url":"https:\/\/www.koonings.com\/de\/product\/berta-bridal-22-p106\/","name":"Berta Braut 22-P107 | Koonings","isPartOf":{"@id":"https:\/\/www.koonings.com\/de\/#website"},"primaryImageOfPage":{"@id":"https:\/\/www.koonings.com\/de\/product\/berta-bridal-22-p106\/#primaryimage"},"image":{"@id":"https:\/\/www.koonings.com\/de\/product\/berta-bridal-22-p106\/#primaryimage"},"thumbnailUrl":"https:\/\/www.koonings.com\/wp-content\/uploads\/2025\/04\/49882_083b701d66c05291084c76d91249d73f8107f243801cb6864e862b907bde5099a9278585.jpeg","datePublished":"2026-05-06T13:30:52+00:00","description":"Das Berta Bridal 22-P106 ist ein atemberaubendes Hochzeitskleid aus der Berta Priv\u00e9e Kollektion, das f\u00fcr die Braut entworfen wurde, die eine Kombination aus klassischer Eleganz und modernem Charme sucht. Dieses Kleid hat eine eng anliegende Meerjungfrau-Silhouette, die die weiblichen Kurven wundersch\u00f6n zur Geltung bringt. Der tr\u00e4gerlose, herzf\u00f6rmige Ausschnitt und das durchsichtige Korsett sorgen f\u00fcr einen sinnlichen Look, w\u00e4hrend die zarte Spitze und die filigrane Stickerei dem Kleid einen romantischen Touch verleihen. Die lange, flie\u00dfende Schleppe sorgt f\u00fcr einen dramatischen Effekt, perfekt f\u00fcr einen unvergesslichen Auftritt. Dieses exklusive Kleid ist bei Koonings The Wedding Palace in Deurne erh\u00e4ltlich, wo Sie unter der Anleitung erfahrener Stylisten den perfekten Brautlook kreieren k\u00f6nnen. Vereinbaren Sie einen Termin, um das Berta Bridal 22-P106 anzuprobieren und erleben Sie selbst den Luxus und die Eleganz dieses Meisterwerks.","breadcrumb":{"@id":"https:\/\/www.koonings.com\/de\/product\/berta-bridal-22-p106\/#breadcrumb"},"inLanguage":"de","potentialAction":[{"@type":"ReadAction","target":["https:\/\/www.koonings.com\/de\/product\/berta-bridal-22-p106\/"]}]},{"@type":"ImageObject","inLanguage":"de","@id":"https:\/\/www.koonings.com\/de\/product\/berta-bridal-22-p106\/#primaryimage","url":"https:\/\/www.koonings.com\/wp-content\/uploads\/2025\/04\/49882_083b701d66c05291084c76d91249d73f8107f243801cb6864e862b907bde5099a9278585.jpeg","contentUrl":"https:\/\/www.koonings.com\/wp-content\/uploads\/2025\/04\/49882_083b701d66c05291084c76d91249d73f8107f243801cb6864e862b907bde5099a9278585.jpeg","width":1293,"height":1831},{"@type":"BreadcrumbList","@id":"https:\/\/www.koonings.com\/de\/product\/berta-bridal-22-p106\/#breadcrumb","itemListElement":[{"@type":"ListItem","position":1,"name":"Home","item":"https:\/\/www.koonings.com\/de\/"},{"@type":"ListItem","position":2,"name":"Berta Braut 22-P107"}]},{"@type":"WebSite","@id":"https:\/\/www.koonings.com\/de\/#website","url":"https:\/\/www.koonings.com\/de\/","name":"Koonings","description":"De grootste bruidsmodewinkel ter wereld","publisher":{"@id":"https:\/\/www.koonings.com\/de\/#organization"},"potentialAction":[{"@type":"SearchAction","target":{"@type":"EntryPoint","urlTemplate":"https:\/\/www.koonings.com\/de\/?s={search_term_string}"},"query-input":{"@type":"PropertyValueSpecification","valueRequired":true,"valueName":"search_term_string"}}],"inLanguage":"de"},{"@type":"Organization","@id":"https:\/\/www.koonings.com\/de\/#organization","name":"Koonings","url":"https:\/\/www.koonings.com\/de\/","logo":{"@type":"ImageObject","inLanguage":"de","@id":"https:\/\/www.koonings.com\/de\/#\/schema\/logo\/image\/","url":"https:\/\/www.koonings.com\/wp-content\/uploads\/2024\/07\/logo.png","contentUrl":"https:\/\/www.koonings.com\/wp-content\/uploads\/2024\/07\/logo.png","width":600,"height":428,"caption":"Koonings"},"image":{"@id":"https:\/\/www.koonings.com\/de\/#\/schema\/logo\/image\/"},"sameAs":["https:\/\/www.facebook.com\/kooningstheweddingpalace","https:\/\/www.instagram.com\/kooningstheweddingpalace","https:\/\/www.pinterest.com\/koonings","https:\/\/www.youtube.com\/kooningstheweddingpalace"]}]}},"_links":{"self":[{"href":"https:\/\/www.koonings.com\/de\/wp-json\/wp\/v2\/product\/85144","targetHints":{"allow":["GET"]}}],"collection":[{"href":"https:\/\/www.koonings.com\/de\/wp-json\/wp\/v2\/product"}],"about":[{"href":"https:\/\/www.koonings.com\/de\/wp-json\/wp\/v2\/types\/product"}],"wp:featuredmedia":[{"embeddable":true,"href":"https:\/\/www.koonings.com\/de\/wp-json\/wp\/v2\/media\/83825"}],"wp:attachment":[{"href":"https:\/\/www.koonings.com\/de\/wp-json\/wp\/v2\/media?parent=85144"}],"wp:term":[{"taxonomy":"productdetails","embeddable":true,"href":"https:\/\/www.koonings.com\/de\/wp-json\/wp\/v2\/productdetails?post=85144"},{"taxonomy":"productneck","embeddable":true,"href":"https:\/\/www.koonings.com\/de\/wp-json\/wp\/v2\/productneck?post=85144"},{"taxonomy":"productcolor","embeddable":true,"href":"https:\/\/www.koonings.com\/de\/wp-json\/wp\/v2\/productcolor?post=85144"},{"taxonomy":"maat","embeddable":true,"href":"https:\/\/www.koonings.com\/de\/wp-json\/wp\/v2\/maat?post=85144"},{"taxonomy":"productsupplier","embeddable":true,"href":"https:\/\/www.koonings.com\/de\/wp-json\/wp\/v2\/productsupplier?post=85144"},{"taxonomy":"productsleeve","embeddable":true,"href":"https:\/\/www.koonings.com\/de\/wp-json\/wp\/v2\/productsleeve?post=85144"},{"taxonomy":"productcategory","embeddable":true,"href":"https:\/\/www.koonings.com\/de\/wp-json\/wp\/v2\/productcategory?post=85144"},{"taxonomy":"productsilhouette","embeddable":true,"href":"https:\/\/www.koonings.com\/de\/wp-json\/wp\/v2\/productsilhouette?post=85144"},{"taxonomy":"productstyle","embeddable":true,"href":"https:\/\/www.koonings.com\/de\/wp-json\/wp\/v2\/productstyle?post=85144"}],"curies":[{"name":"wp","href":"https:\/\/api.w.org\/{rel}","templated":true}]}}