{"id":85125,"date":"2026-05-06T15:30:35","date_gmt":"2026-05-06T13:30:35","guid":{"rendered":"https:\/\/www.koonings.com\/product\/abrazi-o8-wk-bp-indy\/"},"modified":"2025-06-05T13:59:53","modified_gmt":"2025-06-05T11:59:53","slug":"abrazi-o8-wk-bp-indy","status":"publish","type":"product","link":"https:\/\/www.koonings.com\/de\/product\/abrazi-o8-wk-bp-indy\/","title":{"rendered":"Abrazi O8-WK-BP Indy"},"content":{"rendered":"<p>Die Indy Ohrringe haben ein abstraktes, skulpturales Design, das Ihrem Brautlook einen modernen Touch verleiht. Das einzigartige barocke Perlendesign verleiht einen Hauch von Sch\u00e4rfe und ist eine wunderbare Wahl f\u00fcr Br\u00e4ute, die etwas anderes, aber dennoch zeitloses wollen. <\/p>\n","protected":false},"featured_media":83915,"template":"","meta":{"_acf_changed":false,"ghostkit_customizer_options":"","ghostkit_custom_css":"","ghostkit_custom_js_head":"","ghostkit_custom_js_foot":"","ghostkit_typography":""},"productdetails":[],"productneck":[],"productcolor":[],"maat":[],"productsupplier":[510],"productsleeve":[],"productcategory":[511],"productsilhouette":[],"productstyle":[],"class_list":["post-85125","product","type-product","status-publish","has-post-thumbnail","hentry","productsupplier-abrazi","productcategory-sieraden"],"acf":[],"yoast_head":"<!-- This site is optimized with the Yoast SEO plugin v27.3 - https:\/\/yoast.com\/product\/yoast-seo-wordpress\/ -->\n<title>Abrazi O8-WK-BP Indy | Koonings<\/title>\n<meta name=\"description\" content=\"Die Indy Ohrringe haben ein abstraktes, skulpturales Design, das Ihrem Brautlook einen modernen Touch verleiht. Das einzigartige barocke Perlendesign verleiht einen Hauch von Sch\u00e4rfe und ist eine wunderbare Wahl f\u00fcr Br\u00e4ute, die etwas anderes, aber dennoch zeitloses wollen.\" \/>\n<meta name=\"robots\" content=\"index, follow, max-snippet:-1, max-image-preview:large, max-video-preview:-1\" \/>\n<link rel=\"canonical\" href=\"https:\/\/www.koonings.com\/de\/product\/abrazi-o8-wk-bp-indy\/\" \/>\n<meta property=\"og:locale\" content=\"de_DE\" \/>\n<meta property=\"og:type\" content=\"article\" \/>\n<meta property=\"og:title\" content=\"Abrazi O8-WK-BP Indy | Koonings\" \/>\n<meta property=\"og:description\" content=\"Die Indy Ohrringe haben ein abstraktes, skulpturales Design, das Ihrem Brautlook einen modernen Touch verleiht. Das einzigartige barocke Perlendesign verleiht einen Hauch von Sch\u00e4rfe und ist eine wunderbare Wahl f\u00fcr Br\u00e4ute, die etwas anderes, aber dennoch zeitloses wollen.\" \/>\n<meta property=\"og:url\" content=\"https:\/\/www.koonings.com\/de\/product\/abrazi-o8-wk-bp-indy\/\" \/>\n<meta property=\"og:site_name\" content=\"Koonings\" \/>\n<meta property=\"article:publisher\" content=\"https:\/\/www.facebook.com\/kooningstheweddingpalace\" \/>\n<meta property=\"og:image\" content=\"https:\/\/www.koonings.com\/wp-content\/uploads\/2025\/04\/49803_14ed5da5af8fe20e6efb594195ab1ab2a0c2231857c287fd1fb1738316feaf5bfc6e45f7.jpeg\" \/>\n\t<meta property=\"og:image:width\" content=\"1067\" \/>\n\t<meta property=\"og:image:height\" content=\"1600\" \/>\n\t<meta property=\"og:image:type\" content=\"image\/jpeg\" \/>\n<meta name=\"twitter:card\" content=\"summary_large_image\" \/>\n<script type=\"application\/ld+json\" class=\"yoast-schema-graph\">{\"@context\":\"https:\\\/\\\/schema.org\",\"@graph\":[{\"@type\":\"WebPage\",\"@id\":\"https:\\\/\\\/www.koonings.com\\\/de\\\/product\\\/abrazi-o8-wk-bp-indy\\\/\",\"url\":\"https:\\\/\\\/www.koonings.com\\\/de\\\/product\\\/abrazi-o8-wk-bp-indy\\\/\",\"name\":\"Abrazi O8-WK-BP Indy | Koonings\",\"isPartOf\":{\"@id\":\"https:\\\/\\\/www.koonings.com\\\/de\\\/#website\"},\"primaryImageOfPage\":{\"@id\":\"https:\\\/\\\/www.koonings.com\\\/de\\\/product\\\/abrazi-o8-wk-bp-indy\\\/#primaryimage\"},\"image\":{\"@id\":\"https:\\\/\\\/www.koonings.com\\\/de\\\/product\\\/abrazi-o8-wk-bp-indy\\\/#primaryimage\"},\"thumbnailUrl\":\"https:\\\/\\\/www.koonings.com\\\/wp-content\\\/uploads\\\/2025\\\/04\\\/49803_14ed5da5af8fe20e6efb594195ab1ab2a0c2231857c287fd1fb1738316feaf5bfc6e45f7.jpeg\",\"datePublished\":\"2026-05-06T13:30:35+00:00\",\"description\":\"Die Indy Ohrringe haben ein abstraktes, skulpturales Design, das Ihrem Brautlook einen modernen Touch verleiht. Das einzigartige barocke Perlendesign verleiht einen Hauch von Sch\u00e4rfe und ist eine wunderbare Wahl f\u00fcr Br\u00e4ute, die etwas anderes, aber dennoch zeitloses wollen.\",\"breadcrumb\":{\"@id\":\"https:\\\/\\\/www.koonings.com\\\/de\\\/product\\\/abrazi-o8-wk-bp-indy\\\/#breadcrumb\"},\"inLanguage\":\"de\",\"potentialAction\":[{\"@type\":\"ReadAction\",\"target\":[\"https:\\\/\\\/www.koonings.com\\\/de\\\/product\\\/abrazi-o8-wk-bp-indy\\\/\"]}]},{\"@type\":\"ImageObject\",\"inLanguage\":\"de\",\"@id\":\"https:\\\/\\\/www.koonings.com\\\/de\\\/product\\\/abrazi-o8-wk-bp-indy\\\/#primaryimage\",\"url\":\"https:\\\/\\\/www.koonings.com\\\/wp-content\\\/uploads\\\/2025\\\/04\\\/49803_14ed5da5af8fe20e6efb594195ab1ab2a0c2231857c287fd1fb1738316feaf5bfc6e45f7.jpeg\",\"contentUrl\":\"https:\\\/\\\/www.koonings.com\\\/wp-content\\\/uploads\\\/2025\\\/04\\\/49803_14ed5da5af8fe20e6efb594195ab1ab2a0c2231857c287fd1fb1738316feaf5bfc6e45f7.jpeg\",\"width\":1067,\"height\":1600},{\"@type\":\"BreadcrumbList\",\"@id\":\"https:\\\/\\\/www.koonings.com\\\/de\\\/product\\\/abrazi-o8-wk-bp-indy\\\/#breadcrumb\",\"itemListElement\":[{\"@type\":\"ListItem\",\"position\":1,\"name\":\"Home\",\"item\":\"https:\\\/\\\/www.koonings.com\\\/de\\\/\"},{\"@type\":\"ListItem\",\"position\":2,\"name\":\"Abrazi O8-WK-BP Indy\"}]},{\"@type\":\"WebSite\",\"@id\":\"https:\\\/\\\/www.koonings.com\\\/de\\\/#website\",\"url\":\"https:\\\/\\\/www.koonings.com\\\/de\\\/\",\"name\":\"Koonings\",\"description\":\"De grootste bruidsmodewinkel ter wereld\",\"publisher\":{\"@id\":\"https:\\\/\\\/www.koonings.com\\\/de\\\/#organization\"},\"potentialAction\":[{\"@type\":\"SearchAction\",\"target\":{\"@type\":\"EntryPoint\",\"urlTemplate\":\"https:\\\/\\\/www.koonings.com\\\/de\\\/?s={search_term_string}\"},\"query-input\":{\"@type\":\"PropertyValueSpecification\",\"valueRequired\":true,\"valueName\":\"search_term_string\"}}],\"inLanguage\":\"de\"},{\"@type\":\"Organization\",\"@id\":\"https:\\\/\\\/www.koonings.com\\\/de\\\/#organization\",\"name\":\"Koonings\",\"url\":\"https:\\\/\\\/www.koonings.com\\\/de\\\/\",\"logo\":{\"@type\":\"ImageObject\",\"inLanguage\":\"de\",\"@id\":\"https:\\\/\\\/www.koonings.com\\\/de\\\/#\\\/schema\\\/logo\\\/image\\\/\",\"url\":\"https:\\\/\\\/www.koonings.com\\\/wp-content\\\/uploads\\\/2024\\\/07\\\/logo.png\",\"contentUrl\":\"https:\\\/\\\/www.koonings.com\\\/wp-content\\\/uploads\\\/2024\\\/07\\\/logo.png\",\"width\":600,\"height\":428,\"caption\":\"Koonings\"},\"image\":{\"@id\":\"https:\\\/\\\/www.koonings.com\\\/de\\\/#\\\/schema\\\/logo\\\/image\\\/\"},\"sameAs\":[\"https:\\\/\\\/www.facebook.com\\\/kooningstheweddingpalace\",\"https:\\\/\\\/www.instagram.com\\\/kooningstheweddingpalace\",\"https:\\\/\\\/www.pinterest.com\\\/koonings\",\"https:\\\/\\\/www.youtube.com\\\/kooningstheweddingpalace\"]}]}<\/script>\n<!-- \/ Yoast SEO plugin. -->","yoast_head_json":{"title":"Abrazi O8-WK-BP Indy | Koonings","description":"Die Indy Ohrringe haben ein abstraktes, skulpturales Design, das Ihrem Brautlook einen modernen Touch verleiht. Das einzigartige barocke Perlendesign verleiht einen Hauch von Sch\u00e4rfe und ist eine wunderbare Wahl f\u00fcr Br\u00e4ute, die etwas anderes, aber dennoch zeitloses wollen.","robots":{"index":"index","follow":"follow","max-snippet":"max-snippet:-1","max-image-preview":"max-image-preview:large","max-video-preview":"max-video-preview:-1"},"canonical":"https:\/\/www.koonings.com\/de\/product\/abrazi-o8-wk-bp-indy\/","og_locale":"de_DE","og_type":"article","og_title":"Abrazi O8-WK-BP Indy | Koonings","og_description":"Die Indy Ohrringe haben ein abstraktes, skulpturales Design, das Ihrem Brautlook einen modernen Touch verleiht. Das einzigartige barocke Perlendesign verleiht einen Hauch von Sch\u00e4rfe und ist eine wunderbare Wahl f\u00fcr Br\u00e4ute, die etwas anderes, aber dennoch zeitloses wollen.","og_url":"https:\/\/www.koonings.com\/de\/product\/abrazi-o8-wk-bp-indy\/","og_site_name":"Koonings","article_publisher":"https:\/\/www.facebook.com\/kooningstheweddingpalace","og_image":[{"width":1067,"height":1600,"url":"https:\/\/www.koonings.com\/wp-content\/uploads\/2025\/04\/49803_14ed5da5af8fe20e6efb594195ab1ab2a0c2231857c287fd1fb1738316feaf5bfc6e45f7.jpeg","type":"image\/jpeg"}],"twitter_card":"summary_large_image","schema":{"@context":"https:\/\/schema.org","@graph":[{"@type":"WebPage","@id":"https:\/\/www.koonings.com\/de\/product\/abrazi-o8-wk-bp-indy\/","url":"https:\/\/www.koonings.com\/de\/product\/abrazi-o8-wk-bp-indy\/","name":"Abrazi O8-WK-BP Indy | Koonings","isPartOf":{"@id":"https:\/\/www.koonings.com\/de\/#website"},"primaryImageOfPage":{"@id":"https:\/\/www.koonings.com\/de\/product\/abrazi-o8-wk-bp-indy\/#primaryimage"},"image":{"@id":"https:\/\/www.koonings.com\/de\/product\/abrazi-o8-wk-bp-indy\/#primaryimage"},"thumbnailUrl":"https:\/\/www.koonings.com\/wp-content\/uploads\/2025\/04\/49803_14ed5da5af8fe20e6efb594195ab1ab2a0c2231857c287fd1fb1738316feaf5bfc6e45f7.jpeg","datePublished":"2026-05-06T13:30:35+00:00","description":"Die Indy Ohrringe haben ein abstraktes, skulpturales Design, das Ihrem Brautlook einen modernen Touch verleiht. Das einzigartige barocke Perlendesign verleiht einen Hauch von Sch\u00e4rfe und ist eine wunderbare Wahl f\u00fcr Br\u00e4ute, die etwas anderes, aber dennoch zeitloses wollen.","breadcrumb":{"@id":"https:\/\/www.koonings.com\/de\/product\/abrazi-o8-wk-bp-indy\/#breadcrumb"},"inLanguage":"de","potentialAction":[{"@type":"ReadAction","target":["https:\/\/www.koonings.com\/de\/product\/abrazi-o8-wk-bp-indy\/"]}]},{"@type":"ImageObject","inLanguage":"de","@id":"https:\/\/www.koonings.com\/de\/product\/abrazi-o8-wk-bp-indy\/#primaryimage","url":"https:\/\/www.koonings.com\/wp-content\/uploads\/2025\/04\/49803_14ed5da5af8fe20e6efb594195ab1ab2a0c2231857c287fd1fb1738316feaf5bfc6e45f7.jpeg","contentUrl":"https:\/\/www.koonings.com\/wp-content\/uploads\/2025\/04\/49803_14ed5da5af8fe20e6efb594195ab1ab2a0c2231857c287fd1fb1738316feaf5bfc6e45f7.jpeg","width":1067,"height":1600},{"@type":"BreadcrumbList","@id":"https:\/\/www.koonings.com\/de\/product\/abrazi-o8-wk-bp-indy\/#breadcrumb","itemListElement":[{"@type":"ListItem","position":1,"name":"Home","item":"https:\/\/www.koonings.com\/de\/"},{"@type":"ListItem","position":2,"name":"Abrazi O8-WK-BP Indy"}]},{"@type":"WebSite","@id":"https:\/\/www.koonings.com\/de\/#website","url":"https:\/\/www.koonings.com\/de\/","name":"Koonings","description":"De grootste bruidsmodewinkel ter wereld","publisher":{"@id":"https:\/\/www.koonings.com\/de\/#organization"},"potentialAction":[{"@type":"SearchAction","target":{"@type":"EntryPoint","urlTemplate":"https:\/\/www.koonings.com\/de\/?s={search_term_string}"},"query-input":{"@type":"PropertyValueSpecification","valueRequired":true,"valueName":"search_term_string"}}],"inLanguage":"de"},{"@type":"Organization","@id":"https:\/\/www.koonings.com\/de\/#organization","name":"Koonings","url":"https:\/\/www.koonings.com\/de\/","logo":{"@type":"ImageObject","inLanguage":"de","@id":"https:\/\/www.koonings.com\/de\/#\/schema\/logo\/image\/","url":"https:\/\/www.koonings.com\/wp-content\/uploads\/2024\/07\/logo.png","contentUrl":"https:\/\/www.koonings.com\/wp-content\/uploads\/2024\/07\/logo.png","width":600,"height":428,"caption":"Koonings"},"image":{"@id":"https:\/\/www.koonings.com\/de\/#\/schema\/logo\/image\/"},"sameAs":["https:\/\/www.facebook.com\/kooningstheweddingpalace","https:\/\/www.instagram.com\/kooningstheweddingpalace","https:\/\/www.pinterest.com\/koonings","https:\/\/www.youtube.com\/kooningstheweddingpalace"]}]}},"_links":{"self":[{"href":"https:\/\/www.koonings.com\/de\/wp-json\/wp\/v2\/product\/85125","targetHints":{"allow":["GET"]}}],"collection":[{"href":"https:\/\/www.koonings.com\/de\/wp-json\/wp\/v2\/product"}],"about":[{"href":"https:\/\/www.koonings.com\/de\/wp-json\/wp\/v2\/types\/product"}],"wp:featuredmedia":[{"embeddable":true,"href":"https:\/\/www.koonings.com\/de\/wp-json\/wp\/v2\/media\/83915"}],"wp:attachment":[{"href":"https:\/\/www.koonings.com\/de\/wp-json\/wp\/v2\/media?parent=85125"}],"wp:term":[{"taxonomy":"productdetails","embeddable":true,"href":"https:\/\/www.koonings.com\/de\/wp-json\/wp\/v2\/productdetails?post=85125"},{"taxonomy":"productneck","embeddable":true,"href":"https:\/\/www.koonings.com\/de\/wp-json\/wp\/v2\/productneck?post=85125"},{"taxonomy":"productcolor","embeddable":true,"href":"https:\/\/www.koonings.com\/de\/wp-json\/wp\/v2\/productcolor?post=85125"},{"taxonomy":"maat","embeddable":true,"href":"https:\/\/www.koonings.com\/de\/wp-json\/wp\/v2\/maat?post=85125"},{"taxonomy":"productsupplier","embeddable":true,"href":"https:\/\/www.koonings.com\/de\/wp-json\/wp\/v2\/productsupplier?post=85125"},{"taxonomy":"productsleeve","embeddable":true,"href":"https:\/\/www.koonings.com\/de\/wp-json\/wp\/v2\/productsleeve?post=85125"},{"taxonomy":"productcategory","embeddable":true,"href":"https:\/\/www.koonings.com\/de\/wp-json\/wp\/v2\/productcategory?post=85125"},{"taxonomy":"productsilhouette","embeddable":true,"href":"https:\/\/www.koonings.com\/de\/wp-json\/wp\/v2\/productsilhouette?post=85125"},{"taxonomy":"productstyle","embeddable":true,"href":"https:\/\/www.koonings.com\/de\/wp-json\/wp\/v2\/productstyle?post=85125"}],"curies":[{"name":"wp","href":"https:\/\/api.w.org\/{rel}","templated":true}]}}