{"id":85079,"date":"2026-05-06T15:30:22","date_gmt":"2026-05-06T13:30:22","guid":{"rendered":"https:\/\/www.koonings.com\/product\/milla-nova-belladonna\/"},"modified":"2026-02-16T15:10:09","modified_gmt":"2026-02-16T14:10:09","slug":"milla-nova-belladonna","status":"publish","type":"product","link":"https:\/\/www.koonings.com\/de\/product\/milla-nova-belladonna\/","title":{"rendered":"Milla Nova Belladonna"},"content":{"rendered":"<p>Das Belladonna Brautkleid von Milla Nova Sounds of Couture ist ein Meisterwerk an Luxus und Raffinesse, perfekt f\u00fcr die Braut, die an ihrem gro\u00dfen Tag ein Statement setzen m\u00f6chte. Das Design verstr\u00f6mt pure Eleganz durch die Verwendung von wundersch\u00f6ner Spitze, zarten Stoffen und einer atemberaubenden Passform. Das Mieder ist mit zarter Spitze und schillernden Applikationen verziert, w\u00e4hrend der weite Rock mit Lagen von T\u00fcll und Stickereien einen dramatischen Effekt erzeugt. Das Belladonna betont die weiblichen Formen auf raffinierte Weise und bietet gleichzeitig Komfort und Bewegungsfreiheit, so dass sich die Braut selbstbewusst und atemberaubend f\u00fchlt.   <\/p>\n<p>Dieses atemberaubende Kleid ist exklusiv bei Koonings The Wedding Palace in Deurne erh\u00e4ltlich, der gr\u00f6\u00dften Brautmodenboutique der Welt. Koonings bietet ein luxuri\u00f6ses Einkaufserlebnis mit einer gro\u00dfen Auswahl an Top-Marken, darunter Milla Nova Sounds of Couture. Hier k\u00f6nnen Br\u00e4ute in einer einladenden und stilvollen Umgebung ihr Traumkleid finden und sich von erfahrenen Stylisten bei der Auswahl des perfekten Kleides f\u00fcr ihren besonderen Tag beraten lassen. Das Belladonna ist f\u00fcr die Braut, die ihren Hochzeitstag in einem Kleid feiern m\u00f6chte, das sowohl elegant als auch bezaubernd ist und einen zeitlosen Charme hat, der beeindruckt.   <\/p>\n","protected":false},"featured_media":82131,"template":"","meta":{"_acf_changed":false,"ghostkit_customizer_options":"","ghostkit_custom_css":"","ghostkit_custom_js_head":"","ghostkit_custom_js_foot":"","ghostkit_typography":""},"productdetails":[379],"productneck":[353],"productcolor":[392],"maat":[],"productsupplier":[446],"productsleeve":[362],"productcategory":[18],"productsilhouette":[384],"productstyle":[367,366],"class_list":["post-85079","product","type-product","status-publish","has-post-thumbnail","hentry","productdetails-379","productneck-353","productcolor-392","productsupplier-milla-nova","productsleeve-362","productcategory-trouwjurken","productsilhouette-384","productstyle-367","productstyle-366"],"acf":[],"yoast_head":"<!-- This site is optimized with the Yoast SEO plugin v27.3 - https:\/\/yoast.com\/product\/yoast-seo-wordpress\/ -->\n<title>Milla Nova Belladonna | Koonings<\/title>\n<meta name=\"description\" content=\"Das Belladonna Brautkleid von Milla Nova Sounds of Couture ist ein Meisterwerk an Luxus und Raffinesse, perfekt f\u00fcr die Braut, die an ihrem gro\u00dfen Tag ein Statement setzen m\u00f6chte. Das Design verstr\u00f6mt pure Eleganz durch die Verwendung von wundersch\u00f6ner Spitze, zarten Stoffen und einer atemberaubenden Passform. Das Mieder ist mit zarter Spitze und schillernden Applikationen verziert, w\u00e4hrend der weite Rock mit Lagen von T\u00fcll und Stickereien einen dramatischen Effekt erzeugt. Das Belladonna betont die weiblichen Formen auf raffinierte Weise und bietet gleichzeitig Komfort und Bewegungsfreiheit, so dass sich die Braut selbstbewusst und atemberaubend f\u00fchlt. Dieses atemberaubende Kleid ist exklusiv bei Koonings The Wedding Palace in Deurne erh\u00e4ltlich, der gr\u00f6\u00dften Brautmodenboutique der Welt. Koonings bietet ein luxuri\u00f6ses Einkaufserlebnis mit einer gro\u00dfen Auswahl an Top-Marken, darunter Milla Nova Sounds of Couture. Hier k\u00f6nnen Br\u00e4ute in einer einladenden und stilvollen Umgebung ihr Traumkleid finden und sich von erfahrenen Stylisten bei der Auswahl des perfekten Kleides f\u00fcr ihren besonderen Tag beraten lassen. Das Belladonna ist f\u00fcr die Braut, die ihren Hochzeitstag in einem Kleid feiern m\u00f6chte, das sowohl elegant als auch bezaubernd ist und einen zeitlosen Charme hat, der beeindruckt.\" \/>\n<meta name=\"robots\" content=\"index, follow, max-snippet:-1, max-image-preview:large, max-video-preview:-1\" \/>\n<link rel=\"canonical\" href=\"https:\/\/www.koonings.com\/de\/product\/milla-nova-belladonna\/\" \/>\n<meta property=\"og:locale\" content=\"de_DE\" \/>\n<meta property=\"og:type\" content=\"article\" \/>\n<meta property=\"og:title\" content=\"Milla Nova Belladonna | Koonings\" \/>\n<meta property=\"og:description\" content=\"Das Belladonna Brautkleid von Milla Nova Sounds of Couture ist ein Meisterwerk an Luxus und Raffinesse, perfekt f\u00fcr die Braut, die an ihrem gro\u00dfen Tag ein Statement setzen m\u00f6chte. Das Design verstr\u00f6mt pure Eleganz durch die Verwendung von wundersch\u00f6ner Spitze, zarten Stoffen und einer atemberaubenden Passform. Das Mieder ist mit zarter Spitze und schillernden Applikationen verziert, w\u00e4hrend der weite Rock mit Lagen von T\u00fcll und Stickereien einen dramatischen Effekt erzeugt. Das Belladonna betont die weiblichen Formen auf raffinierte Weise und bietet gleichzeitig Komfort und Bewegungsfreiheit, so dass sich die Braut selbstbewusst und atemberaubend f\u00fchlt. Dieses atemberaubende Kleid ist exklusiv bei Koonings The Wedding Palace in Deurne erh\u00e4ltlich, der gr\u00f6\u00dften Brautmodenboutique der Welt. Koonings bietet ein luxuri\u00f6ses Einkaufserlebnis mit einer gro\u00dfen Auswahl an Top-Marken, darunter Milla Nova Sounds of Couture. Hier k\u00f6nnen Br\u00e4ute in einer einladenden und stilvollen Umgebung ihr Traumkleid finden und sich von erfahrenen Stylisten bei der Auswahl des perfekten Kleides f\u00fcr ihren besonderen Tag beraten lassen. Das Belladonna ist f\u00fcr die Braut, die ihren Hochzeitstag in einem Kleid feiern m\u00f6chte, das sowohl elegant als auch bezaubernd ist und einen zeitlosen Charme hat, der beeindruckt.\" \/>\n<meta property=\"og:url\" content=\"https:\/\/www.koonings.com\/de\/product\/milla-nova-belladonna\/\" \/>\n<meta property=\"og:site_name\" content=\"Koonings\" \/>\n<meta property=\"article:publisher\" content=\"https:\/\/www.facebook.com\/kooningstheweddingpalace\" \/>\n<meta property=\"og:image\" content=\"https:\/\/www.koonings.com\/wp-content\/uploads\/2025\/03\/49515_52bc1c6bb00cb94d313b420abd8850594cf01abf16c3f81ea824c630ccb064064c69fdd2-scaled.jpeg\" \/>\n\t<meta property=\"og:image:width\" content=\"1808\" \/>\n\t<meta property=\"og:image:height\" content=\"2560\" \/>\n\t<meta property=\"og:image:type\" content=\"image\/jpeg\" \/>\n<meta name=\"twitter:card\" content=\"summary_large_image\" \/>\n<meta name=\"twitter:label1\" content=\"Gesch\u00e4tzte Lesezeit\" \/>\n\t<meta name=\"twitter:data1\" content=\"1\u00a0Minute\" \/>\n<script type=\"application\/ld+json\" class=\"yoast-schema-graph\">{\"@context\":\"https:\\\/\\\/schema.org\",\"@graph\":[{\"@type\":\"WebPage\",\"@id\":\"https:\\\/\\\/www.koonings.com\\\/de\\\/product\\\/milla-nova-belladonna\\\/\",\"url\":\"https:\\\/\\\/www.koonings.com\\\/de\\\/product\\\/milla-nova-belladonna\\\/\",\"name\":\"Milla Nova Belladonna | Koonings\",\"isPartOf\":{\"@id\":\"https:\\\/\\\/www.koonings.com\\\/de\\\/#website\"},\"primaryImageOfPage\":{\"@id\":\"https:\\\/\\\/www.koonings.com\\\/de\\\/product\\\/milla-nova-belladonna\\\/#primaryimage\"},\"image\":{\"@id\":\"https:\\\/\\\/www.koonings.com\\\/de\\\/product\\\/milla-nova-belladonna\\\/#primaryimage\"},\"thumbnailUrl\":\"https:\\\/\\\/www.koonings.com\\\/wp-content\\\/uploads\\\/2025\\\/03\\\/49515_52bc1c6bb00cb94d313b420abd8850594cf01abf16c3f81ea824c630ccb064064c69fdd2-scaled.jpeg\",\"datePublished\":\"2026-05-06T13:30:22+00:00\",\"description\":\"Das Belladonna Brautkleid von Milla Nova Sounds of Couture ist ein Meisterwerk an Luxus und Raffinesse, perfekt f\u00fcr die Braut, die an ihrem gro\u00dfen Tag ein Statement setzen m\u00f6chte. Das Design verstr\u00f6mt pure Eleganz durch die Verwendung von wundersch\u00f6ner Spitze, zarten Stoffen und einer atemberaubenden Passform. Das Mieder ist mit zarter Spitze und schillernden Applikationen verziert, w\u00e4hrend der weite Rock mit Lagen von T\u00fcll und Stickereien einen dramatischen Effekt erzeugt. Das Belladonna betont die weiblichen Formen auf raffinierte Weise und bietet gleichzeitig Komfort und Bewegungsfreiheit, so dass sich die Braut selbstbewusst und atemberaubend f\u00fchlt. Dieses atemberaubende Kleid ist exklusiv bei Koonings The Wedding Palace in Deurne erh\u00e4ltlich, der gr\u00f6\u00dften Brautmodenboutique der Welt. Koonings bietet ein luxuri\u00f6ses Einkaufserlebnis mit einer gro\u00dfen Auswahl an Top-Marken, darunter Milla Nova Sounds of Couture. Hier k\u00f6nnen Br\u00e4ute in einer einladenden und stilvollen Umgebung ihr Traumkleid finden und sich von erfahrenen Stylisten bei der Auswahl des perfekten Kleides f\u00fcr ihren besonderen Tag beraten lassen. Das Belladonna ist f\u00fcr die Braut, die ihren Hochzeitstag in einem Kleid feiern m\u00f6chte, das sowohl elegant als auch bezaubernd ist und einen zeitlosen Charme hat, der beeindruckt.\",\"breadcrumb\":{\"@id\":\"https:\\\/\\\/www.koonings.com\\\/de\\\/product\\\/milla-nova-belladonna\\\/#breadcrumb\"},\"inLanguage\":\"de\",\"potentialAction\":[{\"@type\":\"ReadAction\",\"target\":[\"https:\\\/\\\/www.koonings.com\\\/de\\\/product\\\/milla-nova-belladonna\\\/\"]}]},{\"@type\":\"ImageObject\",\"inLanguage\":\"de\",\"@id\":\"https:\\\/\\\/www.koonings.com\\\/de\\\/product\\\/milla-nova-belladonna\\\/#primaryimage\",\"url\":\"https:\\\/\\\/www.koonings.com\\\/wp-content\\\/uploads\\\/2025\\\/03\\\/49515_52bc1c6bb00cb94d313b420abd8850594cf01abf16c3f81ea824c630ccb064064c69fdd2-scaled.jpeg\",\"contentUrl\":\"https:\\\/\\\/www.koonings.com\\\/wp-content\\\/uploads\\\/2025\\\/03\\\/49515_52bc1c6bb00cb94d313b420abd8850594cf01abf16c3f81ea824c630ccb064064c69fdd2-scaled.jpeg\",\"width\":1808,\"height\":2560},{\"@type\":\"BreadcrumbList\",\"@id\":\"https:\\\/\\\/www.koonings.com\\\/de\\\/product\\\/milla-nova-belladonna\\\/#breadcrumb\",\"itemListElement\":[{\"@type\":\"ListItem\",\"position\":1,\"name\":\"Home\",\"item\":\"https:\\\/\\\/www.koonings.com\\\/de\\\/\"},{\"@type\":\"ListItem\",\"position\":2,\"name\":\"Milla Nova Belladonna\"}]},{\"@type\":\"WebSite\",\"@id\":\"https:\\\/\\\/www.koonings.com\\\/de\\\/#website\",\"url\":\"https:\\\/\\\/www.koonings.com\\\/de\\\/\",\"name\":\"Koonings\",\"description\":\"De grootste bruidsmodewinkel ter wereld\",\"publisher\":{\"@id\":\"https:\\\/\\\/www.koonings.com\\\/de\\\/#organization\"},\"potentialAction\":[{\"@type\":\"SearchAction\",\"target\":{\"@type\":\"EntryPoint\",\"urlTemplate\":\"https:\\\/\\\/www.koonings.com\\\/de\\\/?s={search_term_string}\"},\"query-input\":{\"@type\":\"PropertyValueSpecification\",\"valueRequired\":true,\"valueName\":\"search_term_string\"}}],\"inLanguage\":\"de\"},{\"@type\":\"Organization\",\"@id\":\"https:\\\/\\\/www.koonings.com\\\/de\\\/#organization\",\"name\":\"Koonings\",\"url\":\"https:\\\/\\\/www.koonings.com\\\/de\\\/\",\"logo\":{\"@type\":\"ImageObject\",\"inLanguage\":\"de\",\"@id\":\"https:\\\/\\\/www.koonings.com\\\/de\\\/#\\\/schema\\\/logo\\\/image\\\/\",\"url\":\"https:\\\/\\\/www.koonings.com\\\/wp-content\\\/uploads\\\/2024\\\/07\\\/logo.png\",\"contentUrl\":\"https:\\\/\\\/www.koonings.com\\\/wp-content\\\/uploads\\\/2024\\\/07\\\/logo.png\",\"width\":600,\"height\":428,\"caption\":\"Koonings\"},\"image\":{\"@id\":\"https:\\\/\\\/www.koonings.com\\\/de\\\/#\\\/schema\\\/logo\\\/image\\\/\"},\"sameAs\":[\"https:\\\/\\\/www.facebook.com\\\/kooningstheweddingpalace\",\"https:\\\/\\\/www.instagram.com\\\/kooningstheweddingpalace\",\"https:\\\/\\\/www.pinterest.com\\\/koonings\",\"https:\\\/\\\/www.youtube.com\\\/kooningstheweddingpalace\"]}]}<\/script>\n<!-- \/ Yoast SEO plugin. -->","yoast_head_json":{"title":"Milla Nova Belladonna | Koonings","description":"Das Belladonna Brautkleid von Milla Nova Sounds of Couture ist ein Meisterwerk an Luxus und Raffinesse, perfekt f\u00fcr die Braut, die an ihrem gro\u00dfen Tag ein Statement setzen m\u00f6chte. Das Design verstr\u00f6mt pure Eleganz durch die Verwendung von wundersch\u00f6ner Spitze, zarten Stoffen und einer atemberaubenden Passform. Das Mieder ist mit zarter Spitze und schillernden Applikationen verziert, w\u00e4hrend der weite Rock mit Lagen von T\u00fcll und Stickereien einen dramatischen Effekt erzeugt. Das Belladonna betont die weiblichen Formen auf raffinierte Weise und bietet gleichzeitig Komfort und Bewegungsfreiheit, so dass sich die Braut selbstbewusst und atemberaubend f\u00fchlt. Dieses atemberaubende Kleid ist exklusiv bei Koonings The Wedding Palace in Deurne erh\u00e4ltlich, der gr\u00f6\u00dften Brautmodenboutique der Welt. Koonings bietet ein luxuri\u00f6ses Einkaufserlebnis mit einer gro\u00dfen Auswahl an Top-Marken, darunter Milla Nova Sounds of Couture. Hier k\u00f6nnen Br\u00e4ute in einer einladenden und stilvollen Umgebung ihr Traumkleid finden und sich von erfahrenen Stylisten bei der Auswahl des perfekten Kleides f\u00fcr ihren besonderen Tag beraten lassen. Das Belladonna ist f\u00fcr die Braut, die ihren Hochzeitstag in einem Kleid feiern m\u00f6chte, das sowohl elegant als auch bezaubernd ist und einen zeitlosen Charme hat, der beeindruckt.","robots":{"index":"index","follow":"follow","max-snippet":"max-snippet:-1","max-image-preview":"max-image-preview:large","max-video-preview":"max-video-preview:-1"},"canonical":"https:\/\/www.koonings.com\/de\/product\/milla-nova-belladonna\/","og_locale":"de_DE","og_type":"article","og_title":"Milla Nova Belladonna | Koonings","og_description":"Das Belladonna Brautkleid von Milla Nova Sounds of Couture ist ein Meisterwerk an Luxus und Raffinesse, perfekt f\u00fcr die Braut, die an ihrem gro\u00dfen Tag ein Statement setzen m\u00f6chte. Das Design verstr\u00f6mt pure Eleganz durch die Verwendung von wundersch\u00f6ner Spitze, zarten Stoffen und einer atemberaubenden Passform. Das Mieder ist mit zarter Spitze und schillernden Applikationen verziert, w\u00e4hrend der weite Rock mit Lagen von T\u00fcll und Stickereien einen dramatischen Effekt erzeugt. Das Belladonna betont die weiblichen Formen auf raffinierte Weise und bietet gleichzeitig Komfort und Bewegungsfreiheit, so dass sich die Braut selbstbewusst und atemberaubend f\u00fchlt. Dieses atemberaubende Kleid ist exklusiv bei Koonings The Wedding Palace in Deurne erh\u00e4ltlich, der gr\u00f6\u00dften Brautmodenboutique der Welt. Koonings bietet ein luxuri\u00f6ses Einkaufserlebnis mit einer gro\u00dfen Auswahl an Top-Marken, darunter Milla Nova Sounds of Couture. Hier k\u00f6nnen Br\u00e4ute in einer einladenden und stilvollen Umgebung ihr Traumkleid finden und sich von erfahrenen Stylisten bei der Auswahl des perfekten Kleides f\u00fcr ihren besonderen Tag beraten lassen. Das Belladonna ist f\u00fcr die Braut, die ihren Hochzeitstag in einem Kleid feiern m\u00f6chte, das sowohl elegant als auch bezaubernd ist und einen zeitlosen Charme hat, der beeindruckt.","og_url":"https:\/\/www.koonings.com\/de\/product\/milla-nova-belladonna\/","og_site_name":"Koonings","article_publisher":"https:\/\/www.facebook.com\/kooningstheweddingpalace","og_image":[{"width":1808,"height":2560,"url":"https:\/\/www.koonings.com\/wp-content\/uploads\/2025\/03\/49515_52bc1c6bb00cb94d313b420abd8850594cf01abf16c3f81ea824c630ccb064064c69fdd2-scaled.jpeg","type":"image\/jpeg"}],"twitter_card":"summary_large_image","twitter_misc":{"Gesch\u00e4tzte Lesezeit":"1\u00a0Minute"},"schema":{"@context":"https:\/\/schema.org","@graph":[{"@type":"WebPage","@id":"https:\/\/www.koonings.com\/de\/product\/milla-nova-belladonna\/","url":"https:\/\/www.koonings.com\/de\/product\/milla-nova-belladonna\/","name":"Milla Nova Belladonna | Koonings","isPartOf":{"@id":"https:\/\/www.koonings.com\/de\/#website"},"primaryImageOfPage":{"@id":"https:\/\/www.koonings.com\/de\/product\/milla-nova-belladonna\/#primaryimage"},"image":{"@id":"https:\/\/www.koonings.com\/de\/product\/milla-nova-belladonna\/#primaryimage"},"thumbnailUrl":"https:\/\/www.koonings.com\/wp-content\/uploads\/2025\/03\/49515_52bc1c6bb00cb94d313b420abd8850594cf01abf16c3f81ea824c630ccb064064c69fdd2-scaled.jpeg","datePublished":"2026-05-06T13:30:22+00:00","description":"Das Belladonna Brautkleid von Milla Nova Sounds of Couture ist ein Meisterwerk an Luxus und Raffinesse, perfekt f\u00fcr die Braut, die an ihrem gro\u00dfen Tag ein Statement setzen m\u00f6chte. Das Design verstr\u00f6mt pure Eleganz durch die Verwendung von wundersch\u00f6ner Spitze, zarten Stoffen und einer atemberaubenden Passform. Das Mieder ist mit zarter Spitze und schillernden Applikationen verziert, w\u00e4hrend der weite Rock mit Lagen von T\u00fcll und Stickereien einen dramatischen Effekt erzeugt. Das Belladonna betont die weiblichen Formen auf raffinierte Weise und bietet gleichzeitig Komfort und Bewegungsfreiheit, so dass sich die Braut selbstbewusst und atemberaubend f\u00fchlt. Dieses atemberaubende Kleid ist exklusiv bei Koonings The Wedding Palace in Deurne erh\u00e4ltlich, der gr\u00f6\u00dften Brautmodenboutique der Welt. Koonings bietet ein luxuri\u00f6ses Einkaufserlebnis mit einer gro\u00dfen Auswahl an Top-Marken, darunter Milla Nova Sounds of Couture. Hier k\u00f6nnen Br\u00e4ute in einer einladenden und stilvollen Umgebung ihr Traumkleid finden und sich von erfahrenen Stylisten bei der Auswahl des perfekten Kleides f\u00fcr ihren besonderen Tag beraten lassen. Das Belladonna ist f\u00fcr die Braut, die ihren Hochzeitstag in einem Kleid feiern m\u00f6chte, das sowohl elegant als auch bezaubernd ist und einen zeitlosen Charme hat, der beeindruckt.","breadcrumb":{"@id":"https:\/\/www.koonings.com\/de\/product\/milla-nova-belladonna\/#breadcrumb"},"inLanguage":"de","potentialAction":[{"@type":"ReadAction","target":["https:\/\/www.koonings.com\/de\/product\/milla-nova-belladonna\/"]}]},{"@type":"ImageObject","inLanguage":"de","@id":"https:\/\/www.koonings.com\/de\/product\/milla-nova-belladonna\/#primaryimage","url":"https:\/\/www.koonings.com\/wp-content\/uploads\/2025\/03\/49515_52bc1c6bb00cb94d313b420abd8850594cf01abf16c3f81ea824c630ccb064064c69fdd2-scaled.jpeg","contentUrl":"https:\/\/www.koonings.com\/wp-content\/uploads\/2025\/03\/49515_52bc1c6bb00cb94d313b420abd8850594cf01abf16c3f81ea824c630ccb064064c69fdd2-scaled.jpeg","width":1808,"height":2560},{"@type":"BreadcrumbList","@id":"https:\/\/www.koonings.com\/de\/product\/milla-nova-belladonna\/#breadcrumb","itemListElement":[{"@type":"ListItem","position":1,"name":"Home","item":"https:\/\/www.koonings.com\/de\/"},{"@type":"ListItem","position":2,"name":"Milla Nova Belladonna"}]},{"@type":"WebSite","@id":"https:\/\/www.koonings.com\/de\/#website","url":"https:\/\/www.koonings.com\/de\/","name":"Koonings","description":"De grootste bruidsmodewinkel ter wereld","publisher":{"@id":"https:\/\/www.koonings.com\/de\/#organization"},"potentialAction":[{"@type":"SearchAction","target":{"@type":"EntryPoint","urlTemplate":"https:\/\/www.koonings.com\/de\/?s={search_term_string}"},"query-input":{"@type":"PropertyValueSpecification","valueRequired":true,"valueName":"search_term_string"}}],"inLanguage":"de"},{"@type":"Organization","@id":"https:\/\/www.koonings.com\/de\/#organization","name":"Koonings","url":"https:\/\/www.koonings.com\/de\/","logo":{"@type":"ImageObject","inLanguage":"de","@id":"https:\/\/www.koonings.com\/de\/#\/schema\/logo\/image\/","url":"https:\/\/www.koonings.com\/wp-content\/uploads\/2024\/07\/logo.png","contentUrl":"https:\/\/www.koonings.com\/wp-content\/uploads\/2024\/07\/logo.png","width":600,"height":428,"caption":"Koonings"},"image":{"@id":"https:\/\/www.koonings.com\/de\/#\/schema\/logo\/image\/"},"sameAs":["https:\/\/www.facebook.com\/kooningstheweddingpalace","https:\/\/www.instagram.com\/kooningstheweddingpalace","https:\/\/www.pinterest.com\/koonings","https:\/\/www.youtube.com\/kooningstheweddingpalace"]}]}},"_links":{"self":[{"href":"https:\/\/www.koonings.com\/de\/wp-json\/wp\/v2\/product\/85079","targetHints":{"allow":["GET"]}}],"collection":[{"href":"https:\/\/www.koonings.com\/de\/wp-json\/wp\/v2\/product"}],"about":[{"href":"https:\/\/www.koonings.com\/de\/wp-json\/wp\/v2\/types\/product"}],"wp:featuredmedia":[{"embeddable":true,"href":"https:\/\/www.koonings.com\/de\/wp-json\/wp\/v2\/media\/82131"}],"wp:attachment":[{"href":"https:\/\/www.koonings.com\/de\/wp-json\/wp\/v2\/media?parent=85079"}],"wp:term":[{"taxonomy":"productdetails","embeddable":true,"href":"https:\/\/www.koonings.com\/de\/wp-json\/wp\/v2\/productdetails?post=85079"},{"taxonomy":"productneck","embeddable":true,"href":"https:\/\/www.koonings.com\/de\/wp-json\/wp\/v2\/productneck?post=85079"},{"taxonomy":"productcolor","embeddable":true,"href":"https:\/\/www.koonings.com\/de\/wp-json\/wp\/v2\/productcolor?post=85079"},{"taxonomy":"maat","embeddable":true,"href":"https:\/\/www.koonings.com\/de\/wp-json\/wp\/v2\/maat?post=85079"},{"taxonomy":"productsupplier","embeddable":true,"href":"https:\/\/www.koonings.com\/de\/wp-json\/wp\/v2\/productsupplier?post=85079"},{"taxonomy":"productsleeve","embeddable":true,"href":"https:\/\/www.koonings.com\/de\/wp-json\/wp\/v2\/productsleeve?post=85079"},{"taxonomy":"productcategory","embeddable":true,"href":"https:\/\/www.koonings.com\/de\/wp-json\/wp\/v2\/productcategory?post=85079"},{"taxonomy":"productsilhouette","embeddable":true,"href":"https:\/\/www.koonings.com\/de\/wp-json\/wp\/v2\/productsilhouette?post=85079"},{"taxonomy":"productstyle","embeddable":true,"href":"https:\/\/www.koonings.com\/de\/wp-json\/wp\/v2\/productstyle?post=85079"}],"curies":[{"name":"wp","href":"https:\/\/api.w.org\/{rel}","templated":true}]}}