{"id":85063,"date":"2026-04-14T16:16:57","date_gmt":"2026-04-14T14:16:57","guid":{"rendered":"https:\/\/www.koonings.com\/product\/ramona-koonings-couture-kn2519-florence\/"},"modified":"2025-06-05T13:58:16","modified_gmt":"2025-06-05T11:58:16","slug":"ramona-koonings-couture-kn2519-florence","status":"publish","type":"product","link":"https:\/\/www.koonings.com\/de\/product\/ramona-koonings-couture-kn2519-florence\/","title":{"rendered":"Ramona Koonings Couture KN2519 Florence"},"content":{"rendered":"<p>Das zeitlos romantische Florence Hochzeitskleid von Ramona Koonings Couture.<br \/>\nTreten Sie ein in eine Welt der klassischen Eleganz und raffinierten Romantik mit dem Florence Hochzeitskleid, einem exklusiven Design von Ramona Koonings Couture, erh\u00e4ltlich bei Koonings The Wedding Palace. Dieses Couture-Kleid ist perfekt f\u00fcr die Braut, die einen zeitlosen, m\u00e4rchenhaften Look mit luxuri\u00f6sen Details sucht.<br \/>\nDie A-Linien-Passform sorgt f\u00fcr einen anmutigen und schmeichelhaften Look, w\u00e4hrend der tiefe V-Ausschnitt einen subtilen, femininen Touch verleiht. Die langen \u00c4rmel verleihen dem Kleid einen klassischen und eleganten Look, perfekt f\u00fcr eine romantische Hochzeit. Der zarte Elfenbeinton hebt die raffinierten Details hervor und verleiht ein vertr\u00e4umtes, luxuri\u00f6ses Gef\u00fchl.<br \/>\nWas dieses Kleid besonders macht, sind die wundersch\u00f6nen 3D-Blumen, die wie ein Kunstwerk \u00fcber den luftigen T\u00fcllstoff verstreut sind. Der tiefe R\u00fccken sorgt f\u00fcr einen Hauch von Sinnlichkeit, w\u00e4hrend der sch\u00f6ne Ausschnitt in der Taille die weiblichen Formen elegant akzentuiert. Das macht das Florence Kleid zu einer perfekten Kombination aus klassischem, romantischem und modernem Couture-Design.<br \/>\nM\u00f6chten Sie in einem Hochzeitskleid gl\u00e4nzen, das zeitlose Klasse und raffinierte Details vereint? Entdecken Sie das Hochzeitskleid Florence von Ramona Koonings Couture, das exklusiv bei Koonings The Wedding Palace erh\u00e4ltlich ist, und erleben Sie Ihren m\u00e4rchenhaften Tag mit Stil.      <\/p>\n","protected":false},"featured_media":82746,"template":"","meta":{"_acf_changed":false,"ghostkit_customizer_options":"","ghostkit_custom_css":"","ghostkit_custom_js_head":"","ghostkit_custom_js_foot":"","ghostkit_typography":""},"productdetails":[379,383,381],"productneck":[356],"productcolor":[392],"maat":[],"productsupplier":[419],"productsleeve":[362],"productcategory":[18],"productsilhouette":[384],"productstyle":[367,369,366,370],"class_list":["post-85063","product","type-product","status-publish","has-post-thumbnail","hentry","productdetails-379","productdetails-383","productdetails-381","productneck-356","productcolor-392","productsupplier-ramona-koonings-couture","productsleeve-362","productcategory-trouwjurken","productsilhouette-384","productstyle-367","productstyle-369","productstyle-366","productstyle-370"],"acf":[],"yoast_head":"<!-- This site is optimized with the Yoast SEO plugin v27.3 - https:\/\/yoast.com\/product\/yoast-seo-wordpress\/ -->\n<title>Ramona Koonings Couture KN2519 Florence | Koonings<\/title>\n<meta name=\"description\" content=\"Das zeitlos romantische Florence Hochzeitskleid von Ramona Koonings Couture. Treten Sie ein in eine Welt der klassischen Eleganz und raffinierten Romantik mit dem Florence Hochzeitskleid, einem exklusiven Design von Ramona Koonings Couture, erh\u00e4ltlich bei Koonings The Wedding Palace. Dieses Couture-Kleid ist perfekt f\u00fcr die Braut, die einen zeitlosen, m\u00e4rchenhaften Look mit luxuri\u00f6sen Details sucht. Die A-Linien-Passform sorgt f\u00fcr einen anmutigen und schmeichelhaften Look, w\u00e4hrend der tiefe V-Ausschnitt einen subtilen, femininen Touch verleiht. Die langen \u00c4rmel verleihen dem Kleid einen klassischen und eleganten Look, perfekt f\u00fcr eine romantische Hochzeit. Der zarte Elfenbeinton hebt die raffinierten Details hervor und verleiht ein vertr\u00e4umtes, luxuri\u00f6ses Gef\u00fchl. Was dieses Kleid besonders macht, sind die wundersch\u00f6nen 3D-Blumen, die wie ein Kunstwerk \u00fcber den luftigen T\u00fcllstoff verstreut sind. Der tiefe R\u00fccken sorgt f\u00fcr einen Hauch von Sinnlichkeit, w\u00e4hrend der sch\u00f6ne Ausschnitt in der Taille die weiblichen Formen elegant akzentuiert. Das macht das Florence Kleid zu einer perfekten Kombination aus klassischem, romantischem und modernem Couture-Design. M\u00f6chten Sie in einem Hochzeitskleid gl\u00e4nzen, das zeitlose Klasse und raffinierte Details vereint? Entdecken Sie das Hochzeitskleid Florence von Ramona Koonings Couture, das exklusiv bei Koonings The Wedding Palace erh\u00e4ltlich ist, und erleben Sie Ihren m\u00e4rchenhaften Tag mit Stil.\" \/>\n<meta name=\"robots\" content=\"index, follow, max-snippet:-1, max-image-preview:large, max-video-preview:-1\" \/>\n<link rel=\"canonical\" href=\"https:\/\/www.koonings.com\/de\/product\/ramona-koonings-couture-kn2519-florence\/\" \/>\n<meta property=\"og:locale\" content=\"de_DE\" \/>\n<meta property=\"og:type\" content=\"article\" \/>\n<meta property=\"og:title\" content=\"Ramona Koonings Couture KN2519 Florence | Koonings\" \/>\n<meta property=\"og:description\" content=\"Das zeitlos romantische Florence Hochzeitskleid von Ramona Koonings Couture. Treten Sie ein in eine Welt der klassischen Eleganz und raffinierten Romantik mit dem Florence Hochzeitskleid, einem exklusiven Design von Ramona Koonings Couture, erh\u00e4ltlich bei Koonings The Wedding Palace. Dieses Couture-Kleid ist perfekt f\u00fcr die Braut, die einen zeitlosen, m\u00e4rchenhaften Look mit luxuri\u00f6sen Details sucht. Die A-Linien-Passform sorgt f\u00fcr einen anmutigen und schmeichelhaften Look, w\u00e4hrend der tiefe V-Ausschnitt einen subtilen, femininen Touch verleiht. Die langen \u00c4rmel verleihen dem Kleid einen klassischen und eleganten Look, perfekt f\u00fcr eine romantische Hochzeit. Der zarte Elfenbeinton hebt die raffinierten Details hervor und verleiht ein vertr\u00e4umtes, luxuri\u00f6ses Gef\u00fchl. Was dieses Kleid besonders macht, sind die wundersch\u00f6nen 3D-Blumen, die wie ein Kunstwerk \u00fcber den luftigen T\u00fcllstoff verstreut sind. Der tiefe R\u00fccken sorgt f\u00fcr einen Hauch von Sinnlichkeit, w\u00e4hrend der sch\u00f6ne Ausschnitt in der Taille die weiblichen Formen elegant akzentuiert. Das macht das Florence Kleid zu einer perfekten Kombination aus klassischem, romantischem und modernem Couture-Design. M\u00f6chten Sie in einem Hochzeitskleid gl\u00e4nzen, das zeitlose Klasse und raffinierte Details vereint? Entdecken Sie das Hochzeitskleid Florence von Ramona Koonings Couture, das exklusiv bei Koonings The Wedding Palace erh\u00e4ltlich ist, und erleben Sie Ihren m\u00e4rchenhaften Tag mit Stil.\" \/>\n<meta property=\"og:url\" content=\"https:\/\/www.koonings.com\/de\/product\/ramona-koonings-couture-kn2519-florence\/\" \/>\n<meta property=\"og:site_name\" content=\"Koonings\" \/>\n<meta property=\"article:publisher\" content=\"https:\/\/www.facebook.com\/kooningstheweddingpalace\" \/>\n<meta property=\"og:image\" content=\"https:\/\/www.koonings.com\/wp-content\/uploads\/2025\/03\/39994_ca9583bc2df5760c667713613a26d8981f6c061bd8e1a11395bf84dc2c67bf7f1adfbd26-scaled.jpeg\" \/>\n\t<meta property=\"og:image:width\" content=\"1815\" \/>\n\t<meta property=\"og:image:height\" content=\"2560\" \/>\n\t<meta property=\"og:image:type\" content=\"image\/jpeg\" \/>\n<meta name=\"twitter:card\" content=\"summary_large_image\" \/>\n<meta name=\"twitter:label1\" content=\"Gesch\u00e4tzte Lesezeit\" \/>\n\t<meta name=\"twitter:data1\" content=\"1\u00a0Minute\" \/>\n<script type=\"application\/ld+json\" class=\"yoast-schema-graph\">{\"@context\":\"https:\\\/\\\/schema.org\",\"@graph\":[{\"@type\":\"WebPage\",\"@id\":\"https:\\\/\\\/www.koonings.com\\\/de\\\/product\\\/ramona-koonings-couture-kn2519-florence\\\/\",\"url\":\"https:\\\/\\\/www.koonings.com\\\/de\\\/product\\\/ramona-koonings-couture-kn2519-florence\\\/\",\"name\":\"Ramona Koonings Couture KN2519 Florence | Koonings\",\"isPartOf\":{\"@id\":\"https:\\\/\\\/www.koonings.com\\\/de\\\/#website\"},\"primaryImageOfPage\":{\"@id\":\"https:\\\/\\\/www.koonings.com\\\/de\\\/product\\\/ramona-koonings-couture-kn2519-florence\\\/#primaryimage\"},\"image\":{\"@id\":\"https:\\\/\\\/www.koonings.com\\\/de\\\/product\\\/ramona-koonings-couture-kn2519-florence\\\/#primaryimage\"},\"thumbnailUrl\":\"https:\\\/\\\/www.koonings.com\\\/wp-content\\\/uploads\\\/2025\\\/03\\\/39994_ca9583bc2df5760c667713613a26d8981f6c061bd8e1a11395bf84dc2c67bf7f1adfbd26-scaled.jpeg\",\"datePublished\":\"2026-04-14T14:16:57+00:00\",\"description\":\"Das zeitlos romantische Florence Hochzeitskleid von Ramona Koonings Couture. Treten Sie ein in eine Welt der klassischen Eleganz und raffinierten Romantik mit dem Florence Hochzeitskleid, einem exklusiven Design von Ramona Koonings Couture, erh\u00e4ltlich bei Koonings The Wedding Palace. Dieses Couture-Kleid ist perfekt f\u00fcr die Braut, die einen zeitlosen, m\u00e4rchenhaften Look mit luxuri\u00f6sen Details sucht. Die A-Linien-Passform sorgt f\u00fcr einen anmutigen und schmeichelhaften Look, w\u00e4hrend der tiefe V-Ausschnitt einen subtilen, femininen Touch verleiht. Die langen \u00c4rmel verleihen dem Kleid einen klassischen und eleganten Look, perfekt f\u00fcr eine romantische Hochzeit. Der zarte Elfenbeinton hebt die raffinierten Details hervor und verleiht ein vertr\u00e4umtes, luxuri\u00f6ses Gef\u00fchl. Was dieses Kleid besonders macht, sind die wundersch\u00f6nen 3D-Blumen, die wie ein Kunstwerk \u00fcber den luftigen T\u00fcllstoff verstreut sind. Der tiefe R\u00fccken sorgt f\u00fcr einen Hauch von Sinnlichkeit, w\u00e4hrend der sch\u00f6ne Ausschnitt in der Taille die weiblichen Formen elegant akzentuiert. Das macht das Florence Kleid zu einer perfekten Kombination aus klassischem, romantischem und modernem Couture-Design. M\u00f6chten Sie in einem Hochzeitskleid gl\u00e4nzen, das zeitlose Klasse und raffinierte Details vereint? Entdecken Sie das Hochzeitskleid Florence von Ramona Koonings Couture, das exklusiv bei Koonings The Wedding Palace erh\u00e4ltlich ist, und erleben Sie Ihren m\u00e4rchenhaften Tag mit Stil.\",\"breadcrumb\":{\"@id\":\"https:\\\/\\\/www.koonings.com\\\/de\\\/product\\\/ramona-koonings-couture-kn2519-florence\\\/#breadcrumb\"},\"inLanguage\":\"de\",\"potentialAction\":[{\"@type\":\"ReadAction\",\"target\":[\"https:\\\/\\\/www.koonings.com\\\/de\\\/product\\\/ramona-koonings-couture-kn2519-florence\\\/\"]}]},{\"@type\":\"ImageObject\",\"inLanguage\":\"de\",\"@id\":\"https:\\\/\\\/www.koonings.com\\\/de\\\/product\\\/ramona-koonings-couture-kn2519-florence\\\/#primaryimage\",\"url\":\"https:\\\/\\\/www.koonings.com\\\/wp-content\\\/uploads\\\/2025\\\/03\\\/39994_ca9583bc2df5760c667713613a26d8981f6c061bd8e1a11395bf84dc2c67bf7f1adfbd26-scaled.jpeg\",\"contentUrl\":\"https:\\\/\\\/www.koonings.com\\\/wp-content\\\/uploads\\\/2025\\\/03\\\/39994_ca9583bc2df5760c667713613a26d8981f6c061bd8e1a11395bf84dc2c67bf7f1adfbd26-scaled.jpeg\",\"width\":1815,\"height\":2560},{\"@type\":\"BreadcrumbList\",\"@id\":\"https:\\\/\\\/www.koonings.com\\\/de\\\/product\\\/ramona-koonings-couture-kn2519-florence\\\/#breadcrumb\",\"itemListElement\":[{\"@type\":\"ListItem\",\"position\":1,\"name\":\"Home\",\"item\":\"https:\\\/\\\/www.koonings.com\\\/de\\\/\"},{\"@type\":\"ListItem\",\"position\":2,\"name\":\"Ramona Koonings Couture KN2519 Florence\"}]},{\"@type\":\"WebSite\",\"@id\":\"https:\\\/\\\/www.koonings.com\\\/de\\\/#website\",\"url\":\"https:\\\/\\\/www.koonings.com\\\/de\\\/\",\"name\":\"Koonings\",\"description\":\"De grootste bruidsmodewinkel ter wereld\",\"publisher\":{\"@id\":\"https:\\\/\\\/www.koonings.com\\\/de\\\/#organization\"},\"potentialAction\":[{\"@type\":\"SearchAction\",\"target\":{\"@type\":\"EntryPoint\",\"urlTemplate\":\"https:\\\/\\\/www.koonings.com\\\/de\\\/?s={search_term_string}\"},\"query-input\":{\"@type\":\"PropertyValueSpecification\",\"valueRequired\":true,\"valueName\":\"search_term_string\"}}],\"inLanguage\":\"de\"},{\"@type\":\"Organization\",\"@id\":\"https:\\\/\\\/www.koonings.com\\\/de\\\/#organization\",\"name\":\"Koonings\",\"url\":\"https:\\\/\\\/www.koonings.com\\\/de\\\/\",\"logo\":{\"@type\":\"ImageObject\",\"inLanguage\":\"de\",\"@id\":\"https:\\\/\\\/www.koonings.com\\\/de\\\/#\\\/schema\\\/logo\\\/image\\\/\",\"url\":\"https:\\\/\\\/www.koonings.com\\\/wp-content\\\/uploads\\\/2024\\\/07\\\/logo.png\",\"contentUrl\":\"https:\\\/\\\/www.koonings.com\\\/wp-content\\\/uploads\\\/2024\\\/07\\\/logo.png\",\"width\":600,\"height\":428,\"caption\":\"Koonings\"},\"image\":{\"@id\":\"https:\\\/\\\/www.koonings.com\\\/de\\\/#\\\/schema\\\/logo\\\/image\\\/\"},\"sameAs\":[\"https:\\\/\\\/www.facebook.com\\\/kooningstheweddingpalace\",\"https:\\\/\\\/www.instagram.com\\\/kooningstheweddingpalace\",\"https:\\\/\\\/www.pinterest.com\\\/koonings\",\"https:\\\/\\\/www.youtube.com\\\/kooningstheweddingpalace\"]}]}<\/script>\n<!-- \/ Yoast SEO plugin. -->","yoast_head_json":{"title":"Ramona Koonings Couture KN2519 Florence | Koonings","description":"Das zeitlos romantische Florence Hochzeitskleid von Ramona Koonings Couture. Treten Sie ein in eine Welt der klassischen Eleganz und raffinierten Romantik mit dem Florence Hochzeitskleid, einem exklusiven Design von Ramona Koonings Couture, erh\u00e4ltlich bei Koonings The Wedding Palace. Dieses Couture-Kleid ist perfekt f\u00fcr die Braut, die einen zeitlosen, m\u00e4rchenhaften Look mit luxuri\u00f6sen Details sucht. Die A-Linien-Passform sorgt f\u00fcr einen anmutigen und schmeichelhaften Look, w\u00e4hrend der tiefe V-Ausschnitt einen subtilen, femininen Touch verleiht. Die langen \u00c4rmel verleihen dem Kleid einen klassischen und eleganten Look, perfekt f\u00fcr eine romantische Hochzeit. Der zarte Elfenbeinton hebt die raffinierten Details hervor und verleiht ein vertr\u00e4umtes, luxuri\u00f6ses Gef\u00fchl. Was dieses Kleid besonders macht, sind die wundersch\u00f6nen 3D-Blumen, die wie ein Kunstwerk \u00fcber den luftigen T\u00fcllstoff verstreut sind. Der tiefe R\u00fccken sorgt f\u00fcr einen Hauch von Sinnlichkeit, w\u00e4hrend der sch\u00f6ne Ausschnitt in der Taille die weiblichen Formen elegant akzentuiert. Das macht das Florence Kleid zu einer perfekten Kombination aus klassischem, romantischem und modernem Couture-Design. M\u00f6chten Sie in einem Hochzeitskleid gl\u00e4nzen, das zeitlose Klasse und raffinierte Details vereint? Entdecken Sie das Hochzeitskleid Florence von Ramona Koonings Couture, das exklusiv bei Koonings The Wedding Palace erh\u00e4ltlich ist, und erleben Sie Ihren m\u00e4rchenhaften Tag mit Stil.","robots":{"index":"index","follow":"follow","max-snippet":"max-snippet:-1","max-image-preview":"max-image-preview:large","max-video-preview":"max-video-preview:-1"},"canonical":"https:\/\/www.koonings.com\/de\/product\/ramona-koonings-couture-kn2519-florence\/","og_locale":"de_DE","og_type":"article","og_title":"Ramona Koonings Couture KN2519 Florence | Koonings","og_description":"Das zeitlos romantische Florence Hochzeitskleid von Ramona Koonings Couture. Treten Sie ein in eine Welt der klassischen Eleganz und raffinierten Romantik mit dem Florence Hochzeitskleid, einem exklusiven Design von Ramona Koonings Couture, erh\u00e4ltlich bei Koonings The Wedding Palace. Dieses Couture-Kleid ist perfekt f\u00fcr die Braut, die einen zeitlosen, m\u00e4rchenhaften Look mit luxuri\u00f6sen Details sucht. Die A-Linien-Passform sorgt f\u00fcr einen anmutigen und schmeichelhaften Look, w\u00e4hrend der tiefe V-Ausschnitt einen subtilen, femininen Touch verleiht. Die langen \u00c4rmel verleihen dem Kleid einen klassischen und eleganten Look, perfekt f\u00fcr eine romantische Hochzeit. Der zarte Elfenbeinton hebt die raffinierten Details hervor und verleiht ein vertr\u00e4umtes, luxuri\u00f6ses Gef\u00fchl. Was dieses Kleid besonders macht, sind die wundersch\u00f6nen 3D-Blumen, die wie ein Kunstwerk \u00fcber den luftigen T\u00fcllstoff verstreut sind. Der tiefe R\u00fccken sorgt f\u00fcr einen Hauch von Sinnlichkeit, w\u00e4hrend der sch\u00f6ne Ausschnitt in der Taille die weiblichen Formen elegant akzentuiert. Das macht das Florence Kleid zu einer perfekten Kombination aus klassischem, romantischem und modernem Couture-Design. M\u00f6chten Sie in einem Hochzeitskleid gl\u00e4nzen, das zeitlose Klasse und raffinierte Details vereint? Entdecken Sie das Hochzeitskleid Florence von Ramona Koonings Couture, das exklusiv bei Koonings The Wedding Palace erh\u00e4ltlich ist, und erleben Sie Ihren m\u00e4rchenhaften Tag mit Stil.","og_url":"https:\/\/www.koonings.com\/de\/product\/ramona-koonings-couture-kn2519-florence\/","og_site_name":"Koonings","article_publisher":"https:\/\/www.facebook.com\/kooningstheweddingpalace","og_image":[{"width":1815,"height":2560,"url":"https:\/\/www.koonings.com\/wp-content\/uploads\/2025\/03\/39994_ca9583bc2df5760c667713613a26d8981f6c061bd8e1a11395bf84dc2c67bf7f1adfbd26-scaled.jpeg","type":"image\/jpeg"}],"twitter_card":"summary_large_image","twitter_misc":{"Gesch\u00e4tzte Lesezeit":"1\u00a0Minute"},"schema":{"@context":"https:\/\/schema.org","@graph":[{"@type":"WebPage","@id":"https:\/\/www.koonings.com\/de\/product\/ramona-koonings-couture-kn2519-florence\/","url":"https:\/\/www.koonings.com\/de\/product\/ramona-koonings-couture-kn2519-florence\/","name":"Ramona Koonings Couture KN2519 Florence | Koonings","isPartOf":{"@id":"https:\/\/www.koonings.com\/de\/#website"},"primaryImageOfPage":{"@id":"https:\/\/www.koonings.com\/de\/product\/ramona-koonings-couture-kn2519-florence\/#primaryimage"},"image":{"@id":"https:\/\/www.koonings.com\/de\/product\/ramona-koonings-couture-kn2519-florence\/#primaryimage"},"thumbnailUrl":"https:\/\/www.koonings.com\/wp-content\/uploads\/2025\/03\/39994_ca9583bc2df5760c667713613a26d8981f6c061bd8e1a11395bf84dc2c67bf7f1adfbd26-scaled.jpeg","datePublished":"2026-04-14T14:16:57+00:00","description":"Das zeitlos romantische Florence Hochzeitskleid von Ramona Koonings Couture. Treten Sie ein in eine Welt der klassischen Eleganz und raffinierten Romantik mit dem Florence Hochzeitskleid, einem exklusiven Design von Ramona Koonings Couture, erh\u00e4ltlich bei Koonings The Wedding Palace. Dieses Couture-Kleid ist perfekt f\u00fcr die Braut, die einen zeitlosen, m\u00e4rchenhaften Look mit luxuri\u00f6sen Details sucht. Die A-Linien-Passform sorgt f\u00fcr einen anmutigen und schmeichelhaften Look, w\u00e4hrend der tiefe V-Ausschnitt einen subtilen, femininen Touch verleiht. Die langen \u00c4rmel verleihen dem Kleid einen klassischen und eleganten Look, perfekt f\u00fcr eine romantische Hochzeit. Der zarte Elfenbeinton hebt die raffinierten Details hervor und verleiht ein vertr\u00e4umtes, luxuri\u00f6ses Gef\u00fchl. Was dieses Kleid besonders macht, sind die wundersch\u00f6nen 3D-Blumen, die wie ein Kunstwerk \u00fcber den luftigen T\u00fcllstoff verstreut sind. Der tiefe R\u00fccken sorgt f\u00fcr einen Hauch von Sinnlichkeit, w\u00e4hrend der sch\u00f6ne Ausschnitt in der Taille die weiblichen Formen elegant akzentuiert. Das macht das Florence Kleid zu einer perfekten Kombination aus klassischem, romantischem und modernem Couture-Design. M\u00f6chten Sie in einem Hochzeitskleid gl\u00e4nzen, das zeitlose Klasse und raffinierte Details vereint? Entdecken Sie das Hochzeitskleid Florence von Ramona Koonings Couture, das exklusiv bei Koonings The Wedding Palace erh\u00e4ltlich ist, und erleben Sie Ihren m\u00e4rchenhaften Tag mit Stil.","breadcrumb":{"@id":"https:\/\/www.koonings.com\/de\/product\/ramona-koonings-couture-kn2519-florence\/#breadcrumb"},"inLanguage":"de","potentialAction":[{"@type":"ReadAction","target":["https:\/\/www.koonings.com\/de\/product\/ramona-koonings-couture-kn2519-florence\/"]}]},{"@type":"ImageObject","inLanguage":"de","@id":"https:\/\/www.koonings.com\/de\/product\/ramona-koonings-couture-kn2519-florence\/#primaryimage","url":"https:\/\/www.koonings.com\/wp-content\/uploads\/2025\/03\/39994_ca9583bc2df5760c667713613a26d8981f6c061bd8e1a11395bf84dc2c67bf7f1adfbd26-scaled.jpeg","contentUrl":"https:\/\/www.koonings.com\/wp-content\/uploads\/2025\/03\/39994_ca9583bc2df5760c667713613a26d8981f6c061bd8e1a11395bf84dc2c67bf7f1adfbd26-scaled.jpeg","width":1815,"height":2560},{"@type":"BreadcrumbList","@id":"https:\/\/www.koonings.com\/de\/product\/ramona-koonings-couture-kn2519-florence\/#breadcrumb","itemListElement":[{"@type":"ListItem","position":1,"name":"Home","item":"https:\/\/www.koonings.com\/de\/"},{"@type":"ListItem","position":2,"name":"Ramona Koonings Couture KN2519 Florence"}]},{"@type":"WebSite","@id":"https:\/\/www.koonings.com\/de\/#website","url":"https:\/\/www.koonings.com\/de\/","name":"Koonings","description":"De grootste bruidsmodewinkel ter wereld","publisher":{"@id":"https:\/\/www.koonings.com\/de\/#organization"},"potentialAction":[{"@type":"SearchAction","target":{"@type":"EntryPoint","urlTemplate":"https:\/\/www.koonings.com\/de\/?s={search_term_string}"},"query-input":{"@type":"PropertyValueSpecification","valueRequired":true,"valueName":"search_term_string"}}],"inLanguage":"de"},{"@type":"Organization","@id":"https:\/\/www.koonings.com\/de\/#organization","name":"Koonings","url":"https:\/\/www.koonings.com\/de\/","logo":{"@type":"ImageObject","inLanguage":"de","@id":"https:\/\/www.koonings.com\/de\/#\/schema\/logo\/image\/","url":"https:\/\/www.koonings.com\/wp-content\/uploads\/2024\/07\/logo.png","contentUrl":"https:\/\/www.koonings.com\/wp-content\/uploads\/2024\/07\/logo.png","width":600,"height":428,"caption":"Koonings"},"image":{"@id":"https:\/\/www.koonings.com\/de\/#\/schema\/logo\/image\/"},"sameAs":["https:\/\/www.facebook.com\/kooningstheweddingpalace","https:\/\/www.instagram.com\/kooningstheweddingpalace","https:\/\/www.pinterest.com\/koonings","https:\/\/www.youtube.com\/kooningstheweddingpalace"]}]}},"_links":{"self":[{"href":"https:\/\/www.koonings.com\/de\/wp-json\/wp\/v2\/product\/85063","targetHints":{"allow":["GET"]}}],"collection":[{"href":"https:\/\/www.koonings.com\/de\/wp-json\/wp\/v2\/product"}],"about":[{"href":"https:\/\/www.koonings.com\/de\/wp-json\/wp\/v2\/types\/product"}],"wp:featuredmedia":[{"embeddable":true,"href":"https:\/\/www.koonings.com\/de\/wp-json\/wp\/v2\/media\/82746"}],"wp:attachment":[{"href":"https:\/\/www.koonings.com\/de\/wp-json\/wp\/v2\/media?parent=85063"}],"wp:term":[{"taxonomy":"productdetails","embeddable":true,"href":"https:\/\/www.koonings.com\/de\/wp-json\/wp\/v2\/productdetails?post=85063"},{"taxonomy":"productneck","embeddable":true,"href":"https:\/\/www.koonings.com\/de\/wp-json\/wp\/v2\/productneck?post=85063"},{"taxonomy":"productcolor","embeddable":true,"href":"https:\/\/www.koonings.com\/de\/wp-json\/wp\/v2\/productcolor?post=85063"},{"taxonomy":"maat","embeddable":true,"href":"https:\/\/www.koonings.com\/de\/wp-json\/wp\/v2\/maat?post=85063"},{"taxonomy":"productsupplier","embeddable":true,"href":"https:\/\/www.koonings.com\/de\/wp-json\/wp\/v2\/productsupplier?post=85063"},{"taxonomy":"productsleeve","embeddable":true,"href":"https:\/\/www.koonings.com\/de\/wp-json\/wp\/v2\/productsleeve?post=85063"},{"taxonomy":"productcategory","embeddable":true,"href":"https:\/\/www.koonings.com\/de\/wp-json\/wp\/v2\/productcategory?post=85063"},{"taxonomy":"productsilhouette","embeddable":true,"href":"https:\/\/www.koonings.com\/de\/wp-json\/wp\/v2\/productsilhouette?post=85063"},{"taxonomy":"productstyle","embeddable":true,"href":"https:\/\/www.koonings.com\/de\/wp-json\/wp\/v2\/productstyle?post=85063"}],"curies":[{"name":"wp","href":"https:\/\/api.w.org\/{rel}","templated":true}]}}