{"id":85038,"date":"2026-04-28T18:16:18","date_gmt":"2026-04-28T16:16:18","guid":{"rendered":"https:\/\/www.koonings.com\/product\/ramona-koonings-couture-kn2526-blake\/"},"modified":"2025-04-04T20:04:03","modified_gmt":"2025-04-04T18:04:03","slug":"ramona-koonings-couture-kn2526-blake","status":"publish","type":"product","link":"https:\/\/www.koonings.com\/de\/product\/ramona-koonings-couture-kn2526-blake\/","title":{"rendered":"Ramona Koonings Couture KN2526 Blake"},"content":{"rendered":"<p>Das bezaubernde Blake Hochzeitskleid von Ramona Koonings Couture.<br \/>\nLassen Sie sich von der raffinierten und romantischen Sch\u00f6nheit des Blake Hochzeitskleides verf\u00fchren, ein exklusives Design von Ramona Koonings Couture, erh\u00e4ltlich bei Koonings The Wedding Palace. Dieses Couture-Kleid ist die perfekte Verbindung von Eleganz, Luxus und modernem Flair, ideal f\u00fcr die Braut, die nach einem atemberaubenden und einzigartigen Look sucht.<br \/>\nDie Meerjungfrauen-Passform betont wundersch\u00f6n die weiblichen Formen und schafft eine strahlende, raffinierte Silhouette. Der gerade Ausschnitt in Kombination mit den luxuri\u00f6sen Tr\u00e4gern verleiht dem Kleid einen zeitlosen und eleganten Look, w\u00e4hrend die langen, abnehmbaren \u00c4rmel es Ihnen erm\u00f6glichen, den Look f\u00fcr verschiedene Tageszeiten anzupassen.<br \/>\nDer elfenbeinfarbene Farbton verleiht dem Kleid eine weiche, vertr\u00e4umte Note, perfekt f\u00fcr eine romantische Stimmung. Das Kleid ist mit 3D-Blumen verziert, die \u00fcber das Oberteil und das Kleid verstreut sind und f\u00fcr ein zartes und kunstvolles Finish sorgen. Der tiefe R\u00fcckenausschnitt sorgt f\u00fcr einen subtilen, sinnlichen Look, w\u00e4hrend der luftige T\u00fcllstoff dem Kleid eine vertr\u00e4umte, leichte Bewegung verleiht.<br \/>\nDas Blake Hochzeitskleid ist die ideale Wahl f\u00fcr die Braut, die nach einem Couture-Design sucht, das sowohl romantisch als auch anspruchsvoll ist. Entdecken Sie dieses bezaubernde Kleid bei Koonings The Wedding Palace und f\u00fchlen Sie sich an Ihrem besonderen Tag wie eine echte Prinzessin.     <\/p>\n","protected":false},"featured_media":82907,"template":"","meta":{"_acf_changed":false,"ghostkit_customizer_options":"","ghostkit_custom_css":"","ghostkit_custom_js_head":"","ghostkit_custom_js_foot":"","ghostkit_typography":""},"productdetails":[379,383,381],"productneck":[352],"productcolor":[393,392],"maat":[],"productsupplier":[419],"productsleeve":[359],"productcategory":[18],"productsilhouette":[387],"productstyle":[367,366],"class_list":["post-85038","product","type-product","status-publish","has-post-thumbnail","hentry","productdetails-379","productdetails-383","productdetails-381","productneck-352","productcolor-393","productcolor-392","productsupplier-ramona-koonings-couture","productsleeve-359","productcategory-trouwjurken","productsilhouette-387","productstyle-367","productstyle-366"],"acf":[],"yoast_head":"<!-- This site is optimized with the Yoast SEO plugin v27.3 - https:\/\/yoast.com\/product\/yoast-seo-wordpress\/ -->\n<title>Ramona Koonings Couture KN2526 Blake | Koonings<\/title>\n<meta name=\"description\" content=\"Das bezaubernde Blake Hochzeitskleid von Ramona Koonings Couture. Lassen Sie sich von der raffinierten und romantischen Sch\u00f6nheit des Blake Hochzeitskleides verf\u00fchren, ein exklusives Design von Ramona Koonings Couture, erh\u00e4ltlich bei Koonings The Wedding Palace. Dieses Couture-Kleid ist die perfekte Verbindung von Eleganz, Luxus und modernem Flair, ideal f\u00fcr die Braut, die nach einem atemberaubenden und einzigartigen Look sucht. Die Meerjungfrauen-Passform betont wundersch\u00f6n die weiblichen Formen und schafft eine strahlende, raffinierte Silhouette. Der gerade Ausschnitt in Kombination mit den luxuri\u00f6sen Tr\u00e4gern verleiht dem Kleid einen zeitlosen und eleganten Look, w\u00e4hrend die langen, abnehmbaren \u00c4rmel es Ihnen erm\u00f6glichen, den Look f\u00fcr verschiedene Tageszeiten anzupassen. Der elfenbeinfarbene Farbton verleiht dem Kleid eine weiche, vertr\u00e4umte Note, perfekt f\u00fcr eine romantische Stimmung. Das Kleid ist mit 3D-Blumen verziert, die \u00fcber das Oberteil und das Kleid verstreut sind und f\u00fcr ein zartes und kunstvolles Finish sorgen. Der tiefe R\u00fcckenausschnitt sorgt f\u00fcr einen subtilen, sinnlichen Look, w\u00e4hrend der luftige T\u00fcllstoff dem Kleid eine vertr\u00e4umte, leichte Bewegung verleiht. Das Blake Hochzeitskleid ist die ideale Wahl f\u00fcr die Braut, die nach einem Couture-Design sucht, das sowohl romantisch als auch anspruchsvoll ist. Entdecken Sie dieses bezaubernde Kleid bei Koonings The Wedding Palace und f\u00fchlen Sie sich an Ihrem besonderen Tag wie eine echte Prinzessin.\" \/>\n<meta name=\"robots\" content=\"index, follow, max-snippet:-1, max-image-preview:large, max-video-preview:-1\" \/>\n<link rel=\"canonical\" href=\"https:\/\/www.koonings.com\/de\/product\/ramona-koonings-couture-kn2526-blake\/\" \/>\n<meta property=\"og:locale\" content=\"de_DE\" \/>\n<meta property=\"og:type\" content=\"article\" \/>\n<meta property=\"og:title\" content=\"Ramona Koonings Couture KN2526 Blake | Koonings\" \/>\n<meta property=\"og:description\" content=\"Das bezaubernde Blake Hochzeitskleid von Ramona Koonings Couture. Lassen Sie sich von der raffinierten und romantischen Sch\u00f6nheit des Blake Hochzeitskleides verf\u00fchren, ein exklusives Design von Ramona Koonings Couture, erh\u00e4ltlich bei Koonings The Wedding Palace. Dieses Couture-Kleid ist die perfekte Verbindung von Eleganz, Luxus und modernem Flair, ideal f\u00fcr die Braut, die nach einem atemberaubenden und einzigartigen Look sucht. Die Meerjungfrauen-Passform betont wundersch\u00f6n die weiblichen Formen und schafft eine strahlende, raffinierte Silhouette. Der gerade Ausschnitt in Kombination mit den luxuri\u00f6sen Tr\u00e4gern verleiht dem Kleid einen zeitlosen und eleganten Look, w\u00e4hrend die langen, abnehmbaren \u00c4rmel es Ihnen erm\u00f6glichen, den Look f\u00fcr verschiedene Tageszeiten anzupassen. Der elfenbeinfarbene Farbton verleiht dem Kleid eine weiche, vertr\u00e4umte Note, perfekt f\u00fcr eine romantische Stimmung. Das Kleid ist mit 3D-Blumen verziert, die \u00fcber das Oberteil und das Kleid verstreut sind und f\u00fcr ein zartes und kunstvolles Finish sorgen. Der tiefe R\u00fcckenausschnitt sorgt f\u00fcr einen subtilen, sinnlichen Look, w\u00e4hrend der luftige T\u00fcllstoff dem Kleid eine vertr\u00e4umte, leichte Bewegung verleiht. Das Blake Hochzeitskleid ist die ideale Wahl f\u00fcr die Braut, die nach einem Couture-Design sucht, das sowohl romantisch als auch anspruchsvoll ist. Entdecken Sie dieses bezaubernde Kleid bei Koonings The Wedding Palace und f\u00fchlen Sie sich an Ihrem besonderen Tag wie eine echte Prinzessin.\" \/>\n<meta property=\"og:url\" content=\"https:\/\/www.koonings.com\/de\/product\/ramona-koonings-couture-kn2526-blake\/\" \/>\n<meta property=\"og:site_name\" content=\"Koonings\" \/>\n<meta property=\"article:publisher\" content=\"https:\/\/www.facebook.com\/kooningstheweddingpalace\" \/>\n<meta property=\"og:image\" content=\"https:\/\/www.koonings.com\/wp-content\/uploads\/2025\/03\/40003_7f52537546ae8228a29edffe25eb7723e1c4dd9253d1045836c0622579d08cbb6e25f2f2-scaled.jpeg\" \/>\n\t<meta property=\"og:image:width\" content=\"1811\" \/>\n\t<meta property=\"og:image:height\" content=\"2560\" \/>\n\t<meta property=\"og:image:type\" content=\"image\/jpeg\" \/>\n<meta name=\"twitter:card\" content=\"summary_large_image\" \/>\n<meta name=\"twitter:label1\" content=\"Gesch\u00e4tzte Lesezeit\" \/>\n\t<meta name=\"twitter:data1\" content=\"1\u00a0Minute\" \/>\n<script type=\"application\/ld+json\" class=\"yoast-schema-graph\">{\"@context\":\"https:\\\/\\\/schema.org\",\"@graph\":[{\"@type\":\"WebPage\",\"@id\":\"https:\\\/\\\/www.koonings.com\\\/de\\\/product\\\/ramona-koonings-couture-kn2526-blake\\\/\",\"url\":\"https:\\\/\\\/www.koonings.com\\\/de\\\/product\\\/ramona-koonings-couture-kn2526-blake\\\/\",\"name\":\"Ramona Koonings Couture KN2526 Blake | Koonings\",\"isPartOf\":{\"@id\":\"https:\\\/\\\/www.koonings.com\\\/de\\\/#website\"},\"primaryImageOfPage\":{\"@id\":\"https:\\\/\\\/www.koonings.com\\\/de\\\/product\\\/ramona-koonings-couture-kn2526-blake\\\/#primaryimage\"},\"image\":{\"@id\":\"https:\\\/\\\/www.koonings.com\\\/de\\\/product\\\/ramona-koonings-couture-kn2526-blake\\\/#primaryimage\"},\"thumbnailUrl\":\"https:\\\/\\\/www.koonings.com\\\/wp-content\\\/uploads\\\/2025\\\/03\\\/40003_7f52537546ae8228a29edffe25eb7723e1c4dd9253d1045836c0622579d08cbb6e25f2f2-scaled.jpeg\",\"datePublished\":\"2026-04-28T16:16:18+00:00\",\"description\":\"Das bezaubernde Blake Hochzeitskleid von Ramona Koonings Couture. Lassen Sie sich von der raffinierten und romantischen Sch\u00f6nheit des Blake Hochzeitskleides verf\u00fchren, ein exklusives Design von Ramona Koonings Couture, erh\u00e4ltlich bei Koonings The Wedding Palace. Dieses Couture-Kleid ist die perfekte Verbindung von Eleganz, Luxus und modernem Flair, ideal f\u00fcr die Braut, die nach einem atemberaubenden und einzigartigen Look sucht. Die Meerjungfrauen-Passform betont wundersch\u00f6n die weiblichen Formen und schafft eine strahlende, raffinierte Silhouette. Der gerade Ausschnitt in Kombination mit den luxuri\u00f6sen Tr\u00e4gern verleiht dem Kleid einen zeitlosen und eleganten Look, w\u00e4hrend die langen, abnehmbaren \u00c4rmel es Ihnen erm\u00f6glichen, den Look f\u00fcr verschiedene Tageszeiten anzupassen. Der elfenbeinfarbene Farbton verleiht dem Kleid eine weiche, vertr\u00e4umte Note, perfekt f\u00fcr eine romantische Stimmung. Das Kleid ist mit 3D-Blumen verziert, die \u00fcber das Oberteil und das Kleid verstreut sind und f\u00fcr ein zartes und kunstvolles Finish sorgen. Der tiefe R\u00fcckenausschnitt sorgt f\u00fcr einen subtilen, sinnlichen Look, w\u00e4hrend der luftige T\u00fcllstoff dem Kleid eine vertr\u00e4umte, leichte Bewegung verleiht. Das Blake Hochzeitskleid ist die ideale Wahl f\u00fcr die Braut, die nach einem Couture-Design sucht, das sowohl romantisch als auch anspruchsvoll ist. Entdecken Sie dieses bezaubernde Kleid bei Koonings The Wedding Palace und f\u00fchlen Sie sich an Ihrem besonderen Tag wie eine echte Prinzessin.\",\"breadcrumb\":{\"@id\":\"https:\\\/\\\/www.koonings.com\\\/de\\\/product\\\/ramona-koonings-couture-kn2526-blake\\\/#breadcrumb\"},\"inLanguage\":\"de\",\"potentialAction\":[{\"@type\":\"ReadAction\",\"target\":[\"https:\\\/\\\/www.koonings.com\\\/de\\\/product\\\/ramona-koonings-couture-kn2526-blake\\\/\"]}]},{\"@type\":\"ImageObject\",\"inLanguage\":\"de\",\"@id\":\"https:\\\/\\\/www.koonings.com\\\/de\\\/product\\\/ramona-koonings-couture-kn2526-blake\\\/#primaryimage\",\"url\":\"https:\\\/\\\/www.koonings.com\\\/wp-content\\\/uploads\\\/2025\\\/03\\\/40003_7f52537546ae8228a29edffe25eb7723e1c4dd9253d1045836c0622579d08cbb6e25f2f2-scaled.jpeg\",\"contentUrl\":\"https:\\\/\\\/www.koonings.com\\\/wp-content\\\/uploads\\\/2025\\\/03\\\/40003_7f52537546ae8228a29edffe25eb7723e1c4dd9253d1045836c0622579d08cbb6e25f2f2-scaled.jpeg\",\"width\":1811,\"height\":2560},{\"@type\":\"BreadcrumbList\",\"@id\":\"https:\\\/\\\/www.koonings.com\\\/de\\\/product\\\/ramona-koonings-couture-kn2526-blake\\\/#breadcrumb\",\"itemListElement\":[{\"@type\":\"ListItem\",\"position\":1,\"name\":\"Home\",\"item\":\"https:\\\/\\\/www.koonings.com\\\/de\\\/\"},{\"@type\":\"ListItem\",\"position\":2,\"name\":\"Ramona Koonings Couture KN2526 Blake\"}]},{\"@type\":\"WebSite\",\"@id\":\"https:\\\/\\\/www.koonings.com\\\/de\\\/#website\",\"url\":\"https:\\\/\\\/www.koonings.com\\\/de\\\/\",\"name\":\"Koonings\",\"description\":\"De grootste bruidsmodewinkel ter wereld\",\"publisher\":{\"@id\":\"https:\\\/\\\/www.koonings.com\\\/de\\\/#organization\"},\"potentialAction\":[{\"@type\":\"SearchAction\",\"target\":{\"@type\":\"EntryPoint\",\"urlTemplate\":\"https:\\\/\\\/www.koonings.com\\\/de\\\/?s={search_term_string}\"},\"query-input\":{\"@type\":\"PropertyValueSpecification\",\"valueRequired\":true,\"valueName\":\"search_term_string\"}}],\"inLanguage\":\"de\"},{\"@type\":\"Organization\",\"@id\":\"https:\\\/\\\/www.koonings.com\\\/de\\\/#organization\",\"name\":\"Koonings\",\"url\":\"https:\\\/\\\/www.koonings.com\\\/de\\\/\",\"logo\":{\"@type\":\"ImageObject\",\"inLanguage\":\"de\",\"@id\":\"https:\\\/\\\/www.koonings.com\\\/de\\\/#\\\/schema\\\/logo\\\/image\\\/\",\"url\":\"https:\\\/\\\/www.koonings.com\\\/wp-content\\\/uploads\\\/2024\\\/07\\\/logo.png\",\"contentUrl\":\"https:\\\/\\\/www.koonings.com\\\/wp-content\\\/uploads\\\/2024\\\/07\\\/logo.png\",\"width\":600,\"height\":428,\"caption\":\"Koonings\"},\"image\":{\"@id\":\"https:\\\/\\\/www.koonings.com\\\/de\\\/#\\\/schema\\\/logo\\\/image\\\/\"},\"sameAs\":[\"https:\\\/\\\/www.facebook.com\\\/kooningstheweddingpalace\",\"https:\\\/\\\/www.instagram.com\\\/kooningstheweddingpalace\",\"https:\\\/\\\/www.pinterest.com\\\/koonings\",\"https:\\\/\\\/www.youtube.com\\\/kooningstheweddingpalace\"]}]}<\/script>\n<!-- \/ Yoast SEO plugin. -->","yoast_head_json":{"title":"Ramona Koonings Couture KN2526 Blake | Koonings","description":"Das bezaubernde Blake Hochzeitskleid von Ramona Koonings Couture. Lassen Sie sich von der raffinierten und romantischen Sch\u00f6nheit des Blake Hochzeitskleides verf\u00fchren, ein exklusives Design von Ramona Koonings Couture, erh\u00e4ltlich bei Koonings The Wedding Palace. Dieses Couture-Kleid ist die perfekte Verbindung von Eleganz, Luxus und modernem Flair, ideal f\u00fcr die Braut, die nach einem atemberaubenden und einzigartigen Look sucht. Die Meerjungfrauen-Passform betont wundersch\u00f6n die weiblichen Formen und schafft eine strahlende, raffinierte Silhouette. Der gerade Ausschnitt in Kombination mit den luxuri\u00f6sen Tr\u00e4gern verleiht dem Kleid einen zeitlosen und eleganten Look, w\u00e4hrend die langen, abnehmbaren \u00c4rmel es Ihnen erm\u00f6glichen, den Look f\u00fcr verschiedene Tageszeiten anzupassen. Der elfenbeinfarbene Farbton verleiht dem Kleid eine weiche, vertr\u00e4umte Note, perfekt f\u00fcr eine romantische Stimmung. Das Kleid ist mit 3D-Blumen verziert, die \u00fcber das Oberteil und das Kleid verstreut sind und f\u00fcr ein zartes und kunstvolles Finish sorgen. Der tiefe R\u00fcckenausschnitt sorgt f\u00fcr einen subtilen, sinnlichen Look, w\u00e4hrend der luftige T\u00fcllstoff dem Kleid eine vertr\u00e4umte, leichte Bewegung verleiht. Das Blake Hochzeitskleid ist die ideale Wahl f\u00fcr die Braut, die nach einem Couture-Design sucht, das sowohl romantisch als auch anspruchsvoll ist. Entdecken Sie dieses bezaubernde Kleid bei Koonings The Wedding Palace und f\u00fchlen Sie sich an Ihrem besonderen Tag wie eine echte Prinzessin.","robots":{"index":"index","follow":"follow","max-snippet":"max-snippet:-1","max-image-preview":"max-image-preview:large","max-video-preview":"max-video-preview:-1"},"canonical":"https:\/\/www.koonings.com\/de\/product\/ramona-koonings-couture-kn2526-blake\/","og_locale":"de_DE","og_type":"article","og_title":"Ramona Koonings Couture KN2526 Blake | Koonings","og_description":"Das bezaubernde Blake Hochzeitskleid von Ramona Koonings Couture. Lassen Sie sich von der raffinierten und romantischen Sch\u00f6nheit des Blake Hochzeitskleides verf\u00fchren, ein exklusives Design von Ramona Koonings Couture, erh\u00e4ltlich bei Koonings The Wedding Palace. Dieses Couture-Kleid ist die perfekte Verbindung von Eleganz, Luxus und modernem Flair, ideal f\u00fcr die Braut, die nach einem atemberaubenden und einzigartigen Look sucht. Die Meerjungfrauen-Passform betont wundersch\u00f6n die weiblichen Formen und schafft eine strahlende, raffinierte Silhouette. Der gerade Ausschnitt in Kombination mit den luxuri\u00f6sen Tr\u00e4gern verleiht dem Kleid einen zeitlosen und eleganten Look, w\u00e4hrend die langen, abnehmbaren \u00c4rmel es Ihnen erm\u00f6glichen, den Look f\u00fcr verschiedene Tageszeiten anzupassen. Der elfenbeinfarbene Farbton verleiht dem Kleid eine weiche, vertr\u00e4umte Note, perfekt f\u00fcr eine romantische Stimmung. Das Kleid ist mit 3D-Blumen verziert, die \u00fcber das Oberteil und das Kleid verstreut sind und f\u00fcr ein zartes und kunstvolles Finish sorgen. Der tiefe R\u00fcckenausschnitt sorgt f\u00fcr einen subtilen, sinnlichen Look, w\u00e4hrend der luftige T\u00fcllstoff dem Kleid eine vertr\u00e4umte, leichte Bewegung verleiht. Das Blake Hochzeitskleid ist die ideale Wahl f\u00fcr die Braut, die nach einem Couture-Design sucht, das sowohl romantisch als auch anspruchsvoll ist. Entdecken Sie dieses bezaubernde Kleid bei Koonings The Wedding Palace und f\u00fchlen Sie sich an Ihrem besonderen Tag wie eine echte Prinzessin.","og_url":"https:\/\/www.koonings.com\/de\/product\/ramona-koonings-couture-kn2526-blake\/","og_site_name":"Koonings","article_publisher":"https:\/\/www.facebook.com\/kooningstheweddingpalace","og_image":[{"width":1811,"height":2560,"url":"https:\/\/www.koonings.com\/wp-content\/uploads\/2025\/03\/40003_7f52537546ae8228a29edffe25eb7723e1c4dd9253d1045836c0622579d08cbb6e25f2f2-scaled.jpeg","type":"image\/jpeg"}],"twitter_card":"summary_large_image","twitter_misc":{"Gesch\u00e4tzte Lesezeit":"1\u00a0Minute"},"schema":{"@context":"https:\/\/schema.org","@graph":[{"@type":"WebPage","@id":"https:\/\/www.koonings.com\/de\/product\/ramona-koonings-couture-kn2526-blake\/","url":"https:\/\/www.koonings.com\/de\/product\/ramona-koonings-couture-kn2526-blake\/","name":"Ramona Koonings Couture KN2526 Blake | Koonings","isPartOf":{"@id":"https:\/\/www.koonings.com\/de\/#website"},"primaryImageOfPage":{"@id":"https:\/\/www.koonings.com\/de\/product\/ramona-koonings-couture-kn2526-blake\/#primaryimage"},"image":{"@id":"https:\/\/www.koonings.com\/de\/product\/ramona-koonings-couture-kn2526-blake\/#primaryimage"},"thumbnailUrl":"https:\/\/www.koonings.com\/wp-content\/uploads\/2025\/03\/40003_7f52537546ae8228a29edffe25eb7723e1c4dd9253d1045836c0622579d08cbb6e25f2f2-scaled.jpeg","datePublished":"2026-04-28T16:16:18+00:00","description":"Das bezaubernde Blake Hochzeitskleid von Ramona Koonings Couture. Lassen Sie sich von der raffinierten und romantischen Sch\u00f6nheit des Blake Hochzeitskleides verf\u00fchren, ein exklusives Design von Ramona Koonings Couture, erh\u00e4ltlich bei Koonings The Wedding Palace. Dieses Couture-Kleid ist die perfekte Verbindung von Eleganz, Luxus und modernem Flair, ideal f\u00fcr die Braut, die nach einem atemberaubenden und einzigartigen Look sucht. Die Meerjungfrauen-Passform betont wundersch\u00f6n die weiblichen Formen und schafft eine strahlende, raffinierte Silhouette. Der gerade Ausschnitt in Kombination mit den luxuri\u00f6sen Tr\u00e4gern verleiht dem Kleid einen zeitlosen und eleganten Look, w\u00e4hrend die langen, abnehmbaren \u00c4rmel es Ihnen erm\u00f6glichen, den Look f\u00fcr verschiedene Tageszeiten anzupassen. Der elfenbeinfarbene Farbton verleiht dem Kleid eine weiche, vertr\u00e4umte Note, perfekt f\u00fcr eine romantische Stimmung. Das Kleid ist mit 3D-Blumen verziert, die \u00fcber das Oberteil und das Kleid verstreut sind und f\u00fcr ein zartes und kunstvolles Finish sorgen. Der tiefe R\u00fcckenausschnitt sorgt f\u00fcr einen subtilen, sinnlichen Look, w\u00e4hrend der luftige T\u00fcllstoff dem Kleid eine vertr\u00e4umte, leichte Bewegung verleiht. Das Blake Hochzeitskleid ist die ideale Wahl f\u00fcr die Braut, die nach einem Couture-Design sucht, das sowohl romantisch als auch anspruchsvoll ist. Entdecken Sie dieses bezaubernde Kleid bei Koonings The Wedding Palace und f\u00fchlen Sie sich an Ihrem besonderen Tag wie eine echte Prinzessin.","breadcrumb":{"@id":"https:\/\/www.koonings.com\/de\/product\/ramona-koonings-couture-kn2526-blake\/#breadcrumb"},"inLanguage":"de","potentialAction":[{"@type":"ReadAction","target":["https:\/\/www.koonings.com\/de\/product\/ramona-koonings-couture-kn2526-blake\/"]}]},{"@type":"ImageObject","inLanguage":"de","@id":"https:\/\/www.koonings.com\/de\/product\/ramona-koonings-couture-kn2526-blake\/#primaryimage","url":"https:\/\/www.koonings.com\/wp-content\/uploads\/2025\/03\/40003_7f52537546ae8228a29edffe25eb7723e1c4dd9253d1045836c0622579d08cbb6e25f2f2-scaled.jpeg","contentUrl":"https:\/\/www.koonings.com\/wp-content\/uploads\/2025\/03\/40003_7f52537546ae8228a29edffe25eb7723e1c4dd9253d1045836c0622579d08cbb6e25f2f2-scaled.jpeg","width":1811,"height":2560},{"@type":"BreadcrumbList","@id":"https:\/\/www.koonings.com\/de\/product\/ramona-koonings-couture-kn2526-blake\/#breadcrumb","itemListElement":[{"@type":"ListItem","position":1,"name":"Home","item":"https:\/\/www.koonings.com\/de\/"},{"@type":"ListItem","position":2,"name":"Ramona Koonings Couture KN2526 Blake"}]},{"@type":"WebSite","@id":"https:\/\/www.koonings.com\/de\/#website","url":"https:\/\/www.koonings.com\/de\/","name":"Koonings","description":"De grootste bruidsmodewinkel ter wereld","publisher":{"@id":"https:\/\/www.koonings.com\/de\/#organization"},"potentialAction":[{"@type":"SearchAction","target":{"@type":"EntryPoint","urlTemplate":"https:\/\/www.koonings.com\/de\/?s={search_term_string}"},"query-input":{"@type":"PropertyValueSpecification","valueRequired":true,"valueName":"search_term_string"}}],"inLanguage":"de"},{"@type":"Organization","@id":"https:\/\/www.koonings.com\/de\/#organization","name":"Koonings","url":"https:\/\/www.koonings.com\/de\/","logo":{"@type":"ImageObject","inLanguage":"de","@id":"https:\/\/www.koonings.com\/de\/#\/schema\/logo\/image\/","url":"https:\/\/www.koonings.com\/wp-content\/uploads\/2024\/07\/logo.png","contentUrl":"https:\/\/www.koonings.com\/wp-content\/uploads\/2024\/07\/logo.png","width":600,"height":428,"caption":"Koonings"},"image":{"@id":"https:\/\/www.koonings.com\/de\/#\/schema\/logo\/image\/"},"sameAs":["https:\/\/www.facebook.com\/kooningstheweddingpalace","https:\/\/www.instagram.com\/kooningstheweddingpalace","https:\/\/www.pinterest.com\/koonings","https:\/\/www.youtube.com\/kooningstheweddingpalace"]}]}},"_links":{"self":[{"href":"https:\/\/www.koonings.com\/de\/wp-json\/wp\/v2\/product\/85038","targetHints":{"allow":["GET"]}}],"collection":[{"href":"https:\/\/www.koonings.com\/de\/wp-json\/wp\/v2\/product"}],"about":[{"href":"https:\/\/www.koonings.com\/de\/wp-json\/wp\/v2\/types\/product"}],"wp:featuredmedia":[{"embeddable":true,"href":"https:\/\/www.koonings.com\/de\/wp-json\/wp\/v2\/media\/82907"}],"wp:attachment":[{"href":"https:\/\/www.koonings.com\/de\/wp-json\/wp\/v2\/media?parent=85038"}],"wp:term":[{"taxonomy":"productdetails","embeddable":true,"href":"https:\/\/www.koonings.com\/de\/wp-json\/wp\/v2\/productdetails?post=85038"},{"taxonomy":"productneck","embeddable":true,"href":"https:\/\/www.koonings.com\/de\/wp-json\/wp\/v2\/productneck?post=85038"},{"taxonomy":"productcolor","embeddable":true,"href":"https:\/\/www.koonings.com\/de\/wp-json\/wp\/v2\/productcolor?post=85038"},{"taxonomy":"maat","embeddable":true,"href":"https:\/\/www.koonings.com\/de\/wp-json\/wp\/v2\/maat?post=85038"},{"taxonomy":"productsupplier","embeddable":true,"href":"https:\/\/www.koonings.com\/de\/wp-json\/wp\/v2\/productsupplier?post=85038"},{"taxonomy":"productsleeve","embeddable":true,"href":"https:\/\/www.koonings.com\/de\/wp-json\/wp\/v2\/productsleeve?post=85038"},{"taxonomy":"productcategory","embeddable":true,"href":"https:\/\/www.koonings.com\/de\/wp-json\/wp\/v2\/productcategory?post=85038"},{"taxonomy":"productsilhouette","embeddable":true,"href":"https:\/\/www.koonings.com\/de\/wp-json\/wp\/v2\/productsilhouette?post=85038"},{"taxonomy":"productstyle","embeddable":true,"href":"https:\/\/www.koonings.com\/de\/wp-json\/wp\/v2\/productstyle?post=85038"}],"curies":[{"name":"wp","href":"https:\/\/api.w.org\/{rel}","templated":true}]}}