{"id":85031,"date":"2026-04-14T16:17:00","date_gmt":"2026-04-14T14:17:00","guid":{"rendered":"https:\/\/www.koonings.com\/product\/ramona-koonings-couture-kn2564-ramona\/"},"modified":"2026-02-16T15:12:45","modified_gmt":"2026-02-16T14:12:45","slug":"ramona-koonings-couture-kn2564-ramona","status":"publish","type":"product","link":"https:\/\/www.koonings.com\/de\/product\/ramona-koonings-couture-kn2564-ramona\/","title":{"rendered":"Ramona Koonings Couture KN2564 Ramona"},"content":{"rendered":"<p>Das raffinierte Ramona Hochzeitskleid von Ramona Koonings Couture.<br \/>\nDas Ramona Hochzeitskleid von Ramona Koonings Couture, exklusiv bei Koonings The Wedding Palace erh\u00e4ltlich, ist ein atemberaubendes Design f\u00fcr die Braut, die einen romantischen und sexy Look mit Couture-Finish sucht. Dieses Trompetenkleid schmiegt sich perfekt an den K\u00f6rper an und l\u00e4uft in einem eleganten Ausschnitt aus, der eine raffinierte und feminine Silhouette schafft. Der V-Ausschnitt betont dezent das Dekollet\u00e9, w\u00e4hrend die langen \u00c4rmel mit Puff\u00e4rmeln dem Kleid einen schicken und modernen Look verleihen.<br \/>\nDie elfenbeinfarbene Farbe des Kleides strahlt zeitlose Eleganz aus, w\u00e4hrend die 3D-Blumen auf dem Kleid einen romantischen und k\u00fcnstlerischen Effekt erzeugen. Was dieses Kleid wirklich einzigartig macht, ist der raffinierte Ausschnitt an der Taille, der einen k\u00fchnen und sexy Touch verleiht, ohne den klassischen Look zu verlieren.<br \/>\nDieses Couture-Kleid ist perfekt f\u00fcr die Braut, die in einem romantischen und doch verf\u00fchrerischen Kleid gl\u00e4nzen m\u00f6chte, das die perfekte Balance zwischen Eleganz und sexy Charme findet. Das Ramona Hochzeitskleid ist die ideale Wahl f\u00fcr eine Braut, die ihren eigenen Stil mit luxuri\u00f6sen Details und modernem Flair kombinieren m\u00f6chte.    <\/p>\n","protected":false},"featured_media":82949,"template":"","meta":{"_acf_changed":false,"ghostkit_customizer_options":"","ghostkit_custom_css":"","ghostkit_custom_js_head":"","ghostkit_custom_js_foot":"","ghostkit_typography":""},"productdetails":[379,381],"productneck":[356],"productcolor":[392],"maat":[],"productsupplier":[419],"productsleeve":[362],"productcategory":[18],"productsilhouette":[390],"productstyle":[367,366,370],"class_list":["post-85031","product","type-product","status-publish","has-post-thumbnail","hentry","productdetails-379","productdetails-381","productneck-356","productcolor-392","productsupplier-ramona-koonings-couture","productsleeve-362","productcategory-trouwjurken","productsilhouette-390","productstyle-367","productstyle-366","productstyle-370"],"acf":[],"yoast_head":"<!-- This site is optimized with the Yoast SEO plugin v27.3 - https:\/\/yoast.com\/product\/yoast-seo-wordpress\/ -->\n<title>Ramona Koonings Couture KN2564 Ramona | Koonings<\/title>\n<meta name=\"description\" content=\"Das raffinierte Ramona Hochzeitskleid von Ramona Koonings Couture. Das Ramona Hochzeitskleid von Ramona Koonings Couture, exklusiv bei Koonings The Wedding Palace erh\u00e4ltlich, ist ein atemberaubendes Design f\u00fcr die Braut, die einen romantischen und sexy Look mit Couture-Finish sucht. Dieses Trompetenkleid schmiegt sich perfekt an den K\u00f6rper an und l\u00e4uft in einem eleganten Ausschnitt aus, der eine raffinierte und feminine Silhouette schafft. Der V-Ausschnitt betont dezent das Dekollet\u00e9, w\u00e4hrend die langen \u00c4rmel mit Puff\u00e4rmeln dem Kleid einen schicken und modernen Look verleihen. Die elfenbeinfarbene Farbe des Kleides strahlt zeitlose Eleganz aus, w\u00e4hrend die 3D-Blumen auf dem Kleid einen romantischen und k\u00fcnstlerischen Effekt erzeugen. Was dieses Kleid wirklich einzigartig macht, ist der raffinierte Ausschnitt an der Taille, der einen k\u00fchnen und sexy Touch verleiht, ohne den klassischen Look zu verlieren. Dieses Couture-Kleid ist perfekt f\u00fcr die Braut, die in einem romantischen und doch verf\u00fchrerischen Kleid gl\u00e4nzen m\u00f6chte, das die perfekte Balance zwischen Eleganz und sexy Charme findet. Das Ramona Hochzeitskleid ist die ideale Wahl f\u00fcr eine Braut, die ihren eigenen Stil mit luxuri\u00f6sen Details und modernem Flair kombinieren m\u00f6chte.\" \/>\n<meta name=\"robots\" content=\"index, follow, max-snippet:-1, max-image-preview:large, max-video-preview:-1\" \/>\n<link rel=\"canonical\" href=\"https:\/\/www.koonings.com\/de\/product\/ramona-koonings-couture-kn2564-ramona\/\" \/>\n<meta property=\"og:locale\" content=\"de_DE\" \/>\n<meta property=\"og:type\" content=\"article\" \/>\n<meta property=\"og:title\" content=\"Ramona Koonings Couture KN2564 Ramona | Koonings\" \/>\n<meta property=\"og:description\" content=\"Das raffinierte Ramona Hochzeitskleid von Ramona Koonings Couture. Das Ramona Hochzeitskleid von Ramona Koonings Couture, exklusiv bei Koonings The Wedding Palace erh\u00e4ltlich, ist ein atemberaubendes Design f\u00fcr die Braut, die einen romantischen und sexy Look mit Couture-Finish sucht. Dieses Trompetenkleid schmiegt sich perfekt an den K\u00f6rper an und l\u00e4uft in einem eleganten Ausschnitt aus, der eine raffinierte und feminine Silhouette schafft. Der V-Ausschnitt betont dezent das Dekollet\u00e9, w\u00e4hrend die langen \u00c4rmel mit Puff\u00e4rmeln dem Kleid einen schicken und modernen Look verleihen. Die elfenbeinfarbene Farbe des Kleides strahlt zeitlose Eleganz aus, w\u00e4hrend die 3D-Blumen auf dem Kleid einen romantischen und k\u00fcnstlerischen Effekt erzeugen. Was dieses Kleid wirklich einzigartig macht, ist der raffinierte Ausschnitt an der Taille, der einen k\u00fchnen und sexy Touch verleiht, ohne den klassischen Look zu verlieren. Dieses Couture-Kleid ist perfekt f\u00fcr die Braut, die in einem romantischen und doch verf\u00fchrerischen Kleid gl\u00e4nzen m\u00f6chte, das die perfekte Balance zwischen Eleganz und sexy Charme findet. Das Ramona Hochzeitskleid ist die ideale Wahl f\u00fcr eine Braut, die ihren eigenen Stil mit luxuri\u00f6sen Details und modernem Flair kombinieren m\u00f6chte.\" \/>\n<meta property=\"og:url\" content=\"https:\/\/www.koonings.com\/de\/product\/ramona-koonings-couture-kn2564-ramona\/\" \/>\n<meta property=\"og:site_name\" content=\"Koonings\" \/>\n<meta property=\"article:publisher\" content=\"https:\/\/www.facebook.com\/kooningstheweddingpalace\" \/>\n<meta property=\"og:image\" content=\"https:\/\/www.koonings.com\/wp-content\/uploads\/2025\/03\/40005_a89bbb7935ff719a7b9878a5fe994656042d9a69f9ea670a663f89773ca131c5bfccc1cd-scaled.jpeg\" \/>\n\t<meta property=\"og:image:width\" content=\"1810\" \/>\n\t<meta property=\"og:image:height\" content=\"2560\" \/>\n\t<meta property=\"og:image:type\" content=\"image\/jpeg\" \/>\n<meta name=\"twitter:card\" content=\"summary_large_image\" \/>\n<meta name=\"twitter:label1\" content=\"Gesch\u00e4tzte Lesezeit\" \/>\n\t<meta name=\"twitter:data1\" content=\"1\u00a0Minute\" \/>\n<script type=\"application\/ld+json\" class=\"yoast-schema-graph\">{\"@context\":\"https:\\\/\\\/schema.org\",\"@graph\":[{\"@type\":\"WebPage\",\"@id\":\"https:\\\/\\\/www.koonings.com\\\/de\\\/product\\\/ramona-koonings-couture-kn2564-ramona\\\/\",\"url\":\"https:\\\/\\\/www.koonings.com\\\/de\\\/product\\\/ramona-koonings-couture-kn2564-ramona\\\/\",\"name\":\"Ramona Koonings Couture KN2564 Ramona | Koonings\",\"isPartOf\":{\"@id\":\"https:\\\/\\\/www.koonings.com\\\/de\\\/#website\"},\"primaryImageOfPage\":{\"@id\":\"https:\\\/\\\/www.koonings.com\\\/de\\\/product\\\/ramona-koonings-couture-kn2564-ramona\\\/#primaryimage\"},\"image\":{\"@id\":\"https:\\\/\\\/www.koonings.com\\\/de\\\/product\\\/ramona-koonings-couture-kn2564-ramona\\\/#primaryimage\"},\"thumbnailUrl\":\"https:\\\/\\\/www.koonings.com\\\/wp-content\\\/uploads\\\/2025\\\/03\\\/40005_a89bbb7935ff719a7b9878a5fe994656042d9a69f9ea670a663f89773ca131c5bfccc1cd-scaled.jpeg\",\"datePublished\":\"2026-04-14T14:17:00+00:00\",\"description\":\"Das raffinierte Ramona Hochzeitskleid von Ramona Koonings Couture. Das Ramona Hochzeitskleid von Ramona Koonings Couture, exklusiv bei Koonings The Wedding Palace erh\u00e4ltlich, ist ein atemberaubendes Design f\u00fcr die Braut, die einen romantischen und sexy Look mit Couture-Finish sucht. Dieses Trompetenkleid schmiegt sich perfekt an den K\u00f6rper an und l\u00e4uft in einem eleganten Ausschnitt aus, der eine raffinierte und feminine Silhouette schafft. Der V-Ausschnitt betont dezent das Dekollet\u00e9, w\u00e4hrend die langen \u00c4rmel mit Puff\u00e4rmeln dem Kleid einen schicken und modernen Look verleihen. Die elfenbeinfarbene Farbe des Kleides strahlt zeitlose Eleganz aus, w\u00e4hrend die 3D-Blumen auf dem Kleid einen romantischen und k\u00fcnstlerischen Effekt erzeugen. Was dieses Kleid wirklich einzigartig macht, ist der raffinierte Ausschnitt an der Taille, der einen k\u00fchnen und sexy Touch verleiht, ohne den klassischen Look zu verlieren. Dieses Couture-Kleid ist perfekt f\u00fcr die Braut, die in einem romantischen und doch verf\u00fchrerischen Kleid gl\u00e4nzen m\u00f6chte, das die perfekte Balance zwischen Eleganz und sexy Charme findet. Das Ramona Hochzeitskleid ist die ideale Wahl f\u00fcr eine Braut, die ihren eigenen Stil mit luxuri\u00f6sen Details und modernem Flair kombinieren m\u00f6chte.\",\"breadcrumb\":{\"@id\":\"https:\\\/\\\/www.koonings.com\\\/de\\\/product\\\/ramona-koonings-couture-kn2564-ramona\\\/#breadcrumb\"},\"inLanguage\":\"de\",\"potentialAction\":[{\"@type\":\"ReadAction\",\"target\":[\"https:\\\/\\\/www.koonings.com\\\/de\\\/product\\\/ramona-koonings-couture-kn2564-ramona\\\/\"]}]},{\"@type\":\"ImageObject\",\"inLanguage\":\"de\",\"@id\":\"https:\\\/\\\/www.koonings.com\\\/de\\\/product\\\/ramona-koonings-couture-kn2564-ramona\\\/#primaryimage\",\"url\":\"https:\\\/\\\/www.koonings.com\\\/wp-content\\\/uploads\\\/2025\\\/03\\\/40005_a89bbb7935ff719a7b9878a5fe994656042d9a69f9ea670a663f89773ca131c5bfccc1cd-scaled.jpeg\",\"contentUrl\":\"https:\\\/\\\/www.koonings.com\\\/wp-content\\\/uploads\\\/2025\\\/03\\\/40005_a89bbb7935ff719a7b9878a5fe994656042d9a69f9ea670a663f89773ca131c5bfccc1cd-scaled.jpeg\",\"width\":1810,\"height\":2560},{\"@type\":\"BreadcrumbList\",\"@id\":\"https:\\\/\\\/www.koonings.com\\\/de\\\/product\\\/ramona-koonings-couture-kn2564-ramona\\\/#breadcrumb\",\"itemListElement\":[{\"@type\":\"ListItem\",\"position\":1,\"name\":\"Home\",\"item\":\"https:\\\/\\\/www.koonings.com\\\/de\\\/\"},{\"@type\":\"ListItem\",\"position\":2,\"name\":\"Ramona Koonings Couture KN2564 Ramona\"}]},{\"@type\":\"WebSite\",\"@id\":\"https:\\\/\\\/www.koonings.com\\\/de\\\/#website\",\"url\":\"https:\\\/\\\/www.koonings.com\\\/de\\\/\",\"name\":\"Koonings\",\"description\":\"De grootste bruidsmodewinkel ter wereld\",\"publisher\":{\"@id\":\"https:\\\/\\\/www.koonings.com\\\/de\\\/#organization\"},\"potentialAction\":[{\"@type\":\"SearchAction\",\"target\":{\"@type\":\"EntryPoint\",\"urlTemplate\":\"https:\\\/\\\/www.koonings.com\\\/de\\\/?s={search_term_string}\"},\"query-input\":{\"@type\":\"PropertyValueSpecification\",\"valueRequired\":true,\"valueName\":\"search_term_string\"}}],\"inLanguage\":\"de\"},{\"@type\":\"Organization\",\"@id\":\"https:\\\/\\\/www.koonings.com\\\/de\\\/#organization\",\"name\":\"Koonings\",\"url\":\"https:\\\/\\\/www.koonings.com\\\/de\\\/\",\"logo\":{\"@type\":\"ImageObject\",\"inLanguage\":\"de\",\"@id\":\"https:\\\/\\\/www.koonings.com\\\/de\\\/#\\\/schema\\\/logo\\\/image\\\/\",\"url\":\"https:\\\/\\\/www.koonings.com\\\/wp-content\\\/uploads\\\/2024\\\/07\\\/logo.png\",\"contentUrl\":\"https:\\\/\\\/www.koonings.com\\\/wp-content\\\/uploads\\\/2024\\\/07\\\/logo.png\",\"width\":600,\"height\":428,\"caption\":\"Koonings\"},\"image\":{\"@id\":\"https:\\\/\\\/www.koonings.com\\\/de\\\/#\\\/schema\\\/logo\\\/image\\\/\"},\"sameAs\":[\"https:\\\/\\\/www.facebook.com\\\/kooningstheweddingpalace\",\"https:\\\/\\\/www.instagram.com\\\/kooningstheweddingpalace\",\"https:\\\/\\\/www.pinterest.com\\\/koonings\",\"https:\\\/\\\/www.youtube.com\\\/kooningstheweddingpalace\"]}]}<\/script>\n<!-- \/ Yoast SEO plugin. -->","yoast_head_json":{"title":"Ramona Koonings Couture KN2564 Ramona | Koonings","description":"Das raffinierte Ramona Hochzeitskleid von Ramona Koonings Couture. Das Ramona Hochzeitskleid von Ramona Koonings Couture, exklusiv bei Koonings The Wedding Palace erh\u00e4ltlich, ist ein atemberaubendes Design f\u00fcr die Braut, die einen romantischen und sexy Look mit Couture-Finish sucht. Dieses Trompetenkleid schmiegt sich perfekt an den K\u00f6rper an und l\u00e4uft in einem eleganten Ausschnitt aus, der eine raffinierte und feminine Silhouette schafft. Der V-Ausschnitt betont dezent das Dekollet\u00e9, w\u00e4hrend die langen \u00c4rmel mit Puff\u00e4rmeln dem Kleid einen schicken und modernen Look verleihen. Die elfenbeinfarbene Farbe des Kleides strahlt zeitlose Eleganz aus, w\u00e4hrend die 3D-Blumen auf dem Kleid einen romantischen und k\u00fcnstlerischen Effekt erzeugen. Was dieses Kleid wirklich einzigartig macht, ist der raffinierte Ausschnitt an der Taille, der einen k\u00fchnen und sexy Touch verleiht, ohne den klassischen Look zu verlieren. Dieses Couture-Kleid ist perfekt f\u00fcr die Braut, die in einem romantischen und doch verf\u00fchrerischen Kleid gl\u00e4nzen m\u00f6chte, das die perfekte Balance zwischen Eleganz und sexy Charme findet. Das Ramona Hochzeitskleid ist die ideale Wahl f\u00fcr eine Braut, die ihren eigenen Stil mit luxuri\u00f6sen Details und modernem Flair kombinieren m\u00f6chte.","robots":{"index":"index","follow":"follow","max-snippet":"max-snippet:-1","max-image-preview":"max-image-preview:large","max-video-preview":"max-video-preview:-1"},"canonical":"https:\/\/www.koonings.com\/de\/product\/ramona-koonings-couture-kn2564-ramona\/","og_locale":"de_DE","og_type":"article","og_title":"Ramona Koonings Couture KN2564 Ramona | Koonings","og_description":"Das raffinierte Ramona Hochzeitskleid von Ramona Koonings Couture. Das Ramona Hochzeitskleid von Ramona Koonings Couture, exklusiv bei Koonings The Wedding Palace erh\u00e4ltlich, ist ein atemberaubendes Design f\u00fcr die Braut, die einen romantischen und sexy Look mit Couture-Finish sucht. Dieses Trompetenkleid schmiegt sich perfekt an den K\u00f6rper an und l\u00e4uft in einem eleganten Ausschnitt aus, der eine raffinierte und feminine Silhouette schafft. Der V-Ausschnitt betont dezent das Dekollet\u00e9, w\u00e4hrend die langen \u00c4rmel mit Puff\u00e4rmeln dem Kleid einen schicken und modernen Look verleihen. Die elfenbeinfarbene Farbe des Kleides strahlt zeitlose Eleganz aus, w\u00e4hrend die 3D-Blumen auf dem Kleid einen romantischen und k\u00fcnstlerischen Effekt erzeugen. Was dieses Kleid wirklich einzigartig macht, ist der raffinierte Ausschnitt an der Taille, der einen k\u00fchnen und sexy Touch verleiht, ohne den klassischen Look zu verlieren. Dieses Couture-Kleid ist perfekt f\u00fcr die Braut, die in einem romantischen und doch verf\u00fchrerischen Kleid gl\u00e4nzen m\u00f6chte, das die perfekte Balance zwischen Eleganz und sexy Charme findet. Das Ramona Hochzeitskleid ist die ideale Wahl f\u00fcr eine Braut, die ihren eigenen Stil mit luxuri\u00f6sen Details und modernem Flair kombinieren m\u00f6chte.","og_url":"https:\/\/www.koonings.com\/de\/product\/ramona-koonings-couture-kn2564-ramona\/","og_site_name":"Koonings","article_publisher":"https:\/\/www.facebook.com\/kooningstheweddingpalace","og_image":[{"width":1810,"height":2560,"url":"https:\/\/www.koonings.com\/wp-content\/uploads\/2025\/03\/40005_a89bbb7935ff719a7b9878a5fe994656042d9a69f9ea670a663f89773ca131c5bfccc1cd-scaled.jpeg","type":"image\/jpeg"}],"twitter_card":"summary_large_image","twitter_misc":{"Gesch\u00e4tzte Lesezeit":"1\u00a0Minute"},"schema":{"@context":"https:\/\/schema.org","@graph":[{"@type":"WebPage","@id":"https:\/\/www.koonings.com\/de\/product\/ramona-koonings-couture-kn2564-ramona\/","url":"https:\/\/www.koonings.com\/de\/product\/ramona-koonings-couture-kn2564-ramona\/","name":"Ramona Koonings Couture KN2564 Ramona | Koonings","isPartOf":{"@id":"https:\/\/www.koonings.com\/de\/#website"},"primaryImageOfPage":{"@id":"https:\/\/www.koonings.com\/de\/product\/ramona-koonings-couture-kn2564-ramona\/#primaryimage"},"image":{"@id":"https:\/\/www.koonings.com\/de\/product\/ramona-koonings-couture-kn2564-ramona\/#primaryimage"},"thumbnailUrl":"https:\/\/www.koonings.com\/wp-content\/uploads\/2025\/03\/40005_a89bbb7935ff719a7b9878a5fe994656042d9a69f9ea670a663f89773ca131c5bfccc1cd-scaled.jpeg","datePublished":"2026-04-14T14:17:00+00:00","description":"Das raffinierte Ramona Hochzeitskleid von Ramona Koonings Couture. Das Ramona Hochzeitskleid von Ramona Koonings Couture, exklusiv bei Koonings The Wedding Palace erh\u00e4ltlich, ist ein atemberaubendes Design f\u00fcr die Braut, die einen romantischen und sexy Look mit Couture-Finish sucht. Dieses Trompetenkleid schmiegt sich perfekt an den K\u00f6rper an und l\u00e4uft in einem eleganten Ausschnitt aus, der eine raffinierte und feminine Silhouette schafft. Der V-Ausschnitt betont dezent das Dekollet\u00e9, w\u00e4hrend die langen \u00c4rmel mit Puff\u00e4rmeln dem Kleid einen schicken und modernen Look verleihen. Die elfenbeinfarbene Farbe des Kleides strahlt zeitlose Eleganz aus, w\u00e4hrend die 3D-Blumen auf dem Kleid einen romantischen und k\u00fcnstlerischen Effekt erzeugen. Was dieses Kleid wirklich einzigartig macht, ist der raffinierte Ausschnitt an der Taille, der einen k\u00fchnen und sexy Touch verleiht, ohne den klassischen Look zu verlieren. Dieses Couture-Kleid ist perfekt f\u00fcr die Braut, die in einem romantischen und doch verf\u00fchrerischen Kleid gl\u00e4nzen m\u00f6chte, das die perfekte Balance zwischen Eleganz und sexy Charme findet. Das Ramona Hochzeitskleid ist die ideale Wahl f\u00fcr eine Braut, die ihren eigenen Stil mit luxuri\u00f6sen Details und modernem Flair kombinieren m\u00f6chte.","breadcrumb":{"@id":"https:\/\/www.koonings.com\/de\/product\/ramona-koonings-couture-kn2564-ramona\/#breadcrumb"},"inLanguage":"de","potentialAction":[{"@type":"ReadAction","target":["https:\/\/www.koonings.com\/de\/product\/ramona-koonings-couture-kn2564-ramona\/"]}]},{"@type":"ImageObject","inLanguage":"de","@id":"https:\/\/www.koonings.com\/de\/product\/ramona-koonings-couture-kn2564-ramona\/#primaryimage","url":"https:\/\/www.koonings.com\/wp-content\/uploads\/2025\/03\/40005_a89bbb7935ff719a7b9878a5fe994656042d9a69f9ea670a663f89773ca131c5bfccc1cd-scaled.jpeg","contentUrl":"https:\/\/www.koonings.com\/wp-content\/uploads\/2025\/03\/40005_a89bbb7935ff719a7b9878a5fe994656042d9a69f9ea670a663f89773ca131c5bfccc1cd-scaled.jpeg","width":1810,"height":2560},{"@type":"BreadcrumbList","@id":"https:\/\/www.koonings.com\/de\/product\/ramona-koonings-couture-kn2564-ramona\/#breadcrumb","itemListElement":[{"@type":"ListItem","position":1,"name":"Home","item":"https:\/\/www.koonings.com\/de\/"},{"@type":"ListItem","position":2,"name":"Ramona Koonings Couture KN2564 Ramona"}]},{"@type":"WebSite","@id":"https:\/\/www.koonings.com\/de\/#website","url":"https:\/\/www.koonings.com\/de\/","name":"Koonings","description":"De grootste bruidsmodewinkel ter wereld","publisher":{"@id":"https:\/\/www.koonings.com\/de\/#organization"},"potentialAction":[{"@type":"SearchAction","target":{"@type":"EntryPoint","urlTemplate":"https:\/\/www.koonings.com\/de\/?s={search_term_string}"},"query-input":{"@type":"PropertyValueSpecification","valueRequired":true,"valueName":"search_term_string"}}],"inLanguage":"de"},{"@type":"Organization","@id":"https:\/\/www.koonings.com\/de\/#organization","name":"Koonings","url":"https:\/\/www.koonings.com\/de\/","logo":{"@type":"ImageObject","inLanguage":"de","@id":"https:\/\/www.koonings.com\/de\/#\/schema\/logo\/image\/","url":"https:\/\/www.koonings.com\/wp-content\/uploads\/2024\/07\/logo.png","contentUrl":"https:\/\/www.koonings.com\/wp-content\/uploads\/2024\/07\/logo.png","width":600,"height":428,"caption":"Koonings"},"image":{"@id":"https:\/\/www.koonings.com\/de\/#\/schema\/logo\/image\/"},"sameAs":["https:\/\/www.facebook.com\/kooningstheweddingpalace","https:\/\/www.instagram.com\/kooningstheweddingpalace","https:\/\/www.pinterest.com\/koonings","https:\/\/www.youtube.com\/kooningstheweddingpalace"]}]}},"_links":{"self":[{"href":"https:\/\/www.koonings.com\/de\/wp-json\/wp\/v2\/product\/85031","targetHints":{"allow":["GET"]}}],"collection":[{"href":"https:\/\/www.koonings.com\/de\/wp-json\/wp\/v2\/product"}],"about":[{"href":"https:\/\/www.koonings.com\/de\/wp-json\/wp\/v2\/types\/product"}],"wp:featuredmedia":[{"embeddable":true,"href":"https:\/\/www.koonings.com\/de\/wp-json\/wp\/v2\/media\/82949"}],"wp:attachment":[{"href":"https:\/\/www.koonings.com\/de\/wp-json\/wp\/v2\/media?parent=85031"}],"wp:term":[{"taxonomy":"productdetails","embeddable":true,"href":"https:\/\/www.koonings.com\/de\/wp-json\/wp\/v2\/productdetails?post=85031"},{"taxonomy":"productneck","embeddable":true,"href":"https:\/\/www.koonings.com\/de\/wp-json\/wp\/v2\/productneck?post=85031"},{"taxonomy":"productcolor","embeddable":true,"href":"https:\/\/www.koonings.com\/de\/wp-json\/wp\/v2\/productcolor?post=85031"},{"taxonomy":"maat","embeddable":true,"href":"https:\/\/www.koonings.com\/de\/wp-json\/wp\/v2\/maat?post=85031"},{"taxonomy":"productsupplier","embeddable":true,"href":"https:\/\/www.koonings.com\/de\/wp-json\/wp\/v2\/productsupplier?post=85031"},{"taxonomy":"productsleeve","embeddable":true,"href":"https:\/\/www.koonings.com\/de\/wp-json\/wp\/v2\/productsleeve?post=85031"},{"taxonomy":"productcategory","embeddable":true,"href":"https:\/\/www.koonings.com\/de\/wp-json\/wp\/v2\/productcategory?post=85031"},{"taxonomy":"productsilhouette","embeddable":true,"href":"https:\/\/www.koonings.com\/de\/wp-json\/wp\/v2\/productsilhouette?post=85031"},{"taxonomy":"productstyle","embeddable":true,"href":"https:\/\/www.koonings.com\/de\/wp-json\/wp\/v2\/productstyle?post=85031"}],"curies":[{"name":"wp","href":"https:\/\/api.w.org\/{rel}","templated":true}]}}