{"id":85030,"date":"2026-05-06T15:16:33","date_gmt":"2026-05-06T13:16:33","guid":{"rendered":"https:\/\/www.koonings.com\/product\/ramona-koonings-couture-kn2549-vanessa\/"},"modified":"2025-06-05T13:58:45","modified_gmt":"2025-06-05T11:58:45","slug":"ramona-koonings-couture-kn2549-vanessa","status":"publish","type":"product","link":"https:\/\/www.koonings.com\/de\/product\/ramona-koonings-couture-kn2549-vanessa\/","title":{"rendered":"Ramona Koonings Couture KN2549 Vanessa"},"content":{"rendered":"<p>Das verf\u00fchrerische Vanessa Hochzeitskleid von Ramona Koonings Couture.<br \/>\nDas Vanessa Hochzeitskleid von Ramona Koonings Couture, exklusiv bei Koonings The Wedding Palace erh\u00e4ltlich, ist die perfekte Wahl f\u00fcr die Braut, die einen romantischen und sexy Look mit Couture-Finish sucht. Dieses Kleid in A-Linie hat einen tiefen V-Ausschnitt, der das Dekollet\u00e9 elegant betont, w\u00e4hrend die Tr\u00e4ger f\u00fcr einen raffinierten und femininen Look sorgen.<br \/>\nDie zarte Elfenbeinfarbe macht das Kleid zeitlos und vertr\u00e4umt, w\u00e4hrend der mit luftigem T\u00fcll \u00fcberzogene Schlitz einen subtilen und verf\u00fchrerischen Touch verleiht. Das Vanessa Hochzeitskleid verbindet auf perfekte Weise Romantik und sexy Eleganz und sorgt daf\u00fcr, dass Sie an Ihrem Hochzeitstag sowohl raffiniert als auch selbstbewusst gl\u00e4nzen werden. Dieses Kleid ist ideal f\u00fcr die Braut, die nach einem Couture-Look sucht, der sowohl raffiniert als auch verf\u00fchrerisch ist.   <\/p>\n","protected":false},"featured_media":82983,"template":"","meta":{"_acf_changed":false,"ghostkit_customizer_options":"","ghostkit_custom_css":"","ghostkit_custom_js_head":"","ghostkit_custom_js_foot":"","ghostkit_typography":""},"productdetails":[379,378,381],"productneck":[356],"productcolor":[392],"maat":[],"productsupplier":[419],"productsleeve":[359],"productcategory":[18],"productsilhouette":[384],"productstyle":[367,366,370],"class_list":["post-85030","product","type-product","status-publish","has-post-thumbnail","hentry","productdetails-379","productdetails-378","productdetails-381","productneck-356","productcolor-392","productsupplier-ramona-koonings-couture","productsleeve-359","productcategory-trouwjurken","productsilhouette-384","productstyle-367","productstyle-366","productstyle-370"],"acf":[],"yoast_head":"<!-- This site is optimized with the Yoast SEO plugin v27.3 - https:\/\/yoast.com\/product\/yoast-seo-wordpress\/ -->\n<title>Ramona Koonings Couture KN2549 Vanessa | Koonings<\/title>\n<meta name=\"description\" content=\"Das verf\u00fchrerische Vanessa Hochzeitskleid von Ramona Koonings Couture. Das Vanessa Hochzeitskleid von Ramona Koonings Couture, exklusiv bei Koonings The Wedding Palace erh\u00e4ltlich, ist die perfekte Wahl f\u00fcr die Braut, die einen romantischen und sexy Look mit Couture-Finish sucht. Dieses Kleid in A-Linie hat einen tiefen V-Ausschnitt, der das Dekollet\u00e9 elegant betont, w\u00e4hrend die Tr\u00e4ger f\u00fcr einen raffinierten und femininen Look sorgen. Die zarte Elfenbeinfarbe macht das Kleid zeitlos und vertr\u00e4umt, w\u00e4hrend der mit luftigem T\u00fcll \u00fcberzogene Schlitz einen subtilen und verf\u00fchrerischen Touch verleiht. Das Vanessa Hochzeitskleid verbindet auf perfekte Weise Romantik und sexy Eleganz und sorgt daf\u00fcr, dass Sie an Ihrem Hochzeitstag sowohl raffiniert als auch selbstbewusst gl\u00e4nzen werden. Dieses Kleid ist ideal f\u00fcr die Braut, die nach einem Couture-Look sucht, der sowohl raffiniert als auch verf\u00fchrerisch ist.\" \/>\n<meta name=\"robots\" content=\"index, follow, max-snippet:-1, max-image-preview:large, max-video-preview:-1\" \/>\n<link rel=\"canonical\" href=\"https:\/\/www.koonings.com\/de\/product\/ramona-koonings-couture-kn2549-vanessa\/\" \/>\n<meta property=\"og:locale\" content=\"de_DE\" \/>\n<meta property=\"og:type\" content=\"article\" \/>\n<meta property=\"og:title\" content=\"Ramona Koonings Couture KN2549 Vanessa | Koonings\" \/>\n<meta property=\"og:description\" content=\"Das verf\u00fchrerische Vanessa Hochzeitskleid von Ramona Koonings Couture. Das Vanessa Hochzeitskleid von Ramona Koonings Couture, exklusiv bei Koonings The Wedding Palace erh\u00e4ltlich, ist die perfekte Wahl f\u00fcr die Braut, die einen romantischen und sexy Look mit Couture-Finish sucht. Dieses Kleid in A-Linie hat einen tiefen V-Ausschnitt, der das Dekollet\u00e9 elegant betont, w\u00e4hrend die Tr\u00e4ger f\u00fcr einen raffinierten und femininen Look sorgen. Die zarte Elfenbeinfarbe macht das Kleid zeitlos und vertr\u00e4umt, w\u00e4hrend der mit luftigem T\u00fcll \u00fcberzogene Schlitz einen subtilen und verf\u00fchrerischen Touch verleiht. Das Vanessa Hochzeitskleid verbindet auf perfekte Weise Romantik und sexy Eleganz und sorgt daf\u00fcr, dass Sie an Ihrem Hochzeitstag sowohl raffiniert als auch selbstbewusst gl\u00e4nzen werden. Dieses Kleid ist ideal f\u00fcr die Braut, die nach einem Couture-Look sucht, der sowohl raffiniert als auch verf\u00fchrerisch ist.\" \/>\n<meta property=\"og:url\" content=\"https:\/\/www.koonings.com\/de\/product\/ramona-koonings-couture-kn2549-vanessa\/\" \/>\n<meta property=\"og:site_name\" content=\"Koonings\" \/>\n<meta property=\"article:publisher\" content=\"https:\/\/www.facebook.com\/kooningstheweddingpalace\" \/>\n<meta property=\"og:image\" content=\"https:\/\/www.koonings.com\/wp-content\/uploads\/2025\/03\/40009_72d9e0cc7dcd747b6e9ed82a09cb4511555f2d0b980189004dd017427f3bcc454079a789-scaled.jpeg\" \/>\n\t<meta property=\"og:image:width\" content=\"1810\" \/>\n\t<meta property=\"og:image:height\" content=\"2560\" \/>\n\t<meta property=\"og:image:type\" content=\"image\/jpeg\" \/>\n<meta name=\"twitter:card\" content=\"summary_large_image\" \/>\n<meta name=\"twitter:label1\" content=\"Gesch\u00e4tzte Lesezeit\" \/>\n\t<meta name=\"twitter:data1\" content=\"1\u00a0Minute\" \/>\n<script type=\"application\/ld+json\" class=\"yoast-schema-graph\">{\"@context\":\"https:\\\/\\\/schema.org\",\"@graph\":[{\"@type\":\"WebPage\",\"@id\":\"https:\\\/\\\/www.koonings.com\\\/de\\\/product\\\/ramona-koonings-couture-kn2549-vanessa\\\/\",\"url\":\"https:\\\/\\\/www.koonings.com\\\/de\\\/product\\\/ramona-koonings-couture-kn2549-vanessa\\\/\",\"name\":\"Ramona Koonings Couture KN2549 Vanessa | Koonings\",\"isPartOf\":{\"@id\":\"https:\\\/\\\/www.koonings.com\\\/de\\\/#website\"},\"primaryImageOfPage\":{\"@id\":\"https:\\\/\\\/www.koonings.com\\\/de\\\/product\\\/ramona-koonings-couture-kn2549-vanessa\\\/#primaryimage\"},\"image\":{\"@id\":\"https:\\\/\\\/www.koonings.com\\\/de\\\/product\\\/ramona-koonings-couture-kn2549-vanessa\\\/#primaryimage\"},\"thumbnailUrl\":\"https:\\\/\\\/www.koonings.com\\\/wp-content\\\/uploads\\\/2025\\\/03\\\/40009_72d9e0cc7dcd747b6e9ed82a09cb4511555f2d0b980189004dd017427f3bcc454079a789-scaled.jpeg\",\"datePublished\":\"2026-05-06T13:16:33+00:00\",\"description\":\"Das verf\u00fchrerische Vanessa Hochzeitskleid von Ramona Koonings Couture. Das Vanessa Hochzeitskleid von Ramona Koonings Couture, exklusiv bei Koonings The Wedding Palace erh\u00e4ltlich, ist die perfekte Wahl f\u00fcr die Braut, die einen romantischen und sexy Look mit Couture-Finish sucht. Dieses Kleid in A-Linie hat einen tiefen V-Ausschnitt, der das Dekollet\u00e9 elegant betont, w\u00e4hrend die Tr\u00e4ger f\u00fcr einen raffinierten und femininen Look sorgen. Die zarte Elfenbeinfarbe macht das Kleid zeitlos und vertr\u00e4umt, w\u00e4hrend der mit luftigem T\u00fcll \u00fcberzogene Schlitz einen subtilen und verf\u00fchrerischen Touch verleiht. Das Vanessa Hochzeitskleid verbindet auf perfekte Weise Romantik und sexy Eleganz und sorgt daf\u00fcr, dass Sie an Ihrem Hochzeitstag sowohl raffiniert als auch selbstbewusst gl\u00e4nzen werden. Dieses Kleid ist ideal f\u00fcr die Braut, die nach einem Couture-Look sucht, der sowohl raffiniert als auch verf\u00fchrerisch ist.\",\"breadcrumb\":{\"@id\":\"https:\\\/\\\/www.koonings.com\\\/de\\\/product\\\/ramona-koonings-couture-kn2549-vanessa\\\/#breadcrumb\"},\"inLanguage\":\"de\",\"potentialAction\":[{\"@type\":\"ReadAction\",\"target\":[\"https:\\\/\\\/www.koonings.com\\\/de\\\/product\\\/ramona-koonings-couture-kn2549-vanessa\\\/\"]}]},{\"@type\":\"ImageObject\",\"inLanguage\":\"de\",\"@id\":\"https:\\\/\\\/www.koonings.com\\\/de\\\/product\\\/ramona-koonings-couture-kn2549-vanessa\\\/#primaryimage\",\"url\":\"https:\\\/\\\/www.koonings.com\\\/wp-content\\\/uploads\\\/2025\\\/03\\\/40009_72d9e0cc7dcd747b6e9ed82a09cb4511555f2d0b980189004dd017427f3bcc454079a789-scaled.jpeg\",\"contentUrl\":\"https:\\\/\\\/www.koonings.com\\\/wp-content\\\/uploads\\\/2025\\\/03\\\/40009_72d9e0cc7dcd747b6e9ed82a09cb4511555f2d0b980189004dd017427f3bcc454079a789-scaled.jpeg\",\"width\":1810,\"height\":2560},{\"@type\":\"BreadcrumbList\",\"@id\":\"https:\\\/\\\/www.koonings.com\\\/de\\\/product\\\/ramona-koonings-couture-kn2549-vanessa\\\/#breadcrumb\",\"itemListElement\":[{\"@type\":\"ListItem\",\"position\":1,\"name\":\"Home\",\"item\":\"https:\\\/\\\/www.koonings.com\\\/de\\\/\"},{\"@type\":\"ListItem\",\"position\":2,\"name\":\"Ramona Koonings Couture KN2549 Vanessa\"}]},{\"@type\":\"WebSite\",\"@id\":\"https:\\\/\\\/www.koonings.com\\\/de\\\/#website\",\"url\":\"https:\\\/\\\/www.koonings.com\\\/de\\\/\",\"name\":\"Koonings\",\"description\":\"De grootste bruidsmodewinkel ter wereld\",\"publisher\":{\"@id\":\"https:\\\/\\\/www.koonings.com\\\/de\\\/#organization\"},\"potentialAction\":[{\"@type\":\"SearchAction\",\"target\":{\"@type\":\"EntryPoint\",\"urlTemplate\":\"https:\\\/\\\/www.koonings.com\\\/de\\\/?s={search_term_string}\"},\"query-input\":{\"@type\":\"PropertyValueSpecification\",\"valueRequired\":true,\"valueName\":\"search_term_string\"}}],\"inLanguage\":\"de\"},{\"@type\":\"Organization\",\"@id\":\"https:\\\/\\\/www.koonings.com\\\/de\\\/#organization\",\"name\":\"Koonings\",\"url\":\"https:\\\/\\\/www.koonings.com\\\/de\\\/\",\"logo\":{\"@type\":\"ImageObject\",\"inLanguage\":\"de\",\"@id\":\"https:\\\/\\\/www.koonings.com\\\/de\\\/#\\\/schema\\\/logo\\\/image\\\/\",\"url\":\"https:\\\/\\\/www.koonings.com\\\/wp-content\\\/uploads\\\/2024\\\/07\\\/logo.png\",\"contentUrl\":\"https:\\\/\\\/www.koonings.com\\\/wp-content\\\/uploads\\\/2024\\\/07\\\/logo.png\",\"width\":600,\"height\":428,\"caption\":\"Koonings\"},\"image\":{\"@id\":\"https:\\\/\\\/www.koonings.com\\\/de\\\/#\\\/schema\\\/logo\\\/image\\\/\"},\"sameAs\":[\"https:\\\/\\\/www.facebook.com\\\/kooningstheweddingpalace\",\"https:\\\/\\\/www.instagram.com\\\/kooningstheweddingpalace\",\"https:\\\/\\\/www.pinterest.com\\\/koonings\",\"https:\\\/\\\/www.youtube.com\\\/kooningstheweddingpalace\"]}]}<\/script>\n<!-- \/ Yoast SEO plugin. -->","yoast_head_json":{"title":"Ramona Koonings Couture KN2549 Vanessa | Koonings","description":"Das verf\u00fchrerische Vanessa Hochzeitskleid von Ramona Koonings Couture. Das Vanessa Hochzeitskleid von Ramona Koonings Couture, exklusiv bei Koonings The Wedding Palace erh\u00e4ltlich, ist die perfekte Wahl f\u00fcr die Braut, die einen romantischen und sexy Look mit Couture-Finish sucht. Dieses Kleid in A-Linie hat einen tiefen V-Ausschnitt, der das Dekollet\u00e9 elegant betont, w\u00e4hrend die Tr\u00e4ger f\u00fcr einen raffinierten und femininen Look sorgen. Die zarte Elfenbeinfarbe macht das Kleid zeitlos und vertr\u00e4umt, w\u00e4hrend der mit luftigem T\u00fcll \u00fcberzogene Schlitz einen subtilen und verf\u00fchrerischen Touch verleiht. Das Vanessa Hochzeitskleid verbindet auf perfekte Weise Romantik und sexy Eleganz und sorgt daf\u00fcr, dass Sie an Ihrem Hochzeitstag sowohl raffiniert als auch selbstbewusst gl\u00e4nzen werden. Dieses Kleid ist ideal f\u00fcr die Braut, die nach einem Couture-Look sucht, der sowohl raffiniert als auch verf\u00fchrerisch ist.","robots":{"index":"index","follow":"follow","max-snippet":"max-snippet:-1","max-image-preview":"max-image-preview:large","max-video-preview":"max-video-preview:-1"},"canonical":"https:\/\/www.koonings.com\/de\/product\/ramona-koonings-couture-kn2549-vanessa\/","og_locale":"de_DE","og_type":"article","og_title":"Ramona Koonings Couture KN2549 Vanessa | Koonings","og_description":"Das verf\u00fchrerische Vanessa Hochzeitskleid von Ramona Koonings Couture. Das Vanessa Hochzeitskleid von Ramona Koonings Couture, exklusiv bei Koonings The Wedding Palace erh\u00e4ltlich, ist die perfekte Wahl f\u00fcr die Braut, die einen romantischen und sexy Look mit Couture-Finish sucht. Dieses Kleid in A-Linie hat einen tiefen V-Ausschnitt, der das Dekollet\u00e9 elegant betont, w\u00e4hrend die Tr\u00e4ger f\u00fcr einen raffinierten und femininen Look sorgen. Die zarte Elfenbeinfarbe macht das Kleid zeitlos und vertr\u00e4umt, w\u00e4hrend der mit luftigem T\u00fcll \u00fcberzogene Schlitz einen subtilen und verf\u00fchrerischen Touch verleiht. Das Vanessa Hochzeitskleid verbindet auf perfekte Weise Romantik und sexy Eleganz und sorgt daf\u00fcr, dass Sie an Ihrem Hochzeitstag sowohl raffiniert als auch selbstbewusst gl\u00e4nzen werden. Dieses Kleid ist ideal f\u00fcr die Braut, die nach einem Couture-Look sucht, der sowohl raffiniert als auch verf\u00fchrerisch ist.","og_url":"https:\/\/www.koonings.com\/de\/product\/ramona-koonings-couture-kn2549-vanessa\/","og_site_name":"Koonings","article_publisher":"https:\/\/www.facebook.com\/kooningstheweddingpalace","og_image":[{"width":1810,"height":2560,"url":"https:\/\/www.koonings.com\/wp-content\/uploads\/2025\/03\/40009_72d9e0cc7dcd747b6e9ed82a09cb4511555f2d0b980189004dd017427f3bcc454079a789-scaled.jpeg","type":"image\/jpeg"}],"twitter_card":"summary_large_image","twitter_misc":{"Gesch\u00e4tzte Lesezeit":"1\u00a0Minute"},"schema":{"@context":"https:\/\/schema.org","@graph":[{"@type":"WebPage","@id":"https:\/\/www.koonings.com\/de\/product\/ramona-koonings-couture-kn2549-vanessa\/","url":"https:\/\/www.koonings.com\/de\/product\/ramona-koonings-couture-kn2549-vanessa\/","name":"Ramona Koonings Couture KN2549 Vanessa | Koonings","isPartOf":{"@id":"https:\/\/www.koonings.com\/de\/#website"},"primaryImageOfPage":{"@id":"https:\/\/www.koonings.com\/de\/product\/ramona-koonings-couture-kn2549-vanessa\/#primaryimage"},"image":{"@id":"https:\/\/www.koonings.com\/de\/product\/ramona-koonings-couture-kn2549-vanessa\/#primaryimage"},"thumbnailUrl":"https:\/\/www.koonings.com\/wp-content\/uploads\/2025\/03\/40009_72d9e0cc7dcd747b6e9ed82a09cb4511555f2d0b980189004dd017427f3bcc454079a789-scaled.jpeg","datePublished":"2026-05-06T13:16:33+00:00","description":"Das verf\u00fchrerische Vanessa Hochzeitskleid von Ramona Koonings Couture. Das Vanessa Hochzeitskleid von Ramona Koonings Couture, exklusiv bei Koonings The Wedding Palace erh\u00e4ltlich, ist die perfekte Wahl f\u00fcr die Braut, die einen romantischen und sexy Look mit Couture-Finish sucht. Dieses Kleid in A-Linie hat einen tiefen V-Ausschnitt, der das Dekollet\u00e9 elegant betont, w\u00e4hrend die Tr\u00e4ger f\u00fcr einen raffinierten und femininen Look sorgen. Die zarte Elfenbeinfarbe macht das Kleid zeitlos und vertr\u00e4umt, w\u00e4hrend der mit luftigem T\u00fcll \u00fcberzogene Schlitz einen subtilen und verf\u00fchrerischen Touch verleiht. Das Vanessa Hochzeitskleid verbindet auf perfekte Weise Romantik und sexy Eleganz und sorgt daf\u00fcr, dass Sie an Ihrem Hochzeitstag sowohl raffiniert als auch selbstbewusst gl\u00e4nzen werden. Dieses Kleid ist ideal f\u00fcr die Braut, die nach einem Couture-Look sucht, der sowohl raffiniert als auch verf\u00fchrerisch ist.","breadcrumb":{"@id":"https:\/\/www.koonings.com\/de\/product\/ramona-koonings-couture-kn2549-vanessa\/#breadcrumb"},"inLanguage":"de","potentialAction":[{"@type":"ReadAction","target":["https:\/\/www.koonings.com\/de\/product\/ramona-koonings-couture-kn2549-vanessa\/"]}]},{"@type":"ImageObject","inLanguage":"de","@id":"https:\/\/www.koonings.com\/de\/product\/ramona-koonings-couture-kn2549-vanessa\/#primaryimage","url":"https:\/\/www.koonings.com\/wp-content\/uploads\/2025\/03\/40009_72d9e0cc7dcd747b6e9ed82a09cb4511555f2d0b980189004dd017427f3bcc454079a789-scaled.jpeg","contentUrl":"https:\/\/www.koonings.com\/wp-content\/uploads\/2025\/03\/40009_72d9e0cc7dcd747b6e9ed82a09cb4511555f2d0b980189004dd017427f3bcc454079a789-scaled.jpeg","width":1810,"height":2560},{"@type":"BreadcrumbList","@id":"https:\/\/www.koonings.com\/de\/product\/ramona-koonings-couture-kn2549-vanessa\/#breadcrumb","itemListElement":[{"@type":"ListItem","position":1,"name":"Home","item":"https:\/\/www.koonings.com\/de\/"},{"@type":"ListItem","position":2,"name":"Ramona Koonings Couture KN2549 Vanessa"}]},{"@type":"WebSite","@id":"https:\/\/www.koonings.com\/de\/#website","url":"https:\/\/www.koonings.com\/de\/","name":"Koonings","description":"De grootste bruidsmodewinkel ter wereld","publisher":{"@id":"https:\/\/www.koonings.com\/de\/#organization"},"potentialAction":[{"@type":"SearchAction","target":{"@type":"EntryPoint","urlTemplate":"https:\/\/www.koonings.com\/de\/?s={search_term_string}"},"query-input":{"@type":"PropertyValueSpecification","valueRequired":true,"valueName":"search_term_string"}}],"inLanguage":"de"},{"@type":"Organization","@id":"https:\/\/www.koonings.com\/de\/#organization","name":"Koonings","url":"https:\/\/www.koonings.com\/de\/","logo":{"@type":"ImageObject","inLanguage":"de","@id":"https:\/\/www.koonings.com\/de\/#\/schema\/logo\/image\/","url":"https:\/\/www.koonings.com\/wp-content\/uploads\/2024\/07\/logo.png","contentUrl":"https:\/\/www.koonings.com\/wp-content\/uploads\/2024\/07\/logo.png","width":600,"height":428,"caption":"Koonings"},"image":{"@id":"https:\/\/www.koonings.com\/de\/#\/schema\/logo\/image\/"},"sameAs":["https:\/\/www.facebook.com\/kooningstheweddingpalace","https:\/\/www.instagram.com\/kooningstheweddingpalace","https:\/\/www.pinterest.com\/koonings","https:\/\/www.youtube.com\/kooningstheweddingpalace"]}]}},"_links":{"self":[{"href":"https:\/\/www.koonings.com\/de\/wp-json\/wp\/v2\/product\/85030","targetHints":{"allow":["GET"]}}],"collection":[{"href":"https:\/\/www.koonings.com\/de\/wp-json\/wp\/v2\/product"}],"about":[{"href":"https:\/\/www.koonings.com\/de\/wp-json\/wp\/v2\/types\/product"}],"wp:featuredmedia":[{"embeddable":true,"href":"https:\/\/www.koonings.com\/de\/wp-json\/wp\/v2\/media\/82983"}],"wp:attachment":[{"href":"https:\/\/www.koonings.com\/de\/wp-json\/wp\/v2\/media?parent=85030"}],"wp:term":[{"taxonomy":"productdetails","embeddable":true,"href":"https:\/\/www.koonings.com\/de\/wp-json\/wp\/v2\/productdetails?post=85030"},{"taxonomy":"productneck","embeddable":true,"href":"https:\/\/www.koonings.com\/de\/wp-json\/wp\/v2\/productneck?post=85030"},{"taxonomy":"productcolor","embeddable":true,"href":"https:\/\/www.koonings.com\/de\/wp-json\/wp\/v2\/productcolor?post=85030"},{"taxonomy":"maat","embeddable":true,"href":"https:\/\/www.koonings.com\/de\/wp-json\/wp\/v2\/maat?post=85030"},{"taxonomy":"productsupplier","embeddable":true,"href":"https:\/\/www.koonings.com\/de\/wp-json\/wp\/v2\/productsupplier?post=85030"},{"taxonomy":"productsleeve","embeddable":true,"href":"https:\/\/www.koonings.com\/de\/wp-json\/wp\/v2\/productsleeve?post=85030"},{"taxonomy":"productcategory","embeddable":true,"href":"https:\/\/www.koonings.com\/de\/wp-json\/wp\/v2\/productcategory?post=85030"},{"taxonomy":"productsilhouette","embeddable":true,"href":"https:\/\/www.koonings.com\/de\/wp-json\/wp\/v2\/productsilhouette?post=85030"},{"taxonomy":"productstyle","embeddable":true,"href":"https:\/\/www.koonings.com\/de\/wp-json\/wp\/v2\/productstyle?post=85030"}],"curies":[{"name":"wp","href":"https:\/\/api.w.org\/{rel}","templated":true}]}}