{"id":85024,"date":"2026-04-28T18:16:21","date_gmt":"2026-04-28T16:16:21","guid":{"rendered":"https:\/\/www.koonings.com\/product\/ramona-koonings-couture-kn2565-ursula\/"},"modified":"2025-06-05T13:58:41","modified_gmt":"2025-06-05T11:58:41","slug":"ramona-koonings-couture-kn2565-ursula","status":"publish","type":"product","link":"https:\/\/www.koonings.com\/de\/product\/ramona-koonings-couture-kn2565-ursula\/","title":{"rendered":"Ramona Koonings Couture KN2565 Ursula"},"content":{"rendered":"<p>Das elegante Ursula Hochzeitskleid von Ramona Koonings Couture.<br \/>\nDas Ursula Hochzeitskleid von Ramona Koonings Couture, das exklusiv bei Koonings The Wedding Palace erh\u00e4ltlich ist, ist die perfekte Wahl f\u00fcr die Braut, die einen klassischen und doch sexy Look sucht. Dieses Couture-Kleid hat eine A-Linien-Passform, die sanft \u00fcber den K\u00f6rper f\u00e4llt und einen eleganten und raffinierten Look kreiert. Der V-Ausschnitt und das tiefe Dekollet\u00e9 verleihen dem Kleid einen k\u00fchnen, aber raffinierten sexy Touch.<br \/>\nDie langen Puff\u00e4rmel aus T\u00fcll verleihen dem Kleid eine romantische und m\u00e4rchenhafte Note, w\u00e4hrend die Farbe Elfenbein dem Kleid einen zeitlosen Look verleiht. Das Hochzeitskleid Ursula verbindet klassische Sch\u00f6nheit mit modernem Flair und ist damit die perfekte Wahl f\u00fcr die Braut, die in einem Kleid gl\u00e4nzen m\u00f6chte, das elegant und verf\u00fchrerisch zugleich ist.<br \/>\nDieses Couture-Kleid ist ideal f\u00fcr die Braut, die einen romantischen, sexy und raffinierten Look sucht, mit luftigen T\u00fcll\u00e4rmeln und einem Statement-Ausschnitt. Entdecken Sie das Ursula Brautkleid von Ramona Koonings Couture bei Koonings The Wedding Palace und f\u00fchlen Sie sich selbstbewusst und atemberaubend an Ihrem sch\u00f6nsten Tag.    <\/p>\n","protected":false},"featured_media":83000,"template":"","meta":{"_acf_changed":false,"ghostkit_customizer_options":"","ghostkit_custom_css":"","ghostkit_custom_js_head":"","ghostkit_custom_js_foot":"","ghostkit_typography":""},"productdetails":[380,383,381],"productneck":[356],"productcolor":[392],"maat":[],"productsupplier":[419],"productsleeve":[362],"productcategory":[18],"productsilhouette":[384,389],"productstyle":[367,369,370],"class_list":["post-85024","product","type-product","status-publish","has-post-thumbnail","hentry","productdetails-380","productdetails-383","productdetails-381","productneck-356","productcolor-392","productsupplier-ramona-koonings-couture","productsleeve-362","productcategory-trouwjurken","productsilhouette-384","productsilhouette-389","productstyle-367","productstyle-369","productstyle-370"],"acf":[],"yoast_head":"<!-- This site is optimized with the Yoast SEO plugin v27.3 - https:\/\/yoast.com\/product\/yoast-seo-wordpress\/ -->\n<title>Ramona Koonings Couture KN2565 Ursula | Koonings<\/title>\n<meta name=\"description\" content=\"Das elegante Ursula Hochzeitskleid von Ramona Koonings Couture. Das Ursula Hochzeitskleid von Ramona Koonings Couture, das exklusiv bei Koonings The Wedding Palace erh\u00e4ltlich ist, ist die perfekte Wahl f\u00fcr die Braut, die einen klassischen und doch sexy Look sucht. Dieses Couture-Kleid hat eine A-Linien-Passform, die sanft \u00fcber den K\u00f6rper f\u00e4llt und einen eleganten und raffinierten Look kreiert. Der V-Ausschnitt und das tiefe Dekollet\u00e9 verleihen dem Kleid einen k\u00fchnen, aber raffinierten sexy Touch. Die langen Puff\u00e4rmel aus T\u00fcll verleihen dem Kleid eine romantische und m\u00e4rchenhafte Note, w\u00e4hrend die Farbe Elfenbein dem Kleid einen zeitlosen Look verleiht. Das Hochzeitskleid Ursula verbindet klassische Sch\u00f6nheit mit modernem Flair und ist damit die perfekte Wahl f\u00fcr die Braut, die in einem Kleid gl\u00e4nzen m\u00f6chte, das elegant und verf\u00fchrerisch zugleich ist. Dieses Couture-Kleid ist ideal f\u00fcr die Braut, die einen romantischen, sexy und raffinierten Look sucht, mit luftigen T\u00fcll\u00e4rmeln und einem Statement-Ausschnitt. Entdecken Sie das Ursula Brautkleid von Ramona Koonings Couture bei Koonings The Wedding Palace und f\u00fchlen Sie sich selbstbewusst und atemberaubend an Ihrem sch\u00f6nsten Tag.\" \/>\n<meta name=\"robots\" content=\"index, follow, max-snippet:-1, max-image-preview:large, max-video-preview:-1\" \/>\n<link rel=\"canonical\" href=\"https:\/\/www.koonings.com\/de\/product\/ramona-koonings-couture-kn2565-ursula\/\" \/>\n<meta property=\"og:locale\" content=\"de_DE\" \/>\n<meta property=\"og:type\" content=\"article\" \/>\n<meta property=\"og:title\" content=\"Ramona Koonings Couture KN2565 Ursula | Koonings\" \/>\n<meta property=\"og:description\" content=\"Das elegante Ursula Hochzeitskleid von Ramona Koonings Couture. Das Ursula Hochzeitskleid von Ramona Koonings Couture, das exklusiv bei Koonings The Wedding Palace erh\u00e4ltlich ist, ist die perfekte Wahl f\u00fcr die Braut, die einen klassischen und doch sexy Look sucht. Dieses Couture-Kleid hat eine A-Linien-Passform, die sanft \u00fcber den K\u00f6rper f\u00e4llt und einen eleganten und raffinierten Look kreiert. Der V-Ausschnitt und das tiefe Dekollet\u00e9 verleihen dem Kleid einen k\u00fchnen, aber raffinierten sexy Touch. Die langen Puff\u00e4rmel aus T\u00fcll verleihen dem Kleid eine romantische und m\u00e4rchenhafte Note, w\u00e4hrend die Farbe Elfenbein dem Kleid einen zeitlosen Look verleiht. Das Hochzeitskleid Ursula verbindet klassische Sch\u00f6nheit mit modernem Flair und ist damit die perfekte Wahl f\u00fcr die Braut, die in einem Kleid gl\u00e4nzen m\u00f6chte, das elegant und verf\u00fchrerisch zugleich ist. Dieses Couture-Kleid ist ideal f\u00fcr die Braut, die einen romantischen, sexy und raffinierten Look sucht, mit luftigen T\u00fcll\u00e4rmeln und einem Statement-Ausschnitt. Entdecken Sie das Ursula Brautkleid von Ramona Koonings Couture bei Koonings The Wedding Palace und f\u00fchlen Sie sich selbstbewusst und atemberaubend an Ihrem sch\u00f6nsten Tag.\" \/>\n<meta property=\"og:url\" content=\"https:\/\/www.koonings.com\/de\/product\/ramona-koonings-couture-kn2565-ursula\/\" \/>\n<meta property=\"og:site_name\" content=\"Koonings\" \/>\n<meta property=\"article:publisher\" content=\"https:\/\/www.facebook.com\/kooningstheweddingpalace\" \/>\n<meta property=\"og:image\" content=\"https:\/\/www.koonings.com\/wp-content\/uploads\/2025\/03\/40011_f65854e1a99e5e7175664c38378a0170252acd86b197f58f2cd1ae944a9e404244c9ac36-scaled.jpeg\" \/>\n\t<meta property=\"og:image:width\" content=\"1814\" \/>\n\t<meta property=\"og:image:height\" content=\"2560\" \/>\n\t<meta property=\"og:image:type\" content=\"image\/jpeg\" \/>\n<meta name=\"twitter:card\" content=\"summary_large_image\" \/>\n<meta name=\"twitter:label1\" content=\"Gesch\u00e4tzte Lesezeit\" \/>\n\t<meta name=\"twitter:data1\" content=\"1\u00a0Minute\" \/>\n<script type=\"application\/ld+json\" class=\"yoast-schema-graph\">{\"@context\":\"https:\\\/\\\/schema.org\",\"@graph\":[{\"@type\":\"WebPage\",\"@id\":\"https:\\\/\\\/www.koonings.com\\\/de\\\/product\\\/ramona-koonings-couture-kn2565-ursula\\\/\",\"url\":\"https:\\\/\\\/www.koonings.com\\\/de\\\/product\\\/ramona-koonings-couture-kn2565-ursula\\\/\",\"name\":\"Ramona Koonings Couture KN2565 Ursula | Koonings\",\"isPartOf\":{\"@id\":\"https:\\\/\\\/www.koonings.com\\\/de\\\/#website\"},\"primaryImageOfPage\":{\"@id\":\"https:\\\/\\\/www.koonings.com\\\/de\\\/product\\\/ramona-koonings-couture-kn2565-ursula\\\/#primaryimage\"},\"image\":{\"@id\":\"https:\\\/\\\/www.koonings.com\\\/de\\\/product\\\/ramona-koonings-couture-kn2565-ursula\\\/#primaryimage\"},\"thumbnailUrl\":\"https:\\\/\\\/www.koonings.com\\\/wp-content\\\/uploads\\\/2025\\\/03\\\/40011_f65854e1a99e5e7175664c38378a0170252acd86b197f58f2cd1ae944a9e404244c9ac36-scaled.jpeg\",\"datePublished\":\"2026-04-28T16:16:21+00:00\",\"description\":\"Das elegante Ursula Hochzeitskleid von Ramona Koonings Couture. Das Ursula Hochzeitskleid von Ramona Koonings Couture, das exklusiv bei Koonings The Wedding Palace erh\u00e4ltlich ist, ist die perfekte Wahl f\u00fcr die Braut, die einen klassischen und doch sexy Look sucht. Dieses Couture-Kleid hat eine A-Linien-Passform, die sanft \u00fcber den K\u00f6rper f\u00e4llt und einen eleganten und raffinierten Look kreiert. Der V-Ausschnitt und das tiefe Dekollet\u00e9 verleihen dem Kleid einen k\u00fchnen, aber raffinierten sexy Touch. Die langen Puff\u00e4rmel aus T\u00fcll verleihen dem Kleid eine romantische und m\u00e4rchenhafte Note, w\u00e4hrend die Farbe Elfenbein dem Kleid einen zeitlosen Look verleiht. Das Hochzeitskleid Ursula verbindet klassische Sch\u00f6nheit mit modernem Flair und ist damit die perfekte Wahl f\u00fcr die Braut, die in einem Kleid gl\u00e4nzen m\u00f6chte, das elegant und verf\u00fchrerisch zugleich ist. Dieses Couture-Kleid ist ideal f\u00fcr die Braut, die einen romantischen, sexy und raffinierten Look sucht, mit luftigen T\u00fcll\u00e4rmeln und einem Statement-Ausschnitt. Entdecken Sie das Ursula Brautkleid von Ramona Koonings Couture bei Koonings The Wedding Palace und f\u00fchlen Sie sich selbstbewusst und atemberaubend an Ihrem sch\u00f6nsten Tag.\",\"breadcrumb\":{\"@id\":\"https:\\\/\\\/www.koonings.com\\\/de\\\/product\\\/ramona-koonings-couture-kn2565-ursula\\\/#breadcrumb\"},\"inLanguage\":\"de\",\"potentialAction\":[{\"@type\":\"ReadAction\",\"target\":[\"https:\\\/\\\/www.koonings.com\\\/de\\\/product\\\/ramona-koonings-couture-kn2565-ursula\\\/\"]}]},{\"@type\":\"ImageObject\",\"inLanguage\":\"de\",\"@id\":\"https:\\\/\\\/www.koonings.com\\\/de\\\/product\\\/ramona-koonings-couture-kn2565-ursula\\\/#primaryimage\",\"url\":\"https:\\\/\\\/www.koonings.com\\\/wp-content\\\/uploads\\\/2025\\\/03\\\/40011_f65854e1a99e5e7175664c38378a0170252acd86b197f58f2cd1ae944a9e404244c9ac36-scaled.jpeg\",\"contentUrl\":\"https:\\\/\\\/www.koonings.com\\\/wp-content\\\/uploads\\\/2025\\\/03\\\/40011_f65854e1a99e5e7175664c38378a0170252acd86b197f58f2cd1ae944a9e404244c9ac36-scaled.jpeg\",\"width\":1814,\"height\":2560},{\"@type\":\"BreadcrumbList\",\"@id\":\"https:\\\/\\\/www.koonings.com\\\/de\\\/product\\\/ramona-koonings-couture-kn2565-ursula\\\/#breadcrumb\",\"itemListElement\":[{\"@type\":\"ListItem\",\"position\":1,\"name\":\"Home\",\"item\":\"https:\\\/\\\/www.koonings.com\\\/de\\\/\"},{\"@type\":\"ListItem\",\"position\":2,\"name\":\"Ramona Koonings Couture KN2565 Ursula\"}]},{\"@type\":\"WebSite\",\"@id\":\"https:\\\/\\\/www.koonings.com\\\/de\\\/#website\",\"url\":\"https:\\\/\\\/www.koonings.com\\\/de\\\/\",\"name\":\"Koonings\",\"description\":\"De grootste bruidsmodewinkel ter wereld\",\"publisher\":{\"@id\":\"https:\\\/\\\/www.koonings.com\\\/de\\\/#organization\"},\"potentialAction\":[{\"@type\":\"SearchAction\",\"target\":{\"@type\":\"EntryPoint\",\"urlTemplate\":\"https:\\\/\\\/www.koonings.com\\\/de\\\/?s={search_term_string}\"},\"query-input\":{\"@type\":\"PropertyValueSpecification\",\"valueRequired\":true,\"valueName\":\"search_term_string\"}}],\"inLanguage\":\"de\"},{\"@type\":\"Organization\",\"@id\":\"https:\\\/\\\/www.koonings.com\\\/de\\\/#organization\",\"name\":\"Koonings\",\"url\":\"https:\\\/\\\/www.koonings.com\\\/de\\\/\",\"logo\":{\"@type\":\"ImageObject\",\"inLanguage\":\"de\",\"@id\":\"https:\\\/\\\/www.koonings.com\\\/de\\\/#\\\/schema\\\/logo\\\/image\\\/\",\"url\":\"https:\\\/\\\/www.koonings.com\\\/wp-content\\\/uploads\\\/2024\\\/07\\\/logo.png\",\"contentUrl\":\"https:\\\/\\\/www.koonings.com\\\/wp-content\\\/uploads\\\/2024\\\/07\\\/logo.png\",\"width\":600,\"height\":428,\"caption\":\"Koonings\"},\"image\":{\"@id\":\"https:\\\/\\\/www.koonings.com\\\/de\\\/#\\\/schema\\\/logo\\\/image\\\/\"},\"sameAs\":[\"https:\\\/\\\/www.facebook.com\\\/kooningstheweddingpalace\",\"https:\\\/\\\/www.instagram.com\\\/kooningstheweddingpalace\",\"https:\\\/\\\/www.pinterest.com\\\/koonings\",\"https:\\\/\\\/www.youtube.com\\\/kooningstheweddingpalace\"]}]}<\/script>\n<!-- \/ Yoast SEO plugin. -->","yoast_head_json":{"title":"Ramona Koonings Couture KN2565 Ursula | Koonings","description":"Das elegante Ursula Hochzeitskleid von Ramona Koonings Couture. Das Ursula Hochzeitskleid von Ramona Koonings Couture, das exklusiv bei Koonings The Wedding Palace erh\u00e4ltlich ist, ist die perfekte Wahl f\u00fcr die Braut, die einen klassischen und doch sexy Look sucht. Dieses Couture-Kleid hat eine A-Linien-Passform, die sanft \u00fcber den K\u00f6rper f\u00e4llt und einen eleganten und raffinierten Look kreiert. Der V-Ausschnitt und das tiefe Dekollet\u00e9 verleihen dem Kleid einen k\u00fchnen, aber raffinierten sexy Touch. Die langen Puff\u00e4rmel aus T\u00fcll verleihen dem Kleid eine romantische und m\u00e4rchenhafte Note, w\u00e4hrend die Farbe Elfenbein dem Kleid einen zeitlosen Look verleiht. Das Hochzeitskleid Ursula verbindet klassische Sch\u00f6nheit mit modernem Flair und ist damit die perfekte Wahl f\u00fcr die Braut, die in einem Kleid gl\u00e4nzen m\u00f6chte, das elegant und verf\u00fchrerisch zugleich ist. Dieses Couture-Kleid ist ideal f\u00fcr die Braut, die einen romantischen, sexy und raffinierten Look sucht, mit luftigen T\u00fcll\u00e4rmeln und einem Statement-Ausschnitt. Entdecken Sie das Ursula Brautkleid von Ramona Koonings Couture bei Koonings The Wedding Palace und f\u00fchlen Sie sich selbstbewusst und atemberaubend an Ihrem sch\u00f6nsten Tag.","robots":{"index":"index","follow":"follow","max-snippet":"max-snippet:-1","max-image-preview":"max-image-preview:large","max-video-preview":"max-video-preview:-1"},"canonical":"https:\/\/www.koonings.com\/de\/product\/ramona-koonings-couture-kn2565-ursula\/","og_locale":"de_DE","og_type":"article","og_title":"Ramona Koonings Couture KN2565 Ursula | Koonings","og_description":"Das elegante Ursula Hochzeitskleid von Ramona Koonings Couture. Das Ursula Hochzeitskleid von Ramona Koonings Couture, das exklusiv bei Koonings The Wedding Palace erh\u00e4ltlich ist, ist die perfekte Wahl f\u00fcr die Braut, die einen klassischen und doch sexy Look sucht. Dieses Couture-Kleid hat eine A-Linien-Passform, die sanft \u00fcber den K\u00f6rper f\u00e4llt und einen eleganten und raffinierten Look kreiert. Der V-Ausschnitt und das tiefe Dekollet\u00e9 verleihen dem Kleid einen k\u00fchnen, aber raffinierten sexy Touch. Die langen Puff\u00e4rmel aus T\u00fcll verleihen dem Kleid eine romantische und m\u00e4rchenhafte Note, w\u00e4hrend die Farbe Elfenbein dem Kleid einen zeitlosen Look verleiht. Das Hochzeitskleid Ursula verbindet klassische Sch\u00f6nheit mit modernem Flair und ist damit die perfekte Wahl f\u00fcr die Braut, die in einem Kleid gl\u00e4nzen m\u00f6chte, das elegant und verf\u00fchrerisch zugleich ist. Dieses Couture-Kleid ist ideal f\u00fcr die Braut, die einen romantischen, sexy und raffinierten Look sucht, mit luftigen T\u00fcll\u00e4rmeln und einem Statement-Ausschnitt. Entdecken Sie das Ursula Brautkleid von Ramona Koonings Couture bei Koonings The Wedding Palace und f\u00fchlen Sie sich selbstbewusst und atemberaubend an Ihrem sch\u00f6nsten Tag.","og_url":"https:\/\/www.koonings.com\/de\/product\/ramona-koonings-couture-kn2565-ursula\/","og_site_name":"Koonings","article_publisher":"https:\/\/www.facebook.com\/kooningstheweddingpalace","og_image":[{"width":1814,"height":2560,"url":"https:\/\/www.koonings.com\/wp-content\/uploads\/2025\/03\/40011_f65854e1a99e5e7175664c38378a0170252acd86b197f58f2cd1ae944a9e404244c9ac36-scaled.jpeg","type":"image\/jpeg"}],"twitter_card":"summary_large_image","twitter_misc":{"Gesch\u00e4tzte Lesezeit":"1\u00a0Minute"},"schema":{"@context":"https:\/\/schema.org","@graph":[{"@type":"WebPage","@id":"https:\/\/www.koonings.com\/de\/product\/ramona-koonings-couture-kn2565-ursula\/","url":"https:\/\/www.koonings.com\/de\/product\/ramona-koonings-couture-kn2565-ursula\/","name":"Ramona Koonings Couture KN2565 Ursula | Koonings","isPartOf":{"@id":"https:\/\/www.koonings.com\/de\/#website"},"primaryImageOfPage":{"@id":"https:\/\/www.koonings.com\/de\/product\/ramona-koonings-couture-kn2565-ursula\/#primaryimage"},"image":{"@id":"https:\/\/www.koonings.com\/de\/product\/ramona-koonings-couture-kn2565-ursula\/#primaryimage"},"thumbnailUrl":"https:\/\/www.koonings.com\/wp-content\/uploads\/2025\/03\/40011_f65854e1a99e5e7175664c38378a0170252acd86b197f58f2cd1ae944a9e404244c9ac36-scaled.jpeg","datePublished":"2026-04-28T16:16:21+00:00","description":"Das elegante Ursula Hochzeitskleid von Ramona Koonings Couture. Das Ursula Hochzeitskleid von Ramona Koonings Couture, das exklusiv bei Koonings The Wedding Palace erh\u00e4ltlich ist, ist die perfekte Wahl f\u00fcr die Braut, die einen klassischen und doch sexy Look sucht. Dieses Couture-Kleid hat eine A-Linien-Passform, die sanft \u00fcber den K\u00f6rper f\u00e4llt und einen eleganten und raffinierten Look kreiert. Der V-Ausschnitt und das tiefe Dekollet\u00e9 verleihen dem Kleid einen k\u00fchnen, aber raffinierten sexy Touch. Die langen Puff\u00e4rmel aus T\u00fcll verleihen dem Kleid eine romantische und m\u00e4rchenhafte Note, w\u00e4hrend die Farbe Elfenbein dem Kleid einen zeitlosen Look verleiht. Das Hochzeitskleid Ursula verbindet klassische Sch\u00f6nheit mit modernem Flair und ist damit die perfekte Wahl f\u00fcr die Braut, die in einem Kleid gl\u00e4nzen m\u00f6chte, das elegant und verf\u00fchrerisch zugleich ist. Dieses Couture-Kleid ist ideal f\u00fcr die Braut, die einen romantischen, sexy und raffinierten Look sucht, mit luftigen T\u00fcll\u00e4rmeln und einem Statement-Ausschnitt. Entdecken Sie das Ursula Brautkleid von Ramona Koonings Couture bei Koonings The Wedding Palace und f\u00fchlen Sie sich selbstbewusst und atemberaubend an Ihrem sch\u00f6nsten Tag.","breadcrumb":{"@id":"https:\/\/www.koonings.com\/de\/product\/ramona-koonings-couture-kn2565-ursula\/#breadcrumb"},"inLanguage":"de","potentialAction":[{"@type":"ReadAction","target":["https:\/\/www.koonings.com\/de\/product\/ramona-koonings-couture-kn2565-ursula\/"]}]},{"@type":"ImageObject","inLanguage":"de","@id":"https:\/\/www.koonings.com\/de\/product\/ramona-koonings-couture-kn2565-ursula\/#primaryimage","url":"https:\/\/www.koonings.com\/wp-content\/uploads\/2025\/03\/40011_f65854e1a99e5e7175664c38378a0170252acd86b197f58f2cd1ae944a9e404244c9ac36-scaled.jpeg","contentUrl":"https:\/\/www.koonings.com\/wp-content\/uploads\/2025\/03\/40011_f65854e1a99e5e7175664c38378a0170252acd86b197f58f2cd1ae944a9e404244c9ac36-scaled.jpeg","width":1814,"height":2560},{"@type":"BreadcrumbList","@id":"https:\/\/www.koonings.com\/de\/product\/ramona-koonings-couture-kn2565-ursula\/#breadcrumb","itemListElement":[{"@type":"ListItem","position":1,"name":"Home","item":"https:\/\/www.koonings.com\/de\/"},{"@type":"ListItem","position":2,"name":"Ramona Koonings Couture KN2565 Ursula"}]},{"@type":"WebSite","@id":"https:\/\/www.koonings.com\/de\/#website","url":"https:\/\/www.koonings.com\/de\/","name":"Koonings","description":"De grootste bruidsmodewinkel ter wereld","publisher":{"@id":"https:\/\/www.koonings.com\/de\/#organization"},"potentialAction":[{"@type":"SearchAction","target":{"@type":"EntryPoint","urlTemplate":"https:\/\/www.koonings.com\/de\/?s={search_term_string}"},"query-input":{"@type":"PropertyValueSpecification","valueRequired":true,"valueName":"search_term_string"}}],"inLanguage":"de"},{"@type":"Organization","@id":"https:\/\/www.koonings.com\/de\/#organization","name":"Koonings","url":"https:\/\/www.koonings.com\/de\/","logo":{"@type":"ImageObject","inLanguage":"de","@id":"https:\/\/www.koonings.com\/de\/#\/schema\/logo\/image\/","url":"https:\/\/www.koonings.com\/wp-content\/uploads\/2024\/07\/logo.png","contentUrl":"https:\/\/www.koonings.com\/wp-content\/uploads\/2024\/07\/logo.png","width":600,"height":428,"caption":"Koonings"},"image":{"@id":"https:\/\/www.koonings.com\/de\/#\/schema\/logo\/image\/"},"sameAs":["https:\/\/www.facebook.com\/kooningstheweddingpalace","https:\/\/www.instagram.com\/kooningstheweddingpalace","https:\/\/www.pinterest.com\/koonings","https:\/\/www.youtube.com\/kooningstheweddingpalace"]}]}},"_links":{"self":[{"href":"https:\/\/www.koonings.com\/de\/wp-json\/wp\/v2\/product\/85024","targetHints":{"allow":["GET"]}}],"collection":[{"href":"https:\/\/www.koonings.com\/de\/wp-json\/wp\/v2\/product"}],"about":[{"href":"https:\/\/www.koonings.com\/de\/wp-json\/wp\/v2\/types\/product"}],"wp:featuredmedia":[{"embeddable":true,"href":"https:\/\/www.koonings.com\/de\/wp-json\/wp\/v2\/media\/83000"}],"wp:attachment":[{"href":"https:\/\/www.koonings.com\/de\/wp-json\/wp\/v2\/media?parent=85024"}],"wp:term":[{"taxonomy":"productdetails","embeddable":true,"href":"https:\/\/www.koonings.com\/de\/wp-json\/wp\/v2\/productdetails?post=85024"},{"taxonomy":"productneck","embeddable":true,"href":"https:\/\/www.koonings.com\/de\/wp-json\/wp\/v2\/productneck?post=85024"},{"taxonomy":"productcolor","embeddable":true,"href":"https:\/\/www.koonings.com\/de\/wp-json\/wp\/v2\/productcolor?post=85024"},{"taxonomy":"maat","embeddable":true,"href":"https:\/\/www.koonings.com\/de\/wp-json\/wp\/v2\/maat?post=85024"},{"taxonomy":"productsupplier","embeddable":true,"href":"https:\/\/www.koonings.com\/de\/wp-json\/wp\/v2\/productsupplier?post=85024"},{"taxonomy":"productsleeve","embeddable":true,"href":"https:\/\/www.koonings.com\/de\/wp-json\/wp\/v2\/productsleeve?post=85024"},{"taxonomy":"productcategory","embeddable":true,"href":"https:\/\/www.koonings.com\/de\/wp-json\/wp\/v2\/productcategory?post=85024"},{"taxonomy":"productsilhouette","embeddable":true,"href":"https:\/\/www.koonings.com\/de\/wp-json\/wp\/v2\/productsilhouette?post=85024"},{"taxonomy":"productstyle","embeddable":true,"href":"https:\/\/www.koonings.com\/de\/wp-json\/wp\/v2\/productstyle?post=85024"}],"curies":[{"name":"wp","href":"https:\/\/api.w.org\/{rel}","templated":true}]}}