{"id":85010,"date":"2026-04-28T18:16:23","date_gmt":"2026-04-28T16:16:23","guid":{"rendered":"https:\/\/www.koonings.com\/product\/ramona-koonings-couture-kn2530-mata\/"},"modified":"2026-02-16T15:13:12","modified_gmt":"2026-02-16T14:13:12","slug":"ramona-koonings-couture-kn2530-mata","status":"publish","type":"product","link":"https:\/\/www.koonings.com\/de\/product\/ramona-koonings-couture-kn2530-mata\/","title":{"rendered":"Ramona Koonings Couture KN2530 Mata"},"content":{"rendered":"<p>Das zeitlose Mata Hochzeitskleid von Ramona Koonings Couture.<br \/>\nDas Mata Hochzeitskleid von Ramona Koonings Couture, das exklusiv bei Koonings The Wedding Palace erh\u00e4ltlich ist, ist die perfekte Wahl f\u00fcr die Braut, die klassische Eleganz und anspruchsvolle Couture liebt. Dieses Couture-Kleid kombiniert ein zeitloses Design mit luxuri\u00f6sen Details und verleiht Ihnen einen atemberaubenden Look an Ihrem gro\u00dfen Tag.<br \/>\nMit seiner A-Linien-Passform f\u00e4llt das Kleid schmeichelhaft am K\u00f6rper entlang und sorgt f\u00fcr einen anmutigen und raffinierten Look. Der tr\u00e4gerlose, herzf\u00f6rmige Ausschnitt betont das Dekollet\u00e9 auf subtile, romantische Weise. Die langen \u00c4rmel sorgen f\u00fcr einen zus\u00e4tzlichen Hauch von Eleganz und verleihen dem Kleid einen klassischen, schicken Look.<br \/>\nDie elfenbeinfarbene Farbe macht das Kleid besonders weich und romantisch, w\u00e4hrend die hochwertige Couture-Verarbeitung f\u00fcr einen luxuri\u00f6sen und raffinierten Look sorgt. Dieses Kleid ist perfekt f\u00fcr die Braut, die einen zeitlosen und raffinierten Look sucht, der sowohl romantisch als auch klassisch ist.<br \/>\nEntdecken Sie das Mata Brautkleid von Ramona Koonings Couture bei Koonings The Wedding Palace und f\u00fchlen Sie sich an Ihrem sch\u00f6nsten Tag wie eine wahre K\u00f6nigin.    <\/p>\n","protected":false},"featured_media":83102,"template":"","meta":{"_acf_changed":false,"ghostkit_customizer_options":"","ghostkit_custom_css":"","ghostkit_custom_js_head":"","ghostkit_custom_js_foot":"","ghostkit_typography":""},"productdetails":[],"productneck":[354,355],"productcolor":[392],"maat":[],"productsupplier":[419],"productsleeve":[362],"productcategory":[18],"productsilhouette":[384],"productstyle":[367,369],"class_list":["post-85010","product","type-product","status-publish","has-post-thumbnail","hentry","productneck-354","productneck-355","productcolor-392","productsupplier-ramona-koonings-couture","productsleeve-362","productcategory-trouwjurken","productsilhouette-384","productstyle-367","productstyle-369"],"acf":[],"yoast_head":"<!-- This site is optimized with the Yoast SEO plugin v27.3 - https:\/\/yoast.com\/product\/yoast-seo-wordpress\/ -->\n<title>Ramona Koonings Couture KN2530 Mata | Koonings<\/title>\n<meta name=\"description\" content=\"Das zeitlose Mata Hochzeitskleid von Ramona Koonings Couture. Das Mata Hochzeitskleid von Ramona Koonings Couture, das exklusiv bei Koonings The Wedding Palace erh\u00e4ltlich ist, ist die perfekte Wahl f\u00fcr die Braut, die klassische Eleganz und anspruchsvolle Couture liebt. Dieses Couture-Kleid kombiniert ein zeitloses Design mit luxuri\u00f6sen Details und verleiht Ihnen einen atemberaubenden Look an Ihrem gro\u00dfen Tag. Mit seiner A-Linien-Passform f\u00e4llt das Kleid schmeichelhaft am K\u00f6rper entlang und sorgt f\u00fcr einen anmutigen und raffinierten Look. Der tr\u00e4gerlose, herzf\u00f6rmige Ausschnitt betont das Dekollet\u00e9 auf subtile, romantische Weise. Die langen \u00c4rmel sorgen f\u00fcr einen zus\u00e4tzlichen Hauch von Eleganz und verleihen dem Kleid einen klassischen, schicken Look. Die elfenbeinfarbene Farbe macht das Kleid besonders weich und romantisch, w\u00e4hrend die hochwertige Couture-Verarbeitung f\u00fcr einen luxuri\u00f6sen und raffinierten Look sorgt. Dieses Kleid ist perfekt f\u00fcr die Braut, die einen zeitlosen und raffinierten Look sucht, der sowohl romantisch als auch klassisch ist. Entdecken Sie das Mata Brautkleid von Ramona Koonings Couture bei Koonings The Wedding Palace und f\u00fchlen Sie sich an Ihrem sch\u00f6nsten Tag wie eine wahre K\u00f6nigin.\" \/>\n<meta name=\"robots\" content=\"index, follow, max-snippet:-1, max-image-preview:large, max-video-preview:-1\" \/>\n<link rel=\"canonical\" href=\"https:\/\/www.koonings.com\/de\/product\/ramona-koonings-couture-kn2530-mata\/\" \/>\n<meta property=\"og:locale\" content=\"de_DE\" \/>\n<meta property=\"og:type\" content=\"article\" \/>\n<meta property=\"og:title\" content=\"Ramona Koonings Couture KN2530 Mata | Koonings\" \/>\n<meta property=\"og:description\" content=\"Das zeitlose Mata Hochzeitskleid von Ramona Koonings Couture. Das Mata Hochzeitskleid von Ramona Koonings Couture, das exklusiv bei Koonings The Wedding Palace erh\u00e4ltlich ist, ist die perfekte Wahl f\u00fcr die Braut, die klassische Eleganz und anspruchsvolle Couture liebt. Dieses Couture-Kleid kombiniert ein zeitloses Design mit luxuri\u00f6sen Details und verleiht Ihnen einen atemberaubenden Look an Ihrem gro\u00dfen Tag. Mit seiner A-Linien-Passform f\u00e4llt das Kleid schmeichelhaft am K\u00f6rper entlang und sorgt f\u00fcr einen anmutigen und raffinierten Look. Der tr\u00e4gerlose, herzf\u00f6rmige Ausschnitt betont das Dekollet\u00e9 auf subtile, romantische Weise. Die langen \u00c4rmel sorgen f\u00fcr einen zus\u00e4tzlichen Hauch von Eleganz und verleihen dem Kleid einen klassischen, schicken Look. Die elfenbeinfarbene Farbe macht das Kleid besonders weich und romantisch, w\u00e4hrend die hochwertige Couture-Verarbeitung f\u00fcr einen luxuri\u00f6sen und raffinierten Look sorgt. Dieses Kleid ist perfekt f\u00fcr die Braut, die einen zeitlosen und raffinierten Look sucht, der sowohl romantisch als auch klassisch ist. Entdecken Sie das Mata Brautkleid von Ramona Koonings Couture bei Koonings The Wedding Palace und f\u00fchlen Sie sich an Ihrem sch\u00f6nsten Tag wie eine wahre K\u00f6nigin.\" \/>\n<meta property=\"og:url\" content=\"https:\/\/www.koonings.com\/de\/product\/ramona-koonings-couture-kn2530-mata\/\" \/>\n<meta property=\"og:site_name\" content=\"Koonings\" \/>\n<meta property=\"article:publisher\" content=\"https:\/\/www.facebook.com\/kooningstheweddingpalace\" \/>\n<meta property=\"og:image\" content=\"https:\/\/www.koonings.com\/wp-content\/uploads\/2025\/03\/40021_cca72f6b1be5e36e3ddf5c745c2a8b8ba4143b6b723cfa280fec0ce6fefc31a6d999d8df-scaled.jpeg\" \/>\n\t<meta property=\"og:image:width\" content=\"1810\" \/>\n\t<meta property=\"og:image:height\" content=\"2560\" \/>\n\t<meta property=\"og:image:type\" content=\"image\/jpeg\" \/>\n<meta name=\"twitter:card\" content=\"summary_large_image\" \/>\n<meta name=\"twitter:label1\" content=\"Gesch\u00e4tzte Lesezeit\" \/>\n\t<meta name=\"twitter:data1\" content=\"1\u00a0Minute\" \/>\n<script type=\"application\/ld+json\" class=\"yoast-schema-graph\">{\"@context\":\"https:\\\/\\\/schema.org\",\"@graph\":[{\"@type\":\"WebPage\",\"@id\":\"https:\\\/\\\/www.koonings.com\\\/de\\\/product\\\/ramona-koonings-couture-kn2530-mata\\\/\",\"url\":\"https:\\\/\\\/www.koonings.com\\\/de\\\/product\\\/ramona-koonings-couture-kn2530-mata\\\/\",\"name\":\"Ramona Koonings Couture KN2530 Mata | Koonings\",\"isPartOf\":{\"@id\":\"https:\\\/\\\/www.koonings.com\\\/de\\\/#website\"},\"primaryImageOfPage\":{\"@id\":\"https:\\\/\\\/www.koonings.com\\\/de\\\/product\\\/ramona-koonings-couture-kn2530-mata\\\/#primaryimage\"},\"image\":{\"@id\":\"https:\\\/\\\/www.koonings.com\\\/de\\\/product\\\/ramona-koonings-couture-kn2530-mata\\\/#primaryimage\"},\"thumbnailUrl\":\"https:\\\/\\\/www.koonings.com\\\/wp-content\\\/uploads\\\/2025\\\/03\\\/40021_cca72f6b1be5e36e3ddf5c745c2a8b8ba4143b6b723cfa280fec0ce6fefc31a6d999d8df-scaled.jpeg\",\"datePublished\":\"2026-04-28T16:16:23+00:00\",\"description\":\"Das zeitlose Mata Hochzeitskleid von Ramona Koonings Couture. Das Mata Hochzeitskleid von Ramona Koonings Couture, das exklusiv bei Koonings The Wedding Palace erh\u00e4ltlich ist, ist die perfekte Wahl f\u00fcr die Braut, die klassische Eleganz und anspruchsvolle Couture liebt. Dieses Couture-Kleid kombiniert ein zeitloses Design mit luxuri\u00f6sen Details und verleiht Ihnen einen atemberaubenden Look an Ihrem gro\u00dfen Tag. Mit seiner A-Linien-Passform f\u00e4llt das Kleid schmeichelhaft am K\u00f6rper entlang und sorgt f\u00fcr einen anmutigen und raffinierten Look. Der tr\u00e4gerlose, herzf\u00f6rmige Ausschnitt betont das Dekollet\u00e9 auf subtile, romantische Weise. Die langen \u00c4rmel sorgen f\u00fcr einen zus\u00e4tzlichen Hauch von Eleganz und verleihen dem Kleid einen klassischen, schicken Look. Die elfenbeinfarbene Farbe macht das Kleid besonders weich und romantisch, w\u00e4hrend die hochwertige Couture-Verarbeitung f\u00fcr einen luxuri\u00f6sen und raffinierten Look sorgt. Dieses Kleid ist perfekt f\u00fcr die Braut, die einen zeitlosen und raffinierten Look sucht, der sowohl romantisch als auch klassisch ist. Entdecken Sie das Mata Brautkleid von Ramona Koonings Couture bei Koonings The Wedding Palace und f\u00fchlen Sie sich an Ihrem sch\u00f6nsten Tag wie eine wahre K\u00f6nigin.\",\"breadcrumb\":{\"@id\":\"https:\\\/\\\/www.koonings.com\\\/de\\\/product\\\/ramona-koonings-couture-kn2530-mata\\\/#breadcrumb\"},\"inLanguage\":\"de\",\"potentialAction\":[{\"@type\":\"ReadAction\",\"target\":[\"https:\\\/\\\/www.koonings.com\\\/de\\\/product\\\/ramona-koonings-couture-kn2530-mata\\\/\"]}]},{\"@type\":\"ImageObject\",\"inLanguage\":\"de\",\"@id\":\"https:\\\/\\\/www.koonings.com\\\/de\\\/product\\\/ramona-koonings-couture-kn2530-mata\\\/#primaryimage\",\"url\":\"https:\\\/\\\/www.koonings.com\\\/wp-content\\\/uploads\\\/2025\\\/03\\\/40021_cca72f6b1be5e36e3ddf5c745c2a8b8ba4143b6b723cfa280fec0ce6fefc31a6d999d8df-scaled.jpeg\",\"contentUrl\":\"https:\\\/\\\/www.koonings.com\\\/wp-content\\\/uploads\\\/2025\\\/03\\\/40021_cca72f6b1be5e36e3ddf5c745c2a8b8ba4143b6b723cfa280fec0ce6fefc31a6d999d8df-scaled.jpeg\",\"width\":1810,\"height\":2560},{\"@type\":\"BreadcrumbList\",\"@id\":\"https:\\\/\\\/www.koonings.com\\\/de\\\/product\\\/ramona-koonings-couture-kn2530-mata\\\/#breadcrumb\",\"itemListElement\":[{\"@type\":\"ListItem\",\"position\":1,\"name\":\"Home\",\"item\":\"https:\\\/\\\/www.koonings.com\\\/de\\\/\"},{\"@type\":\"ListItem\",\"position\":2,\"name\":\"Ramona Koonings Couture KN2530 Mata\"}]},{\"@type\":\"WebSite\",\"@id\":\"https:\\\/\\\/www.koonings.com\\\/de\\\/#website\",\"url\":\"https:\\\/\\\/www.koonings.com\\\/de\\\/\",\"name\":\"Koonings\",\"description\":\"De grootste bruidsmodewinkel ter wereld\",\"publisher\":{\"@id\":\"https:\\\/\\\/www.koonings.com\\\/de\\\/#organization\"},\"potentialAction\":[{\"@type\":\"SearchAction\",\"target\":{\"@type\":\"EntryPoint\",\"urlTemplate\":\"https:\\\/\\\/www.koonings.com\\\/de\\\/?s={search_term_string}\"},\"query-input\":{\"@type\":\"PropertyValueSpecification\",\"valueRequired\":true,\"valueName\":\"search_term_string\"}}],\"inLanguage\":\"de\"},{\"@type\":\"Organization\",\"@id\":\"https:\\\/\\\/www.koonings.com\\\/de\\\/#organization\",\"name\":\"Koonings\",\"url\":\"https:\\\/\\\/www.koonings.com\\\/de\\\/\",\"logo\":{\"@type\":\"ImageObject\",\"inLanguage\":\"de\",\"@id\":\"https:\\\/\\\/www.koonings.com\\\/de\\\/#\\\/schema\\\/logo\\\/image\\\/\",\"url\":\"https:\\\/\\\/www.koonings.com\\\/wp-content\\\/uploads\\\/2024\\\/07\\\/logo.png\",\"contentUrl\":\"https:\\\/\\\/www.koonings.com\\\/wp-content\\\/uploads\\\/2024\\\/07\\\/logo.png\",\"width\":600,\"height\":428,\"caption\":\"Koonings\"},\"image\":{\"@id\":\"https:\\\/\\\/www.koonings.com\\\/de\\\/#\\\/schema\\\/logo\\\/image\\\/\"},\"sameAs\":[\"https:\\\/\\\/www.facebook.com\\\/kooningstheweddingpalace\",\"https:\\\/\\\/www.instagram.com\\\/kooningstheweddingpalace\",\"https:\\\/\\\/www.pinterest.com\\\/koonings\",\"https:\\\/\\\/www.youtube.com\\\/kooningstheweddingpalace\"]}]}<\/script>\n<!-- \/ Yoast SEO plugin. -->","yoast_head_json":{"title":"Ramona Koonings Couture KN2530 Mata | Koonings","description":"Das zeitlose Mata Hochzeitskleid von Ramona Koonings Couture. Das Mata Hochzeitskleid von Ramona Koonings Couture, das exklusiv bei Koonings The Wedding Palace erh\u00e4ltlich ist, ist die perfekte Wahl f\u00fcr die Braut, die klassische Eleganz und anspruchsvolle Couture liebt. Dieses Couture-Kleid kombiniert ein zeitloses Design mit luxuri\u00f6sen Details und verleiht Ihnen einen atemberaubenden Look an Ihrem gro\u00dfen Tag. Mit seiner A-Linien-Passform f\u00e4llt das Kleid schmeichelhaft am K\u00f6rper entlang und sorgt f\u00fcr einen anmutigen und raffinierten Look. Der tr\u00e4gerlose, herzf\u00f6rmige Ausschnitt betont das Dekollet\u00e9 auf subtile, romantische Weise. Die langen \u00c4rmel sorgen f\u00fcr einen zus\u00e4tzlichen Hauch von Eleganz und verleihen dem Kleid einen klassischen, schicken Look. Die elfenbeinfarbene Farbe macht das Kleid besonders weich und romantisch, w\u00e4hrend die hochwertige Couture-Verarbeitung f\u00fcr einen luxuri\u00f6sen und raffinierten Look sorgt. Dieses Kleid ist perfekt f\u00fcr die Braut, die einen zeitlosen und raffinierten Look sucht, der sowohl romantisch als auch klassisch ist. Entdecken Sie das Mata Brautkleid von Ramona Koonings Couture bei Koonings The Wedding Palace und f\u00fchlen Sie sich an Ihrem sch\u00f6nsten Tag wie eine wahre K\u00f6nigin.","robots":{"index":"index","follow":"follow","max-snippet":"max-snippet:-1","max-image-preview":"max-image-preview:large","max-video-preview":"max-video-preview:-1"},"canonical":"https:\/\/www.koonings.com\/de\/product\/ramona-koonings-couture-kn2530-mata\/","og_locale":"de_DE","og_type":"article","og_title":"Ramona Koonings Couture KN2530 Mata | Koonings","og_description":"Das zeitlose Mata Hochzeitskleid von Ramona Koonings Couture. Das Mata Hochzeitskleid von Ramona Koonings Couture, das exklusiv bei Koonings The Wedding Palace erh\u00e4ltlich ist, ist die perfekte Wahl f\u00fcr die Braut, die klassische Eleganz und anspruchsvolle Couture liebt. Dieses Couture-Kleid kombiniert ein zeitloses Design mit luxuri\u00f6sen Details und verleiht Ihnen einen atemberaubenden Look an Ihrem gro\u00dfen Tag. Mit seiner A-Linien-Passform f\u00e4llt das Kleid schmeichelhaft am K\u00f6rper entlang und sorgt f\u00fcr einen anmutigen und raffinierten Look. Der tr\u00e4gerlose, herzf\u00f6rmige Ausschnitt betont das Dekollet\u00e9 auf subtile, romantische Weise. Die langen \u00c4rmel sorgen f\u00fcr einen zus\u00e4tzlichen Hauch von Eleganz und verleihen dem Kleid einen klassischen, schicken Look. Die elfenbeinfarbene Farbe macht das Kleid besonders weich und romantisch, w\u00e4hrend die hochwertige Couture-Verarbeitung f\u00fcr einen luxuri\u00f6sen und raffinierten Look sorgt. Dieses Kleid ist perfekt f\u00fcr die Braut, die einen zeitlosen und raffinierten Look sucht, der sowohl romantisch als auch klassisch ist. Entdecken Sie das Mata Brautkleid von Ramona Koonings Couture bei Koonings The Wedding Palace und f\u00fchlen Sie sich an Ihrem sch\u00f6nsten Tag wie eine wahre K\u00f6nigin.","og_url":"https:\/\/www.koonings.com\/de\/product\/ramona-koonings-couture-kn2530-mata\/","og_site_name":"Koonings","article_publisher":"https:\/\/www.facebook.com\/kooningstheweddingpalace","og_image":[{"width":1810,"height":2560,"url":"https:\/\/www.koonings.com\/wp-content\/uploads\/2025\/03\/40021_cca72f6b1be5e36e3ddf5c745c2a8b8ba4143b6b723cfa280fec0ce6fefc31a6d999d8df-scaled.jpeg","type":"image\/jpeg"}],"twitter_card":"summary_large_image","twitter_misc":{"Gesch\u00e4tzte Lesezeit":"1\u00a0Minute"},"schema":{"@context":"https:\/\/schema.org","@graph":[{"@type":"WebPage","@id":"https:\/\/www.koonings.com\/de\/product\/ramona-koonings-couture-kn2530-mata\/","url":"https:\/\/www.koonings.com\/de\/product\/ramona-koonings-couture-kn2530-mata\/","name":"Ramona Koonings Couture KN2530 Mata | Koonings","isPartOf":{"@id":"https:\/\/www.koonings.com\/de\/#website"},"primaryImageOfPage":{"@id":"https:\/\/www.koonings.com\/de\/product\/ramona-koonings-couture-kn2530-mata\/#primaryimage"},"image":{"@id":"https:\/\/www.koonings.com\/de\/product\/ramona-koonings-couture-kn2530-mata\/#primaryimage"},"thumbnailUrl":"https:\/\/www.koonings.com\/wp-content\/uploads\/2025\/03\/40021_cca72f6b1be5e36e3ddf5c745c2a8b8ba4143b6b723cfa280fec0ce6fefc31a6d999d8df-scaled.jpeg","datePublished":"2026-04-28T16:16:23+00:00","description":"Das zeitlose Mata Hochzeitskleid von Ramona Koonings Couture. Das Mata Hochzeitskleid von Ramona Koonings Couture, das exklusiv bei Koonings The Wedding Palace erh\u00e4ltlich ist, ist die perfekte Wahl f\u00fcr die Braut, die klassische Eleganz und anspruchsvolle Couture liebt. Dieses Couture-Kleid kombiniert ein zeitloses Design mit luxuri\u00f6sen Details und verleiht Ihnen einen atemberaubenden Look an Ihrem gro\u00dfen Tag. Mit seiner A-Linien-Passform f\u00e4llt das Kleid schmeichelhaft am K\u00f6rper entlang und sorgt f\u00fcr einen anmutigen und raffinierten Look. Der tr\u00e4gerlose, herzf\u00f6rmige Ausschnitt betont das Dekollet\u00e9 auf subtile, romantische Weise. Die langen \u00c4rmel sorgen f\u00fcr einen zus\u00e4tzlichen Hauch von Eleganz und verleihen dem Kleid einen klassischen, schicken Look. Die elfenbeinfarbene Farbe macht das Kleid besonders weich und romantisch, w\u00e4hrend die hochwertige Couture-Verarbeitung f\u00fcr einen luxuri\u00f6sen und raffinierten Look sorgt. Dieses Kleid ist perfekt f\u00fcr die Braut, die einen zeitlosen und raffinierten Look sucht, der sowohl romantisch als auch klassisch ist. Entdecken Sie das Mata Brautkleid von Ramona Koonings Couture bei Koonings The Wedding Palace und f\u00fchlen Sie sich an Ihrem sch\u00f6nsten Tag wie eine wahre K\u00f6nigin.","breadcrumb":{"@id":"https:\/\/www.koonings.com\/de\/product\/ramona-koonings-couture-kn2530-mata\/#breadcrumb"},"inLanguage":"de","potentialAction":[{"@type":"ReadAction","target":["https:\/\/www.koonings.com\/de\/product\/ramona-koonings-couture-kn2530-mata\/"]}]},{"@type":"ImageObject","inLanguage":"de","@id":"https:\/\/www.koonings.com\/de\/product\/ramona-koonings-couture-kn2530-mata\/#primaryimage","url":"https:\/\/www.koonings.com\/wp-content\/uploads\/2025\/03\/40021_cca72f6b1be5e36e3ddf5c745c2a8b8ba4143b6b723cfa280fec0ce6fefc31a6d999d8df-scaled.jpeg","contentUrl":"https:\/\/www.koonings.com\/wp-content\/uploads\/2025\/03\/40021_cca72f6b1be5e36e3ddf5c745c2a8b8ba4143b6b723cfa280fec0ce6fefc31a6d999d8df-scaled.jpeg","width":1810,"height":2560},{"@type":"BreadcrumbList","@id":"https:\/\/www.koonings.com\/de\/product\/ramona-koonings-couture-kn2530-mata\/#breadcrumb","itemListElement":[{"@type":"ListItem","position":1,"name":"Home","item":"https:\/\/www.koonings.com\/de\/"},{"@type":"ListItem","position":2,"name":"Ramona Koonings Couture KN2530 Mata"}]},{"@type":"WebSite","@id":"https:\/\/www.koonings.com\/de\/#website","url":"https:\/\/www.koonings.com\/de\/","name":"Koonings","description":"De grootste bruidsmodewinkel ter wereld","publisher":{"@id":"https:\/\/www.koonings.com\/de\/#organization"},"potentialAction":[{"@type":"SearchAction","target":{"@type":"EntryPoint","urlTemplate":"https:\/\/www.koonings.com\/de\/?s={search_term_string}"},"query-input":{"@type":"PropertyValueSpecification","valueRequired":true,"valueName":"search_term_string"}}],"inLanguage":"de"},{"@type":"Organization","@id":"https:\/\/www.koonings.com\/de\/#organization","name":"Koonings","url":"https:\/\/www.koonings.com\/de\/","logo":{"@type":"ImageObject","inLanguage":"de","@id":"https:\/\/www.koonings.com\/de\/#\/schema\/logo\/image\/","url":"https:\/\/www.koonings.com\/wp-content\/uploads\/2024\/07\/logo.png","contentUrl":"https:\/\/www.koonings.com\/wp-content\/uploads\/2024\/07\/logo.png","width":600,"height":428,"caption":"Koonings"},"image":{"@id":"https:\/\/www.koonings.com\/de\/#\/schema\/logo\/image\/"},"sameAs":["https:\/\/www.facebook.com\/kooningstheweddingpalace","https:\/\/www.instagram.com\/kooningstheweddingpalace","https:\/\/www.pinterest.com\/koonings","https:\/\/www.youtube.com\/kooningstheweddingpalace"]}]}},"_links":{"self":[{"href":"https:\/\/www.koonings.com\/de\/wp-json\/wp\/v2\/product\/85010","targetHints":{"allow":["GET"]}}],"collection":[{"href":"https:\/\/www.koonings.com\/de\/wp-json\/wp\/v2\/product"}],"about":[{"href":"https:\/\/www.koonings.com\/de\/wp-json\/wp\/v2\/types\/product"}],"wp:featuredmedia":[{"embeddable":true,"href":"https:\/\/www.koonings.com\/de\/wp-json\/wp\/v2\/media\/83102"}],"wp:attachment":[{"href":"https:\/\/www.koonings.com\/de\/wp-json\/wp\/v2\/media?parent=85010"}],"wp:term":[{"taxonomy":"productdetails","embeddable":true,"href":"https:\/\/www.koonings.com\/de\/wp-json\/wp\/v2\/productdetails?post=85010"},{"taxonomy":"productneck","embeddable":true,"href":"https:\/\/www.koonings.com\/de\/wp-json\/wp\/v2\/productneck?post=85010"},{"taxonomy":"productcolor","embeddable":true,"href":"https:\/\/www.koonings.com\/de\/wp-json\/wp\/v2\/productcolor?post=85010"},{"taxonomy":"maat","embeddable":true,"href":"https:\/\/www.koonings.com\/de\/wp-json\/wp\/v2\/maat?post=85010"},{"taxonomy":"productsupplier","embeddable":true,"href":"https:\/\/www.koonings.com\/de\/wp-json\/wp\/v2\/productsupplier?post=85010"},{"taxonomy":"productsleeve","embeddable":true,"href":"https:\/\/www.koonings.com\/de\/wp-json\/wp\/v2\/productsleeve?post=85010"},{"taxonomy":"productcategory","embeddable":true,"href":"https:\/\/www.koonings.com\/de\/wp-json\/wp\/v2\/productcategory?post=85010"},{"taxonomy":"productsilhouette","embeddable":true,"href":"https:\/\/www.koonings.com\/de\/wp-json\/wp\/v2\/productsilhouette?post=85010"},{"taxonomy":"productstyle","embeddable":true,"href":"https:\/\/www.koonings.com\/de\/wp-json\/wp\/v2\/productstyle?post=85010"}],"curies":[{"name":"wp","href":"https:\/\/api.w.org\/{rel}","templated":true}]}}