{"id":85006,"date":"2026-04-14T16:18:04","date_gmt":"2026-04-14T14:18:04","guid":{"rendered":"https:\/\/www.koonings.com\/product\/ramona-koonings-couture-kn2535-yayoi\/"},"modified":"2025-06-05T13:58:51","modified_gmt":"2025-06-05T11:58:51","slug":"ramona-koonings-couture-kn2535-yayoi","status":"publish","type":"product","link":"https:\/\/www.koonings.com\/de\/product\/ramona-koonings-couture-kn2535-yayoi\/","title":{"rendered":"Ramona Koonings Couture KN2535 Yayoi"},"content":{"rendered":"<p>Das elegante Yayoi Hochzeitskleid von Ramona Koonings Couture.<br \/>\nDas Yayoi Hochzeitskleid von Ramona Koonings Couture, das exklusiv bei Koonings The Wedding Palace erh\u00e4ltlich ist, ist die perfekte Wahl f\u00fcr die Braut, die klassische Eleganz mit einem romantischen Twist liebt. Dieses Couture-Kleid ist in A-Linie geschnitten und hat einen herzf\u00f6rmigen Ausschnitt, der das Dekollet\u00e9 wundersch\u00f6n zur Geltung bringt. Die luxuri\u00f6sen Tr\u00e4ger und der zarte Elfenbein-\/Ros\u00e9-Ton machen das Kleid besonders raffiniert. Mit 3D-Blumen auf dem Kleid und aus luftigem T\u00fcll gefertigt, strahlt das Yayoi zeitlose, romantische Sch\u00f6nheit aus. Perfekt f\u00fcr die Braut, die nach einem Couture-Design mit einem raffinierten Look sucht.    <\/p>\n","protected":false},"featured_media":83068,"template":"","meta":{"_acf_changed":false,"ghostkit_customizer_options":"","ghostkit_custom_css":"","ghostkit_custom_js_head":"","ghostkit_custom_js_foot":"","ghostkit_typography":""},"productdetails":[379,381],"productneck":[355],"productcolor":[393,392],"maat":[],"productsupplier":[419],"productsleeve":[359],"productcategory":[18],"productsilhouette":[384],"productstyle":[367,366],"class_list":["post-85006","product","type-product","status-publish","has-post-thumbnail","hentry","productdetails-379","productdetails-381","productneck-355","productcolor-393","productcolor-392","productsupplier-ramona-koonings-couture","productsleeve-359","productcategory-trouwjurken","productsilhouette-384","productstyle-367","productstyle-366"],"acf":[],"yoast_head":"<!-- This site is optimized with the Yoast SEO plugin v27.3 - https:\/\/yoast.com\/product\/yoast-seo-wordpress\/ -->\n<title>Ramona Koonings Couture KN2535 Yayoi | Koonings<\/title>\n<meta name=\"description\" content=\"Das elegante Yayoi Hochzeitskleid von Ramona Koonings Couture. Das Yayoi Hochzeitskleid von Ramona Koonings Couture, das exklusiv bei Koonings The Wedding Palace erh\u00e4ltlich ist, ist die perfekte Wahl f\u00fcr die Braut, die klassische Eleganz mit einem romantischen Twist liebt. Dieses Couture-Kleid ist in A-Linie geschnitten und hat einen herzf\u00f6rmigen Ausschnitt, der das Dekollet\u00e9 wundersch\u00f6n zur Geltung bringt. Die luxuri\u00f6sen Tr\u00e4ger und der zarte Elfenbein-\/Ros\u00e9-Ton machen das Kleid besonders raffiniert. Mit 3D-Blumen auf dem Kleid und aus luftigem T\u00fcll gefertigt, strahlt das Yayoi zeitlose, romantische Sch\u00f6nheit aus. Perfekt f\u00fcr die Braut, die nach einem Couture-Design mit einem raffinierten Look sucht.\" \/>\n<meta name=\"robots\" content=\"index, follow, max-snippet:-1, max-image-preview:large, max-video-preview:-1\" \/>\n<link rel=\"canonical\" href=\"https:\/\/www.koonings.com\/de\/product\/ramona-koonings-couture-kn2535-yayoi\/\" \/>\n<meta property=\"og:locale\" content=\"de_DE\" \/>\n<meta property=\"og:type\" content=\"article\" \/>\n<meta property=\"og:title\" content=\"Ramona Koonings Couture KN2535 Yayoi | Koonings\" \/>\n<meta property=\"og:description\" content=\"Das elegante Yayoi Hochzeitskleid von Ramona Koonings Couture. Das Yayoi Hochzeitskleid von Ramona Koonings Couture, das exklusiv bei Koonings The Wedding Palace erh\u00e4ltlich ist, ist die perfekte Wahl f\u00fcr die Braut, die klassische Eleganz mit einem romantischen Twist liebt. Dieses Couture-Kleid ist in A-Linie geschnitten und hat einen herzf\u00f6rmigen Ausschnitt, der das Dekollet\u00e9 wundersch\u00f6n zur Geltung bringt. Die luxuri\u00f6sen Tr\u00e4ger und der zarte Elfenbein-\/Ros\u00e9-Ton machen das Kleid besonders raffiniert. Mit 3D-Blumen auf dem Kleid und aus luftigem T\u00fcll gefertigt, strahlt das Yayoi zeitlose, romantische Sch\u00f6nheit aus. Perfekt f\u00fcr die Braut, die nach einem Couture-Design mit einem raffinierten Look sucht.\" \/>\n<meta property=\"og:url\" content=\"https:\/\/www.koonings.com\/de\/product\/ramona-koonings-couture-kn2535-yayoi\/\" \/>\n<meta property=\"og:site_name\" content=\"Koonings\" \/>\n<meta property=\"article:publisher\" content=\"https:\/\/www.facebook.com\/kooningstheweddingpalace\" \/>\n<meta property=\"og:image\" content=\"https:\/\/www.koonings.com\/wp-content\/uploads\/2025\/03\/40018_278c0e6bce97a66daf1b57c0756167bbfa3f4895e41fa6361b5c5c19f32486c14c4a0a7a-scaled.jpeg\" \/>\n\t<meta property=\"og:image:width\" content=\"1811\" \/>\n\t<meta property=\"og:image:height\" content=\"2560\" \/>\n\t<meta property=\"og:image:type\" content=\"image\/jpeg\" \/>\n<meta name=\"twitter:card\" content=\"summary_large_image\" \/>\n<meta name=\"twitter:label1\" content=\"Gesch\u00e4tzte Lesezeit\" \/>\n\t<meta name=\"twitter:data1\" content=\"1\u00a0Minute\" \/>\n<script type=\"application\/ld+json\" class=\"yoast-schema-graph\">{\"@context\":\"https:\\\/\\\/schema.org\",\"@graph\":[{\"@type\":\"WebPage\",\"@id\":\"https:\\\/\\\/www.koonings.com\\\/de\\\/product\\\/ramona-koonings-couture-kn2535-yayoi\\\/\",\"url\":\"https:\\\/\\\/www.koonings.com\\\/de\\\/product\\\/ramona-koonings-couture-kn2535-yayoi\\\/\",\"name\":\"Ramona Koonings Couture KN2535 Yayoi | Koonings\",\"isPartOf\":{\"@id\":\"https:\\\/\\\/www.koonings.com\\\/de\\\/#website\"},\"primaryImageOfPage\":{\"@id\":\"https:\\\/\\\/www.koonings.com\\\/de\\\/product\\\/ramona-koonings-couture-kn2535-yayoi\\\/#primaryimage\"},\"image\":{\"@id\":\"https:\\\/\\\/www.koonings.com\\\/de\\\/product\\\/ramona-koonings-couture-kn2535-yayoi\\\/#primaryimage\"},\"thumbnailUrl\":\"https:\\\/\\\/www.koonings.com\\\/wp-content\\\/uploads\\\/2025\\\/03\\\/40018_278c0e6bce97a66daf1b57c0756167bbfa3f4895e41fa6361b5c5c19f32486c14c4a0a7a-scaled.jpeg\",\"datePublished\":\"2026-04-14T14:18:04+00:00\",\"description\":\"Das elegante Yayoi Hochzeitskleid von Ramona Koonings Couture. Das Yayoi Hochzeitskleid von Ramona Koonings Couture, das exklusiv bei Koonings The Wedding Palace erh\u00e4ltlich ist, ist die perfekte Wahl f\u00fcr die Braut, die klassische Eleganz mit einem romantischen Twist liebt. Dieses Couture-Kleid ist in A-Linie geschnitten und hat einen herzf\u00f6rmigen Ausschnitt, der das Dekollet\u00e9 wundersch\u00f6n zur Geltung bringt. Die luxuri\u00f6sen Tr\u00e4ger und der zarte Elfenbein-\\\/Ros\u00e9-Ton machen das Kleid besonders raffiniert. Mit 3D-Blumen auf dem Kleid und aus luftigem T\u00fcll gefertigt, strahlt das Yayoi zeitlose, romantische Sch\u00f6nheit aus. Perfekt f\u00fcr die Braut, die nach einem Couture-Design mit einem raffinierten Look sucht.\",\"breadcrumb\":{\"@id\":\"https:\\\/\\\/www.koonings.com\\\/de\\\/product\\\/ramona-koonings-couture-kn2535-yayoi\\\/#breadcrumb\"},\"inLanguage\":\"de\",\"potentialAction\":[{\"@type\":\"ReadAction\",\"target\":[\"https:\\\/\\\/www.koonings.com\\\/de\\\/product\\\/ramona-koonings-couture-kn2535-yayoi\\\/\"]}]},{\"@type\":\"ImageObject\",\"inLanguage\":\"de\",\"@id\":\"https:\\\/\\\/www.koonings.com\\\/de\\\/product\\\/ramona-koonings-couture-kn2535-yayoi\\\/#primaryimage\",\"url\":\"https:\\\/\\\/www.koonings.com\\\/wp-content\\\/uploads\\\/2025\\\/03\\\/40018_278c0e6bce97a66daf1b57c0756167bbfa3f4895e41fa6361b5c5c19f32486c14c4a0a7a-scaled.jpeg\",\"contentUrl\":\"https:\\\/\\\/www.koonings.com\\\/wp-content\\\/uploads\\\/2025\\\/03\\\/40018_278c0e6bce97a66daf1b57c0756167bbfa3f4895e41fa6361b5c5c19f32486c14c4a0a7a-scaled.jpeg\",\"width\":1811,\"height\":2560},{\"@type\":\"BreadcrumbList\",\"@id\":\"https:\\\/\\\/www.koonings.com\\\/de\\\/product\\\/ramona-koonings-couture-kn2535-yayoi\\\/#breadcrumb\",\"itemListElement\":[{\"@type\":\"ListItem\",\"position\":1,\"name\":\"Home\",\"item\":\"https:\\\/\\\/www.koonings.com\\\/de\\\/\"},{\"@type\":\"ListItem\",\"position\":2,\"name\":\"Ramona Koonings Couture KN2535 Yayoi\"}]},{\"@type\":\"WebSite\",\"@id\":\"https:\\\/\\\/www.koonings.com\\\/de\\\/#website\",\"url\":\"https:\\\/\\\/www.koonings.com\\\/de\\\/\",\"name\":\"Koonings\",\"description\":\"De grootste bruidsmodewinkel ter wereld\",\"publisher\":{\"@id\":\"https:\\\/\\\/www.koonings.com\\\/de\\\/#organization\"},\"potentialAction\":[{\"@type\":\"SearchAction\",\"target\":{\"@type\":\"EntryPoint\",\"urlTemplate\":\"https:\\\/\\\/www.koonings.com\\\/de\\\/?s={search_term_string}\"},\"query-input\":{\"@type\":\"PropertyValueSpecification\",\"valueRequired\":true,\"valueName\":\"search_term_string\"}}],\"inLanguage\":\"de\"},{\"@type\":\"Organization\",\"@id\":\"https:\\\/\\\/www.koonings.com\\\/de\\\/#organization\",\"name\":\"Koonings\",\"url\":\"https:\\\/\\\/www.koonings.com\\\/de\\\/\",\"logo\":{\"@type\":\"ImageObject\",\"inLanguage\":\"de\",\"@id\":\"https:\\\/\\\/www.koonings.com\\\/de\\\/#\\\/schema\\\/logo\\\/image\\\/\",\"url\":\"https:\\\/\\\/www.koonings.com\\\/wp-content\\\/uploads\\\/2024\\\/07\\\/logo.png\",\"contentUrl\":\"https:\\\/\\\/www.koonings.com\\\/wp-content\\\/uploads\\\/2024\\\/07\\\/logo.png\",\"width\":600,\"height\":428,\"caption\":\"Koonings\"},\"image\":{\"@id\":\"https:\\\/\\\/www.koonings.com\\\/de\\\/#\\\/schema\\\/logo\\\/image\\\/\"},\"sameAs\":[\"https:\\\/\\\/www.facebook.com\\\/kooningstheweddingpalace\",\"https:\\\/\\\/www.instagram.com\\\/kooningstheweddingpalace\",\"https:\\\/\\\/www.pinterest.com\\\/koonings\",\"https:\\\/\\\/www.youtube.com\\\/kooningstheweddingpalace\"]}]}<\/script>\n<!-- \/ Yoast SEO plugin. -->","yoast_head_json":{"title":"Ramona Koonings Couture KN2535 Yayoi | Koonings","description":"Das elegante Yayoi Hochzeitskleid von Ramona Koonings Couture. Das Yayoi Hochzeitskleid von Ramona Koonings Couture, das exklusiv bei Koonings The Wedding Palace erh\u00e4ltlich ist, ist die perfekte Wahl f\u00fcr die Braut, die klassische Eleganz mit einem romantischen Twist liebt. Dieses Couture-Kleid ist in A-Linie geschnitten und hat einen herzf\u00f6rmigen Ausschnitt, der das Dekollet\u00e9 wundersch\u00f6n zur Geltung bringt. Die luxuri\u00f6sen Tr\u00e4ger und der zarte Elfenbein-\/Ros\u00e9-Ton machen das Kleid besonders raffiniert. Mit 3D-Blumen auf dem Kleid und aus luftigem T\u00fcll gefertigt, strahlt das Yayoi zeitlose, romantische Sch\u00f6nheit aus. Perfekt f\u00fcr die Braut, die nach einem Couture-Design mit einem raffinierten Look sucht.","robots":{"index":"index","follow":"follow","max-snippet":"max-snippet:-1","max-image-preview":"max-image-preview:large","max-video-preview":"max-video-preview:-1"},"canonical":"https:\/\/www.koonings.com\/de\/product\/ramona-koonings-couture-kn2535-yayoi\/","og_locale":"de_DE","og_type":"article","og_title":"Ramona Koonings Couture KN2535 Yayoi | Koonings","og_description":"Das elegante Yayoi Hochzeitskleid von Ramona Koonings Couture. Das Yayoi Hochzeitskleid von Ramona Koonings Couture, das exklusiv bei Koonings The Wedding Palace erh\u00e4ltlich ist, ist die perfekte Wahl f\u00fcr die Braut, die klassische Eleganz mit einem romantischen Twist liebt. Dieses Couture-Kleid ist in A-Linie geschnitten und hat einen herzf\u00f6rmigen Ausschnitt, der das Dekollet\u00e9 wundersch\u00f6n zur Geltung bringt. Die luxuri\u00f6sen Tr\u00e4ger und der zarte Elfenbein-\/Ros\u00e9-Ton machen das Kleid besonders raffiniert. Mit 3D-Blumen auf dem Kleid und aus luftigem T\u00fcll gefertigt, strahlt das Yayoi zeitlose, romantische Sch\u00f6nheit aus. Perfekt f\u00fcr die Braut, die nach einem Couture-Design mit einem raffinierten Look sucht.","og_url":"https:\/\/www.koonings.com\/de\/product\/ramona-koonings-couture-kn2535-yayoi\/","og_site_name":"Koonings","article_publisher":"https:\/\/www.facebook.com\/kooningstheweddingpalace","og_image":[{"width":1811,"height":2560,"url":"https:\/\/www.koonings.com\/wp-content\/uploads\/2025\/03\/40018_278c0e6bce97a66daf1b57c0756167bbfa3f4895e41fa6361b5c5c19f32486c14c4a0a7a-scaled.jpeg","type":"image\/jpeg"}],"twitter_card":"summary_large_image","twitter_misc":{"Gesch\u00e4tzte Lesezeit":"1\u00a0Minute"},"schema":{"@context":"https:\/\/schema.org","@graph":[{"@type":"WebPage","@id":"https:\/\/www.koonings.com\/de\/product\/ramona-koonings-couture-kn2535-yayoi\/","url":"https:\/\/www.koonings.com\/de\/product\/ramona-koonings-couture-kn2535-yayoi\/","name":"Ramona Koonings Couture KN2535 Yayoi | Koonings","isPartOf":{"@id":"https:\/\/www.koonings.com\/de\/#website"},"primaryImageOfPage":{"@id":"https:\/\/www.koonings.com\/de\/product\/ramona-koonings-couture-kn2535-yayoi\/#primaryimage"},"image":{"@id":"https:\/\/www.koonings.com\/de\/product\/ramona-koonings-couture-kn2535-yayoi\/#primaryimage"},"thumbnailUrl":"https:\/\/www.koonings.com\/wp-content\/uploads\/2025\/03\/40018_278c0e6bce97a66daf1b57c0756167bbfa3f4895e41fa6361b5c5c19f32486c14c4a0a7a-scaled.jpeg","datePublished":"2026-04-14T14:18:04+00:00","description":"Das elegante Yayoi Hochzeitskleid von Ramona Koonings Couture. Das Yayoi Hochzeitskleid von Ramona Koonings Couture, das exklusiv bei Koonings The Wedding Palace erh\u00e4ltlich ist, ist die perfekte Wahl f\u00fcr die Braut, die klassische Eleganz mit einem romantischen Twist liebt. Dieses Couture-Kleid ist in A-Linie geschnitten und hat einen herzf\u00f6rmigen Ausschnitt, der das Dekollet\u00e9 wundersch\u00f6n zur Geltung bringt. Die luxuri\u00f6sen Tr\u00e4ger und der zarte Elfenbein-\/Ros\u00e9-Ton machen das Kleid besonders raffiniert. Mit 3D-Blumen auf dem Kleid und aus luftigem T\u00fcll gefertigt, strahlt das Yayoi zeitlose, romantische Sch\u00f6nheit aus. Perfekt f\u00fcr die Braut, die nach einem Couture-Design mit einem raffinierten Look sucht.","breadcrumb":{"@id":"https:\/\/www.koonings.com\/de\/product\/ramona-koonings-couture-kn2535-yayoi\/#breadcrumb"},"inLanguage":"de","potentialAction":[{"@type":"ReadAction","target":["https:\/\/www.koonings.com\/de\/product\/ramona-koonings-couture-kn2535-yayoi\/"]}]},{"@type":"ImageObject","inLanguage":"de","@id":"https:\/\/www.koonings.com\/de\/product\/ramona-koonings-couture-kn2535-yayoi\/#primaryimage","url":"https:\/\/www.koonings.com\/wp-content\/uploads\/2025\/03\/40018_278c0e6bce97a66daf1b57c0756167bbfa3f4895e41fa6361b5c5c19f32486c14c4a0a7a-scaled.jpeg","contentUrl":"https:\/\/www.koonings.com\/wp-content\/uploads\/2025\/03\/40018_278c0e6bce97a66daf1b57c0756167bbfa3f4895e41fa6361b5c5c19f32486c14c4a0a7a-scaled.jpeg","width":1811,"height":2560},{"@type":"BreadcrumbList","@id":"https:\/\/www.koonings.com\/de\/product\/ramona-koonings-couture-kn2535-yayoi\/#breadcrumb","itemListElement":[{"@type":"ListItem","position":1,"name":"Home","item":"https:\/\/www.koonings.com\/de\/"},{"@type":"ListItem","position":2,"name":"Ramona Koonings Couture KN2535 Yayoi"}]},{"@type":"WebSite","@id":"https:\/\/www.koonings.com\/de\/#website","url":"https:\/\/www.koonings.com\/de\/","name":"Koonings","description":"De grootste bruidsmodewinkel ter wereld","publisher":{"@id":"https:\/\/www.koonings.com\/de\/#organization"},"potentialAction":[{"@type":"SearchAction","target":{"@type":"EntryPoint","urlTemplate":"https:\/\/www.koonings.com\/de\/?s={search_term_string}"},"query-input":{"@type":"PropertyValueSpecification","valueRequired":true,"valueName":"search_term_string"}}],"inLanguage":"de"},{"@type":"Organization","@id":"https:\/\/www.koonings.com\/de\/#organization","name":"Koonings","url":"https:\/\/www.koonings.com\/de\/","logo":{"@type":"ImageObject","inLanguage":"de","@id":"https:\/\/www.koonings.com\/de\/#\/schema\/logo\/image\/","url":"https:\/\/www.koonings.com\/wp-content\/uploads\/2024\/07\/logo.png","contentUrl":"https:\/\/www.koonings.com\/wp-content\/uploads\/2024\/07\/logo.png","width":600,"height":428,"caption":"Koonings"},"image":{"@id":"https:\/\/www.koonings.com\/de\/#\/schema\/logo\/image\/"},"sameAs":["https:\/\/www.facebook.com\/kooningstheweddingpalace","https:\/\/www.instagram.com\/kooningstheweddingpalace","https:\/\/www.pinterest.com\/koonings","https:\/\/www.youtube.com\/kooningstheweddingpalace"]}]}},"_links":{"self":[{"href":"https:\/\/www.koonings.com\/de\/wp-json\/wp\/v2\/product\/85006","targetHints":{"allow":["GET"]}}],"collection":[{"href":"https:\/\/www.koonings.com\/de\/wp-json\/wp\/v2\/product"}],"about":[{"href":"https:\/\/www.koonings.com\/de\/wp-json\/wp\/v2\/types\/product"}],"wp:featuredmedia":[{"embeddable":true,"href":"https:\/\/www.koonings.com\/de\/wp-json\/wp\/v2\/media\/83068"}],"wp:attachment":[{"href":"https:\/\/www.koonings.com\/de\/wp-json\/wp\/v2\/media?parent=85006"}],"wp:term":[{"taxonomy":"productdetails","embeddable":true,"href":"https:\/\/www.koonings.com\/de\/wp-json\/wp\/v2\/productdetails?post=85006"},{"taxonomy":"productneck","embeddable":true,"href":"https:\/\/www.koonings.com\/de\/wp-json\/wp\/v2\/productneck?post=85006"},{"taxonomy":"productcolor","embeddable":true,"href":"https:\/\/www.koonings.com\/de\/wp-json\/wp\/v2\/productcolor?post=85006"},{"taxonomy":"maat","embeddable":true,"href":"https:\/\/www.koonings.com\/de\/wp-json\/wp\/v2\/maat?post=85006"},{"taxonomy":"productsupplier","embeddable":true,"href":"https:\/\/www.koonings.com\/de\/wp-json\/wp\/v2\/productsupplier?post=85006"},{"taxonomy":"productsleeve","embeddable":true,"href":"https:\/\/www.koonings.com\/de\/wp-json\/wp\/v2\/productsleeve?post=85006"},{"taxonomy":"productcategory","embeddable":true,"href":"https:\/\/www.koonings.com\/de\/wp-json\/wp\/v2\/productcategory?post=85006"},{"taxonomy":"productsilhouette","embeddable":true,"href":"https:\/\/www.koonings.com\/de\/wp-json\/wp\/v2\/productsilhouette?post=85006"},{"taxonomy":"productstyle","embeddable":true,"href":"https:\/\/www.koonings.com\/de\/wp-json\/wp\/v2\/productstyle?post=85006"}],"curies":[{"name":"wp","href":"https:\/\/api.w.org\/{rel}","templated":true}]}}