{"id":84983,"date":"2026-04-14T16:32:23","date_gmt":"2026-04-14T14:32:23","guid":{"rendered":"https:\/\/www.koonings.com\/product\/enzoani-prive-ember-2\/"},"modified":"2025-06-05T13:59:11","modified_gmt":"2025-06-05T11:59:11","slug":"enzoani-prive-ember-2","status":"publish","type":"product","link":"https:\/\/www.koonings.com\/de\/product\/enzoani-prive-ember-2\/","title":{"rendered":"Enzoani Prive Ember"},"content":{"rendered":"<p>Das &#8216;Ember&#8217; Brautkleid von Enzoani Prive, erh\u00e4ltlich bei Koonings The Wedding Palace, strahlt femininen Charme und zeitlose Romantik aus. Das Kleid hat einen klassischen herzf\u00f6rmigen Ausschnitt und abnehmbare, schulterfreie Tr\u00e4ger. Das Mieder verf\u00fcgt \u00fcber ein Illusionskorsett, das die Figur betont, w\u00e4hrend der schlanke Rock aus Chiffon mit bestickter floraler Spitze und Barockspitze eine elegante und schmeichelhafte Silhouette schafft. Der Illusionsr\u00fccken mit T\u00fclldetails verleiht dem Kleid einen sanften Glamour.   <\/p>\n","protected":false},"featured_media":83240,"template":"","meta":{"_acf_changed":false,"ghostkit_customizer_options":"","ghostkit_custom_css":"","ghostkit_custom_js_head":"","ghostkit_custom_js_foot":"","ghostkit_typography":""},"productdetails":[376],"productneck":[354,356],"productcolor":[393,392],"maat":[],"productsupplier":[461],"productsleeve":[],"productcategory":[18],"productsilhouette":[387],"productstyle":[369],"class_list":["post-84983","product","type-product","status-publish","has-post-thumbnail","hentry","productdetails-376","productneck-354","productneck-356","productcolor-393","productcolor-392","productsupplier-enzoani-prive","productcategory-trouwjurken","productsilhouette-387","productstyle-369"],"acf":[],"yoast_head":"<!-- This site is optimized with the Yoast SEO plugin v27.3 - https:\/\/yoast.com\/product\/yoast-seo-wordpress\/ -->\n<title>Enzoani Prive Ember | Koonings<\/title>\n<meta name=\"description\" content=\"Das &#039;Ember&#039; Brautkleid von Enzoani Prive, erh\u00e4ltlich bei Koonings The Wedding Palace, strahlt femininen Charme und zeitlose Romantik aus. Das Kleid hat einen klassischen herzf\u00f6rmigen Ausschnitt und abnehmbare, schulterfreie Tr\u00e4ger. Das Mieder verf\u00fcgt \u00fcber ein Illusionskorsett, das die Figur betont, w\u00e4hrend der schlanke Rock aus Chiffon mit bestickter floraler Spitze und Barockspitze eine elegante und schmeichelhafte Silhouette schafft. Der Illusionsr\u00fccken mit T\u00fclldetails verleiht dem Kleid einen sanften Glamour.\" \/>\n<meta name=\"robots\" content=\"index, follow, max-snippet:-1, max-image-preview:large, max-video-preview:-1\" \/>\n<link rel=\"canonical\" href=\"https:\/\/www.koonings.com\/de\/product\/enzoani-prive-ember-2\/\" \/>\n<meta property=\"og:locale\" content=\"de_DE\" \/>\n<meta property=\"og:type\" content=\"article\" \/>\n<meta property=\"og:title\" content=\"Enzoani Prive Ember | Koonings\" \/>\n<meta property=\"og:description\" content=\"Das &#039;Ember&#039; Brautkleid von Enzoani Prive, erh\u00e4ltlich bei Koonings The Wedding Palace, strahlt femininen Charme und zeitlose Romantik aus. Das Kleid hat einen klassischen herzf\u00f6rmigen Ausschnitt und abnehmbare, schulterfreie Tr\u00e4ger. Das Mieder verf\u00fcgt \u00fcber ein Illusionskorsett, das die Figur betont, w\u00e4hrend der schlanke Rock aus Chiffon mit bestickter floraler Spitze und Barockspitze eine elegante und schmeichelhafte Silhouette schafft. Der Illusionsr\u00fccken mit T\u00fclldetails verleiht dem Kleid einen sanften Glamour.\" \/>\n<meta property=\"og:url\" content=\"https:\/\/www.koonings.com\/de\/product\/enzoani-prive-ember-2\/\" \/>\n<meta property=\"og:site_name\" content=\"Koonings\" \/>\n<meta property=\"article:publisher\" content=\"https:\/\/www.facebook.com\/kooningstheweddingpalace\" \/>\n<meta property=\"og:image\" content=\"https:\/\/www.koonings.com\/wp-content\/uploads\/2025\/04\/49866_2d04a6460e994eb82126965592bc99ecce0139c5d1d0f5bc20e051a1bfd9c06108cc505d.jpeg\" \/>\n\t<meta property=\"og:image:width\" content=\"1035\" \/>\n\t<meta property=\"og:image:height\" content=\"1380\" \/>\n\t<meta property=\"og:image:type\" content=\"image\/jpeg\" \/>\n<meta name=\"twitter:card\" content=\"summary_large_image\" \/>\n<script type=\"application\/ld+json\" class=\"yoast-schema-graph\">{\"@context\":\"https:\\\/\\\/schema.org\",\"@graph\":[{\"@type\":\"WebPage\",\"@id\":\"https:\\\/\\\/www.koonings.com\\\/de\\\/product\\\/enzoani-prive-ember-2\\\/\",\"url\":\"https:\\\/\\\/www.koonings.com\\\/de\\\/product\\\/enzoani-prive-ember-2\\\/\",\"name\":\"Enzoani Prive Ember | Koonings\",\"isPartOf\":{\"@id\":\"https:\\\/\\\/www.koonings.com\\\/de\\\/#website\"},\"primaryImageOfPage\":{\"@id\":\"https:\\\/\\\/www.koonings.com\\\/de\\\/product\\\/enzoani-prive-ember-2\\\/#primaryimage\"},\"image\":{\"@id\":\"https:\\\/\\\/www.koonings.com\\\/de\\\/product\\\/enzoani-prive-ember-2\\\/#primaryimage\"},\"thumbnailUrl\":\"https:\\\/\\\/www.koonings.com\\\/wp-content\\\/uploads\\\/2025\\\/04\\\/49866_2d04a6460e994eb82126965592bc99ecce0139c5d1d0f5bc20e051a1bfd9c06108cc505d.jpeg\",\"datePublished\":\"2026-04-14T14:32:23+00:00\",\"description\":\"Das 'Ember' Brautkleid von Enzoani Prive, erh\u00e4ltlich bei Koonings The Wedding Palace, strahlt femininen Charme und zeitlose Romantik aus. Das Kleid hat einen klassischen herzf\u00f6rmigen Ausschnitt und abnehmbare, schulterfreie Tr\u00e4ger. Das Mieder verf\u00fcgt \u00fcber ein Illusionskorsett, das die Figur betont, w\u00e4hrend der schlanke Rock aus Chiffon mit bestickter floraler Spitze und Barockspitze eine elegante und schmeichelhafte Silhouette schafft. Der Illusionsr\u00fccken mit T\u00fclldetails verleiht dem Kleid einen sanften Glamour.\",\"breadcrumb\":{\"@id\":\"https:\\\/\\\/www.koonings.com\\\/de\\\/product\\\/enzoani-prive-ember-2\\\/#breadcrumb\"},\"inLanguage\":\"de\",\"potentialAction\":[{\"@type\":\"ReadAction\",\"target\":[\"https:\\\/\\\/www.koonings.com\\\/de\\\/product\\\/enzoani-prive-ember-2\\\/\"]}]},{\"@type\":\"ImageObject\",\"inLanguage\":\"de\",\"@id\":\"https:\\\/\\\/www.koonings.com\\\/de\\\/product\\\/enzoani-prive-ember-2\\\/#primaryimage\",\"url\":\"https:\\\/\\\/www.koonings.com\\\/wp-content\\\/uploads\\\/2025\\\/04\\\/49866_2d04a6460e994eb82126965592bc99ecce0139c5d1d0f5bc20e051a1bfd9c06108cc505d.jpeg\",\"contentUrl\":\"https:\\\/\\\/www.koonings.com\\\/wp-content\\\/uploads\\\/2025\\\/04\\\/49866_2d04a6460e994eb82126965592bc99ecce0139c5d1d0f5bc20e051a1bfd9c06108cc505d.jpeg\",\"width\":1035,\"height\":1380},{\"@type\":\"BreadcrumbList\",\"@id\":\"https:\\\/\\\/www.koonings.com\\\/de\\\/product\\\/enzoani-prive-ember-2\\\/#breadcrumb\",\"itemListElement\":[{\"@type\":\"ListItem\",\"position\":1,\"name\":\"Home\",\"item\":\"https:\\\/\\\/www.koonings.com\\\/de\\\/\"},{\"@type\":\"ListItem\",\"position\":2,\"name\":\"Enzoani Prive Ember\"}]},{\"@type\":\"WebSite\",\"@id\":\"https:\\\/\\\/www.koonings.com\\\/de\\\/#website\",\"url\":\"https:\\\/\\\/www.koonings.com\\\/de\\\/\",\"name\":\"Koonings\",\"description\":\"De grootste bruidsmodewinkel ter wereld\",\"publisher\":{\"@id\":\"https:\\\/\\\/www.koonings.com\\\/de\\\/#organization\"},\"potentialAction\":[{\"@type\":\"SearchAction\",\"target\":{\"@type\":\"EntryPoint\",\"urlTemplate\":\"https:\\\/\\\/www.koonings.com\\\/de\\\/?s={search_term_string}\"},\"query-input\":{\"@type\":\"PropertyValueSpecification\",\"valueRequired\":true,\"valueName\":\"search_term_string\"}}],\"inLanguage\":\"de\"},{\"@type\":\"Organization\",\"@id\":\"https:\\\/\\\/www.koonings.com\\\/de\\\/#organization\",\"name\":\"Koonings\",\"url\":\"https:\\\/\\\/www.koonings.com\\\/de\\\/\",\"logo\":{\"@type\":\"ImageObject\",\"inLanguage\":\"de\",\"@id\":\"https:\\\/\\\/www.koonings.com\\\/de\\\/#\\\/schema\\\/logo\\\/image\\\/\",\"url\":\"https:\\\/\\\/www.koonings.com\\\/wp-content\\\/uploads\\\/2024\\\/07\\\/logo.png\",\"contentUrl\":\"https:\\\/\\\/www.koonings.com\\\/wp-content\\\/uploads\\\/2024\\\/07\\\/logo.png\",\"width\":600,\"height\":428,\"caption\":\"Koonings\"},\"image\":{\"@id\":\"https:\\\/\\\/www.koonings.com\\\/de\\\/#\\\/schema\\\/logo\\\/image\\\/\"},\"sameAs\":[\"https:\\\/\\\/www.facebook.com\\\/kooningstheweddingpalace\",\"https:\\\/\\\/www.instagram.com\\\/kooningstheweddingpalace\",\"https:\\\/\\\/www.pinterest.com\\\/koonings\",\"https:\\\/\\\/www.youtube.com\\\/kooningstheweddingpalace\"]}]}<\/script>\n<!-- \/ Yoast SEO plugin. -->","yoast_head_json":{"title":"Enzoani Prive Ember | Koonings","description":"Das 'Ember' Brautkleid von Enzoani Prive, erh\u00e4ltlich bei Koonings The Wedding Palace, strahlt femininen Charme und zeitlose Romantik aus. Das Kleid hat einen klassischen herzf\u00f6rmigen Ausschnitt und abnehmbare, schulterfreie Tr\u00e4ger. Das Mieder verf\u00fcgt \u00fcber ein Illusionskorsett, das die Figur betont, w\u00e4hrend der schlanke Rock aus Chiffon mit bestickter floraler Spitze und Barockspitze eine elegante und schmeichelhafte Silhouette schafft. Der Illusionsr\u00fccken mit T\u00fclldetails verleiht dem Kleid einen sanften Glamour.","robots":{"index":"index","follow":"follow","max-snippet":"max-snippet:-1","max-image-preview":"max-image-preview:large","max-video-preview":"max-video-preview:-1"},"canonical":"https:\/\/www.koonings.com\/de\/product\/enzoani-prive-ember-2\/","og_locale":"de_DE","og_type":"article","og_title":"Enzoani Prive Ember | Koonings","og_description":"Das 'Ember' Brautkleid von Enzoani Prive, erh\u00e4ltlich bei Koonings The Wedding Palace, strahlt femininen Charme und zeitlose Romantik aus. Das Kleid hat einen klassischen herzf\u00f6rmigen Ausschnitt und abnehmbare, schulterfreie Tr\u00e4ger. Das Mieder verf\u00fcgt \u00fcber ein Illusionskorsett, das die Figur betont, w\u00e4hrend der schlanke Rock aus Chiffon mit bestickter floraler Spitze und Barockspitze eine elegante und schmeichelhafte Silhouette schafft. Der Illusionsr\u00fccken mit T\u00fclldetails verleiht dem Kleid einen sanften Glamour.","og_url":"https:\/\/www.koonings.com\/de\/product\/enzoani-prive-ember-2\/","og_site_name":"Koonings","article_publisher":"https:\/\/www.facebook.com\/kooningstheweddingpalace","og_image":[{"width":1035,"height":1380,"url":"https:\/\/www.koonings.com\/wp-content\/uploads\/2025\/04\/49866_2d04a6460e994eb82126965592bc99ecce0139c5d1d0f5bc20e051a1bfd9c06108cc505d.jpeg","type":"image\/jpeg"}],"twitter_card":"summary_large_image","schema":{"@context":"https:\/\/schema.org","@graph":[{"@type":"WebPage","@id":"https:\/\/www.koonings.com\/de\/product\/enzoani-prive-ember-2\/","url":"https:\/\/www.koonings.com\/de\/product\/enzoani-prive-ember-2\/","name":"Enzoani Prive Ember | Koonings","isPartOf":{"@id":"https:\/\/www.koonings.com\/de\/#website"},"primaryImageOfPage":{"@id":"https:\/\/www.koonings.com\/de\/product\/enzoani-prive-ember-2\/#primaryimage"},"image":{"@id":"https:\/\/www.koonings.com\/de\/product\/enzoani-prive-ember-2\/#primaryimage"},"thumbnailUrl":"https:\/\/www.koonings.com\/wp-content\/uploads\/2025\/04\/49866_2d04a6460e994eb82126965592bc99ecce0139c5d1d0f5bc20e051a1bfd9c06108cc505d.jpeg","datePublished":"2026-04-14T14:32:23+00:00","description":"Das 'Ember' Brautkleid von Enzoani Prive, erh\u00e4ltlich bei Koonings The Wedding Palace, strahlt femininen Charme und zeitlose Romantik aus. Das Kleid hat einen klassischen herzf\u00f6rmigen Ausschnitt und abnehmbare, schulterfreie Tr\u00e4ger. Das Mieder verf\u00fcgt \u00fcber ein Illusionskorsett, das die Figur betont, w\u00e4hrend der schlanke Rock aus Chiffon mit bestickter floraler Spitze und Barockspitze eine elegante und schmeichelhafte Silhouette schafft. Der Illusionsr\u00fccken mit T\u00fclldetails verleiht dem Kleid einen sanften Glamour.","breadcrumb":{"@id":"https:\/\/www.koonings.com\/de\/product\/enzoani-prive-ember-2\/#breadcrumb"},"inLanguage":"de","potentialAction":[{"@type":"ReadAction","target":["https:\/\/www.koonings.com\/de\/product\/enzoani-prive-ember-2\/"]}]},{"@type":"ImageObject","inLanguage":"de","@id":"https:\/\/www.koonings.com\/de\/product\/enzoani-prive-ember-2\/#primaryimage","url":"https:\/\/www.koonings.com\/wp-content\/uploads\/2025\/04\/49866_2d04a6460e994eb82126965592bc99ecce0139c5d1d0f5bc20e051a1bfd9c06108cc505d.jpeg","contentUrl":"https:\/\/www.koonings.com\/wp-content\/uploads\/2025\/04\/49866_2d04a6460e994eb82126965592bc99ecce0139c5d1d0f5bc20e051a1bfd9c06108cc505d.jpeg","width":1035,"height":1380},{"@type":"BreadcrumbList","@id":"https:\/\/www.koonings.com\/de\/product\/enzoani-prive-ember-2\/#breadcrumb","itemListElement":[{"@type":"ListItem","position":1,"name":"Home","item":"https:\/\/www.koonings.com\/de\/"},{"@type":"ListItem","position":2,"name":"Enzoani Prive Ember"}]},{"@type":"WebSite","@id":"https:\/\/www.koonings.com\/de\/#website","url":"https:\/\/www.koonings.com\/de\/","name":"Koonings","description":"De grootste bruidsmodewinkel ter wereld","publisher":{"@id":"https:\/\/www.koonings.com\/de\/#organization"},"potentialAction":[{"@type":"SearchAction","target":{"@type":"EntryPoint","urlTemplate":"https:\/\/www.koonings.com\/de\/?s={search_term_string}"},"query-input":{"@type":"PropertyValueSpecification","valueRequired":true,"valueName":"search_term_string"}}],"inLanguage":"de"},{"@type":"Organization","@id":"https:\/\/www.koonings.com\/de\/#organization","name":"Koonings","url":"https:\/\/www.koonings.com\/de\/","logo":{"@type":"ImageObject","inLanguage":"de","@id":"https:\/\/www.koonings.com\/de\/#\/schema\/logo\/image\/","url":"https:\/\/www.koonings.com\/wp-content\/uploads\/2024\/07\/logo.png","contentUrl":"https:\/\/www.koonings.com\/wp-content\/uploads\/2024\/07\/logo.png","width":600,"height":428,"caption":"Koonings"},"image":{"@id":"https:\/\/www.koonings.com\/de\/#\/schema\/logo\/image\/"},"sameAs":["https:\/\/www.facebook.com\/kooningstheweddingpalace","https:\/\/www.instagram.com\/kooningstheweddingpalace","https:\/\/www.pinterest.com\/koonings","https:\/\/www.youtube.com\/kooningstheweddingpalace"]}]}},"_links":{"self":[{"href":"https:\/\/www.koonings.com\/de\/wp-json\/wp\/v2\/product\/84983","targetHints":{"allow":["GET"]}}],"collection":[{"href":"https:\/\/www.koonings.com\/de\/wp-json\/wp\/v2\/product"}],"about":[{"href":"https:\/\/www.koonings.com\/de\/wp-json\/wp\/v2\/types\/product"}],"wp:featuredmedia":[{"embeddable":true,"href":"https:\/\/www.koonings.com\/de\/wp-json\/wp\/v2\/media\/83240"}],"wp:attachment":[{"href":"https:\/\/www.koonings.com\/de\/wp-json\/wp\/v2\/media?parent=84983"}],"wp:term":[{"taxonomy":"productdetails","embeddable":true,"href":"https:\/\/www.koonings.com\/de\/wp-json\/wp\/v2\/productdetails?post=84983"},{"taxonomy":"productneck","embeddable":true,"href":"https:\/\/www.koonings.com\/de\/wp-json\/wp\/v2\/productneck?post=84983"},{"taxonomy":"productcolor","embeddable":true,"href":"https:\/\/www.koonings.com\/de\/wp-json\/wp\/v2\/productcolor?post=84983"},{"taxonomy":"maat","embeddable":true,"href":"https:\/\/www.koonings.com\/de\/wp-json\/wp\/v2\/maat?post=84983"},{"taxonomy":"productsupplier","embeddable":true,"href":"https:\/\/www.koonings.com\/de\/wp-json\/wp\/v2\/productsupplier?post=84983"},{"taxonomy":"productsleeve","embeddable":true,"href":"https:\/\/www.koonings.com\/de\/wp-json\/wp\/v2\/productsleeve?post=84983"},{"taxonomy":"productcategory","embeddable":true,"href":"https:\/\/www.koonings.com\/de\/wp-json\/wp\/v2\/productcategory?post=84983"},{"taxonomy":"productsilhouette","embeddable":true,"href":"https:\/\/www.koonings.com\/de\/wp-json\/wp\/v2\/productsilhouette?post=84983"},{"taxonomy":"productstyle","embeddable":true,"href":"https:\/\/www.koonings.com\/de\/wp-json\/wp\/v2\/productstyle?post=84983"}],"curies":[{"name":"wp","href":"https:\/\/api.w.org\/{rel}","templated":true}]}}