{"id":84982,"date":"2026-04-28T18:26:26","date_gmt":"2026-04-28T16:26:26","guid":{"rendered":"https:\/\/www.koonings.com\/product\/enzoani-love-collection-amina-2\/"},"modified":"2025-06-05T13:59:12","modified_gmt":"2025-06-05T11:59:12","slug":"enzoani-love-collection-amina-2","status":"publish","type":"product","link":"https:\/\/www.koonings.com\/de\/product\/enzoani-love-collection-amina-2\/","title":{"rendered":"Enzoani Love Collection Amina"},"content":{"rendered":"<p>Das Brautkleid &#8216;Amina&#8217; aus der Enzoani Love Collection, erh\u00e4ltlich bei Koonings The Wedding Palace, ist ein wahres Meisterwerk an Raffinesse und Romantik. Dieses Kleid vereint die perfekte Balance aus klassischer Eleganz und modernem Flair. Das Mieder ist mit wundersch\u00f6ner, handbestickter Spitze und funkelnden Kristallen verziert, die einen subtilen, aber bezaubernden Effekt erzeugen. Der Illusionsausschnitt verleiht dem Kleid ein luftiges, \u00e4therisches Gef\u00fchl, w\u00e4hrend der \u00e4rmellose Stil die Schultern anmutig betont.   <\/p>\n<p>Der Rock &#8216;Amina&#8217; ist ein wahres Kunstwerk aus luxuri\u00f6sem T\u00fcll und Chiffon, die zusammen einen luftigen, flie\u00dfenden Effekt erzeugen, mit dem sich die Braut elegant durch ihren gro\u00dfen Tag bewegt. Die schlanke A-Linien-Silhouette schmeichelt jeder K\u00f6rperform, so dass sich die Braut wohlf\u00fchlt, ohne auf ihr luxuri\u00f6ses Aussehen verzichten zu m\u00fcssen. <\/p>\n<p>Eines der auff\u00e4lligsten Merkmale von &#8216;Amina&#8217; ist der zarte, offene R\u00fccken, der dem Kleid einen besonders sinnlichen und modernen Touch verleiht. Ein dezenter Knopfverschluss passt perfekt zum eleganten Design. Dieses Kleid ist die perfekte Wahl f\u00fcr die Braut, die einen raffinierten, zeitlosen Look mit einem Hauch von modernem Glamour sucht. <\/p>\n<p>Das &#8216;Amina&#8217; Hochzeitskleid ist bei Koonings The Wedding Palace erh\u00e4ltlich, wo jede Braut ihr Traumkleid f\u00fcr den sch\u00f6nsten Tag ihres Lebens finden kann.<\/p>\n","protected":false},"featured_media":83274,"template":"","meta":{"_acf_changed":false,"ghostkit_customizer_options":"","ghostkit_custom_css":"","ghostkit_custom_js_head":"","ghostkit_custom_js_foot":"","ghostkit_typography":""},"productdetails":[],"productneck":[356],"productcolor":[392],"maat":[375],"productsupplier":[475],"productsleeve":[359],"productcategory":[18],"productsilhouette":[384,389],"productstyle":[371,366],"class_list":["post-84982","product","type-product","status-publish","has-post-thumbnail","hentry","productneck-356","productcolor-392","maat-375","productsupplier-enzoani-love-collection","productsleeve-359","productcategory-trouwjurken","productsilhouette-384","productsilhouette-389","productstyle-371","productstyle-366"],"acf":[],"yoast_head":"<!-- This site is optimized with the Yoast SEO plugin v27.3 - https:\/\/yoast.com\/product\/yoast-seo-wordpress\/ -->\n<title>Enzoani Love Collection Amina | Koonings<\/title>\n<meta name=\"description\" content=\"Das Brautkleid &#039;Amina&#039; aus der Enzoani Love Collection, erh\u00e4ltlich bei Koonings The Wedding Palace, ist ein wahres Meisterwerk an Raffinesse und Romantik. Dieses Kleid vereint die perfekte Balance aus klassischer Eleganz und modernem Flair. Das Mieder ist mit wundersch\u00f6ner, handbestickter Spitze und funkelnden Kristallen verziert, die einen subtilen, aber bezaubernden Effekt erzeugen. Der Illusionsausschnitt verleiht dem Kleid ein luftiges, \u00e4therisches Gef\u00fchl, w\u00e4hrend der \u00e4rmellose Stil die Schultern anmutig betont. Der Rock &#039;Amina&#039; ist ein wahres Kunstwerk aus luxuri\u00f6sem T\u00fcll und Chiffon, die zusammen einen luftigen, flie\u00dfenden Effekt erzeugen, mit dem sich die Braut elegant durch ihren gro\u00dfen Tag bewegt. Die schlanke A-Linien-Silhouette schmeichelt jeder K\u00f6rperform, so dass sich die Braut wohlf\u00fchlt, ohne auf ihr luxuri\u00f6ses Aussehen verzichten zu m\u00fcssen. Eines der auff\u00e4lligsten Merkmale von &#039;Amina&#039; ist der zarte, offene R\u00fccken, der dem Kleid einen besonders sinnlichen und modernen Touch verleiht. Ein dezenter Knopfverschluss passt perfekt zum eleganten Design. Dieses Kleid ist die perfekte Wahl f\u00fcr die Braut, die einen raffinierten, zeitlosen Look mit einem Hauch von modernem Glamour sucht. Das &#039;Amina&#039; Hochzeitskleid ist bei Koonings The Wedding Palace erh\u00e4ltlich, wo jede Braut ihr Traumkleid f\u00fcr den sch\u00f6nsten Tag ihres Lebens finden kann.\" \/>\n<meta name=\"robots\" content=\"index, follow, max-snippet:-1, max-image-preview:large, max-video-preview:-1\" \/>\n<link rel=\"canonical\" href=\"https:\/\/www.koonings.com\/de\/product\/enzoani-love-collection-amina-2\/\" \/>\n<meta property=\"og:locale\" content=\"de_DE\" \/>\n<meta property=\"og:type\" content=\"article\" \/>\n<meta property=\"og:title\" content=\"Enzoani Love Collection Amina | Koonings\" \/>\n<meta property=\"og:description\" content=\"Das Brautkleid &#039;Amina&#039; aus der Enzoani Love Collection, erh\u00e4ltlich bei Koonings The Wedding Palace, ist ein wahres Meisterwerk an Raffinesse und Romantik. Dieses Kleid vereint die perfekte Balance aus klassischer Eleganz und modernem Flair. Das Mieder ist mit wundersch\u00f6ner, handbestickter Spitze und funkelnden Kristallen verziert, die einen subtilen, aber bezaubernden Effekt erzeugen. Der Illusionsausschnitt verleiht dem Kleid ein luftiges, \u00e4therisches Gef\u00fchl, w\u00e4hrend der \u00e4rmellose Stil die Schultern anmutig betont. Der Rock &#039;Amina&#039; ist ein wahres Kunstwerk aus luxuri\u00f6sem T\u00fcll und Chiffon, die zusammen einen luftigen, flie\u00dfenden Effekt erzeugen, mit dem sich die Braut elegant durch ihren gro\u00dfen Tag bewegt. Die schlanke A-Linien-Silhouette schmeichelt jeder K\u00f6rperform, so dass sich die Braut wohlf\u00fchlt, ohne auf ihr luxuri\u00f6ses Aussehen verzichten zu m\u00fcssen. Eines der auff\u00e4lligsten Merkmale von &#039;Amina&#039; ist der zarte, offene R\u00fccken, der dem Kleid einen besonders sinnlichen und modernen Touch verleiht. Ein dezenter Knopfverschluss passt perfekt zum eleganten Design. Dieses Kleid ist die perfekte Wahl f\u00fcr die Braut, die einen raffinierten, zeitlosen Look mit einem Hauch von modernem Glamour sucht. Das &#039;Amina&#039; Hochzeitskleid ist bei Koonings The Wedding Palace erh\u00e4ltlich, wo jede Braut ihr Traumkleid f\u00fcr den sch\u00f6nsten Tag ihres Lebens finden kann.\" \/>\n<meta property=\"og:url\" content=\"https:\/\/www.koonings.com\/de\/product\/enzoani-love-collection-amina-2\/\" \/>\n<meta property=\"og:site_name\" content=\"Koonings\" \/>\n<meta property=\"article:publisher\" content=\"https:\/\/www.facebook.com\/kooningstheweddingpalace\" \/>\n<meta property=\"og:image\" content=\"https:\/\/www.koonings.com\/wp-content\/uploads\/2025\/04\/41180_3fc5785280a3764bdde3ac0ab4a5d0692d857fe4e8386dcc3e0e17f9b36bc76c313e10c3.jpeg\" \/>\n\t<meta property=\"og:image:width\" content=\"1064\" \/>\n\t<meta property=\"og:image:height\" content=\"1418\" \/>\n\t<meta property=\"og:image:type\" content=\"image\/jpeg\" \/>\n<meta name=\"twitter:card\" content=\"summary_large_image\" \/>\n<meta name=\"twitter:label1\" content=\"Gesch\u00e4tzte Lesezeit\" \/>\n\t<meta name=\"twitter:data1\" content=\"1\u00a0Minute\" \/>\n<script type=\"application\/ld+json\" class=\"yoast-schema-graph\">{\"@context\":\"https:\\\/\\\/schema.org\",\"@graph\":[{\"@type\":\"WebPage\",\"@id\":\"https:\\\/\\\/www.koonings.com\\\/de\\\/product\\\/enzoani-love-collection-amina-2\\\/\",\"url\":\"https:\\\/\\\/www.koonings.com\\\/de\\\/product\\\/enzoani-love-collection-amina-2\\\/\",\"name\":\"Enzoani Love Collection Amina | Koonings\",\"isPartOf\":{\"@id\":\"https:\\\/\\\/www.koonings.com\\\/de\\\/#website\"},\"primaryImageOfPage\":{\"@id\":\"https:\\\/\\\/www.koonings.com\\\/de\\\/product\\\/enzoani-love-collection-amina-2\\\/#primaryimage\"},\"image\":{\"@id\":\"https:\\\/\\\/www.koonings.com\\\/de\\\/product\\\/enzoani-love-collection-amina-2\\\/#primaryimage\"},\"thumbnailUrl\":\"https:\\\/\\\/www.koonings.com\\\/wp-content\\\/uploads\\\/2025\\\/04\\\/41180_3fc5785280a3764bdde3ac0ab4a5d0692d857fe4e8386dcc3e0e17f9b36bc76c313e10c3.jpeg\",\"datePublished\":\"2026-04-28T16:26:26+00:00\",\"description\":\"Das Brautkleid 'Amina' aus der Enzoani Love Collection, erh\u00e4ltlich bei Koonings The Wedding Palace, ist ein wahres Meisterwerk an Raffinesse und Romantik. Dieses Kleid vereint die perfekte Balance aus klassischer Eleganz und modernem Flair. Das Mieder ist mit wundersch\u00f6ner, handbestickter Spitze und funkelnden Kristallen verziert, die einen subtilen, aber bezaubernden Effekt erzeugen. Der Illusionsausschnitt verleiht dem Kleid ein luftiges, \u00e4therisches Gef\u00fchl, w\u00e4hrend der \u00e4rmellose Stil die Schultern anmutig betont. Der Rock 'Amina' ist ein wahres Kunstwerk aus luxuri\u00f6sem T\u00fcll und Chiffon, die zusammen einen luftigen, flie\u00dfenden Effekt erzeugen, mit dem sich die Braut elegant durch ihren gro\u00dfen Tag bewegt. Die schlanke A-Linien-Silhouette schmeichelt jeder K\u00f6rperform, so dass sich die Braut wohlf\u00fchlt, ohne auf ihr luxuri\u00f6ses Aussehen verzichten zu m\u00fcssen. Eines der auff\u00e4lligsten Merkmale von 'Amina' ist der zarte, offene R\u00fccken, der dem Kleid einen besonders sinnlichen und modernen Touch verleiht. Ein dezenter Knopfverschluss passt perfekt zum eleganten Design. Dieses Kleid ist die perfekte Wahl f\u00fcr die Braut, die einen raffinierten, zeitlosen Look mit einem Hauch von modernem Glamour sucht. Das 'Amina' Hochzeitskleid ist bei Koonings The Wedding Palace erh\u00e4ltlich, wo jede Braut ihr Traumkleid f\u00fcr den sch\u00f6nsten Tag ihres Lebens finden kann.\",\"breadcrumb\":{\"@id\":\"https:\\\/\\\/www.koonings.com\\\/de\\\/product\\\/enzoani-love-collection-amina-2\\\/#breadcrumb\"},\"inLanguage\":\"de\",\"potentialAction\":[{\"@type\":\"ReadAction\",\"target\":[\"https:\\\/\\\/www.koonings.com\\\/de\\\/product\\\/enzoani-love-collection-amina-2\\\/\"]}]},{\"@type\":\"ImageObject\",\"inLanguage\":\"de\",\"@id\":\"https:\\\/\\\/www.koonings.com\\\/de\\\/product\\\/enzoani-love-collection-amina-2\\\/#primaryimage\",\"url\":\"https:\\\/\\\/www.koonings.com\\\/wp-content\\\/uploads\\\/2025\\\/04\\\/41180_3fc5785280a3764bdde3ac0ab4a5d0692d857fe4e8386dcc3e0e17f9b36bc76c313e10c3.jpeg\",\"contentUrl\":\"https:\\\/\\\/www.koonings.com\\\/wp-content\\\/uploads\\\/2025\\\/04\\\/41180_3fc5785280a3764bdde3ac0ab4a5d0692d857fe4e8386dcc3e0e17f9b36bc76c313e10c3.jpeg\",\"width\":1064,\"height\":1418},{\"@type\":\"BreadcrumbList\",\"@id\":\"https:\\\/\\\/www.koonings.com\\\/de\\\/product\\\/enzoani-love-collection-amina-2\\\/#breadcrumb\",\"itemListElement\":[{\"@type\":\"ListItem\",\"position\":1,\"name\":\"Home\",\"item\":\"https:\\\/\\\/www.koonings.com\\\/de\\\/\"},{\"@type\":\"ListItem\",\"position\":2,\"name\":\"Enzoani Love Collection Amina\"}]},{\"@type\":\"WebSite\",\"@id\":\"https:\\\/\\\/www.koonings.com\\\/de\\\/#website\",\"url\":\"https:\\\/\\\/www.koonings.com\\\/de\\\/\",\"name\":\"Koonings\",\"description\":\"De grootste bruidsmodewinkel ter wereld\",\"publisher\":{\"@id\":\"https:\\\/\\\/www.koonings.com\\\/de\\\/#organization\"},\"potentialAction\":[{\"@type\":\"SearchAction\",\"target\":{\"@type\":\"EntryPoint\",\"urlTemplate\":\"https:\\\/\\\/www.koonings.com\\\/de\\\/?s={search_term_string}\"},\"query-input\":{\"@type\":\"PropertyValueSpecification\",\"valueRequired\":true,\"valueName\":\"search_term_string\"}}],\"inLanguage\":\"de\"},{\"@type\":\"Organization\",\"@id\":\"https:\\\/\\\/www.koonings.com\\\/de\\\/#organization\",\"name\":\"Koonings\",\"url\":\"https:\\\/\\\/www.koonings.com\\\/de\\\/\",\"logo\":{\"@type\":\"ImageObject\",\"inLanguage\":\"de\",\"@id\":\"https:\\\/\\\/www.koonings.com\\\/de\\\/#\\\/schema\\\/logo\\\/image\\\/\",\"url\":\"https:\\\/\\\/www.koonings.com\\\/wp-content\\\/uploads\\\/2024\\\/07\\\/logo.png\",\"contentUrl\":\"https:\\\/\\\/www.koonings.com\\\/wp-content\\\/uploads\\\/2024\\\/07\\\/logo.png\",\"width\":600,\"height\":428,\"caption\":\"Koonings\"},\"image\":{\"@id\":\"https:\\\/\\\/www.koonings.com\\\/de\\\/#\\\/schema\\\/logo\\\/image\\\/\"},\"sameAs\":[\"https:\\\/\\\/www.facebook.com\\\/kooningstheweddingpalace\",\"https:\\\/\\\/www.instagram.com\\\/kooningstheweddingpalace\",\"https:\\\/\\\/www.pinterest.com\\\/koonings\",\"https:\\\/\\\/www.youtube.com\\\/kooningstheweddingpalace\"]}]}<\/script>\n<!-- \/ Yoast SEO plugin. -->","yoast_head_json":{"title":"Enzoani Love Collection Amina | Koonings","description":"Das Brautkleid 'Amina' aus der Enzoani Love Collection, erh\u00e4ltlich bei Koonings The Wedding Palace, ist ein wahres Meisterwerk an Raffinesse und Romantik. Dieses Kleid vereint die perfekte Balance aus klassischer Eleganz und modernem Flair. Das Mieder ist mit wundersch\u00f6ner, handbestickter Spitze und funkelnden Kristallen verziert, die einen subtilen, aber bezaubernden Effekt erzeugen. Der Illusionsausschnitt verleiht dem Kleid ein luftiges, \u00e4therisches Gef\u00fchl, w\u00e4hrend der \u00e4rmellose Stil die Schultern anmutig betont. Der Rock 'Amina' ist ein wahres Kunstwerk aus luxuri\u00f6sem T\u00fcll und Chiffon, die zusammen einen luftigen, flie\u00dfenden Effekt erzeugen, mit dem sich die Braut elegant durch ihren gro\u00dfen Tag bewegt. Die schlanke A-Linien-Silhouette schmeichelt jeder K\u00f6rperform, so dass sich die Braut wohlf\u00fchlt, ohne auf ihr luxuri\u00f6ses Aussehen verzichten zu m\u00fcssen. Eines der auff\u00e4lligsten Merkmale von 'Amina' ist der zarte, offene R\u00fccken, der dem Kleid einen besonders sinnlichen und modernen Touch verleiht. Ein dezenter Knopfverschluss passt perfekt zum eleganten Design. Dieses Kleid ist die perfekte Wahl f\u00fcr die Braut, die einen raffinierten, zeitlosen Look mit einem Hauch von modernem Glamour sucht. Das 'Amina' Hochzeitskleid ist bei Koonings The Wedding Palace erh\u00e4ltlich, wo jede Braut ihr Traumkleid f\u00fcr den sch\u00f6nsten Tag ihres Lebens finden kann.","robots":{"index":"index","follow":"follow","max-snippet":"max-snippet:-1","max-image-preview":"max-image-preview:large","max-video-preview":"max-video-preview:-1"},"canonical":"https:\/\/www.koonings.com\/de\/product\/enzoani-love-collection-amina-2\/","og_locale":"de_DE","og_type":"article","og_title":"Enzoani Love Collection Amina | Koonings","og_description":"Das Brautkleid 'Amina' aus der Enzoani Love Collection, erh\u00e4ltlich bei Koonings The Wedding Palace, ist ein wahres Meisterwerk an Raffinesse und Romantik. Dieses Kleid vereint die perfekte Balance aus klassischer Eleganz und modernem Flair. Das Mieder ist mit wundersch\u00f6ner, handbestickter Spitze und funkelnden Kristallen verziert, die einen subtilen, aber bezaubernden Effekt erzeugen. Der Illusionsausschnitt verleiht dem Kleid ein luftiges, \u00e4therisches Gef\u00fchl, w\u00e4hrend der \u00e4rmellose Stil die Schultern anmutig betont. Der Rock 'Amina' ist ein wahres Kunstwerk aus luxuri\u00f6sem T\u00fcll und Chiffon, die zusammen einen luftigen, flie\u00dfenden Effekt erzeugen, mit dem sich die Braut elegant durch ihren gro\u00dfen Tag bewegt. Die schlanke A-Linien-Silhouette schmeichelt jeder K\u00f6rperform, so dass sich die Braut wohlf\u00fchlt, ohne auf ihr luxuri\u00f6ses Aussehen verzichten zu m\u00fcssen. Eines der auff\u00e4lligsten Merkmale von 'Amina' ist der zarte, offene R\u00fccken, der dem Kleid einen besonders sinnlichen und modernen Touch verleiht. Ein dezenter Knopfverschluss passt perfekt zum eleganten Design. Dieses Kleid ist die perfekte Wahl f\u00fcr die Braut, die einen raffinierten, zeitlosen Look mit einem Hauch von modernem Glamour sucht. Das 'Amina' Hochzeitskleid ist bei Koonings The Wedding Palace erh\u00e4ltlich, wo jede Braut ihr Traumkleid f\u00fcr den sch\u00f6nsten Tag ihres Lebens finden kann.","og_url":"https:\/\/www.koonings.com\/de\/product\/enzoani-love-collection-amina-2\/","og_site_name":"Koonings","article_publisher":"https:\/\/www.facebook.com\/kooningstheweddingpalace","og_image":[{"width":1064,"height":1418,"url":"https:\/\/www.koonings.com\/wp-content\/uploads\/2025\/04\/41180_3fc5785280a3764bdde3ac0ab4a5d0692d857fe4e8386dcc3e0e17f9b36bc76c313e10c3.jpeg","type":"image\/jpeg"}],"twitter_card":"summary_large_image","twitter_misc":{"Gesch\u00e4tzte Lesezeit":"1\u00a0Minute"},"schema":{"@context":"https:\/\/schema.org","@graph":[{"@type":"WebPage","@id":"https:\/\/www.koonings.com\/de\/product\/enzoani-love-collection-amina-2\/","url":"https:\/\/www.koonings.com\/de\/product\/enzoani-love-collection-amina-2\/","name":"Enzoani Love Collection Amina | Koonings","isPartOf":{"@id":"https:\/\/www.koonings.com\/de\/#website"},"primaryImageOfPage":{"@id":"https:\/\/www.koonings.com\/de\/product\/enzoani-love-collection-amina-2\/#primaryimage"},"image":{"@id":"https:\/\/www.koonings.com\/de\/product\/enzoani-love-collection-amina-2\/#primaryimage"},"thumbnailUrl":"https:\/\/www.koonings.com\/wp-content\/uploads\/2025\/04\/41180_3fc5785280a3764bdde3ac0ab4a5d0692d857fe4e8386dcc3e0e17f9b36bc76c313e10c3.jpeg","datePublished":"2026-04-28T16:26:26+00:00","description":"Das Brautkleid 'Amina' aus der Enzoani Love Collection, erh\u00e4ltlich bei Koonings The Wedding Palace, ist ein wahres Meisterwerk an Raffinesse und Romantik. Dieses Kleid vereint die perfekte Balance aus klassischer Eleganz und modernem Flair. Das Mieder ist mit wundersch\u00f6ner, handbestickter Spitze und funkelnden Kristallen verziert, die einen subtilen, aber bezaubernden Effekt erzeugen. Der Illusionsausschnitt verleiht dem Kleid ein luftiges, \u00e4therisches Gef\u00fchl, w\u00e4hrend der \u00e4rmellose Stil die Schultern anmutig betont. Der Rock 'Amina' ist ein wahres Kunstwerk aus luxuri\u00f6sem T\u00fcll und Chiffon, die zusammen einen luftigen, flie\u00dfenden Effekt erzeugen, mit dem sich die Braut elegant durch ihren gro\u00dfen Tag bewegt. Die schlanke A-Linien-Silhouette schmeichelt jeder K\u00f6rperform, so dass sich die Braut wohlf\u00fchlt, ohne auf ihr luxuri\u00f6ses Aussehen verzichten zu m\u00fcssen. Eines der auff\u00e4lligsten Merkmale von 'Amina' ist der zarte, offene R\u00fccken, der dem Kleid einen besonders sinnlichen und modernen Touch verleiht. Ein dezenter Knopfverschluss passt perfekt zum eleganten Design. Dieses Kleid ist die perfekte Wahl f\u00fcr die Braut, die einen raffinierten, zeitlosen Look mit einem Hauch von modernem Glamour sucht. Das 'Amina' Hochzeitskleid ist bei Koonings The Wedding Palace erh\u00e4ltlich, wo jede Braut ihr Traumkleid f\u00fcr den sch\u00f6nsten Tag ihres Lebens finden kann.","breadcrumb":{"@id":"https:\/\/www.koonings.com\/de\/product\/enzoani-love-collection-amina-2\/#breadcrumb"},"inLanguage":"de","potentialAction":[{"@type":"ReadAction","target":["https:\/\/www.koonings.com\/de\/product\/enzoani-love-collection-amina-2\/"]}]},{"@type":"ImageObject","inLanguage":"de","@id":"https:\/\/www.koonings.com\/de\/product\/enzoani-love-collection-amina-2\/#primaryimage","url":"https:\/\/www.koonings.com\/wp-content\/uploads\/2025\/04\/41180_3fc5785280a3764bdde3ac0ab4a5d0692d857fe4e8386dcc3e0e17f9b36bc76c313e10c3.jpeg","contentUrl":"https:\/\/www.koonings.com\/wp-content\/uploads\/2025\/04\/41180_3fc5785280a3764bdde3ac0ab4a5d0692d857fe4e8386dcc3e0e17f9b36bc76c313e10c3.jpeg","width":1064,"height":1418},{"@type":"BreadcrumbList","@id":"https:\/\/www.koonings.com\/de\/product\/enzoani-love-collection-amina-2\/#breadcrumb","itemListElement":[{"@type":"ListItem","position":1,"name":"Home","item":"https:\/\/www.koonings.com\/de\/"},{"@type":"ListItem","position":2,"name":"Enzoani Love Collection Amina"}]},{"@type":"WebSite","@id":"https:\/\/www.koonings.com\/de\/#website","url":"https:\/\/www.koonings.com\/de\/","name":"Koonings","description":"De grootste bruidsmodewinkel ter wereld","publisher":{"@id":"https:\/\/www.koonings.com\/de\/#organization"},"potentialAction":[{"@type":"SearchAction","target":{"@type":"EntryPoint","urlTemplate":"https:\/\/www.koonings.com\/de\/?s={search_term_string}"},"query-input":{"@type":"PropertyValueSpecification","valueRequired":true,"valueName":"search_term_string"}}],"inLanguage":"de"},{"@type":"Organization","@id":"https:\/\/www.koonings.com\/de\/#organization","name":"Koonings","url":"https:\/\/www.koonings.com\/de\/","logo":{"@type":"ImageObject","inLanguage":"de","@id":"https:\/\/www.koonings.com\/de\/#\/schema\/logo\/image\/","url":"https:\/\/www.koonings.com\/wp-content\/uploads\/2024\/07\/logo.png","contentUrl":"https:\/\/www.koonings.com\/wp-content\/uploads\/2024\/07\/logo.png","width":600,"height":428,"caption":"Koonings"},"image":{"@id":"https:\/\/www.koonings.com\/de\/#\/schema\/logo\/image\/"},"sameAs":["https:\/\/www.facebook.com\/kooningstheweddingpalace","https:\/\/www.instagram.com\/kooningstheweddingpalace","https:\/\/www.pinterest.com\/koonings","https:\/\/www.youtube.com\/kooningstheweddingpalace"]}]}},"_links":{"self":[{"href":"https:\/\/www.koonings.com\/de\/wp-json\/wp\/v2\/product\/84982","targetHints":{"allow":["GET"]}}],"collection":[{"href":"https:\/\/www.koonings.com\/de\/wp-json\/wp\/v2\/product"}],"about":[{"href":"https:\/\/www.koonings.com\/de\/wp-json\/wp\/v2\/types\/product"}],"wp:featuredmedia":[{"embeddable":true,"href":"https:\/\/www.koonings.com\/de\/wp-json\/wp\/v2\/media\/83274"}],"wp:attachment":[{"href":"https:\/\/www.koonings.com\/de\/wp-json\/wp\/v2\/media?parent=84982"}],"wp:term":[{"taxonomy":"productdetails","embeddable":true,"href":"https:\/\/www.koonings.com\/de\/wp-json\/wp\/v2\/productdetails?post=84982"},{"taxonomy":"productneck","embeddable":true,"href":"https:\/\/www.koonings.com\/de\/wp-json\/wp\/v2\/productneck?post=84982"},{"taxonomy":"productcolor","embeddable":true,"href":"https:\/\/www.koonings.com\/de\/wp-json\/wp\/v2\/productcolor?post=84982"},{"taxonomy":"maat","embeddable":true,"href":"https:\/\/www.koonings.com\/de\/wp-json\/wp\/v2\/maat?post=84982"},{"taxonomy":"productsupplier","embeddable":true,"href":"https:\/\/www.koonings.com\/de\/wp-json\/wp\/v2\/productsupplier?post=84982"},{"taxonomy":"productsleeve","embeddable":true,"href":"https:\/\/www.koonings.com\/de\/wp-json\/wp\/v2\/productsleeve?post=84982"},{"taxonomy":"productcategory","embeddable":true,"href":"https:\/\/www.koonings.com\/de\/wp-json\/wp\/v2\/productcategory?post=84982"},{"taxonomy":"productsilhouette","embeddable":true,"href":"https:\/\/www.koonings.com\/de\/wp-json\/wp\/v2\/productsilhouette?post=84982"},{"taxonomy":"productstyle","embeddable":true,"href":"https:\/\/www.koonings.com\/de\/wp-json\/wp\/v2\/productstyle?post=84982"}],"curies":[{"name":"wp","href":"https:\/\/api.w.org\/{rel}","templated":true}]}}