{"id":84968,"date":"2026-04-21T18:32:24","date_gmt":"2026-04-21T16:32:24","guid":{"rendered":"https:\/\/www.koonings.com\/product\/sonia-pena-11251004\/"},"modified":"2025-06-05T13:59:23","modified_gmt":"2025-06-05T11:59:23","slug":"sonia-pena-11251004","status":"publish","type":"product","link":"https:\/\/www.koonings.com\/de\/product\/sonia-pena-11251004\/","title":{"rendered":"Sonia Pena 11251004"},"content":{"rendered":"<p>Das Cocktailkleid von Sonia Pe\u00f1a ist ein raffinierter tiefblauer Mantel, der knapp \u00fcber das Knie f\u00e4llt und perfekt f\u00fcr einen schicken Anlass ist. Das Kleid verf\u00fcgt \u00fcber eine elegante Blumendekoration auf der linken Schulter, die dem Design subtilen Luxus verleiht. Der passende G\u00fcrtel in demselben Blauton wie das Kleid betont die Taille auf feminine Weise. Die Dreiviertel-\u00c4rmel verleihen dem Kleid einen raffinierten Look, w\u00e4hrend der Anzug gleichzeitig zeitlose Eleganz ausstrahlt. Eine perfekte Wahl f\u00fcr diejenigen, die einen klassischen und doch modernen Look suchen.    <\/p>\n","protected":false},"featured_media":83383,"template":"","meta":{"_acf_changed":false,"ghostkit_customizer_options":"","ghostkit_custom_css":"","ghostkit_custom_js_head":"","ghostkit_custom_js_foot":"","ghostkit_typography":""},"productdetails":[],"productneck":[356],"productcolor":[394],"maat":[],"productsupplier":[493],"productsleeve":[361,362],"productcategory":[259],"productsilhouette":[],"productstyle":[369],"class_list":["post-84968","product","type-product","status-publish","has-post-thumbnail","hentry","productneck-356","productcolor-394","productsupplier-sonia-pena","productsleeve-361","productsleeve-362","productcategory-avondkleding","productstyle-369"],"acf":[],"yoast_head":"<!-- This site is optimized with the Yoast SEO plugin v27.3 - https:\/\/yoast.com\/product\/yoast-seo-wordpress\/ -->\n<title>Sonia Pena 11251004 | Koonings<\/title>\n<meta name=\"description\" content=\"Das Cocktailkleid von Sonia Pe\u00f1a ist ein raffinierter tiefblauer Mantel, der knapp \u00fcber das Knie f\u00e4llt und perfekt f\u00fcr einen schicken Anlass ist. Das Kleid verf\u00fcgt \u00fcber eine elegante Blumendekoration auf der linken Schulter, die dem Design subtilen Luxus verleiht. Der passende G\u00fcrtel in demselben Blauton wie das Kleid betont die Taille auf feminine Weise. Die Dreiviertel-\u00c4rmel verleihen dem Kleid einen raffinierten Look, w\u00e4hrend der Anzug gleichzeitig zeitlose Eleganz ausstrahlt. Eine perfekte Wahl f\u00fcr diejenigen, die einen klassischen und doch modernen Look suchen.\" \/>\n<meta name=\"robots\" content=\"index, follow, max-snippet:-1, max-image-preview:large, max-video-preview:-1\" \/>\n<link rel=\"canonical\" href=\"https:\/\/www.koonings.com\/de\/product\/sonia-pena-11251004\/\" \/>\n<meta property=\"og:locale\" content=\"de_DE\" \/>\n<meta property=\"og:type\" content=\"article\" \/>\n<meta property=\"og:title\" content=\"Sonia Pena 11251004 | Koonings\" \/>\n<meta property=\"og:description\" content=\"Das Cocktailkleid von Sonia Pe\u00f1a ist ein raffinierter tiefblauer Mantel, der knapp \u00fcber das Knie f\u00e4llt und perfekt f\u00fcr einen schicken Anlass ist. Das Kleid verf\u00fcgt \u00fcber eine elegante Blumendekoration auf der linken Schulter, die dem Design subtilen Luxus verleiht. Der passende G\u00fcrtel in demselben Blauton wie das Kleid betont die Taille auf feminine Weise. Die Dreiviertel-\u00c4rmel verleihen dem Kleid einen raffinierten Look, w\u00e4hrend der Anzug gleichzeitig zeitlose Eleganz ausstrahlt. Eine perfekte Wahl f\u00fcr diejenigen, die einen klassischen und doch modernen Look suchen.\" \/>\n<meta property=\"og:url\" content=\"https:\/\/www.koonings.com\/de\/product\/sonia-pena-11251004\/\" \/>\n<meta property=\"og:site_name\" content=\"Koonings\" \/>\n<meta property=\"article:publisher\" content=\"https:\/\/www.facebook.com\/kooningstheweddingpalace\" \/>\n<meta property=\"og:image\" content=\"https:\/\/www.koonings.com\/wp-content\/uploads\/2025\/04\/49869_a619843ff5957acaf3bb4710f5c5f84108d3f4bb8a0f3731d728ee78f06d7a93313b982e-819x1024.png\" \/>\n\t<meta property=\"og:image:width\" content=\"819\" \/>\n\t<meta property=\"og:image:height\" content=\"1024\" \/>\n\t<meta property=\"og:image:type\" content=\"image\/png\" \/>\n<meta name=\"twitter:card\" content=\"summary_large_image\" \/>\n<script type=\"application\/ld+json\" class=\"yoast-schema-graph\">{\"@context\":\"https:\\\/\\\/schema.org\",\"@graph\":[{\"@type\":\"WebPage\",\"@id\":\"https:\\\/\\\/www.koonings.com\\\/de\\\/product\\\/sonia-pena-11251004\\\/\",\"url\":\"https:\\\/\\\/www.koonings.com\\\/de\\\/product\\\/sonia-pena-11251004\\\/\",\"name\":\"Sonia Pena 11251004 | Koonings\",\"isPartOf\":{\"@id\":\"https:\\\/\\\/www.koonings.com\\\/de\\\/#website\"},\"primaryImageOfPage\":{\"@id\":\"https:\\\/\\\/www.koonings.com\\\/de\\\/product\\\/sonia-pena-11251004\\\/#primaryimage\"},\"image\":{\"@id\":\"https:\\\/\\\/www.koonings.com\\\/de\\\/product\\\/sonia-pena-11251004\\\/#primaryimage\"},\"thumbnailUrl\":\"https:\\\/\\\/www.koonings.com\\\/wp-content\\\/uploads\\\/2025\\\/04\\\/49869_a619843ff5957acaf3bb4710f5c5f84108d3f4bb8a0f3731d728ee78f06d7a93313b982e.png\",\"datePublished\":\"2026-04-21T16:32:24+00:00\",\"description\":\"Das Cocktailkleid von Sonia Pe\u00f1a ist ein raffinierter tiefblauer Mantel, der knapp \u00fcber das Knie f\u00e4llt und perfekt f\u00fcr einen schicken Anlass ist. Das Kleid verf\u00fcgt \u00fcber eine elegante Blumendekoration auf der linken Schulter, die dem Design subtilen Luxus verleiht. Der passende G\u00fcrtel in demselben Blauton wie das Kleid betont die Taille auf feminine Weise. Die Dreiviertel-\u00c4rmel verleihen dem Kleid einen raffinierten Look, w\u00e4hrend der Anzug gleichzeitig zeitlose Eleganz ausstrahlt. Eine perfekte Wahl f\u00fcr diejenigen, die einen klassischen und doch modernen Look suchen.\",\"breadcrumb\":{\"@id\":\"https:\\\/\\\/www.koonings.com\\\/de\\\/product\\\/sonia-pena-11251004\\\/#breadcrumb\"},\"inLanguage\":\"de\",\"potentialAction\":[{\"@type\":\"ReadAction\",\"target\":[\"https:\\\/\\\/www.koonings.com\\\/de\\\/product\\\/sonia-pena-11251004\\\/\"]}]},{\"@type\":\"ImageObject\",\"inLanguage\":\"de\",\"@id\":\"https:\\\/\\\/www.koonings.com\\\/de\\\/product\\\/sonia-pena-11251004\\\/#primaryimage\",\"url\":\"https:\\\/\\\/www.koonings.com\\\/wp-content\\\/uploads\\\/2025\\\/04\\\/49869_a619843ff5957acaf3bb4710f5c5f84108d3f4bb8a0f3731d728ee78f06d7a93313b982e.png\",\"contentUrl\":\"https:\\\/\\\/www.koonings.com\\\/wp-content\\\/uploads\\\/2025\\\/04\\\/49869_a619843ff5957acaf3bb4710f5c5f84108d3f4bb8a0f3731d728ee78f06d7a93313b982e.png\",\"width\":864,\"height\":1080},{\"@type\":\"BreadcrumbList\",\"@id\":\"https:\\\/\\\/www.koonings.com\\\/de\\\/product\\\/sonia-pena-11251004\\\/#breadcrumb\",\"itemListElement\":[{\"@type\":\"ListItem\",\"position\":1,\"name\":\"Home\",\"item\":\"https:\\\/\\\/www.koonings.com\\\/de\\\/\"},{\"@type\":\"ListItem\",\"position\":2,\"name\":\"Sonia Pena 11251004\"}]},{\"@type\":\"WebSite\",\"@id\":\"https:\\\/\\\/www.koonings.com\\\/de\\\/#website\",\"url\":\"https:\\\/\\\/www.koonings.com\\\/de\\\/\",\"name\":\"Koonings\",\"description\":\"De grootste bruidsmodewinkel ter wereld\",\"publisher\":{\"@id\":\"https:\\\/\\\/www.koonings.com\\\/de\\\/#organization\"},\"potentialAction\":[{\"@type\":\"SearchAction\",\"target\":{\"@type\":\"EntryPoint\",\"urlTemplate\":\"https:\\\/\\\/www.koonings.com\\\/de\\\/?s={search_term_string}\"},\"query-input\":{\"@type\":\"PropertyValueSpecification\",\"valueRequired\":true,\"valueName\":\"search_term_string\"}}],\"inLanguage\":\"de\"},{\"@type\":\"Organization\",\"@id\":\"https:\\\/\\\/www.koonings.com\\\/de\\\/#organization\",\"name\":\"Koonings\",\"url\":\"https:\\\/\\\/www.koonings.com\\\/de\\\/\",\"logo\":{\"@type\":\"ImageObject\",\"inLanguage\":\"de\",\"@id\":\"https:\\\/\\\/www.koonings.com\\\/de\\\/#\\\/schema\\\/logo\\\/image\\\/\",\"url\":\"https:\\\/\\\/www.koonings.com\\\/wp-content\\\/uploads\\\/2024\\\/07\\\/logo.png\",\"contentUrl\":\"https:\\\/\\\/www.koonings.com\\\/wp-content\\\/uploads\\\/2024\\\/07\\\/logo.png\",\"width\":600,\"height\":428,\"caption\":\"Koonings\"},\"image\":{\"@id\":\"https:\\\/\\\/www.koonings.com\\\/de\\\/#\\\/schema\\\/logo\\\/image\\\/\"},\"sameAs\":[\"https:\\\/\\\/www.facebook.com\\\/kooningstheweddingpalace\",\"https:\\\/\\\/www.instagram.com\\\/kooningstheweddingpalace\",\"https:\\\/\\\/www.pinterest.com\\\/koonings\",\"https:\\\/\\\/www.youtube.com\\\/kooningstheweddingpalace\"]}]}<\/script>\n<!-- \/ Yoast SEO plugin. -->","yoast_head_json":{"title":"Sonia Pena 11251004 | Koonings","description":"Das Cocktailkleid von Sonia Pe\u00f1a ist ein raffinierter tiefblauer Mantel, der knapp \u00fcber das Knie f\u00e4llt und perfekt f\u00fcr einen schicken Anlass ist. Das Kleid verf\u00fcgt \u00fcber eine elegante Blumendekoration auf der linken Schulter, die dem Design subtilen Luxus verleiht. Der passende G\u00fcrtel in demselben Blauton wie das Kleid betont die Taille auf feminine Weise. Die Dreiviertel-\u00c4rmel verleihen dem Kleid einen raffinierten Look, w\u00e4hrend der Anzug gleichzeitig zeitlose Eleganz ausstrahlt. Eine perfekte Wahl f\u00fcr diejenigen, die einen klassischen und doch modernen Look suchen.","robots":{"index":"index","follow":"follow","max-snippet":"max-snippet:-1","max-image-preview":"max-image-preview:large","max-video-preview":"max-video-preview:-1"},"canonical":"https:\/\/www.koonings.com\/de\/product\/sonia-pena-11251004\/","og_locale":"de_DE","og_type":"article","og_title":"Sonia Pena 11251004 | Koonings","og_description":"Das Cocktailkleid von Sonia Pe\u00f1a ist ein raffinierter tiefblauer Mantel, der knapp \u00fcber das Knie f\u00e4llt und perfekt f\u00fcr einen schicken Anlass ist. Das Kleid verf\u00fcgt \u00fcber eine elegante Blumendekoration auf der linken Schulter, die dem Design subtilen Luxus verleiht. Der passende G\u00fcrtel in demselben Blauton wie das Kleid betont die Taille auf feminine Weise. Die Dreiviertel-\u00c4rmel verleihen dem Kleid einen raffinierten Look, w\u00e4hrend der Anzug gleichzeitig zeitlose Eleganz ausstrahlt. Eine perfekte Wahl f\u00fcr diejenigen, die einen klassischen und doch modernen Look suchen.","og_url":"https:\/\/www.koonings.com\/de\/product\/sonia-pena-11251004\/","og_site_name":"Koonings","article_publisher":"https:\/\/www.facebook.com\/kooningstheweddingpalace","og_image":[{"width":819,"height":1024,"url":"https:\/\/www.koonings.com\/wp-content\/uploads\/2025\/04\/49869_a619843ff5957acaf3bb4710f5c5f84108d3f4bb8a0f3731d728ee78f06d7a93313b982e-819x1024.png","type":"image\/png"}],"twitter_card":"summary_large_image","schema":{"@context":"https:\/\/schema.org","@graph":[{"@type":"WebPage","@id":"https:\/\/www.koonings.com\/de\/product\/sonia-pena-11251004\/","url":"https:\/\/www.koonings.com\/de\/product\/sonia-pena-11251004\/","name":"Sonia Pena 11251004 | Koonings","isPartOf":{"@id":"https:\/\/www.koonings.com\/de\/#website"},"primaryImageOfPage":{"@id":"https:\/\/www.koonings.com\/de\/product\/sonia-pena-11251004\/#primaryimage"},"image":{"@id":"https:\/\/www.koonings.com\/de\/product\/sonia-pena-11251004\/#primaryimage"},"thumbnailUrl":"https:\/\/www.koonings.com\/wp-content\/uploads\/2025\/04\/49869_a619843ff5957acaf3bb4710f5c5f84108d3f4bb8a0f3731d728ee78f06d7a93313b982e.png","datePublished":"2026-04-21T16:32:24+00:00","description":"Das Cocktailkleid von Sonia Pe\u00f1a ist ein raffinierter tiefblauer Mantel, der knapp \u00fcber das Knie f\u00e4llt und perfekt f\u00fcr einen schicken Anlass ist. Das Kleid verf\u00fcgt \u00fcber eine elegante Blumendekoration auf der linken Schulter, die dem Design subtilen Luxus verleiht. Der passende G\u00fcrtel in demselben Blauton wie das Kleid betont die Taille auf feminine Weise. Die Dreiviertel-\u00c4rmel verleihen dem Kleid einen raffinierten Look, w\u00e4hrend der Anzug gleichzeitig zeitlose Eleganz ausstrahlt. Eine perfekte Wahl f\u00fcr diejenigen, die einen klassischen und doch modernen Look suchen.","breadcrumb":{"@id":"https:\/\/www.koonings.com\/de\/product\/sonia-pena-11251004\/#breadcrumb"},"inLanguage":"de","potentialAction":[{"@type":"ReadAction","target":["https:\/\/www.koonings.com\/de\/product\/sonia-pena-11251004\/"]}]},{"@type":"ImageObject","inLanguage":"de","@id":"https:\/\/www.koonings.com\/de\/product\/sonia-pena-11251004\/#primaryimage","url":"https:\/\/www.koonings.com\/wp-content\/uploads\/2025\/04\/49869_a619843ff5957acaf3bb4710f5c5f84108d3f4bb8a0f3731d728ee78f06d7a93313b982e.png","contentUrl":"https:\/\/www.koonings.com\/wp-content\/uploads\/2025\/04\/49869_a619843ff5957acaf3bb4710f5c5f84108d3f4bb8a0f3731d728ee78f06d7a93313b982e.png","width":864,"height":1080},{"@type":"BreadcrumbList","@id":"https:\/\/www.koonings.com\/de\/product\/sonia-pena-11251004\/#breadcrumb","itemListElement":[{"@type":"ListItem","position":1,"name":"Home","item":"https:\/\/www.koonings.com\/de\/"},{"@type":"ListItem","position":2,"name":"Sonia Pena 11251004"}]},{"@type":"WebSite","@id":"https:\/\/www.koonings.com\/de\/#website","url":"https:\/\/www.koonings.com\/de\/","name":"Koonings","description":"De grootste bruidsmodewinkel ter wereld","publisher":{"@id":"https:\/\/www.koonings.com\/de\/#organization"},"potentialAction":[{"@type":"SearchAction","target":{"@type":"EntryPoint","urlTemplate":"https:\/\/www.koonings.com\/de\/?s={search_term_string}"},"query-input":{"@type":"PropertyValueSpecification","valueRequired":true,"valueName":"search_term_string"}}],"inLanguage":"de"},{"@type":"Organization","@id":"https:\/\/www.koonings.com\/de\/#organization","name":"Koonings","url":"https:\/\/www.koonings.com\/de\/","logo":{"@type":"ImageObject","inLanguage":"de","@id":"https:\/\/www.koonings.com\/de\/#\/schema\/logo\/image\/","url":"https:\/\/www.koonings.com\/wp-content\/uploads\/2024\/07\/logo.png","contentUrl":"https:\/\/www.koonings.com\/wp-content\/uploads\/2024\/07\/logo.png","width":600,"height":428,"caption":"Koonings"},"image":{"@id":"https:\/\/www.koonings.com\/de\/#\/schema\/logo\/image\/"},"sameAs":["https:\/\/www.facebook.com\/kooningstheweddingpalace","https:\/\/www.instagram.com\/kooningstheweddingpalace","https:\/\/www.pinterest.com\/koonings","https:\/\/www.youtube.com\/kooningstheweddingpalace"]}]}},"_links":{"self":[{"href":"https:\/\/www.koonings.com\/de\/wp-json\/wp\/v2\/product\/84968","targetHints":{"allow":["GET"]}}],"collection":[{"href":"https:\/\/www.koonings.com\/de\/wp-json\/wp\/v2\/product"}],"about":[{"href":"https:\/\/www.koonings.com\/de\/wp-json\/wp\/v2\/types\/product"}],"wp:featuredmedia":[{"embeddable":true,"href":"https:\/\/www.koonings.com\/de\/wp-json\/wp\/v2\/media\/83383"}],"wp:attachment":[{"href":"https:\/\/www.koonings.com\/de\/wp-json\/wp\/v2\/media?parent=84968"}],"wp:term":[{"taxonomy":"productdetails","embeddable":true,"href":"https:\/\/www.koonings.com\/de\/wp-json\/wp\/v2\/productdetails?post=84968"},{"taxonomy":"productneck","embeddable":true,"href":"https:\/\/www.koonings.com\/de\/wp-json\/wp\/v2\/productneck?post=84968"},{"taxonomy":"productcolor","embeddable":true,"href":"https:\/\/www.koonings.com\/de\/wp-json\/wp\/v2\/productcolor?post=84968"},{"taxonomy":"maat","embeddable":true,"href":"https:\/\/www.koonings.com\/de\/wp-json\/wp\/v2\/maat?post=84968"},{"taxonomy":"productsupplier","embeddable":true,"href":"https:\/\/www.koonings.com\/de\/wp-json\/wp\/v2\/productsupplier?post=84968"},{"taxonomy":"productsleeve","embeddable":true,"href":"https:\/\/www.koonings.com\/de\/wp-json\/wp\/v2\/productsleeve?post=84968"},{"taxonomy":"productcategory","embeddable":true,"href":"https:\/\/www.koonings.com\/de\/wp-json\/wp\/v2\/productcategory?post=84968"},{"taxonomy":"productsilhouette","embeddable":true,"href":"https:\/\/www.koonings.com\/de\/wp-json\/wp\/v2\/productsilhouette?post=84968"},{"taxonomy":"productstyle","embeddable":true,"href":"https:\/\/www.koonings.com\/de\/wp-json\/wp\/v2\/productstyle?post=84968"}],"curies":[{"name":"wp","href":"https:\/\/api.w.org\/{rel}","templated":true}]}}