{"id":84961,"date":"2026-04-14T16:30:43","date_gmt":"2026-04-14T14:30:43","guid":{"rendered":"https:\/\/www.koonings.com\/product\/immediate-369-24105a-75\/"},"modified":"2026-02-16T15:05:46","modified_gmt":"2026-02-16T14:05:46","slug":"immediate-369-24105a-75","status":"publish","type":"product","link":"https:\/\/www.koonings.com\/de\/product\/immediate-369-24105a-75\/","title":{"rendered":"Unmittelbar 369-24105A-75"},"content":{"rendered":"<p>Dieser stilvolle Hochzeitsanzug aus der Kollektion von Koonings The Wedding Palace kommt in einem eleganten Flaschengr\u00fcn daher und ist aus einem glatten, geschmeidigen Stoff gefertigt. Weniger ist mehr! Sowohl die Weste als auch die Jacke haben einen klassischen Nachhall und sorgen f\u00fcr einen raffinierten Look. Vervollst\u00e4ndigen Sie den Look mit einer oliv-sandfarbenen Krawatte &#8211; die perfekte Erg\u00e4nzung zu jedem Stil des Brautkleides!   <\/p>\n","protected":false},"featured_media":81085,"template":"","meta":{"_acf_changed":false,"ghostkit_customizer_options":"","ghostkit_custom_css":"","ghostkit_custom_js_head":"","ghostkit_custom_js_foot":"","ghostkit_typography":""},"productdetails":[],"productneck":[],"productcolor":[448],"maat":[],"productsupplier":[452],"productsleeve":[],"productcategory":[227],"productsilhouette":[],"productstyle":[],"class_list":["post-84961","product","type-product","status-publish","has-post-thumbnail","hentry","productcolor-448","productsupplier-immediate","productcategory-kostuum"],"acf":[],"yoast_head":"<!-- This site is optimized with the Yoast SEO plugin v27.3 - https:\/\/yoast.com\/product\/yoast-seo-wordpress\/ -->\n<title>Unmittelbar 369-24105A-75 | Koonings<\/title>\n<meta name=\"description\" content=\"Dieser stilvolle Hochzeitsanzug aus der Kollektion von Koonings The Wedding Palace kommt in einem eleganten Flaschengr\u00fcn daher und ist aus einem glatten, geschmeidigen Stoff gefertigt. Weniger ist mehr! Sowohl die Weste als auch die Jacke haben einen klassischen Nachhall und sorgen f\u00fcr einen raffinierten Look. Vervollst\u00e4ndigen Sie den Look mit einer oliv-sandfarbenen Krawatte - die perfekte Erg\u00e4nzung zu jedem Stil des Brautkleides!\" \/>\n<meta name=\"robots\" content=\"index, follow, max-snippet:-1, max-image-preview:large, max-video-preview:-1\" \/>\n<link rel=\"canonical\" href=\"https:\/\/www.koonings.com\/de\/product\/immediate-369-24105a-75\/\" \/>\n<meta property=\"og:locale\" content=\"de_DE\" \/>\n<meta property=\"og:type\" content=\"article\" \/>\n<meta property=\"og:title\" content=\"Unmittelbar 369-24105A-75 | Koonings\" \/>\n<meta property=\"og:description\" content=\"Dieser stilvolle Hochzeitsanzug aus der Kollektion von Koonings The Wedding Palace kommt in einem eleganten Flaschengr\u00fcn daher und ist aus einem glatten, geschmeidigen Stoff gefertigt. Weniger ist mehr! Sowohl die Weste als auch die Jacke haben einen klassischen Nachhall und sorgen f\u00fcr einen raffinierten Look. Vervollst\u00e4ndigen Sie den Look mit einer oliv-sandfarbenen Krawatte - die perfekte Erg\u00e4nzung zu jedem Stil des Brautkleides!\" \/>\n<meta property=\"og:url\" content=\"https:\/\/www.koonings.com\/de\/product\/immediate-369-24105a-75\/\" \/>\n<meta property=\"og:site_name\" content=\"Koonings\" \/>\n<meta property=\"article:publisher\" content=\"https:\/\/www.facebook.com\/kooningstheweddingpalace\" \/>\n<meta property=\"og:image\" content=\"https:\/\/www.koonings.com\/wp-content\/uploads\/2025\/02\/49267_c81e070197719e4910368773a5ead66633c9bd6706465d091df58289afc2d91db2a5669d-scaled.jpeg\" \/>\n\t<meta property=\"og:image:width\" content=\"1811\" \/>\n\t<meta property=\"og:image:height\" content=\"2560\" \/>\n\t<meta property=\"og:image:type\" content=\"image\/jpeg\" \/>\n<meta name=\"twitter:card\" content=\"summary_large_image\" \/>\n<script type=\"application\/ld+json\" class=\"yoast-schema-graph\">{\"@context\":\"https:\\\/\\\/schema.org\",\"@graph\":[{\"@type\":\"WebPage\",\"@id\":\"https:\\\/\\\/www.koonings.com\\\/de\\\/product\\\/immediate-369-24105a-75\\\/\",\"url\":\"https:\\\/\\\/www.koonings.com\\\/de\\\/product\\\/immediate-369-24105a-75\\\/\",\"name\":\"Unmittelbar 369-24105A-75 | Koonings\",\"isPartOf\":{\"@id\":\"https:\\\/\\\/www.koonings.com\\\/de\\\/#website\"},\"primaryImageOfPage\":{\"@id\":\"https:\\\/\\\/www.koonings.com\\\/de\\\/product\\\/immediate-369-24105a-75\\\/#primaryimage\"},\"image\":{\"@id\":\"https:\\\/\\\/www.koonings.com\\\/de\\\/product\\\/immediate-369-24105a-75\\\/#primaryimage\"},\"thumbnailUrl\":\"https:\\\/\\\/www.koonings.com\\\/wp-content\\\/uploads\\\/2025\\\/02\\\/49267_c81e070197719e4910368773a5ead66633c9bd6706465d091df58289afc2d91db2a5669d-scaled.jpeg\",\"datePublished\":\"2026-04-14T14:30:43+00:00\",\"description\":\"Dieser stilvolle Hochzeitsanzug aus der Kollektion von Koonings The Wedding Palace kommt in einem eleganten Flaschengr\u00fcn daher und ist aus einem glatten, geschmeidigen Stoff gefertigt. Weniger ist mehr! Sowohl die Weste als auch die Jacke haben einen klassischen Nachhall und sorgen f\u00fcr einen raffinierten Look. Vervollst\u00e4ndigen Sie den Look mit einer oliv-sandfarbenen Krawatte - die perfekte Erg\u00e4nzung zu jedem Stil des Brautkleides!\",\"breadcrumb\":{\"@id\":\"https:\\\/\\\/www.koonings.com\\\/de\\\/product\\\/immediate-369-24105a-75\\\/#breadcrumb\"},\"inLanguage\":\"de\",\"potentialAction\":[{\"@type\":\"ReadAction\",\"target\":[\"https:\\\/\\\/www.koonings.com\\\/de\\\/product\\\/immediate-369-24105a-75\\\/\"]}]},{\"@type\":\"ImageObject\",\"inLanguage\":\"de\",\"@id\":\"https:\\\/\\\/www.koonings.com\\\/de\\\/product\\\/immediate-369-24105a-75\\\/#primaryimage\",\"url\":\"https:\\\/\\\/www.koonings.com\\\/wp-content\\\/uploads\\\/2025\\\/02\\\/49267_c81e070197719e4910368773a5ead66633c9bd6706465d091df58289afc2d91db2a5669d-scaled.jpeg\",\"contentUrl\":\"https:\\\/\\\/www.koonings.com\\\/wp-content\\\/uploads\\\/2025\\\/02\\\/49267_c81e070197719e4910368773a5ead66633c9bd6706465d091df58289afc2d91db2a5669d-scaled.jpeg\",\"width\":1811,\"height\":2560},{\"@type\":\"BreadcrumbList\",\"@id\":\"https:\\\/\\\/www.koonings.com\\\/de\\\/product\\\/immediate-369-24105a-75\\\/#breadcrumb\",\"itemListElement\":[{\"@type\":\"ListItem\",\"position\":1,\"name\":\"Home\",\"item\":\"https:\\\/\\\/www.koonings.com\\\/de\\\/\"},{\"@type\":\"ListItem\",\"position\":2,\"name\":\"Unmittelbar 369-24105A-75\"}]},{\"@type\":\"WebSite\",\"@id\":\"https:\\\/\\\/www.koonings.com\\\/de\\\/#website\",\"url\":\"https:\\\/\\\/www.koonings.com\\\/de\\\/\",\"name\":\"Koonings\",\"description\":\"De grootste bruidsmodewinkel ter wereld\",\"publisher\":{\"@id\":\"https:\\\/\\\/www.koonings.com\\\/de\\\/#organization\"},\"potentialAction\":[{\"@type\":\"SearchAction\",\"target\":{\"@type\":\"EntryPoint\",\"urlTemplate\":\"https:\\\/\\\/www.koonings.com\\\/de\\\/?s={search_term_string}\"},\"query-input\":{\"@type\":\"PropertyValueSpecification\",\"valueRequired\":true,\"valueName\":\"search_term_string\"}}],\"inLanguage\":\"de\"},{\"@type\":\"Organization\",\"@id\":\"https:\\\/\\\/www.koonings.com\\\/de\\\/#organization\",\"name\":\"Koonings\",\"url\":\"https:\\\/\\\/www.koonings.com\\\/de\\\/\",\"logo\":{\"@type\":\"ImageObject\",\"inLanguage\":\"de\",\"@id\":\"https:\\\/\\\/www.koonings.com\\\/de\\\/#\\\/schema\\\/logo\\\/image\\\/\",\"url\":\"https:\\\/\\\/www.koonings.com\\\/wp-content\\\/uploads\\\/2024\\\/07\\\/logo.png\",\"contentUrl\":\"https:\\\/\\\/www.koonings.com\\\/wp-content\\\/uploads\\\/2024\\\/07\\\/logo.png\",\"width\":600,\"height\":428,\"caption\":\"Koonings\"},\"image\":{\"@id\":\"https:\\\/\\\/www.koonings.com\\\/de\\\/#\\\/schema\\\/logo\\\/image\\\/\"},\"sameAs\":[\"https:\\\/\\\/www.facebook.com\\\/kooningstheweddingpalace\",\"https:\\\/\\\/www.instagram.com\\\/kooningstheweddingpalace\",\"https:\\\/\\\/www.pinterest.com\\\/koonings\",\"https:\\\/\\\/www.youtube.com\\\/kooningstheweddingpalace\"]}]}<\/script>\n<!-- \/ Yoast SEO plugin. -->","yoast_head_json":{"title":"Unmittelbar 369-24105A-75 | Koonings","description":"Dieser stilvolle Hochzeitsanzug aus der Kollektion von Koonings The Wedding Palace kommt in einem eleganten Flaschengr\u00fcn daher und ist aus einem glatten, geschmeidigen Stoff gefertigt. Weniger ist mehr! Sowohl die Weste als auch die Jacke haben einen klassischen Nachhall und sorgen f\u00fcr einen raffinierten Look. Vervollst\u00e4ndigen Sie den Look mit einer oliv-sandfarbenen Krawatte - die perfekte Erg\u00e4nzung zu jedem Stil des Brautkleides!","robots":{"index":"index","follow":"follow","max-snippet":"max-snippet:-1","max-image-preview":"max-image-preview:large","max-video-preview":"max-video-preview:-1"},"canonical":"https:\/\/www.koonings.com\/de\/product\/immediate-369-24105a-75\/","og_locale":"de_DE","og_type":"article","og_title":"Unmittelbar 369-24105A-75 | Koonings","og_description":"Dieser stilvolle Hochzeitsanzug aus der Kollektion von Koonings The Wedding Palace kommt in einem eleganten Flaschengr\u00fcn daher und ist aus einem glatten, geschmeidigen Stoff gefertigt. Weniger ist mehr! Sowohl die Weste als auch die Jacke haben einen klassischen Nachhall und sorgen f\u00fcr einen raffinierten Look. Vervollst\u00e4ndigen Sie den Look mit einer oliv-sandfarbenen Krawatte - die perfekte Erg\u00e4nzung zu jedem Stil des Brautkleides!","og_url":"https:\/\/www.koonings.com\/de\/product\/immediate-369-24105a-75\/","og_site_name":"Koonings","article_publisher":"https:\/\/www.facebook.com\/kooningstheweddingpalace","og_image":[{"width":1811,"height":2560,"url":"https:\/\/www.koonings.com\/wp-content\/uploads\/2025\/02\/49267_c81e070197719e4910368773a5ead66633c9bd6706465d091df58289afc2d91db2a5669d-scaled.jpeg","type":"image\/jpeg"}],"twitter_card":"summary_large_image","schema":{"@context":"https:\/\/schema.org","@graph":[{"@type":"WebPage","@id":"https:\/\/www.koonings.com\/de\/product\/immediate-369-24105a-75\/","url":"https:\/\/www.koonings.com\/de\/product\/immediate-369-24105a-75\/","name":"Unmittelbar 369-24105A-75 | Koonings","isPartOf":{"@id":"https:\/\/www.koonings.com\/de\/#website"},"primaryImageOfPage":{"@id":"https:\/\/www.koonings.com\/de\/product\/immediate-369-24105a-75\/#primaryimage"},"image":{"@id":"https:\/\/www.koonings.com\/de\/product\/immediate-369-24105a-75\/#primaryimage"},"thumbnailUrl":"https:\/\/www.koonings.com\/wp-content\/uploads\/2025\/02\/49267_c81e070197719e4910368773a5ead66633c9bd6706465d091df58289afc2d91db2a5669d-scaled.jpeg","datePublished":"2026-04-14T14:30:43+00:00","description":"Dieser stilvolle Hochzeitsanzug aus der Kollektion von Koonings The Wedding Palace kommt in einem eleganten Flaschengr\u00fcn daher und ist aus einem glatten, geschmeidigen Stoff gefertigt. Weniger ist mehr! Sowohl die Weste als auch die Jacke haben einen klassischen Nachhall und sorgen f\u00fcr einen raffinierten Look. Vervollst\u00e4ndigen Sie den Look mit einer oliv-sandfarbenen Krawatte - die perfekte Erg\u00e4nzung zu jedem Stil des Brautkleides!","breadcrumb":{"@id":"https:\/\/www.koonings.com\/de\/product\/immediate-369-24105a-75\/#breadcrumb"},"inLanguage":"de","potentialAction":[{"@type":"ReadAction","target":["https:\/\/www.koonings.com\/de\/product\/immediate-369-24105a-75\/"]}]},{"@type":"ImageObject","inLanguage":"de","@id":"https:\/\/www.koonings.com\/de\/product\/immediate-369-24105a-75\/#primaryimage","url":"https:\/\/www.koonings.com\/wp-content\/uploads\/2025\/02\/49267_c81e070197719e4910368773a5ead66633c9bd6706465d091df58289afc2d91db2a5669d-scaled.jpeg","contentUrl":"https:\/\/www.koonings.com\/wp-content\/uploads\/2025\/02\/49267_c81e070197719e4910368773a5ead66633c9bd6706465d091df58289afc2d91db2a5669d-scaled.jpeg","width":1811,"height":2560},{"@type":"BreadcrumbList","@id":"https:\/\/www.koonings.com\/de\/product\/immediate-369-24105a-75\/#breadcrumb","itemListElement":[{"@type":"ListItem","position":1,"name":"Home","item":"https:\/\/www.koonings.com\/de\/"},{"@type":"ListItem","position":2,"name":"Unmittelbar 369-24105A-75"}]},{"@type":"WebSite","@id":"https:\/\/www.koonings.com\/de\/#website","url":"https:\/\/www.koonings.com\/de\/","name":"Koonings","description":"De grootste bruidsmodewinkel ter wereld","publisher":{"@id":"https:\/\/www.koonings.com\/de\/#organization"},"potentialAction":[{"@type":"SearchAction","target":{"@type":"EntryPoint","urlTemplate":"https:\/\/www.koonings.com\/de\/?s={search_term_string}"},"query-input":{"@type":"PropertyValueSpecification","valueRequired":true,"valueName":"search_term_string"}}],"inLanguage":"de"},{"@type":"Organization","@id":"https:\/\/www.koonings.com\/de\/#organization","name":"Koonings","url":"https:\/\/www.koonings.com\/de\/","logo":{"@type":"ImageObject","inLanguage":"de","@id":"https:\/\/www.koonings.com\/de\/#\/schema\/logo\/image\/","url":"https:\/\/www.koonings.com\/wp-content\/uploads\/2024\/07\/logo.png","contentUrl":"https:\/\/www.koonings.com\/wp-content\/uploads\/2024\/07\/logo.png","width":600,"height":428,"caption":"Koonings"},"image":{"@id":"https:\/\/www.koonings.com\/de\/#\/schema\/logo\/image\/"},"sameAs":["https:\/\/www.facebook.com\/kooningstheweddingpalace","https:\/\/www.instagram.com\/kooningstheweddingpalace","https:\/\/www.pinterest.com\/koonings","https:\/\/www.youtube.com\/kooningstheweddingpalace"]}]}},"_links":{"self":[{"href":"https:\/\/www.koonings.com\/de\/wp-json\/wp\/v2\/product\/84961","targetHints":{"allow":["GET"]}}],"collection":[{"href":"https:\/\/www.koonings.com\/de\/wp-json\/wp\/v2\/product"}],"about":[{"href":"https:\/\/www.koonings.com\/de\/wp-json\/wp\/v2\/types\/product"}],"wp:featuredmedia":[{"embeddable":true,"href":"https:\/\/www.koonings.com\/de\/wp-json\/wp\/v2\/media\/81085"}],"wp:attachment":[{"href":"https:\/\/www.koonings.com\/de\/wp-json\/wp\/v2\/media?parent=84961"}],"wp:term":[{"taxonomy":"productdetails","embeddable":true,"href":"https:\/\/www.koonings.com\/de\/wp-json\/wp\/v2\/productdetails?post=84961"},{"taxonomy":"productneck","embeddable":true,"href":"https:\/\/www.koonings.com\/de\/wp-json\/wp\/v2\/productneck?post=84961"},{"taxonomy":"productcolor","embeddable":true,"href":"https:\/\/www.koonings.com\/de\/wp-json\/wp\/v2\/productcolor?post=84961"},{"taxonomy":"maat","embeddable":true,"href":"https:\/\/www.koonings.com\/de\/wp-json\/wp\/v2\/maat?post=84961"},{"taxonomy":"productsupplier","embeddable":true,"href":"https:\/\/www.koonings.com\/de\/wp-json\/wp\/v2\/productsupplier?post=84961"},{"taxonomy":"productsleeve","embeddable":true,"href":"https:\/\/www.koonings.com\/de\/wp-json\/wp\/v2\/productsleeve?post=84961"},{"taxonomy":"productcategory","embeddable":true,"href":"https:\/\/www.koonings.com\/de\/wp-json\/wp\/v2\/productcategory?post=84961"},{"taxonomy":"productsilhouette","embeddable":true,"href":"https:\/\/www.koonings.com\/de\/wp-json\/wp\/v2\/productsilhouette?post=84961"},{"taxonomy":"productstyle","embeddable":true,"href":"https:\/\/www.koonings.com\/de\/wp-json\/wp\/v2\/productstyle?post=84961"}],"curies":[{"name":"wp","href":"https:\/\/api.w.org\/{rel}","templated":true}]}}