{"id":84959,"date":"2026-04-21T18:31:00","date_gmt":"2026-04-21T16:31:00","guid":{"rendered":"https:\/\/www.koonings.com\/product\/immediate-367-25124a-602-florence\/"},"modified":"2026-02-16T15:05:51","modified_gmt":"2026-02-16T14:05:51","slug":"immediate-367-25124a-602-florence","status":"publish","type":"product","link":"https:\/\/www.koonings.com\/de\/product\/immediate-367-25124a-602-florence\/","title":{"rendered":"Unmittelbar 367 25124A-602 Florenz"},"content":{"rendered":"<p>F\u00c4RBEN SIE IHRE HOCHZEIT:<br \/>\nGemeinsam tr\u00e4umen, gemeinsam strahlen &#8211; in perfekter Harmonie am sch\u00f6nsten Tag Ihres Lebens. Der Br\u00e4utigam gl\u00e4nzt in einem stilvollen Hochzeitsanzug in &#8216;soft orange&#8217;, komplett mit einer eleganten Schottenweste und perfekt passenden Accessoires. <\/p>\n<p>Treten Sie ein in die Welt von Immediate, wo ein Hochzeitsanzug nicht nur getragen, sondern wirklich erlebt wird. Immediate versteht, dass Herrenmode mehr ist als nur ein Anzug &#8211; sie ist eine Erfahrung, ein Gef\u00fchl, ein Statement. Die exklusive Immediate-Kollektion, die bei Koonings The Wedding Palace erh\u00e4ltlich ist, bietet eine breite Palette an \u00fcberraschenden Farben. Von subtiler Eleganz bis hin zu trendy und gewagt. Die raffinierte italienische Passform in Kombination mit luxuri\u00f6sen, geschmeidigen Stoffen sorgt f\u00fcr die perfekte Kombination. Entdecken Sie Ihren ultimativen Hochzeitslook bei Koonings The Wedding Palace und erleben Sie die Magie von Immediate.     <\/p>\n","protected":false},"featured_media":80982,"template":"","meta":{"_acf_changed":false,"ghostkit_customizer_options":"","ghostkit_custom_css":"","ghostkit_custom_js_head":"","ghostkit_custom_js_foot":"","ghostkit_typography":""},"productdetails":[],"productneck":[],"productcolor":[394,501],"maat":[],"productsupplier":[452],"productsleeve":[],"productcategory":[227],"productsilhouette":[],"productstyle":[],"class_list":["post-84959","product","type-product","status-publish","has-post-thumbnail","hentry","productcolor-394","productcolor-501","productsupplier-immediate","productcategory-kostuum"],"acf":[],"yoast_head":"<!-- This site is optimized with the Yoast SEO plugin v27.3 - https:\/\/yoast.com\/product\/yoast-seo-wordpress\/ -->\n<title>Unmittelbar 367 25124A-602 Florenz | Koonings<\/title>\n<meta name=\"description\" content=\"F\u00c4RBEN SIE IHRE HOCHZEIT: Gemeinsam tr\u00e4umen, gemeinsam strahlen - in perfekter Harmonie am sch\u00f6nsten Tag Ihres Lebens. Der Br\u00e4utigam gl\u00e4nzt in einem stilvollen Hochzeitsanzug in &#039;soft orange&#039;, komplett mit einer eleganten Schottenweste und perfekt passenden Accessoires. Treten Sie ein in die Welt von Immediate, wo ein Hochzeitsanzug nicht nur getragen, sondern wirklich erlebt wird. Immediate versteht, dass Herrenmode mehr ist als nur ein Anzug - sie ist eine Erfahrung, ein Gef\u00fchl, ein Statement. Die exklusive Immediate-Kollektion, die bei Koonings The Wedding Palace erh\u00e4ltlich ist, bietet eine breite Palette an \u00fcberraschenden Farben. Von subtiler Eleganz bis hin zu trendy und gewagt. Die raffinierte italienische Passform in Kombination mit luxuri\u00f6sen, geschmeidigen Stoffen sorgt f\u00fcr die perfekte Kombination. Entdecken Sie Ihren ultimativen Hochzeitslook bei Koonings The Wedding Palace und erleben Sie die Magie von Immediate.\" \/>\n<meta name=\"robots\" content=\"index, follow, max-snippet:-1, max-image-preview:large, max-video-preview:-1\" \/>\n<link rel=\"canonical\" href=\"https:\/\/www.koonings.com\/de\/product\/immediate-367-25124a-602-florence\/\" \/>\n<meta property=\"og:locale\" content=\"de_DE\" \/>\n<meta property=\"og:type\" content=\"article\" \/>\n<meta property=\"og:title\" content=\"Unmittelbar 367 25124A-602 Florenz | Koonings\" \/>\n<meta property=\"og:description\" content=\"F\u00c4RBEN SIE IHRE HOCHZEIT: Gemeinsam tr\u00e4umen, gemeinsam strahlen - in perfekter Harmonie am sch\u00f6nsten Tag Ihres Lebens. Der Br\u00e4utigam gl\u00e4nzt in einem stilvollen Hochzeitsanzug in &#039;soft orange&#039;, komplett mit einer eleganten Schottenweste und perfekt passenden Accessoires. Treten Sie ein in die Welt von Immediate, wo ein Hochzeitsanzug nicht nur getragen, sondern wirklich erlebt wird. Immediate versteht, dass Herrenmode mehr ist als nur ein Anzug - sie ist eine Erfahrung, ein Gef\u00fchl, ein Statement. Die exklusive Immediate-Kollektion, die bei Koonings The Wedding Palace erh\u00e4ltlich ist, bietet eine breite Palette an \u00fcberraschenden Farben. Von subtiler Eleganz bis hin zu trendy und gewagt. Die raffinierte italienische Passform in Kombination mit luxuri\u00f6sen, geschmeidigen Stoffen sorgt f\u00fcr die perfekte Kombination. Entdecken Sie Ihren ultimativen Hochzeitslook bei Koonings The Wedding Palace und erleben Sie die Magie von Immediate.\" \/>\n<meta property=\"og:url\" content=\"https:\/\/www.koonings.com\/de\/product\/immediate-367-25124a-602-florence\/\" \/>\n<meta property=\"og:site_name\" content=\"Koonings\" \/>\n<meta property=\"article:publisher\" content=\"https:\/\/www.facebook.com\/kooningstheweddingpalace\" \/>\n<meta property=\"og:image\" content=\"https:\/\/www.koonings.com\/wp-content\/uploads\/2025\/02\/49530_73ecec51ea352700d6c5d0af15621ec57184ffa6940d50e65bc6f5fcb5b01832ff447f1d-scaled.jpeg\" \/>\n\t<meta property=\"og:image:width\" content=\"1920\" \/>\n\t<meta property=\"og:image:height\" content=\"2560\" \/>\n\t<meta property=\"og:image:type\" content=\"image\/jpeg\" \/>\n<meta name=\"twitter:card\" content=\"summary_large_image\" \/>\n<meta name=\"twitter:label1\" content=\"Gesch\u00e4tzte Lesezeit\" \/>\n\t<meta name=\"twitter:data1\" content=\"1\u00a0Minute\" \/>\n<script type=\"application\/ld+json\" class=\"yoast-schema-graph\">{\"@context\":\"https:\\\/\\\/schema.org\",\"@graph\":[{\"@type\":\"WebPage\",\"@id\":\"https:\\\/\\\/www.koonings.com\\\/de\\\/product\\\/immediate-367-25124a-602-florence\\\/\",\"url\":\"https:\\\/\\\/www.koonings.com\\\/de\\\/product\\\/immediate-367-25124a-602-florence\\\/\",\"name\":\"Unmittelbar 367 25124A-602 Florenz | Koonings\",\"isPartOf\":{\"@id\":\"https:\\\/\\\/www.koonings.com\\\/de\\\/#website\"},\"primaryImageOfPage\":{\"@id\":\"https:\\\/\\\/www.koonings.com\\\/de\\\/product\\\/immediate-367-25124a-602-florence\\\/#primaryimage\"},\"image\":{\"@id\":\"https:\\\/\\\/www.koonings.com\\\/de\\\/product\\\/immediate-367-25124a-602-florence\\\/#primaryimage\"},\"thumbnailUrl\":\"https:\\\/\\\/www.koonings.com\\\/wp-content\\\/uploads\\\/2025\\\/02\\\/49530_73ecec51ea352700d6c5d0af15621ec57184ffa6940d50e65bc6f5fcb5b01832ff447f1d-scaled.jpeg\",\"datePublished\":\"2026-04-21T16:31:00+00:00\",\"description\":\"F\u00c4RBEN SIE IHRE HOCHZEIT: Gemeinsam tr\u00e4umen, gemeinsam strahlen - in perfekter Harmonie am sch\u00f6nsten Tag Ihres Lebens. Der Br\u00e4utigam gl\u00e4nzt in einem stilvollen Hochzeitsanzug in 'soft orange', komplett mit einer eleganten Schottenweste und perfekt passenden Accessoires. Treten Sie ein in die Welt von Immediate, wo ein Hochzeitsanzug nicht nur getragen, sondern wirklich erlebt wird. Immediate versteht, dass Herrenmode mehr ist als nur ein Anzug - sie ist eine Erfahrung, ein Gef\u00fchl, ein Statement. Die exklusive Immediate-Kollektion, die bei Koonings The Wedding Palace erh\u00e4ltlich ist, bietet eine breite Palette an \u00fcberraschenden Farben. Von subtiler Eleganz bis hin zu trendy und gewagt. Die raffinierte italienische Passform in Kombination mit luxuri\u00f6sen, geschmeidigen Stoffen sorgt f\u00fcr die perfekte Kombination. Entdecken Sie Ihren ultimativen Hochzeitslook bei Koonings The Wedding Palace und erleben Sie die Magie von Immediate.\",\"breadcrumb\":{\"@id\":\"https:\\\/\\\/www.koonings.com\\\/de\\\/product\\\/immediate-367-25124a-602-florence\\\/#breadcrumb\"},\"inLanguage\":\"de\",\"potentialAction\":[{\"@type\":\"ReadAction\",\"target\":[\"https:\\\/\\\/www.koonings.com\\\/de\\\/product\\\/immediate-367-25124a-602-florence\\\/\"]}]},{\"@type\":\"ImageObject\",\"inLanguage\":\"de\",\"@id\":\"https:\\\/\\\/www.koonings.com\\\/de\\\/product\\\/immediate-367-25124a-602-florence\\\/#primaryimage\",\"url\":\"https:\\\/\\\/www.koonings.com\\\/wp-content\\\/uploads\\\/2025\\\/02\\\/49530_73ecec51ea352700d6c5d0af15621ec57184ffa6940d50e65bc6f5fcb5b01832ff447f1d-scaled.jpeg\",\"contentUrl\":\"https:\\\/\\\/www.koonings.com\\\/wp-content\\\/uploads\\\/2025\\\/02\\\/49530_73ecec51ea352700d6c5d0af15621ec57184ffa6940d50e65bc6f5fcb5b01832ff447f1d-scaled.jpeg\",\"width\":1920,\"height\":2560},{\"@type\":\"BreadcrumbList\",\"@id\":\"https:\\\/\\\/www.koonings.com\\\/de\\\/product\\\/immediate-367-25124a-602-florence\\\/#breadcrumb\",\"itemListElement\":[{\"@type\":\"ListItem\",\"position\":1,\"name\":\"Home\",\"item\":\"https:\\\/\\\/www.koonings.com\\\/de\\\/\"},{\"@type\":\"ListItem\",\"position\":2,\"name\":\"Unmittelbar 367 25124A-602 Florenz\"}]},{\"@type\":\"WebSite\",\"@id\":\"https:\\\/\\\/www.koonings.com\\\/de\\\/#website\",\"url\":\"https:\\\/\\\/www.koonings.com\\\/de\\\/\",\"name\":\"Koonings\",\"description\":\"De grootste bruidsmodewinkel ter wereld\",\"publisher\":{\"@id\":\"https:\\\/\\\/www.koonings.com\\\/de\\\/#organization\"},\"potentialAction\":[{\"@type\":\"SearchAction\",\"target\":{\"@type\":\"EntryPoint\",\"urlTemplate\":\"https:\\\/\\\/www.koonings.com\\\/de\\\/?s={search_term_string}\"},\"query-input\":{\"@type\":\"PropertyValueSpecification\",\"valueRequired\":true,\"valueName\":\"search_term_string\"}}],\"inLanguage\":\"de\"},{\"@type\":\"Organization\",\"@id\":\"https:\\\/\\\/www.koonings.com\\\/de\\\/#organization\",\"name\":\"Koonings\",\"url\":\"https:\\\/\\\/www.koonings.com\\\/de\\\/\",\"logo\":{\"@type\":\"ImageObject\",\"inLanguage\":\"de\",\"@id\":\"https:\\\/\\\/www.koonings.com\\\/de\\\/#\\\/schema\\\/logo\\\/image\\\/\",\"url\":\"https:\\\/\\\/www.koonings.com\\\/wp-content\\\/uploads\\\/2024\\\/07\\\/logo.png\",\"contentUrl\":\"https:\\\/\\\/www.koonings.com\\\/wp-content\\\/uploads\\\/2024\\\/07\\\/logo.png\",\"width\":600,\"height\":428,\"caption\":\"Koonings\"},\"image\":{\"@id\":\"https:\\\/\\\/www.koonings.com\\\/de\\\/#\\\/schema\\\/logo\\\/image\\\/\"},\"sameAs\":[\"https:\\\/\\\/www.facebook.com\\\/kooningstheweddingpalace\",\"https:\\\/\\\/www.instagram.com\\\/kooningstheweddingpalace\",\"https:\\\/\\\/www.pinterest.com\\\/koonings\",\"https:\\\/\\\/www.youtube.com\\\/kooningstheweddingpalace\"]}]}<\/script>\n<!-- \/ Yoast SEO plugin. -->","yoast_head_json":{"title":"Unmittelbar 367 25124A-602 Florenz | Koonings","description":"F\u00c4RBEN SIE IHRE HOCHZEIT: Gemeinsam tr\u00e4umen, gemeinsam strahlen - in perfekter Harmonie am sch\u00f6nsten Tag Ihres Lebens. Der Br\u00e4utigam gl\u00e4nzt in einem stilvollen Hochzeitsanzug in 'soft orange', komplett mit einer eleganten Schottenweste und perfekt passenden Accessoires. Treten Sie ein in die Welt von Immediate, wo ein Hochzeitsanzug nicht nur getragen, sondern wirklich erlebt wird. Immediate versteht, dass Herrenmode mehr ist als nur ein Anzug - sie ist eine Erfahrung, ein Gef\u00fchl, ein Statement. Die exklusive Immediate-Kollektion, die bei Koonings The Wedding Palace erh\u00e4ltlich ist, bietet eine breite Palette an \u00fcberraschenden Farben. Von subtiler Eleganz bis hin zu trendy und gewagt. Die raffinierte italienische Passform in Kombination mit luxuri\u00f6sen, geschmeidigen Stoffen sorgt f\u00fcr die perfekte Kombination. Entdecken Sie Ihren ultimativen Hochzeitslook bei Koonings The Wedding Palace und erleben Sie die Magie von Immediate.","robots":{"index":"index","follow":"follow","max-snippet":"max-snippet:-1","max-image-preview":"max-image-preview:large","max-video-preview":"max-video-preview:-1"},"canonical":"https:\/\/www.koonings.com\/de\/product\/immediate-367-25124a-602-florence\/","og_locale":"de_DE","og_type":"article","og_title":"Unmittelbar 367 25124A-602 Florenz | Koonings","og_description":"F\u00c4RBEN SIE IHRE HOCHZEIT: Gemeinsam tr\u00e4umen, gemeinsam strahlen - in perfekter Harmonie am sch\u00f6nsten Tag Ihres Lebens. Der Br\u00e4utigam gl\u00e4nzt in einem stilvollen Hochzeitsanzug in 'soft orange', komplett mit einer eleganten Schottenweste und perfekt passenden Accessoires. Treten Sie ein in die Welt von Immediate, wo ein Hochzeitsanzug nicht nur getragen, sondern wirklich erlebt wird. Immediate versteht, dass Herrenmode mehr ist als nur ein Anzug - sie ist eine Erfahrung, ein Gef\u00fchl, ein Statement. Die exklusive Immediate-Kollektion, die bei Koonings The Wedding Palace erh\u00e4ltlich ist, bietet eine breite Palette an \u00fcberraschenden Farben. Von subtiler Eleganz bis hin zu trendy und gewagt. Die raffinierte italienische Passform in Kombination mit luxuri\u00f6sen, geschmeidigen Stoffen sorgt f\u00fcr die perfekte Kombination. Entdecken Sie Ihren ultimativen Hochzeitslook bei Koonings The Wedding Palace und erleben Sie die Magie von Immediate.","og_url":"https:\/\/www.koonings.com\/de\/product\/immediate-367-25124a-602-florence\/","og_site_name":"Koonings","article_publisher":"https:\/\/www.facebook.com\/kooningstheweddingpalace","og_image":[{"width":1920,"height":2560,"url":"https:\/\/www.koonings.com\/wp-content\/uploads\/2025\/02\/49530_73ecec51ea352700d6c5d0af15621ec57184ffa6940d50e65bc6f5fcb5b01832ff447f1d-scaled.jpeg","type":"image\/jpeg"}],"twitter_card":"summary_large_image","twitter_misc":{"Gesch\u00e4tzte Lesezeit":"1\u00a0Minute"},"schema":{"@context":"https:\/\/schema.org","@graph":[{"@type":"WebPage","@id":"https:\/\/www.koonings.com\/de\/product\/immediate-367-25124a-602-florence\/","url":"https:\/\/www.koonings.com\/de\/product\/immediate-367-25124a-602-florence\/","name":"Unmittelbar 367 25124A-602 Florenz | Koonings","isPartOf":{"@id":"https:\/\/www.koonings.com\/de\/#website"},"primaryImageOfPage":{"@id":"https:\/\/www.koonings.com\/de\/product\/immediate-367-25124a-602-florence\/#primaryimage"},"image":{"@id":"https:\/\/www.koonings.com\/de\/product\/immediate-367-25124a-602-florence\/#primaryimage"},"thumbnailUrl":"https:\/\/www.koonings.com\/wp-content\/uploads\/2025\/02\/49530_73ecec51ea352700d6c5d0af15621ec57184ffa6940d50e65bc6f5fcb5b01832ff447f1d-scaled.jpeg","datePublished":"2026-04-21T16:31:00+00:00","description":"F\u00c4RBEN SIE IHRE HOCHZEIT: Gemeinsam tr\u00e4umen, gemeinsam strahlen - in perfekter Harmonie am sch\u00f6nsten Tag Ihres Lebens. Der Br\u00e4utigam gl\u00e4nzt in einem stilvollen Hochzeitsanzug in 'soft orange', komplett mit einer eleganten Schottenweste und perfekt passenden Accessoires. Treten Sie ein in die Welt von Immediate, wo ein Hochzeitsanzug nicht nur getragen, sondern wirklich erlebt wird. Immediate versteht, dass Herrenmode mehr ist als nur ein Anzug - sie ist eine Erfahrung, ein Gef\u00fchl, ein Statement. Die exklusive Immediate-Kollektion, die bei Koonings The Wedding Palace erh\u00e4ltlich ist, bietet eine breite Palette an \u00fcberraschenden Farben. Von subtiler Eleganz bis hin zu trendy und gewagt. Die raffinierte italienische Passform in Kombination mit luxuri\u00f6sen, geschmeidigen Stoffen sorgt f\u00fcr die perfekte Kombination. Entdecken Sie Ihren ultimativen Hochzeitslook bei Koonings The Wedding Palace und erleben Sie die Magie von Immediate.","breadcrumb":{"@id":"https:\/\/www.koonings.com\/de\/product\/immediate-367-25124a-602-florence\/#breadcrumb"},"inLanguage":"de","potentialAction":[{"@type":"ReadAction","target":["https:\/\/www.koonings.com\/de\/product\/immediate-367-25124a-602-florence\/"]}]},{"@type":"ImageObject","inLanguage":"de","@id":"https:\/\/www.koonings.com\/de\/product\/immediate-367-25124a-602-florence\/#primaryimage","url":"https:\/\/www.koonings.com\/wp-content\/uploads\/2025\/02\/49530_73ecec51ea352700d6c5d0af15621ec57184ffa6940d50e65bc6f5fcb5b01832ff447f1d-scaled.jpeg","contentUrl":"https:\/\/www.koonings.com\/wp-content\/uploads\/2025\/02\/49530_73ecec51ea352700d6c5d0af15621ec57184ffa6940d50e65bc6f5fcb5b01832ff447f1d-scaled.jpeg","width":1920,"height":2560},{"@type":"BreadcrumbList","@id":"https:\/\/www.koonings.com\/de\/product\/immediate-367-25124a-602-florence\/#breadcrumb","itemListElement":[{"@type":"ListItem","position":1,"name":"Home","item":"https:\/\/www.koonings.com\/de\/"},{"@type":"ListItem","position":2,"name":"Unmittelbar 367 25124A-602 Florenz"}]},{"@type":"WebSite","@id":"https:\/\/www.koonings.com\/de\/#website","url":"https:\/\/www.koonings.com\/de\/","name":"Koonings","description":"De grootste bruidsmodewinkel ter wereld","publisher":{"@id":"https:\/\/www.koonings.com\/de\/#organization"},"potentialAction":[{"@type":"SearchAction","target":{"@type":"EntryPoint","urlTemplate":"https:\/\/www.koonings.com\/de\/?s={search_term_string}"},"query-input":{"@type":"PropertyValueSpecification","valueRequired":true,"valueName":"search_term_string"}}],"inLanguage":"de"},{"@type":"Organization","@id":"https:\/\/www.koonings.com\/de\/#organization","name":"Koonings","url":"https:\/\/www.koonings.com\/de\/","logo":{"@type":"ImageObject","inLanguage":"de","@id":"https:\/\/www.koonings.com\/de\/#\/schema\/logo\/image\/","url":"https:\/\/www.koonings.com\/wp-content\/uploads\/2024\/07\/logo.png","contentUrl":"https:\/\/www.koonings.com\/wp-content\/uploads\/2024\/07\/logo.png","width":600,"height":428,"caption":"Koonings"},"image":{"@id":"https:\/\/www.koonings.com\/de\/#\/schema\/logo\/image\/"},"sameAs":["https:\/\/www.facebook.com\/kooningstheweddingpalace","https:\/\/www.instagram.com\/kooningstheweddingpalace","https:\/\/www.pinterest.com\/koonings","https:\/\/www.youtube.com\/kooningstheweddingpalace"]}]}},"_links":{"self":[{"href":"https:\/\/www.koonings.com\/de\/wp-json\/wp\/v2\/product\/84959","targetHints":{"allow":["GET"]}}],"collection":[{"href":"https:\/\/www.koonings.com\/de\/wp-json\/wp\/v2\/product"}],"about":[{"href":"https:\/\/www.koonings.com\/de\/wp-json\/wp\/v2\/types\/product"}],"wp:featuredmedia":[{"embeddable":true,"href":"https:\/\/www.koonings.com\/de\/wp-json\/wp\/v2\/media\/80982"}],"wp:attachment":[{"href":"https:\/\/www.koonings.com\/de\/wp-json\/wp\/v2\/media?parent=84959"}],"wp:term":[{"taxonomy":"productdetails","embeddable":true,"href":"https:\/\/www.koonings.com\/de\/wp-json\/wp\/v2\/productdetails?post=84959"},{"taxonomy":"productneck","embeddable":true,"href":"https:\/\/www.koonings.com\/de\/wp-json\/wp\/v2\/productneck?post=84959"},{"taxonomy":"productcolor","embeddable":true,"href":"https:\/\/www.koonings.com\/de\/wp-json\/wp\/v2\/productcolor?post=84959"},{"taxonomy":"maat","embeddable":true,"href":"https:\/\/www.koonings.com\/de\/wp-json\/wp\/v2\/maat?post=84959"},{"taxonomy":"productsupplier","embeddable":true,"href":"https:\/\/www.koonings.com\/de\/wp-json\/wp\/v2\/productsupplier?post=84959"},{"taxonomy":"productsleeve","embeddable":true,"href":"https:\/\/www.koonings.com\/de\/wp-json\/wp\/v2\/productsleeve?post=84959"},{"taxonomy":"productcategory","embeddable":true,"href":"https:\/\/www.koonings.com\/de\/wp-json\/wp\/v2\/productcategory?post=84959"},{"taxonomy":"productsilhouette","embeddable":true,"href":"https:\/\/www.koonings.com\/de\/wp-json\/wp\/v2\/productsilhouette?post=84959"},{"taxonomy":"productstyle","embeddable":true,"href":"https:\/\/www.koonings.com\/de\/wp-json\/wp\/v2\/productstyle?post=84959"}],"curies":[{"name":"wp","href":"https:\/\/api.w.org\/{rel}","templated":true}]}}