{"id":84954,"date":"2026-04-14T16:32:03","date_gmt":"2026-04-14T14:32:03","guid":{"rendered":"https:\/\/www.koonings.com\/product\/immediate-367-25105a-71-florence\/"},"modified":"2025-06-05T13:55:26","modified_gmt":"2025-06-05T11:55:26","slug":"immediate-367-25105a-71-florence","status":"publish","type":"product","link":"https:\/\/www.koonings.com\/de\/product\/immediate-367-25105a-71-florence\/","title":{"rendered":"Immediate 367-25105A-71 Florence"},"content":{"rendered":"<p>PASSENDE ANZ\u00dcGE:<br \/>\nIn stilvollen Mintgr\u00fcn- und Petrolt\u00f6nen strahlen der Br\u00e4utigam und sein Trauzeuge pure Klasse aus. Zusammen bilden sie ein unwiderstehliches Duo an diesem unvergesslichen Tag. Treten Sie ein in die Welt von Immediate, wo ein Hochzeitsanzug nicht nur getragen, sondern wirklich erlebt wird. Immediate versteht, dass Herrenmode mehr ist als nur ein Anzug &#8211; sie ist ein Erlebnis, ein Gef\u00fchl, ein Statement. Die exklusive Immediate-Kollektion, die bei Koonings The Wedding Palace erh\u00e4ltlich ist, bietet eine breite Palette an \u00fcberraschenden Farben. Von subtiler Eleganz bis hin zu trendy und gewagt. Die raffinierte italienische Passform in Kombination mit luxuri\u00f6sen, geschmeidigen Stoffen sorgt f\u00fcr die perfekte Kombination. Entdecken Sie Ihren ultimativen Hochzeitslook bei Koonings The Wedding Palace und erleben Sie die Magie von Immediate.       <\/p>\n","protected":false},"featured_media":81012,"template":"","meta":{"_acf_changed":false,"ghostkit_customizer_options":"","ghostkit_custom_css":"","ghostkit_custom_js_head":"","ghostkit_custom_js_foot":"","ghostkit_typography":""},"productdetails":[],"productneck":[],"productcolor":[394,501],"maat":[],"productsupplier":[452],"productsleeve":[],"productcategory":[227],"productsilhouette":[],"productstyle":[],"class_list":["post-84954","product","type-product","status-publish","has-post-thumbnail","hentry","productcolor-394","productcolor-501","productsupplier-immediate","productcategory-kostuum"],"acf":[],"yoast_head":"<!-- This site is optimized with the Yoast SEO plugin v27.3 - https:\/\/yoast.com\/product\/yoast-seo-wordpress\/ -->\n<title>Immediate 367-25105A-71 Florence | Koonings<\/title>\n<meta name=\"description\" content=\"PASSENDE ANZ\u00dcGE: In stilvollen Mintgr\u00fcn- und Petrolt\u00f6nen strahlen der Br\u00e4utigam und sein Trauzeuge pure Klasse aus. Zusammen bilden sie ein unwiderstehliches Duo an diesem unvergesslichen Tag. Treten Sie ein in die Welt von Immediate, wo ein Hochzeitsanzug nicht nur getragen, sondern wirklich erlebt wird. Immediate versteht, dass Herrenmode mehr ist als nur ein Anzug - sie ist ein Erlebnis, ein Gef\u00fchl, ein Statement. Die exklusive Immediate-Kollektion, die bei Koonings The Wedding Palace erh\u00e4ltlich ist, bietet eine breite Palette an \u00fcberraschenden Farben. Von subtiler Eleganz bis hin zu trendy und gewagt. Die raffinierte italienische Passform in Kombination mit luxuri\u00f6sen, geschmeidigen Stoffen sorgt f\u00fcr die perfekte Kombination. Entdecken Sie Ihren ultimativen Hochzeitslook bei Koonings The Wedding Palace und erleben Sie die Magie von Immediate.\" \/>\n<meta name=\"robots\" content=\"index, follow, max-snippet:-1, max-image-preview:large, max-video-preview:-1\" \/>\n<link rel=\"canonical\" href=\"https:\/\/www.koonings.com\/de\/product\/immediate-367-25105a-71-florence\/\" \/>\n<meta property=\"og:locale\" content=\"de_DE\" \/>\n<meta property=\"og:type\" content=\"article\" \/>\n<meta property=\"og:title\" content=\"Immediate 367-25105A-71 Florence | Koonings\" \/>\n<meta property=\"og:description\" content=\"PASSENDE ANZ\u00dcGE: In stilvollen Mintgr\u00fcn- und Petrolt\u00f6nen strahlen der Br\u00e4utigam und sein Trauzeuge pure Klasse aus. Zusammen bilden sie ein unwiderstehliches Duo an diesem unvergesslichen Tag. Treten Sie ein in die Welt von Immediate, wo ein Hochzeitsanzug nicht nur getragen, sondern wirklich erlebt wird. Immediate versteht, dass Herrenmode mehr ist als nur ein Anzug - sie ist ein Erlebnis, ein Gef\u00fchl, ein Statement. Die exklusive Immediate-Kollektion, die bei Koonings The Wedding Palace erh\u00e4ltlich ist, bietet eine breite Palette an \u00fcberraschenden Farben. Von subtiler Eleganz bis hin zu trendy und gewagt. Die raffinierte italienische Passform in Kombination mit luxuri\u00f6sen, geschmeidigen Stoffen sorgt f\u00fcr die perfekte Kombination. Entdecken Sie Ihren ultimativen Hochzeitslook bei Koonings The Wedding Palace und erleben Sie die Magie von Immediate.\" \/>\n<meta property=\"og:url\" content=\"https:\/\/www.koonings.com\/de\/product\/immediate-367-25105a-71-florence\/\" \/>\n<meta property=\"og:site_name\" content=\"Koonings\" \/>\n<meta property=\"article:publisher\" content=\"https:\/\/www.facebook.com\/kooningstheweddingpalace\" \/>\n<meta property=\"og:image\" content=\"https:\/\/www.koonings.com\/wp-content\/uploads\/2025\/02\/49532_fff5aa178b377aa6cf938cf596af1a59a66c271a7aebc50b4bc6c15d91111e2496e9ab19-scaled.jpeg\" \/>\n\t<meta property=\"og:image:width\" content=\"1707\" \/>\n\t<meta property=\"og:image:height\" content=\"2560\" \/>\n\t<meta property=\"og:image:type\" content=\"image\/jpeg\" \/>\n<meta name=\"twitter:card\" content=\"summary_large_image\" \/>\n<meta name=\"twitter:label1\" content=\"Gesch\u00e4tzte Lesezeit\" \/>\n\t<meta name=\"twitter:data1\" content=\"1\u00a0Minute\" \/>\n<script type=\"application\/ld+json\" class=\"yoast-schema-graph\">{\"@context\":\"https:\\\/\\\/schema.org\",\"@graph\":[{\"@type\":\"WebPage\",\"@id\":\"https:\\\/\\\/www.koonings.com\\\/de\\\/product\\\/immediate-367-25105a-71-florence\\\/\",\"url\":\"https:\\\/\\\/www.koonings.com\\\/de\\\/product\\\/immediate-367-25105a-71-florence\\\/\",\"name\":\"Immediate 367-25105A-71 Florence | Koonings\",\"isPartOf\":{\"@id\":\"https:\\\/\\\/www.koonings.com\\\/de\\\/#website\"},\"primaryImageOfPage\":{\"@id\":\"https:\\\/\\\/www.koonings.com\\\/de\\\/product\\\/immediate-367-25105a-71-florence\\\/#primaryimage\"},\"image\":{\"@id\":\"https:\\\/\\\/www.koonings.com\\\/de\\\/product\\\/immediate-367-25105a-71-florence\\\/#primaryimage\"},\"thumbnailUrl\":\"https:\\\/\\\/www.koonings.com\\\/wp-content\\\/uploads\\\/2025\\\/02\\\/49532_fff5aa178b377aa6cf938cf596af1a59a66c271a7aebc50b4bc6c15d91111e2496e9ab19-scaled.jpeg\",\"datePublished\":\"2026-04-14T14:32:03+00:00\",\"description\":\"PASSENDE ANZ\u00dcGE: In stilvollen Mintgr\u00fcn- und Petrolt\u00f6nen strahlen der Br\u00e4utigam und sein Trauzeuge pure Klasse aus. Zusammen bilden sie ein unwiderstehliches Duo an diesem unvergesslichen Tag. Treten Sie ein in die Welt von Immediate, wo ein Hochzeitsanzug nicht nur getragen, sondern wirklich erlebt wird. Immediate versteht, dass Herrenmode mehr ist als nur ein Anzug - sie ist ein Erlebnis, ein Gef\u00fchl, ein Statement. Die exklusive Immediate-Kollektion, die bei Koonings The Wedding Palace erh\u00e4ltlich ist, bietet eine breite Palette an \u00fcberraschenden Farben. Von subtiler Eleganz bis hin zu trendy und gewagt. Die raffinierte italienische Passform in Kombination mit luxuri\u00f6sen, geschmeidigen Stoffen sorgt f\u00fcr die perfekte Kombination. Entdecken Sie Ihren ultimativen Hochzeitslook bei Koonings The Wedding Palace und erleben Sie die Magie von Immediate.\",\"breadcrumb\":{\"@id\":\"https:\\\/\\\/www.koonings.com\\\/de\\\/product\\\/immediate-367-25105a-71-florence\\\/#breadcrumb\"},\"inLanguage\":\"de\",\"potentialAction\":[{\"@type\":\"ReadAction\",\"target\":[\"https:\\\/\\\/www.koonings.com\\\/de\\\/product\\\/immediate-367-25105a-71-florence\\\/\"]}]},{\"@type\":\"ImageObject\",\"inLanguage\":\"de\",\"@id\":\"https:\\\/\\\/www.koonings.com\\\/de\\\/product\\\/immediate-367-25105a-71-florence\\\/#primaryimage\",\"url\":\"https:\\\/\\\/www.koonings.com\\\/wp-content\\\/uploads\\\/2025\\\/02\\\/49532_fff5aa178b377aa6cf938cf596af1a59a66c271a7aebc50b4bc6c15d91111e2496e9ab19-scaled.jpeg\",\"contentUrl\":\"https:\\\/\\\/www.koonings.com\\\/wp-content\\\/uploads\\\/2025\\\/02\\\/49532_fff5aa178b377aa6cf938cf596af1a59a66c271a7aebc50b4bc6c15d91111e2496e9ab19-scaled.jpeg\",\"width\":1707,\"height\":2560},{\"@type\":\"BreadcrumbList\",\"@id\":\"https:\\\/\\\/www.koonings.com\\\/de\\\/product\\\/immediate-367-25105a-71-florence\\\/#breadcrumb\",\"itemListElement\":[{\"@type\":\"ListItem\",\"position\":1,\"name\":\"Home\",\"item\":\"https:\\\/\\\/www.koonings.com\\\/de\\\/\"},{\"@type\":\"ListItem\",\"position\":2,\"name\":\"Immediate 367-25105A-71 Florence\"}]},{\"@type\":\"WebSite\",\"@id\":\"https:\\\/\\\/www.koonings.com\\\/de\\\/#website\",\"url\":\"https:\\\/\\\/www.koonings.com\\\/de\\\/\",\"name\":\"Koonings\",\"description\":\"De grootste bruidsmodewinkel ter wereld\",\"publisher\":{\"@id\":\"https:\\\/\\\/www.koonings.com\\\/de\\\/#organization\"},\"potentialAction\":[{\"@type\":\"SearchAction\",\"target\":{\"@type\":\"EntryPoint\",\"urlTemplate\":\"https:\\\/\\\/www.koonings.com\\\/de\\\/?s={search_term_string}\"},\"query-input\":{\"@type\":\"PropertyValueSpecification\",\"valueRequired\":true,\"valueName\":\"search_term_string\"}}],\"inLanguage\":\"de\"},{\"@type\":\"Organization\",\"@id\":\"https:\\\/\\\/www.koonings.com\\\/de\\\/#organization\",\"name\":\"Koonings\",\"url\":\"https:\\\/\\\/www.koonings.com\\\/de\\\/\",\"logo\":{\"@type\":\"ImageObject\",\"inLanguage\":\"de\",\"@id\":\"https:\\\/\\\/www.koonings.com\\\/de\\\/#\\\/schema\\\/logo\\\/image\\\/\",\"url\":\"https:\\\/\\\/www.koonings.com\\\/wp-content\\\/uploads\\\/2024\\\/07\\\/logo.png\",\"contentUrl\":\"https:\\\/\\\/www.koonings.com\\\/wp-content\\\/uploads\\\/2024\\\/07\\\/logo.png\",\"width\":600,\"height\":428,\"caption\":\"Koonings\"},\"image\":{\"@id\":\"https:\\\/\\\/www.koonings.com\\\/de\\\/#\\\/schema\\\/logo\\\/image\\\/\"},\"sameAs\":[\"https:\\\/\\\/www.facebook.com\\\/kooningstheweddingpalace\",\"https:\\\/\\\/www.instagram.com\\\/kooningstheweddingpalace\",\"https:\\\/\\\/www.pinterest.com\\\/koonings\",\"https:\\\/\\\/www.youtube.com\\\/kooningstheweddingpalace\"]}]}<\/script>\n<!-- \/ Yoast SEO plugin. -->","yoast_head_json":{"title":"Immediate 367-25105A-71 Florence | Koonings","description":"PASSENDE ANZ\u00dcGE: In stilvollen Mintgr\u00fcn- und Petrolt\u00f6nen strahlen der Br\u00e4utigam und sein Trauzeuge pure Klasse aus. Zusammen bilden sie ein unwiderstehliches Duo an diesem unvergesslichen Tag. Treten Sie ein in die Welt von Immediate, wo ein Hochzeitsanzug nicht nur getragen, sondern wirklich erlebt wird. Immediate versteht, dass Herrenmode mehr ist als nur ein Anzug - sie ist ein Erlebnis, ein Gef\u00fchl, ein Statement. Die exklusive Immediate-Kollektion, die bei Koonings The Wedding Palace erh\u00e4ltlich ist, bietet eine breite Palette an \u00fcberraschenden Farben. Von subtiler Eleganz bis hin zu trendy und gewagt. Die raffinierte italienische Passform in Kombination mit luxuri\u00f6sen, geschmeidigen Stoffen sorgt f\u00fcr die perfekte Kombination. Entdecken Sie Ihren ultimativen Hochzeitslook bei Koonings The Wedding Palace und erleben Sie die Magie von Immediate.","robots":{"index":"index","follow":"follow","max-snippet":"max-snippet:-1","max-image-preview":"max-image-preview:large","max-video-preview":"max-video-preview:-1"},"canonical":"https:\/\/www.koonings.com\/de\/product\/immediate-367-25105a-71-florence\/","og_locale":"de_DE","og_type":"article","og_title":"Immediate 367-25105A-71 Florence | Koonings","og_description":"PASSENDE ANZ\u00dcGE: In stilvollen Mintgr\u00fcn- und Petrolt\u00f6nen strahlen der Br\u00e4utigam und sein Trauzeuge pure Klasse aus. Zusammen bilden sie ein unwiderstehliches Duo an diesem unvergesslichen Tag. Treten Sie ein in die Welt von Immediate, wo ein Hochzeitsanzug nicht nur getragen, sondern wirklich erlebt wird. Immediate versteht, dass Herrenmode mehr ist als nur ein Anzug - sie ist ein Erlebnis, ein Gef\u00fchl, ein Statement. Die exklusive Immediate-Kollektion, die bei Koonings The Wedding Palace erh\u00e4ltlich ist, bietet eine breite Palette an \u00fcberraschenden Farben. Von subtiler Eleganz bis hin zu trendy und gewagt. Die raffinierte italienische Passform in Kombination mit luxuri\u00f6sen, geschmeidigen Stoffen sorgt f\u00fcr die perfekte Kombination. Entdecken Sie Ihren ultimativen Hochzeitslook bei Koonings The Wedding Palace und erleben Sie die Magie von Immediate.","og_url":"https:\/\/www.koonings.com\/de\/product\/immediate-367-25105a-71-florence\/","og_site_name":"Koonings","article_publisher":"https:\/\/www.facebook.com\/kooningstheweddingpalace","og_image":[{"width":1707,"height":2560,"url":"https:\/\/www.koonings.com\/wp-content\/uploads\/2025\/02\/49532_fff5aa178b377aa6cf938cf596af1a59a66c271a7aebc50b4bc6c15d91111e2496e9ab19-scaled.jpeg","type":"image\/jpeg"}],"twitter_card":"summary_large_image","twitter_misc":{"Gesch\u00e4tzte Lesezeit":"1\u00a0Minute"},"schema":{"@context":"https:\/\/schema.org","@graph":[{"@type":"WebPage","@id":"https:\/\/www.koonings.com\/de\/product\/immediate-367-25105a-71-florence\/","url":"https:\/\/www.koonings.com\/de\/product\/immediate-367-25105a-71-florence\/","name":"Immediate 367-25105A-71 Florence | Koonings","isPartOf":{"@id":"https:\/\/www.koonings.com\/de\/#website"},"primaryImageOfPage":{"@id":"https:\/\/www.koonings.com\/de\/product\/immediate-367-25105a-71-florence\/#primaryimage"},"image":{"@id":"https:\/\/www.koonings.com\/de\/product\/immediate-367-25105a-71-florence\/#primaryimage"},"thumbnailUrl":"https:\/\/www.koonings.com\/wp-content\/uploads\/2025\/02\/49532_fff5aa178b377aa6cf938cf596af1a59a66c271a7aebc50b4bc6c15d91111e2496e9ab19-scaled.jpeg","datePublished":"2026-04-14T14:32:03+00:00","description":"PASSENDE ANZ\u00dcGE: In stilvollen Mintgr\u00fcn- und Petrolt\u00f6nen strahlen der Br\u00e4utigam und sein Trauzeuge pure Klasse aus. Zusammen bilden sie ein unwiderstehliches Duo an diesem unvergesslichen Tag. Treten Sie ein in die Welt von Immediate, wo ein Hochzeitsanzug nicht nur getragen, sondern wirklich erlebt wird. Immediate versteht, dass Herrenmode mehr ist als nur ein Anzug - sie ist ein Erlebnis, ein Gef\u00fchl, ein Statement. Die exklusive Immediate-Kollektion, die bei Koonings The Wedding Palace erh\u00e4ltlich ist, bietet eine breite Palette an \u00fcberraschenden Farben. Von subtiler Eleganz bis hin zu trendy und gewagt. Die raffinierte italienische Passform in Kombination mit luxuri\u00f6sen, geschmeidigen Stoffen sorgt f\u00fcr die perfekte Kombination. Entdecken Sie Ihren ultimativen Hochzeitslook bei Koonings The Wedding Palace und erleben Sie die Magie von Immediate.","breadcrumb":{"@id":"https:\/\/www.koonings.com\/de\/product\/immediate-367-25105a-71-florence\/#breadcrumb"},"inLanguage":"de","potentialAction":[{"@type":"ReadAction","target":["https:\/\/www.koonings.com\/de\/product\/immediate-367-25105a-71-florence\/"]}]},{"@type":"ImageObject","inLanguage":"de","@id":"https:\/\/www.koonings.com\/de\/product\/immediate-367-25105a-71-florence\/#primaryimage","url":"https:\/\/www.koonings.com\/wp-content\/uploads\/2025\/02\/49532_fff5aa178b377aa6cf938cf596af1a59a66c271a7aebc50b4bc6c15d91111e2496e9ab19-scaled.jpeg","contentUrl":"https:\/\/www.koonings.com\/wp-content\/uploads\/2025\/02\/49532_fff5aa178b377aa6cf938cf596af1a59a66c271a7aebc50b4bc6c15d91111e2496e9ab19-scaled.jpeg","width":1707,"height":2560},{"@type":"BreadcrumbList","@id":"https:\/\/www.koonings.com\/de\/product\/immediate-367-25105a-71-florence\/#breadcrumb","itemListElement":[{"@type":"ListItem","position":1,"name":"Home","item":"https:\/\/www.koonings.com\/de\/"},{"@type":"ListItem","position":2,"name":"Immediate 367-25105A-71 Florence"}]},{"@type":"WebSite","@id":"https:\/\/www.koonings.com\/de\/#website","url":"https:\/\/www.koonings.com\/de\/","name":"Koonings","description":"De grootste bruidsmodewinkel ter wereld","publisher":{"@id":"https:\/\/www.koonings.com\/de\/#organization"},"potentialAction":[{"@type":"SearchAction","target":{"@type":"EntryPoint","urlTemplate":"https:\/\/www.koonings.com\/de\/?s={search_term_string}"},"query-input":{"@type":"PropertyValueSpecification","valueRequired":true,"valueName":"search_term_string"}}],"inLanguage":"de"},{"@type":"Organization","@id":"https:\/\/www.koonings.com\/de\/#organization","name":"Koonings","url":"https:\/\/www.koonings.com\/de\/","logo":{"@type":"ImageObject","inLanguage":"de","@id":"https:\/\/www.koonings.com\/de\/#\/schema\/logo\/image\/","url":"https:\/\/www.koonings.com\/wp-content\/uploads\/2024\/07\/logo.png","contentUrl":"https:\/\/www.koonings.com\/wp-content\/uploads\/2024\/07\/logo.png","width":600,"height":428,"caption":"Koonings"},"image":{"@id":"https:\/\/www.koonings.com\/de\/#\/schema\/logo\/image\/"},"sameAs":["https:\/\/www.facebook.com\/kooningstheweddingpalace","https:\/\/www.instagram.com\/kooningstheweddingpalace","https:\/\/www.pinterest.com\/koonings","https:\/\/www.youtube.com\/kooningstheweddingpalace"]}]}},"_links":{"self":[{"href":"https:\/\/www.koonings.com\/de\/wp-json\/wp\/v2\/product\/84954","targetHints":{"allow":["GET"]}}],"collection":[{"href":"https:\/\/www.koonings.com\/de\/wp-json\/wp\/v2\/product"}],"about":[{"href":"https:\/\/www.koonings.com\/de\/wp-json\/wp\/v2\/types\/product"}],"wp:featuredmedia":[{"embeddable":true,"href":"https:\/\/www.koonings.com\/de\/wp-json\/wp\/v2\/media\/81012"}],"wp:attachment":[{"href":"https:\/\/www.koonings.com\/de\/wp-json\/wp\/v2\/media?parent=84954"}],"wp:term":[{"taxonomy":"productdetails","embeddable":true,"href":"https:\/\/www.koonings.com\/de\/wp-json\/wp\/v2\/productdetails?post=84954"},{"taxonomy":"productneck","embeddable":true,"href":"https:\/\/www.koonings.com\/de\/wp-json\/wp\/v2\/productneck?post=84954"},{"taxonomy":"productcolor","embeddable":true,"href":"https:\/\/www.koonings.com\/de\/wp-json\/wp\/v2\/productcolor?post=84954"},{"taxonomy":"maat","embeddable":true,"href":"https:\/\/www.koonings.com\/de\/wp-json\/wp\/v2\/maat?post=84954"},{"taxonomy":"productsupplier","embeddable":true,"href":"https:\/\/www.koonings.com\/de\/wp-json\/wp\/v2\/productsupplier?post=84954"},{"taxonomy":"productsleeve","embeddable":true,"href":"https:\/\/www.koonings.com\/de\/wp-json\/wp\/v2\/productsleeve?post=84954"},{"taxonomy":"productcategory","embeddable":true,"href":"https:\/\/www.koonings.com\/de\/wp-json\/wp\/v2\/productcategory?post=84954"},{"taxonomy":"productsilhouette","embeddable":true,"href":"https:\/\/www.koonings.com\/de\/wp-json\/wp\/v2\/productsilhouette?post=84954"},{"taxonomy":"productstyle","embeddable":true,"href":"https:\/\/www.koonings.com\/de\/wp-json\/wp\/v2\/productstyle?post=84954"}],"curies":[{"name":"wp","href":"https:\/\/api.w.org\/{rel}","templated":true}]}}