{"id":84953,"date":"2026-04-14T16:32:19","date_gmt":"2026-04-14T14:32:19","guid":{"rendered":"https:\/\/www.koonings.com\/product\/immediate-367-florance-25120-61\/"},"modified":"2026-02-16T15:06:17","modified_gmt":"2026-02-16T14:06:17","slug":"immediate-367-florance-25120-61","status":"publish","type":"product","link":"https:\/\/www.koonings.com\/de\/product\/immediate-367-florance-25120-61\/","title":{"rendered":"Unmittelbar 367 Florance 25120-61"},"content":{"rendered":"<p>CHEERS TO LOVE:<br \/>\nIn einem auff\u00e4lligen Hochzeitsanzug gl\u00e4nzt der Br\u00e4utigam im Zentrum der Aufmerksamkeit. Die Musik erklingt, die Tanzfl\u00e4che ruft &#8211; ein unvergesslicher Moment zum Feiern. Umgeben von geliebten Menschen, die Liebe und Gl\u00fcck teilen, ist es an der Zeit, ein Glas zu erheben. Prost auf die Liebe, das Leben und eine wunderbare gemeinsame Zukunft.    Ein Hoch auf die Liebe!<br \/>\nTreten Sie ein in die Welt von Immediate, wo ein Hochzeitsanzug nicht nur getragen, sondern wirklich erlebt wird. Immediate versteht, dass Herrenmode mehr ist als nur ein Anzug &#8211; sie ist eine Erfahrung, ein Gef\u00fchl, ein Statement. Die exklusive Immediate-Kollektion, die bei Koonings The Wedding Palace erh\u00e4ltlich ist, bietet eine breite Palette an \u00fcberraschenden Farben. Von subtiler Eleganz bis hin zu trendy und gewagt. Die raffinierte italienische Passform in Kombination mit luxuri\u00f6sen, geschmeidigen Stoffen sorgt f\u00fcr die perfekte Kombination. Entdecken Sie Ihren ultimativen Hochzeitslook bei Koonings The Wedding Palace und erleben Sie die Magie von Immediate.     <\/p>\n","protected":false},"featured_media":81046,"template":"","meta":{"_acf_changed":false,"ghostkit_customizer_options":"","ghostkit_custom_css":"","ghostkit_custom_js_head":"","ghostkit_custom_js_foot":"","ghostkit_typography":""},"productdetails":[],"productneck":[],"productcolor":[394,501],"maat":[],"productsupplier":[452],"productsleeve":[],"productcategory":[227],"productsilhouette":[],"productstyle":[],"class_list":["post-84953","product","type-product","status-publish","has-post-thumbnail","hentry","productcolor-394","productcolor-501","productsupplier-immediate","productcategory-kostuum"],"acf":[],"yoast_head":"<!-- This site is optimized with the Yoast SEO plugin v27.3 - https:\/\/yoast.com\/product\/yoast-seo-wordpress\/ -->\n<title>Unmittelbar 367 Florance 25120-61 | Koonings<\/title>\n<meta name=\"description\" content=\"CHEERS TO LOVE: In einem auff\u00e4lligen Hochzeitsanzug gl\u00e4nzt der Br\u00e4utigam im Zentrum der Aufmerksamkeit. Die Musik erklingt, die Tanzfl\u00e4che ruft - ein unvergesslicher Moment zum Feiern. Umgeben von geliebten Menschen, die Liebe und Gl\u00fcck teilen, ist es an der Zeit, ein Glas zu erheben. Prost auf die Liebe, das Leben und eine wunderbare gemeinsame Zukunft. Ein Hoch auf die Liebe! Treten Sie ein in die Welt von Immediate, wo ein Hochzeitsanzug nicht nur getragen, sondern wirklich erlebt wird. Immediate versteht, dass Herrenmode mehr ist als nur ein Anzug - sie ist eine Erfahrung, ein Gef\u00fchl, ein Statement. Die exklusive Immediate-Kollektion, die bei Koonings The Wedding Palace erh\u00e4ltlich ist, bietet eine breite Palette an \u00fcberraschenden Farben. Von subtiler Eleganz bis hin zu trendy und gewagt. Die raffinierte italienische Passform in Kombination mit luxuri\u00f6sen, geschmeidigen Stoffen sorgt f\u00fcr die perfekte Kombination. Entdecken Sie Ihren ultimativen Hochzeitslook bei Koonings The Wedding Palace und erleben Sie die Magie von Immediate.\" \/>\n<meta name=\"robots\" content=\"index, follow, max-snippet:-1, max-image-preview:large, max-video-preview:-1\" \/>\n<link rel=\"canonical\" href=\"https:\/\/www.koonings.com\/de\/product\/immediate-367-florance-25120-61\/\" \/>\n<meta property=\"og:locale\" content=\"de_DE\" \/>\n<meta property=\"og:type\" content=\"article\" \/>\n<meta property=\"og:title\" content=\"Unmittelbar 367 Florance 25120-61 | Koonings\" \/>\n<meta property=\"og:description\" content=\"CHEERS TO LOVE: In einem auff\u00e4lligen Hochzeitsanzug gl\u00e4nzt der Br\u00e4utigam im Zentrum der Aufmerksamkeit. Die Musik erklingt, die Tanzfl\u00e4che ruft - ein unvergesslicher Moment zum Feiern. Umgeben von geliebten Menschen, die Liebe und Gl\u00fcck teilen, ist es an der Zeit, ein Glas zu erheben. Prost auf die Liebe, das Leben und eine wunderbare gemeinsame Zukunft. Ein Hoch auf die Liebe! Treten Sie ein in die Welt von Immediate, wo ein Hochzeitsanzug nicht nur getragen, sondern wirklich erlebt wird. Immediate versteht, dass Herrenmode mehr ist als nur ein Anzug - sie ist eine Erfahrung, ein Gef\u00fchl, ein Statement. Die exklusive Immediate-Kollektion, die bei Koonings The Wedding Palace erh\u00e4ltlich ist, bietet eine breite Palette an \u00fcberraschenden Farben. Von subtiler Eleganz bis hin zu trendy und gewagt. Die raffinierte italienische Passform in Kombination mit luxuri\u00f6sen, geschmeidigen Stoffen sorgt f\u00fcr die perfekte Kombination. Entdecken Sie Ihren ultimativen Hochzeitslook bei Koonings The Wedding Palace und erleben Sie die Magie von Immediate.\" \/>\n<meta property=\"og:url\" content=\"https:\/\/www.koonings.com\/de\/product\/immediate-367-florance-25120-61\/\" \/>\n<meta property=\"og:site_name\" content=\"Koonings\" \/>\n<meta property=\"article:publisher\" content=\"https:\/\/www.facebook.com\/kooningstheweddingpalace\" \/>\n<meta property=\"og:image\" content=\"https:\/\/www.koonings.com\/wp-content\/uploads\/2025\/02\/49828_327e0f5a10ca1da5df812d4217ba5ce35a012a8fbeb4255603d2dc813ebd77d6dc1c796f-scaled.jpeg\" \/>\n\t<meta property=\"og:image:width\" content=\"1808\" \/>\n\t<meta property=\"og:image:height\" content=\"2560\" \/>\n\t<meta property=\"og:image:type\" content=\"image\/jpeg\" \/>\n<meta name=\"twitter:card\" content=\"summary_large_image\" \/>\n<meta name=\"twitter:label1\" content=\"Gesch\u00e4tzte Lesezeit\" \/>\n\t<meta name=\"twitter:data1\" content=\"1\u00a0Minute\" \/>\n<script type=\"application\/ld+json\" class=\"yoast-schema-graph\">{\"@context\":\"https:\\\/\\\/schema.org\",\"@graph\":[{\"@type\":\"WebPage\",\"@id\":\"https:\\\/\\\/www.koonings.com\\\/de\\\/product\\\/immediate-367-florance-25120-61\\\/\",\"url\":\"https:\\\/\\\/www.koonings.com\\\/de\\\/product\\\/immediate-367-florance-25120-61\\\/\",\"name\":\"Unmittelbar 367 Florance 25120-61 | Koonings\",\"isPartOf\":{\"@id\":\"https:\\\/\\\/www.koonings.com\\\/de\\\/#website\"},\"primaryImageOfPage\":{\"@id\":\"https:\\\/\\\/www.koonings.com\\\/de\\\/product\\\/immediate-367-florance-25120-61\\\/#primaryimage\"},\"image\":{\"@id\":\"https:\\\/\\\/www.koonings.com\\\/de\\\/product\\\/immediate-367-florance-25120-61\\\/#primaryimage\"},\"thumbnailUrl\":\"https:\\\/\\\/www.koonings.com\\\/wp-content\\\/uploads\\\/2025\\\/02\\\/49828_327e0f5a10ca1da5df812d4217ba5ce35a012a8fbeb4255603d2dc813ebd77d6dc1c796f-scaled.jpeg\",\"datePublished\":\"2026-04-14T14:32:19+00:00\",\"description\":\"CHEERS TO LOVE: In einem auff\u00e4lligen Hochzeitsanzug gl\u00e4nzt der Br\u00e4utigam im Zentrum der Aufmerksamkeit. Die Musik erklingt, die Tanzfl\u00e4che ruft - ein unvergesslicher Moment zum Feiern. Umgeben von geliebten Menschen, die Liebe und Gl\u00fcck teilen, ist es an der Zeit, ein Glas zu erheben. Prost auf die Liebe, das Leben und eine wunderbare gemeinsame Zukunft. Ein Hoch auf die Liebe! Treten Sie ein in die Welt von Immediate, wo ein Hochzeitsanzug nicht nur getragen, sondern wirklich erlebt wird. Immediate versteht, dass Herrenmode mehr ist als nur ein Anzug - sie ist eine Erfahrung, ein Gef\u00fchl, ein Statement. Die exklusive Immediate-Kollektion, die bei Koonings The Wedding Palace erh\u00e4ltlich ist, bietet eine breite Palette an \u00fcberraschenden Farben. Von subtiler Eleganz bis hin zu trendy und gewagt. Die raffinierte italienische Passform in Kombination mit luxuri\u00f6sen, geschmeidigen Stoffen sorgt f\u00fcr die perfekte Kombination. Entdecken Sie Ihren ultimativen Hochzeitslook bei Koonings The Wedding Palace und erleben Sie die Magie von Immediate.\",\"breadcrumb\":{\"@id\":\"https:\\\/\\\/www.koonings.com\\\/de\\\/product\\\/immediate-367-florance-25120-61\\\/#breadcrumb\"},\"inLanguage\":\"de\",\"potentialAction\":[{\"@type\":\"ReadAction\",\"target\":[\"https:\\\/\\\/www.koonings.com\\\/de\\\/product\\\/immediate-367-florance-25120-61\\\/\"]}]},{\"@type\":\"ImageObject\",\"inLanguage\":\"de\",\"@id\":\"https:\\\/\\\/www.koonings.com\\\/de\\\/product\\\/immediate-367-florance-25120-61\\\/#primaryimage\",\"url\":\"https:\\\/\\\/www.koonings.com\\\/wp-content\\\/uploads\\\/2025\\\/02\\\/49828_327e0f5a10ca1da5df812d4217ba5ce35a012a8fbeb4255603d2dc813ebd77d6dc1c796f-scaled.jpeg\",\"contentUrl\":\"https:\\\/\\\/www.koonings.com\\\/wp-content\\\/uploads\\\/2025\\\/02\\\/49828_327e0f5a10ca1da5df812d4217ba5ce35a012a8fbeb4255603d2dc813ebd77d6dc1c796f-scaled.jpeg\",\"width\":1808,\"height\":2560},{\"@type\":\"BreadcrumbList\",\"@id\":\"https:\\\/\\\/www.koonings.com\\\/de\\\/product\\\/immediate-367-florance-25120-61\\\/#breadcrumb\",\"itemListElement\":[{\"@type\":\"ListItem\",\"position\":1,\"name\":\"Home\",\"item\":\"https:\\\/\\\/www.koonings.com\\\/de\\\/\"},{\"@type\":\"ListItem\",\"position\":2,\"name\":\"Unmittelbar 367 Florance 25120-61\"}]},{\"@type\":\"WebSite\",\"@id\":\"https:\\\/\\\/www.koonings.com\\\/de\\\/#website\",\"url\":\"https:\\\/\\\/www.koonings.com\\\/de\\\/\",\"name\":\"Koonings\",\"description\":\"De grootste bruidsmodewinkel ter wereld\",\"publisher\":{\"@id\":\"https:\\\/\\\/www.koonings.com\\\/de\\\/#organization\"},\"potentialAction\":[{\"@type\":\"SearchAction\",\"target\":{\"@type\":\"EntryPoint\",\"urlTemplate\":\"https:\\\/\\\/www.koonings.com\\\/de\\\/?s={search_term_string}\"},\"query-input\":{\"@type\":\"PropertyValueSpecification\",\"valueRequired\":true,\"valueName\":\"search_term_string\"}}],\"inLanguage\":\"de\"},{\"@type\":\"Organization\",\"@id\":\"https:\\\/\\\/www.koonings.com\\\/de\\\/#organization\",\"name\":\"Koonings\",\"url\":\"https:\\\/\\\/www.koonings.com\\\/de\\\/\",\"logo\":{\"@type\":\"ImageObject\",\"inLanguage\":\"de\",\"@id\":\"https:\\\/\\\/www.koonings.com\\\/de\\\/#\\\/schema\\\/logo\\\/image\\\/\",\"url\":\"https:\\\/\\\/www.koonings.com\\\/wp-content\\\/uploads\\\/2024\\\/07\\\/logo.png\",\"contentUrl\":\"https:\\\/\\\/www.koonings.com\\\/wp-content\\\/uploads\\\/2024\\\/07\\\/logo.png\",\"width\":600,\"height\":428,\"caption\":\"Koonings\"},\"image\":{\"@id\":\"https:\\\/\\\/www.koonings.com\\\/de\\\/#\\\/schema\\\/logo\\\/image\\\/\"},\"sameAs\":[\"https:\\\/\\\/www.facebook.com\\\/kooningstheweddingpalace\",\"https:\\\/\\\/www.instagram.com\\\/kooningstheweddingpalace\",\"https:\\\/\\\/www.pinterest.com\\\/koonings\",\"https:\\\/\\\/www.youtube.com\\\/kooningstheweddingpalace\"]}]}<\/script>\n<!-- \/ Yoast SEO plugin. -->","yoast_head_json":{"title":"Unmittelbar 367 Florance 25120-61 | Koonings","description":"CHEERS TO LOVE: In einem auff\u00e4lligen Hochzeitsanzug gl\u00e4nzt der Br\u00e4utigam im Zentrum der Aufmerksamkeit. Die Musik erklingt, die Tanzfl\u00e4che ruft - ein unvergesslicher Moment zum Feiern. Umgeben von geliebten Menschen, die Liebe und Gl\u00fcck teilen, ist es an der Zeit, ein Glas zu erheben. Prost auf die Liebe, das Leben und eine wunderbare gemeinsame Zukunft. Ein Hoch auf die Liebe! Treten Sie ein in die Welt von Immediate, wo ein Hochzeitsanzug nicht nur getragen, sondern wirklich erlebt wird. Immediate versteht, dass Herrenmode mehr ist als nur ein Anzug - sie ist eine Erfahrung, ein Gef\u00fchl, ein Statement. Die exklusive Immediate-Kollektion, die bei Koonings The Wedding Palace erh\u00e4ltlich ist, bietet eine breite Palette an \u00fcberraschenden Farben. Von subtiler Eleganz bis hin zu trendy und gewagt. Die raffinierte italienische Passform in Kombination mit luxuri\u00f6sen, geschmeidigen Stoffen sorgt f\u00fcr die perfekte Kombination. Entdecken Sie Ihren ultimativen Hochzeitslook bei Koonings The Wedding Palace und erleben Sie die Magie von Immediate.","robots":{"index":"index","follow":"follow","max-snippet":"max-snippet:-1","max-image-preview":"max-image-preview:large","max-video-preview":"max-video-preview:-1"},"canonical":"https:\/\/www.koonings.com\/de\/product\/immediate-367-florance-25120-61\/","og_locale":"de_DE","og_type":"article","og_title":"Unmittelbar 367 Florance 25120-61 | Koonings","og_description":"CHEERS TO LOVE: In einem auff\u00e4lligen Hochzeitsanzug gl\u00e4nzt der Br\u00e4utigam im Zentrum der Aufmerksamkeit. Die Musik erklingt, die Tanzfl\u00e4che ruft - ein unvergesslicher Moment zum Feiern. Umgeben von geliebten Menschen, die Liebe und Gl\u00fcck teilen, ist es an der Zeit, ein Glas zu erheben. Prost auf die Liebe, das Leben und eine wunderbare gemeinsame Zukunft. Ein Hoch auf die Liebe! Treten Sie ein in die Welt von Immediate, wo ein Hochzeitsanzug nicht nur getragen, sondern wirklich erlebt wird. Immediate versteht, dass Herrenmode mehr ist als nur ein Anzug - sie ist eine Erfahrung, ein Gef\u00fchl, ein Statement. Die exklusive Immediate-Kollektion, die bei Koonings The Wedding Palace erh\u00e4ltlich ist, bietet eine breite Palette an \u00fcberraschenden Farben. Von subtiler Eleganz bis hin zu trendy und gewagt. Die raffinierte italienische Passform in Kombination mit luxuri\u00f6sen, geschmeidigen Stoffen sorgt f\u00fcr die perfekte Kombination. Entdecken Sie Ihren ultimativen Hochzeitslook bei Koonings The Wedding Palace und erleben Sie die Magie von Immediate.","og_url":"https:\/\/www.koonings.com\/de\/product\/immediate-367-florance-25120-61\/","og_site_name":"Koonings","article_publisher":"https:\/\/www.facebook.com\/kooningstheweddingpalace","og_image":[{"width":1808,"height":2560,"url":"https:\/\/www.koonings.com\/wp-content\/uploads\/2025\/02\/49828_327e0f5a10ca1da5df812d4217ba5ce35a012a8fbeb4255603d2dc813ebd77d6dc1c796f-scaled.jpeg","type":"image\/jpeg"}],"twitter_card":"summary_large_image","twitter_misc":{"Gesch\u00e4tzte Lesezeit":"1\u00a0Minute"},"schema":{"@context":"https:\/\/schema.org","@graph":[{"@type":"WebPage","@id":"https:\/\/www.koonings.com\/de\/product\/immediate-367-florance-25120-61\/","url":"https:\/\/www.koonings.com\/de\/product\/immediate-367-florance-25120-61\/","name":"Unmittelbar 367 Florance 25120-61 | Koonings","isPartOf":{"@id":"https:\/\/www.koonings.com\/de\/#website"},"primaryImageOfPage":{"@id":"https:\/\/www.koonings.com\/de\/product\/immediate-367-florance-25120-61\/#primaryimage"},"image":{"@id":"https:\/\/www.koonings.com\/de\/product\/immediate-367-florance-25120-61\/#primaryimage"},"thumbnailUrl":"https:\/\/www.koonings.com\/wp-content\/uploads\/2025\/02\/49828_327e0f5a10ca1da5df812d4217ba5ce35a012a8fbeb4255603d2dc813ebd77d6dc1c796f-scaled.jpeg","datePublished":"2026-04-14T14:32:19+00:00","description":"CHEERS TO LOVE: In einem auff\u00e4lligen Hochzeitsanzug gl\u00e4nzt der Br\u00e4utigam im Zentrum der Aufmerksamkeit. Die Musik erklingt, die Tanzfl\u00e4che ruft - ein unvergesslicher Moment zum Feiern. Umgeben von geliebten Menschen, die Liebe und Gl\u00fcck teilen, ist es an der Zeit, ein Glas zu erheben. Prost auf die Liebe, das Leben und eine wunderbare gemeinsame Zukunft. Ein Hoch auf die Liebe! Treten Sie ein in die Welt von Immediate, wo ein Hochzeitsanzug nicht nur getragen, sondern wirklich erlebt wird. Immediate versteht, dass Herrenmode mehr ist als nur ein Anzug - sie ist eine Erfahrung, ein Gef\u00fchl, ein Statement. Die exklusive Immediate-Kollektion, die bei Koonings The Wedding Palace erh\u00e4ltlich ist, bietet eine breite Palette an \u00fcberraschenden Farben. Von subtiler Eleganz bis hin zu trendy und gewagt. Die raffinierte italienische Passform in Kombination mit luxuri\u00f6sen, geschmeidigen Stoffen sorgt f\u00fcr die perfekte Kombination. Entdecken Sie Ihren ultimativen Hochzeitslook bei Koonings The Wedding Palace und erleben Sie die Magie von Immediate.","breadcrumb":{"@id":"https:\/\/www.koonings.com\/de\/product\/immediate-367-florance-25120-61\/#breadcrumb"},"inLanguage":"de","potentialAction":[{"@type":"ReadAction","target":["https:\/\/www.koonings.com\/de\/product\/immediate-367-florance-25120-61\/"]}]},{"@type":"ImageObject","inLanguage":"de","@id":"https:\/\/www.koonings.com\/de\/product\/immediate-367-florance-25120-61\/#primaryimage","url":"https:\/\/www.koonings.com\/wp-content\/uploads\/2025\/02\/49828_327e0f5a10ca1da5df812d4217ba5ce35a012a8fbeb4255603d2dc813ebd77d6dc1c796f-scaled.jpeg","contentUrl":"https:\/\/www.koonings.com\/wp-content\/uploads\/2025\/02\/49828_327e0f5a10ca1da5df812d4217ba5ce35a012a8fbeb4255603d2dc813ebd77d6dc1c796f-scaled.jpeg","width":1808,"height":2560},{"@type":"BreadcrumbList","@id":"https:\/\/www.koonings.com\/de\/product\/immediate-367-florance-25120-61\/#breadcrumb","itemListElement":[{"@type":"ListItem","position":1,"name":"Home","item":"https:\/\/www.koonings.com\/de\/"},{"@type":"ListItem","position":2,"name":"Unmittelbar 367 Florance 25120-61"}]},{"@type":"WebSite","@id":"https:\/\/www.koonings.com\/de\/#website","url":"https:\/\/www.koonings.com\/de\/","name":"Koonings","description":"De grootste bruidsmodewinkel ter wereld","publisher":{"@id":"https:\/\/www.koonings.com\/de\/#organization"},"potentialAction":[{"@type":"SearchAction","target":{"@type":"EntryPoint","urlTemplate":"https:\/\/www.koonings.com\/de\/?s={search_term_string}"},"query-input":{"@type":"PropertyValueSpecification","valueRequired":true,"valueName":"search_term_string"}}],"inLanguage":"de"},{"@type":"Organization","@id":"https:\/\/www.koonings.com\/de\/#organization","name":"Koonings","url":"https:\/\/www.koonings.com\/de\/","logo":{"@type":"ImageObject","inLanguage":"de","@id":"https:\/\/www.koonings.com\/de\/#\/schema\/logo\/image\/","url":"https:\/\/www.koonings.com\/wp-content\/uploads\/2024\/07\/logo.png","contentUrl":"https:\/\/www.koonings.com\/wp-content\/uploads\/2024\/07\/logo.png","width":600,"height":428,"caption":"Koonings"},"image":{"@id":"https:\/\/www.koonings.com\/de\/#\/schema\/logo\/image\/"},"sameAs":["https:\/\/www.facebook.com\/kooningstheweddingpalace","https:\/\/www.instagram.com\/kooningstheweddingpalace","https:\/\/www.pinterest.com\/koonings","https:\/\/www.youtube.com\/kooningstheweddingpalace"]}]}},"_links":{"self":[{"href":"https:\/\/www.koonings.com\/de\/wp-json\/wp\/v2\/product\/84953","targetHints":{"allow":["GET"]}}],"collection":[{"href":"https:\/\/www.koonings.com\/de\/wp-json\/wp\/v2\/product"}],"about":[{"href":"https:\/\/www.koonings.com\/de\/wp-json\/wp\/v2\/types\/product"}],"wp:featuredmedia":[{"embeddable":true,"href":"https:\/\/www.koonings.com\/de\/wp-json\/wp\/v2\/media\/81046"}],"wp:attachment":[{"href":"https:\/\/www.koonings.com\/de\/wp-json\/wp\/v2\/media?parent=84953"}],"wp:term":[{"taxonomy":"productdetails","embeddable":true,"href":"https:\/\/www.koonings.com\/de\/wp-json\/wp\/v2\/productdetails?post=84953"},{"taxonomy":"productneck","embeddable":true,"href":"https:\/\/www.koonings.com\/de\/wp-json\/wp\/v2\/productneck?post=84953"},{"taxonomy":"productcolor","embeddable":true,"href":"https:\/\/www.koonings.com\/de\/wp-json\/wp\/v2\/productcolor?post=84953"},{"taxonomy":"maat","embeddable":true,"href":"https:\/\/www.koonings.com\/de\/wp-json\/wp\/v2\/maat?post=84953"},{"taxonomy":"productsupplier","embeddable":true,"href":"https:\/\/www.koonings.com\/de\/wp-json\/wp\/v2\/productsupplier?post=84953"},{"taxonomy":"productsleeve","embeddable":true,"href":"https:\/\/www.koonings.com\/de\/wp-json\/wp\/v2\/productsleeve?post=84953"},{"taxonomy":"productcategory","embeddable":true,"href":"https:\/\/www.koonings.com\/de\/wp-json\/wp\/v2\/productcategory?post=84953"},{"taxonomy":"productsilhouette","embeddable":true,"href":"https:\/\/www.koonings.com\/de\/wp-json\/wp\/v2\/productsilhouette?post=84953"},{"taxonomy":"productstyle","embeddable":true,"href":"https:\/\/www.koonings.com\/de\/wp-json\/wp\/v2\/productstyle?post=84953"}],"curies":[{"name":"wp","href":"https:\/\/api.w.org\/{rel}","templated":true}]}}