{"id":84947,"date":"2026-04-14T16:32:18","date_gmt":"2026-04-14T14:32:18","guid":{"rendered":"https:\/\/www.koonings.com\/product\/immediate-370-falcone-270-25109-142\/"},"modified":"2026-02-16T15:06:10","modified_gmt":"2026-02-16T14:06:10","slug":"immediate-370-falcone-270-25109-142","status":"publish","type":"product","link":"https:\/\/www.koonings.com\/de\/product\/immediate-370-falcone-270-25109-142\/","title":{"rendered":"Sofort 370 Falcone 270-25109 + 142"},"content":{"rendered":"<p>SPORTY TARTAN:<br \/>\nEin Schottenmuster auf dem Jackett oder der Weste verleiht dem klassischen 2025er Hochzeitsanzug eine verspielte Note. Entscheiden Sie sich f\u00fcr einen kompletten dreiteiligen Anzug oder heben Sie die Weste mit einem fetzigen Schottenmuster hervor. Vervollst\u00e4ndigen Sie den Look mit eleganten Lederschuhen und schreiten Sie selbstbewusst an der Seite Ihrer strahlenden Braut zum Altar. Lassen Sie Ihren inneren Gentleman erstrahlen! Treten Sie ein in die Welt von Immediate, wo ein Hochzeitsanzug nicht nur getragen, sondern wirklich erlebt wird. Immediate wei\u00df, dass Herrenmode mehr ist als nur ein Anzug &#8211; sie ist ein Erlebnis, ein Gef\u00fchl, ein Statement. Die exklusive Immediate-Kollektion, die bei Koonings The Wedding Palace erh\u00e4ltlich ist, bietet eine breite Palette an \u00fcberraschenden Farben. Von subtiler Eleganz bis hin zu trendy und gewagt. Die raffinierte italienische Passform in Kombination mit luxuri\u00f6sen, geschmeidigen Stoffen sorgt f\u00fcr die perfekte Kombination. Entdecken Sie Ihren ultimativen Hochzeitslook bei Koonings The Wedding Palace und erleben Sie die Magie von Immediate.         <\/p>\n","protected":false},"featured_media":81033,"template":"","meta":{"_acf_changed":false,"ghostkit_customizer_options":"","ghostkit_custom_css":"","ghostkit_custom_js_head":"","ghostkit_custom_js_foot":"","ghostkit_typography":""},"productdetails":[],"productneck":[],"productcolor":[450],"maat":[],"productsupplier":[452],"productsleeve":[],"productcategory":[227],"productsilhouette":[],"productstyle":[],"class_list":["post-84947","product","type-product","status-publish","has-post-thumbnail","hentry","productcolor-450","productsupplier-immediate","productcategory-kostuum"],"acf":[],"yoast_head":"<!-- This site is optimized with the Yoast SEO plugin v27.3 - https:\/\/yoast.com\/product\/yoast-seo-wordpress\/ -->\n<title>Sofort 370 Falcone 270-25109 + 142 | Koonings<\/title>\n<meta name=\"description\" content=\"SPORTY TARTAN: Ein Schottenmuster auf dem Jackett oder der Weste verleiht dem klassischen 2025er Hochzeitsanzug eine verspielte Note. Entscheiden Sie sich f\u00fcr einen kompletten dreiteiligen Anzug oder heben Sie die Weste mit einem fetzigen Schottenmuster hervor. Vervollst\u00e4ndigen Sie den Look mit eleganten Lederschuhen und schreiten Sie selbstbewusst an der Seite Ihrer strahlenden Braut zum Altar. Lassen Sie Ihren inneren Gentleman erstrahlen! Treten Sie ein in die Welt von Immediate, wo ein Hochzeitsanzug nicht nur getragen, sondern wirklich erlebt wird. Immediate wei\u00df, dass Herrenmode mehr ist als nur ein Anzug - sie ist ein Erlebnis, ein Gef\u00fchl, ein Statement. Die exklusive Immediate-Kollektion, die bei Koonings The Wedding Palace erh\u00e4ltlich ist, bietet eine breite Palette an \u00fcberraschenden Farben. Von subtiler Eleganz bis hin zu trendy und gewagt. Die raffinierte italienische Passform in Kombination mit luxuri\u00f6sen, geschmeidigen Stoffen sorgt f\u00fcr die perfekte Kombination. Entdecken Sie Ihren ultimativen Hochzeitslook bei Koonings The Wedding Palace und erleben Sie die Magie von Immediate.\" \/>\n<meta name=\"robots\" content=\"index, follow, max-snippet:-1, max-image-preview:large, max-video-preview:-1\" \/>\n<link rel=\"canonical\" href=\"https:\/\/www.koonings.com\/de\/product\/immediate-370-falcone-270-25109-142\/\" \/>\n<meta property=\"og:locale\" content=\"de_DE\" \/>\n<meta property=\"og:type\" content=\"article\" \/>\n<meta property=\"og:title\" content=\"Sofort 370 Falcone 270-25109 + 142 | Koonings\" \/>\n<meta property=\"og:description\" content=\"SPORTY TARTAN: Ein Schottenmuster auf dem Jackett oder der Weste verleiht dem klassischen 2025er Hochzeitsanzug eine verspielte Note. Entscheiden Sie sich f\u00fcr einen kompletten dreiteiligen Anzug oder heben Sie die Weste mit einem fetzigen Schottenmuster hervor. Vervollst\u00e4ndigen Sie den Look mit eleganten Lederschuhen und schreiten Sie selbstbewusst an der Seite Ihrer strahlenden Braut zum Altar. Lassen Sie Ihren inneren Gentleman erstrahlen! Treten Sie ein in die Welt von Immediate, wo ein Hochzeitsanzug nicht nur getragen, sondern wirklich erlebt wird. Immediate wei\u00df, dass Herrenmode mehr ist als nur ein Anzug - sie ist ein Erlebnis, ein Gef\u00fchl, ein Statement. Die exklusive Immediate-Kollektion, die bei Koonings The Wedding Palace erh\u00e4ltlich ist, bietet eine breite Palette an \u00fcberraschenden Farben. Von subtiler Eleganz bis hin zu trendy und gewagt. Die raffinierte italienische Passform in Kombination mit luxuri\u00f6sen, geschmeidigen Stoffen sorgt f\u00fcr die perfekte Kombination. Entdecken Sie Ihren ultimativen Hochzeitslook bei Koonings The Wedding Palace und erleben Sie die Magie von Immediate.\" \/>\n<meta property=\"og:url\" content=\"https:\/\/www.koonings.com\/de\/product\/immediate-370-falcone-270-25109-142\/\" \/>\n<meta property=\"og:site_name\" content=\"Koonings\" \/>\n<meta property=\"article:publisher\" content=\"https:\/\/www.facebook.com\/kooningstheweddingpalace\" \/>\n<meta property=\"og:image\" content=\"https:\/\/www.koonings.com\/wp-content\/uploads\/2025\/02\/49827_b830721525f0f55785b23488938a8ac19324a7e70071aa35a1657f8fea543fc6e7f89355-scaled.jpeg\" \/>\n\t<meta property=\"og:image:width\" content=\"1809\" \/>\n\t<meta property=\"og:image:height\" content=\"2560\" \/>\n\t<meta property=\"og:image:type\" content=\"image\/jpeg\" \/>\n<meta name=\"twitter:card\" content=\"summary_large_image\" \/>\n<meta name=\"twitter:label1\" content=\"Gesch\u00e4tzte Lesezeit\" \/>\n\t<meta name=\"twitter:data1\" content=\"1\u00a0Minute\" \/>\n<script type=\"application\/ld+json\" class=\"yoast-schema-graph\">{\"@context\":\"https:\\\/\\\/schema.org\",\"@graph\":[{\"@type\":\"WebPage\",\"@id\":\"https:\\\/\\\/www.koonings.com\\\/de\\\/product\\\/immediate-370-falcone-270-25109-142\\\/\",\"url\":\"https:\\\/\\\/www.koonings.com\\\/de\\\/product\\\/immediate-370-falcone-270-25109-142\\\/\",\"name\":\"Sofort 370 Falcone 270-25109 + 142 | Koonings\",\"isPartOf\":{\"@id\":\"https:\\\/\\\/www.koonings.com\\\/de\\\/#website\"},\"primaryImageOfPage\":{\"@id\":\"https:\\\/\\\/www.koonings.com\\\/de\\\/product\\\/immediate-370-falcone-270-25109-142\\\/#primaryimage\"},\"image\":{\"@id\":\"https:\\\/\\\/www.koonings.com\\\/de\\\/product\\\/immediate-370-falcone-270-25109-142\\\/#primaryimage\"},\"thumbnailUrl\":\"https:\\\/\\\/www.koonings.com\\\/wp-content\\\/uploads\\\/2025\\\/02\\\/49827_b830721525f0f55785b23488938a8ac19324a7e70071aa35a1657f8fea543fc6e7f89355-scaled.jpeg\",\"datePublished\":\"2026-04-14T14:32:18+00:00\",\"description\":\"SPORTY TARTAN: Ein Schottenmuster auf dem Jackett oder der Weste verleiht dem klassischen 2025er Hochzeitsanzug eine verspielte Note. Entscheiden Sie sich f\u00fcr einen kompletten dreiteiligen Anzug oder heben Sie die Weste mit einem fetzigen Schottenmuster hervor. Vervollst\u00e4ndigen Sie den Look mit eleganten Lederschuhen und schreiten Sie selbstbewusst an der Seite Ihrer strahlenden Braut zum Altar. Lassen Sie Ihren inneren Gentleman erstrahlen! Treten Sie ein in die Welt von Immediate, wo ein Hochzeitsanzug nicht nur getragen, sondern wirklich erlebt wird. Immediate wei\u00df, dass Herrenmode mehr ist als nur ein Anzug - sie ist ein Erlebnis, ein Gef\u00fchl, ein Statement. Die exklusive Immediate-Kollektion, die bei Koonings The Wedding Palace erh\u00e4ltlich ist, bietet eine breite Palette an \u00fcberraschenden Farben. Von subtiler Eleganz bis hin zu trendy und gewagt. Die raffinierte italienische Passform in Kombination mit luxuri\u00f6sen, geschmeidigen Stoffen sorgt f\u00fcr die perfekte Kombination. Entdecken Sie Ihren ultimativen Hochzeitslook bei Koonings The Wedding Palace und erleben Sie die Magie von Immediate.\",\"breadcrumb\":{\"@id\":\"https:\\\/\\\/www.koonings.com\\\/de\\\/product\\\/immediate-370-falcone-270-25109-142\\\/#breadcrumb\"},\"inLanguage\":\"de\",\"potentialAction\":[{\"@type\":\"ReadAction\",\"target\":[\"https:\\\/\\\/www.koonings.com\\\/de\\\/product\\\/immediate-370-falcone-270-25109-142\\\/\"]}]},{\"@type\":\"ImageObject\",\"inLanguage\":\"de\",\"@id\":\"https:\\\/\\\/www.koonings.com\\\/de\\\/product\\\/immediate-370-falcone-270-25109-142\\\/#primaryimage\",\"url\":\"https:\\\/\\\/www.koonings.com\\\/wp-content\\\/uploads\\\/2025\\\/02\\\/49827_b830721525f0f55785b23488938a8ac19324a7e70071aa35a1657f8fea543fc6e7f89355-scaled.jpeg\",\"contentUrl\":\"https:\\\/\\\/www.koonings.com\\\/wp-content\\\/uploads\\\/2025\\\/02\\\/49827_b830721525f0f55785b23488938a8ac19324a7e70071aa35a1657f8fea543fc6e7f89355-scaled.jpeg\",\"width\":1809,\"height\":2560},{\"@type\":\"BreadcrumbList\",\"@id\":\"https:\\\/\\\/www.koonings.com\\\/de\\\/product\\\/immediate-370-falcone-270-25109-142\\\/#breadcrumb\",\"itemListElement\":[{\"@type\":\"ListItem\",\"position\":1,\"name\":\"Home\",\"item\":\"https:\\\/\\\/www.koonings.com\\\/de\\\/\"},{\"@type\":\"ListItem\",\"position\":2,\"name\":\"Sofort 370 Falcone 270-25109 + 142\"}]},{\"@type\":\"WebSite\",\"@id\":\"https:\\\/\\\/www.koonings.com\\\/de\\\/#website\",\"url\":\"https:\\\/\\\/www.koonings.com\\\/de\\\/\",\"name\":\"Koonings\",\"description\":\"De grootste bruidsmodewinkel ter wereld\",\"publisher\":{\"@id\":\"https:\\\/\\\/www.koonings.com\\\/de\\\/#organization\"},\"potentialAction\":[{\"@type\":\"SearchAction\",\"target\":{\"@type\":\"EntryPoint\",\"urlTemplate\":\"https:\\\/\\\/www.koonings.com\\\/de\\\/?s={search_term_string}\"},\"query-input\":{\"@type\":\"PropertyValueSpecification\",\"valueRequired\":true,\"valueName\":\"search_term_string\"}}],\"inLanguage\":\"de\"},{\"@type\":\"Organization\",\"@id\":\"https:\\\/\\\/www.koonings.com\\\/de\\\/#organization\",\"name\":\"Koonings\",\"url\":\"https:\\\/\\\/www.koonings.com\\\/de\\\/\",\"logo\":{\"@type\":\"ImageObject\",\"inLanguage\":\"de\",\"@id\":\"https:\\\/\\\/www.koonings.com\\\/de\\\/#\\\/schema\\\/logo\\\/image\\\/\",\"url\":\"https:\\\/\\\/www.koonings.com\\\/wp-content\\\/uploads\\\/2024\\\/07\\\/logo.png\",\"contentUrl\":\"https:\\\/\\\/www.koonings.com\\\/wp-content\\\/uploads\\\/2024\\\/07\\\/logo.png\",\"width\":600,\"height\":428,\"caption\":\"Koonings\"},\"image\":{\"@id\":\"https:\\\/\\\/www.koonings.com\\\/de\\\/#\\\/schema\\\/logo\\\/image\\\/\"},\"sameAs\":[\"https:\\\/\\\/www.facebook.com\\\/kooningstheweddingpalace\",\"https:\\\/\\\/www.instagram.com\\\/kooningstheweddingpalace\",\"https:\\\/\\\/www.pinterest.com\\\/koonings\",\"https:\\\/\\\/www.youtube.com\\\/kooningstheweddingpalace\"]}]}<\/script>\n<!-- \/ Yoast SEO plugin. -->","yoast_head_json":{"title":"Sofort 370 Falcone 270-25109 + 142 | Koonings","description":"SPORTY TARTAN: Ein Schottenmuster auf dem Jackett oder der Weste verleiht dem klassischen 2025er Hochzeitsanzug eine verspielte Note. Entscheiden Sie sich f\u00fcr einen kompletten dreiteiligen Anzug oder heben Sie die Weste mit einem fetzigen Schottenmuster hervor. Vervollst\u00e4ndigen Sie den Look mit eleganten Lederschuhen und schreiten Sie selbstbewusst an der Seite Ihrer strahlenden Braut zum Altar. Lassen Sie Ihren inneren Gentleman erstrahlen! Treten Sie ein in die Welt von Immediate, wo ein Hochzeitsanzug nicht nur getragen, sondern wirklich erlebt wird. Immediate wei\u00df, dass Herrenmode mehr ist als nur ein Anzug - sie ist ein Erlebnis, ein Gef\u00fchl, ein Statement. Die exklusive Immediate-Kollektion, die bei Koonings The Wedding Palace erh\u00e4ltlich ist, bietet eine breite Palette an \u00fcberraschenden Farben. Von subtiler Eleganz bis hin zu trendy und gewagt. Die raffinierte italienische Passform in Kombination mit luxuri\u00f6sen, geschmeidigen Stoffen sorgt f\u00fcr die perfekte Kombination. Entdecken Sie Ihren ultimativen Hochzeitslook bei Koonings The Wedding Palace und erleben Sie die Magie von Immediate.","robots":{"index":"index","follow":"follow","max-snippet":"max-snippet:-1","max-image-preview":"max-image-preview:large","max-video-preview":"max-video-preview:-1"},"canonical":"https:\/\/www.koonings.com\/de\/product\/immediate-370-falcone-270-25109-142\/","og_locale":"de_DE","og_type":"article","og_title":"Sofort 370 Falcone 270-25109 + 142 | Koonings","og_description":"SPORTY TARTAN: Ein Schottenmuster auf dem Jackett oder der Weste verleiht dem klassischen 2025er Hochzeitsanzug eine verspielte Note. Entscheiden Sie sich f\u00fcr einen kompletten dreiteiligen Anzug oder heben Sie die Weste mit einem fetzigen Schottenmuster hervor. Vervollst\u00e4ndigen Sie den Look mit eleganten Lederschuhen und schreiten Sie selbstbewusst an der Seite Ihrer strahlenden Braut zum Altar. Lassen Sie Ihren inneren Gentleman erstrahlen! Treten Sie ein in die Welt von Immediate, wo ein Hochzeitsanzug nicht nur getragen, sondern wirklich erlebt wird. Immediate wei\u00df, dass Herrenmode mehr ist als nur ein Anzug - sie ist ein Erlebnis, ein Gef\u00fchl, ein Statement. Die exklusive Immediate-Kollektion, die bei Koonings The Wedding Palace erh\u00e4ltlich ist, bietet eine breite Palette an \u00fcberraschenden Farben. Von subtiler Eleganz bis hin zu trendy und gewagt. Die raffinierte italienische Passform in Kombination mit luxuri\u00f6sen, geschmeidigen Stoffen sorgt f\u00fcr die perfekte Kombination. Entdecken Sie Ihren ultimativen Hochzeitslook bei Koonings The Wedding Palace und erleben Sie die Magie von Immediate.","og_url":"https:\/\/www.koonings.com\/de\/product\/immediate-370-falcone-270-25109-142\/","og_site_name":"Koonings","article_publisher":"https:\/\/www.facebook.com\/kooningstheweddingpalace","og_image":[{"width":1809,"height":2560,"url":"https:\/\/www.koonings.com\/wp-content\/uploads\/2025\/02\/49827_b830721525f0f55785b23488938a8ac19324a7e70071aa35a1657f8fea543fc6e7f89355-scaled.jpeg","type":"image\/jpeg"}],"twitter_card":"summary_large_image","twitter_misc":{"Gesch\u00e4tzte Lesezeit":"1\u00a0Minute"},"schema":{"@context":"https:\/\/schema.org","@graph":[{"@type":"WebPage","@id":"https:\/\/www.koonings.com\/de\/product\/immediate-370-falcone-270-25109-142\/","url":"https:\/\/www.koonings.com\/de\/product\/immediate-370-falcone-270-25109-142\/","name":"Sofort 370 Falcone 270-25109 + 142 | Koonings","isPartOf":{"@id":"https:\/\/www.koonings.com\/de\/#website"},"primaryImageOfPage":{"@id":"https:\/\/www.koonings.com\/de\/product\/immediate-370-falcone-270-25109-142\/#primaryimage"},"image":{"@id":"https:\/\/www.koonings.com\/de\/product\/immediate-370-falcone-270-25109-142\/#primaryimage"},"thumbnailUrl":"https:\/\/www.koonings.com\/wp-content\/uploads\/2025\/02\/49827_b830721525f0f55785b23488938a8ac19324a7e70071aa35a1657f8fea543fc6e7f89355-scaled.jpeg","datePublished":"2026-04-14T14:32:18+00:00","description":"SPORTY TARTAN: Ein Schottenmuster auf dem Jackett oder der Weste verleiht dem klassischen 2025er Hochzeitsanzug eine verspielte Note. Entscheiden Sie sich f\u00fcr einen kompletten dreiteiligen Anzug oder heben Sie die Weste mit einem fetzigen Schottenmuster hervor. Vervollst\u00e4ndigen Sie den Look mit eleganten Lederschuhen und schreiten Sie selbstbewusst an der Seite Ihrer strahlenden Braut zum Altar. Lassen Sie Ihren inneren Gentleman erstrahlen! Treten Sie ein in die Welt von Immediate, wo ein Hochzeitsanzug nicht nur getragen, sondern wirklich erlebt wird. Immediate wei\u00df, dass Herrenmode mehr ist als nur ein Anzug - sie ist ein Erlebnis, ein Gef\u00fchl, ein Statement. Die exklusive Immediate-Kollektion, die bei Koonings The Wedding Palace erh\u00e4ltlich ist, bietet eine breite Palette an \u00fcberraschenden Farben. Von subtiler Eleganz bis hin zu trendy und gewagt. Die raffinierte italienische Passform in Kombination mit luxuri\u00f6sen, geschmeidigen Stoffen sorgt f\u00fcr die perfekte Kombination. Entdecken Sie Ihren ultimativen Hochzeitslook bei Koonings The Wedding Palace und erleben Sie die Magie von Immediate.","breadcrumb":{"@id":"https:\/\/www.koonings.com\/de\/product\/immediate-370-falcone-270-25109-142\/#breadcrumb"},"inLanguage":"de","potentialAction":[{"@type":"ReadAction","target":["https:\/\/www.koonings.com\/de\/product\/immediate-370-falcone-270-25109-142\/"]}]},{"@type":"ImageObject","inLanguage":"de","@id":"https:\/\/www.koonings.com\/de\/product\/immediate-370-falcone-270-25109-142\/#primaryimage","url":"https:\/\/www.koonings.com\/wp-content\/uploads\/2025\/02\/49827_b830721525f0f55785b23488938a8ac19324a7e70071aa35a1657f8fea543fc6e7f89355-scaled.jpeg","contentUrl":"https:\/\/www.koonings.com\/wp-content\/uploads\/2025\/02\/49827_b830721525f0f55785b23488938a8ac19324a7e70071aa35a1657f8fea543fc6e7f89355-scaled.jpeg","width":1809,"height":2560},{"@type":"BreadcrumbList","@id":"https:\/\/www.koonings.com\/de\/product\/immediate-370-falcone-270-25109-142\/#breadcrumb","itemListElement":[{"@type":"ListItem","position":1,"name":"Home","item":"https:\/\/www.koonings.com\/de\/"},{"@type":"ListItem","position":2,"name":"Sofort 370 Falcone 270-25109 + 142"}]},{"@type":"WebSite","@id":"https:\/\/www.koonings.com\/de\/#website","url":"https:\/\/www.koonings.com\/de\/","name":"Koonings","description":"De grootste bruidsmodewinkel ter wereld","publisher":{"@id":"https:\/\/www.koonings.com\/de\/#organization"},"potentialAction":[{"@type":"SearchAction","target":{"@type":"EntryPoint","urlTemplate":"https:\/\/www.koonings.com\/de\/?s={search_term_string}"},"query-input":{"@type":"PropertyValueSpecification","valueRequired":true,"valueName":"search_term_string"}}],"inLanguage":"de"},{"@type":"Organization","@id":"https:\/\/www.koonings.com\/de\/#organization","name":"Koonings","url":"https:\/\/www.koonings.com\/de\/","logo":{"@type":"ImageObject","inLanguage":"de","@id":"https:\/\/www.koonings.com\/de\/#\/schema\/logo\/image\/","url":"https:\/\/www.koonings.com\/wp-content\/uploads\/2024\/07\/logo.png","contentUrl":"https:\/\/www.koonings.com\/wp-content\/uploads\/2024\/07\/logo.png","width":600,"height":428,"caption":"Koonings"},"image":{"@id":"https:\/\/www.koonings.com\/de\/#\/schema\/logo\/image\/"},"sameAs":["https:\/\/www.facebook.com\/kooningstheweddingpalace","https:\/\/www.instagram.com\/kooningstheweddingpalace","https:\/\/www.pinterest.com\/koonings","https:\/\/www.youtube.com\/kooningstheweddingpalace"]}]}},"_links":{"self":[{"href":"https:\/\/www.koonings.com\/de\/wp-json\/wp\/v2\/product\/84947","targetHints":{"allow":["GET"]}}],"collection":[{"href":"https:\/\/www.koonings.com\/de\/wp-json\/wp\/v2\/product"}],"about":[{"href":"https:\/\/www.koonings.com\/de\/wp-json\/wp\/v2\/types\/product"}],"wp:featuredmedia":[{"embeddable":true,"href":"https:\/\/www.koonings.com\/de\/wp-json\/wp\/v2\/media\/81033"}],"wp:attachment":[{"href":"https:\/\/www.koonings.com\/de\/wp-json\/wp\/v2\/media?parent=84947"}],"wp:term":[{"taxonomy":"productdetails","embeddable":true,"href":"https:\/\/www.koonings.com\/de\/wp-json\/wp\/v2\/productdetails?post=84947"},{"taxonomy":"productneck","embeddable":true,"href":"https:\/\/www.koonings.com\/de\/wp-json\/wp\/v2\/productneck?post=84947"},{"taxonomy":"productcolor","embeddable":true,"href":"https:\/\/www.koonings.com\/de\/wp-json\/wp\/v2\/productcolor?post=84947"},{"taxonomy":"maat","embeddable":true,"href":"https:\/\/www.koonings.com\/de\/wp-json\/wp\/v2\/maat?post=84947"},{"taxonomy":"productsupplier","embeddable":true,"href":"https:\/\/www.koonings.com\/de\/wp-json\/wp\/v2\/productsupplier?post=84947"},{"taxonomy":"productsleeve","embeddable":true,"href":"https:\/\/www.koonings.com\/de\/wp-json\/wp\/v2\/productsleeve?post=84947"},{"taxonomy":"productcategory","embeddable":true,"href":"https:\/\/www.koonings.com\/de\/wp-json\/wp\/v2\/productcategory?post=84947"},{"taxonomy":"productsilhouette","embeddable":true,"href":"https:\/\/www.koonings.com\/de\/wp-json\/wp\/v2\/productsilhouette?post=84947"},{"taxonomy":"productstyle","embeddable":true,"href":"https:\/\/www.koonings.com\/de\/wp-json\/wp\/v2\/productstyle?post=84947"}],"curies":[{"name":"wp","href":"https:\/\/api.w.org\/{rel}","templated":true}]}}