{"id":84932,"date":"2026-04-14T16:32:19","date_gmt":"2026-04-14T14:32:19","guid":{"rendered":"https:\/\/www.koonings.com\/product\/roberto-vicentti-cor-25-25-902b-strovino\/"},"modified":"2026-02-16T15:06:47","modified_gmt":"2026-02-16T14:06:47","slug":"roberto-vicentti-cor-25-25-902b-strovino","status":"publish","type":"product","link":"https:\/\/www.koonings.com\/de\/product\/roberto-vicentti-cor-25-25-902b-strovino\/","title":{"rendered":"Roberto Vicentti COR 25.25.902B Strovino"},"content":{"rendered":"<p>Sch\u00f6ner klassischer 3-teiliger Anzug von Roberto Vicentti in Petrolgr\u00fcn mit dezentem Punktmuster. Die zweireihige Weste hat eine gemischte gr\u00fcne Farbe mit einem Hauch von Wollwei\u00df. Die Jacke ist einreihig und die Hose hat einen modernen Slimfit-Schnitt.  <\/p>\n","protected":false},"featured_media":81846,"template":"","meta":{"_acf_changed":false,"ghostkit_customizer_options":"","ghostkit_custom_css":"","ghostkit_custom_js_head":"","ghostkit_custom_js_foot":"","ghostkit_typography":""},"productdetails":[],"productneck":[],"productcolor":[501],"maat":[],"productsupplier":[449],"productsleeve":[],"productcategory":[227],"productsilhouette":[],"productstyle":[],"class_list":["post-84932","product","type-product","status-publish","has-post-thumbnail","hentry","productcolor-501","productsupplier-roberto-vicentti","productcategory-kostuum"],"acf":[],"yoast_head":"<!-- This site is optimized with the Yoast SEO plugin v27.3 - https:\/\/yoast.com\/product\/yoast-seo-wordpress\/ -->\n<title>Roberto Vicentti COR 25.25.902B Strovino | Koonings<\/title>\n<meta name=\"description\" content=\"Sch\u00f6ner klassischer 3-teiliger Anzug von Roberto Vicentti in Petrolgr\u00fcn mit dezentem Punktmuster. Die zweireihige Weste hat eine gemischte gr\u00fcne Farbe mit einem Hauch von Wollwei\u00df. Die Jacke ist einreihig und die Hose hat einen modernen Slimfit-Schnitt.\" \/>\n<meta name=\"robots\" content=\"index, follow, max-snippet:-1, max-image-preview:large, max-video-preview:-1\" \/>\n<link rel=\"canonical\" href=\"https:\/\/www.koonings.com\/de\/product\/roberto-vicentti-cor-25-25-902b-strovino\/\" \/>\n<meta property=\"og:locale\" content=\"de_DE\" \/>\n<meta property=\"og:type\" content=\"article\" \/>\n<meta property=\"og:title\" content=\"Roberto Vicentti COR 25.25.902B Strovino | Koonings\" \/>\n<meta property=\"og:description\" content=\"Sch\u00f6ner klassischer 3-teiliger Anzug von Roberto Vicentti in Petrolgr\u00fcn mit dezentem Punktmuster. Die zweireihige Weste hat eine gemischte gr\u00fcne Farbe mit einem Hauch von Wollwei\u00df. Die Jacke ist einreihig und die Hose hat einen modernen Slimfit-Schnitt.\" \/>\n<meta property=\"og:url\" content=\"https:\/\/www.koonings.com\/de\/product\/roberto-vicentti-cor-25-25-902b-strovino\/\" \/>\n<meta property=\"og:site_name\" content=\"Koonings\" \/>\n<meta property=\"article:publisher\" content=\"https:\/\/www.facebook.com\/kooningstheweddingpalace\" \/>\n<meta property=\"og:image\" content=\"https:\/\/www.koonings.com\/wp-content\/uploads\/2025\/03\/49831_e957e01d8aac946793a6716c2023e433af0978d99de0c280fabbea9c69bfcc36c9794f57-scaled.jpeg\" \/>\n\t<meta property=\"og:image:width\" content=\"1809\" \/>\n\t<meta property=\"og:image:height\" content=\"2560\" \/>\n\t<meta property=\"og:image:type\" content=\"image\/jpeg\" \/>\n<meta name=\"twitter:card\" content=\"summary_large_image\" \/>\n<script type=\"application\/ld+json\" class=\"yoast-schema-graph\">{\"@context\":\"https:\\\/\\\/schema.org\",\"@graph\":[{\"@type\":\"WebPage\",\"@id\":\"https:\\\/\\\/www.koonings.com\\\/de\\\/product\\\/roberto-vicentti-cor-25-25-902b-strovino\\\/\",\"url\":\"https:\\\/\\\/www.koonings.com\\\/de\\\/product\\\/roberto-vicentti-cor-25-25-902b-strovino\\\/\",\"name\":\"Roberto Vicentti COR 25.25.902B Strovino | Koonings\",\"isPartOf\":{\"@id\":\"https:\\\/\\\/www.koonings.com\\\/de\\\/#website\"},\"primaryImageOfPage\":{\"@id\":\"https:\\\/\\\/www.koonings.com\\\/de\\\/product\\\/roberto-vicentti-cor-25-25-902b-strovino\\\/#primaryimage\"},\"image\":{\"@id\":\"https:\\\/\\\/www.koonings.com\\\/de\\\/product\\\/roberto-vicentti-cor-25-25-902b-strovino\\\/#primaryimage\"},\"thumbnailUrl\":\"https:\\\/\\\/www.koonings.com\\\/wp-content\\\/uploads\\\/2025\\\/03\\\/49831_e957e01d8aac946793a6716c2023e433af0978d99de0c280fabbea9c69bfcc36c9794f57-scaled.jpeg\",\"datePublished\":\"2026-04-14T14:32:19+00:00\",\"description\":\"Sch\u00f6ner klassischer 3-teiliger Anzug von Roberto Vicentti in Petrolgr\u00fcn mit dezentem Punktmuster. Die zweireihige Weste hat eine gemischte gr\u00fcne Farbe mit einem Hauch von Wollwei\u00df. Die Jacke ist einreihig und die Hose hat einen modernen Slimfit-Schnitt.\",\"breadcrumb\":{\"@id\":\"https:\\\/\\\/www.koonings.com\\\/de\\\/product\\\/roberto-vicentti-cor-25-25-902b-strovino\\\/#breadcrumb\"},\"inLanguage\":\"de\",\"potentialAction\":[{\"@type\":\"ReadAction\",\"target\":[\"https:\\\/\\\/www.koonings.com\\\/de\\\/product\\\/roberto-vicentti-cor-25-25-902b-strovino\\\/\"]}]},{\"@type\":\"ImageObject\",\"inLanguage\":\"de\",\"@id\":\"https:\\\/\\\/www.koonings.com\\\/de\\\/product\\\/roberto-vicentti-cor-25-25-902b-strovino\\\/#primaryimage\",\"url\":\"https:\\\/\\\/www.koonings.com\\\/wp-content\\\/uploads\\\/2025\\\/03\\\/49831_e957e01d8aac946793a6716c2023e433af0978d99de0c280fabbea9c69bfcc36c9794f57-scaled.jpeg\",\"contentUrl\":\"https:\\\/\\\/www.koonings.com\\\/wp-content\\\/uploads\\\/2025\\\/03\\\/49831_e957e01d8aac946793a6716c2023e433af0978d99de0c280fabbea9c69bfcc36c9794f57-scaled.jpeg\",\"width\":1809,\"height\":2560},{\"@type\":\"BreadcrumbList\",\"@id\":\"https:\\\/\\\/www.koonings.com\\\/de\\\/product\\\/roberto-vicentti-cor-25-25-902b-strovino\\\/#breadcrumb\",\"itemListElement\":[{\"@type\":\"ListItem\",\"position\":1,\"name\":\"Home\",\"item\":\"https:\\\/\\\/www.koonings.com\\\/de\\\/\"},{\"@type\":\"ListItem\",\"position\":2,\"name\":\"Roberto Vicentti COR 25.25.902B Strovino\"}]},{\"@type\":\"WebSite\",\"@id\":\"https:\\\/\\\/www.koonings.com\\\/de\\\/#website\",\"url\":\"https:\\\/\\\/www.koonings.com\\\/de\\\/\",\"name\":\"Koonings\",\"description\":\"De grootste bruidsmodewinkel ter wereld\",\"publisher\":{\"@id\":\"https:\\\/\\\/www.koonings.com\\\/de\\\/#organization\"},\"potentialAction\":[{\"@type\":\"SearchAction\",\"target\":{\"@type\":\"EntryPoint\",\"urlTemplate\":\"https:\\\/\\\/www.koonings.com\\\/de\\\/?s={search_term_string}\"},\"query-input\":{\"@type\":\"PropertyValueSpecification\",\"valueRequired\":true,\"valueName\":\"search_term_string\"}}],\"inLanguage\":\"de\"},{\"@type\":\"Organization\",\"@id\":\"https:\\\/\\\/www.koonings.com\\\/de\\\/#organization\",\"name\":\"Koonings\",\"url\":\"https:\\\/\\\/www.koonings.com\\\/de\\\/\",\"logo\":{\"@type\":\"ImageObject\",\"inLanguage\":\"de\",\"@id\":\"https:\\\/\\\/www.koonings.com\\\/de\\\/#\\\/schema\\\/logo\\\/image\\\/\",\"url\":\"https:\\\/\\\/www.koonings.com\\\/wp-content\\\/uploads\\\/2024\\\/07\\\/logo.png\",\"contentUrl\":\"https:\\\/\\\/www.koonings.com\\\/wp-content\\\/uploads\\\/2024\\\/07\\\/logo.png\",\"width\":600,\"height\":428,\"caption\":\"Koonings\"},\"image\":{\"@id\":\"https:\\\/\\\/www.koonings.com\\\/de\\\/#\\\/schema\\\/logo\\\/image\\\/\"},\"sameAs\":[\"https:\\\/\\\/www.facebook.com\\\/kooningstheweddingpalace\",\"https:\\\/\\\/www.instagram.com\\\/kooningstheweddingpalace\",\"https:\\\/\\\/www.pinterest.com\\\/koonings\",\"https:\\\/\\\/www.youtube.com\\\/kooningstheweddingpalace\"]}]}<\/script>\n<!-- \/ Yoast SEO plugin. -->","yoast_head_json":{"title":"Roberto Vicentti COR 25.25.902B Strovino | Koonings","description":"Sch\u00f6ner klassischer 3-teiliger Anzug von Roberto Vicentti in Petrolgr\u00fcn mit dezentem Punktmuster. Die zweireihige Weste hat eine gemischte gr\u00fcne Farbe mit einem Hauch von Wollwei\u00df. Die Jacke ist einreihig und die Hose hat einen modernen Slimfit-Schnitt.","robots":{"index":"index","follow":"follow","max-snippet":"max-snippet:-1","max-image-preview":"max-image-preview:large","max-video-preview":"max-video-preview:-1"},"canonical":"https:\/\/www.koonings.com\/de\/product\/roberto-vicentti-cor-25-25-902b-strovino\/","og_locale":"de_DE","og_type":"article","og_title":"Roberto Vicentti COR 25.25.902B Strovino | Koonings","og_description":"Sch\u00f6ner klassischer 3-teiliger Anzug von Roberto Vicentti in Petrolgr\u00fcn mit dezentem Punktmuster. Die zweireihige Weste hat eine gemischte gr\u00fcne Farbe mit einem Hauch von Wollwei\u00df. Die Jacke ist einreihig und die Hose hat einen modernen Slimfit-Schnitt.","og_url":"https:\/\/www.koonings.com\/de\/product\/roberto-vicentti-cor-25-25-902b-strovino\/","og_site_name":"Koonings","article_publisher":"https:\/\/www.facebook.com\/kooningstheweddingpalace","og_image":[{"width":1809,"height":2560,"url":"https:\/\/www.koonings.com\/wp-content\/uploads\/2025\/03\/49831_e957e01d8aac946793a6716c2023e433af0978d99de0c280fabbea9c69bfcc36c9794f57-scaled.jpeg","type":"image\/jpeg"}],"twitter_card":"summary_large_image","schema":{"@context":"https:\/\/schema.org","@graph":[{"@type":"WebPage","@id":"https:\/\/www.koonings.com\/de\/product\/roberto-vicentti-cor-25-25-902b-strovino\/","url":"https:\/\/www.koonings.com\/de\/product\/roberto-vicentti-cor-25-25-902b-strovino\/","name":"Roberto Vicentti COR 25.25.902B Strovino | Koonings","isPartOf":{"@id":"https:\/\/www.koonings.com\/de\/#website"},"primaryImageOfPage":{"@id":"https:\/\/www.koonings.com\/de\/product\/roberto-vicentti-cor-25-25-902b-strovino\/#primaryimage"},"image":{"@id":"https:\/\/www.koonings.com\/de\/product\/roberto-vicentti-cor-25-25-902b-strovino\/#primaryimage"},"thumbnailUrl":"https:\/\/www.koonings.com\/wp-content\/uploads\/2025\/03\/49831_e957e01d8aac946793a6716c2023e433af0978d99de0c280fabbea9c69bfcc36c9794f57-scaled.jpeg","datePublished":"2026-04-14T14:32:19+00:00","description":"Sch\u00f6ner klassischer 3-teiliger Anzug von Roberto Vicentti in Petrolgr\u00fcn mit dezentem Punktmuster. Die zweireihige Weste hat eine gemischte gr\u00fcne Farbe mit einem Hauch von Wollwei\u00df. Die Jacke ist einreihig und die Hose hat einen modernen Slimfit-Schnitt.","breadcrumb":{"@id":"https:\/\/www.koonings.com\/de\/product\/roberto-vicentti-cor-25-25-902b-strovino\/#breadcrumb"},"inLanguage":"de","potentialAction":[{"@type":"ReadAction","target":["https:\/\/www.koonings.com\/de\/product\/roberto-vicentti-cor-25-25-902b-strovino\/"]}]},{"@type":"ImageObject","inLanguage":"de","@id":"https:\/\/www.koonings.com\/de\/product\/roberto-vicentti-cor-25-25-902b-strovino\/#primaryimage","url":"https:\/\/www.koonings.com\/wp-content\/uploads\/2025\/03\/49831_e957e01d8aac946793a6716c2023e433af0978d99de0c280fabbea9c69bfcc36c9794f57-scaled.jpeg","contentUrl":"https:\/\/www.koonings.com\/wp-content\/uploads\/2025\/03\/49831_e957e01d8aac946793a6716c2023e433af0978d99de0c280fabbea9c69bfcc36c9794f57-scaled.jpeg","width":1809,"height":2560},{"@type":"BreadcrumbList","@id":"https:\/\/www.koonings.com\/de\/product\/roberto-vicentti-cor-25-25-902b-strovino\/#breadcrumb","itemListElement":[{"@type":"ListItem","position":1,"name":"Home","item":"https:\/\/www.koonings.com\/de\/"},{"@type":"ListItem","position":2,"name":"Roberto Vicentti COR 25.25.902B Strovino"}]},{"@type":"WebSite","@id":"https:\/\/www.koonings.com\/de\/#website","url":"https:\/\/www.koonings.com\/de\/","name":"Koonings","description":"De grootste bruidsmodewinkel ter wereld","publisher":{"@id":"https:\/\/www.koonings.com\/de\/#organization"},"potentialAction":[{"@type":"SearchAction","target":{"@type":"EntryPoint","urlTemplate":"https:\/\/www.koonings.com\/de\/?s={search_term_string}"},"query-input":{"@type":"PropertyValueSpecification","valueRequired":true,"valueName":"search_term_string"}}],"inLanguage":"de"},{"@type":"Organization","@id":"https:\/\/www.koonings.com\/de\/#organization","name":"Koonings","url":"https:\/\/www.koonings.com\/de\/","logo":{"@type":"ImageObject","inLanguage":"de","@id":"https:\/\/www.koonings.com\/de\/#\/schema\/logo\/image\/","url":"https:\/\/www.koonings.com\/wp-content\/uploads\/2024\/07\/logo.png","contentUrl":"https:\/\/www.koonings.com\/wp-content\/uploads\/2024\/07\/logo.png","width":600,"height":428,"caption":"Koonings"},"image":{"@id":"https:\/\/www.koonings.com\/de\/#\/schema\/logo\/image\/"},"sameAs":["https:\/\/www.facebook.com\/kooningstheweddingpalace","https:\/\/www.instagram.com\/kooningstheweddingpalace","https:\/\/www.pinterest.com\/koonings","https:\/\/www.youtube.com\/kooningstheweddingpalace"]}]}},"_links":{"self":[{"href":"https:\/\/www.koonings.com\/de\/wp-json\/wp\/v2\/product\/84932","targetHints":{"allow":["GET"]}}],"collection":[{"href":"https:\/\/www.koonings.com\/de\/wp-json\/wp\/v2\/product"}],"about":[{"href":"https:\/\/www.koonings.com\/de\/wp-json\/wp\/v2\/types\/product"}],"wp:featuredmedia":[{"embeddable":true,"href":"https:\/\/www.koonings.com\/de\/wp-json\/wp\/v2\/media\/81846"}],"wp:attachment":[{"href":"https:\/\/www.koonings.com\/de\/wp-json\/wp\/v2\/media?parent=84932"}],"wp:term":[{"taxonomy":"productdetails","embeddable":true,"href":"https:\/\/www.koonings.com\/de\/wp-json\/wp\/v2\/productdetails?post=84932"},{"taxonomy":"productneck","embeddable":true,"href":"https:\/\/www.koonings.com\/de\/wp-json\/wp\/v2\/productneck?post=84932"},{"taxonomy":"productcolor","embeddable":true,"href":"https:\/\/www.koonings.com\/de\/wp-json\/wp\/v2\/productcolor?post=84932"},{"taxonomy":"maat","embeddable":true,"href":"https:\/\/www.koonings.com\/de\/wp-json\/wp\/v2\/maat?post=84932"},{"taxonomy":"productsupplier","embeddable":true,"href":"https:\/\/www.koonings.com\/de\/wp-json\/wp\/v2\/productsupplier?post=84932"},{"taxonomy":"productsleeve","embeddable":true,"href":"https:\/\/www.koonings.com\/de\/wp-json\/wp\/v2\/productsleeve?post=84932"},{"taxonomy":"productcategory","embeddable":true,"href":"https:\/\/www.koonings.com\/de\/wp-json\/wp\/v2\/productcategory?post=84932"},{"taxonomy":"productsilhouette","embeddable":true,"href":"https:\/\/www.koonings.com\/de\/wp-json\/wp\/v2\/productsilhouette?post=84932"},{"taxonomy":"productstyle","embeddable":true,"href":"https:\/\/www.koonings.com\/de\/wp-json\/wp\/v2\/productstyle?post=84932"}],"curies":[{"name":"wp","href":"https:\/\/api.w.org\/{rel}","templated":true}]}}