{"id":84931,"date":"2026-04-14T16:10:39","date_gmt":"2026-04-14T14:10:39","guid":{"rendered":"https:\/\/www.koonings.com\/product\/immediate-263-22200a-10\/"},"modified":"2026-02-16T15:06:58","modified_gmt":"2026-02-16T14:06:58","slug":"immediate-263-22200a-10","status":"publish","type":"product","link":"https:\/\/www.koonings.com\/de\/product\/immediate-263-22200a-10\/","title":{"rendered":"Unmittelbar 263-22200A-10"},"content":{"rendered":"<p>Suchen Sie einen trendigen Hochzeitsanzug aus der Kollektion von Koonings The Wedding Palace? Dieser beigefarbene Hochzeitsanzug von Immediate ist die perfekte Wahl! Die stilvolle Passform und das Mischgewebe sorgen f\u00fcr einen weichen, eleganten Look. Die Weste und die Fliege mit Karomuster verleihen ihm einen subtilen Vintage-Touch, ideal f\u00fcr den modernen Br\u00e4utigam mit einem Auge f\u00fcr Details.   <\/p>\n","protected":false},"featured_media":81298,"template":"","meta":{"_acf_changed":false,"ghostkit_customizer_options":"","ghostkit_custom_css":"","ghostkit_custom_js_head":"","ghostkit_custom_js_foot":"","ghostkit_typography":""},"productdetails":[],"productneck":[],"productcolor":[454],"maat":[],"productsupplier":[452],"productsleeve":[],"productcategory":[227],"productsilhouette":[],"productstyle":[],"class_list":["post-84931","product","type-product","status-publish","has-post-thumbnail","hentry","productcolor-454","productsupplier-immediate","productcategory-kostuum"],"acf":[],"yoast_head":"<!-- This site is optimized with the Yoast SEO plugin v27.3 - https:\/\/yoast.com\/product\/yoast-seo-wordpress\/ -->\n<title>Unmittelbar 263-22200A-10 | Koonings<\/title>\n<meta name=\"description\" content=\"Suchen Sie einen trendigen Hochzeitsanzug aus der Kollektion von Koonings The Wedding Palace? Dieser beigefarbene Hochzeitsanzug von Immediate ist die perfekte Wahl! Die stilvolle Passform und das Mischgewebe sorgen f\u00fcr einen weichen, eleganten Look. Die Weste und die Fliege mit Karomuster verleihen ihm einen subtilen Vintage-Touch, ideal f\u00fcr den modernen Br\u00e4utigam mit einem Auge f\u00fcr Details.\" \/>\n<meta name=\"robots\" content=\"index, follow, max-snippet:-1, max-image-preview:large, max-video-preview:-1\" \/>\n<link rel=\"canonical\" href=\"https:\/\/www.koonings.com\/de\/product\/immediate-263-22200a-10\/\" \/>\n<meta property=\"og:locale\" content=\"de_DE\" \/>\n<meta property=\"og:type\" content=\"article\" \/>\n<meta property=\"og:title\" content=\"Unmittelbar 263-22200A-10 | Koonings\" \/>\n<meta property=\"og:description\" content=\"Suchen Sie einen trendigen Hochzeitsanzug aus der Kollektion von Koonings The Wedding Palace? Dieser beigefarbene Hochzeitsanzug von Immediate ist die perfekte Wahl! Die stilvolle Passform und das Mischgewebe sorgen f\u00fcr einen weichen, eleganten Look. Die Weste und die Fliege mit Karomuster verleihen ihm einen subtilen Vintage-Touch, ideal f\u00fcr den modernen Br\u00e4utigam mit einem Auge f\u00fcr Details.\" \/>\n<meta property=\"og:url\" content=\"https:\/\/www.koonings.com\/de\/product\/immediate-263-22200a-10\/\" \/>\n<meta property=\"og:site_name\" content=\"Koonings\" \/>\n<meta property=\"article:publisher\" content=\"https:\/\/www.facebook.com\/kooningstheweddingpalace\" \/>\n<meta property=\"og:image\" content=\"https:\/\/www.koonings.com\/wp-content\/uploads\/2025\/02\/38311_e6acedecc65c164f741504978a0d4f8ca51d40765194671930ac75f51a2ae57d1127202a-scaled.jpeg\" \/>\n\t<meta property=\"og:image:width\" content=\"1809\" \/>\n\t<meta property=\"og:image:height\" content=\"2560\" \/>\n\t<meta property=\"og:image:type\" content=\"image\/jpeg\" \/>\n<meta name=\"twitter:card\" content=\"summary_large_image\" \/>\n<script type=\"application\/ld+json\" class=\"yoast-schema-graph\">{\"@context\":\"https:\\\/\\\/schema.org\",\"@graph\":[{\"@type\":\"WebPage\",\"@id\":\"https:\\\/\\\/www.koonings.com\\\/de\\\/product\\\/immediate-263-22200a-10\\\/\",\"url\":\"https:\\\/\\\/www.koonings.com\\\/de\\\/product\\\/immediate-263-22200a-10\\\/\",\"name\":\"Unmittelbar 263-22200A-10 | Koonings\",\"isPartOf\":{\"@id\":\"https:\\\/\\\/www.koonings.com\\\/de\\\/#website\"},\"primaryImageOfPage\":{\"@id\":\"https:\\\/\\\/www.koonings.com\\\/de\\\/product\\\/immediate-263-22200a-10\\\/#primaryimage\"},\"image\":{\"@id\":\"https:\\\/\\\/www.koonings.com\\\/de\\\/product\\\/immediate-263-22200a-10\\\/#primaryimage\"},\"thumbnailUrl\":\"https:\\\/\\\/www.koonings.com\\\/wp-content\\\/uploads\\\/2025\\\/02\\\/38311_e6acedecc65c164f741504978a0d4f8ca51d40765194671930ac75f51a2ae57d1127202a-scaled.jpeg\",\"datePublished\":\"2026-04-14T14:10:39+00:00\",\"description\":\"Suchen Sie einen trendigen Hochzeitsanzug aus der Kollektion von Koonings The Wedding Palace? Dieser beigefarbene Hochzeitsanzug von Immediate ist die perfekte Wahl! Die stilvolle Passform und das Mischgewebe sorgen f\u00fcr einen weichen, eleganten Look. Die Weste und die Fliege mit Karomuster verleihen ihm einen subtilen Vintage-Touch, ideal f\u00fcr den modernen Br\u00e4utigam mit einem Auge f\u00fcr Details.\",\"breadcrumb\":{\"@id\":\"https:\\\/\\\/www.koonings.com\\\/de\\\/product\\\/immediate-263-22200a-10\\\/#breadcrumb\"},\"inLanguage\":\"de\",\"potentialAction\":[{\"@type\":\"ReadAction\",\"target\":[\"https:\\\/\\\/www.koonings.com\\\/de\\\/product\\\/immediate-263-22200a-10\\\/\"]}]},{\"@type\":\"ImageObject\",\"inLanguage\":\"de\",\"@id\":\"https:\\\/\\\/www.koonings.com\\\/de\\\/product\\\/immediate-263-22200a-10\\\/#primaryimage\",\"url\":\"https:\\\/\\\/www.koonings.com\\\/wp-content\\\/uploads\\\/2025\\\/02\\\/38311_e6acedecc65c164f741504978a0d4f8ca51d40765194671930ac75f51a2ae57d1127202a-scaled.jpeg\",\"contentUrl\":\"https:\\\/\\\/www.koonings.com\\\/wp-content\\\/uploads\\\/2025\\\/02\\\/38311_e6acedecc65c164f741504978a0d4f8ca51d40765194671930ac75f51a2ae57d1127202a-scaled.jpeg\",\"width\":1809,\"height\":2560},{\"@type\":\"BreadcrumbList\",\"@id\":\"https:\\\/\\\/www.koonings.com\\\/de\\\/product\\\/immediate-263-22200a-10\\\/#breadcrumb\",\"itemListElement\":[{\"@type\":\"ListItem\",\"position\":1,\"name\":\"Home\",\"item\":\"https:\\\/\\\/www.koonings.com\\\/de\\\/\"},{\"@type\":\"ListItem\",\"position\":2,\"name\":\"Unmittelbar 263-22200A-10\"}]},{\"@type\":\"WebSite\",\"@id\":\"https:\\\/\\\/www.koonings.com\\\/de\\\/#website\",\"url\":\"https:\\\/\\\/www.koonings.com\\\/de\\\/\",\"name\":\"Koonings\",\"description\":\"De grootste bruidsmodewinkel ter wereld\",\"publisher\":{\"@id\":\"https:\\\/\\\/www.koonings.com\\\/de\\\/#organization\"},\"potentialAction\":[{\"@type\":\"SearchAction\",\"target\":{\"@type\":\"EntryPoint\",\"urlTemplate\":\"https:\\\/\\\/www.koonings.com\\\/de\\\/?s={search_term_string}\"},\"query-input\":{\"@type\":\"PropertyValueSpecification\",\"valueRequired\":true,\"valueName\":\"search_term_string\"}}],\"inLanguage\":\"de\"},{\"@type\":\"Organization\",\"@id\":\"https:\\\/\\\/www.koonings.com\\\/de\\\/#organization\",\"name\":\"Koonings\",\"url\":\"https:\\\/\\\/www.koonings.com\\\/de\\\/\",\"logo\":{\"@type\":\"ImageObject\",\"inLanguage\":\"de\",\"@id\":\"https:\\\/\\\/www.koonings.com\\\/de\\\/#\\\/schema\\\/logo\\\/image\\\/\",\"url\":\"https:\\\/\\\/www.koonings.com\\\/wp-content\\\/uploads\\\/2024\\\/07\\\/logo.png\",\"contentUrl\":\"https:\\\/\\\/www.koonings.com\\\/wp-content\\\/uploads\\\/2024\\\/07\\\/logo.png\",\"width\":600,\"height\":428,\"caption\":\"Koonings\"},\"image\":{\"@id\":\"https:\\\/\\\/www.koonings.com\\\/de\\\/#\\\/schema\\\/logo\\\/image\\\/\"},\"sameAs\":[\"https:\\\/\\\/www.facebook.com\\\/kooningstheweddingpalace\",\"https:\\\/\\\/www.instagram.com\\\/kooningstheweddingpalace\",\"https:\\\/\\\/www.pinterest.com\\\/koonings\",\"https:\\\/\\\/www.youtube.com\\\/kooningstheweddingpalace\"]}]}<\/script>\n<!-- \/ Yoast SEO plugin. -->","yoast_head_json":{"title":"Unmittelbar 263-22200A-10 | Koonings","description":"Suchen Sie einen trendigen Hochzeitsanzug aus der Kollektion von Koonings The Wedding Palace? Dieser beigefarbene Hochzeitsanzug von Immediate ist die perfekte Wahl! Die stilvolle Passform und das Mischgewebe sorgen f\u00fcr einen weichen, eleganten Look. Die Weste und die Fliege mit Karomuster verleihen ihm einen subtilen Vintage-Touch, ideal f\u00fcr den modernen Br\u00e4utigam mit einem Auge f\u00fcr Details.","robots":{"index":"index","follow":"follow","max-snippet":"max-snippet:-1","max-image-preview":"max-image-preview:large","max-video-preview":"max-video-preview:-1"},"canonical":"https:\/\/www.koonings.com\/de\/product\/immediate-263-22200a-10\/","og_locale":"de_DE","og_type":"article","og_title":"Unmittelbar 263-22200A-10 | Koonings","og_description":"Suchen Sie einen trendigen Hochzeitsanzug aus der Kollektion von Koonings The Wedding Palace? Dieser beigefarbene Hochzeitsanzug von Immediate ist die perfekte Wahl! Die stilvolle Passform und das Mischgewebe sorgen f\u00fcr einen weichen, eleganten Look. Die Weste und die Fliege mit Karomuster verleihen ihm einen subtilen Vintage-Touch, ideal f\u00fcr den modernen Br\u00e4utigam mit einem Auge f\u00fcr Details.","og_url":"https:\/\/www.koonings.com\/de\/product\/immediate-263-22200a-10\/","og_site_name":"Koonings","article_publisher":"https:\/\/www.facebook.com\/kooningstheweddingpalace","og_image":[{"width":1809,"height":2560,"url":"https:\/\/www.koonings.com\/wp-content\/uploads\/2025\/02\/38311_e6acedecc65c164f741504978a0d4f8ca51d40765194671930ac75f51a2ae57d1127202a-scaled.jpeg","type":"image\/jpeg"}],"twitter_card":"summary_large_image","schema":{"@context":"https:\/\/schema.org","@graph":[{"@type":"WebPage","@id":"https:\/\/www.koonings.com\/de\/product\/immediate-263-22200a-10\/","url":"https:\/\/www.koonings.com\/de\/product\/immediate-263-22200a-10\/","name":"Unmittelbar 263-22200A-10 | Koonings","isPartOf":{"@id":"https:\/\/www.koonings.com\/de\/#website"},"primaryImageOfPage":{"@id":"https:\/\/www.koonings.com\/de\/product\/immediate-263-22200a-10\/#primaryimage"},"image":{"@id":"https:\/\/www.koonings.com\/de\/product\/immediate-263-22200a-10\/#primaryimage"},"thumbnailUrl":"https:\/\/www.koonings.com\/wp-content\/uploads\/2025\/02\/38311_e6acedecc65c164f741504978a0d4f8ca51d40765194671930ac75f51a2ae57d1127202a-scaled.jpeg","datePublished":"2026-04-14T14:10:39+00:00","description":"Suchen Sie einen trendigen Hochzeitsanzug aus der Kollektion von Koonings The Wedding Palace? Dieser beigefarbene Hochzeitsanzug von Immediate ist die perfekte Wahl! Die stilvolle Passform und das Mischgewebe sorgen f\u00fcr einen weichen, eleganten Look. Die Weste und die Fliege mit Karomuster verleihen ihm einen subtilen Vintage-Touch, ideal f\u00fcr den modernen Br\u00e4utigam mit einem Auge f\u00fcr Details.","breadcrumb":{"@id":"https:\/\/www.koonings.com\/de\/product\/immediate-263-22200a-10\/#breadcrumb"},"inLanguage":"de","potentialAction":[{"@type":"ReadAction","target":["https:\/\/www.koonings.com\/de\/product\/immediate-263-22200a-10\/"]}]},{"@type":"ImageObject","inLanguage":"de","@id":"https:\/\/www.koonings.com\/de\/product\/immediate-263-22200a-10\/#primaryimage","url":"https:\/\/www.koonings.com\/wp-content\/uploads\/2025\/02\/38311_e6acedecc65c164f741504978a0d4f8ca51d40765194671930ac75f51a2ae57d1127202a-scaled.jpeg","contentUrl":"https:\/\/www.koonings.com\/wp-content\/uploads\/2025\/02\/38311_e6acedecc65c164f741504978a0d4f8ca51d40765194671930ac75f51a2ae57d1127202a-scaled.jpeg","width":1809,"height":2560},{"@type":"BreadcrumbList","@id":"https:\/\/www.koonings.com\/de\/product\/immediate-263-22200a-10\/#breadcrumb","itemListElement":[{"@type":"ListItem","position":1,"name":"Home","item":"https:\/\/www.koonings.com\/de\/"},{"@type":"ListItem","position":2,"name":"Unmittelbar 263-22200A-10"}]},{"@type":"WebSite","@id":"https:\/\/www.koonings.com\/de\/#website","url":"https:\/\/www.koonings.com\/de\/","name":"Koonings","description":"De grootste bruidsmodewinkel ter wereld","publisher":{"@id":"https:\/\/www.koonings.com\/de\/#organization"},"potentialAction":[{"@type":"SearchAction","target":{"@type":"EntryPoint","urlTemplate":"https:\/\/www.koonings.com\/de\/?s={search_term_string}"},"query-input":{"@type":"PropertyValueSpecification","valueRequired":true,"valueName":"search_term_string"}}],"inLanguage":"de"},{"@type":"Organization","@id":"https:\/\/www.koonings.com\/de\/#organization","name":"Koonings","url":"https:\/\/www.koonings.com\/de\/","logo":{"@type":"ImageObject","inLanguage":"de","@id":"https:\/\/www.koonings.com\/de\/#\/schema\/logo\/image\/","url":"https:\/\/www.koonings.com\/wp-content\/uploads\/2024\/07\/logo.png","contentUrl":"https:\/\/www.koonings.com\/wp-content\/uploads\/2024\/07\/logo.png","width":600,"height":428,"caption":"Koonings"},"image":{"@id":"https:\/\/www.koonings.com\/de\/#\/schema\/logo\/image\/"},"sameAs":["https:\/\/www.facebook.com\/kooningstheweddingpalace","https:\/\/www.instagram.com\/kooningstheweddingpalace","https:\/\/www.pinterest.com\/koonings","https:\/\/www.youtube.com\/kooningstheweddingpalace"]}]}},"_links":{"self":[{"href":"https:\/\/www.koonings.com\/de\/wp-json\/wp\/v2\/product\/84931","targetHints":{"allow":["GET"]}}],"collection":[{"href":"https:\/\/www.koonings.com\/de\/wp-json\/wp\/v2\/product"}],"about":[{"href":"https:\/\/www.koonings.com\/de\/wp-json\/wp\/v2\/types\/product"}],"wp:featuredmedia":[{"embeddable":true,"href":"https:\/\/www.koonings.com\/de\/wp-json\/wp\/v2\/media\/81298"}],"wp:attachment":[{"href":"https:\/\/www.koonings.com\/de\/wp-json\/wp\/v2\/media?parent=84931"}],"wp:term":[{"taxonomy":"productdetails","embeddable":true,"href":"https:\/\/www.koonings.com\/de\/wp-json\/wp\/v2\/productdetails?post=84931"},{"taxonomy":"productneck","embeddable":true,"href":"https:\/\/www.koonings.com\/de\/wp-json\/wp\/v2\/productneck?post=84931"},{"taxonomy":"productcolor","embeddable":true,"href":"https:\/\/www.koonings.com\/de\/wp-json\/wp\/v2\/productcolor?post=84931"},{"taxonomy":"maat","embeddable":true,"href":"https:\/\/www.koonings.com\/de\/wp-json\/wp\/v2\/maat?post=84931"},{"taxonomy":"productsupplier","embeddable":true,"href":"https:\/\/www.koonings.com\/de\/wp-json\/wp\/v2\/productsupplier?post=84931"},{"taxonomy":"productsleeve","embeddable":true,"href":"https:\/\/www.koonings.com\/de\/wp-json\/wp\/v2\/productsleeve?post=84931"},{"taxonomy":"productcategory","embeddable":true,"href":"https:\/\/www.koonings.com\/de\/wp-json\/wp\/v2\/productcategory?post=84931"},{"taxonomy":"productsilhouette","embeddable":true,"href":"https:\/\/www.koonings.com\/de\/wp-json\/wp\/v2\/productsilhouette?post=84931"},{"taxonomy":"productstyle","embeddable":true,"href":"https:\/\/www.koonings.com\/de\/wp-json\/wp\/v2\/productstyle?post=84931"}],"curies":[{"name":"wp","href":"https:\/\/api.w.org\/{rel}","templated":true}]}}