{"id":84906,"date":"2026-04-14T16:18:17","date_gmt":"2026-04-14T14:18:17","guid":{"rendered":"https:\/\/www.koonings.com\/product\/guglielmo-g-g24w25x20-33bbs-3\/"},"modified":"2025-06-05T13:56:40","modified_gmt":"2025-06-05T11:56:40","slug":"guglielmo-g-g24w25x20-33bbs-3","status":"publish","type":"product","link":"https:\/\/www.koonings.com\/de\/product\/guglielmo-g-g24w25x20-33bbs-3\/","title":{"rendered":"Guglielmo G G24W25X20 33BBS"},"content":{"rendered":"<p>Guglielmo G. Hochzeitsanz\u00fcge bei Koonings The Wedding Palace<\/p>\n<p>Die italienische Marke Guglielmo G. steht f\u00fcr Klasse, Stil und Perfektion. Schlanke Linien, luxuri\u00f6se Stoffe und eine perfekte Passform schaffen einen modernen, coolen Look f\u00fcr den Br\u00e4utigam, der an seinem Hochzeitstag einzigartig gl\u00e4nzen m\u00f6chte. Gl\u00e4nzende Stoffe und dekorative Kn\u00f6pfe verleihen den Anz\u00fcgen einen exklusiven Look.  <\/p>\n<p>Entdecken Sie die Kunst der italienischen Handwerkskunst und tragen Sie die feinsten Stoffe und Designs. Unsere Website zeigt eine Auswahl der Kollektion; f\u00fcr bestimmte Modelle empfehlen wir Ihnen, uns vorab zu kontaktieren. Kommen Sie vorbei und erleben Sie die zeitlose Eleganz von Guglielmo G.!  <\/p>\n","protected":false},"featured_media":81458,"template":"","meta":{"_acf_changed":false,"ghostkit_customizer_options":"","ghostkit_custom_css":"","ghostkit_custom_js_head":"","ghostkit_custom_js_foot":"","ghostkit_typography":""},"productdetails":[],"productneck":[],"productcolor":[450],"maat":[],"productsupplier":[502],"productsleeve":[],"productcategory":[227],"productsilhouette":[],"productstyle":[],"class_list":["post-84906","product","type-product","status-publish","has-post-thumbnail","hentry","productcolor-450","productsupplier-guglielmo-g","productcategory-kostuum"],"acf":[],"yoast_head":"<!-- This site is optimized with the Yoast SEO plugin v27.3 - https:\/\/yoast.com\/product\/yoast-seo-wordpress\/ -->\n<title>Guglielmo G G24W25X20 33BBS | Koonings<\/title>\n<meta name=\"description\" content=\"Guglielmo G. Hochzeitsanz\u00fcge bei Koonings The Wedding Palace Die italienische Marke Guglielmo G. steht f\u00fcr Klasse, Stil und Perfektion. Schlanke Linien, luxuri\u00f6se Stoffe und eine perfekte Passform schaffen einen modernen, coolen Look f\u00fcr den Br\u00e4utigam, der an seinem Hochzeitstag einzigartig gl\u00e4nzen m\u00f6chte. Gl\u00e4nzende Stoffe und dekorative Kn\u00f6pfe verleihen den Anz\u00fcgen einen exklusiven Look. Entdecken Sie die Kunst der italienischen Handwerkskunst und tragen Sie die feinsten Stoffe und Designs. Unsere Website zeigt eine Auswahl der Kollektion; f\u00fcr bestimmte Modelle empfehlen wir Ihnen, uns vorab zu kontaktieren. Kommen Sie vorbei und erleben Sie die zeitlose Eleganz von Guglielmo G.!\" \/>\n<meta name=\"robots\" content=\"index, follow, max-snippet:-1, max-image-preview:large, max-video-preview:-1\" \/>\n<link rel=\"canonical\" href=\"https:\/\/www.koonings.com\/de\/product\/guglielmo-g-g24w25x20-33bbs-3\/\" \/>\n<meta property=\"og:locale\" content=\"de_DE\" \/>\n<meta property=\"og:type\" content=\"article\" \/>\n<meta property=\"og:title\" content=\"Guglielmo G G24W25X20 33BBS | Koonings\" \/>\n<meta property=\"og:description\" content=\"Guglielmo G. Hochzeitsanz\u00fcge bei Koonings The Wedding Palace Die italienische Marke Guglielmo G. steht f\u00fcr Klasse, Stil und Perfektion. Schlanke Linien, luxuri\u00f6se Stoffe und eine perfekte Passform schaffen einen modernen, coolen Look f\u00fcr den Br\u00e4utigam, der an seinem Hochzeitstag einzigartig gl\u00e4nzen m\u00f6chte. Gl\u00e4nzende Stoffe und dekorative Kn\u00f6pfe verleihen den Anz\u00fcgen einen exklusiven Look. Entdecken Sie die Kunst der italienischen Handwerkskunst und tragen Sie die feinsten Stoffe und Designs. Unsere Website zeigt eine Auswahl der Kollektion; f\u00fcr bestimmte Modelle empfehlen wir Ihnen, uns vorab zu kontaktieren. Kommen Sie vorbei und erleben Sie die zeitlose Eleganz von Guglielmo G.!\" \/>\n<meta property=\"og:url\" content=\"https:\/\/www.koonings.com\/de\/product\/guglielmo-g-g24w25x20-33bbs-3\/\" \/>\n<meta property=\"og:site_name\" content=\"Koonings\" \/>\n<meta property=\"article:publisher\" content=\"https:\/\/www.facebook.com\/kooningstheweddingpalace\" \/>\n<meta property=\"og:image\" content=\"https:\/\/www.koonings.com\/wp-content\/uploads\/2025\/02\/40186_300f557a1d3efb65698c09bda62b5b4130701b7da313ebf4fcf0f3db995929be359c58cb-scaled.jpeg\" \/>\n\t<meta property=\"og:image:width\" content=\"1812\" \/>\n\t<meta property=\"og:image:height\" content=\"2560\" \/>\n\t<meta property=\"og:image:type\" content=\"image\/jpeg\" \/>\n<meta name=\"twitter:card\" content=\"summary_large_image\" \/>\n<meta name=\"twitter:label1\" content=\"Gesch\u00e4tzte Lesezeit\" \/>\n\t<meta name=\"twitter:data1\" content=\"1\u00a0Minute\" \/>\n<script type=\"application\/ld+json\" class=\"yoast-schema-graph\">{\"@context\":\"https:\\\/\\\/schema.org\",\"@graph\":[{\"@type\":\"WebPage\",\"@id\":\"https:\\\/\\\/www.koonings.com\\\/de\\\/product\\\/guglielmo-g-g24w25x20-33bbs-3\\\/\",\"url\":\"https:\\\/\\\/www.koonings.com\\\/de\\\/product\\\/guglielmo-g-g24w25x20-33bbs-3\\\/\",\"name\":\"Guglielmo G G24W25X20 33BBS | Koonings\",\"isPartOf\":{\"@id\":\"https:\\\/\\\/www.koonings.com\\\/de\\\/#website\"},\"primaryImageOfPage\":{\"@id\":\"https:\\\/\\\/www.koonings.com\\\/de\\\/product\\\/guglielmo-g-g24w25x20-33bbs-3\\\/#primaryimage\"},\"image\":{\"@id\":\"https:\\\/\\\/www.koonings.com\\\/de\\\/product\\\/guglielmo-g-g24w25x20-33bbs-3\\\/#primaryimage\"},\"thumbnailUrl\":\"https:\\\/\\\/www.koonings.com\\\/wp-content\\\/uploads\\\/2025\\\/02\\\/40186_300f557a1d3efb65698c09bda62b5b4130701b7da313ebf4fcf0f3db995929be359c58cb-scaled.jpeg\",\"datePublished\":\"2026-04-14T14:18:17+00:00\",\"description\":\"Guglielmo G. Hochzeitsanz\u00fcge bei Koonings The Wedding Palace Die italienische Marke Guglielmo G. steht f\u00fcr Klasse, Stil und Perfektion. Schlanke Linien, luxuri\u00f6se Stoffe und eine perfekte Passform schaffen einen modernen, coolen Look f\u00fcr den Br\u00e4utigam, der an seinem Hochzeitstag einzigartig gl\u00e4nzen m\u00f6chte. Gl\u00e4nzende Stoffe und dekorative Kn\u00f6pfe verleihen den Anz\u00fcgen einen exklusiven Look. Entdecken Sie die Kunst der italienischen Handwerkskunst und tragen Sie die feinsten Stoffe und Designs. Unsere Website zeigt eine Auswahl der Kollektion; f\u00fcr bestimmte Modelle empfehlen wir Ihnen, uns vorab zu kontaktieren. Kommen Sie vorbei und erleben Sie die zeitlose Eleganz von Guglielmo G.!\",\"breadcrumb\":{\"@id\":\"https:\\\/\\\/www.koonings.com\\\/de\\\/product\\\/guglielmo-g-g24w25x20-33bbs-3\\\/#breadcrumb\"},\"inLanguage\":\"de\",\"potentialAction\":[{\"@type\":\"ReadAction\",\"target\":[\"https:\\\/\\\/www.koonings.com\\\/de\\\/product\\\/guglielmo-g-g24w25x20-33bbs-3\\\/\"]}]},{\"@type\":\"ImageObject\",\"inLanguage\":\"de\",\"@id\":\"https:\\\/\\\/www.koonings.com\\\/de\\\/product\\\/guglielmo-g-g24w25x20-33bbs-3\\\/#primaryimage\",\"url\":\"https:\\\/\\\/www.koonings.com\\\/wp-content\\\/uploads\\\/2025\\\/02\\\/40186_300f557a1d3efb65698c09bda62b5b4130701b7da313ebf4fcf0f3db995929be359c58cb-scaled.jpeg\",\"contentUrl\":\"https:\\\/\\\/www.koonings.com\\\/wp-content\\\/uploads\\\/2025\\\/02\\\/40186_300f557a1d3efb65698c09bda62b5b4130701b7da313ebf4fcf0f3db995929be359c58cb-scaled.jpeg\",\"width\":1812,\"height\":2560},{\"@type\":\"BreadcrumbList\",\"@id\":\"https:\\\/\\\/www.koonings.com\\\/de\\\/product\\\/guglielmo-g-g24w25x20-33bbs-3\\\/#breadcrumb\",\"itemListElement\":[{\"@type\":\"ListItem\",\"position\":1,\"name\":\"Home\",\"item\":\"https:\\\/\\\/www.koonings.com\\\/de\\\/\"},{\"@type\":\"ListItem\",\"position\":2,\"name\":\"Guglielmo G G24W25X20 33BBS\"}]},{\"@type\":\"WebSite\",\"@id\":\"https:\\\/\\\/www.koonings.com\\\/de\\\/#website\",\"url\":\"https:\\\/\\\/www.koonings.com\\\/de\\\/\",\"name\":\"Koonings\",\"description\":\"De grootste bruidsmodewinkel ter wereld\",\"publisher\":{\"@id\":\"https:\\\/\\\/www.koonings.com\\\/de\\\/#organization\"},\"potentialAction\":[{\"@type\":\"SearchAction\",\"target\":{\"@type\":\"EntryPoint\",\"urlTemplate\":\"https:\\\/\\\/www.koonings.com\\\/de\\\/?s={search_term_string}\"},\"query-input\":{\"@type\":\"PropertyValueSpecification\",\"valueRequired\":true,\"valueName\":\"search_term_string\"}}],\"inLanguage\":\"de\"},{\"@type\":\"Organization\",\"@id\":\"https:\\\/\\\/www.koonings.com\\\/de\\\/#organization\",\"name\":\"Koonings\",\"url\":\"https:\\\/\\\/www.koonings.com\\\/de\\\/\",\"logo\":{\"@type\":\"ImageObject\",\"inLanguage\":\"de\",\"@id\":\"https:\\\/\\\/www.koonings.com\\\/de\\\/#\\\/schema\\\/logo\\\/image\\\/\",\"url\":\"https:\\\/\\\/www.koonings.com\\\/wp-content\\\/uploads\\\/2024\\\/07\\\/logo.png\",\"contentUrl\":\"https:\\\/\\\/www.koonings.com\\\/wp-content\\\/uploads\\\/2024\\\/07\\\/logo.png\",\"width\":600,\"height\":428,\"caption\":\"Koonings\"},\"image\":{\"@id\":\"https:\\\/\\\/www.koonings.com\\\/de\\\/#\\\/schema\\\/logo\\\/image\\\/\"},\"sameAs\":[\"https:\\\/\\\/www.facebook.com\\\/kooningstheweddingpalace\",\"https:\\\/\\\/www.instagram.com\\\/kooningstheweddingpalace\",\"https:\\\/\\\/www.pinterest.com\\\/koonings\",\"https:\\\/\\\/www.youtube.com\\\/kooningstheweddingpalace\"]}]}<\/script>\n<!-- \/ Yoast SEO plugin. -->","yoast_head_json":{"title":"Guglielmo G G24W25X20 33BBS | Koonings","description":"Guglielmo G. Hochzeitsanz\u00fcge bei Koonings The Wedding Palace Die italienische Marke Guglielmo G. steht f\u00fcr Klasse, Stil und Perfektion. Schlanke Linien, luxuri\u00f6se Stoffe und eine perfekte Passform schaffen einen modernen, coolen Look f\u00fcr den Br\u00e4utigam, der an seinem Hochzeitstag einzigartig gl\u00e4nzen m\u00f6chte. Gl\u00e4nzende Stoffe und dekorative Kn\u00f6pfe verleihen den Anz\u00fcgen einen exklusiven Look. Entdecken Sie die Kunst der italienischen Handwerkskunst und tragen Sie die feinsten Stoffe und Designs. Unsere Website zeigt eine Auswahl der Kollektion; f\u00fcr bestimmte Modelle empfehlen wir Ihnen, uns vorab zu kontaktieren. Kommen Sie vorbei und erleben Sie die zeitlose Eleganz von Guglielmo G.!","robots":{"index":"index","follow":"follow","max-snippet":"max-snippet:-1","max-image-preview":"max-image-preview:large","max-video-preview":"max-video-preview:-1"},"canonical":"https:\/\/www.koonings.com\/de\/product\/guglielmo-g-g24w25x20-33bbs-3\/","og_locale":"de_DE","og_type":"article","og_title":"Guglielmo G G24W25X20 33BBS | Koonings","og_description":"Guglielmo G. Hochzeitsanz\u00fcge bei Koonings The Wedding Palace Die italienische Marke Guglielmo G. steht f\u00fcr Klasse, Stil und Perfektion. Schlanke Linien, luxuri\u00f6se Stoffe und eine perfekte Passform schaffen einen modernen, coolen Look f\u00fcr den Br\u00e4utigam, der an seinem Hochzeitstag einzigartig gl\u00e4nzen m\u00f6chte. Gl\u00e4nzende Stoffe und dekorative Kn\u00f6pfe verleihen den Anz\u00fcgen einen exklusiven Look. Entdecken Sie die Kunst der italienischen Handwerkskunst und tragen Sie die feinsten Stoffe und Designs. Unsere Website zeigt eine Auswahl der Kollektion; f\u00fcr bestimmte Modelle empfehlen wir Ihnen, uns vorab zu kontaktieren. Kommen Sie vorbei und erleben Sie die zeitlose Eleganz von Guglielmo G.!","og_url":"https:\/\/www.koonings.com\/de\/product\/guglielmo-g-g24w25x20-33bbs-3\/","og_site_name":"Koonings","article_publisher":"https:\/\/www.facebook.com\/kooningstheweddingpalace","og_image":[{"width":1812,"height":2560,"url":"https:\/\/www.koonings.com\/wp-content\/uploads\/2025\/02\/40186_300f557a1d3efb65698c09bda62b5b4130701b7da313ebf4fcf0f3db995929be359c58cb-scaled.jpeg","type":"image\/jpeg"}],"twitter_card":"summary_large_image","twitter_misc":{"Gesch\u00e4tzte Lesezeit":"1\u00a0Minute"},"schema":{"@context":"https:\/\/schema.org","@graph":[{"@type":"WebPage","@id":"https:\/\/www.koonings.com\/de\/product\/guglielmo-g-g24w25x20-33bbs-3\/","url":"https:\/\/www.koonings.com\/de\/product\/guglielmo-g-g24w25x20-33bbs-3\/","name":"Guglielmo G G24W25X20 33BBS | Koonings","isPartOf":{"@id":"https:\/\/www.koonings.com\/de\/#website"},"primaryImageOfPage":{"@id":"https:\/\/www.koonings.com\/de\/product\/guglielmo-g-g24w25x20-33bbs-3\/#primaryimage"},"image":{"@id":"https:\/\/www.koonings.com\/de\/product\/guglielmo-g-g24w25x20-33bbs-3\/#primaryimage"},"thumbnailUrl":"https:\/\/www.koonings.com\/wp-content\/uploads\/2025\/02\/40186_300f557a1d3efb65698c09bda62b5b4130701b7da313ebf4fcf0f3db995929be359c58cb-scaled.jpeg","datePublished":"2026-04-14T14:18:17+00:00","description":"Guglielmo G. Hochzeitsanz\u00fcge bei Koonings The Wedding Palace Die italienische Marke Guglielmo G. steht f\u00fcr Klasse, Stil und Perfektion. Schlanke Linien, luxuri\u00f6se Stoffe und eine perfekte Passform schaffen einen modernen, coolen Look f\u00fcr den Br\u00e4utigam, der an seinem Hochzeitstag einzigartig gl\u00e4nzen m\u00f6chte. Gl\u00e4nzende Stoffe und dekorative Kn\u00f6pfe verleihen den Anz\u00fcgen einen exklusiven Look. Entdecken Sie die Kunst der italienischen Handwerkskunst und tragen Sie die feinsten Stoffe und Designs. Unsere Website zeigt eine Auswahl der Kollektion; f\u00fcr bestimmte Modelle empfehlen wir Ihnen, uns vorab zu kontaktieren. Kommen Sie vorbei und erleben Sie die zeitlose Eleganz von Guglielmo G.!","breadcrumb":{"@id":"https:\/\/www.koonings.com\/de\/product\/guglielmo-g-g24w25x20-33bbs-3\/#breadcrumb"},"inLanguage":"de","potentialAction":[{"@type":"ReadAction","target":["https:\/\/www.koonings.com\/de\/product\/guglielmo-g-g24w25x20-33bbs-3\/"]}]},{"@type":"ImageObject","inLanguage":"de","@id":"https:\/\/www.koonings.com\/de\/product\/guglielmo-g-g24w25x20-33bbs-3\/#primaryimage","url":"https:\/\/www.koonings.com\/wp-content\/uploads\/2025\/02\/40186_300f557a1d3efb65698c09bda62b5b4130701b7da313ebf4fcf0f3db995929be359c58cb-scaled.jpeg","contentUrl":"https:\/\/www.koonings.com\/wp-content\/uploads\/2025\/02\/40186_300f557a1d3efb65698c09bda62b5b4130701b7da313ebf4fcf0f3db995929be359c58cb-scaled.jpeg","width":1812,"height":2560},{"@type":"BreadcrumbList","@id":"https:\/\/www.koonings.com\/de\/product\/guglielmo-g-g24w25x20-33bbs-3\/#breadcrumb","itemListElement":[{"@type":"ListItem","position":1,"name":"Home","item":"https:\/\/www.koonings.com\/de\/"},{"@type":"ListItem","position":2,"name":"Guglielmo G G24W25X20 33BBS"}]},{"@type":"WebSite","@id":"https:\/\/www.koonings.com\/de\/#website","url":"https:\/\/www.koonings.com\/de\/","name":"Koonings","description":"De grootste bruidsmodewinkel ter wereld","publisher":{"@id":"https:\/\/www.koonings.com\/de\/#organization"},"potentialAction":[{"@type":"SearchAction","target":{"@type":"EntryPoint","urlTemplate":"https:\/\/www.koonings.com\/de\/?s={search_term_string}"},"query-input":{"@type":"PropertyValueSpecification","valueRequired":true,"valueName":"search_term_string"}}],"inLanguage":"de"},{"@type":"Organization","@id":"https:\/\/www.koonings.com\/de\/#organization","name":"Koonings","url":"https:\/\/www.koonings.com\/de\/","logo":{"@type":"ImageObject","inLanguage":"de","@id":"https:\/\/www.koonings.com\/de\/#\/schema\/logo\/image\/","url":"https:\/\/www.koonings.com\/wp-content\/uploads\/2024\/07\/logo.png","contentUrl":"https:\/\/www.koonings.com\/wp-content\/uploads\/2024\/07\/logo.png","width":600,"height":428,"caption":"Koonings"},"image":{"@id":"https:\/\/www.koonings.com\/de\/#\/schema\/logo\/image\/"},"sameAs":["https:\/\/www.facebook.com\/kooningstheweddingpalace","https:\/\/www.instagram.com\/kooningstheweddingpalace","https:\/\/www.pinterest.com\/koonings","https:\/\/www.youtube.com\/kooningstheweddingpalace"]}]}},"_links":{"self":[{"href":"https:\/\/www.koonings.com\/de\/wp-json\/wp\/v2\/product\/84906","targetHints":{"allow":["GET"]}}],"collection":[{"href":"https:\/\/www.koonings.com\/de\/wp-json\/wp\/v2\/product"}],"about":[{"href":"https:\/\/www.koonings.com\/de\/wp-json\/wp\/v2\/types\/product"}],"wp:featuredmedia":[{"embeddable":true,"href":"https:\/\/www.koonings.com\/de\/wp-json\/wp\/v2\/media\/81458"}],"wp:attachment":[{"href":"https:\/\/www.koonings.com\/de\/wp-json\/wp\/v2\/media?parent=84906"}],"wp:term":[{"taxonomy":"productdetails","embeddable":true,"href":"https:\/\/www.koonings.com\/de\/wp-json\/wp\/v2\/productdetails?post=84906"},{"taxonomy":"productneck","embeddable":true,"href":"https:\/\/www.koonings.com\/de\/wp-json\/wp\/v2\/productneck?post=84906"},{"taxonomy":"productcolor","embeddable":true,"href":"https:\/\/www.koonings.com\/de\/wp-json\/wp\/v2\/productcolor?post=84906"},{"taxonomy":"maat","embeddable":true,"href":"https:\/\/www.koonings.com\/de\/wp-json\/wp\/v2\/maat?post=84906"},{"taxonomy":"productsupplier","embeddable":true,"href":"https:\/\/www.koonings.com\/de\/wp-json\/wp\/v2\/productsupplier?post=84906"},{"taxonomy":"productsleeve","embeddable":true,"href":"https:\/\/www.koonings.com\/de\/wp-json\/wp\/v2\/productsleeve?post=84906"},{"taxonomy":"productcategory","embeddable":true,"href":"https:\/\/www.koonings.com\/de\/wp-json\/wp\/v2\/productcategory?post=84906"},{"taxonomy":"productsilhouette","embeddable":true,"href":"https:\/\/www.koonings.com\/de\/wp-json\/wp\/v2\/productsilhouette?post=84906"},{"taxonomy":"productstyle","embeddable":true,"href":"https:\/\/www.koonings.com\/de\/wp-json\/wp\/v2\/productstyle?post=84906"}],"curies":[{"name":"wp","href":"https:\/\/api.w.org\/{rel}","templated":true}]}}