{"id":84873,"date":"2026-04-14T16:16:45","date_gmt":"2026-04-14T14:16:45","guid":{"rendered":"https:\/\/www.koonings.com\/product\/wilvorst-441102-34\/"},"modified":"2025-06-05T13:57:06","modified_gmt":"2025-06-05T11:57:06","slug":"wilvorst-441102-34","status":"publish","type":"product","link":"https:\/\/www.koonings.com\/de\/product\/wilvorst-441102-34\/","title":{"rendered":"Wilvorst 441102\/34"},"content":{"rendered":"<p>Wilvorst ist bekannt f\u00fcr seine exklusiven Hochzeitsanz\u00fcge, die in der Regel dreiteilig sind und aus einem Sakko, einer Hose und einer Weste bestehen. Die Anz\u00fcge haben eine schlanke Passform und sind aus hochwertigen Materialien wie 100% Schurwolle gefertigt. Zu den charakteristischen Details geh\u00f6ren Pattentaschen, Einsteckt\u00fccher und Seitenschlitze auf der R\u00fcckseite. Au\u00dferdem haben die Hosen oft einen geb\u00f6rdelten Saum, um die Abnutzung zu minimieren. Diese Anz\u00fcge sind bei Koonings The Wedding Palace erh\u00e4ltlich. Bitte beachten Sie, dass unsere Website nur eine Auswahl der Kollektion zeigt und wir nicht garantieren k\u00f6nnen, dass alle Modelle vorr\u00e4tig sind. F\u00fcr bestimmte Modelle empfehlen wir Ihnen, uns im Voraus zu kontaktieren.      <\/p>\n","protected":false},"featured_media":81940,"template":"","meta":{"_acf_changed":false,"ghostkit_customizer_options":"","ghostkit_custom_css":"","ghostkit_custom_js_head":"","ghostkit_custom_js_foot":"","ghostkit_typography":""},"productdetails":[],"productneck":[],"productcolor":[450],"maat":[],"productsupplier":[495],"productsleeve":[],"productcategory":[227],"productsilhouette":[],"productstyle":[],"class_list":["post-84873","product","type-product","status-publish","has-post-thumbnail","hentry","productcolor-450","productsupplier-wilvorst","productcategory-kostuum"],"acf":[],"yoast_head":"<!-- This site is optimized with the Yoast SEO plugin v27.3 - https:\/\/yoast.com\/product\/yoast-seo-wordpress\/ -->\n<title>Wilvorst 441102\/34 | Koonings<\/title>\n<meta name=\"description\" content=\"Wilvorst ist bekannt f\u00fcr seine exklusiven Hochzeitsanz\u00fcge, die in der Regel dreiteilig sind und aus einem Sakko, einer Hose und einer Weste bestehen. Die Anz\u00fcge haben eine schlanke Passform und sind aus hochwertigen Materialien wie 100% Schurwolle gefertigt. Zu den charakteristischen Details geh\u00f6ren Pattentaschen, Einsteckt\u00fccher und Seitenschlitze auf der R\u00fcckseite. Au\u00dferdem haben die Hosen oft einen geb\u00f6rdelten Saum, um die Abnutzung zu minimieren. Diese Anz\u00fcge sind bei Koonings The Wedding Palace erh\u00e4ltlich. Bitte beachten Sie, dass unsere Website nur eine Auswahl der Kollektion zeigt und wir nicht garantieren k\u00f6nnen, dass alle Modelle vorr\u00e4tig sind. F\u00fcr bestimmte Modelle empfehlen wir Ihnen, uns im Voraus zu kontaktieren.\" \/>\n<meta name=\"robots\" content=\"index, follow, max-snippet:-1, max-image-preview:large, max-video-preview:-1\" \/>\n<link rel=\"canonical\" href=\"https:\/\/www.koonings.com\/de\/product\/wilvorst-441102-34\/\" \/>\n<meta property=\"og:locale\" content=\"de_DE\" \/>\n<meta property=\"og:type\" content=\"article\" \/>\n<meta property=\"og:title\" content=\"Wilvorst 441102\/34 | Koonings\" \/>\n<meta property=\"og:description\" content=\"Wilvorst ist bekannt f\u00fcr seine exklusiven Hochzeitsanz\u00fcge, die in der Regel dreiteilig sind und aus einem Sakko, einer Hose und einer Weste bestehen. Die Anz\u00fcge haben eine schlanke Passform und sind aus hochwertigen Materialien wie 100% Schurwolle gefertigt. Zu den charakteristischen Details geh\u00f6ren Pattentaschen, Einsteckt\u00fccher und Seitenschlitze auf der R\u00fcckseite. Au\u00dferdem haben die Hosen oft einen geb\u00f6rdelten Saum, um die Abnutzung zu minimieren. Diese Anz\u00fcge sind bei Koonings The Wedding Palace erh\u00e4ltlich. Bitte beachten Sie, dass unsere Website nur eine Auswahl der Kollektion zeigt und wir nicht garantieren k\u00f6nnen, dass alle Modelle vorr\u00e4tig sind. F\u00fcr bestimmte Modelle empfehlen wir Ihnen, uns im Voraus zu kontaktieren.\" \/>\n<meta property=\"og:url\" content=\"https:\/\/www.koonings.com\/de\/product\/wilvorst-441102-34\/\" \/>\n<meta property=\"og:site_name\" content=\"Koonings\" \/>\n<meta property=\"article:publisher\" content=\"https:\/\/www.facebook.com\/kooningstheweddingpalace\" \/>\n<meta property=\"og:image\" content=\"https:\/\/www.koonings.com\/wp-content\/uploads\/2025\/03\/39847_990465db5852030f76d2be3a682ebe17b7008654db07e72ef0c52fbfbb8c62557e671aec.jpeg\" \/>\n\t<meta property=\"og:image:width\" content=\"570\" \/>\n\t<meta property=\"og:image:height\" content=\"761\" \/>\n\t<meta property=\"og:image:type\" content=\"image\/jpeg\" \/>\n<meta name=\"twitter:card\" content=\"summary_large_image\" \/>\n<meta name=\"twitter:label1\" content=\"Gesch\u00e4tzte Lesezeit\" \/>\n\t<meta name=\"twitter:data1\" content=\"1\u00a0Minute\" \/>\n<script type=\"application\/ld+json\" class=\"yoast-schema-graph\">{\"@context\":\"https:\\\/\\\/schema.org\",\"@graph\":[{\"@type\":\"WebPage\",\"@id\":\"https:\\\/\\\/www.koonings.com\\\/de\\\/product\\\/wilvorst-441102-34\\\/\",\"url\":\"https:\\\/\\\/www.koonings.com\\\/de\\\/product\\\/wilvorst-441102-34\\\/\",\"name\":\"Wilvorst 441102\\\/34 | Koonings\",\"isPartOf\":{\"@id\":\"https:\\\/\\\/www.koonings.com\\\/de\\\/#website\"},\"primaryImageOfPage\":{\"@id\":\"https:\\\/\\\/www.koonings.com\\\/de\\\/product\\\/wilvorst-441102-34\\\/#primaryimage\"},\"image\":{\"@id\":\"https:\\\/\\\/www.koonings.com\\\/de\\\/product\\\/wilvorst-441102-34\\\/#primaryimage\"},\"thumbnailUrl\":\"https:\\\/\\\/www.koonings.com\\\/wp-content\\\/uploads\\\/2025\\\/03\\\/39847_990465db5852030f76d2be3a682ebe17b7008654db07e72ef0c52fbfbb8c62557e671aec.jpeg\",\"datePublished\":\"2026-04-14T14:16:45+00:00\",\"description\":\"Wilvorst ist bekannt f\u00fcr seine exklusiven Hochzeitsanz\u00fcge, die in der Regel dreiteilig sind und aus einem Sakko, einer Hose und einer Weste bestehen. Die Anz\u00fcge haben eine schlanke Passform und sind aus hochwertigen Materialien wie 100% Schurwolle gefertigt. Zu den charakteristischen Details geh\u00f6ren Pattentaschen, Einsteckt\u00fccher und Seitenschlitze auf der R\u00fcckseite. Au\u00dferdem haben die Hosen oft einen geb\u00f6rdelten Saum, um die Abnutzung zu minimieren. Diese Anz\u00fcge sind bei Koonings The Wedding Palace erh\u00e4ltlich. Bitte beachten Sie, dass unsere Website nur eine Auswahl der Kollektion zeigt und wir nicht garantieren k\u00f6nnen, dass alle Modelle vorr\u00e4tig sind. F\u00fcr bestimmte Modelle empfehlen wir Ihnen, uns im Voraus zu kontaktieren.\",\"breadcrumb\":{\"@id\":\"https:\\\/\\\/www.koonings.com\\\/de\\\/product\\\/wilvorst-441102-34\\\/#breadcrumb\"},\"inLanguage\":\"de\",\"potentialAction\":[{\"@type\":\"ReadAction\",\"target\":[\"https:\\\/\\\/www.koonings.com\\\/de\\\/product\\\/wilvorst-441102-34\\\/\"]}]},{\"@type\":\"ImageObject\",\"inLanguage\":\"de\",\"@id\":\"https:\\\/\\\/www.koonings.com\\\/de\\\/product\\\/wilvorst-441102-34\\\/#primaryimage\",\"url\":\"https:\\\/\\\/www.koonings.com\\\/wp-content\\\/uploads\\\/2025\\\/03\\\/39847_990465db5852030f76d2be3a682ebe17b7008654db07e72ef0c52fbfbb8c62557e671aec.jpeg\",\"contentUrl\":\"https:\\\/\\\/www.koonings.com\\\/wp-content\\\/uploads\\\/2025\\\/03\\\/39847_990465db5852030f76d2be3a682ebe17b7008654db07e72ef0c52fbfbb8c62557e671aec.jpeg\",\"width\":570,\"height\":761},{\"@type\":\"BreadcrumbList\",\"@id\":\"https:\\\/\\\/www.koonings.com\\\/de\\\/product\\\/wilvorst-441102-34\\\/#breadcrumb\",\"itemListElement\":[{\"@type\":\"ListItem\",\"position\":1,\"name\":\"Home\",\"item\":\"https:\\\/\\\/www.koonings.com\\\/de\\\/\"},{\"@type\":\"ListItem\",\"position\":2,\"name\":\"Wilvorst 441102\\\/34\"}]},{\"@type\":\"WebSite\",\"@id\":\"https:\\\/\\\/www.koonings.com\\\/de\\\/#website\",\"url\":\"https:\\\/\\\/www.koonings.com\\\/de\\\/\",\"name\":\"Koonings\",\"description\":\"De grootste bruidsmodewinkel ter wereld\",\"publisher\":{\"@id\":\"https:\\\/\\\/www.koonings.com\\\/de\\\/#organization\"},\"potentialAction\":[{\"@type\":\"SearchAction\",\"target\":{\"@type\":\"EntryPoint\",\"urlTemplate\":\"https:\\\/\\\/www.koonings.com\\\/de\\\/?s={search_term_string}\"},\"query-input\":{\"@type\":\"PropertyValueSpecification\",\"valueRequired\":true,\"valueName\":\"search_term_string\"}}],\"inLanguage\":\"de\"},{\"@type\":\"Organization\",\"@id\":\"https:\\\/\\\/www.koonings.com\\\/de\\\/#organization\",\"name\":\"Koonings\",\"url\":\"https:\\\/\\\/www.koonings.com\\\/de\\\/\",\"logo\":{\"@type\":\"ImageObject\",\"inLanguage\":\"de\",\"@id\":\"https:\\\/\\\/www.koonings.com\\\/de\\\/#\\\/schema\\\/logo\\\/image\\\/\",\"url\":\"https:\\\/\\\/www.koonings.com\\\/wp-content\\\/uploads\\\/2024\\\/07\\\/logo.png\",\"contentUrl\":\"https:\\\/\\\/www.koonings.com\\\/wp-content\\\/uploads\\\/2024\\\/07\\\/logo.png\",\"width\":600,\"height\":428,\"caption\":\"Koonings\"},\"image\":{\"@id\":\"https:\\\/\\\/www.koonings.com\\\/de\\\/#\\\/schema\\\/logo\\\/image\\\/\"},\"sameAs\":[\"https:\\\/\\\/www.facebook.com\\\/kooningstheweddingpalace\",\"https:\\\/\\\/www.instagram.com\\\/kooningstheweddingpalace\",\"https:\\\/\\\/www.pinterest.com\\\/koonings\",\"https:\\\/\\\/www.youtube.com\\\/kooningstheweddingpalace\"]}]}<\/script>\n<!-- \/ Yoast SEO plugin. -->","yoast_head_json":{"title":"Wilvorst 441102\/34 | Koonings","description":"Wilvorst ist bekannt f\u00fcr seine exklusiven Hochzeitsanz\u00fcge, die in der Regel dreiteilig sind und aus einem Sakko, einer Hose und einer Weste bestehen. Die Anz\u00fcge haben eine schlanke Passform und sind aus hochwertigen Materialien wie 100% Schurwolle gefertigt. Zu den charakteristischen Details geh\u00f6ren Pattentaschen, Einsteckt\u00fccher und Seitenschlitze auf der R\u00fcckseite. Au\u00dferdem haben die Hosen oft einen geb\u00f6rdelten Saum, um die Abnutzung zu minimieren. Diese Anz\u00fcge sind bei Koonings The Wedding Palace erh\u00e4ltlich. Bitte beachten Sie, dass unsere Website nur eine Auswahl der Kollektion zeigt und wir nicht garantieren k\u00f6nnen, dass alle Modelle vorr\u00e4tig sind. F\u00fcr bestimmte Modelle empfehlen wir Ihnen, uns im Voraus zu kontaktieren.","robots":{"index":"index","follow":"follow","max-snippet":"max-snippet:-1","max-image-preview":"max-image-preview:large","max-video-preview":"max-video-preview:-1"},"canonical":"https:\/\/www.koonings.com\/de\/product\/wilvorst-441102-34\/","og_locale":"de_DE","og_type":"article","og_title":"Wilvorst 441102\/34 | Koonings","og_description":"Wilvorst ist bekannt f\u00fcr seine exklusiven Hochzeitsanz\u00fcge, die in der Regel dreiteilig sind und aus einem Sakko, einer Hose und einer Weste bestehen. Die Anz\u00fcge haben eine schlanke Passform und sind aus hochwertigen Materialien wie 100% Schurwolle gefertigt. Zu den charakteristischen Details geh\u00f6ren Pattentaschen, Einsteckt\u00fccher und Seitenschlitze auf der R\u00fcckseite. Au\u00dferdem haben die Hosen oft einen geb\u00f6rdelten Saum, um die Abnutzung zu minimieren. Diese Anz\u00fcge sind bei Koonings The Wedding Palace erh\u00e4ltlich. Bitte beachten Sie, dass unsere Website nur eine Auswahl der Kollektion zeigt und wir nicht garantieren k\u00f6nnen, dass alle Modelle vorr\u00e4tig sind. F\u00fcr bestimmte Modelle empfehlen wir Ihnen, uns im Voraus zu kontaktieren.","og_url":"https:\/\/www.koonings.com\/de\/product\/wilvorst-441102-34\/","og_site_name":"Koonings","article_publisher":"https:\/\/www.facebook.com\/kooningstheweddingpalace","og_image":[{"width":570,"height":761,"url":"https:\/\/www.koonings.com\/wp-content\/uploads\/2025\/03\/39847_990465db5852030f76d2be3a682ebe17b7008654db07e72ef0c52fbfbb8c62557e671aec.jpeg","type":"image\/jpeg"}],"twitter_card":"summary_large_image","twitter_misc":{"Gesch\u00e4tzte Lesezeit":"1\u00a0Minute"},"schema":{"@context":"https:\/\/schema.org","@graph":[{"@type":"WebPage","@id":"https:\/\/www.koonings.com\/de\/product\/wilvorst-441102-34\/","url":"https:\/\/www.koonings.com\/de\/product\/wilvorst-441102-34\/","name":"Wilvorst 441102\/34 | Koonings","isPartOf":{"@id":"https:\/\/www.koonings.com\/de\/#website"},"primaryImageOfPage":{"@id":"https:\/\/www.koonings.com\/de\/product\/wilvorst-441102-34\/#primaryimage"},"image":{"@id":"https:\/\/www.koonings.com\/de\/product\/wilvorst-441102-34\/#primaryimage"},"thumbnailUrl":"https:\/\/www.koonings.com\/wp-content\/uploads\/2025\/03\/39847_990465db5852030f76d2be3a682ebe17b7008654db07e72ef0c52fbfbb8c62557e671aec.jpeg","datePublished":"2026-04-14T14:16:45+00:00","description":"Wilvorst ist bekannt f\u00fcr seine exklusiven Hochzeitsanz\u00fcge, die in der Regel dreiteilig sind und aus einem Sakko, einer Hose und einer Weste bestehen. Die Anz\u00fcge haben eine schlanke Passform und sind aus hochwertigen Materialien wie 100% Schurwolle gefertigt. Zu den charakteristischen Details geh\u00f6ren Pattentaschen, Einsteckt\u00fccher und Seitenschlitze auf der R\u00fcckseite. Au\u00dferdem haben die Hosen oft einen geb\u00f6rdelten Saum, um die Abnutzung zu minimieren. Diese Anz\u00fcge sind bei Koonings The Wedding Palace erh\u00e4ltlich. Bitte beachten Sie, dass unsere Website nur eine Auswahl der Kollektion zeigt und wir nicht garantieren k\u00f6nnen, dass alle Modelle vorr\u00e4tig sind. F\u00fcr bestimmte Modelle empfehlen wir Ihnen, uns im Voraus zu kontaktieren.","breadcrumb":{"@id":"https:\/\/www.koonings.com\/de\/product\/wilvorst-441102-34\/#breadcrumb"},"inLanguage":"de","potentialAction":[{"@type":"ReadAction","target":["https:\/\/www.koonings.com\/de\/product\/wilvorst-441102-34\/"]}]},{"@type":"ImageObject","inLanguage":"de","@id":"https:\/\/www.koonings.com\/de\/product\/wilvorst-441102-34\/#primaryimage","url":"https:\/\/www.koonings.com\/wp-content\/uploads\/2025\/03\/39847_990465db5852030f76d2be3a682ebe17b7008654db07e72ef0c52fbfbb8c62557e671aec.jpeg","contentUrl":"https:\/\/www.koonings.com\/wp-content\/uploads\/2025\/03\/39847_990465db5852030f76d2be3a682ebe17b7008654db07e72ef0c52fbfbb8c62557e671aec.jpeg","width":570,"height":761},{"@type":"BreadcrumbList","@id":"https:\/\/www.koonings.com\/de\/product\/wilvorst-441102-34\/#breadcrumb","itemListElement":[{"@type":"ListItem","position":1,"name":"Home","item":"https:\/\/www.koonings.com\/de\/"},{"@type":"ListItem","position":2,"name":"Wilvorst 441102\/34"}]},{"@type":"WebSite","@id":"https:\/\/www.koonings.com\/de\/#website","url":"https:\/\/www.koonings.com\/de\/","name":"Koonings","description":"De grootste bruidsmodewinkel ter wereld","publisher":{"@id":"https:\/\/www.koonings.com\/de\/#organization"},"potentialAction":[{"@type":"SearchAction","target":{"@type":"EntryPoint","urlTemplate":"https:\/\/www.koonings.com\/de\/?s={search_term_string}"},"query-input":{"@type":"PropertyValueSpecification","valueRequired":true,"valueName":"search_term_string"}}],"inLanguage":"de"},{"@type":"Organization","@id":"https:\/\/www.koonings.com\/de\/#organization","name":"Koonings","url":"https:\/\/www.koonings.com\/de\/","logo":{"@type":"ImageObject","inLanguage":"de","@id":"https:\/\/www.koonings.com\/de\/#\/schema\/logo\/image\/","url":"https:\/\/www.koonings.com\/wp-content\/uploads\/2024\/07\/logo.png","contentUrl":"https:\/\/www.koonings.com\/wp-content\/uploads\/2024\/07\/logo.png","width":600,"height":428,"caption":"Koonings"},"image":{"@id":"https:\/\/www.koonings.com\/de\/#\/schema\/logo\/image\/"},"sameAs":["https:\/\/www.facebook.com\/kooningstheweddingpalace","https:\/\/www.instagram.com\/kooningstheweddingpalace","https:\/\/www.pinterest.com\/koonings","https:\/\/www.youtube.com\/kooningstheweddingpalace"]}]}},"_links":{"self":[{"href":"https:\/\/www.koonings.com\/de\/wp-json\/wp\/v2\/product\/84873","targetHints":{"allow":["GET"]}}],"collection":[{"href":"https:\/\/www.koonings.com\/de\/wp-json\/wp\/v2\/product"}],"about":[{"href":"https:\/\/www.koonings.com\/de\/wp-json\/wp\/v2\/types\/product"}],"wp:featuredmedia":[{"embeddable":true,"href":"https:\/\/www.koonings.com\/de\/wp-json\/wp\/v2\/media\/81940"}],"wp:attachment":[{"href":"https:\/\/www.koonings.com\/de\/wp-json\/wp\/v2\/media?parent=84873"}],"wp:term":[{"taxonomy":"productdetails","embeddable":true,"href":"https:\/\/www.koonings.com\/de\/wp-json\/wp\/v2\/productdetails?post=84873"},{"taxonomy":"productneck","embeddable":true,"href":"https:\/\/www.koonings.com\/de\/wp-json\/wp\/v2\/productneck?post=84873"},{"taxonomy":"productcolor","embeddable":true,"href":"https:\/\/www.koonings.com\/de\/wp-json\/wp\/v2\/productcolor?post=84873"},{"taxonomy":"maat","embeddable":true,"href":"https:\/\/www.koonings.com\/de\/wp-json\/wp\/v2\/maat?post=84873"},{"taxonomy":"productsupplier","embeddable":true,"href":"https:\/\/www.koonings.com\/de\/wp-json\/wp\/v2\/productsupplier?post=84873"},{"taxonomy":"productsleeve","embeddable":true,"href":"https:\/\/www.koonings.com\/de\/wp-json\/wp\/v2\/productsleeve?post=84873"},{"taxonomy":"productcategory","embeddable":true,"href":"https:\/\/www.koonings.com\/de\/wp-json\/wp\/v2\/productcategory?post=84873"},{"taxonomy":"productsilhouette","embeddable":true,"href":"https:\/\/www.koonings.com\/de\/wp-json\/wp\/v2\/productsilhouette?post=84873"},{"taxonomy":"productstyle","embeddable":true,"href":"https:\/\/www.koonings.com\/de\/wp-json\/wp\/v2\/productstyle?post=84873"}],"curies":[{"name":"wp","href":"https:\/\/api.w.org\/{rel}","templated":true}]}}