{"id":84858,"date":"2026-03-27T16:08:58","date_gmt":"2026-03-27T15:08:58","guid":{"rendered":"https:\/\/www.koonings.com\/product\/immediate-361-23100a-70\/"},"modified":"2026-02-16T15:09:30","modified_gmt":"2026-02-16T14:09:30","slug":"immediate-361-23100a-70","status":"publish","type":"product","link":"https:\/\/www.koonings.com\/de\/product\/immediate-361-23100a-70\/","title":{"rendered":"Unmittelbar 361-23100A-70"},"content":{"rendered":"<p>Der Hochzeitsanzug &#8216;Immediate 361 Florence&#8217; ist ein Musterbeispiel f\u00fcr moderne Eleganz und Raffinesse, entworfen f\u00fcr den Br\u00e4utigam, der an seinem besonderen Tag einen bleibenden Eindruck hinterlassen m\u00f6chte. Dieser dreiteilige Anzug zeichnet sich durch einen schlanken italienischen Schnitt aus, der aus hochwertigen, geschmeidigen Stoffen gefertigt ist, die sowohl Komfort als auch luxuri\u00f6se Ausstrahlung bieten. Die Kollektion bietet eine Reihe \u00fcberraschender Farben, die von dezentem Chic bis hin zu trendigen T\u00f6nen reichen und es jedem Br\u00e4utigam erm\u00f6glichen, seinen pers\u00f6nlichen Stil zum Ausdruck zu bringen.  <\/p>\n<p>Dieses besondere Modell ist bei Koonings The Wedding Palace erh\u00e4ltlich. Bitte beachten Sie, dass die auf unserer Website gezeigten Hochzeitsanz\u00fcge nur ein Hinweis auf die verf\u00fcgbare Kollektion sind. Obwohl wir eine gro\u00dfe Anzahl von Anz\u00fcgen auf Lager haben, empfehlen wir Ihnen, uns im Voraus zu kontaktieren, wenn Sie an einem bestimmten Modell interessiert sind, damit wir die Verf\u00fcgbarkeit best\u00e4tigen und Ihnen den bestm\u00f6glichen Service bieten k\u00f6nnen.  <\/p>\n","protected":false},"featured_media":0,"template":"","meta":{"_acf_changed":false,"ghostkit_customizer_options":"","ghostkit_custom_css":"","ghostkit_custom_js_head":"","ghostkit_custom_js_foot":"","ghostkit_typography":""},"productdetails":[],"productneck":[],"productcolor":[501],"maat":[],"productsupplier":[452],"productsleeve":[],"productcategory":[227],"productsilhouette":[],"productstyle":[],"class_list":["post-84858","product","type-product","status-publish","hentry","productcolor-501","productsupplier-immediate","productcategory-kostuum"],"acf":[],"yoast_head":"<!-- This site is optimized with the Yoast SEO plugin v26.8 - https:\/\/yoast.com\/product\/yoast-seo-wordpress\/ -->\n<title>Unmittelbar 361-23100A-70 | Koonings<\/title>\n<meta name=\"description\" content=\"Der Hochzeitsanzug &#039;Immediate 361 Florence&#039; ist ein Musterbeispiel f\u00fcr moderne Eleganz und Raffinesse, entworfen f\u00fcr den Br\u00e4utigam, der an seinem besonderen Tag einen bleibenden Eindruck hinterlassen m\u00f6chte. Dieser dreiteilige Anzug zeichnet sich durch einen schlanken italienischen Schnitt aus, der aus hochwertigen, geschmeidigen Stoffen gefertigt ist, die sowohl Komfort als auch luxuri\u00f6se Ausstrahlung bieten. Die Kollektion bietet eine Reihe \u00fcberraschender Farben, die von dezentem Chic bis hin zu trendigen T\u00f6nen reichen und es jedem Br\u00e4utigam erm\u00f6glichen, seinen pers\u00f6nlichen Stil zum Ausdruck zu bringen. Dieses besondere Modell ist bei Koonings The Wedding Palace erh\u00e4ltlich. Bitte beachten Sie, dass die auf unserer Website gezeigten Hochzeitsanz\u00fcge nur ein Hinweis auf die verf\u00fcgbare Kollektion sind. Obwohl wir eine gro\u00dfe Anzahl von Anz\u00fcgen auf Lager haben, empfehlen wir Ihnen, uns im Voraus zu kontaktieren, wenn Sie an einem bestimmten Modell interessiert sind, damit wir die Verf\u00fcgbarkeit best\u00e4tigen und Ihnen den bestm\u00f6glichen Service bieten k\u00f6nnen.\" \/>\n<meta name=\"robots\" content=\"index, follow, max-snippet:-1, max-image-preview:large, max-video-preview:-1\" \/>\n<link rel=\"canonical\" href=\"https:\/\/www.koonings.com\/de\/product\/immediate-361-23100a-70\/\" \/>\n<meta property=\"og:locale\" content=\"de_DE\" \/>\n<meta property=\"og:type\" content=\"article\" \/>\n<meta property=\"og:title\" content=\"Unmittelbar 361-23100A-70 | Koonings\" \/>\n<meta property=\"og:description\" content=\"Der Hochzeitsanzug &#039;Immediate 361 Florence&#039; ist ein Musterbeispiel f\u00fcr moderne Eleganz und Raffinesse, entworfen f\u00fcr den Br\u00e4utigam, der an seinem besonderen Tag einen bleibenden Eindruck hinterlassen m\u00f6chte. Dieser dreiteilige Anzug zeichnet sich durch einen schlanken italienischen Schnitt aus, der aus hochwertigen, geschmeidigen Stoffen gefertigt ist, die sowohl Komfort als auch luxuri\u00f6se Ausstrahlung bieten. Die Kollektion bietet eine Reihe \u00fcberraschender Farben, die von dezentem Chic bis hin zu trendigen T\u00f6nen reichen und es jedem Br\u00e4utigam erm\u00f6glichen, seinen pers\u00f6nlichen Stil zum Ausdruck zu bringen. Dieses besondere Modell ist bei Koonings The Wedding Palace erh\u00e4ltlich. Bitte beachten Sie, dass die auf unserer Website gezeigten Hochzeitsanz\u00fcge nur ein Hinweis auf die verf\u00fcgbare Kollektion sind. Obwohl wir eine gro\u00dfe Anzahl von Anz\u00fcgen auf Lager haben, empfehlen wir Ihnen, uns im Voraus zu kontaktieren, wenn Sie an einem bestimmten Modell interessiert sind, damit wir die Verf\u00fcgbarkeit best\u00e4tigen und Ihnen den bestm\u00f6glichen Service bieten k\u00f6nnen.\" \/>\n<meta property=\"og:url\" content=\"https:\/\/www.koonings.com\/de\/product\/immediate-361-23100a-70\/\" \/>\n<meta property=\"og:site_name\" content=\"Koonings\" \/>\n<meta property=\"article:publisher\" content=\"https:\/\/www.facebook.com\/kooningstheweddingpalace\" \/>\n<meta property=\"og:image\" content=\"https:\/\/www.koonings.com\/wp-content\/uploads\/2024\/06\/palace-hero-screenshot-1024x575.png\" \/>\n\t<meta property=\"og:image:width\" content=\"1024\" \/>\n\t<meta property=\"og:image:height\" content=\"575\" \/>\n\t<meta property=\"og:image:type\" content=\"image\/png\" \/>\n<meta name=\"twitter:card\" content=\"summary_large_image\" \/>\n<meta name=\"twitter:label1\" content=\"Gesch\u00e4tzte Lesezeit\" \/>\n\t<meta name=\"twitter:data1\" content=\"1\u00a0Minute\" \/>\n<script type=\"application\/ld+json\" class=\"yoast-schema-graph\">{\"@context\":\"https:\/\/schema.org\",\"@graph\":[{\"@type\":\"WebPage\",\"@id\":\"https:\/\/www.koonings.com\/de\/product\/immediate-361-23100a-70\/\",\"url\":\"https:\/\/www.koonings.com\/de\/product\/immediate-361-23100a-70\/\",\"name\":\"Unmittelbar 361-23100A-70 | Koonings\",\"isPartOf\":{\"@id\":\"https:\/\/www.koonings.com\/de\/#website\"},\"datePublished\":\"2026-03-27T15:08:58+00:00\",\"description\":\"Der Hochzeitsanzug 'Immediate 361 Florence' ist ein Musterbeispiel f\u00fcr moderne Eleganz und Raffinesse, entworfen f\u00fcr den Br\u00e4utigam, der an seinem besonderen Tag einen bleibenden Eindruck hinterlassen m\u00f6chte. Dieser dreiteilige Anzug zeichnet sich durch einen schlanken italienischen Schnitt aus, der aus hochwertigen, geschmeidigen Stoffen gefertigt ist, die sowohl Komfort als auch luxuri\u00f6se Ausstrahlung bieten. Die Kollektion bietet eine Reihe \u00fcberraschender Farben, die von dezentem Chic bis hin zu trendigen T\u00f6nen reichen und es jedem Br\u00e4utigam erm\u00f6glichen, seinen pers\u00f6nlichen Stil zum Ausdruck zu bringen. Dieses besondere Modell ist bei Koonings The Wedding Palace erh\u00e4ltlich. Bitte beachten Sie, dass die auf unserer Website gezeigten Hochzeitsanz\u00fcge nur ein Hinweis auf die verf\u00fcgbare Kollektion sind. Obwohl wir eine gro\u00dfe Anzahl von Anz\u00fcgen auf Lager haben, empfehlen wir Ihnen, uns im Voraus zu kontaktieren, wenn Sie an einem bestimmten Modell interessiert sind, damit wir die Verf\u00fcgbarkeit best\u00e4tigen und Ihnen den bestm\u00f6glichen Service bieten k\u00f6nnen.\",\"breadcrumb\":{\"@id\":\"https:\/\/www.koonings.com\/de\/product\/immediate-361-23100a-70\/#breadcrumb\"},\"inLanguage\":\"de\",\"potentialAction\":[{\"@type\":\"ReadAction\",\"target\":[\"https:\/\/www.koonings.com\/de\/product\/immediate-361-23100a-70\/\"]}]},{\"@type\":\"BreadcrumbList\",\"@id\":\"https:\/\/www.koonings.com\/de\/product\/immediate-361-23100a-70\/#breadcrumb\",\"itemListElement\":[{\"@type\":\"ListItem\",\"position\":1,\"name\":\"Home\",\"item\":\"https:\/\/www.koonings.com\/de\/\"},{\"@type\":\"ListItem\",\"position\":2,\"name\":\"Unmittelbar 361-23100A-70\"}]},{\"@type\":\"WebSite\",\"@id\":\"https:\/\/www.koonings.com\/de\/#website\",\"url\":\"https:\/\/www.koonings.com\/de\/\",\"name\":\"Koonings\",\"description\":\"De grootste bruidsmodewinkel ter wereld\",\"publisher\":{\"@id\":\"https:\/\/www.koonings.com\/de\/#organization\"},\"potentialAction\":[{\"@type\":\"SearchAction\",\"target\":{\"@type\":\"EntryPoint\",\"urlTemplate\":\"https:\/\/www.koonings.com\/de\/?s={search_term_string}\"},\"query-input\":{\"@type\":\"PropertyValueSpecification\",\"valueRequired\":true,\"valueName\":\"search_term_string\"}}],\"inLanguage\":\"de\"},{\"@type\":\"Organization\",\"@id\":\"https:\/\/www.koonings.com\/de\/#organization\",\"name\":\"Koonings\",\"url\":\"https:\/\/www.koonings.com\/de\/\",\"logo\":{\"@type\":\"ImageObject\",\"inLanguage\":\"de\",\"@id\":\"https:\/\/www.koonings.com\/de\/#\/schema\/logo\/image\/\",\"url\":\"https:\/\/www.koonings.com\/wp-content\/uploads\/2024\/07\/logo.png\",\"contentUrl\":\"https:\/\/www.koonings.com\/wp-content\/uploads\/2024\/07\/logo.png\",\"width\":600,\"height\":428,\"caption\":\"Koonings\"},\"image\":{\"@id\":\"https:\/\/www.koonings.com\/de\/#\/schema\/logo\/image\/\"},\"sameAs\":[\"https:\/\/www.facebook.com\/kooningstheweddingpalace\",\"https:\/\/www.instagram.com\/kooningstheweddingpalace\",\"https:\/\/www.pinterest.com\/koonings\",\"https:\/\/www.youtube.com\/kooningstheweddingpalace\"]}]}<\/script>\n<!-- \/ Yoast SEO plugin. -->","yoast_head_json":{"title":"Unmittelbar 361-23100A-70 | Koonings","description":"Der Hochzeitsanzug 'Immediate 361 Florence' ist ein Musterbeispiel f\u00fcr moderne Eleganz und Raffinesse, entworfen f\u00fcr den Br\u00e4utigam, der an seinem besonderen Tag einen bleibenden Eindruck hinterlassen m\u00f6chte. Dieser dreiteilige Anzug zeichnet sich durch einen schlanken italienischen Schnitt aus, der aus hochwertigen, geschmeidigen Stoffen gefertigt ist, die sowohl Komfort als auch luxuri\u00f6se Ausstrahlung bieten. Die Kollektion bietet eine Reihe \u00fcberraschender Farben, die von dezentem Chic bis hin zu trendigen T\u00f6nen reichen und es jedem Br\u00e4utigam erm\u00f6glichen, seinen pers\u00f6nlichen Stil zum Ausdruck zu bringen. Dieses besondere Modell ist bei Koonings The Wedding Palace erh\u00e4ltlich. Bitte beachten Sie, dass die auf unserer Website gezeigten Hochzeitsanz\u00fcge nur ein Hinweis auf die verf\u00fcgbare Kollektion sind. Obwohl wir eine gro\u00dfe Anzahl von Anz\u00fcgen auf Lager haben, empfehlen wir Ihnen, uns im Voraus zu kontaktieren, wenn Sie an einem bestimmten Modell interessiert sind, damit wir die Verf\u00fcgbarkeit best\u00e4tigen und Ihnen den bestm\u00f6glichen Service bieten k\u00f6nnen.","robots":{"index":"index","follow":"follow","max-snippet":"max-snippet:-1","max-image-preview":"max-image-preview:large","max-video-preview":"max-video-preview:-1"},"canonical":"https:\/\/www.koonings.com\/de\/product\/immediate-361-23100a-70\/","og_locale":"de_DE","og_type":"article","og_title":"Unmittelbar 361-23100A-70 | Koonings","og_description":"Der Hochzeitsanzug 'Immediate 361 Florence' ist ein Musterbeispiel f\u00fcr moderne Eleganz und Raffinesse, entworfen f\u00fcr den Br\u00e4utigam, der an seinem besonderen Tag einen bleibenden Eindruck hinterlassen m\u00f6chte. Dieser dreiteilige Anzug zeichnet sich durch einen schlanken italienischen Schnitt aus, der aus hochwertigen, geschmeidigen Stoffen gefertigt ist, die sowohl Komfort als auch luxuri\u00f6se Ausstrahlung bieten. Die Kollektion bietet eine Reihe \u00fcberraschender Farben, die von dezentem Chic bis hin zu trendigen T\u00f6nen reichen und es jedem Br\u00e4utigam erm\u00f6glichen, seinen pers\u00f6nlichen Stil zum Ausdruck zu bringen. Dieses besondere Modell ist bei Koonings The Wedding Palace erh\u00e4ltlich. Bitte beachten Sie, dass die auf unserer Website gezeigten Hochzeitsanz\u00fcge nur ein Hinweis auf die verf\u00fcgbare Kollektion sind. Obwohl wir eine gro\u00dfe Anzahl von Anz\u00fcgen auf Lager haben, empfehlen wir Ihnen, uns im Voraus zu kontaktieren, wenn Sie an einem bestimmten Modell interessiert sind, damit wir die Verf\u00fcgbarkeit best\u00e4tigen und Ihnen den bestm\u00f6glichen Service bieten k\u00f6nnen.","og_url":"https:\/\/www.koonings.com\/de\/product\/immediate-361-23100a-70\/","og_site_name":"Koonings","article_publisher":"https:\/\/www.facebook.com\/kooningstheweddingpalace","og_image":[{"width":1024,"height":575,"url":"https:\/\/www.koonings.com\/wp-content\/uploads\/2024\/06\/palace-hero-screenshot-1024x575.png","type":"image\/png"}],"twitter_card":"summary_large_image","twitter_misc":{"Gesch\u00e4tzte Lesezeit":"1\u00a0Minute"},"schema":{"@context":"https:\/\/schema.org","@graph":[{"@type":"WebPage","@id":"https:\/\/www.koonings.com\/de\/product\/immediate-361-23100a-70\/","url":"https:\/\/www.koonings.com\/de\/product\/immediate-361-23100a-70\/","name":"Unmittelbar 361-23100A-70 | Koonings","isPartOf":{"@id":"https:\/\/www.koonings.com\/de\/#website"},"datePublished":"2026-03-27T15:08:58+00:00","description":"Der Hochzeitsanzug 'Immediate 361 Florence' ist ein Musterbeispiel f\u00fcr moderne Eleganz und Raffinesse, entworfen f\u00fcr den Br\u00e4utigam, der an seinem besonderen Tag einen bleibenden Eindruck hinterlassen m\u00f6chte. Dieser dreiteilige Anzug zeichnet sich durch einen schlanken italienischen Schnitt aus, der aus hochwertigen, geschmeidigen Stoffen gefertigt ist, die sowohl Komfort als auch luxuri\u00f6se Ausstrahlung bieten. Die Kollektion bietet eine Reihe \u00fcberraschender Farben, die von dezentem Chic bis hin zu trendigen T\u00f6nen reichen und es jedem Br\u00e4utigam erm\u00f6glichen, seinen pers\u00f6nlichen Stil zum Ausdruck zu bringen. Dieses besondere Modell ist bei Koonings The Wedding Palace erh\u00e4ltlich. Bitte beachten Sie, dass die auf unserer Website gezeigten Hochzeitsanz\u00fcge nur ein Hinweis auf die verf\u00fcgbare Kollektion sind. Obwohl wir eine gro\u00dfe Anzahl von Anz\u00fcgen auf Lager haben, empfehlen wir Ihnen, uns im Voraus zu kontaktieren, wenn Sie an einem bestimmten Modell interessiert sind, damit wir die Verf\u00fcgbarkeit best\u00e4tigen und Ihnen den bestm\u00f6glichen Service bieten k\u00f6nnen.","breadcrumb":{"@id":"https:\/\/www.koonings.com\/de\/product\/immediate-361-23100a-70\/#breadcrumb"},"inLanguage":"de","potentialAction":[{"@type":"ReadAction","target":["https:\/\/www.koonings.com\/de\/product\/immediate-361-23100a-70\/"]}]},{"@type":"BreadcrumbList","@id":"https:\/\/www.koonings.com\/de\/product\/immediate-361-23100a-70\/#breadcrumb","itemListElement":[{"@type":"ListItem","position":1,"name":"Home","item":"https:\/\/www.koonings.com\/de\/"},{"@type":"ListItem","position":2,"name":"Unmittelbar 361-23100A-70"}]},{"@type":"WebSite","@id":"https:\/\/www.koonings.com\/de\/#website","url":"https:\/\/www.koonings.com\/de\/","name":"Koonings","description":"De grootste bruidsmodewinkel ter wereld","publisher":{"@id":"https:\/\/www.koonings.com\/de\/#organization"},"potentialAction":[{"@type":"SearchAction","target":{"@type":"EntryPoint","urlTemplate":"https:\/\/www.koonings.com\/de\/?s={search_term_string}"},"query-input":{"@type":"PropertyValueSpecification","valueRequired":true,"valueName":"search_term_string"}}],"inLanguage":"de"},{"@type":"Organization","@id":"https:\/\/www.koonings.com\/de\/#organization","name":"Koonings","url":"https:\/\/www.koonings.com\/de\/","logo":{"@type":"ImageObject","inLanguage":"de","@id":"https:\/\/www.koonings.com\/de\/#\/schema\/logo\/image\/","url":"https:\/\/www.koonings.com\/wp-content\/uploads\/2024\/07\/logo.png","contentUrl":"https:\/\/www.koonings.com\/wp-content\/uploads\/2024\/07\/logo.png","width":600,"height":428,"caption":"Koonings"},"image":{"@id":"https:\/\/www.koonings.com\/de\/#\/schema\/logo\/image\/"},"sameAs":["https:\/\/www.facebook.com\/kooningstheweddingpalace","https:\/\/www.instagram.com\/kooningstheweddingpalace","https:\/\/www.pinterest.com\/koonings","https:\/\/www.youtube.com\/kooningstheweddingpalace"]}]}},"_links":{"self":[{"href":"https:\/\/www.koonings.com\/de\/wp-json\/wp\/v2\/product\/84858","targetHints":{"allow":["GET"]}}],"collection":[{"href":"https:\/\/www.koonings.com\/de\/wp-json\/wp\/v2\/product"}],"about":[{"href":"https:\/\/www.koonings.com\/de\/wp-json\/wp\/v2\/types\/product"}],"wp:attachment":[{"href":"https:\/\/www.koonings.com\/de\/wp-json\/wp\/v2\/media?parent=84858"}],"wp:term":[{"taxonomy":"productdetails","embeddable":true,"href":"https:\/\/www.koonings.com\/de\/wp-json\/wp\/v2\/productdetails?post=84858"},{"taxonomy":"productneck","embeddable":true,"href":"https:\/\/www.koonings.com\/de\/wp-json\/wp\/v2\/productneck?post=84858"},{"taxonomy":"productcolor","embeddable":true,"href":"https:\/\/www.koonings.com\/de\/wp-json\/wp\/v2\/productcolor?post=84858"},{"taxonomy":"maat","embeddable":true,"href":"https:\/\/www.koonings.com\/de\/wp-json\/wp\/v2\/maat?post=84858"},{"taxonomy":"productsupplier","embeddable":true,"href":"https:\/\/www.koonings.com\/de\/wp-json\/wp\/v2\/productsupplier?post=84858"},{"taxonomy":"productsleeve","embeddable":true,"href":"https:\/\/www.koonings.com\/de\/wp-json\/wp\/v2\/productsleeve?post=84858"},{"taxonomy":"productcategory","embeddable":true,"href":"https:\/\/www.koonings.com\/de\/wp-json\/wp\/v2\/productcategory?post=84858"},{"taxonomy":"productsilhouette","embeddable":true,"href":"https:\/\/www.koonings.com\/de\/wp-json\/wp\/v2\/productsilhouette?post=84858"},{"taxonomy":"productstyle","embeddable":true,"href":"https:\/\/www.koonings.com\/de\/wp-json\/wp\/v2\/productstyle?post=84858"}],"curies":[{"name":"wp","href":"https:\/\/api.w.org\/{rel}","templated":true}]}}