{"id":84843,"date":"2026-04-14T16:32:09","date_gmt":"2026-04-14T14:32:09","guid":{"rendered":"https:\/\/www.koonings.com\/product\/abrazi-a1s-mc-3-lux-3\/"},"modified":"2025-06-05T14:01:09","modified_gmt":"2025-06-05T12:01:09","slug":"abrazi-a1s-mc-3-lux-3","status":"publish","type":"product","link":"https:\/\/www.koonings.com\/de\/product\/abrazi-a1s-mc-3-lux-3\/","title":{"rendered":"Abrazi A1S-MC-3 Lux"},"content":{"rendered":"<p>Dieses raffinierte Gliederarmband zeigt drei kleine Perlen in der Mitte, die mit winzigen Kristallen verziert sind. Dieses Armband ist aus Sterlingsilber geschmiedet und wird mit einem verschmolzenen Federverschluss geschlossen. Dieses subtile und klassische Armband ist angenehm zu tragen und l\u00e4sst sich leicht kombinieren. Erh\u00e4ltlich mit einer Beschichtung aus Rhodium, 14 Karat Gold oder Ros\u00e9gold.   <\/p>\n","protected":false},"featured_media":84111,"template":"","meta":{"_acf_changed":false,"ghostkit_customizer_options":"","ghostkit_custom_css":"","ghostkit_custom_js_head":"","ghostkit_custom_js_foot":"","ghostkit_typography":""},"productdetails":[],"productneck":[],"productcolor":[],"maat":[],"productsupplier":[510],"productsleeve":[],"productcategory":[511],"productsilhouette":[],"productstyle":[],"class_list":["post-84843","product","type-product","status-publish","has-post-thumbnail","hentry","productsupplier-abrazi","productcategory-sieraden"],"acf":[],"yoast_head":"<!-- This site is optimized with the Yoast SEO plugin v27.3 - https:\/\/yoast.com\/product\/yoast-seo-wordpress\/ -->\n<title>Abrazi A1S-MC-3 Lux | Koonings<\/title>\n<meta name=\"description\" content=\"Dieses raffinierte Gliederarmband zeigt drei kleine Perlen in der Mitte, die mit winzigen Kristallen verziert sind. Dieses Armband ist aus Sterlingsilber geschmiedet und wird mit einem verschmolzenen Federverschluss geschlossen. Dieses subtile und klassische Armband ist angenehm zu tragen und l\u00e4sst sich leicht kombinieren. Erh\u00e4ltlich mit einer Beschichtung aus Rhodium, 14 Karat Gold oder Ros\u00e9gold.\" \/>\n<meta name=\"robots\" content=\"index, follow, max-snippet:-1, max-image-preview:large, max-video-preview:-1\" \/>\n<link rel=\"canonical\" href=\"https:\/\/www.koonings.com\/de\/product\/abrazi-a1s-mc-3-lux-3\/\" \/>\n<meta property=\"og:locale\" content=\"de_DE\" \/>\n<meta property=\"og:type\" content=\"article\" \/>\n<meta property=\"og:title\" content=\"Abrazi A1S-MC-3 Lux | Koonings\" \/>\n<meta property=\"og:description\" content=\"Dieses raffinierte Gliederarmband zeigt drei kleine Perlen in der Mitte, die mit winzigen Kristallen verziert sind. Dieses Armband ist aus Sterlingsilber geschmiedet und wird mit einem verschmolzenen Federverschluss geschlossen. Dieses subtile und klassische Armband ist angenehm zu tragen und l\u00e4sst sich leicht kombinieren. Erh\u00e4ltlich mit einer Beschichtung aus Rhodium, 14 Karat Gold oder Ros\u00e9gold.\" \/>\n<meta property=\"og:url\" content=\"https:\/\/www.koonings.com\/de\/product\/abrazi-a1s-mc-3-lux-3\/\" \/>\n<meta property=\"og:site_name\" content=\"Koonings\" \/>\n<meta property=\"article:publisher\" content=\"https:\/\/www.facebook.com\/kooningstheweddingpalace\" \/>\n<meta property=\"og:image\" content=\"https:\/\/www.koonings.com\/wp-content\/uploads\/2025\/04\/49782_0a5868425fbf9b85137a2a2d3d1f433d7672576cd32ac223abb109211fb468ed861637ea.jpeg\" \/>\n\t<meta property=\"og:image:width\" content=\"667\" \/>\n\t<meta property=\"og:image:height\" content=\"1000\" \/>\n\t<meta property=\"og:image:type\" content=\"image\/jpeg\" \/>\n<meta name=\"twitter:card\" content=\"summary_large_image\" \/>\n<script type=\"application\/ld+json\" class=\"yoast-schema-graph\">{\"@context\":\"https:\\\/\\\/schema.org\",\"@graph\":[{\"@type\":\"WebPage\",\"@id\":\"https:\\\/\\\/www.koonings.com\\\/de\\\/product\\\/abrazi-a1s-mc-3-lux-3\\\/\",\"url\":\"https:\\\/\\\/www.koonings.com\\\/de\\\/product\\\/abrazi-a1s-mc-3-lux-3\\\/\",\"name\":\"Abrazi A1S-MC-3 Lux | Koonings\",\"isPartOf\":{\"@id\":\"https:\\\/\\\/www.koonings.com\\\/de\\\/#website\"},\"primaryImageOfPage\":{\"@id\":\"https:\\\/\\\/www.koonings.com\\\/de\\\/product\\\/abrazi-a1s-mc-3-lux-3\\\/#primaryimage\"},\"image\":{\"@id\":\"https:\\\/\\\/www.koonings.com\\\/de\\\/product\\\/abrazi-a1s-mc-3-lux-3\\\/#primaryimage\"},\"thumbnailUrl\":\"https:\\\/\\\/www.koonings.com\\\/wp-content\\\/uploads\\\/2025\\\/04\\\/49782_0a5868425fbf9b85137a2a2d3d1f433d7672576cd32ac223abb109211fb468ed861637ea.jpeg\",\"datePublished\":\"2026-04-14T14:32:09+00:00\",\"description\":\"Dieses raffinierte Gliederarmband zeigt drei kleine Perlen in der Mitte, die mit winzigen Kristallen verziert sind. Dieses Armband ist aus Sterlingsilber geschmiedet und wird mit einem verschmolzenen Federverschluss geschlossen. Dieses subtile und klassische Armband ist angenehm zu tragen und l\u00e4sst sich leicht kombinieren. Erh\u00e4ltlich mit einer Beschichtung aus Rhodium, 14 Karat Gold oder Ros\u00e9gold.\",\"breadcrumb\":{\"@id\":\"https:\\\/\\\/www.koonings.com\\\/de\\\/product\\\/abrazi-a1s-mc-3-lux-3\\\/#breadcrumb\"},\"inLanguage\":\"de\",\"potentialAction\":[{\"@type\":\"ReadAction\",\"target\":[\"https:\\\/\\\/www.koonings.com\\\/de\\\/product\\\/abrazi-a1s-mc-3-lux-3\\\/\"]}]},{\"@type\":\"ImageObject\",\"inLanguage\":\"de\",\"@id\":\"https:\\\/\\\/www.koonings.com\\\/de\\\/product\\\/abrazi-a1s-mc-3-lux-3\\\/#primaryimage\",\"url\":\"https:\\\/\\\/www.koonings.com\\\/wp-content\\\/uploads\\\/2025\\\/04\\\/49782_0a5868425fbf9b85137a2a2d3d1f433d7672576cd32ac223abb109211fb468ed861637ea.jpeg\",\"contentUrl\":\"https:\\\/\\\/www.koonings.com\\\/wp-content\\\/uploads\\\/2025\\\/04\\\/49782_0a5868425fbf9b85137a2a2d3d1f433d7672576cd32ac223abb109211fb468ed861637ea.jpeg\",\"width\":667,\"height\":1000},{\"@type\":\"BreadcrumbList\",\"@id\":\"https:\\\/\\\/www.koonings.com\\\/de\\\/product\\\/abrazi-a1s-mc-3-lux-3\\\/#breadcrumb\",\"itemListElement\":[{\"@type\":\"ListItem\",\"position\":1,\"name\":\"Home\",\"item\":\"https:\\\/\\\/www.koonings.com\\\/de\\\/\"},{\"@type\":\"ListItem\",\"position\":2,\"name\":\"Abrazi A1S-MC-3 Lux\"}]},{\"@type\":\"WebSite\",\"@id\":\"https:\\\/\\\/www.koonings.com\\\/de\\\/#website\",\"url\":\"https:\\\/\\\/www.koonings.com\\\/de\\\/\",\"name\":\"Koonings\",\"description\":\"De grootste bruidsmodewinkel ter wereld\",\"publisher\":{\"@id\":\"https:\\\/\\\/www.koonings.com\\\/de\\\/#organization\"},\"potentialAction\":[{\"@type\":\"SearchAction\",\"target\":{\"@type\":\"EntryPoint\",\"urlTemplate\":\"https:\\\/\\\/www.koonings.com\\\/de\\\/?s={search_term_string}\"},\"query-input\":{\"@type\":\"PropertyValueSpecification\",\"valueRequired\":true,\"valueName\":\"search_term_string\"}}],\"inLanguage\":\"de\"},{\"@type\":\"Organization\",\"@id\":\"https:\\\/\\\/www.koonings.com\\\/de\\\/#organization\",\"name\":\"Koonings\",\"url\":\"https:\\\/\\\/www.koonings.com\\\/de\\\/\",\"logo\":{\"@type\":\"ImageObject\",\"inLanguage\":\"de\",\"@id\":\"https:\\\/\\\/www.koonings.com\\\/de\\\/#\\\/schema\\\/logo\\\/image\\\/\",\"url\":\"https:\\\/\\\/www.koonings.com\\\/wp-content\\\/uploads\\\/2024\\\/07\\\/logo.png\",\"contentUrl\":\"https:\\\/\\\/www.koonings.com\\\/wp-content\\\/uploads\\\/2024\\\/07\\\/logo.png\",\"width\":600,\"height\":428,\"caption\":\"Koonings\"},\"image\":{\"@id\":\"https:\\\/\\\/www.koonings.com\\\/de\\\/#\\\/schema\\\/logo\\\/image\\\/\"},\"sameAs\":[\"https:\\\/\\\/www.facebook.com\\\/kooningstheweddingpalace\",\"https:\\\/\\\/www.instagram.com\\\/kooningstheweddingpalace\",\"https:\\\/\\\/www.pinterest.com\\\/koonings\",\"https:\\\/\\\/www.youtube.com\\\/kooningstheweddingpalace\"]}]}<\/script>\n<!-- \/ Yoast SEO plugin. -->","yoast_head_json":{"title":"Abrazi A1S-MC-3 Lux | Koonings","description":"Dieses raffinierte Gliederarmband zeigt drei kleine Perlen in der Mitte, die mit winzigen Kristallen verziert sind. Dieses Armband ist aus Sterlingsilber geschmiedet und wird mit einem verschmolzenen Federverschluss geschlossen. Dieses subtile und klassische Armband ist angenehm zu tragen und l\u00e4sst sich leicht kombinieren. Erh\u00e4ltlich mit einer Beschichtung aus Rhodium, 14 Karat Gold oder Ros\u00e9gold.","robots":{"index":"index","follow":"follow","max-snippet":"max-snippet:-1","max-image-preview":"max-image-preview:large","max-video-preview":"max-video-preview:-1"},"canonical":"https:\/\/www.koonings.com\/de\/product\/abrazi-a1s-mc-3-lux-3\/","og_locale":"de_DE","og_type":"article","og_title":"Abrazi A1S-MC-3 Lux | Koonings","og_description":"Dieses raffinierte Gliederarmband zeigt drei kleine Perlen in der Mitte, die mit winzigen Kristallen verziert sind. Dieses Armband ist aus Sterlingsilber geschmiedet und wird mit einem verschmolzenen Federverschluss geschlossen. Dieses subtile und klassische Armband ist angenehm zu tragen und l\u00e4sst sich leicht kombinieren. Erh\u00e4ltlich mit einer Beschichtung aus Rhodium, 14 Karat Gold oder Ros\u00e9gold.","og_url":"https:\/\/www.koonings.com\/de\/product\/abrazi-a1s-mc-3-lux-3\/","og_site_name":"Koonings","article_publisher":"https:\/\/www.facebook.com\/kooningstheweddingpalace","og_image":[{"width":667,"height":1000,"url":"https:\/\/www.koonings.com\/wp-content\/uploads\/2025\/04\/49782_0a5868425fbf9b85137a2a2d3d1f433d7672576cd32ac223abb109211fb468ed861637ea.jpeg","type":"image\/jpeg"}],"twitter_card":"summary_large_image","schema":{"@context":"https:\/\/schema.org","@graph":[{"@type":"WebPage","@id":"https:\/\/www.koonings.com\/de\/product\/abrazi-a1s-mc-3-lux-3\/","url":"https:\/\/www.koonings.com\/de\/product\/abrazi-a1s-mc-3-lux-3\/","name":"Abrazi A1S-MC-3 Lux | Koonings","isPartOf":{"@id":"https:\/\/www.koonings.com\/de\/#website"},"primaryImageOfPage":{"@id":"https:\/\/www.koonings.com\/de\/product\/abrazi-a1s-mc-3-lux-3\/#primaryimage"},"image":{"@id":"https:\/\/www.koonings.com\/de\/product\/abrazi-a1s-mc-3-lux-3\/#primaryimage"},"thumbnailUrl":"https:\/\/www.koonings.com\/wp-content\/uploads\/2025\/04\/49782_0a5868425fbf9b85137a2a2d3d1f433d7672576cd32ac223abb109211fb468ed861637ea.jpeg","datePublished":"2026-04-14T14:32:09+00:00","description":"Dieses raffinierte Gliederarmband zeigt drei kleine Perlen in der Mitte, die mit winzigen Kristallen verziert sind. Dieses Armband ist aus Sterlingsilber geschmiedet und wird mit einem verschmolzenen Federverschluss geschlossen. Dieses subtile und klassische Armband ist angenehm zu tragen und l\u00e4sst sich leicht kombinieren. Erh\u00e4ltlich mit einer Beschichtung aus Rhodium, 14 Karat Gold oder Ros\u00e9gold.","breadcrumb":{"@id":"https:\/\/www.koonings.com\/de\/product\/abrazi-a1s-mc-3-lux-3\/#breadcrumb"},"inLanguage":"de","potentialAction":[{"@type":"ReadAction","target":["https:\/\/www.koonings.com\/de\/product\/abrazi-a1s-mc-3-lux-3\/"]}]},{"@type":"ImageObject","inLanguage":"de","@id":"https:\/\/www.koonings.com\/de\/product\/abrazi-a1s-mc-3-lux-3\/#primaryimage","url":"https:\/\/www.koonings.com\/wp-content\/uploads\/2025\/04\/49782_0a5868425fbf9b85137a2a2d3d1f433d7672576cd32ac223abb109211fb468ed861637ea.jpeg","contentUrl":"https:\/\/www.koonings.com\/wp-content\/uploads\/2025\/04\/49782_0a5868425fbf9b85137a2a2d3d1f433d7672576cd32ac223abb109211fb468ed861637ea.jpeg","width":667,"height":1000},{"@type":"BreadcrumbList","@id":"https:\/\/www.koonings.com\/de\/product\/abrazi-a1s-mc-3-lux-3\/#breadcrumb","itemListElement":[{"@type":"ListItem","position":1,"name":"Home","item":"https:\/\/www.koonings.com\/de\/"},{"@type":"ListItem","position":2,"name":"Abrazi A1S-MC-3 Lux"}]},{"@type":"WebSite","@id":"https:\/\/www.koonings.com\/de\/#website","url":"https:\/\/www.koonings.com\/de\/","name":"Koonings","description":"De grootste bruidsmodewinkel ter wereld","publisher":{"@id":"https:\/\/www.koonings.com\/de\/#organization"},"potentialAction":[{"@type":"SearchAction","target":{"@type":"EntryPoint","urlTemplate":"https:\/\/www.koonings.com\/de\/?s={search_term_string}"},"query-input":{"@type":"PropertyValueSpecification","valueRequired":true,"valueName":"search_term_string"}}],"inLanguage":"de"},{"@type":"Organization","@id":"https:\/\/www.koonings.com\/de\/#organization","name":"Koonings","url":"https:\/\/www.koonings.com\/de\/","logo":{"@type":"ImageObject","inLanguage":"de","@id":"https:\/\/www.koonings.com\/de\/#\/schema\/logo\/image\/","url":"https:\/\/www.koonings.com\/wp-content\/uploads\/2024\/07\/logo.png","contentUrl":"https:\/\/www.koonings.com\/wp-content\/uploads\/2024\/07\/logo.png","width":600,"height":428,"caption":"Koonings"},"image":{"@id":"https:\/\/www.koonings.com\/de\/#\/schema\/logo\/image\/"},"sameAs":["https:\/\/www.facebook.com\/kooningstheweddingpalace","https:\/\/www.instagram.com\/kooningstheweddingpalace","https:\/\/www.pinterest.com\/koonings","https:\/\/www.youtube.com\/kooningstheweddingpalace"]}]}},"_links":{"self":[{"href":"https:\/\/www.koonings.com\/de\/wp-json\/wp\/v2\/product\/84843","targetHints":{"allow":["GET"]}}],"collection":[{"href":"https:\/\/www.koonings.com\/de\/wp-json\/wp\/v2\/product"}],"about":[{"href":"https:\/\/www.koonings.com\/de\/wp-json\/wp\/v2\/types\/product"}],"wp:featuredmedia":[{"embeddable":true,"href":"https:\/\/www.koonings.com\/de\/wp-json\/wp\/v2\/media\/84111"}],"wp:attachment":[{"href":"https:\/\/www.koonings.com\/de\/wp-json\/wp\/v2\/media?parent=84843"}],"wp:term":[{"taxonomy":"productdetails","embeddable":true,"href":"https:\/\/www.koonings.com\/de\/wp-json\/wp\/v2\/productdetails?post=84843"},{"taxonomy":"productneck","embeddable":true,"href":"https:\/\/www.koonings.com\/de\/wp-json\/wp\/v2\/productneck?post=84843"},{"taxonomy":"productcolor","embeddable":true,"href":"https:\/\/www.koonings.com\/de\/wp-json\/wp\/v2\/productcolor?post=84843"},{"taxonomy":"maat","embeddable":true,"href":"https:\/\/www.koonings.com\/de\/wp-json\/wp\/v2\/maat?post=84843"},{"taxonomy":"productsupplier","embeddable":true,"href":"https:\/\/www.koonings.com\/de\/wp-json\/wp\/v2\/productsupplier?post=84843"},{"taxonomy":"productsleeve","embeddable":true,"href":"https:\/\/www.koonings.com\/de\/wp-json\/wp\/v2\/productsleeve?post=84843"},{"taxonomy":"productcategory","embeddable":true,"href":"https:\/\/www.koonings.com\/de\/wp-json\/wp\/v2\/productcategory?post=84843"},{"taxonomy":"productsilhouette","embeddable":true,"href":"https:\/\/www.koonings.com\/de\/wp-json\/wp\/v2\/productsilhouette?post=84843"},{"taxonomy":"productstyle","embeddable":true,"href":"https:\/\/www.koonings.com\/de\/wp-json\/wp\/v2\/productstyle?post=84843"}],"curies":[{"name":"wp","href":"https:\/\/api.w.org\/{rel}","templated":true}]}}