{"id":84838,"date":"2026-04-14T16:32:09","date_gmt":"2026-04-14T14:32:09","guid":{"rendered":"https:\/\/www.koonings.com\/product\/abrazi-k1s-dp-julie-2\/"},"modified":"2025-06-05T14:01:24","modified_gmt":"2025-06-05T12:01:24","slug":"abrazi-k1s-dp-julie-2","status":"publish","type":"product","link":"https:\/\/www.koonings.com\/de\/product\/abrazi-k1s-dp-julie-2\/","title":{"rendered":"Abrazi K1S-DP Julie"},"content":{"rendered":"<p>Die Julie Halskette ist ein raffinierter und wundersch\u00f6n schlichter Brautschmuck. Die elegante, tropfenf\u00f6rmige Swarovski-Perle an der d\u00fcnnen, kastenf\u00f6rmigen Kette macht diese Halskette zu einem echten Hingucker an Ihrem Hochzeitstag. Die Julie Halskette ist in zwei L\u00e4ngen erh\u00e4ltlich, damit Sie sie leicht mit Ihrem Hochzeitskleid kombinieren k\u00f6nnen, und mit einer Rhodium-, 14kt Gold- oder Ros\u00e9goldbeschichtung.  <\/p>\n","protected":false},"featured_media":84138,"template":"","meta":{"_acf_changed":false,"ghostkit_customizer_options":"","ghostkit_custom_css":"","ghostkit_custom_js_head":"","ghostkit_custom_js_foot":"","ghostkit_typography":""},"productdetails":[],"productneck":[],"productcolor":[],"maat":[],"productsupplier":[510],"productsleeve":[],"productcategory":[511],"productsilhouette":[],"productstyle":[],"class_list":["post-84838","product","type-product","status-publish","has-post-thumbnail","hentry","productsupplier-abrazi","productcategory-sieraden"],"acf":[],"yoast_head":"<!-- This site is optimized with the Yoast SEO plugin v27.3 - https:\/\/yoast.com\/product\/yoast-seo-wordpress\/ -->\n<title>Abrazi K1S-DP Julie | Koonings<\/title>\n<meta name=\"description\" content=\"Die Julie Halskette ist ein raffinierter und wundersch\u00f6n schlichter Brautschmuck. Die elegante, tropfenf\u00f6rmige Swarovski-Perle an der d\u00fcnnen, kastenf\u00f6rmigen Kette macht diese Halskette zu einem echten Hingucker an Ihrem Hochzeitstag. Die Julie Halskette ist in zwei L\u00e4ngen erh\u00e4ltlich, damit Sie sie leicht mit Ihrem Hochzeitskleid kombinieren k\u00f6nnen, und mit einer Rhodium-, 14kt Gold- oder Ros\u00e9goldbeschichtung.\" \/>\n<meta name=\"robots\" content=\"index, follow, max-snippet:-1, max-image-preview:large, max-video-preview:-1\" \/>\n<link rel=\"canonical\" href=\"https:\/\/www.koonings.com\/de\/product\/abrazi-k1s-dp-julie-2\/\" \/>\n<meta property=\"og:locale\" content=\"de_DE\" \/>\n<meta property=\"og:type\" content=\"article\" \/>\n<meta property=\"og:title\" content=\"Abrazi K1S-DP Julie | Koonings\" \/>\n<meta property=\"og:description\" content=\"Die Julie Halskette ist ein raffinierter und wundersch\u00f6n schlichter Brautschmuck. Die elegante, tropfenf\u00f6rmige Swarovski-Perle an der d\u00fcnnen, kastenf\u00f6rmigen Kette macht diese Halskette zu einem echten Hingucker an Ihrem Hochzeitstag. Die Julie Halskette ist in zwei L\u00e4ngen erh\u00e4ltlich, damit Sie sie leicht mit Ihrem Hochzeitskleid kombinieren k\u00f6nnen, und mit einer Rhodium-, 14kt Gold- oder Ros\u00e9goldbeschichtung.\" \/>\n<meta property=\"og:url\" content=\"https:\/\/www.koonings.com\/de\/product\/abrazi-k1s-dp-julie-2\/\" \/>\n<meta property=\"og:site_name\" content=\"Koonings\" \/>\n<meta property=\"article:publisher\" content=\"https:\/\/www.facebook.com\/kooningstheweddingpalace\" \/>\n<meta property=\"og:image\" content=\"https:\/\/www.koonings.com\/wp-content\/uploads\/2025\/04\/49786_e6b3f2fece62f63933ea22de228d6e5575986301ed1603ecb954a0ed6839fbc976c5da57.jpeg\" \/>\n\t<meta property=\"og:image:width\" content=\"533\" \/>\n\t<meta property=\"og:image:height\" content=\"800\" \/>\n\t<meta property=\"og:image:type\" content=\"image\/jpeg\" \/>\n<meta name=\"twitter:card\" content=\"summary_large_image\" \/>\n<script type=\"application\/ld+json\" class=\"yoast-schema-graph\">{\"@context\":\"https:\\\/\\\/schema.org\",\"@graph\":[{\"@type\":\"WebPage\",\"@id\":\"https:\\\/\\\/www.koonings.com\\\/de\\\/product\\\/abrazi-k1s-dp-julie-2\\\/\",\"url\":\"https:\\\/\\\/www.koonings.com\\\/de\\\/product\\\/abrazi-k1s-dp-julie-2\\\/\",\"name\":\"Abrazi K1S-DP Julie | Koonings\",\"isPartOf\":{\"@id\":\"https:\\\/\\\/www.koonings.com\\\/de\\\/#website\"},\"primaryImageOfPage\":{\"@id\":\"https:\\\/\\\/www.koonings.com\\\/de\\\/product\\\/abrazi-k1s-dp-julie-2\\\/#primaryimage\"},\"image\":{\"@id\":\"https:\\\/\\\/www.koonings.com\\\/de\\\/product\\\/abrazi-k1s-dp-julie-2\\\/#primaryimage\"},\"thumbnailUrl\":\"https:\\\/\\\/www.koonings.com\\\/wp-content\\\/uploads\\\/2025\\\/04\\\/49786_e6b3f2fece62f63933ea22de228d6e5575986301ed1603ecb954a0ed6839fbc976c5da57.jpeg\",\"datePublished\":\"2026-04-14T14:32:09+00:00\",\"description\":\"Die Julie Halskette ist ein raffinierter und wundersch\u00f6n schlichter Brautschmuck. Die elegante, tropfenf\u00f6rmige Swarovski-Perle an der d\u00fcnnen, kastenf\u00f6rmigen Kette macht diese Halskette zu einem echten Hingucker an Ihrem Hochzeitstag. Die Julie Halskette ist in zwei L\u00e4ngen erh\u00e4ltlich, damit Sie sie leicht mit Ihrem Hochzeitskleid kombinieren k\u00f6nnen, und mit einer Rhodium-, 14kt Gold- oder Ros\u00e9goldbeschichtung.\",\"breadcrumb\":{\"@id\":\"https:\\\/\\\/www.koonings.com\\\/de\\\/product\\\/abrazi-k1s-dp-julie-2\\\/#breadcrumb\"},\"inLanguage\":\"de\",\"potentialAction\":[{\"@type\":\"ReadAction\",\"target\":[\"https:\\\/\\\/www.koonings.com\\\/de\\\/product\\\/abrazi-k1s-dp-julie-2\\\/\"]}]},{\"@type\":\"ImageObject\",\"inLanguage\":\"de\",\"@id\":\"https:\\\/\\\/www.koonings.com\\\/de\\\/product\\\/abrazi-k1s-dp-julie-2\\\/#primaryimage\",\"url\":\"https:\\\/\\\/www.koonings.com\\\/wp-content\\\/uploads\\\/2025\\\/04\\\/49786_e6b3f2fece62f63933ea22de228d6e5575986301ed1603ecb954a0ed6839fbc976c5da57.jpeg\",\"contentUrl\":\"https:\\\/\\\/www.koonings.com\\\/wp-content\\\/uploads\\\/2025\\\/04\\\/49786_e6b3f2fece62f63933ea22de228d6e5575986301ed1603ecb954a0ed6839fbc976c5da57.jpeg\",\"width\":533,\"height\":800},{\"@type\":\"BreadcrumbList\",\"@id\":\"https:\\\/\\\/www.koonings.com\\\/de\\\/product\\\/abrazi-k1s-dp-julie-2\\\/#breadcrumb\",\"itemListElement\":[{\"@type\":\"ListItem\",\"position\":1,\"name\":\"Home\",\"item\":\"https:\\\/\\\/www.koonings.com\\\/de\\\/\"},{\"@type\":\"ListItem\",\"position\":2,\"name\":\"Abrazi K1S-DP Julie\"}]},{\"@type\":\"WebSite\",\"@id\":\"https:\\\/\\\/www.koonings.com\\\/de\\\/#website\",\"url\":\"https:\\\/\\\/www.koonings.com\\\/de\\\/\",\"name\":\"Koonings\",\"description\":\"De grootste bruidsmodewinkel ter wereld\",\"publisher\":{\"@id\":\"https:\\\/\\\/www.koonings.com\\\/de\\\/#organization\"},\"potentialAction\":[{\"@type\":\"SearchAction\",\"target\":{\"@type\":\"EntryPoint\",\"urlTemplate\":\"https:\\\/\\\/www.koonings.com\\\/de\\\/?s={search_term_string}\"},\"query-input\":{\"@type\":\"PropertyValueSpecification\",\"valueRequired\":true,\"valueName\":\"search_term_string\"}}],\"inLanguage\":\"de\"},{\"@type\":\"Organization\",\"@id\":\"https:\\\/\\\/www.koonings.com\\\/de\\\/#organization\",\"name\":\"Koonings\",\"url\":\"https:\\\/\\\/www.koonings.com\\\/de\\\/\",\"logo\":{\"@type\":\"ImageObject\",\"inLanguage\":\"de\",\"@id\":\"https:\\\/\\\/www.koonings.com\\\/de\\\/#\\\/schema\\\/logo\\\/image\\\/\",\"url\":\"https:\\\/\\\/www.koonings.com\\\/wp-content\\\/uploads\\\/2024\\\/07\\\/logo.png\",\"contentUrl\":\"https:\\\/\\\/www.koonings.com\\\/wp-content\\\/uploads\\\/2024\\\/07\\\/logo.png\",\"width\":600,\"height\":428,\"caption\":\"Koonings\"},\"image\":{\"@id\":\"https:\\\/\\\/www.koonings.com\\\/de\\\/#\\\/schema\\\/logo\\\/image\\\/\"},\"sameAs\":[\"https:\\\/\\\/www.facebook.com\\\/kooningstheweddingpalace\",\"https:\\\/\\\/www.instagram.com\\\/kooningstheweddingpalace\",\"https:\\\/\\\/www.pinterest.com\\\/koonings\",\"https:\\\/\\\/www.youtube.com\\\/kooningstheweddingpalace\"]}]}<\/script>\n<!-- \/ Yoast SEO plugin. -->","yoast_head_json":{"title":"Abrazi K1S-DP Julie | Koonings","description":"Die Julie Halskette ist ein raffinierter und wundersch\u00f6n schlichter Brautschmuck. Die elegante, tropfenf\u00f6rmige Swarovski-Perle an der d\u00fcnnen, kastenf\u00f6rmigen Kette macht diese Halskette zu einem echten Hingucker an Ihrem Hochzeitstag. Die Julie Halskette ist in zwei L\u00e4ngen erh\u00e4ltlich, damit Sie sie leicht mit Ihrem Hochzeitskleid kombinieren k\u00f6nnen, und mit einer Rhodium-, 14kt Gold- oder Ros\u00e9goldbeschichtung.","robots":{"index":"index","follow":"follow","max-snippet":"max-snippet:-1","max-image-preview":"max-image-preview:large","max-video-preview":"max-video-preview:-1"},"canonical":"https:\/\/www.koonings.com\/de\/product\/abrazi-k1s-dp-julie-2\/","og_locale":"de_DE","og_type":"article","og_title":"Abrazi K1S-DP Julie | Koonings","og_description":"Die Julie Halskette ist ein raffinierter und wundersch\u00f6n schlichter Brautschmuck. Die elegante, tropfenf\u00f6rmige Swarovski-Perle an der d\u00fcnnen, kastenf\u00f6rmigen Kette macht diese Halskette zu einem echten Hingucker an Ihrem Hochzeitstag. Die Julie Halskette ist in zwei L\u00e4ngen erh\u00e4ltlich, damit Sie sie leicht mit Ihrem Hochzeitskleid kombinieren k\u00f6nnen, und mit einer Rhodium-, 14kt Gold- oder Ros\u00e9goldbeschichtung.","og_url":"https:\/\/www.koonings.com\/de\/product\/abrazi-k1s-dp-julie-2\/","og_site_name":"Koonings","article_publisher":"https:\/\/www.facebook.com\/kooningstheweddingpalace","og_image":[{"width":533,"height":800,"url":"https:\/\/www.koonings.com\/wp-content\/uploads\/2025\/04\/49786_e6b3f2fece62f63933ea22de228d6e5575986301ed1603ecb954a0ed6839fbc976c5da57.jpeg","type":"image\/jpeg"}],"twitter_card":"summary_large_image","schema":{"@context":"https:\/\/schema.org","@graph":[{"@type":"WebPage","@id":"https:\/\/www.koonings.com\/de\/product\/abrazi-k1s-dp-julie-2\/","url":"https:\/\/www.koonings.com\/de\/product\/abrazi-k1s-dp-julie-2\/","name":"Abrazi K1S-DP Julie | Koonings","isPartOf":{"@id":"https:\/\/www.koonings.com\/de\/#website"},"primaryImageOfPage":{"@id":"https:\/\/www.koonings.com\/de\/product\/abrazi-k1s-dp-julie-2\/#primaryimage"},"image":{"@id":"https:\/\/www.koonings.com\/de\/product\/abrazi-k1s-dp-julie-2\/#primaryimage"},"thumbnailUrl":"https:\/\/www.koonings.com\/wp-content\/uploads\/2025\/04\/49786_e6b3f2fece62f63933ea22de228d6e5575986301ed1603ecb954a0ed6839fbc976c5da57.jpeg","datePublished":"2026-04-14T14:32:09+00:00","description":"Die Julie Halskette ist ein raffinierter und wundersch\u00f6n schlichter Brautschmuck. Die elegante, tropfenf\u00f6rmige Swarovski-Perle an der d\u00fcnnen, kastenf\u00f6rmigen Kette macht diese Halskette zu einem echten Hingucker an Ihrem Hochzeitstag. Die Julie Halskette ist in zwei L\u00e4ngen erh\u00e4ltlich, damit Sie sie leicht mit Ihrem Hochzeitskleid kombinieren k\u00f6nnen, und mit einer Rhodium-, 14kt Gold- oder Ros\u00e9goldbeschichtung.","breadcrumb":{"@id":"https:\/\/www.koonings.com\/de\/product\/abrazi-k1s-dp-julie-2\/#breadcrumb"},"inLanguage":"de","potentialAction":[{"@type":"ReadAction","target":["https:\/\/www.koonings.com\/de\/product\/abrazi-k1s-dp-julie-2\/"]}]},{"@type":"ImageObject","inLanguage":"de","@id":"https:\/\/www.koonings.com\/de\/product\/abrazi-k1s-dp-julie-2\/#primaryimage","url":"https:\/\/www.koonings.com\/wp-content\/uploads\/2025\/04\/49786_e6b3f2fece62f63933ea22de228d6e5575986301ed1603ecb954a0ed6839fbc976c5da57.jpeg","contentUrl":"https:\/\/www.koonings.com\/wp-content\/uploads\/2025\/04\/49786_e6b3f2fece62f63933ea22de228d6e5575986301ed1603ecb954a0ed6839fbc976c5da57.jpeg","width":533,"height":800},{"@type":"BreadcrumbList","@id":"https:\/\/www.koonings.com\/de\/product\/abrazi-k1s-dp-julie-2\/#breadcrumb","itemListElement":[{"@type":"ListItem","position":1,"name":"Home","item":"https:\/\/www.koonings.com\/de\/"},{"@type":"ListItem","position":2,"name":"Abrazi K1S-DP Julie"}]},{"@type":"WebSite","@id":"https:\/\/www.koonings.com\/de\/#website","url":"https:\/\/www.koonings.com\/de\/","name":"Koonings","description":"De grootste bruidsmodewinkel ter wereld","publisher":{"@id":"https:\/\/www.koonings.com\/de\/#organization"},"potentialAction":[{"@type":"SearchAction","target":{"@type":"EntryPoint","urlTemplate":"https:\/\/www.koonings.com\/de\/?s={search_term_string}"},"query-input":{"@type":"PropertyValueSpecification","valueRequired":true,"valueName":"search_term_string"}}],"inLanguage":"de"},{"@type":"Organization","@id":"https:\/\/www.koonings.com\/de\/#organization","name":"Koonings","url":"https:\/\/www.koonings.com\/de\/","logo":{"@type":"ImageObject","inLanguage":"de","@id":"https:\/\/www.koonings.com\/de\/#\/schema\/logo\/image\/","url":"https:\/\/www.koonings.com\/wp-content\/uploads\/2024\/07\/logo.png","contentUrl":"https:\/\/www.koonings.com\/wp-content\/uploads\/2024\/07\/logo.png","width":600,"height":428,"caption":"Koonings"},"image":{"@id":"https:\/\/www.koonings.com\/de\/#\/schema\/logo\/image\/"},"sameAs":["https:\/\/www.facebook.com\/kooningstheweddingpalace","https:\/\/www.instagram.com\/kooningstheweddingpalace","https:\/\/www.pinterest.com\/koonings","https:\/\/www.youtube.com\/kooningstheweddingpalace"]}]}},"_links":{"self":[{"href":"https:\/\/www.koonings.com\/de\/wp-json\/wp\/v2\/product\/84838","targetHints":{"allow":["GET"]}}],"collection":[{"href":"https:\/\/www.koonings.com\/de\/wp-json\/wp\/v2\/product"}],"about":[{"href":"https:\/\/www.koonings.com\/de\/wp-json\/wp\/v2\/types\/product"}],"wp:featuredmedia":[{"embeddable":true,"href":"https:\/\/www.koonings.com\/de\/wp-json\/wp\/v2\/media\/84138"}],"wp:attachment":[{"href":"https:\/\/www.koonings.com\/de\/wp-json\/wp\/v2\/media?parent=84838"}],"wp:term":[{"taxonomy":"productdetails","embeddable":true,"href":"https:\/\/www.koonings.com\/de\/wp-json\/wp\/v2\/productdetails?post=84838"},{"taxonomy":"productneck","embeddable":true,"href":"https:\/\/www.koonings.com\/de\/wp-json\/wp\/v2\/productneck?post=84838"},{"taxonomy":"productcolor","embeddable":true,"href":"https:\/\/www.koonings.com\/de\/wp-json\/wp\/v2\/productcolor?post=84838"},{"taxonomy":"maat","embeddable":true,"href":"https:\/\/www.koonings.com\/de\/wp-json\/wp\/v2\/maat?post=84838"},{"taxonomy":"productsupplier","embeddable":true,"href":"https:\/\/www.koonings.com\/de\/wp-json\/wp\/v2\/productsupplier?post=84838"},{"taxonomy":"productsleeve","embeddable":true,"href":"https:\/\/www.koonings.com\/de\/wp-json\/wp\/v2\/productsleeve?post=84838"},{"taxonomy":"productcategory","embeddable":true,"href":"https:\/\/www.koonings.com\/de\/wp-json\/wp\/v2\/productcategory?post=84838"},{"taxonomy":"productsilhouette","embeddable":true,"href":"https:\/\/www.koonings.com\/de\/wp-json\/wp\/v2\/productsilhouette?post=84838"},{"taxonomy":"productstyle","embeddable":true,"href":"https:\/\/www.koonings.com\/de\/wp-json\/wp\/v2\/productstyle?post=84838"}],"curies":[{"name":"wp","href":"https:\/\/api.w.org\/{rel}","templated":true}]}}