{"id":84836,"date":"2026-04-14T16:32:10","date_gmt":"2026-04-14T14:32:10","guid":{"rendered":"https:\/\/www.koonings.com\/product\/abrazi-o6-dpl-eyre\/"},"modified":"2026-02-16T15:16:29","modified_gmt":"2026-02-16T14:16:29","slug":"abrazi-o6-dpl-eyre","status":"publish","type":"product","link":"https:\/\/www.koonings.com\/de\/product\/abrazi-o6-dpl-eyre\/","title":{"rendered":"Abrazi O6-DPL Eyre"},"content":{"rendered":"<p>Die Eyre Ohrringe haben ein organisch inspiriertes Design mit einer gl\u00e4nzenden Goldoberfl\u00e4che. Diese Ohrringe f\u00fcgen ein subtiles Detail hinzu und sind sowohl f\u00fcr klassische als auch f\u00fcr moderne Brautlooks perfekt geeignet. <\/p>\n","protected":false},"featured_media":84172,"template":"","meta":{"_acf_changed":false,"ghostkit_customizer_options":"","ghostkit_custom_css":"","ghostkit_custom_js_head":"","ghostkit_custom_js_foot":"","ghostkit_typography":""},"productdetails":[],"productneck":[],"productcolor":[],"maat":[],"productsupplier":[510],"productsleeve":[],"productcategory":[511],"productsilhouette":[],"productstyle":[],"class_list":["post-84836","product","type-product","status-publish","has-post-thumbnail","hentry","productsupplier-abrazi","productcategory-sieraden"],"acf":[],"yoast_head":"<!-- This site is optimized with the Yoast SEO plugin v27.3 - https:\/\/yoast.com\/product\/yoast-seo-wordpress\/ -->\n<title>Abrazi O6-DPL Eyre | Koonings<\/title>\n<meta name=\"description\" content=\"Die Eyre Ohrringe haben ein organisch inspiriertes Design mit einer gl\u00e4nzenden Goldoberfl\u00e4che. Diese Ohrringe f\u00fcgen ein subtiles Detail hinzu und sind sowohl f\u00fcr klassische als auch f\u00fcr moderne Brautlooks perfekt geeignet.\" \/>\n<meta name=\"robots\" content=\"index, follow, max-snippet:-1, max-image-preview:large, max-video-preview:-1\" \/>\n<link rel=\"canonical\" href=\"https:\/\/www.koonings.com\/de\/product\/abrazi-o6-dpl-eyre\/\" \/>\n<meta property=\"og:locale\" content=\"de_DE\" \/>\n<meta property=\"og:type\" content=\"article\" \/>\n<meta property=\"og:title\" content=\"Abrazi O6-DPL Eyre | Koonings\" \/>\n<meta property=\"og:description\" content=\"Die Eyre Ohrringe haben ein organisch inspiriertes Design mit einer gl\u00e4nzenden Goldoberfl\u00e4che. Diese Ohrringe f\u00fcgen ein subtiles Detail hinzu und sind sowohl f\u00fcr klassische als auch f\u00fcr moderne Brautlooks perfekt geeignet.\" \/>\n<meta property=\"og:url\" content=\"https:\/\/www.koonings.com\/de\/product\/abrazi-o6-dpl-eyre\/\" \/>\n<meta property=\"og:site_name\" content=\"Koonings\" \/>\n<meta property=\"article:publisher\" content=\"https:\/\/www.facebook.com\/kooningstheweddingpalace\" \/>\n<meta property=\"og:image\" content=\"https:\/\/www.koonings.com\/wp-content\/uploads\/2025\/04\/49794_df15f3094911f7b96e5ee35881332fb885d689c438475812ad9dd86568b1675da32bc0da.jpeg\" \/>\n\t<meta property=\"og:image:width\" content=\"1067\" \/>\n\t<meta property=\"og:image:height\" content=\"1600\" \/>\n\t<meta property=\"og:image:type\" content=\"image\/jpeg\" \/>\n<meta name=\"twitter:card\" content=\"summary_large_image\" \/>\n<script type=\"application\/ld+json\" class=\"yoast-schema-graph\">{\"@context\":\"https:\\\/\\\/schema.org\",\"@graph\":[{\"@type\":\"WebPage\",\"@id\":\"https:\\\/\\\/www.koonings.com\\\/de\\\/product\\\/abrazi-o6-dpl-eyre\\\/\",\"url\":\"https:\\\/\\\/www.koonings.com\\\/de\\\/product\\\/abrazi-o6-dpl-eyre\\\/\",\"name\":\"Abrazi O6-DPL Eyre | Koonings\",\"isPartOf\":{\"@id\":\"https:\\\/\\\/www.koonings.com\\\/de\\\/#website\"},\"primaryImageOfPage\":{\"@id\":\"https:\\\/\\\/www.koonings.com\\\/de\\\/product\\\/abrazi-o6-dpl-eyre\\\/#primaryimage\"},\"image\":{\"@id\":\"https:\\\/\\\/www.koonings.com\\\/de\\\/product\\\/abrazi-o6-dpl-eyre\\\/#primaryimage\"},\"thumbnailUrl\":\"https:\\\/\\\/www.koonings.com\\\/wp-content\\\/uploads\\\/2025\\\/04\\\/49794_df15f3094911f7b96e5ee35881332fb885d689c438475812ad9dd86568b1675da32bc0da.jpeg\",\"datePublished\":\"2026-04-14T14:32:10+00:00\",\"description\":\"Die Eyre Ohrringe haben ein organisch inspiriertes Design mit einer gl\u00e4nzenden Goldoberfl\u00e4che. Diese Ohrringe f\u00fcgen ein subtiles Detail hinzu und sind sowohl f\u00fcr klassische als auch f\u00fcr moderne Brautlooks perfekt geeignet.\",\"breadcrumb\":{\"@id\":\"https:\\\/\\\/www.koonings.com\\\/de\\\/product\\\/abrazi-o6-dpl-eyre\\\/#breadcrumb\"},\"inLanguage\":\"de\",\"potentialAction\":[{\"@type\":\"ReadAction\",\"target\":[\"https:\\\/\\\/www.koonings.com\\\/de\\\/product\\\/abrazi-o6-dpl-eyre\\\/\"]}]},{\"@type\":\"ImageObject\",\"inLanguage\":\"de\",\"@id\":\"https:\\\/\\\/www.koonings.com\\\/de\\\/product\\\/abrazi-o6-dpl-eyre\\\/#primaryimage\",\"url\":\"https:\\\/\\\/www.koonings.com\\\/wp-content\\\/uploads\\\/2025\\\/04\\\/49794_df15f3094911f7b96e5ee35881332fb885d689c438475812ad9dd86568b1675da32bc0da.jpeg\",\"contentUrl\":\"https:\\\/\\\/www.koonings.com\\\/wp-content\\\/uploads\\\/2025\\\/04\\\/49794_df15f3094911f7b96e5ee35881332fb885d689c438475812ad9dd86568b1675da32bc0da.jpeg\",\"width\":1067,\"height\":1600},{\"@type\":\"BreadcrumbList\",\"@id\":\"https:\\\/\\\/www.koonings.com\\\/de\\\/product\\\/abrazi-o6-dpl-eyre\\\/#breadcrumb\",\"itemListElement\":[{\"@type\":\"ListItem\",\"position\":1,\"name\":\"Home\",\"item\":\"https:\\\/\\\/www.koonings.com\\\/de\\\/\"},{\"@type\":\"ListItem\",\"position\":2,\"name\":\"Abrazi O6-DPL Eyre\"}]},{\"@type\":\"WebSite\",\"@id\":\"https:\\\/\\\/www.koonings.com\\\/de\\\/#website\",\"url\":\"https:\\\/\\\/www.koonings.com\\\/de\\\/\",\"name\":\"Koonings\",\"description\":\"De grootste bruidsmodewinkel ter wereld\",\"publisher\":{\"@id\":\"https:\\\/\\\/www.koonings.com\\\/de\\\/#organization\"},\"potentialAction\":[{\"@type\":\"SearchAction\",\"target\":{\"@type\":\"EntryPoint\",\"urlTemplate\":\"https:\\\/\\\/www.koonings.com\\\/de\\\/?s={search_term_string}\"},\"query-input\":{\"@type\":\"PropertyValueSpecification\",\"valueRequired\":true,\"valueName\":\"search_term_string\"}}],\"inLanguage\":\"de\"},{\"@type\":\"Organization\",\"@id\":\"https:\\\/\\\/www.koonings.com\\\/de\\\/#organization\",\"name\":\"Koonings\",\"url\":\"https:\\\/\\\/www.koonings.com\\\/de\\\/\",\"logo\":{\"@type\":\"ImageObject\",\"inLanguage\":\"de\",\"@id\":\"https:\\\/\\\/www.koonings.com\\\/de\\\/#\\\/schema\\\/logo\\\/image\\\/\",\"url\":\"https:\\\/\\\/www.koonings.com\\\/wp-content\\\/uploads\\\/2024\\\/07\\\/logo.png\",\"contentUrl\":\"https:\\\/\\\/www.koonings.com\\\/wp-content\\\/uploads\\\/2024\\\/07\\\/logo.png\",\"width\":600,\"height\":428,\"caption\":\"Koonings\"},\"image\":{\"@id\":\"https:\\\/\\\/www.koonings.com\\\/de\\\/#\\\/schema\\\/logo\\\/image\\\/\"},\"sameAs\":[\"https:\\\/\\\/www.facebook.com\\\/kooningstheweddingpalace\",\"https:\\\/\\\/www.instagram.com\\\/kooningstheweddingpalace\",\"https:\\\/\\\/www.pinterest.com\\\/koonings\",\"https:\\\/\\\/www.youtube.com\\\/kooningstheweddingpalace\"]}]}<\/script>\n<!-- \/ Yoast SEO plugin. -->","yoast_head_json":{"title":"Abrazi O6-DPL Eyre | Koonings","description":"Die Eyre Ohrringe haben ein organisch inspiriertes Design mit einer gl\u00e4nzenden Goldoberfl\u00e4che. Diese Ohrringe f\u00fcgen ein subtiles Detail hinzu und sind sowohl f\u00fcr klassische als auch f\u00fcr moderne Brautlooks perfekt geeignet.","robots":{"index":"index","follow":"follow","max-snippet":"max-snippet:-1","max-image-preview":"max-image-preview:large","max-video-preview":"max-video-preview:-1"},"canonical":"https:\/\/www.koonings.com\/de\/product\/abrazi-o6-dpl-eyre\/","og_locale":"de_DE","og_type":"article","og_title":"Abrazi O6-DPL Eyre | Koonings","og_description":"Die Eyre Ohrringe haben ein organisch inspiriertes Design mit einer gl\u00e4nzenden Goldoberfl\u00e4che. Diese Ohrringe f\u00fcgen ein subtiles Detail hinzu und sind sowohl f\u00fcr klassische als auch f\u00fcr moderne Brautlooks perfekt geeignet.","og_url":"https:\/\/www.koonings.com\/de\/product\/abrazi-o6-dpl-eyre\/","og_site_name":"Koonings","article_publisher":"https:\/\/www.facebook.com\/kooningstheweddingpalace","og_image":[{"width":1067,"height":1600,"url":"https:\/\/www.koonings.com\/wp-content\/uploads\/2025\/04\/49794_df15f3094911f7b96e5ee35881332fb885d689c438475812ad9dd86568b1675da32bc0da.jpeg","type":"image\/jpeg"}],"twitter_card":"summary_large_image","schema":{"@context":"https:\/\/schema.org","@graph":[{"@type":"WebPage","@id":"https:\/\/www.koonings.com\/de\/product\/abrazi-o6-dpl-eyre\/","url":"https:\/\/www.koonings.com\/de\/product\/abrazi-o6-dpl-eyre\/","name":"Abrazi O6-DPL Eyre | Koonings","isPartOf":{"@id":"https:\/\/www.koonings.com\/de\/#website"},"primaryImageOfPage":{"@id":"https:\/\/www.koonings.com\/de\/product\/abrazi-o6-dpl-eyre\/#primaryimage"},"image":{"@id":"https:\/\/www.koonings.com\/de\/product\/abrazi-o6-dpl-eyre\/#primaryimage"},"thumbnailUrl":"https:\/\/www.koonings.com\/wp-content\/uploads\/2025\/04\/49794_df15f3094911f7b96e5ee35881332fb885d689c438475812ad9dd86568b1675da32bc0da.jpeg","datePublished":"2026-04-14T14:32:10+00:00","description":"Die Eyre Ohrringe haben ein organisch inspiriertes Design mit einer gl\u00e4nzenden Goldoberfl\u00e4che. Diese Ohrringe f\u00fcgen ein subtiles Detail hinzu und sind sowohl f\u00fcr klassische als auch f\u00fcr moderne Brautlooks perfekt geeignet.","breadcrumb":{"@id":"https:\/\/www.koonings.com\/de\/product\/abrazi-o6-dpl-eyre\/#breadcrumb"},"inLanguage":"de","potentialAction":[{"@type":"ReadAction","target":["https:\/\/www.koonings.com\/de\/product\/abrazi-o6-dpl-eyre\/"]}]},{"@type":"ImageObject","inLanguage":"de","@id":"https:\/\/www.koonings.com\/de\/product\/abrazi-o6-dpl-eyre\/#primaryimage","url":"https:\/\/www.koonings.com\/wp-content\/uploads\/2025\/04\/49794_df15f3094911f7b96e5ee35881332fb885d689c438475812ad9dd86568b1675da32bc0da.jpeg","contentUrl":"https:\/\/www.koonings.com\/wp-content\/uploads\/2025\/04\/49794_df15f3094911f7b96e5ee35881332fb885d689c438475812ad9dd86568b1675da32bc0da.jpeg","width":1067,"height":1600},{"@type":"BreadcrumbList","@id":"https:\/\/www.koonings.com\/de\/product\/abrazi-o6-dpl-eyre\/#breadcrumb","itemListElement":[{"@type":"ListItem","position":1,"name":"Home","item":"https:\/\/www.koonings.com\/de\/"},{"@type":"ListItem","position":2,"name":"Abrazi O6-DPL Eyre"}]},{"@type":"WebSite","@id":"https:\/\/www.koonings.com\/de\/#website","url":"https:\/\/www.koonings.com\/de\/","name":"Koonings","description":"De grootste bruidsmodewinkel ter wereld","publisher":{"@id":"https:\/\/www.koonings.com\/de\/#organization"},"potentialAction":[{"@type":"SearchAction","target":{"@type":"EntryPoint","urlTemplate":"https:\/\/www.koonings.com\/de\/?s={search_term_string}"},"query-input":{"@type":"PropertyValueSpecification","valueRequired":true,"valueName":"search_term_string"}}],"inLanguage":"de"},{"@type":"Organization","@id":"https:\/\/www.koonings.com\/de\/#organization","name":"Koonings","url":"https:\/\/www.koonings.com\/de\/","logo":{"@type":"ImageObject","inLanguage":"de","@id":"https:\/\/www.koonings.com\/de\/#\/schema\/logo\/image\/","url":"https:\/\/www.koonings.com\/wp-content\/uploads\/2024\/07\/logo.png","contentUrl":"https:\/\/www.koonings.com\/wp-content\/uploads\/2024\/07\/logo.png","width":600,"height":428,"caption":"Koonings"},"image":{"@id":"https:\/\/www.koonings.com\/de\/#\/schema\/logo\/image\/"},"sameAs":["https:\/\/www.facebook.com\/kooningstheweddingpalace","https:\/\/www.instagram.com\/kooningstheweddingpalace","https:\/\/www.pinterest.com\/koonings","https:\/\/www.youtube.com\/kooningstheweddingpalace"]}]}},"_links":{"self":[{"href":"https:\/\/www.koonings.com\/de\/wp-json\/wp\/v2\/product\/84836","targetHints":{"allow":["GET"]}}],"collection":[{"href":"https:\/\/www.koonings.com\/de\/wp-json\/wp\/v2\/product"}],"about":[{"href":"https:\/\/www.koonings.com\/de\/wp-json\/wp\/v2\/types\/product"}],"wp:featuredmedia":[{"embeddable":true,"href":"https:\/\/www.koonings.com\/de\/wp-json\/wp\/v2\/media\/84172"}],"wp:attachment":[{"href":"https:\/\/www.koonings.com\/de\/wp-json\/wp\/v2\/media?parent=84836"}],"wp:term":[{"taxonomy":"productdetails","embeddable":true,"href":"https:\/\/www.koonings.com\/de\/wp-json\/wp\/v2\/productdetails?post=84836"},{"taxonomy":"productneck","embeddable":true,"href":"https:\/\/www.koonings.com\/de\/wp-json\/wp\/v2\/productneck?post=84836"},{"taxonomy":"productcolor","embeddable":true,"href":"https:\/\/www.koonings.com\/de\/wp-json\/wp\/v2\/productcolor?post=84836"},{"taxonomy":"maat","embeddable":true,"href":"https:\/\/www.koonings.com\/de\/wp-json\/wp\/v2\/maat?post=84836"},{"taxonomy":"productsupplier","embeddable":true,"href":"https:\/\/www.koonings.com\/de\/wp-json\/wp\/v2\/productsupplier?post=84836"},{"taxonomy":"productsleeve","embeddable":true,"href":"https:\/\/www.koonings.com\/de\/wp-json\/wp\/v2\/productsleeve?post=84836"},{"taxonomy":"productcategory","embeddable":true,"href":"https:\/\/www.koonings.com\/de\/wp-json\/wp\/v2\/productcategory?post=84836"},{"taxonomy":"productsilhouette","embeddable":true,"href":"https:\/\/www.koonings.com\/de\/wp-json\/wp\/v2\/productsilhouette?post=84836"},{"taxonomy":"productstyle","embeddable":true,"href":"https:\/\/www.koonings.com\/de\/wp-json\/wp\/v2\/productstyle?post=84836"}],"curies":[{"name":"wp","href":"https:\/\/api.w.org\/{rel}","templated":true}]}}