{"id":84815,"date":"2026-04-28T18:30:11","date_gmt":"2026-04-28T16:30:11","guid":{"rendered":"https:\/\/www.koonings.com\/product\/fashion-queen-mgb203\/"},"modified":"2025-06-05T13:57:51","modified_gmt":"2025-06-05T11:57:51","slug":"fashion-queen-mgb203","status":"publish","type":"product","link":"https:\/\/www.koonings.com\/de\/product\/fashion-queen-mgb203\/","title":{"rendered":"Fashion Queen MGB203"},"content":{"rendered":"<p>Das Brautkleid MGB203 von Lohrengel Miss Beautiful Bride ist eine wundersch\u00f6ne Wahl f\u00fcr die Braut, die einen eleganten und romantischen Look sucht. Das Design dieses Kleides ist von Raffinesse durchdrungen, mit einem wundersch\u00f6n verzierten Spitzenbesatz, der das Mieder schm\u00fcckt und dem Kleid einen subtilen, femininen Charme verleiht. Der Rock in A-Linie f\u00e4llt sanft und sorgt f\u00fcr eine traumhafte, luftige Bewegung, w\u00e4hrend das leichte, atmungsaktive Material f\u00fcr maximalen Komfort an Ihrem besonderen Tag sorgt. Das MGB203 hat eine zeitlose Sch\u00f6nheit mit modernen Details, die dem Kleid ein zeitgen\u00f6ssisches Flair verleihen.   <\/p>\n<p>Das Besondere an diesem Kleid ist, dass das MGB203 auch in \u00dcbergr\u00f6\u00dfen erh\u00e4ltlich ist. So kann sich jede Braut, unabh\u00e4ngig von ihrer Gr\u00f6\u00dfe, in einem Kleid umwerfend f\u00fchlen, das ihre Figur auf raffinierte und schmeichelhafte Weise betont, ohne dass sie auf Stil oder Komfort verzichten muss.<\/p>\n<p>Das MGB203 ist exklusiv bei Koonings The Wedding Palace in Deurne erh\u00e4ltlich, dem gr\u00f6\u00dften Brautmodengesch\u00e4ft der Welt. Koonings bietet eine luxuri\u00f6se und einladende Umgebung, in der sich Br\u00e4ute aller Gr\u00f6\u00dfen auf die fachkundige Beratung durch erfahrene Stylisten verlassen k\u00f6nnen. Mit einer umfangreichen Kollektion von Top-Marken, darunter Lohrengel Miss Beautiful Bride, sorgt Koonings daf\u00fcr, dass jede Braut ihr Traumkleid findet. Das MGB203 ist f\u00fcr die Braut, die ihren Hochzeitstag in einem Kleid feiern m\u00f6chte, das sowohl elegant als auch romantisch ist, mit einem zeitlosen Look, der immer beeindruckt.   <\/p>\n","protected":false},"featured_media":82411,"template":"","meta":{"_acf_changed":false,"ghostkit_customizer_options":"","ghostkit_custom_css":"","ghostkit_custom_js_head":"","ghostkit_custom_js_foot":"","ghostkit_typography":""},"productdetails":[379,376],"productneck":[356],"productcolor":[392],"maat":[],"productsupplier":[480],"productsleeve":[359],"productcategory":[18],"productsilhouette":[384],"productstyle":[365,366],"class_list":["post-84815","product","type-product","status-publish","has-post-thumbnail","hentry","productdetails-379","productdetails-376","productneck-356","productcolor-392","productsupplier-fashion-queen","productsleeve-359","productcategory-trouwjurken","productsilhouette-384","productstyle-365","productstyle-366"],"acf":[],"yoast_head":"<!-- This site is optimized with the Yoast SEO plugin v27.3 - https:\/\/yoast.com\/product\/yoast-seo-wordpress\/ -->\n<title>Fashion Queen MGB203 | Koonings<\/title>\n<meta name=\"description\" content=\"Das Brautkleid MGB203 von Lohrengel Miss Beautiful Bride ist eine wundersch\u00f6ne Wahl f\u00fcr die Braut, die einen eleganten und romantischen Look sucht. Das Design dieses Kleides ist von Raffinesse durchdrungen, mit einem wundersch\u00f6n verzierten Spitzenbesatz, der das Mieder schm\u00fcckt und dem Kleid einen subtilen, femininen Charme verleiht. Der Rock in A-Linie f\u00e4llt sanft und sorgt f\u00fcr eine traumhafte, luftige Bewegung, w\u00e4hrend das leichte, atmungsaktive Material f\u00fcr maximalen Komfort an Ihrem besonderen Tag sorgt. Das MGB203 hat eine zeitlose Sch\u00f6nheit mit modernen Details, die dem Kleid ein zeitgen\u00f6ssisches Flair verleihen. Das Besondere an diesem Kleid ist, dass das MGB203 auch in \u00dcbergr\u00f6\u00dfen erh\u00e4ltlich ist. So kann sich jede Braut, unabh\u00e4ngig von ihrer Gr\u00f6\u00dfe, in einem Kleid umwerfend f\u00fchlen, das ihre Figur auf raffinierte und schmeichelhafte Weise betont, ohne dass sie auf Stil oder Komfort verzichten muss. Das MGB203 ist exklusiv bei Koonings The Wedding Palace in Deurne erh\u00e4ltlich, dem gr\u00f6\u00dften Brautmodengesch\u00e4ft der Welt. Koonings bietet eine luxuri\u00f6se und einladende Umgebung, in der sich Br\u00e4ute aller Gr\u00f6\u00dfen auf die fachkundige Beratung durch erfahrene Stylisten verlassen k\u00f6nnen. Mit einer umfangreichen Kollektion von Top-Marken, darunter Lohrengel Miss Beautiful Bride, sorgt Koonings daf\u00fcr, dass jede Braut ihr Traumkleid findet. Das MGB203 ist f\u00fcr die Braut, die ihren Hochzeitstag in einem Kleid feiern m\u00f6chte, das sowohl elegant als auch romantisch ist, mit einem zeitlosen Look, der immer beeindruckt.\" \/>\n<meta name=\"robots\" content=\"index, follow, max-snippet:-1, max-image-preview:large, max-video-preview:-1\" \/>\n<link rel=\"canonical\" href=\"https:\/\/www.koonings.com\/de\/product\/fashion-queen-mgb203\/\" \/>\n<meta property=\"og:locale\" content=\"de_DE\" \/>\n<meta property=\"og:type\" content=\"article\" \/>\n<meta property=\"og:title\" content=\"Fashion Queen MGB203 | Koonings\" \/>\n<meta property=\"og:description\" content=\"Das Brautkleid MGB203 von Lohrengel Miss Beautiful Bride ist eine wundersch\u00f6ne Wahl f\u00fcr die Braut, die einen eleganten und romantischen Look sucht. Das Design dieses Kleides ist von Raffinesse durchdrungen, mit einem wundersch\u00f6n verzierten Spitzenbesatz, der das Mieder schm\u00fcckt und dem Kleid einen subtilen, femininen Charme verleiht. Der Rock in A-Linie f\u00e4llt sanft und sorgt f\u00fcr eine traumhafte, luftige Bewegung, w\u00e4hrend das leichte, atmungsaktive Material f\u00fcr maximalen Komfort an Ihrem besonderen Tag sorgt. Das MGB203 hat eine zeitlose Sch\u00f6nheit mit modernen Details, die dem Kleid ein zeitgen\u00f6ssisches Flair verleihen. Das Besondere an diesem Kleid ist, dass das MGB203 auch in \u00dcbergr\u00f6\u00dfen erh\u00e4ltlich ist. So kann sich jede Braut, unabh\u00e4ngig von ihrer Gr\u00f6\u00dfe, in einem Kleid umwerfend f\u00fchlen, das ihre Figur auf raffinierte und schmeichelhafte Weise betont, ohne dass sie auf Stil oder Komfort verzichten muss. Das MGB203 ist exklusiv bei Koonings The Wedding Palace in Deurne erh\u00e4ltlich, dem gr\u00f6\u00dften Brautmodengesch\u00e4ft der Welt. Koonings bietet eine luxuri\u00f6se und einladende Umgebung, in der sich Br\u00e4ute aller Gr\u00f6\u00dfen auf die fachkundige Beratung durch erfahrene Stylisten verlassen k\u00f6nnen. Mit einer umfangreichen Kollektion von Top-Marken, darunter Lohrengel Miss Beautiful Bride, sorgt Koonings daf\u00fcr, dass jede Braut ihr Traumkleid findet. Das MGB203 ist f\u00fcr die Braut, die ihren Hochzeitstag in einem Kleid feiern m\u00f6chte, das sowohl elegant als auch romantisch ist, mit einem zeitlosen Look, der immer beeindruckt.\" \/>\n<meta property=\"og:url\" content=\"https:\/\/www.koonings.com\/de\/product\/fashion-queen-mgb203\/\" \/>\n<meta property=\"og:site_name\" content=\"Koonings\" \/>\n<meta property=\"article:publisher\" content=\"https:\/\/www.facebook.com\/kooningstheweddingpalace\" \/>\n<meta property=\"og:image\" content=\"https:\/\/www.koonings.com\/wp-content\/uploads\/2025\/03\/49459_8e20302afc523849072d30bc7c1321979244ecb6d02b1691e923a13724a50bb17d4c7cc2.jpeg\" \/>\n\t<meta property=\"og:image:width\" content=\"1212\" \/>\n\t<meta property=\"og:image:height\" content=\"1714\" \/>\n\t<meta property=\"og:image:type\" content=\"image\/jpeg\" \/>\n<meta name=\"twitter:card\" content=\"summary_large_image\" \/>\n<meta name=\"twitter:label1\" content=\"Gesch\u00e4tzte Lesezeit\" \/>\n\t<meta name=\"twitter:data1\" content=\"1\u00a0Minute\" \/>\n<script type=\"application\/ld+json\" class=\"yoast-schema-graph\">{\"@context\":\"https:\\\/\\\/schema.org\",\"@graph\":[{\"@type\":\"WebPage\",\"@id\":\"https:\\\/\\\/www.koonings.com\\\/de\\\/product\\\/fashion-queen-mgb203\\\/\",\"url\":\"https:\\\/\\\/www.koonings.com\\\/de\\\/product\\\/fashion-queen-mgb203\\\/\",\"name\":\"Fashion Queen MGB203 | Koonings\",\"isPartOf\":{\"@id\":\"https:\\\/\\\/www.koonings.com\\\/de\\\/#website\"},\"primaryImageOfPage\":{\"@id\":\"https:\\\/\\\/www.koonings.com\\\/de\\\/product\\\/fashion-queen-mgb203\\\/#primaryimage\"},\"image\":{\"@id\":\"https:\\\/\\\/www.koonings.com\\\/de\\\/product\\\/fashion-queen-mgb203\\\/#primaryimage\"},\"thumbnailUrl\":\"https:\\\/\\\/www.koonings.com\\\/wp-content\\\/uploads\\\/2025\\\/03\\\/49459_8e20302afc523849072d30bc7c1321979244ecb6d02b1691e923a13724a50bb17d4c7cc2.jpeg\",\"datePublished\":\"2026-04-28T16:30:11+00:00\",\"description\":\"Das Brautkleid MGB203 von Lohrengel Miss Beautiful Bride ist eine wundersch\u00f6ne Wahl f\u00fcr die Braut, die einen eleganten und romantischen Look sucht. Das Design dieses Kleides ist von Raffinesse durchdrungen, mit einem wundersch\u00f6n verzierten Spitzenbesatz, der das Mieder schm\u00fcckt und dem Kleid einen subtilen, femininen Charme verleiht. Der Rock in A-Linie f\u00e4llt sanft und sorgt f\u00fcr eine traumhafte, luftige Bewegung, w\u00e4hrend das leichte, atmungsaktive Material f\u00fcr maximalen Komfort an Ihrem besonderen Tag sorgt. Das MGB203 hat eine zeitlose Sch\u00f6nheit mit modernen Details, die dem Kleid ein zeitgen\u00f6ssisches Flair verleihen. Das Besondere an diesem Kleid ist, dass das MGB203 auch in \u00dcbergr\u00f6\u00dfen erh\u00e4ltlich ist. So kann sich jede Braut, unabh\u00e4ngig von ihrer Gr\u00f6\u00dfe, in einem Kleid umwerfend f\u00fchlen, das ihre Figur auf raffinierte und schmeichelhafte Weise betont, ohne dass sie auf Stil oder Komfort verzichten muss. Das MGB203 ist exklusiv bei Koonings The Wedding Palace in Deurne erh\u00e4ltlich, dem gr\u00f6\u00dften Brautmodengesch\u00e4ft der Welt. Koonings bietet eine luxuri\u00f6se und einladende Umgebung, in der sich Br\u00e4ute aller Gr\u00f6\u00dfen auf die fachkundige Beratung durch erfahrene Stylisten verlassen k\u00f6nnen. Mit einer umfangreichen Kollektion von Top-Marken, darunter Lohrengel Miss Beautiful Bride, sorgt Koonings daf\u00fcr, dass jede Braut ihr Traumkleid findet. Das MGB203 ist f\u00fcr die Braut, die ihren Hochzeitstag in einem Kleid feiern m\u00f6chte, das sowohl elegant als auch romantisch ist, mit einem zeitlosen Look, der immer beeindruckt.\",\"breadcrumb\":{\"@id\":\"https:\\\/\\\/www.koonings.com\\\/de\\\/product\\\/fashion-queen-mgb203\\\/#breadcrumb\"},\"inLanguage\":\"de\",\"potentialAction\":[{\"@type\":\"ReadAction\",\"target\":[\"https:\\\/\\\/www.koonings.com\\\/de\\\/product\\\/fashion-queen-mgb203\\\/\"]}]},{\"@type\":\"ImageObject\",\"inLanguage\":\"de\",\"@id\":\"https:\\\/\\\/www.koonings.com\\\/de\\\/product\\\/fashion-queen-mgb203\\\/#primaryimage\",\"url\":\"https:\\\/\\\/www.koonings.com\\\/wp-content\\\/uploads\\\/2025\\\/03\\\/49459_8e20302afc523849072d30bc7c1321979244ecb6d02b1691e923a13724a50bb17d4c7cc2.jpeg\",\"contentUrl\":\"https:\\\/\\\/www.koonings.com\\\/wp-content\\\/uploads\\\/2025\\\/03\\\/49459_8e20302afc523849072d30bc7c1321979244ecb6d02b1691e923a13724a50bb17d4c7cc2.jpeg\",\"width\":1212,\"height\":1714},{\"@type\":\"BreadcrumbList\",\"@id\":\"https:\\\/\\\/www.koonings.com\\\/de\\\/product\\\/fashion-queen-mgb203\\\/#breadcrumb\",\"itemListElement\":[{\"@type\":\"ListItem\",\"position\":1,\"name\":\"Home\",\"item\":\"https:\\\/\\\/www.koonings.com\\\/de\\\/\"},{\"@type\":\"ListItem\",\"position\":2,\"name\":\"Fashion Queen MGB203\"}]},{\"@type\":\"WebSite\",\"@id\":\"https:\\\/\\\/www.koonings.com\\\/de\\\/#website\",\"url\":\"https:\\\/\\\/www.koonings.com\\\/de\\\/\",\"name\":\"Koonings\",\"description\":\"De grootste bruidsmodewinkel ter wereld\",\"publisher\":{\"@id\":\"https:\\\/\\\/www.koonings.com\\\/de\\\/#organization\"},\"potentialAction\":[{\"@type\":\"SearchAction\",\"target\":{\"@type\":\"EntryPoint\",\"urlTemplate\":\"https:\\\/\\\/www.koonings.com\\\/de\\\/?s={search_term_string}\"},\"query-input\":{\"@type\":\"PropertyValueSpecification\",\"valueRequired\":true,\"valueName\":\"search_term_string\"}}],\"inLanguage\":\"de\"},{\"@type\":\"Organization\",\"@id\":\"https:\\\/\\\/www.koonings.com\\\/de\\\/#organization\",\"name\":\"Koonings\",\"url\":\"https:\\\/\\\/www.koonings.com\\\/de\\\/\",\"logo\":{\"@type\":\"ImageObject\",\"inLanguage\":\"de\",\"@id\":\"https:\\\/\\\/www.koonings.com\\\/de\\\/#\\\/schema\\\/logo\\\/image\\\/\",\"url\":\"https:\\\/\\\/www.koonings.com\\\/wp-content\\\/uploads\\\/2024\\\/07\\\/logo.png\",\"contentUrl\":\"https:\\\/\\\/www.koonings.com\\\/wp-content\\\/uploads\\\/2024\\\/07\\\/logo.png\",\"width\":600,\"height\":428,\"caption\":\"Koonings\"},\"image\":{\"@id\":\"https:\\\/\\\/www.koonings.com\\\/de\\\/#\\\/schema\\\/logo\\\/image\\\/\"},\"sameAs\":[\"https:\\\/\\\/www.facebook.com\\\/kooningstheweddingpalace\",\"https:\\\/\\\/www.instagram.com\\\/kooningstheweddingpalace\",\"https:\\\/\\\/www.pinterest.com\\\/koonings\",\"https:\\\/\\\/www.youtube.com\\\/kooningstheweddingpalace\"]}]}<\/script>\n<!-- \/ Yoast SEO plugin. -->","yoast_head_json":{"title":"Fashion Queen MGB203 | Koonings","description":"Das Brautkleid MGB203 von Lohrengel Miss Beautiful Bride ist eine wundersch\u00f6ne Wahl f\u00fcr die Braut, die einen eleganten und romantischen Look sucht. Das Design dieses Kleides ist von Raffinesse durchdrungen, mit einem wundersch\u00f6n verzierten Spitzenbesatz, der das Mieder schm\u00fcckt und dem Kleid einen subtilen, femininen Charme verleiht. Der Rock in A-Linie f\u00e4llt sanft und sorgt f\u00fcr eine traumhafte, luftige Bewegung, w\u00e4hrend das leichte, atmungsaktive Material f\u00fcr maximalen Komfort an Ihrem besonderen Tag sorgt. Das MGB203 hat eine zeitlose Sch\u00f6nheit mit modernen Details, die dem Kleid ein zeitgen\u00f6ssisches Flair verleihen. Das Besondere an diesem Kleid ist, dass das MGB203 auch in \u00dcbergr\u00f6\u00dfen erh\u00e4ltlich ist. So kann sich jede Braut, unabh\u00e4ngig von ihrer Gr\u00f6\u00dfe, in einem Kleid umwerfend f\u00fchlen, das ihre Figur auf raffinierte und schmeichelhafte Weise betont, ohne dass sie auf Stil oder Komfort verzichten muss. Das MGB203 ist exklusiv bei Koonings The Wedding Palace in Deurne erh\u00e4ltlich, dem gr\u00f6\u00dften Brautmodengesch\u00e4ft der Welt. Koonings bietet eine luxuri\u00f6se und einladende Umgebung, in der sich Br\u00e4ute aller Gr\u00f6\u00dfen auf die fachkundige Beratung durch erfahrene Stylisten verlassen k\u00f6nnen. Mit einer umfangreichen Kollektion von Top-Marken, darunter Lohrengel Miss Beautiful Bride, sorgt Koonings daf\u00fcr, dass jede Braut ihr Traumkleid findet. Das MGB203 ist f\u00fcr die Braut, die ihren Hochzeitstag in einem Kleid feiern m\u00f6chte, das sowohl elegant als auch romantisch ist, mit einem zeitlosen Look, der immer beeindruckt.","robots":{"index":"index","follow":"follow","max-snippet":"max-snippet:-1","max-image-preview":"max-image-preview:large","max-video-preview":"max-video-preview:-1"},"canonical":"https:\/\/www.koonings.com\/de\/product\/fashion-queen-mgb203\/","og_locale":"de_DE","og_type":"article","og_title":"Fashion Queen MGB203 | Koonings","og_description":"Das Brautkleid MGB203 von Lohrengel Miss Beautiful Bride ist eine wundersch\u00f6ne Wahl f\u00fcr die Braut, die einen eleganten und romantischen Look sucht. Das Design dieses Kleides ist von Raffinesse durchdrungen, mit einem wundersch\u00f6n verzierten Spitzenbesatz, der das Mieder schm\u00fcckt und dem Kleid einen subtilen, femininen Charme verleiht. Der Rock in A-Linie f\u00e4llt sanft und sorgt f\u00fcr eine traumhafte, luftige Bewegung, w\u00e4hrend das leichte, atmungsaktive Material f\u00fcr maximalen Komfort an Ihrem besonderen Tag sorgt. Das MGB203 hat eine zeitlose Sch\u00f6nheit mit modernen Details, die dem Kleid ein zeitgen\u00f6ssisches Flair verleihen. Das Besondere an diesem Kleid ist, dass das MGB203 auch in \u00dcbergr\u00f6\u00dfen erh\u00e4ltlich ist. So kann sich jede Braut, unabh\u00e4ngig von ihrer Gr\u00f6\u00dfe, in einem Kleid umwerfend f\u00fchlen, das ihre Figur auf raffinierte und schmeichelhafte Weise betont, ohne dass sie auf Stil oder Komfort verzichten muss. Das MGB203 ist exklusiv bei Koonings The Wedding Palace in Deurne erh\u00e4ltlich, dem gr\u00f6\u00dften Brautmodengesch\u00e4ft der Welt. Koonings bietet eine luxuri\u00f6se und einladende Umgebung, in der sich Br\u00e4ute aller Gr\u00f6\u00dfen auf die fachkundige Beratung durch erfahrene Stylisten verlassen k\u00f6nnen. Mit einer umfangreichen Kollektion von Top-Marken, darunter Lohrengel Miss Beautiful Bride, sorgt Koonings daf\u00fcr, dass jede Braut ihr Traumkleid findet. Das MGB203 ist f\u00fcr die Braut, die ihren Hochzeitstag in einem Kleid feiern m\u00f6chte, das sowohl elegant als auch romantisch ist, mit einem zeitlosen Look, der immer beeindruckt.","og_url":"https:\/\/www.koonings.com\/de\/product\/fashion-queen-mgb203\/","og_site_name":"Koonings","article_publisher":"https:\/\/www.facebook.com\/kooningstheweddingpalace","og_image":[{"width":1212,"height":1714,"url":"https:\/\/www.koonings.com\/wp-content\/uploads\/2025\/03\/49459_8e20302afc523849072d30bc7c1321979244ecb6d02b1691e923a13724a50bb17d4c7cc2.jpeg","type":"image\/jpeg"}],"twitter_card":"summary_large_image","twitter_misc":{"Gesch\u00e4tzte Lesezeit":"1\u00a0Minute"},"schema":{"@context":"https:\/\/schema.org","@graph":[{"@type":"WebPage","@id":"https:\/\/www.koonings.com\/de\/product\/fashion-queen-mgb203\/","url":"https:\/\/www.koonings.com\/de\/product\/fashion-queen-mgb203\/","name":"Fashion Queen MGB203 | Koonings","isPartOf":{"@id":"https:\/\/www.koonings.com\/de\/#website"},"primaryImageOfPage":{"@id":"https:\/\/www.koonings.com\/de\/product\/fashion-queen-mgb203\/#primaryimage"},"image":{"@id":"https:\/\/www.koonings.com\/de\/product\/fashion-queen-mgb203\/#primaryimage"},"thumbnailUrl":"https:\/\/www.koonings.com\/wp-content\/uploads\/2025\/03\/49459_8e20302afc523849072d30bc7c1321979244ecb6d02b1691e923a13724a50bb17d4c7cc2.jpeg","datePublished":"2026-04-28T16:30:11+00:00","description":"Das Brautkleid MGB203 von Lohrengel Miss Beautiful Bride ist eine wundersch\u00f6ne Wahl f\u00fcr die Braut, die einen eleganten und romantischen Look sucht. Das Design dieses Kleides ist von Raffinesse durchdrungen, mit einem wundersch\u00f6n verzierten Spitzenbesatz, der das Mieder schm\u00fcckt und dem Kleid einen subtilen, femininen Charme verleiht. Der Rock in A-Linie f\u00e4llt sanft und sorgt f\u00fcr eine traumhafte, luftige Bewegung, w\u00e4hrend das leichte, atmungsaktive Material f\u00fcr maximalen Komfort an Ihrem besonderen Tag sorgt. Das MGB203 hat eine zeitlose Sch\u00f6nheit mit modernen Details, die dem Kleid ein zeitgen\u00f6ssisches Flair verleihen. Das Besondere an diesem Kleid ist, dass das MGB203 auch in \u00dcbergr\u00f6\u00dfen erh\u00e4ltlich ist. So kann sich jede Braut, unabh\u00e4ngig von ihrer Gr\u00f6\u00dfe, in einem Kleid umwerfend f\u00fchlen, das ihre Figur auf raffinierte und schmeichelhafte Weise betont, ohne dass sie auf Stil oder Komfort verzichten muss. Das MGB203 ist exklusiv bei Koonings The Wedding Palace in Deurne erh\u00e4ltlich, dem gr\u00f6\u00dften Brautmodengesch\u00e4ft der Welt. Koonings bietet eine luxuri\u00f6se und einladende Umgebung, in der sich Br\u00e4ute aller Gr\u00f6\u00dfen auf die fachkundige Beratung durch erfahrene Stylisten verlassen k\u00f6nnen. Mit einer umfangreichen Kollektion von Top-Marken, darunter Lohrengel Miss Beautiful Bride, sorgt Koonings daf\u00fcr, dass jede Braut ihr Traumkleid findet. Das MGB203 ist f\u00fcr die Braut, die ihren Hochzeitstag in einem Kleid feiern m\u00f6chte, das sowohl elegant als auch romantisch ist, mit einem zeitlosen Look, der immer beeindruckt.","breadcrumb":{"@id":"https:\/\/www.koonings.com\/de\/product\/fashion-queen-mgb203\/#breadcrumb"},"inLanguage":"de","potentialAction":[{"@type":"ReadAction","target":["https:\/\/www.koonings.com\/de\/product\/fashion-queen-mgb203\/"]}]},{"@type":"ImageObject","inLanguage":"de","@id":"https:\/\/www.koonings.com\/de\/product\/fashion-queen-mgb203\/#primaryimage","url":"https:\/\/www.koonings.com\/wp-content\/uploads\/2025\/03\/49459_8e20302afc523849072d30bc7c1321979244ecb6d02b1691e923a13724a50bb17d4c7cc2.jpeg","contentUrl":"https:\/\/www.koonings.com\/wp-content\/uploads\/2025\/03\/49459_8e20302afc523849072d30bc7c1321979244ecb6d02b1691e923a13724a50bb17d4c7cc2.jpeg","width":1212,"height":1714},{"@type":"BreadcrumbList","@id":"https:\/\/www.koonings.com\/de\/product\/fashion-queen-mgb203\/#breadcrumb","itemListElement":[{"@type":"ListItem","position":1,"name":"Home","item":"https:\/\/www.koonings.com\/de\/"},{"@type":"ListItem","position":2,"name":"Fashion Queen MGB203"}]},{"@type":"WebSite","@id":"https:\/\/www.koonings.com\/de\/#website","url":"https:\/\/www.koonings.com\/de\/","name":"Koonings","description":"De grootste bruidsmodewinkel ter wereld","publisher":{"@id":"https:\/\/www.koonings.com\/de\/#organization"},"potentialAction":[{"@type":"SearchAction","target":{"@type":"EntryPoint","urlTemplate":"https:\/\/www.koonings.com\/de\/?s={search_term_string}"},"query-input":{"@type":"PropertyValueSpecification","valueRequired":true,"valueName":"search_term_string"}}],"inLanguage":"de"},{"@type":"Organization","@id":"https:\/\/www.koonings.com\/de\/#organization","name":"Koonings","url":"https:\/\/www.koonings.com\/de\/","logo":{"@type":"ImageObject","inLanguage":"de","@id":"https:\/\/www.koonings.com\/de\/#\/schema\/logo\/image\/","url":"https:\/\/www.koonings.com\/wp-content\/uploads\/2024\/07\/logo.png","contentUrl":"https:\/\/www.koonings.com\/wp-content\/uploads\/2024\/07\/logo.png","width":600,"height":428,"caption":"Koonings"},"image":{"@id":"https:\/\/www.koonings.com\/de\/#\/schema\/logo\/image\/"},"sameAs":["https:\/\/www.facebook.com\/kooningstheweddingpalace","https:\/\/www.instagram.com\/kooningstheweddingpalace","https:\/\/www.pinterest.com\/koonings","https:\/\/www.youtube.com\/kooningstheweddingpalace"]}]}},"_links":{"self":[{"href":"https:\/\/www.koonings.com\/de\/wp-json\/wp\/v2\/product\/84815","targetHints":{"allow":["GET"]}}],"collection":[{"href":"https:\/\/www.koonings.com\/de\/wp-json\/wp\/v2\/product"}],"about":[{"href":"https:\/\/www.koonings.com\/de\/wp-json\/wp\/v2\/types\/product"}],"wp:featuredmedia":[{"embeddable":true,"href":"https:\/\/www.koonings.com\/de\/wp-json\/wp\/v2\/media\/82411"}],"wp:attachment":[{"href":"https:\/\/www.koonings.com\/de\/wp-json\/wp\/v2\/media?parent=84815"}],"wp:term":[{"taxonomy":"productdetails","embeddable":true,"href":"https:\/\/www.koonings.com\/de\/wp-json\/wp\/v2\/productdetails?post=84815"},{"taxonomy":"productneck","embeddable":true,"href":"https:\/\/www.koonings.com\/de\/wp-json\/wp\/v2\/productneck?post=84815"},{"taxonomy":"productcolor","embeddable":true,"href":"https:\/\/www.koonings.com\/de\/wp-json\/wp\/v2\/productcolor?post=84815"},{"taxonomy":"maat","embeddable":true,"href":"https:\/\/www.koonings.com\/de\/wp-json\/wp\/v2\/maat?post=84815"},{"taxonomy":"productsupplier","embeddable":true,"href":"https:\/\/www.koonings.com\/de\/wp-json\/wp\/v2\/productsupplier?post=84815"},{"taxonomy":"productsleeve","embeddable":true,"href":"https:\/\/www.koonings.com\/de\/wp-json\/wp\/v2\/productsleeve?post=84815"},{"taxonomy":"productcategory","embeddable":true,"href":"https:\/\/www.koonings.com\/de\/wp-json\/wp\/v2\/productcategory?post=84815"},{"taxonomy":"productsilhouette","embeddable":true,"href":"https:\/\/www.koonings.com\/de\/wp-json\/wp\/v2\/productsilhouette?post=84815"},{"taxonomy":"productstyle","embeddable":true,"href":"https:\/\/www.koonings.com\/de\/wp-json\/wp\/v2\/productstyle?post=84815"}],"curies":[{"name":"wp","href":"https:\/\/api.w.org\/{rel}","templated":true}]}}