{"id":84810,"date":"2026-04-14T16:16:46","date_gmt":"2026-04-14T14:16:46","guid":{"rendered":"https:\/\/www.koonings.com\/product\/javier-arnaiz-juan-cor-107-240-202\/"},"modified":"2025-06-05T13:57:58","modified_gmt":"2025-06-05T11:57:58","slug":"javier-arnaiz-juan-cor-107-240-202","status":"publish","type":"product","link":"https:\/\/www.koonings.com\/de\/product\/javier-arnaiz-juan-cor-107-240-202\/","title":{"rendered":"Javier Arnaiz Juan Cor 107.240.202"},"content":{"rendered":"<p>Javier Arnaiz ist eine f\u00fchrende spanische Marke, die sich auf elegante und moderne Hochzeitsanz\u00fcge f\u00fcr den modernen Br\u00e4utigam spezialisiert hat. Die Entw\u00fcrfe verbinden zeitlose Tradition mit zeitgen\u00f6ssischen Trends und werden aus Materialien h\u00f6chster Qualit\u00e4t gefertigt. <\/p>\n<p>Die Kollektion von Javier Arnaiz bietet eine vielseitige Auswahl an Farben und Stilen, so dass sowohl der klassische als auch der moderne Br\u00e4utigam den perfekten Anzug finden kann. Jeder Anzug zeichnet sich durch einen raffinierten Schnitt, hochwertige Stoffe und eine hervorragende Passform aus und l\u00e4sst jeden Br\u00e4utigam an seinem gro\u00dfen Tag gl\u00e4nzen. <\/p>\n","protected":false},"featured_media":82483,"template":"","meta":{"_acf_changed":false,"ghostkit_customizer_options":"","ghostkit_custom_css":"","ghostkit_custom_js_head":"","ghostkit_custom_js_foot":"","ghostkit_typography":""},"productdetails":[],"productneck":[],"productcolor":[450],"maat":[],"productsupplier":[505],"productsleeve":[],"productcategory":[227],"productsilhouette":[],"productstyle":[],"class_list":["post-84810","product","type-product","status-publish","has-post-thumbnail","hentry","productcolor-450","productsupplier-javier-arnaiz","productcategory-kostuum"],"acf":[],"yoast_head":"<!-- This site is optimized with the Yoast SEO plugin v27.3 - https:\/\/yoast.com\/product\/yoast-seo-wordpress\/ -->\n<title>Javier Arnaiz Juan Cor 107.240.202 | Koonings<\/title>\n<meta name=\"description\" content=\"Javier Arnaiz ist eine f\u00fchrende spanische Marke, die sich auf elegante und moderne Hochzeitsanz\u00fcge f\u00fcr den modernen Br\u00e4utigam spezialisiert hat. Die Entw\u00fcrfe verbinden zeitlose Tradition mit zeitgen\u00f6ssischen Trends und werden aus Materialien h\u00f6chster Qualit\u00e4t gefertigt. Die Kollektion von Javier Arnaiz bietet eine vielseitige Auswahl an Farben und Stilen, so dass sowohl der klassische als auch der moderne Br\u00e4utigam den perfekten Anzug finden kann. Jeder Anzug zeichnet sich durch einen raffinierten Schnitt, hochwertige Stoffe und eine hervorragende Passform aus und l\u00e4sst jeden Br\u00e4utigam an seinem gro\u00dfen Tag gl\u00e4nzen.\" \/>\n<meta name=\"robots\" content=\"index, follow, max-snippet:-1, max-image-preview:large, max-video-preview:-1\" \/>\n<link rel=\"canonical\" href=\"https:\/\/www.koonings.com\/de\/product\/javier-arnaiz-juan-cor-107-240-202\/\" \/>\n<meta property=\"og:locale\" content=\"de_DE\" \/>\n<meta property=\"og:type\" content=\"article\" \/>\n<meta property=\"og:title\" content=\"Javier Arnaiz Juan Cor 107.240.202 | Koonings\" \/>\n<meta property=\"og:description\" content=\"Javier Arnaiz ist eine f\u00fchrende spanische Marke, die sich auf elegante und moderne Hochzeitsanz\u00fcge f\u00fcr den modernen Br\u00e4utigam spezialisiert hat. Die Entw\u00fcrfe verbinden zeitlose Tradition mit zeitgen\u00f6ssischen Trends und werden aus Materialien h\u00f6chster Qualit\u00e4t gefertigt. Die Kollektion von Javier Arnaiz bietet eine vielseitige Auswahl an Farben und Stilen, so dass sowohl der klassische als auch der moderne Br\u00e4utigam den perfekten Anzug finden kann. Jeder Anzug zeichnet sich durch einen raffinierten Schnitt, hochwertige Stoffe und eine hervorragende Passform aus und l\u00e4sst jeden Br\u00e4utigam an seinem gro\u00dfen Tag gl\u00e4nzen.\" \/>\n<meta property=\"og:url\" content=\"https:\/\/www.koonings.com\/de\/product\/javier-arnaiz-juan-cor-107-240-202\/\" \/>\n<meta property=\"og:site_name\" content=\"Koonings\" \/>\n<meta property=\"article:publisher\" content=\"https:\/\/www.facebook.com\/kooningstheweddingpalace\" \/>\n<meta property=\"og:image\" content=\"https:\/\/www.koonings.com\/wp-content\/uploads\/2025\/03\/39848_9554bd50b8ec3acbac3d31f4b4caee8593cfd041b323431fb9d380d98b5e58385b834756.jpeg\" \/>\n\t<meta property=\"og:image:width\" content=\"1681\" \/>\n\t<meta property=\"og:image:height\" content=\"2377\" \/>\n\t<meta property=\"og:image:type\" content=\"image\/jpeg\" \/>\n<meta name=\"twitter:card\" content=\"summary_large_image\" \/>\n<meta name=\"twitter:label1\" content=\"Gesch\u00e4tzte Lesezeit\" \/>\n\t<meta name=\"twitter:data1\" content=\"1\u00a0Minute\" \/>\n<script type=\"application\/ld+json\" class=\"yoast-schema-graph\">{\"@context\":\"https:\\\/\\\/schema.org\",\"@graph\":[{\"@type\":\"WebPage\",\"@id\":\"https:\\\/\\\/www.koonings.com\\\/de\\\/product\\\/javier-arnaiz-juan-cor-107-240-202\\\/\",\"url\":\"https:\\\/\\\/www.koonings.com\\\/de\\\/product\\\/javier-arnaiz-juan-cor-107-240-202\\\/\",\"name\":\"Javier Arnaiz Juan Cor 107.240.202 | Koonings\",\"isPartOf\":{\"@id\":\"https:\\\/\\\/www.koonings.com\\\/de\\\/#website\"},\"primaryImageOfPage\":{\"@id\":\"https:\\\/\\\/www.koonings.com\\\/de\\\/product\\\/javier-arnaiz-juan-cor-107-240-202\\\/#primaryimage\"},\"image\":{\"@id\":\"https:\\\/\\\/www.koonings.com\\\/de\\\/product\\\/javier-arnaiz-juan-cor-107-240-202\\\/#primaryimage\"},\"thumbnailUrl\":\"https:\\\/\\\/www.koonings.com\\\/wp-content\\\/uploads\\\/2025\\\/03\\\/39848_9554bd50b8ec3acbac3d31f4b4caee8593cfd041b323431fb9d380d98b5e58385b834756.jpeg\",\"datePublished\":\"2026-04-14T14:16:46+00:00\",\"description\":\"Javier Arnaiz ist eine f\u00fchrende spanische Marke, die sich auf elegante und moderne Hochzeitsanz\u00fcge f\u00fcr den modernen Br\u00e4utigam spezialisiert hat. Die Entw\u00fcrfe verbinden zeitlose Tradition mit zeitgen\u00f6ssischen Trends und werden aus Materialien h\u00f6chster Qualit\u00e4t gefertigt. Die Kollektion von Javier Arnaiz bietet eine vielseitige Auswahl an Farben und Stilen, so dass sowohl der klassische als auch der moderne Br\u00e4utigam den perfekten Anzug finden kann. Jeder Anzug zeichnet sich durch einen raffinierten Schnitt, hochwertige Stoffe und eine hervorragende Passform aus und l\u00e4sst jeden Br\u00e4utigam an seinem gro\u00dfen Tag gl\u00e4nzen.\",\"breadcrumb\":{\"@id\":\"https:\\\/\\\/www.koonings.com\\\/de\\\/product\\\/javier-arnaiz-juan-cor-107-240-202\\\/#breadcrumb\"},\"inLanguage\":\"de\",\"potentialAction\":[{\"@type\":\"ReadAction\",\"target\":[\"https:\\\/\\\/www.koonings.com\\\/de\\\/product\\\/javier-arnaiz-juan-cor-107-240-202\\\/\"]}]},{\"@type\":\"ImageObject\",\"inLanguage\":\"de\",\"@id\":\"https:\\\/\\\/www.koonings.com\\\/de\\\/product\\\/javier-arnaiz-juan-cor-107-240-202\\\/#primaryimage\",\"url\":\"https:\\\/\\\/www.koonings.com\\\/wp-content\\\/uploads\\\/2025\\\/03\\\/39848_9554bd50b8ec3acbac3d31f4b4caee8593cfd041b323431fb9d380d98b5e58385b834756.jpeg\",\"contentUrl\":\"https:\\\/\\\/www.koonings.com\\\/wp-content\\\/uploads\\\/2025\\\/03\\\/39848_9554bd50b8ec3acbac3d31f4b4caee8593cfd041b323431fb9d380d98b5e58385b834756.jpeg\",\"width\":1681,\"height\":2377},{\"@type\":\"BreadcrumbList\",\"@id\":\"https:\\\/\\\/www.koonings.com\\\/de\\\/product\\\/javier-arnaiz-juan-cor-107-240-202\\\/#breadcrumb\",\"itemListElement\":[{\"@type\":\"ListItem\",\"position\":1,\"name\":\"Home\",\"item\":\"https:\\\/\\\/www.koonings.com\\\/de\\\/\"},{\"@type\":\"ListItem\",\"position\":2,\"name\":\"Javier Arnaiz Juan Cor 107.240.202\"}]},{\"@type\":\"WebSite\",\"@id\":\"https:\\\/\\\/www.koonings.com\\\/de\\\/#website\",\"url\":\"https:\\\/\\\/www.koonings.com\\\/de\\\/\",\"name\":\"Koonings\",\"description\":\"De grootste bruidsmodewinkel ter wereld\",\"publisher\":{\"@id\":\"https:\\\/\\\/www.koonings.com\\\/de\\\/#organization\"},\"potentialAction\":[{\"@type\":\"SearchAction\",\"target\":{\"@type\":\"EntryPoint\",\"urlTemplate\":\"https:\\\/\\\/www.koonings.com\\\/de\\\/?s={search_term_string}\"},\"query-input\":{\"@type\":\"PropertyValueSpecification\",\"valueRequired\":true,\"valueName\":\"search_term_string\"}}],\"inLanguage\":\"de\"},{\"@type\":\"Organization\",\"@id\":\"https:\\\/\\\/www.koonings.com\\\/de\\\/#organization\",\"name\":\"Koonings\",\"url\":\"https:\\\/\\\/www.koonings.com\\\/de\\\/\",\"logo\":{\"@type\":\"ImageObject\",\"inLanguage\":\"de\",\"@id\":\"https:\\\/\\\/www.koonings.com\\\/de\\\/#\\\/schema\\\/logo\\\/image\\\/\",\"url\":\"https:\\\/\\\/www.koonings.com\\\/wp-content\\\/uploads\\\/2024\\\/07\\\/logo.png\",\"contentUrl\":\"https:\\\/\\\/www.koonings.com\\\/wp-content\\\/uploads\\\/2024\\\/07\\\/logo.png\",\"width\":600,\"height\":428,\"caption\":\"Koonings\"},\"image\":{\"@id\":\"https:\\\/\\\/www.koonings.com\\\/de\\\/#\\\/schema\\\/logo\\\/image\\\/\"},\"sameAs\":[\"https:\\\/\\\/www.facebook.com\\\/kooningstheweddingpalace\",\"https:\\\/\\\/www.instagram.com\\\/kooningstheweddingpalace\",\"https:\\\/\\\/www.pinterest.com\\\/koonings\",\"https:\\\/\\\/www.youtube.com\\\/kooningstheweddingpalace\"]}]}<\/script>\n<!-- \/ Yoast SEO plugin. -->","yoast_head_json":{"title":"Javier Arnaiz Juan Cor 107.240.202 | Koonings","description":"Javier Arnaiz ist eine f\u00fchrende spanische Marke, die sich auf elegante und moderne Hochzeitsanz\u00fcge f\u00fcr den modernen Br\u00e4utigam spezialisiert hat. Die Entw\u00fcrfe verbinden zeitlose Tradition mit zeitgen\u00f6ssischen Trends und werden aus Materialien h\u00f6chster Qualit\u00e4t gefertigt. Die Kollektion von Javier Arnaiz bietet eine vielseitige Auswahl an Farben und Stilen, so dass sowohl der klassische als auch der moderne Br\u00e4utigam den perfekten Anzug finden kann. Jeder Anzug zeichnet sich durch einen raffinierten Schnitt, hochwertige Stoffe und eine hervorragende Passform aus und l\u00e4sst jeden Br\u00e4utigam an seinem gro\u00dfen Tag gl\u00e4nzen.","robots":{"index":"index","follow":"follow","max-snippet":"max-snippet:-1","max-image-preview":"max-image-preview:large","max-video-preview":"max-video-preview:-1"},"canonical":"https:\/\/www.koonings.com\/de\/product\/javier-arnaiz-juan-cor-107-240-202\/","og_locale":"de_DE","og_type":"article","og_title":"Javier Arnaiz Juan Cor 107.240.202 | Koonings","og_description":"Javier Arnaiz ist eine f\u00fchrende spanische Marke, die sich auf elegante und moderne Hochzeitsanz\u00fcge f\u00fcr den modernen Br\u00e4utigam spezialisiert hat. Die Entw\u00fcrfe verbinden zeitlose Tradition mit zeitgen\u00f6ssischen Trends und werden aus Materialien h\u00f6chster Qualit\u00e4t gefertigt. Die Kollektion von Javier Arnaiz bietet eine vielseitige Auswahl an Farben und Stilen, so dass sowohl der klassische als auch der moderne Br\u00e4utigam den perfekten Anzug finden kann. Jeder Anzug zeichnet sich durch einen raffinierten Schnitt, hochwertige Stoffe und eine hervorragende Passform aus und l\u00e4sst jeden Br\u00e4utigam an seinem gro\u00dfen Tag gl\u00e4nzen.","og_url":"https:\/\/www.koonings.com\/de\/product\/javier-arnaiz-juan-cor-107-240-202\/","og_site_name":"Koonings","article_publisher":"https:\/\/www.facebook.com\/kooningstheweddingpalace","og_image":[{"width":1681,"height":2377,"url":"https:\/\/www.koonings.com\/wp-content\/uploads\/2025\/03\/39848_9554bd50b8ec3acbac3d31f4b4caee8593cfd041b323431fb9d380d98b5e58385b834756.jpeg","type":"image\/jpeg"}],"twitter_card":"summary_large_image","twitter_misc":{"Gesch\u00e4tzte Lesezeit":"1\u00a0Minute"},"schema":{"@context":"https:\/\/schema.org","@graph":[{"@type":"WebPage","@id":"https:\/\/www.koonings.com\/de\/product\/javier-arnaiz-juan-cor-107-240-202\/","url":"https:\/\/www.koonings.com\/de\/product\/javier-arnaiz-juan-cor-107-240-202\/","name":"Javier Arnaiz Juan Cor 107.240.202 | Koonings","isPartOf":{"@id":"https:\/\/www.koonings.com\/de\/#website"},"primaryImageOfPage":{"@id":"https:\/\/www.koonings.com\/de\/product\/javier-arnaiz-juan-cor-107-240-202\/#primaryimage"},"image":{"@id":"https:\/\/www.koonings.com\/de\/product\/javier-arnaiz-juan-cor-107-240-202\/#primaryimage"},"thumbnailUrl":"https:\/\/www.koonings.com\/wp-content\/uploads\/2025\/03\/39848_9554bd50b8ec3acbac3d31f4b4caee8593cfd041b323431fb9d380d98b5e58385b834756.jpeg","datePublished":"2026-04-14T14:16:46+00:00","description":"Javier Arnaiz ist eine f\u00fchrende spanische Marke, die sich auf elegante und moderne Hochzeitsanz\u00fcge f\u00fcr den modernen Br\u00e4utigam spezialisiert hat. Die Entw\u00fcrfe verbinden zeitlose Tradition mit zeitgen\u00f6ssischen Trends und werden aus Materialien h\u00f6chster Qualit\u00e4t gefertigt. Die Kollektion von Javier Arnaiz bietet eine vielseitige Auswahl an Farben und Stilen, so dass sowohl der klassische als auch der moderne Br\u00e4utigam den perfekten Anzug finden kann. Jeder Anzug zeichnet sich durch einen raffinierten Schnitt, hochwertige Stoffe und eine hervorragende Passform aus und l\u00e4sst jeden Br\u00e4utigam an seinem gro\u00dfen Tag gl\u00e4nzen.","breadcrumb":{"@id":"https:\/\/www.koonings.com\/de\/product\/javier-arnaiz-juan-cor-107-240-202\/#breadcrumb"},"inLanguage":"de","potentialAction":[{"@type":"ReadAction","target":["https:\/\/www.koonings.com\/de\/product\/javier-arnaiz-juan-cor-107-240-202\/"]}]},{"@type":"ImageObject","inLanguage":"de","@id":"https:\/\/www.koonings.com\/de\/product\/javier-arnaiz-juan-cor-107-240-202\/#primaryimage","url":"https:\/\/www.koonings.com\/wp-content\/uploads\/2025\/03\/39848_9554bd50b8ec3acbac3d31f4b4caee8593cfd041b323431fb9d380d98b5e58385b834756.jpeg","contentUrl":"https:\/\/www.koonings.com\/wp-content\/uploads\/2025\/03\/39848_9554bd50b8ec3acbac3d31f4b4caee8593cfd041b323431fb9d380d98b5e58385b834756.jpeg","width":1681,"height":2377},{"@type":"BreadcrumbList","@id":"https:\/\/www.koonings.com\/de\/product\/javier-arnaiz-juan-cor-107-240-202\/#breadcrumb","itemListElement":[{"@type":"ListItem","position":1,"name":"Home","item":"https:\/\/www.koonings.com\/de\/"},{"@type":"ListItem","position":2,"name":"Javier Arnaiz Juan Cor 107.240.202"}]},{"@type":"WebSite","@id":"https:\/\/www.koonings.com\/de\/#website","url":"https:\/\/www.koonings.com\/de\/","name":"Koonings","description":"De grootste bruidsmodewinkel ter wereld","publisher":{"@id":"https:\/\/www.koonings.com\/de\/#organization"},"potentialAction":[{"@type":"SearchAction","target":{"@type":"EntryPoint","urlTemplate":"https:\/\/www.koonings.com\/de\/?s={search_term_string}"},"query-input":{"@type":"PropertyValueSpecification","valueRequired":true,"valueName":"search_term_string"}}],"inLanguage":"de"},{"@type":"Organization","@id":"https:\/\/www.koonings.com\/de\/#organization","name":"Koonings","url":"https:\/\/www.koonings.com\/de\/","logo":{"@type":"ImageObject","inLanguage":"de","@id":"https:\/\/www.koonings.com\/de\/#\/schema\/logo\/image\/","url":"https:\/\/www.koonings.com\/wp-content\/uploads\/2024\/07\/logo.png","contentUrl":"https:\/\/www.koonings.com\/wp-content\/uploads\/2024\/07\/logo.png","width":600,"height":428,"caption":"Koonings"},"image":{"@id":"https:\/\/www.koonings.com\/de\/#\/schema\/logo\/image\/"},"sameAs":["https:\/\/www.facebook.com\/kooningstheweddingpalace","https:\/\/www.instagram.com\/kooningstheweddingpalace","https:\/\/www.pinterest.com\/koonings","https:\/\/www.youtube.com\/kooningstheweddingpalace"]}]}},"_links":{"self":[{"href":"https:\/\/www.koonings.com\/de\/wp-json\/wp\/v2\/product\/84810","targetHints":{"allow":["GET"]}}],"collection":[{"href":"https:\/\/www.koonings.com\/de\/wp-json\/wp\/v2\/product"}],"about":[{"href":"https:\/\/www.koonings.com\/de\/wp-json\/wp\/v2\/types\/product"}],"wp:featuredmedia":[{"embeddable":true,"href":"https:\/\/www.koonings.com\/de\/wp-json\/wp\/v2\/media\/82483"}],"wp:attachment":[{"href":"https:\/\/www.koonings.com\/de\/wp-json\/wp\/v2\/media?parent=84810"}],"wp:term":[{"taxonomy":"productdetails","embeddable":true,"href":"https:\/\/www.koonings.com\/de\/wp-json\/wp\/v2\/productdetails?post=84810"},{"taxonomy":"productneck","embeddable":true,"href":"https:\/\/www.koonings.com\/de\/wp-json\/wp\/v2\/productneck?post=84810"},{"taxonomy":"productcolor","embeddable":true,"href":"https:\/\/www.koonings.com\/de\/wp-json\/wp\/v2\/productcolor?post=84810"},{"taxonomy":"maat","embeddable":true,"href":"https:\/\/www.koonings.com\/de\/wp-json\/wp\/v2\/maat?post=84810"},{"taxonomy":"productsupplier","embeddable":true,"href":"https:\/\/www.koonings.com\/de\/wp-json\/wp\/v2\/productsupplier?post=84810"},{"taxonomy":"productsleeve","embeddable":true,"href":"https:\/\/www.koonings.com\/de\/wp-json\/wp\/v2\/productsleeve?post=84810"},{"taxonomy":"productcategory","embeddable":true,"href":"https:\/\/www.koonings.com\/de\/wp-json\/wp\/v2\/productcategory?post=84810"},{"taxonomy":"productsilhouette","embeddable":true,"href":"https:\/\/www.koonings.com\/de\/wp-json\/wp\/v2\/productsilhouette?post=84810"},{"taxonomy":"productstyle","embeddable":true,"href":"https:\/\/www.koonings.com\/de\/wp-json\/wp\/v2\/productstyle?post=84810"}],"curies":[{"name":"wp","href":"https:\/\/api.w.org\/{rel}","templated":true}]}}