{"id":84803,"date":"2026-04-14T16:32:29","date_gmt":"2026-04-14T14:32:29","guid":{"rendered":"https:\/\/www.koonings.com\/product\/sonia-pena-11250041a\/"},"modified":"2026-02-16T15:15:44","modified_gmt":"2026-02-16T14:15:44","slug":"sonia-pena-11250041a","status":"publish","type":"product","link":"https:\/\/www.koonings.com\/de\/product\/sonia-pena-11250041a\/","title":{"rendered":"Sonia Pena 11250041A"},"content":{"rendered":"<p>Das Sonia Pe\u00f1a Kleid Modell 1250041 ist ein elegantes Midikleid, das bis zur Mitte des Beins f\u00e4llt. Das Kleid ist aus einem cremefarbenen Stoff und hat einen schmeichelhaften V-Ausschnitt. Ein blaues Blumenmuster ist auf dem gesamten Kleid angebracht und verleiht ihm einen raffinierten und femininen Look. Dieses Kleid ist perfekt f\u00fcr festliche Anl\u00e4sse, bei denen Sie stilvoll aussehen m\u00f6chten.   <\/p>\n","protected":false},"featured_media":84013,"template":"","meta":{"_acf_changed":false,"ghostkit_customizer_options":"","ghostkit_custom_css":"","ghostkit_custom_js_head":"","ghostkit_custom_js_foot":"","ghostkit_typography":""},"productdetails":[],"productneck":[],"productcolor":[394],"maat":[],"productsupplier":[493],"productsleeve":[],"productcategory":[259],"productsilhouette":[],"productstyle":[],"class_list":["post-84803","product","type-product","status-publish","has-post-thumbnail","hentry","productcolor-394","productsupplier-sonia-pena","productcategory-avondkleding"],"acf":[],"yoast_head":"<!-- This site is optimized with the Yoast SEO plugin v27.3 - https:\/\/yoast.com\/product\/yoast-seo-wordpress\/ -->\n<title>Sonia Pena 11250041A | Koonings<\/title>\n<meta name=\"description\" content=\"Das Sonia Pe\u00f1a Kleid Modell 1250041 ist ein elegantes Midikleid, das bis zur Mitte des Beins f\u00e4llt. Das Kleid ist aus einem cremefarbenen Stoff und hat einen schmeichelhaften V-Ausschnitt. Ein blaues Blumenmuster ist auf dem gesamten Kleid angebracht und verleiht ihm einen raffinierten und femininen Look. Dieses Kleid ist perfekt f\u00fcr festliche Anl\u00e4sse, bei denen Sie stilvoll aussehen m\u00f6chten.\" \/>\n<meta name=\"robots\" content=\"index, follow, max-snippet:-1, max-image-preview:large, max-video-preview:-1\" \/>\n<link rel=\"canonical\" href=\"https:\/\/www.koonings.com\/de\/product\/sonia-pena-11250041a\/\" \/>\n<meta property=\"og:locale\" content=\"de_DE\" \/>\n<meta property=\"og:type\" content=\"article\" \/>\n<meta property=\"og:title\" content=\"Sonia Pena 11250041A | Koonings\" \/>\n<meta property=\"og:description\" content=\"Das Sonia Pe\u00f1a Kleid Modell 1250041 ist ein elegantes Midikleid, das bis zur Mitte des Beins f\u00e4llt. Das Kleid ist aus einem cremefarbenen Stoff und hat einen schmeichelhaften V-Ausschnitt. Ein blaues Blumenmuster ist auf dem gesamten Kleid angebracht und verleiht ihm einen raffinierten und femininen Look. Dieses Kleid ist perfekt f\u00fcr festliche Anl\u00e4sse, bei denen Sie stilvoll aussehen m\u00f6chten.\" \/>\n<meta property=\"og:url\" content=\"https:\/\/www.koonings.com\/de\/product\/sonia-pena-11250041a\/\" \/>\n<meta property=\"og:site_name\" content=\"Koonings\" \/>\n<meta property=\"article:publisher\" content=\"https:\/\/www.facebook.com\/kooningstheweddingpalace\" \/>\n<meta property=\"og:image\" content=\"https:\/\/www.koonings.com\/wp-content\/uploads\/2025\/04\/49887_7d4a79fe85a612a1b3d565d478fca248b6f828502c391521cab78ebbdad386314dd32e04.png\" \/>\n\t<meta property=\"og:image:width\" content=\"864\" \/>\n\t<meta property=\"og:image:height\" content=\"1080\" \/>\n\t<meta property=\"og:image:type\" content=\"image\/png\" \/>\n<meta name=\"twitter:card\" content=\"summary_large_image\" \/>\n<script type=\"application\/ld+json\" class=\"yoast-schema-graph\">{\"@context\":\"https:\\\/\\\/schema.org\",\"@graph\":[{\"@type\":\"WebPage\",\"@id\":\"https:\\\/\\\/www.koonings.com\\\/de\\\/product\\\/sonia-pena-11250041a\\\/\",\"url\":\"https:\\\/\\\/www.koonings.com\\\/de\\\/product\\\/sonia-pena-11250041a\\\/\",\"name\":\"Sonia Pena 11250041A | Koonings\",\"isPartOf\":{\"@id\":\"https:\\\/\\\/www.koonings.com\\\/de\\\/#website\"},\"primaryImageOfPage\":{\"@id\":\"https:\\\/\\\/www.koonings.com\\\/de\\\/product\\\/sonia-pena-11250041a\\\/#primaryimage\"},\"image\":{\"@id\":\"https:\\\/\\\/www.koonings.com\\\/de\\\/product\\\/sonia-pena-11250041a\\\/#primaryimage\"},\"thumbnailUrl\":\"https:\\\/\\\/www.koonings.com\\\/wp-content\\\/uploads\\\/2025\\\/04\\\/49887_7d4a79fe85a612a1b3d565d478fca248b6f828502c391521cab78ebbdad386314dd32e04.png\",\"datePublished\":\"2026-04-14T14:32:29+00:00\",\"description\":\"Das Sonia Pe\u00f1a Kleid Modell 1250041 ist ein elegantes Midikleid, das bis zur Mitte des Beins f\u00e4llt. Das Kleid ist aus einem cremefarbenen Stoff und hat einen schmeichelhaften V-Ausschnitt. Ein blaues Blumenmuster ist auf dem gesamten Kleid angebracht und verleiht ihm einen raffinierten und femininen Look. Dieses Kleid ist perfekt f\u00fcr festliche Anl\u00e4sse, bei denen Sie stilvoll aussehen m\u00f6chten.\",\"breadcrumb\":{\"@id\":\"https:\\\/\\\/www.koonings.com\\\/de\\\/product\\\/sonia-pena-11250041a\\\/#breadcrumb\"},\"inLanguage\":\"de\",\"potentialAction\":[{\"@type\":\"ReadAction\",\"target\":[\"https:\\\/\\\/www.koonings.com\\\/de\\\/product\\\/sonia-pena-11250041a\\\/\"]}]},{\"@type\":\"ImageObject\",\"inLanguage\":\"de\",\"@id\":\"https:\\\/\\\/www.koonings.com\\\/de\\\/product\\\/sonia-pena-11250041a\\\/#primaryimage\",\"url\":\"https:\\\/\\\/www.koonings.com\\\/wp-content\\\/uploads\\\/2025\\\/04\\\/49887_7d4a79fe85a612a1b3d565d478fca248b6f828502c391521cab78ebbdad386314dd32e04.png\",\"contentUrl\":\"https:\\\/\\\/www.koonings.com\\\/wp-content\\\/uploads\\\/2025\\\/04\\\/49887_7d4a79fe85a612a1b3d565d478fca248b6f828502c391521cab78ebbdad386314dd32e04.png\",\"width\":864,\"height\":1080},{\"@type\":\"BreadcrumbList\",\"@id\":\"https:\\\/\\\/www.koonings.com\\\/de\\\/product\\\/sonia-pena-11250041a\\\/#breadcrumb\",\"itemListElement\":[{\"@type\":\"ListItem\",\"position\":1,\"name\":\"Home\",\"item\":\"https:\\\/\\\/www.koonings.com\\\/de\\\/\"},{\"@type\":\"ListItem\",\"position\":2,\"name\":\"Sonia Pena 11250041A\"}]},{\"@type\":\"WebSite\",\"@id\":\"https:\\\/\\\/www.koonings.com\\\/de\\\/#website\",\"url\":\"https:\\\/\\\/www.koonings.com\\\/de\\\/\",\"name\":\"Koonings\",\"description\":\"De grootste bruidsmodewinkel ter wereld\",\"publisher\":{\"@id\":\"https:\\\/\\\/www.koonings.com\\\/de\\\/#organization\"},\"potentialAction\":[{\"@type\":\"SearchAction\",\"target\":{\"@type\":\"EntryPoint\",\"urlTemplate\":\"https:\\\/\\\/www.koonings.com\\\/de\\\/?s={search_term_string}\"},\"query-input\":{\"@type\":\"PropertyValueSpecification\",\"valueRequired\":true,\"valueName\":\"search_term_string\"}}],\"inLanguage\":\"de\"},{\"@type\":\"Organization\",\"@id\":\"https:\\\/\\\/www.koonings.com\\\/de\\\/#organization\",\"name\":\"Koonings\",\"url\":\"https:\\\/\\\/www.koonings.com\\\/de\\\/\",\"logo\":{\"@type\":\"ImageObject\",\"inLanguage\":\"de\",\"@id\":\"https:\\\/\\\/www.koonings.com\\\/de\\\/#\\\/schema\\\/logo\\\/image\\\/\",\"url\":\"https:\\\/\\\/www.koonings.com\\\/wp-content\\\/uploads\\\/2024\\\/07\\\/logo.png\",\"contentUrl\":\"https:\\\/\\\/www.koonings.com\\\/wp-content\\\/uploads\\\/2024\\\/07\\\/logo.png\",\"width\":600,\"height\":428,\"caption\":\"Koonings\"},\"image\":{\"@id\":\"https:\\\/\\\/www.koonings.com\\\/de\\\/#\\\/schema\\\/logo\\\/image\\\/\"},\"sameAs\":[\"https:\\\/\\\/www.facebook.com\\\/kooningstheweddingpalace\",\"https:\\\/\\\/www.instagram.com\\\/kooningstheweddingpalace\",\"https:\\\/\\\/www.pinterest.com\\\/koonings\",\"https:\\\/\\\/www.youtube.com\\\/kooningstheweddingpalace\"]}]}<\/script>\n<!-- \/ Yoast SEO plugin. -->","yoast_head_json":{"title":"Sonia Pena 11250041A | Koonings","description":"Das Sonia Pe\u00f1a Kleid Modell 1250041 ist ein elegantes Midikleid, das bis zur Mitte des Beins f\u00e4llt. Das Kleid ist aus einem cremefarbenen Stoff und hat einen schmeichelhaften V-Ausschnitt. Ein blaues Blumenmuster ist auf dem gesamten Kleid angebracht und verleiht ihm einen raffinierten und femininen Look. Dieses Kleid ist perfekt f\u00fcr festliche Anl\u00e4sse, bei denen Sie stilvoll aussehen m\u00f6chten.","robots":{"index":"index","follow":"follow","max-snippet":"max-snippet:-1","max-image-preview":"max-image-preview:large","max-video-preview":"max-video-preview:-1"},"canonical":"https:\/\/www.koonings.com\/de\/product\/sonia-pena-11250041a\/","og_locale":"de_DE","og_type":"article","og_title":"Sonia Pena 11250041A | Koonings","og_description":"Das Sonia Pe\u00f1a Kleid Modell 1250041 ist ein elegantes Midikleid, das bis zur Mitte des Beins f\u00e4llt. Das Kleid ist aus einem cremefarbenen Stoff und hat einen schmeichelhaften V-Ausschnitt. Ein blaues Blumenmuster ist auf dem gesamten Kleid angebracht und verleiht ihm einen raffinierten und femininen Look. Dieses Kleid ist perfekt f\u00fcr festliche Anl\u00e4sse, bei denen Sie stilvoll aussehen m\u00f6chten.","og_url":"https:\/\/www.koonings.com\/de\/product\/sonia-pena-11250041a\/","og_site_name":"Koonings","article_publisher":"https:\/\/www.facebook.com\/kooningstheweddingpalace","og_image":[{"width":864,"height":1080,"url":"https:\/\/www.koonings.com\/wp-content\/uploads\/2025\/04\/49887_7d4a79fe85a612a1b3d565d478fca248b6f828502c391521cab78ebbdad386314dd32e04.png","type":"image\/png"}],"twitter_card":"summary_large_image","schema":{"@context":"https:\/\/schema.org","@graph":[{"@type":"WebPage","@id":"https:\/\/www.koonings.com\/de\/product\/sonia-pena-11250041a\/","url":"https:\/\/www.koonings.com\/de\/product\/sonia-pena-11250041a\/","name":"Sonia Pena 11250041A | Koonings","isPartOf":{"@id":"https:\/\/www.koonings.com\/de\/#website"},"primaryImageOfPage":{"@id":"https:\/\/www.koonings.com\/de\/product\/sonia-pena-11250041a\/#primaryimage"},"image":{"@id":"https:\/\/www.koonings.com\/de\/product\/sonia-pena-11250041a\/#primaryimage"},"thumbnailUrl":"https:\/\/www.koonings.com\/wp-content\/uploads\/2025\/04\/49887_7d4a79fe85a612a1b3d565d478fca248b6f828502c391521cab78ebbdad386314dd32e04.png","datePublished":"2026-04-14T14:32:29+00:00","description":"Das Sonia Pe\u00f1a Kleid Modell 1250041 ist ein elegantes Midikleid, das bis zur Mitte des Beins f\u00e4llt. Das Kleid ist aus einem cremefarbenen Stoff und hat einen schmeichelhaften V-Ausschnitt. Ein blaues Blumenmuster ist auf dem gesamten Kleid angebracht und verleiht ihm einen raffinierten und femininen Look. Dieses Kleid ist perfekt f\u00fcr festliche Anl\u00e4sse, bei denen Sie stilvoll aussehen m\u00f6chten.","breadcrumb":{"@id":"https:\/\/www.koonings.com\/de\/product\/sonia-pena-11250041a\/#breadcrumb"},"inLanguage":"de","potentialAction":[{"@type":"ReadAction","target":["https:\/\/www.koonings.com\/de\/product\/sonia-pena-11250041a\/"]}]},{"@type":"ImageObject","inLanguage":"de","@id":"https:\/\/www.koonings.com\/de\/product\/sonia-pena-11250041a\/#primaryimage","url":"https:\/\/www.koonings.com\/wp-content\/uploads\/2025\/04\/49887_7d4a79fe85a612a1b3d565d478fca248b6f828502c391521cab78ebbdad386314dd32e04.png","contentUrl":"https:\/\/www.koonings.com\/wp-content\/uploads\/2025\/04\/49887_7d4a79fe85a612a1b3d565d478fca248b6f828502c391521cab78ebbdad386314dd32e04.png","width":864,"height":1080},{"@type":"BreadcrumbList","@id":"https:\/\/www.koonings.com\/de\/product\/sonia-pena-11250041a\/#breadcrumb","itemListElement":[{"@type":"ListItem","position":1,"name":"Home","item":"https:\/\/www.koonings.com\/de\/"},{"@type":"ListItem","position":2,"name":"Sonia Pena 11250041A"}]},{"@type":"WebSite","@id":"https:\/\/www.koonings.com\/de\/#website","url":"https:\/\/www.koonings.com\/de\/","name":"Koonings","description":"De grootste bruidsmodewinkel ter wereld","publisher":{"@id":"https:\/\/www.koonings.com\/de\/#organization"},"potentialAction":[{"@type":"SearchAction","target":{"@type":"EntryPoint","urlTemplate":"https:\/\/www.koonings.com\/de\/?s={search_term_string}"},"query-input":{"@type":"PropertyValueSpecification","valueRequired":true,"valueName":"search_term_string"}}],"inLanguage":"de"},{"@type":"Organization","@id":"https:\/\/www.koonings.com\/de\/#organization","name":"Koonings","url":"https:\/\/www.koonings.com\/de\/","logo":{"@type":"ImageObject","inLanguage":"de","@id":"https:\/\/www.koonings.com\/de\/#\/schema\/logo\/image\/","url":"https:\/\/www.koonings.com\/wp-content\/uploads\/2024\/07\/logo.png","contentUrl":"https:\/\/www.koonings.com\/wp-content\/uploads\/2024\/07\/logo.png","width":600,"height":428,"caption":"Koonings"},"image":{"@id":"https:\/\/www.koonings.com\/de\/#\/schema\/logo\/image\/"},"sameAs":["https:\/\/www.facebook.com\/kooningstheweddingpalace","https:\/\/www.instagram.com\/kooningstheweddingpalace","https:\/\/www.pinterest.com\/koonings","https:\/\/www.youtube.com\/kooningstheweddingpalace"]}]}},"_links":{"self":[{"href":"https:\/\/www.koonings.com\/de\/wp-json\/wp\/v2\/product\/84803","targetHints":{"allow":["GET"]}}],"collection":[{"href":"https:\/\/www.koonings.com\/de\/wp-json\/wp\/v2\/product"}],"about":[{"href":"https:\/\/www.koonings.com\/de\/wp-json\/wp\/v2\/types\/product"}],"wp:featuredmedia":[{"embeddable":true,"href":"https:\/\/www.koonings.com\/de\/wp-json\/wp\/v2\/media\/84013"}],"wp:attachment":[{"href":"https:\/\/www.koonings.com\/de\/wp-json\/wp\/v2\/media?parent=84803"}],"wp:term":[{"taxonomy":"productdetails","embeddable":true,"href":"https:\/\/www.koonings.com\/de\/wp-json\/wp\/v2\/productdetails?post=84803"},{"taxonomy":"productneck","embeddable":true,"href":"https:\/\/www.koonings.com\/de\/wp-json\/wp\/v2\/productneck?post=84803"},{"taxonomy":"productcolor","embeddable":true,"href":"https:\/\/www.koonings.com\/de\/wp-json\/wp\/v2\/productcolor?post=84803"},{"taxonomy":"maat","embeddable":true,"href":"https:\/\/www.koonings.com\/de\/wp-json\/wp\/v2\/maat?post=84803"},{"taxonomy":"productsupplier","embeddable":true,"href":"https:\/\/www.koonings.com\/de\/wp-json\/wp\/v2\/productsupplier?post=84803"},{"taxonomy":"productsleeve","embeddable":true,"href":"https:\/\/www.koonings.com\/de\/wp-json\/wp\/v2\/productsleeve?post=84803"},{"taxonomy":"productcategory","embeddable":true,"href":"https:\/\/www.koonings.com\/de\/wp-json\/wp\/v2\/productcategory?post=84803"},{"taxonomy":"productsilhouette","embeddable":true,"href":"https:\/\/www.koonings.com\/de\/wp-json\/wp\/v2\/productsilhouette?post=84803"},{"taxonomy":"productstyle","embeddable":true,"href":"https:\/\/www.koonings.com\/de\/wp-json\/wp\/v2\/productstyle?post=84803"}],"curies":[{"name":"wp","href":"https:\/\/api.w.org\/{rel}","templated":true}]}}