{"id":84800,"date":"2026-04-14T16:32:25","date_gmt":"2026-04-14T14:32:25","guid":{"rendered":"https:\/\/www.koonings.com\/product\/sonia-pena-11250075a\/"},"modified":"2025-06-05T14:00:23","modified_gmt":"2025-06-05T12:00:23","slug":"sonia-pena-11250075a","status":"publish","type":"product","link":"https:\/\/www.koonings.com\/de\/product\/sonia-pena-11250075a\/","title":{"rendered":"Sonia Pena 11250075A"},"content":{"rendered":"<p>Das Sonia Pe\u00f1a Modell 1250075 ist ein auff\u00e4lliger roter Hosenanzug, der Eleganz und Flair ausstrahlt. Das tr\u00e4gerlose Oberteil besteht aus mehreren Lagen geschmeidigen Stoffs, was einen verspielten und luftigen Effekt erzeugt. Ein passender roter Stoffg\u00fcrtel akzentuiert die Taille und verleiht ihr einen femininen Touch. Dieses stilvolle Ensemble ist ideal f\u00fcr festliche Anl\u00e4sse, bei denen Sie ein Statement setzen m\u00f6chten.   <\/p>\n","protected":false},"featured_media":84008,"template":"","meta":{"_acf_changed":false,"ghostkit_customizer_options":"","ghostkit_custom_css":"","ghostkit_custom_js_head":"","ghostkit_custom_js_foot":"","ghostkit_typography":""},"productdetails":[],"productneck":[352],"productcolor":[394],"maat":[],"productsupplier":[493],"productsleeve":[],"productcategory":[259],"productsilhouette":[],"productstyle":[],"class_list":["post-84800","product","type-product","status-publish","has-post-thumbnail","hentry","productneck-352","productcolor-394","productsupplier-sonia-pena","productcategory-avondkleding"],"acf":[],"yoast_head":"<!-- This site is optimized with the Yoast SEO plugin v27.3 - https:\/\/yoast.com\/product\/yoast-seo-wordpress\/ -->\n<title>Sonia Pena 11250075A | Koonings<\/title>\n<meta name=\"description\" content=\"Das Sonia Pe\u00f1a Modell 1250075 ist ein auff\u00e4lliger roter Hosenanzug, der Eleganz und Flair ausstrahlt. Das tr\u00e4gerlose Oberteil besteht aus mehreren Lagen geschmeidigen Stoffs, was einen verspielten und luftigen Effekt erzeugt. Ein passender roter Stoffg\u00fcrtel akzentuiert die Taille und verleiht ihr einen femininen Touch. Dieses stilvolle Ensemble ist ideal f\u00fcr festliche Anl\u00e4sse, bei denen Sie ein Statement setzen m\u00f6chten.\" \/>\n<meta name=\"robots\" content=\"index, follow, max-snippet:-1, max-image-preview:large, max-video-preview:-1\" \/>\n<link rel=\"canonical\" href=\"https:\/\/www.koonings.com\/de\/product\/sonia-pena-11250075a\/\" \/>\n<meta property=\"og:locale\" content=\"de_DE\" \/>\n<meta property=\"og:type\" content=\"article\" \/>\n<meta property=\"og:title\" content=\"Sonia Pena 11250075A | Koonings\" \/>\n<meta property=\"og:description\" content=\"Das Sonia Pe\u00f1a Modell 1250075 ist ein auff\u00e4lliger roter Hosenanzug, der Eleganz und Flair ausstrahlt. Das tr\u00e4gerlose Oberteil besteht aus mehreren Lagen geschmeidigen Stoffs, was einen verspielten und luftigen Effekt erzeugt. Ein passender roter Stoffg\u00fcrtel akzentuiert die Taille und verleiht ihr einen femininen Touch. Dieses stilvolle Ensemble ist ideal f\u00fcr festliche Anl\u00e4sse, bei denen Sie ein Statement setzen m\u00f6chten.\" \/>\n<meta property=\"og:url\" content=\"https:\/\/www.koonings.com\/de\/product\/sonia-pena-11250075a\/\" \/>\n<meta property=\"og:site_name\" content=\"Koonings\" \/>\n<meta property=\"article:publisher\" content=\"https:\/\/www.facebook.com\/kooningstheweddingpalace\" \/>\n<meta property=\"og:image\" content=\"https:\/\/www.koonings.com\/wp-content\/uploads\/2025\/04\/49876_7a136c5978d1e9a99eb868d9eadba121f9d1759a7c96f870aa6d24f5af72377dc158a4b7.png\" \/>\n\t<meta property=\"og:image:width\" content=\"864\" \/>\n\t<meta property=\"og:image:height\" content=\"1080\" \/>\n\t<meta property=\"og:image:type\" content=\"image\/png\" \/>\n<meta name=\"twitter:card\" content=\"summary_large_image\" \/>\n<script type=\"application\/ld+json\" class=\"yoast-schema-graph\">{\"@context\":\"https:\\\/\\\/schema.org\",\"@graph\":[{\"@type\":\"WebPage\",\"@id\":\"https:\\\/\\\/www.koonings.com\\\/de\\\/product\\\/sonia-pena-11250075a\\\/\",\"url\":\"https:\\\/\\\/www.koonings.com\\\/de\\\/product\\\/sonia-pena-11250075a\\\/\",\"name\":\"Sonia Pena 11250075A | Koonings\",\"isPartOf\":{\"@id\":\"https:\\\/\\\/www.koonings.com\\\/de\\\/#website\"},\"primaryImageOfPage\":{\"@id\":\"https:\\\/\\\/www.koonings.com\\\/de\\\/product\\\/sonia-pena-11250075a\\\/#primaryimage\"},\"image\":{\"@id\":\"https:\\\/\\\/www.koonings.com\\\/de\\\/product\\\/sonia-pena-11250075a\\\/#primaryimage\"},\"thumbnailUrl\":\"https:\\\/\\\/www.koonings.com\\\/wp-content\\\/uploads\\\/2025\\\/04\\\/49876_7a136c5978d1e9a99eb868d9eadba121f9d1759a7c96f870aa6d24f5af72377dc158a4b7.png\",\"datePublished\":\"2026-04-14T14:32:25+00:00\",\"description\":\"Das Sonia Pe\u00f1a Modell 1250075 ist ein auff\u00e4lliger roter Hosenanzug, der Eleganz und Flair ausstrahlt. Das tr\u00e4gerlose Oberteil besteht aus mehreren Lagen geschmeidigen Stoffs, was einen verspielten und luftigen Effekt erzeugt. Ein passender roter Stoffg\u00fcrtel akzentuiert die Taille und verleiht ihr einen femininen Touch. Dieses stilvolle Ensemble ist ideal f\u00fcr festliche Anl\u00e4sse, bei denen Sie ein Statement setzen m\u00f6chten.\",\"breadcrumb\":{\"@id\":\"https:\\\/\\\/www.koonings.com\\\/de\\\/product\\\/sonia-pena-11250075a\\\/#breadcrumb\"},\"inLanguage\":\"de\",\"potentialAction\":[{\"@type\":\"ReadAction\",\"target\":[\"https:\\\/\\\/www.koonings.com\\\/de\\\/product\\\/sonia-pena-11250075a\\\/\"]}]},{\"@type\":\"ImageObject\",\"inLanguage\":\"de\",\"@id\":\"https:\\\/\\\/www.koonings.com\\\/de\\\/product\\\/sonia-pena-11250075a\\\/#primaryimage\",\"url\":\"https:\\\/\\\/www.koonings.com\\\/wp-content\\\/uploads\\\/2025\\\/04\\\/49876_7a136c5978d1e9a99eb868d9eadba121f9d1759a7c96f870aa6d24f5af72377dc158a4b7.png\",\"contentUrl\":\"https:\\\/\\\/www.koonings.com\\\/wp-content\\\/uploads\\\/2025\\\/04\\\/49876_7a136c5978d1e9a99eb868d9eadba121f9d1759a7c96f870aa6d24f5af72377dc158a4b7.png\",\"width\":864,\"height\":1080},{\"@type\":\"BreadcrumbList\",\"@id\":\"https:\\\/\\\/www.koonings.com\\\/de\\\/product\\\/sonia-pena-11250075a\\\/#breadcrumb\",\"itemListElement\":[{\"@type\":\"ListItem\",\"position\":1,\"name\":\"Home\",\"item\":\"https:\\\/\\\/www.koonings.com\\\/de\\\/\"},{\"@type\":\"ListItem\",\"position\":2,\"name\":\"Sonia Pena 11250075A\"}]},{\"@type\":\"WebSite\",\"@id\":\"https:\\\/\\\/www.koonings.com\\\/de\\\/#website\",\"url\":\"https:\\\/\\\/www.koonings.com\\\/de\\\/\",\"name\":\"Koonings\",\"description\":\"De grootste bruidsmodewinkel ter wereld\",\"publisher\":{\"@id\":\"https:\\\/\\\/www.koonings.com\\\/de\\\/#organization\"},\"potentialAction\":[{\"@type\":\"SearchAction\",\"target\":{\"@type\":\"EntryPoint\",\"urlTemplate\":\"https:\\\/\\\/www.koonings.com\\\/de\\\/?s={search_term_string}\"},\"query-input\":{\"@type\":\"PropertyValueSpecification\",\"valueRequired\":true,\"valueName\":\"search_term_string\"}}],\"inLanguage\":\"de\"},{\"@type\":\"Organization\",\"@id\":\"https:\\\/\\\/www.koonings.com\\\/de\\\/#organization\",\"name\":\"Koonings\",\"url\":\"https:\\\/\\\/www.koonings.com\\\/de\\\/\",\"logo\":{\"@type\":\"ImageObject\",\"inLanguage\":\"de\",\"@id\":\"https:\\\/\\\/www.koonings.com\\\/de\\\/#\\\/schema\\\/logo\\\/image\\\/\",\"url\":\"https:\\\/\\\/www.koonings.com\\\/wp-content\\\/uploads\\\/2024\\\/07\\\/logo.png\",\"contentUrl\":\"https:\\\/\\\/www.koonings.com\\\/wp-content\\\/uploads\\\/2024\\\/07\\\/logo.png\",\"width\":600,\"height\":428,\"caption\":\"Koonings\"},\"image\":{\"@id\":\"https:\\\/\\\/www.koonings.com\\\/de\\\/#\\\/schema\\\/logo\\\/image\\\/\"},\"sameAs\":[\"https:\\\/\\\/www.facebook.com\\\/kooningstheweddingpalace\",\"https:\\\/\\\/www.instagram.com\\\/kooningstheweddingpalace\",\"https:\\\/\\\/www.pinterest.com\\\/koonings\",\"https:\\\/\\\/www.youtube.com\\\/kooningstheweddingpalace\"]}]}<\/script>\n<!-- \/ Yoast SEO plugin. -->","yoast_head_json":{"title":"Sonia Pena 11250075A | Koonings","description":"Das Sonia Pe\u00f1a Modell 1250075 ist ein auff\u00e4lliger roter Hosenanzug, der Eleganz und Flair ausstrahlt. Das tr\u00e4gerlose Oberteil besteht aus mehreren Lagen geschmeidigen Stoffs, was einen verspielten und luftigen Effekt erzeugt. Ein passender roter Stoffg\u00fcrtel akzentuiert die Taille und verleiht ihr einen femininen Touch. Dieses stilvolle Ensemble ist ideal f\u00fcr festliche Anl\u00e4sse, bei denen Sie ein Statement setzen m\u00f6chten.","robots":{"index":"index","follow":"follow","max-snippet":"max-snippet:-1","max-image-preview":"max-image-preview:large","max-video-preview":"max-video-preview:-1"},"canonical":"https:\/\/www.koonings.com\/de\/product\/sonia-pena-11250075a\/","og_locale":"de_DE","og_type":"article","og_title":"Sonia Pena 11250075A | Koonings","og_description":"Das Sonia Pe\u00f1a Modell 1250075 ist ein auff\u00e4lliger roter Hosenanzug, der Eleganz und Flair ausstrahlt. Das tr\u00e4gerlose Oberteil besteht aus mehreren Lagen geschmeidigen Stoffs, was einen verspielten und luftigen Effekt erzeugt. Ein passender roter Stoffg\u00fcrtel akzentuiert die Taille und verleiht ihr einen femininen Touch. Dieses stilvolle Ensemble ist ideal f\u00fcr festliche Anl\u00e4sse, bei denen Sie ein Statement setzen m\u00f6chten.","og_url":"https:\/\/www.koonings.com\/de\/product\/sonia-pena-11250075a\/","og_site_name":"Koonings","article_publisher":"https:\/\/www.facebook.com\/kooningstheweddingpalace","og_image":[{"width":864,"height":1080,"url":"https:\/\/www.koonings.com\/wp-content\/uploads\/2025\/04\/49876_7a136c5978d1e9a99eb868d9eadba121f9d1759a7c96f870aa6d24f5af72377dc158a4b7.png","type":"image\/png"}],"twitter_card":"summary_large_image","schema":{"@context":"https:\/\/schema.org","@graph":[{"@type":"WebPage","@id":"https:\/\/www.koonings.com\/de\/product\/sonia-pena-11250075a\/","url":"https:\/\/www.koonings.com\/de\/product\/sonia-pena-11250075a\/","name":"Sonia Pena 11250075A | Koonings","isPartOf":{"@id":"https:\/\/www.koonings.com\/de\/#website"},"primaryImageOfPage":{"@id":"https:\/\/www.koonings.com\/de\/product\/sonia-pena-11250075a\/#primaryimage"},"image":{"@id":"https:\/\/www.koonings.com\/de\/product\/sonia-pena-11250075a\/#primaryimage"},"thumbnailUrl":"https:\/\/www.koonings.com\/wp-content\/uploads\/2025\/04\/49876_7a136c5978d1e9a99eb868d9eadba121f9d1759a7c96f870aa6d24f5af72377dc158a4b7.png","datePublished":"2026-04-14T14:32:25+00:00","description":"Das Sonia Pe\u00f1a Modell 1250075 ist ein auff\u00e4lliger roter Hosenanzug, der Eleganz und Flair ausstrahlt. Das tr\u00e4gerlose Oberteil besteht aus mehreren Lagen geschmeidigen Stoffs, was einen verspielten und luftigen Effekt erzeugt. Ein passender roter Stoffg\u00fcrtel akzentuiert die Taille und verleiht ihr einen femininen Touch. Dieses stilvolle Ensemble ist ideal f\u00fcr festliche Anl\u00e4sse, bei denen Sie ein Statement setzen m\u00f6chten.","breadcrumb":{"@id":"https:\/\/www.koonings.com\/de\/product\/sonia-pena-11250075a\/#breadcrumb"},"inLanguage":"de","potentialAction":[{"@type":"ReadAction","target":["https:\/\/www.koonings.com\/de\/product\/sonia-pena-11250075a\/"]}]},{"@type":"ImageObject","inLanguage":"de","@id":"https:\/\/www.koonings.com\/de\/product\/sonia-pena-11250075a\/#primaryimage","url":"https:\/\/www.koonings.com\/wp-content\/uploads\/2025\/04\/49876_7a136c5978d1e9a99eb868d9eadba121f9d1759a7c96f870aa6d24f5af72377dc158a4b7.png","contentUrl":"https:\/\/www.koonings.com\/wp-content\/uploads\/2025\/04\/49876_7a136c5978d1e9a99eb868d9eadba121f9d1759a7c96f870aa6d24f5af72377dc158a4b7.png","width":864,"height":1080},{"@type":"BreadcrumbList","@id":"https:\/\/www.koonings.com\/de\/product\/sonia-pena-11250075a\/#breadcrumb","itemListElement":[{"@type":"ListItem","position":1,"name":"Home","item":"https:\/\/www.koonings.com\/de\/"},{"@type":"ListItem","position":2,"name":"Sonia Pena 11250075A"}]},{"@type":"WebSite","@id":"https:\/\/www.koonings.com\/de\/#website","url":"https:\/\/www.koonings.com\/de\/","name":"Koonings","description":"De grootste bruidsmodewinkel ter wereld","publisher":{"@id":"https:\/\/www.koonings.com\/de\/#organization"},"potentialAction":[{"@type":"SearchAction","target":{"@type":"EntryPoint","urlTemplate":"https:\/\/www.koonings.com\/de\/?s={search_term_string}"},"query-input":{"@type":"PropertyValueSpecification","valueRequired":true,"valueName":"search_term_string"}}],"inLanguage":"de"},{"@type":"Organization","@id":"https:\/\/www.koonings.com\/de\/#organization","name":"Koonings","url":"https:\/\/www.koonings.com\/de\/","logo":{"@type":"ImageObject","inLanguage":"de","@id":"https:\/\/www.koonings.com\/de\/#\/schema\/logo\/image\/","url":"https:\/\/www.koonings.com\/wp-content\/uploads\/2024\/07\/logo.png","contentUrl":"https:\/\/www.koonings.com\/wp-content\/uploads\/2024\/07\/logo.png","width":600,"height":428,"caption":"Koonings"},"image":{"@id":"https:\/\/www.koonings.com\/de\/#\/schema\/logo\/image\/"},"sameAs":["https:\/\/www.facebook.com\/kooningstheweddingpalace","https:\/\/www.instagram.com\/kooningstheweddingpalace","https:\/\/www.pinterest.com\/koonings","https:\/\/www.youtube.com\/kooningstheweddingpalace"]}]}},"_links":{"self":[{"href":"https:\/\/www.koonings.com\/de\/wp-json\/wp\/v2\/product\/84800","targetHints":{"allow":["GET"]}}],"collection":[{"href":"https:\/\/www.koonings.com\/de\/wp-json\/wp\/v2\/product"}],"about":[{"href":"https:\/\/www.koonings.com\/de\/wp-json\/wp\/v2\/types\/product"}],"wp:featuredmedia":[{"embeddable":true,"href":"https:\/\/www.koonings.com\/de\/wp-json\/wp\/v2\/media\/84008"}],"wp:attachment":[{"href":"https:\/\/www.koonings.com\/de\/wp-json\/wp\/v2\/media?parent=84800"}],"wp:term":[{"taxonomy":"productdetails","embeddable":true,"href":"https:\/\/www.koonings.com\/de\/wp-json\/wp\/v2\/productdetails?post=84800"},{"taxonomy":"productneck","embeddable":true,"href":"https:\/\/www.koonings.com\/de\/wp-json\/wp\/v2\/productneck?post=84800"},{"taxonomy":"productcolor","embeddable":true,"href":"https:\/\/www.koonings.com\/de\/wp-json\/wp\/v2\/productcolor?post=84800"},{"taxonomy":"maat","embeddable":true,"href":"https:\/\/www.koonings.com\/de\/wp-json\/wp\/v2\/maat?post=84800"},{"taxonomy":"productsupplier","embeddable":true,"href":"https:\/\/www.koonings.com\/de\/wp-json\/wp\/v2\/productsupplier?post=84800"},{"taxonomy":"productsleeve","embeddable":true,"href":"https:\/\/www.koonings.com\/de\/wp-json\/wp\/v2\/productsleeve?post=84800"},{"taxonomy":"productcategory","embeddable":true,"href":"https:\/\/www.koonings.com\/de\/wp-json\/wp\/v2\/productcategory?post=84800"},{"taxonomy":"productsilhouette","embeddable":true,"href":"https:\/\/www.koonings.com\/de\/wp-json\/wp\/v2\/productsilhouette?post=84800"},{"taxonomy":"productstyle","embeddable":true,"href":"https:\/\/www.koonings.com\/de\/wp-json\/wp\/v2\/productstyle?post=84800"}],"curies":[{"name":"wp","href":"https:\/\/api.w.org\/{rel}","templated":true}]}}