{"id":84756,"date":"2026-04-14T16:08:14","date_gmt":"2026-04-14T14:08:14","guid":{"rendered":"https:\/\/www.koonings.com\/product\/abrazi-k1s-so\/"},"modified":"2026-02-16T15:18:46","modified_gmt":"2026-02-16T14:18:46","slug":"abrazi-k1s-so","status":"publish","type":"product","link":"https:\/\/www.koonings.com\/de\/product\/abrazi-k1s-so\/","title":{"rendered":"Abrazi K1S-SO"},"content":{"rendered":"<p>Die Soraya Halskette ist ein Klassiker von Abrazi, eine schicke und doch moderne Halskette f\u00fcr die Braut. Ein einzelner Kristallanh\u00e4nger an einer dezenten Gliederkette aus 925er Sterlingsilber. Einfach mit anderem Schmuck zu kombinieren und an Ihrem Hochzeitstag zu tragen. Die Soraya Halskette ist mit einer Rhodium-, 14-kar\u00e4tigen Gold- oder Ros\u00e9gold-Beschichtung und in zwei L\u00e4ngen erh\u00e4ltlich: 42 cm und 50 cm.   <\/p>\n","protected":false},"featured_media":84524,"template":"","meta":{"_acf_changed":false,"ghostkit_customizer_options":"","ghostkit_custom_css":"","ghostkit_custom_js_head":"","ghostkit_custom_js_foot":"","ghostkit_typography":""},"productdetails":[],"productneck":[],"productcolor":[],"maat":[],"productsupplier":[510],"productsleeve":[],"productcategory":[511],"productsilhouette":[],"productstyle":[],"class_list":["post-84756","product","type-product","status-publish","has-post-thumbnail","hentry","productsupplier-abrazi","productcategory-sieraden"],"acf":[],"yoast_head":"<!-- This site is optimized with the Yoast SEO plugin v27.3 - https:\/\/yoast.com\/product\/yoast-seo-wordpress\/ -->\n<title>Abrazi K1S-SO | Koonings<\/title>\n<meta name=\"description\" content=\"Die Soraya Halskette ist ein Klassiker von Abrazi, eine schicke und doch moderne Halskette f\u00fcr die Braut. Ein einzelner Kristallanh\u00e4nger an einer dezenten Gliederkette aus 925er Sterlingsilber. Einfach mit anderem Schmuck zu kombinieren und an Ihrem Hochzeitstag zu tragen. Die Soraya Halskette ist mit einer Rhodium-, 14-kar\u00e4tigen Gold- oder Ros\u00e9gold-Beschichtung und in zwei L\u00e4ngen erh\u00e4ltlich: 42 cm und 50 cm.\" \/>\n<meta name=\"robots\" content=\"index, follow, max-snippet:-1, max-image-preview:large, max-video-preview:-1\" \/>\n<link rel=\"canonical\" href=\"https:\/\/www.koonings.com\/de\/product\/abrazi-k1s-so\/\" \/>\n<meta property=\"og:locale\" content=\"de_DE\" \/>\n<meta property=\"og:type\" content=\"article\" \/>\n<meta property=\"og:title\" content=\"Abrazi K1S-SO | Koonings\" \/>\n<meta property=\"og:description\" content=\"Die Soraya Halskette ist ein Klassiker von Abrazi, eine schicke und doch moderne Halskette f\u00fcr die Braut. Ein einzelner Kristallanh\u00e4nger an einer dezenten Gliederkette aus 925er Sterlingsilber. Einfach mit anderem Schmuck zu kombinieren und an Ihrem Hochzeitstag zu tragen. Die Soraya Halskette ist mit einer Rhodium-, 14-kar\u00e4tigen Gold- oder Ros\u00e9gold-Beschichtung und in zwei L\u00e4ngen erh\u00e4ltlich: 42 cm und 50 cm.\" \/>\n<meta property=\"og:url\" content=\"https:\/\/www.koonings.com\/de\/product\/abrazi-k1s-so\/\" \/>\n<meta property=\"og:site_name\" content=\"Koonings\" \/>\n<meta property=\"article:publisher\" content=\"https:\/\/www.facebook.com\/kooningstheweddingpalace\" \/>\n<meta property=\"og:image\" content=\"https:\/\/www.koonings.com\/wp-content\/uploads\/2025\/04\/37104_4377409d5950ea02b69f0522edacecc6f80f1147d5fe5c819d5c7e8b6b7cfc8273f064ae.jpeg\" \/>\n\t<meta property=\"og:image:width\" content=\"1333\" \/>\n\t<meta property=\"og:image:height\" content=\"2000\" \/>\n\t<meta property=\"og:image:type\" content=\"image\/jpeg\" \/>\n<meta name=\"twitter:card\" content=\"summary_large_image\" \/>\n<script type=\"application\/ld+json\" class=\"yoast-schema-graph\">{\"@context\":\"https:\\\/\\\/schema.org\",\"@graph\":[{\"@type\":\"WebPage\",\"@id\":\"https:\\\/\\\/www.koonings.com\\\/de\\\/product\\\/abrazi-k1s-so\\\/\",\"url\":\"https:\\\/\\\/www.koonings.com\\\/de\\\/product\\\/abrazi-k1s-so\\\/\",\"name\":\"Abrazi K1S-SO | Koonings\",\"isPartOf\":{\"@id\":\"https:\\\/\\\/www.koonings.com\\\/de\\\/#website\"},\"primaryImageOfPage\":{\"@id\":\"https:\\\/\\\/www.koonings.com\\\/de\\\/product\\\/abrazi-k1s-so\\\/#primaryimage\"},\"image\":{\"@id\":\"https:\\\/\\\/www.koonings.com\\\/de\\\/product\\\/abrazi-k1s-so\\\/#primaryimage\"},\"thumbnailUrl\":\"https:\\\/\\\/www.koonings.com\\\/wp-content\\\/uploads\\\/2025\\\/04\\\/37104_4377409d5950ea02b69f0522edacecc6f80f1147d5fe5c819d5c7e8b6b7cfc8273f064ae.jpeg\",\"datePublished\":\"2026-04-14T14:08:14+00:00\",\"description\":\"Die Soraya Halskette ist ein Klassiker von Abrazi, eine schicke und doch moderne Halskette f\u00fcr die Braut. Ein einzelner Kristallanh\u00e4nger an einer dezenten Gliederkette aus 925er Sterlingsilber. Einfach mit anderem Schmuck zu kombinieren und an Ihrem Hochzeitstag zu tragen. Die Soraya Halskette ist mit einer Rhodium-, 14-kar\u00e4tigen Gold- oder Ros\u00e9gold-Beschichtung und in zwei L\u00e4ngen erh\u00e4ltlich: 42 cm und 50 cm.\",\"breadcrumb\":{\"@id\":\"https:\\\/\\\/www.koonings.com\\\/de\\\/product\\\/abrazi-k1s-so\\\/#breadcrumb\"},\"inLanguage\":\"de\",\"potentialAction\":[{\"@type\":\"ReadAction\",\"target\":[\"https:\\\/\\\/www.koonings.com\\\/de\\\/product\\\/abrazi-k1s-so\\\/\"]}]},{\"@type\":\"ImageObject\",\"inLanguage\":\"de\",\"@id\":\"https:\\\/\\\/www.koonings.com\\\/de\\\/product\\\/abrazi-k1s-so\\\/#primaryimage\",\"url\":\"https:\\\/\\\/www.koonings.com\\\/wp-content\\\/uploads\\\/2025\\\/04\\\/37104_4377409d5950ea02b69f0522edacecc6f80f1147d5fe5c819d5c7e8b6b7cfc8273f064ae.jpeg\",\"contentUrl\":\"https:\\\/\\\/www.koonings.com\\\/wp-content\\\/uploads\\\/2025\\\/04\\\/37104_4377409d5950ea02b69f0522edacecc6f80f1147d5fe5c819d5c7e8b6b7cfc8273f064ae.jpeg\",\"width\":1333,\"height\":2000},{\"@type\":\"BreadcrumbList\",\"@id\":\"https:\\\/\\\/www.koonings.com\\\/de\\\/product\\\/abrazi-k1s-so\\\/#breadcrumb\",\"itemListElement\":[{\"@type\":\"ListItem\",\"position\":1,\"name\":\"Home\",\"item\":\"https:\\\/\\\/www.koonings.com\\\/de\\\/\"},{\"@type\":\"ListItem\",\"position\":2,\"name\":\"Abrazi K1S-SO\"}]},{\"@type\":\"WebSite\",\"@id\":\"https:\\\/\\\/www.koonings.com\\\/de\\\/#website\",\"url\":\"https:\\\/\\\/www.koonings.com\\\/de\\\/\",\"name\":\"Koonings\",\"description\":\"De grootste bruidsmodewinkel ter wereld\",\"publisher\":{\"@id\":\"https:\\\/\\\/www.koonings.com\\\/de\\\/#organization\"},\"potentialAction\":[{\"@type\":\"SearchAction\",\"target\":{\"@type\":\"EntryPoint\",\"urlTemplate\":\"https:\\\/\\\/www.koonings.com\\\/de\\\/?s={search_term_string}\"},\"query-input\":{\"@type\":\"PropertyValueSpecification\",\"valueRequired\":true,\"valueName\":\"search_term_string\"}}],\"inLanguage\":\"de\"},{\"@type\":\"Organization\",\"@id\":\"https:\\\/\\\/www.koonings.com\\\/de\\\/#organization\",\"name\":\"Koonings\",\"url\":\"https:\\\/\\\/www.koonings.com\\\/de\\\/\",\"logo\":{\"@type\":\"ImageObject\",\"inLanguage\":\"de\",\"@id\":\"https:\\\/\\\/www.koonings.com\\\/de\\\/#\\\/schema\\\/logo\\\/image\\\/\",\"url\":\"https:\\\/\\\/www.koonings.com\\\/wp-content\\\/uploads\\\/2024\\\/07\\\/logo.png\",\"contentUrl\":\"https:\\\/\\\/www.koonings.com\\\/wp-content\\\/uploads\\\/2024\\\/07\\\/logo.png\",\"width\":600,\"height\":428,\"caption\":\"Koonings\"},\"image\":{\"@id\":\"https:\\\/\\\/www.koonings.com\\\/de\\\/#\\\/schema\\\/logo\\\/image\\\/\"},\"sameAs\":[\"https:\\\/\\\/www.facebook.com\\\/kooningstheweddingpalace\",\"https:\\\/\\\/www.instagram.com\\\/kooningstheweddingpalace\",\"https:\\\/\\\/www.pinterest.com\\\/koonings\",\"https:\\\/\\\/www.youtube.com\\\/kooningstheweddingpalace\"]}]}<\/script>\n<!-- \/ Yoast SEO plugin. -->","yoast_head_json":{"title":"Abrazi K1S-SO | Koonings","description":"Die Soraya Halskette ist ein Klassiker von Abrazi, eine schicke und doch moderne Halskette f\u00fcr die Braut. Ein einzelner Kristallanh\u00e4nger an einer dezenten Gliederkette aus 925er Sterlingsilber. Einfach mit anderem Schmuck zu kombinieren und an Ihrem Hochzeitstag zu tragen. Die Soraya Halskette ist mit einer Rhodium-, 14-kar\u00e4tigen Gold- oder Ros\u00e9gold-Beschichtung und in zwei L\u00e4ngen erh\u00e4ltlich: 42 cm und 50 cm.","robots":{"index":"index","follow":"follow","max-snippet":"max-snippet:-1","max-image-preview":"max-image-preview:large","max-video-preview":"max-video-preview:-1"},"canonical":"https:\/\/www.koonings.com\/de\/product\/abrazi-k1s-so\/","og_locale":"de_DE","og_type":"article","og_title":"Abrazi K1S-SO | Koonings","og_description":"Die Soraya Halskette ist ein Klassiker von Abrazi, eine schicke und doch moderne Halskette f\u00fcr die Braut. Ein einzelner Kristallanh\u00e4nger an einer dezenten Gliederkette aus 925er Sterlingsilber. Einfach mit anderem Schmuck zu kombinieren und an Ihrem Hochzeitstag zu tragen. Die Soraya Halskette ist mit einer Rhodium-, 14-kar\u00e4tigen Gold- oder Ros\u00e9gold-Beschichtung und in zwei L\u00e4ngen erh\u00e4ltlich: 42 cm und 50 cm.","og_url":"https:\/\/www.koonings.com\/de\/product\/abrazi-k1s-so\/","og_site_name":"Koonings","article_publisher":"https:\/\/www.facebook.com\/kooningstheweddingpalace","og_image":[{"width":1333,"height":2000,"url":"https:\/\/www.koonings.com\/wp-content\/uploads\/2025\/04\/37104_4377409d5950ea02b69f0522edacecc6f80f1147d5fe5c819d5c7e8b6b7cfc8273f064ae.jpeg","type":"image\/jpeg"}],"twitter_card":"summary_large_image","schema":{"@context":"https:\/\/schema.org","@graph":[{"@type":"WebPage","@id":"https:\/\/www.koonings.com\/de\/product\/abrazi-k1s-so\/","url":"https:\/\/www.koonings.com\/de\/product\/abrazi-k1s-so\/","name":"Abrazi K1S-SO | Koonings","isPartOf":{"@id":"https:\/\/www.koonings.com\/de\/#website"},"primaryImageOfPage":{"@id":"https:\/\/www.koonings.com\/de\/product\/abrazi-k1s-so\/#primaryimage"},"image":{"@id":"https:\/\/www.koonings.com\/de\/product\/abrazi-k1s-so\/#primaryimage"},"thumbnailUrl":"https:\/\/www.koonings.com\/wp-content\/uploads\/2025\/04\/37104_4377409d5950ea02b69f0522edacecc6f80f1147d5fe5c819d5c7e8b6b7cfc8273f064ae.jpeg","datePublished":"2026-04-14T14:08:14+00:00","description":"Die Soraya Halskette ist ein Klassiker von Abrazi, eine schicke und doch moderne Halskette f\u00fcr die Braut. Ein einzelner Kristallanh\u00e4nger an einer dezenten Gliederkette aus 925er Sterlingsilber. Einfach mit anderem Schmuck zu kombinieren und an Ihrem Hochzeitstag zu tragen. Die Soraya Halskette ist mit einer Rhodium-, 14-kar\u00e4tigen Gold- oder Ros\u00e9gold-Beschichtung und in zwei L\u00e4ngen erh\u00e4ltlich: 42 cm und 50 cm.","breadcrumb":{"@id":"https:\/\/www.koonings.com\/de\/product\/abrazi-k1s-so\/#breadcrumb"},"inLanguage":"de","potentialAction":[{"@type":"ReadAction","target":["https:\/\/www.koonings.com\/de\/product\/abrazi-k1s-so\/"]}]},{"@type":"ImageObject","inLanguage":"de","@id":"https:\/\/www.koonings.com\/de\/product\/abrazi-k1s-so\/#primaryimage","url":"https:\/\/www.koonings.com\/wp-content\/uploads\/2025\/04\/37104_4377409d5950ea02b69f0522edacecc6f80f1147d5fe5c819d5c7e8b6b7cfc8273f064ae.jpeg","contentUrl":"https:\/\/www.koonings.com\/wp-content\/uploads\/2025\/04\/37104_4377409d5950ea02b69f0522edacecc6f80f1147d5fe5c819d5c7e8b6b7cfc8273f064ae.jpeg","width":1333,"height":2000},{"@type":"BreadcrumbList","@id":"https:\/\/www.koonings.com\/de\/product\/abrazi-k1s-so\/#breadcrumb","itemListElement":[{"@type":"ListItem","position":1,"name":"Home","item":"https:\/\/www.koonings.com\/de\/"},{"@type":"ListItem","position":2,"name":"Abrazi K1S-SO"}]},{"@type":"WebSite","@id":"https:\/\/www.koonings.com\/de\/#website","url":"https:\/\/www.koonings.com\/de\/","name":"Koonings","description":"De grootste bruidsmodewinkel ter wereld","publisher":{"@id":"https:\/\/www.koonings.com\/de\/#organization"},"potentialAction":[{"@type":"SearchAction","target":{"@type":"EntryPoint","urlTemplate":"https:\/\/www.koonings.com\/de\/?s={search_term_string}"},"query-input":{"@type":"PropertyValueSpecification","valueRequired":true,"valueName":"search_term_string"}}],"inLanguage":"de"},{"@type":"Organization","@id":"https:\/\/www.koonings.com\/de\/#organization","name":"Koonings","url":"https:\/\/www.koonings.com\/de\/","logo":{"@type":"ImageObject","inLanguage":"de","@id":"https:\/\/www.koonings.com\/de\/#\/schema\/logo\/image\/","url":"https:\/\/www.koonings.com\/wp-content\/uploads\/2024\/07\/logo.png","contentUrl":"https:\/\/www.koonings.com\/wp-content\/uploads\/2024\/07\/logo.png","width":600,"height":428,"caption":"Koonings"},"image":{"@id":"https:\/\/www.koonings.com\/de\/#\/schema\/logo\/image\/"},"sameAs":["https:\/\/www.facebook.com\/kooningstheweddingpalace","https:\/\/www.instagram.com\/kooningstheweddingpalace","https:\/\/www.pinterest.com\/koonings","https:\/\/www.youtube.com\/kooningstheweddingpalace"]}]}},"_links":{"self":[{"href":"https:\/\/www.koonings.com\/de\/wp-json\/wp\/v2\/product\/84756","targetHints":{"allow":["GET"]}}],"collection":[{"href":"https:\/\/www.koonings.com\/de\/wp-json\/wp\/v2\/product"}],"about":[{"href":"https:\/\/www.koonings.com\/de\/wp-json\/wp\/v2\/types\/product"}],"wp:featuredmedia":[{"embeddable":true,"href":"https:\/\/www.koonings.com\/de\/wp-json\/wp\/v2\/media\/84524"}],"wp:attachment":[{"href":"https:\/\/www.koonings.com\/de\/wp-json\/wp\/v2\/media?parent=84756"}],"wp:term":[{"taxonomy":"productdetails","embeddable":true,"href":"https:\/\/www.koonings.com\/de\/wp-json\/wp\/v2\/productdetails?post=84756"},{"taxonomy":"productneck","embeddable":true,"href":"https:\/\/www.koonings.com\/de\/wp-json\/wp\/v2\/productneck?post=84756"},{"taxonomy":"productcolor","embeddable":true,"href":"https:\/\/www.koonings.com\/de\/wp-json\/wp\/v2\/productcolor?post=84756"},{"taxonomy":"maat","embeddable":true,"href":"https:\/\/www.koonings.com\/de\/wp-json\/wp\/v2\/maat?post=84756"},{"taxonomy":"productsupplier","embeddable":true,"href":"https:\/\/www.koonings.com\/de\/wp-json\/wp\/v2\/productsupplier?post=84756"},{"taxonomy":"productsleeve","embeddable":true,"href":"https:\/\/www.koonings.com\/de\/wp-json\/wp\/v2\/productsleeve?post=84756"},{"taxonomy":"productcategory","embeddable":true,"href":"https:\/\/www.koonings.com\/de\/wp-json\/wp\/v2\/productcategory?post=84756"},{"taxonomy":"productsilhouette","embeddable":true,"href":"https:\/\/www.koonings.com\/de\/wp-json\/wp\/v2\/productsilhouette?post=84756"},{"taxonomy":"productstyle","embeddable":true,"href":"https:\/\/www.koonings.com\/de\/wp-json\/wp\/v2\/productstyle?post=84756"}],"curies":[{"name":"wp","href":"https:\/\/api.w.org\/{rel}","templated":true}]}}