{"id":84751,"date":"2025-12-15T00:16:50","date_gmt":"2025-12-14T23:16:50","guid":{"rendered":"https:\/\/www.koonings.com\/product\/abrazi-o7-tmp-2\/"},"modified":"2026-02-03T20:24:33","modified_gmt":"2026-02-03T19:24:33","slug":"abrazi-o7-tmp-2","status":"publish","type":"product","link":"https:\/\/www.koonings.com\/de\/product\/abrazi-o7-tmp-2\/","title":{"rendered":"Abrazi O7-TMP"},"content":{"rendered":"<p>Die eleganten Rosaline F\u00e4dler enthalten eine Reihe kleiner Perlen und sind perfekt f\u00fcr die moderne Braut. Sie sind etwas verspielter als die Maren Ohrringe und daher eine gute Wahl, wenn Sie nach einem weniger klassischen Look suchen. Der Haken in der Mitte des Einf\u00e4dlers sorgt daf\u00fcr, dass die Ohrringe sicher an ihrem Platz bleiben. Die Rosaline Ohrringe sind in 14-kar\u00e4tiger Gold- und Rhodiumbeschichtung erh\u00e4ltlich.   <\/p>\n","protected":false},"featured_media":84473,"template":"","meta":{"_acf_changed":false,"ghostkit_customizer_options":"","ghostkit_custom_css":"","ghostkit_custom_js_head":"","ghostkit_custom_js_foot":"","ghostkit_typography":""},"productdetails":[],"productneck":[],"productcolor":[],"maat":[],"productsupplier":[510],"productsleeve":[],"productcategory":[511],"productsilhouette":[],"productstyle":[],"class_list":["post-84751","product","type-product","status-publish","has-post-thumbnail","hentry","productsupplier-abrazi","productcategory-sieraden"],"acf":[],"yoast_head":"<!-- This site is optimized with the Yoast SEO plugin v27.3 - https:\/\/yoast.com\/product\/yoast-seo-wordpress\/ -->\n<title>Abrazi O7-TMP | Koonings<\/title>\n<meta name=\"description\" content=\"Die eleganten Rosaline F\u00e4dler enthalten eine Reihe kleiner Perlen und sind perfekt f\u00fcr die moderne Braut. Sie sind etwas verspielter als die Maren Ohrringe und daher eine gute Wahl, wenn Sie nach einem weniger klassischen Look suchen. Der Haken in der Mitte des Einf\u00e4dlers sorgt daf\u00fcr, dass die Ohrringe sicher an ihrem Platz bleiben. Die Rosaline Ohrringe sind in 14-kar\u00e4tiger Gold- und Rhodiumbeschichtung erh\u00e4ltlich.\" \/>\n<meta name=\"robots\" content=\"index, follow, max-snippet:-1, max-image-preview:large, max-video-preview:-1\" \/>\n<link rel=\"canonical\" href=\"https:\/\/www.koonings.com\/de\/product\/abrazi-o7-tmp-2\/\" \/>\n<meta property=\"og:locale\" content=\"de_DE\" \/>\n<meta property=\"og:type\" content=\"article\" \/>\n<meta property=\"og:title\" content=\"Abrazi O7-TMP | Koonings\" \/>\n<meta property=\"og:description\" content=\"Die eleganten Rosaline F\u00e4dler enthalten eine Reihe kleiner Perlen und sind perfekt f\u00fcr die moderne Braut. Sie sind etwas verspielter als die Maren Ohrringe und daher eine gute Wahl, wenn Sie nach einem weniger klassischen Look suchen. Der Haken in der Mitte des Einf\u00e4dlers sorgt daf\u00fcr, dass die Ohrringe sicher an ihrem Platz bleiben. Die Rosaline Ohrringe sind in 14-kar\u00e4tiger Gold- und Rhodiumbeschichtung erh\u00e4ltlich.\" \/>\n<meta property=\"og:url\" content=\"https:\/\/www.koonings.com\/de\/product\/abrazi-o7-tmp-2\/\" \/>\n<meta property=\"og:site_name\" content=\"Koonings\" \/>\n<meta property=\"article:publisher\" content=\"https:\/\/www.facebook.com\/kooningstheweddingpalace\" \/>\n<meta property=\"article:modified_time\" content=\"2026-02-03T19:24:33+00:00\" \/>\n<meta property=\"og:image\" content=\"https:\/\/www.koonings.com\/wp-content\/uploads\/2025\/04\/39070_3dcc33ad391c454a62bdae92c4eb96eefb39022ba0cc4c0644e21b21ae3c92baa34e7295.jpeg\" \/>\n\t<meta property=\"og:image:width\" content=\"1334\" \/>\n\t<meta property=\"og:image:height\" content=\"2000\" \/>\n\t<meta property=\"og:image:type\" content=\"image\/jpeg\" \/>\n<meta name=\"twitter:card\" content=\"summary_large_image\" \/>\n<script type=\"application\/ld+json\" class=\"yoast-schema-graph\">{\"@context\":\"https:\\\/\\\/schema.org\",\"@graph\":[{\"@type\":\"WebPage\",\"@id\":\"https:\\\/\\\/www.koonings.com\\\/de\\\/product\\\/abrazi-o7-tmp-2\\\/\",\"url\":\"https:\\\/\\\/www.koonings.com\\\/de\\\/product\\\/abrazi-o7-tmp-2\\\/\",\"name\":\"Abrazi O7-TMP | Koonings\",\"isPartOf\":{\"@id\":\"https:\\\/\\\/www.koonings.com\\\/de\\\/#website\"},\"primaryImageOfPage\":{\"@id\":\"https:\\\/\\\/www.koonings.com\\\/de\\\/product\\\/abrazi-o7-tmp-2\\\/#primaryimage\"},\"image\":{\"@id\":\"https:\\\/\\\/www.koonings.com\\\/de\\\/product\\\/abrazi-o7-tmp-2\\\/#primaryimage\"},\"thumbnailUrl\":\"https:\\\/\\\/www.koonings.com\\\/wp-content\\\/uploads\\\/2025\\\/04\\\/39070_3dcc33ad391c454a62bdae92c4eb96eefb39022ba0cc4c0644e21b21ae3c92baa34e7295.jpeg\",\"datePublished\":\"2025-12-14T23:16:50+00:00\",\"dateModified\":\"2026-02-03T19:24:33+00:00\",\"description\":\"Die eleganten Rosaline F\u00e4dler enthalten eine Reihe kleiner Perlen und sind perfekt f\u00fcr die moderne Braut. Sie sind etwas verspielter als die Maren Ohrringe und daher eine gute Wahl, wenn Sie nach einem weniger klassischen Look suchen. Der Haken in der Mitte des Einf\u00e4dlers sorgt daf\u00fcr, dass die Ohrringe sicher an ihrem Platz bleiben. Die Rosaline Ohrringe sind in 14-kar\u00e4tiger Gold- und Rhodiumbeschichtung erh\u00e4ltlich.\",\"breadcrumb\":{\"@id\":\"https:\\\/\\\/www.koonings.com\\\/de\\\/product\\\/abrazi-o7-tmp-2\\\/#breadcrumb\"},\"inLanguage\":\"de\",\"potentialAction\":[{\"@type\":\"ReadAction\",\"target\":[\"https:\\\/\\\/www.koonings.com\\\/de\\\/product\\\/abrazi-o7-tmp-2\\\/\"]}]},{\"@type\":\"ImageObject\",\"inLanguage\":\"de\",\"@id\":\"https:\\\/\\\/www.koonings.com\\\/de\\\/product\\\/abrazi-o7-tmp-2\\\/#primaryimage\",\"url\":\"https:\\\/\\\/www.koonings.com\\\/wp-content\\\/uploads\\\/2025\\\/04\\\/39070_3dcc33ad391c454a62bdae92c4eb96eefb39022ba0cc4c0644e21b21ae3c92baa34e7295.jpeg\",\"contentUrl\":\"https:\\\/\\\/www.koonings.com\\\/wp-content\\\/uploads\\\/2025\\\/04\\\/39070_3dcc33ad391c454a62bdae92c4eb96eefb39022ba0cc4c0644e21b21ae3c92baa34e7295.jpeg\",\"width\":1334,\"height\":2000},{\"@type\":\"BreadcrumbList\",\"@id\":\"https:\\\/\\\/www.koonings.com\\\/de\\\/product\\\/abrazi-o7-tmp-2\\\/#breadcrumb\",\"itemListElement\":[{\"@type\":\"ListItem\",\"position\":1,\"name\":\"Home\",\"item\":\"https:\\\/\\\/www.koonings.com\\\/de\\\/\"},{\"@type\":\"ListItem\",\"position\":2,\"name\":\"Abrazi O7-TMP\"}]},{\"@type\":\"WebSite\",\"@id\":\"https:\\\/\\\/www.koonings.com\\\/de\\\/#website\",\"url\":\"https:\\\/\\\/www.koonings.com\\\/de\\\/\",\"name\":\"Koonings\",\"description\":\"De grootste bruidsmodewinkel ter wereld\",\"publisher\":{\"@id\":\"https:\\\/\\\/www.koonings.com\\\/de\\\/#organization\"},\"potentialAction\":[{\"@type\":\"SearchAction\",\"target\":{\"@type\":\"EntryPoint\",\"urlTemplate\":\"https:\\\/\\\/www.koonings.com\\\/de\\\/?s={search_term_string}\"},\"query-input\":{\"@type\":\"PropertyValueSpecification\",\"valueRequired\":true,\"valueName\":\"search_term_string\"}}],\"inLanguage\":\"de\"},{\"@type\":\"Organization\",\"@id\":\"https:\\\/\\\/www.koonings.com\\\/de\\\/#organization\",\"name\":\"Koonings\",\"url\":\"https:\\\/\\\/www.koonings.com\\\/de\\\/\",\"logo\":{\"@type\":\"ImageObject\",\"inLanguage\":\"de\",\"@id\":\"https:\\\/\\\/www.koonings.com\\\/de\\\/#\\\/schema\\\/logo\\\/image\\\/\",\"url\":\"https:\\\/\\\/www.koonings.com\\\/wp-content\\\/uploads\\\/2024\\\/07\\\/logo.png\",\"contentUrl\":\"https:\\\/\\\/www.koonings.com\\\/wp-content\\\/uploads\\\/2024\\\/07\\\/logo.png\",\"width\":600,\"height\":428,\"caption\":\"Koonings\"},\"image\":{\"@id\":\"https:\\\/\\\/www.koonings.com\\\/de\\\/#\\\/schema\\\/logo\\\/image\\\/\"},\"sameAs\":[\"https:\\\/\\\/www.facebook.com\\\/kooningstheweddingpalace\",\"https:\\\/\\\/www.instagram.com\\\/kooningstheweddingpalace\",\"https:\\\/\\\/www.pinterest.com\\\/koonings\",\"https:\\\/\\\/www.youtube.com\\\/kooningstheweddingpalace\"]}]}<\/script>\n<!-- \/ Yoast SEO plugin. -->","yoast_head_json":{"title":"Abrazi O7-TMP | Koonings","description":"Die eleganten Rosaline F\u00e4dler enthalten eine Reihe kleiner Perlen und sind perfekt f\u00fcr die moderne Braut. Sie sind etwas verspielter als die Maren Ohrringe und daher eine gute Wahl, wenn Sie nach einem weniger klassischen Look suchen. Der Haken in der Mitte des Einf\u00e4dlers sorgt daf\u00fcr, dass die Ohrringe sicher an ihrem Platz bleiben. Die Rosaline Ohrringe sind in 14-kar\u00e4tiger Gold- und Rhodiumbeschichtung erh\u00e4ltlich.","robots":{"index":"index","follow":"follow","max-snippet":"max-snippet:-1","max-image-preview":"max-image-preview:large","max-video-preview":"max-video-preview:-1"},"canonical":"https:\/\/www.koonings.com\/de\/product\/abrazi-o7-tmp-2\/","og_locale":"de_DE","og_type":"article","og_title":"Abrazi O7-TMP | Koonings","og_description":"Die eleganten Rosaline F\u00e4dler enthalten eine Reihe kleiner Perlen und sind perfekt f\u00fcr die moderne Braut. Sie sind etwas verspielter als die Maren Ohrringe und daher eine gute Wahl, wenn Sie nach einem weniger klassischen Look suchen. Der Haken in der Mitte des Einf\u00e4dlers sorgt daf\u00fcr, dass die Ohrringe sicher an ihrem Platz bleiben. Die Rosaline Ohrringe sind in 14-kar\u00e4tiger Gold- und Rhodiumbeschichtung erh\u00e4ltlich.","og_url":"https:\/\/www.koonings.com\/de\/product\/abrazi-o7-tmp-2\/","og_site_name":"Koonings","article_publisher":"https:\/\/www.facebook.com\/kooningstheweddingpalace","article_modified_time":"2026-02-03T19:24:33+00:00","og_image":[{"width":1334,"height":2000,"url":"https:\/\/www.koonings.com\/wp-content\/uploads\/2025\/04\/39070_3dcc33ad391c454a62bdae92c4eb96eefb39022ba0cc4c0644e21b21ae3c92baa34e7295.jpeg","type":"image\/jpeg"}],"twitter_card":"summary_large_image","schema":{"@context":"https:\/\/schema.org","@graph":[{"@type":"WebPage","@id":"https:\/\/www.koonings.com\/de\/product\/abrazi-o7-tmp-2\/","url":"https:\/\/www.koonings.com\/de\/product\/abrazi-o7-tmp-2\/","name":"Abrazi O7-TMP | Koonings","isPartOf":{"@id":"https:\/\/www.koonings.com\/de\/#website"},"primaryImageOfPage":{"@id":"https:\/\/www.koonings.com\/de\/product\/abrazi-o7-tmp-2\/#primaryimage"},"image":{"@id":"https:\/\/www.koonings.com\/de\/product\/abrazi-o7-tmp-2\/#primaryimage"},"thumbnailUrl":"https:\/\/www.koonings.com\/wp-content\/uploads\/2025\/04\/39070_3dcc33ad391c454a62bdae92c4eb96eefb39022ba0cc4c0644e21b21ae3c92baa34e7295.jpeg","datePublished":"2025-12-14T23:16:50+00:00","dateModified":"2026-02-03T19:24:33+00:00","description":"Die eleganten Rosaline F\u00e4dler enthalten eine Reihe kleiner Perlen und sind perfekt f\u00fcr die moderne Braut. Sie sind etwas verspielter als die Maren Ohrringe und daher eine gute Wahl, wenn Sie nach einem weniger klassischen Look suchen. Der Haken in der Mitte des Einf\u00e4dlers sorgt daf\u00fcr, dass die Ohrringe sicher an ihrem Platz bleiben. Die Rosaline Ohrringe sind in 14-kar\u00e4tiger Gold- und Rhodiumbeschichtung erh\u00e4ltlich.","breadcrumb":{"@id":"https:\/\/www.koonings.com\/de\/product\/abrazi-o7-tmp-2\/#breadcrumb"},"inLanguage":"de","potentialAction":[{"@type":"ReadAction","target":["https:\/\/www.koonings.com\/de\/product\/abrazi-o7-tmp-2\/"]}]},{"@type":"ImageObject","inLanguage":"de","@id":"https:\/\/www.koonings.com\/de\/product\/abrazi-o7-tmp-2\/#primaryimage","url":"https:\/\/www.koonings.com\/wp-content\/uploads\/2025\/04\/39070_3dcc33ad391c454a62bdae92c4eb96eefb39022ba0cc4c0644e21b21ae3c92baa34e7295.jpeg","contentUrl":"https:\/\/www.koonings.com\/wp-content\/uploads\/2025\/04\/39070_3dcc33ad391c454a62bdae92c4eb96eefb39022ba0cc4c0644e21b21ae3c92baa34e7295.jpeg","width":1334,"height":2000},{"@type":"BreadcrumbList","@id":"https:\/\/www.koonings.com\/de\/product\/abrazi-o7-tmp-2\/#breadcrumb","itemListElement":[{"@type":"ListItem","position":1,"name":"Home","item":"https:\/\/www.koonings.com\/de\/"},{"@type":"ListItem","position":2,"name":"Abrazi O7-TMP"}]},{"@type":"WebSite","@id":"https:\/\/www.koonings.com\/de\/#website","url":"https:\/\/www.koonings.com\/de\/","name":"Koonings","description":"De grootste bruidsmodewinkel ter wereld","publisher":{"@id":"https:\/\/www.koonings.com\/de\/#organization"},"potentialAction":[{"@type":"SearchAction","target":{"@type":"EntryPoint","urlTemplate":"https:\/\/www.koonings.com\/de\/?s={search_term_string}"},"query-input":{"@type":"PropertyValueSpecification","valueRequired":true,"valueName":"search_term_string"}}],"inLanguage":"de"},{"@type":"Organization","@id":"https:\/\/www.koonings.com\/de\/#organization","name":"Koonings","url":"https:\/\/www.koonings.com\/de\/","logo":{"@type":"ImageObject","inLanguage":"de","@id":"https:\/\/www.koonings.com\/de\/#\/schema\/logo\/image\/","url":"https:\/\/www.koonings.com\/wp-content\/uploads\/2024\/07\/logo.png","contentUrl":"https:\/\/www.koonings.com\/wp-content\/uploads\/2024\/07\/logo.png","width":600,"height":428,"caption":"Koonings"},"image":{"@id":"https:\/\/www.koonings.com\/de\/#\/schema\/logo\/image\/"},"sameAs":["https:\/\/www.facebook.com\/kooningstheweddingpalace","https:\/\/www.instagram.com\/kooningstheweddingpalace","https:\/\/www.pinterest.com\/koonings","https:\/\/www.youtube.com\/kooningstheweddingpalace"]}]}},"_links":{"self":[{"href":"https:\/\/www.koonings.com\/de\/wp-json\/wp\/v2\/product\/84751","targetHints":{"allow":["GET"]}}],"collection":[{"href":"https:\/\/www.koonings.com\/de\/wp-json\/wp\/v2\/product"}],"about":[{"href":"https:\/\/www.koonings.com\/de\/wp-json\/wp\/v2\/types\/product"}],"wp:featuredmedia":[{"embeddable":true,"href":"https:\/\/www.koonings.com\/de\/wp-json\/wp\/v2\/media\/84473"}],"wp:attachment":[{"href":"https:\/\/www.koonings.com\/de\/wp-json\/wp\/v2\/media?parent=84751"}],"wp:term":[{"taxonomy":"productdetails","embeddable":true,"href":"https:\/\/www.koonings.com\/de\/wp-json\/wp\/v2\/productdetails?post=84751"},{"taxonomy":"productneck","embeddable":true,"href":"https:\/\/www.koonings.com\/de\/wp-json\/wp\/v2\/productneck?post=84751"},{"taxonomy":"productcolor","embeddable":true,"href":"https:\/\/www.koonings.com\/de\/wp-json\/wp\/v2\/productcolor?post=84751"},{"taxonomy":"maat","embeddable":true,"href":"https:\/\/www.koonings.com\/de\/wp-json\/wp\/v2\/maat?post=84751"},{"taxonomy":"productsupplier","embeddable":true,"href":"https:\/\/www.koonings.com\/de\/wp-json\/wp\/v2\/productsupplier?post=84751"},{"taxonomy":"productsleeve","embeddable":true,"href":"https:\/\/www.koonings.com\/de\/wp-json\/wp\/v2\/productsleeve?post=84751"},{"taxonomy":"productcategory","embeddable":true,"href":"https:\/\/www.koonings.com\/de\/wp-json\/wp\/v2\/productcategory?post=84751"},{"taxonomy":"productsilhouette","embeddable":true,"href":"https:\/\/www.koonings.com\/de\/wp-json\/wp\/v2\/productsilhouette?post=84751"},{"taxonomy":"productstyle","embeddable":true,"href":"https:\/\/www.koonings.com\/de\/wp-json\/wp\/v2\/productstyle?post=84751"}],"curies":[{"name":"wp","href":"https:\/\/api.w.org\/{rel}","templated":true}]}}