{"id":84710,"date":"2026-04-14T16:16:14","date_gmt":"2026-04-14T14:16:14","guid":{"rendered":"https:\/\/www.koonings.com\/product\/abrazi-o1-4-650-skt\/"},"modified":"2025-06-05T14:01:23","modified_gmt":"2025-06-05T12:01:23","slug":"abrazi-o1-4-650-skt","status":"publish","type":"product","link":"https:\/\/www.koonings.com\/de\/product\/abrazi-o1-4-650-skt\/","title":{"rendered":"Abrazi O1-4-650-SKT"},"content":{"rendered":"<p>Mit den Christina Perlenohrringen liegen Sie immer richtig, ein klassischer Look f\u00fcr jede Braut. Einfach zu tragen an Ihrem Hochzeitstag, aber auch danach. Diese Perlenohrringe sind aus 925er Silber und Swarovski-Perlen gefertigt: eine Perle von fantastischer Qualit\u00e4t mit einer innovativen Beschichtung, so dass sie jeden Tag getragen werden k\u00f6nnen, ohne ihre Farbe und ihren Glanz zu verlieren. Erh\u00e4ltlich in 4mm, 6mm und 8mm.   <\/p>\n","protected":false},"featured_media":84273,"template":"","meta":{"_acf_changed":false,"ghostkit_customizer_options":"","ghostkit_custom_css":"","ghostkit_custom_js_head":"","ghostkit_custom_js_foot":"","ghostkit_typography":""},"productdetails":[],"productneck":[],"productcolor":[],"maat":[],"productsupplier":[510],"productsleeve":[],"productcategory":[511],"productsilhouette":[],"productstyle":[],"class_list":["post-84710","product","type-product","status-publish","has-post-thumbnail","hentry","productsupplier-abrazi","productcategory-sieraden"],"acf":[],"yoast_head":"<!-- This site is optimized with the Yoast SEO plugin v27.3 - https:\/\/yoast.com\/product\/yoast-seo-wordpress\/ -->\n<title>Abrazi O1-4-650-SKT | Koonings<\/title>\n<meta name=\"description\" content=\"Mit den Christina Perlenohrringen liegen Sie immer richtig, ein klassischer Look f\u00fcr jede Braut. Einfach zu tragen an Ihrem Hochzeitstag, aber auch danach. Diese Perlenohrringe sind aus 925er Silber und Swarovski-Perlen gefertigt: eine Perle von fantastischer Qualit\u00e4t mit einer innovativen Beschichtung, so dass sie jeden Tag getragen werden k\u00f6nnen, ohne ihre Farbe und ihren Glanz zu verlieren. Erh\u00e4ltlich in 4mm, 6mm und 8mm.\" \/>\n<meta name=\"robots\" content=\"index, follow, max-snippet:-1, max-image-preview:large, max-video-preview:-1\" \/>\n<link rel=\"canonical\" href=\"https:\/\/www.koonings.com\/de\/product\/abrazi-o1-4-650-skt\/\" \/>\n<meta property=\"og:locale\" content=\"de_DE\" \/>\n<meta property=\"og:type\" content=\"article\" \/>\n<meta property=\"og:title\" content=\"Abrazi O1-4-650-SKT | Koonings\" \/>\n<meta property=\"og:description\" content=\"Mit den Christina Perlenohrringen liegen Sie immer richtig, ein klassischer Look f\u00fcr jede Braut. Einfach zu tragen an Ihrem Hochzeitstag, aber auch danach. Diese Perlenohrringe sind aus 925er Silber und Swarovski-Perlen gefertigt: eine Perle von fantastischer Qualit\u00e4t mit einer innovativen Beschichtung, so dass sie jeden Tag getragen werden k\u00f6nnen, ohne ihre Farbe und ihren Glanz zu verlieren. Erh\u00e4ltlich in 4mm, 6mm und 8mm.\" \/>\n<meta property=\"og:url\" content=\"https:\/\/www.koonings.com\/de\/product\/abrazi-o1-4-650-skt\/\" \/>\n<meta property=\"og:site_name\" content=\"Koonings\" \/>\n<meta property=\"article:publisher\" content=\"https:\/\/www.facebook.com\/kooningstheweddingpalace\" \/>\n<meta property=\"og:image\" content=\"https:\/\/www.koonings.com\/wp-content\/uploads\/2025\/04\/39711_76e3ad8049f02f351fff4cdd95ac0152d9eb3da641c772937f43de778e43c458b7fa3aea.jpeg\" \/>\n\t<meta property=\"og:image:width\" content=\"1333\" \/>\n\t<meta property=\"og:image:height\" content=\"2000\" \/>\n\t<meta property=\"og:image:type\" content=\"image\/jpeg\" \/>\n<meta name=\"twitter:card\" content=\"summary_large_image\" \/>\n<script type=\"application\/ld+json\" class=\"yoast-schema-graph\">{\"@context\":\"https:\\\/\\\/schema.org\",\"@graph\":[{\"@type\":\"WebPage\",\"@id\":\"https:\\\/\\\/www.koonings.com\\\/de\\\/product\\\/abrazi-o1-4-650-skt\\\/\",\"url\":\"https:\\\/\\\/www.koonings.com\\\/de\\\/product\\\/abrazi-o1-4-650-skt\\\/\",\"name\":\"Abrazi O1-4-650-SKT | Koonings\",\"isPartOf\":{\"@id\":\"https:\\\/\\\/www.koonings.com\\\/de\\\/#website\"},\"primaryImageOfPage\":{\"@id\":\"https:\\\/\\\/www.koonings.com\\\/de\\\/product\\\/abrazi-o1-4-650-skt\\\/#primaryimage\"},\"image\":{\"@id\":\"https:\\\/\\\/www.koonings.com\\\/de\\\/product\\\/abrazi-o1-4-650-skt\\\/#primaryimage\"},\"thumbnailUrl\":\"https:\\\/\\\/www.koonings.com\\\/wp-content\\\/uploads\\\/2025\\\/04\\\/39711_76e3ad8049f02f351fff4cdd95ac0152d9eb3da641c772937f43de778e43c458b7fa3aea.jpeg\",\"datePublished\":\"2026-04-14T14:16:14+00:00\",\"description\":\"Mit den Christina Perlenohrringen liegen Sie immer richtig, ein klassischer Look f\u00fcr jede Braut. Einfach zu tragen an Ihrem Hochzeitstag, aber auch danach. Diese Perlenohrringe sind aus 925er Silber und Swarovski-Perlen gefertigt: eine Perle von fantastischer Qualit\u00e4t mit einer innovativen Beschichtung, so dass sie jeden Tag getragen werden k\u00f6nnen, ohne ihre Farbe und ihren Glanz zu verlieren. Erh\u00e4ltlich in 4mm, 6mm und 8mm.\",\"breadcrumb\":{\"@id\":\"https:\\\/\\\/www.koonings.com\\\/de\\\/product\\\/abrazi-o1-4-650-skt\\\/#breadcrumb\"},\"inLanguage\":\"de\",\"potentialAction\":[{\"@type\":\"ReadAction\",\"target\":[\"https:\\\/\\\/www.koonings.com\\\/de\\\/product\\\/abrazi-o1-4-650-skt\\\/\"]}]},{\"@type\":\"ImageObject\",\"inLanguage\":\"de\",\"@id\":\"https:\\\/\\\/www.koonings.com\\\/de\\\/product\\\/abrazi-o1-4-650-skt\\\/#primaryimage\",\"url\":\"https:\\\/\\\/www.koonings.com\\\/wp-content\\\/uploads\\\/2025\\\/04\\\/39711_76e3ad8049f02f351fff4cdd95ac0152d9eb3da641c772937f43de778e43c458b7fa3aea.jpeg\",\"contentUrl\":\"https:\\\/\\\/www.koonings.com\\\/wp-content\\\/uploads\\\/2025\\\/04\\\/39711_76e3ad8049f02f351fff4cdd95ac0152d9eb3da641c772937f43de778e43c458b7fa3aea.jpeg\",\"width\":1333,\"height\":2000},{\"@type\":\"BreadcrumbList\",\"@id\":\"https:\\\/\\\/www.koonings.com\\\/de\\\/product\\\/abrazi-o1-4-650-skt\\\/#breadcrumb\",\"itemListElement\":[{\"@type\":\"ListItem\",\"position\":1,\"name\":\"Home\",\"item\":\"https:\\\/\\\/www.koonings.com\\\/de\\\/\"},{\"@type\":\"ListItem\",\"position\":2,\"name\":\"Abrazi O1-4-650-SKT\"}]},{\"@type\":\"WebSite\",\"@id\":\"https:\\\/\\\/www.koonings.com\\\/de\\\/#website\",\"url\":\"https:\\\/\\\/www.koonings.com\\\/de\\\/\",\"name\":\"Koonings\",\"description\":\"De grootste bruidsmodewinkel ter wereld\",\"publisher\":{\"@id\":\"https:\\\/\\\/www.koonings.com\\\/de\\\/#organization\"},\"potentialAction\":[{\"@type\":\"SearchAction\",\"target\":{\"@type\":\"EntryPoint\",\"urlTemplate\":\"https:\\\/\\\/www.koonings.com\\\/de\\\/?s={search_term_string}\"},\"query-input\":{\"@type\":\"PropertyValueSpecification\",\"valueRequired\":true,\"valueName\":\"search_term_string\"}}],\"inLanguage\":\"de\"},{\"@type\":\"Organization\",\"@id\":\"https:\\\/\\\/www.koonings.com\\\/de\\\/#organization\",\"name\":\"Koonings\",\"url\":\"https:\\\/\\\/www.koonings.com\\\/de\\\/\",\"logo\":{\"@type\":\"ImageObject\",\"inLanguage\":\"de\",\"@id\":\"https:\\\/\\\/www.koonings.com\\\/de\\\/#\\\/schema\\\/logo\\\/image\\\/\",\"url\":\"https:\\\/\\\/www.koonings.com\\\/wp-content\\\/uploads\\\/2024\\\/07\\\/logo.png\",\"contentUrl\":\"https:\\\/\\\/www.koonings.com\\\/wp-content\\\/uploads\\\/2024\\\/07\\\/logo.png\",\"width\":600,\"height\":428,\"caption\":\"Koonings\"},\"image\":{\"@id\":\"https:\\\/\\\/www.koonings.com\\\/de\\\/#\\\/schema\\\/logo\\\/image\\\/\"},\"sameAs\":[\"https:\\\/\\\/www.facebook.com\\\/kooningstheweddingpalace\",\"https:\\\/\\\/www.instagram.com\\\/kooningstheweddingpalace\",\"https:\\\/\\\/www.pinterest.com\\\/koonings\",\"https:\\\/\\\/www.youtube.com\\\/kooningstheweddingpalace\"]}]}<\/script>\n<!-- \/ Yoast SEO plugin. -->","yoast_head_json":{"title":"Abrazi O1-4-650-SKT | Koonings","description":"Mit den Christina Perlenohrringen liegen Sie immer richtig, ein klassischer Look f\u00fcr jede Braut. Einfach zu tragen an Ihrem Hochzeitstag, aber auch danach. Diese Perlenohrringe sind aus 925er Silber und Swarovski-Perlen gefertigt: eine Perle von fantastischer Qualit\u00e4t mit einer innovativen Beschichtung, so dass sie jeden Tag getragen werden k\u00f6nnen, ohne ihre Farbe und ihren Glanz zu verlieren. Erh\u00e4ltlich in 4mm, 6mm und 8mm.","robots":{"index":"index","follow":"follow","max-snippet":"max-snippet:-1","max-image-preview":"max-image-preview:large","max-video-preview":"max-video-preview:-1"},"canonical":"https:\/\/www.koonings.com\/de\/product\/abrazi-o1-4-650-skt\/","og_locale":"de_DE","og_type":"article","og_title":"Abrazi O1-4-650-SKT | Koonings","og_description":"Mit den Christina Perlenohrringen liegen Sie immer richtig, ein klassischer Look f\u00fcr jede Braut. Einfach zu tragen an Ihrem Hochzeitstag, aber auch danach. Diese Perlenohrringe sind aus 925er Silber und Swarovski-Perlen gefertigt: eine Perle von fantastischer Qualit\u00e4t mit einer innovativen Beschichtung, so dass sie jeden Tag getragen werden k\u00f6nnen, ohne ihre Farbe und ihren Glanz zu verlieren. Erh\u00e4ltlich in 4mm, 6mm und 8mm.","og_url":"https:\/\/www.koonings.com\/de\/product\/abrazi-o1-4-650-skt\/","og_site_name":"Koonings","article_publisher":"https:\/\/www.facebook.com\/kooningstheweddingpalace","og_image":[{"width":1333,"height":2000,"url":"https:\/\/www.koonings.com\/wp-content\/uploads\/2025\/04\/39711_76e3ad8049f02f351fff4cdd95ac0152d9eb3da641c772937f43de778e43c458b7fa3aea.jpeg","type":"image\/jpeg"}],"twitter_card":"summary_large_image","schema":{"@context":"https:\/\/schema.org","@graph":[{"@type":"WebPage","@id":"https:\/\/www.koonings.com\/de\/product\/abrazi-o1-4-650-skt\/","url":"https:\/\/www.koonings.com\/de\/product\/abrazi-o1-4-650-skt\/","name":"Abrazi O1-4-650-SKT | Koonings","isPartOf":{"@id":"https:\/\/www.koonings.com\/de\/#website"},"primaryImageOfPage":{"@id":"https:\/\/www.koonings.com\/de\/product\/abrazi-o1-4-650-skt\/#primaryimage"},"image":{"@id":"https:\/\/www.koonings.com\/de\/product\/abrazi-o1-4-650-skt\/#primaryimage"},"thumbnailUrl":"https:\/\/www.koonings.com\/wp-content\/uploads\/2025\/04\/39711_76e3ad8049f02f351fff4cdd95ac0152d9eb3da641c772937f43de778e43c458b7fa3aea.jpeg","datePublished":"2026-04-14T14:16:14+00:00","description":"Mit den Christina Perlenohrringen liegen Sie immer richtig, ein klassischer Look f\u00fcr jede Braut. Einfach zu tragen an Ihrem Hochzeitstag, aber auch danach. Diese Perlenohrringe sind aus 925er Silber und Swarovski-Perlen gefertigt: eine Perle von fantastischer Qualit\u00e4t mit einer innovativen Beschichtung, so dass sie jeden Tag getragen werden k\u00f6nnen, ohne ihre Farbe und ihren Glanz zu verlieren. Erh\u00e4ltlich in 4mm, 6mm und 8mm.","breadcrumb":{"@id":"https:\/\/www.koonings.com\/de\/product\/abrazi-o1-4-650-skt\/#breadcrumb"},"inLanguage":"de","potentialAction":[{"@type":"ReadAction","target":["https:\/\/www.koonings.com\/de\/product\/abrazi-o1-4-650-skt\/"]}]},{"@type":"ImageObject","inLanguage":"de","@id":"https:\/\/www.koonings.com\/de\/product\/abrazi-o1-4-650-skt\/#primaryimage","url":"https:\/\/www.koonings.com\/wp-content\/uploads\/2025\/04\/39711_76e3ad8049f02f351fff4cdd95ac0152d9eb3da641c772937f43de778e43c458b7fa3aea.jpeg","contentUrl":"https:\/\/www.koonings.com\/wp-content\/uploads\/2025\/04\/39711_76e3ad8049f02f351fff4cdd95ac0152d9eb3da641c772937f43de778e43c458b7fa3aea.jpeg","width":1333,"height":2000},{"@type":"BreadcrumbList","@id":"https:\/\/www.koonings.com\/de\/product\/abrazi-o1-4-650-skt\/#breadcrumb","itemListElement":[{"@type":"ListItem","position":1,"name":"Home","item":"https:\/\/www.koonings.com\/de\/"},{"@type":"ListItem","position":2,"name":"Abrazi O1-4-650-SKT"}]},{"@type":"WebSite","@id":"https:\/\/www.koonings.com\/de\/#website","url":"https:\/\/www.koonings.com\/de\/","name":"Koonings","description":"De grootste bruidsmodewinkel ter wereld","publisher":{"@id":"https:\/\/www.koonings.com\/de\/#organization"},"potentialAction":[{"@type":"SearchAction","target":{"@type":"EntryPoint","urlTemplate":"https:\/\/www.koonings.com\/de\/?s={search_term_string}"},"query-input":{"@type":"PropertyValueSpecification","valueRequired":true,"valueName":"search_term_string"}}],"inLanguage":"de"},{"@type":"Organization","@id":"https:\/\/www.koonings.com\/de\/#organization","name":"Koonings","url":"https:\/\/www.koonings.com\/de\/","logo":{"@type":"ImageObject","inLanguage":"de","@id":"https:\/\/www.koonings.com\/de\/#\/schema\/logo\/image\/","url":"https:\/\/www.koonings.com\/wp-content\/uploads\/2024\/07\/logo.png","contentUrl":"https:\/\/www.koonings.com\/wp-content\/uploads\/2024\/07\/logo.png","width":600,"height":428,"caption":"Koonings"},"image":{"@id":"https:\/\/www.koonings.com\/de\/#\/schema\/logo\/image\/"},"sameAs":["https:\/\/www.facebook.com\/kooningstheweddingpalace","https:\/\/www.instagram.com\/kooningstheweddingpalace","https:\/\/www.pinterest.com\/koonings","https:\/\/www.youtube.com\/kooningstheweddingpalace"]}]}},"_links":{"self":[{"href":"https:\/\/www.koonings.com\/de\/wp-json\/wp\/v2\/product\/84710","targetHints":{"allow":["GET"]}}],"collection":[{"href":"https:\/\/www.koonings.com\/de\/wp-json\/wp\/v2\/product"}],"about":[{"href":"https:\/\/www.koonings.com\/de\/wp-json\/wp\/v2\/types\/product"}],"wp:featuredmedia":[{"embeddable":true,"href":"https:\/\/www.koonings.com\/de\/wp-json\/wp\/v2\/media\/84273"}],"wp:attachment":[{"href":"https:\/\/www.koonings.com\/de\/wp-json\/wp\/v2\/media?parent=84710"}],"wp:term":[{"taxonomy":"productdetails","embeddable":true,"href":"https:\/\/www.koonings.com\/de\/wp-json\/wp\/v2\/productdetails?post=84710"},{"taxonomy":"productneck","embeddable":true,"href":"https:\/\/www.koonings.com\/de\/wp-json\/wp\/v2\/productneck?post=84710"},{"taxonomy":"productcolor","embeddable":true,"href":"https:\/\/www.koonings.com\/de\/wp-json\/wp\/v2\/productcolor?post=84710"},{"taxonomy":"maat","embeddable":true,"href":"https:\/\/www.koonings.com\/de\/wp-json\/wp\/v2\/maat?post=84710"},{"taxonomy":"productsupplier","embeddable":true,"href":"https:\/\/www.koonings.com\/de\/wp-json\/wp\/v2\/productsupplier?post=84710"},{"taxonomy":"productsleeve","embeddable":true,"href":"https:\/\/www.koonings.com\/de\/wp-json\/wp\/v2\/productsleeve?post=84710"},{"taxonomy":"productcategory","embeddable":true,"href":"https:\/\/www.koonings.com\/de\/wp-json\/wp\/v2\/productcategory?post=84710"},{"taxonomy":"productsilhouette","embeddable":true,"href":"https:\/\/www.koonings.com\/de\/wp-json\/wp\/v2\/productsilhouette?post=84710"},{"taxonomy":"productstyle","embeddable":true,"href":"https:\/\/www.koonings.com\/de\/wp-json\/wp\/v2\/productstyle?post=84710"}],"curies":[{"name":"wp","href":"https:\/\/api.w.org\/{rel}","templated":true}]}}