{"id":84689,"date":"2025-12-15T00:50:05","date_gmt":"2025-12-14T23:50:05","guid":{"rendered":"https:\/\/www.koonings.com\/product\/fashion-queen-b2516\/"},"modified":"2026-02-03T20:21:25","modified_gmt":"2026-02-03T19:21:25","slug":"fashion-queen-b2516","status":"publish","type":"product","link":"https:\/\/www.koonings.com\/de\/product\/fashion-queen-b2516\/","title":{"rendered":"Mode K\u00f6nigin B2516"},"content":{"rendered":"<p>Das Brautkleid B2516 von Fashion Queen ist ein atemberaubendes Design f\u00fcr die Braut, die einen klassischen und doch raffinierten Look sucht. Das Mieder des Kleides ist wundersch\u00f6n mit detaillierter Spitze und zarten Applikationen verziert, was dem Kleid einen romantischen und luxuri\u00f6sen Look verleiht. Der Rock in A-Linie f\u00e4llt elegant und schafft eine vertr\u00e4umte und feminine Silhouette, w\u00e4hrend die weichen Stoffe der Braut Komfort und Bewegungsfreiheit bieten. Das B2516 strahlt zeitlosen Charme aus, mit modernen Akzenten, die das Kleid absolut zeitgem\u00e4\u00df machen.   <\/p>\n<p>Was dieses Kleid besonders macht, ist, dass das B2516 auch in \u00dcbergr\u00f6\u00dfen erh\u00e4ltlich ist. So kann sich jede Braut, unabh\u00e4ngig von ihrer Gr\u00f6\u00dfe, selbstbewusst und sch\u00f6n in einem Kleid f\u00fchlen, das perfekt sitzt und ihre Figur auf elegante Weise betont. <\/p>\n<p>Das B2516 ist exklusiv bei Koonings The Wedding Palace in Deurne erh\u00e4ltlich, der gr\u00f6\u00dften Brautmodenboutique der Welt. Koonings bietet ein luxuri\u00f6ses und einladendes Einkaufserlebnis, bei dem sich Br\u00e4ute aller Gr\u00f6\u00dfen auf die pers\u00f6nliche Beratung durch erfahrene Stylisten verlassen k\u00f6nnen. Mit einer beeindruckenden Auswahl an Top-Marken, darunter Fashion Queen, sorgt Koonings daf\u00fcr, dass jede Braut ihr Traumkleid findet. Das B2516 ist f\u00fcr die Braut, die ihren Hochzeitstag in einem Kleid feiern m\u00f6chte, das sowohl elegant als auch zeitlos ist, mit einem modernen Twist, der nie aus der Mode kommt.   <\/p>\n","protected":false},"featured_media":82377,"template":"","meta":{"_acf_changed":false,"ghostkit_customizer_options":"","ghostkit_custom_css":"","ghostkit_custom_js_head":"","ghostkit_custom_js_foot":"","ghostkit_typography":""},"productdetails":[379,381],"productneck":[356],"productcolor":[392],"maat":[],"productsupplier":[480],"productsleeve":[359],"productcategory":[18],"productsilhouette":[384],"productstyle":[366],"class_list":["post-84689","product","type-product","status-publish","has-post-thumbnail","hentry","productdetails-379","productdetails-381","productneck-356","productcolor-392","productsupplier-fashion-queen","productsleeve-359","productcategory-trouwjurken","productsilhouette-384","productstyle-366"],"acf":[],"yoast_head":"<!-- This site is optimized with the Yoast SEO plugin v27.3 - https:\/\/yoast.com\/product\/yoast-seo-wordpress\/ -->\n<title>Mode K\u00f6nigin B2516 | Koonings<\/title>\n<meta name=\"description\" content=\"Das Brautkleid B2516 von Fashion Queen ist ein atemberaubendes Design f\u00fcr die Braut, die einen klassischen und doch raffinierten Look sucht. Das Mieder des Kleides ist wundersch\u00f6n mit detaillierter Spitze und zarten Applikationen verziert, was dem Kleid einen romantischen und luxuri\u00f6sen Look verleiht. Der Rock in A-Linie f\u00e4llt elegant und schafft eine vertr\u00e4umte und feminine Silhouette, w\u00e4hrend die weichen Stoffe der Braut Komfort und Bewegungsfreiheit bieten. Das B2516 strahlt zeitlosen Charme aus, mit modernen Akzenten, die das Kleid absolut zeitgem\u00e4\u00df machen. Was dieses Kleid besonders macht, ist, dass das B2516 auch in \u00dcbergr\u00f6\u00dfen erh\u00e4ltlich ist. So kann sich jede Braut, unabh\u00e4ngig von ihrer Gr\u00f6\u00dfe, selbstbewusst und sch\u00f6n in einem Kleid f\u00fchlen, das perfekt sitzt und ihre Figur auf elegante Weise betont. Das B2516 ist exklusiv bei Koonings The Wedding Palace in Deurne erh\u00e4ltlich, der gr\u00f6\u00dften Brautmodenboutique der Welt. Koonings bietet ein luxuri\u00f6ses und einladendes Einkaufserlebnis, bei dem sich Br\u00e4ute aller Gr\u00f6\u00dfen auf die pers\u00f6nliche Beratung durch erfahrene Stylisten verlassen k\u00f6nnen. Mit einer beeindruckenden Auswahl an Top-Marken, darunter Fashion Queen, sorgt Koonings daf\u00fcr, dass jede Braut ihr Traumkleid findet. Das B2516 ist f\u00fcr die Braut, die ihren Hochzeitstag in einem Kleid feiern m\u00f6chte, das sowohl elegant als auch zeitlos ist, mit einem modernen Twist, der nie aus der Mode kommt.\" \/>\n<meta name=\"robots\" content=\"index, follow, max-snippet:-1, max-image-preview:large, max-video-preview:-1\" \/>\n<link rel=\"canonical\" href=\"https:\/\/www.koonings.com\/de\/product\/fashion-queen-b2516\/\" \/>\n<meta property=\"og:locale\" content=\"de_DE\" \/>\n<meta property=\"og:type\" content=\"article\" \/>\n<meta property=\"og:title\" content=\"Mode K\u00f6nigin B2516 | Koonings\" \/>\n<meta property=\"og:description\" content=\"Das Brautkleid B2516 von Fashion Queen ist ein atemberaubendes Design f\u00fcr die Braut, die einen klassischen und doch raffinierten Look sucht. Das Mieder des Kleides ist wundersch\u00f6n mit detaillierter Spitze und zarten Applikationen verziert, was dem Kleid einen romantischen und luxuri\u00f6sen Look verleiht. Der Rock in A-Linie f\u00e4llt elegant und schafft eine vertr\u00e4umte und feminine Silhouette, w\u00e4hrend die weichen Stoffe der Braut Komfort und Bewegungsfreiheit bieten. Das B2516 strahlt zeitlosen Charme aus, mit modernen Akzenten, die das Kleid absolut zeitgem\u00e4\u00df machen. Was dieses Kleid besonders macht, ist, dass das B2516 auch in \u00dcbergr\u00f6\u00dfen erh\u00e4ltlich ist. So kann sich jede Braut, unabh\u00e4ngig von ihrer Gr\u00f6\u00dfe, selbstbewusst und sch\u00f6n in einem Kleid f\u00fchlen, das perfekt sitzt und ihre Figur auf elegante Weise betont. Das B2516 ist exklusiv bei Koonings The Wedding Palace in Deurne erh\u00e4ltlich, der gr\u00f6\u00dften Brautmodenboutique der Welt. Koonings bietet ein luxuri\u00f6ses und einladendes Einkaufserlebnis, bei dem sich Br\u00e4ute aller Gr\u00f6\u00dfen auf die pers\u00f6nliche Beratung durch erfahrene Stylisten verlassen k\u00f6nnen. Mit einer beeindruckenden Auswahl an Top-Marken, darunter Fashion Queen, sorgt Koonings daf\u00fcr, dass jede Braut ihr Traumkleid findet. Das B2516 ist f\u00fcr die Braut, die ihren Hochzeitstag in einem Kleid feiern m\u00f6chte, das sowohl elegant als auch zeitlos ist, mit einem modernen Twist, der nie aus der Mode kommt.\" \/>\n<meta property=\"og:url\" content=\"https:\/\/www.koonings.com\/de\/product\/fashion-queen-b2516\/\" \/>\n<meta property=\"og:site_name\" content=\"Koonings\" \/>\n<meta property=\"article:publisher\" content=\"https:\/\/www.facebook.com\/kooningstheweddingpalace\" \/>\n<meta property=\"article:modified_time\" content=\"2026-02-03T19:21:25+00:00\" \/>\n<meta property=\"og:image\" content=\"https:\/\/www.koonings.com\/wp-content\/uploads\/2025\/03\/49457_4f494c6c212bdccfa0cc46adcc9a66e1026ebeaa87026840353c44dee88fabb33cf35fbe.jpeg\" \/>\n\t<meta property=\"og:image:width\" content=\"1257\" \/>\n\t<meta property=\"og:image:height\" content=\"1778\" \/>\n\t<meta property=\"og:image:type\" content=\"image\/jpeg\" \/>\n<meta name=\"twitter:card\" content=\"summary_large_image\" \/>\n<meta name=\"twitter:label1\" content=\"Gesch\u00e4tzte Lesezeit\" \/>\n\t<meta name=\"twitter:data1\" content=\"1\u00a0Minute\" \/>\n<script type=\"application\/ld+json\" class=\"yoast-schema-graph\">{\"@context\":\"https:\\\/\\\/schema.org\",\"@graph\":[{\"@type\":\"WebPage\",\"@id\":\"https:\\\/\\\/www.koonings.com\\\/de\\\/product\\\/fashion-queen-b2516\\\/\",\"url\":\"https:\\\/\\\/www.koonings.com\\\/de\\\/product\\\/fashion-queen-b2516\\\/\",\"name\":\"Mode K\u00f6nigin B2516 | Koonings\",\"isPartOf\":{\"@id\":\"https:\\\/\\\/www.koonings.com\\\/de\\\/#website\"},\"primaryImageOfPage\":{\"@id\":\"https:\\\/\\\/www.koonings.com\\\/de\\\/product\\\/fashion-queen-b2516\\\/#primaryimage\"},\"image\":{\"@id\":\"https:\\\/\\\/www.koonings.com\\\/de\\\/product\\\/fashion-queen-b2516\\\/#primaryimage\"},\"thumbnailUrl\":\"https:\\\/\\\/www.koonings.com\\\/wp-content\\\/uploads\\\/2025\\\/03\\\/49457_4f494c6c212bdccfa0cc46adcc9a66e1026ebeaa87026840353c44dee88fabb33cf35fbe.jpeg\",\"datePublished\":\"2025-12-14T23:50:05+00:00\",\"dateModified\":\"2026-02-03T19:21:25+00:00\",\"description\":\"Das Brautkleid B2516 von Fashion Queen ist ein atemberaubendes Design f\u00fcr die Braut, die einen klassischen und doch raffinierten Look sucht. Das Mieder des Kleides ist wundersch\u00f6n mit detaillierter Spitze und zarten Applikationen verziert, was dem Kleid einen romantischen und luxuri\u00f6sen Look verleiht. Der Rock in A-Linie f\u00e4llt elegant und schafft eine vertr\u00e4umte und feminine Silhouette, w\u00e4hrend die weichen Stoffe der Braut Komfort und Bewegungsfreiheit bieten. Das B2516 strahlt zeitlosen Charme aus, mit modernen Akzenten, die das Kleid absolut zeitgem\u00e4\u00df machen. Was dieses Kleid besonders macht, ist, dass das B2516 auch in \u00dcbergr\u00f6\u00dfen erh\u00e4ltlich ist. So kann sich jede Braut, unabh\u00e4ngig von ihrer Gr\u00f6\u00dfe, selbstbewusst und sch\u00f6n in einem Kleid f\u00fchlen, das perfekt sitzt und ihre Figur auf elegante Weise betont. Das B2516 ist exklusiv bei Koonings The Wedding Palace in Deurne erh\u00e4ltlich, der gr\u00f6\u00dften Brautmodenboutique der Welt. Koonings bietet ein luxuri\u00f6ses und einladendes Einkaufserlebnis, bei dem sich Br\u00e4ute aller Gr\u00f6\u00dfen auf die pers\u00f6nliche Beratung durch erfahrene Stylisten verlassen k\u00f6nnen. Mit einer beeindruckenden Auswahl an Top-Marken, darunter Fashion Queen, sorgt Koonings daf\u00fcr, dass jede Braut ihr Traumkleid findet. Das B2516 ist f\u00fcr die Braut, die ihren Hochzeitstag in einem Kleid feiern m\u00f6chte, das sowohl elegant als auch zeitlos ist, mit einem modernen Twist, der nie aus der Mode kommt.\",\"breadcrumb\":{\"@id\":\"https:\\\/\\\/www.koonings.com\\\/de\\\/product\\\/fashion-queen-b2516\\\/#breadcrumb\"},\"inLanguage\":\"de\",\"potentialAction\":[{\"@type\":\"ReadAction\",\"target\":[\"https:\\\/\\\/www.koonings.com\\\/de\\\/product\\\/fashion-queen-b2516\\\/\"]}]},{\"@type\":\"ImageObject\",\"inLanguage\":\"de\",\"@id\":\"https:\\\/\\\/www.koonings.com\\\/de\\\/product\\\/fashion-queen-b2516\\\/#primaryimage\",\"url\":\"https:\\\/\\\/www.koonings.com\\\/wp-content\\\/uploads\\\/2025\\\/03\\\/49457_4f494c6c212bdccfa0cc46adcc9a66e1026ebeaa87026840353c44dee88fabb33cf35fbe.jpeg\",\"contentUrl\":\"https:\\\/\\\/www.koonings.com\\\/wp-content\\\/uploads\\\/2025\\\/03\\\/49457_4f494c6c212bdccfa0cc46adcc9a66e1026ebeaa87026840353c44dee88fabb33cf35fbe.jpeg\",\"width\":1257,\"height\":1778},{\"@type\":\"BreadcrumbList\",\"@id\":\"https:\\\/\\\/www.koonings.com\\\/de\\\/product\\\/fashion-queen-b2516\\\/#breadcrumb\",\"itemListElement\":[{\"@type\":\"ListItem\",\"position\":1,\"name\":\"Home\",\"item\":\"https:\\\/\\\/www.koonings.com\\\/de\\\/\"},{\"@type\":\"ListItem\",\"position\":2,\"name\":\"Mode K\u00f6nigin B2516\"}]},{\"@type\":\"WebSite\",\"@id\":\"https:\\\/\\\/www.koonings.com\\\/de\\\/#website\",\"url\":\"https:\\\/\\\/www.koonings.com\\\/de\\\/\",\"name\":\"Koonings\",\"description\":\"De grootste bruidsmodewinkel ter wereld\",\"publisher\":{\"@id\":\"https:\\\/\\\/www.koonings.com\\\/de\\\/#organization\"},\"potentialAction\":[{\"@type\":\"SearchAction\",\"target\":{\"@type\":\"EntryPoint\",\"urlTemplate\":\"https:\\\/\\\/www.koonings.com\\\/de\\\/?s={search_term_string}\"},\"query-input\":{\"@type\":\"PropertyValueSpecification\",\"valueRequired\":true,\"valueName\":\"search_term_string\"}}],\"inLanguage\":\"de\"},{\"@type\":\"Organization\",\"@id\":\"https:\\\/\\\/www.koonings.com\\\/de\\\/#organization\",\"name\":\"Koonings\",\"url\":\"https:\\\/\\\/www.koonings.com\\\/de\\\/\",\"logo\":{\"@type\":\"ImageObject\",\"inLanguage\":\"de\",\"@id\":\"https:\\\/\\\/www.koonings.com\\\/de\\\/#\\\/schema\\\/logo\\\/image\\\/\",\"url\":\"https:\\\/\\\/www.koonings.com\\\/wp-content\\\/uploads\\\/2024\\\/07\\\/logo.png\",\"contentUrl\":\"https:\\\/\\\/www.koonings.com\\\/wp-content\\\/uploads\\\/2024\\\/07\\\/logo.png\",\"width\":600,\"height\":428,\"caption\":\"Koonings\"},\"image\":{\"@id\":\"https:\\\/\\\/www.koonings.com\\\/de\\\/#\\\/schema\\\/logo\\\/image\\\/\"},\"sameAs\":[\"https:\\\/\\\/www.facebook.com\\\/kooningstheweddingpalace\",\"https:\\\/\\\/www.instagram.com\\\/kooningstheweddingpalace\",\"https:\\\/\\\/www.pinterest.com\\\/koonings\",\"https:\\\/\\\/www.youtube.com\\\/kooningstheweddingpalace\"]}]}<\/script>\n<!-- \/ Yoast SEO plugin. -->","yoast_head_json":{"title":"Mode K\u00f6nigin B2516 | Koonings","description":"Das Brautkleid B2516 von Fashion Queen ist ein atemberaubendes Design f\u00fcr die Braut, die einen klassischen und doch raffinierten Look sucht. Das Mieder des Kleides ist wundersch\u00f6n mit detaillierter Spitze und zarten Applikationen verziert, was dem Kleid einen romantischen und luxuri\u00f6sen Look verleiht. Der Rock in A-Linie f\u00e4llt elegant und schafft eine vertr\u00e4umte und feminine Silhouette, w\u00e4hrend die weichen Stoffe der Braut Komfort und Bewegungsfreiheit bieten. Das B2516 strahlt zeitlosen Charme aus, mit modernen Akzenten, die das Kleid absolut zeitgem\u00e4\u00df machen. Was dieses Kleid besonders macht, ist, dass das B2516 auch in \u00dcbergr\u00f6\u00dfen erh\u00e4ltlich ist. So kann sich jede Braut, unabh\u00e4ngig von ihrer Gr\u00f6\u00dfe, selbstbewusst und sch\u00f6n in einem Kleid f\u00fchlen, das perfekt sitzt und ihre Figur auf elegante Weise betont. Das B2516 ist exklusiv bei Koonings The Wedding Palace in Deurne erh\u00e4ltlich, der gr\u00f6\u00dften Brautmodenboutique der Welt. Koonings bietet ein luxuri\u00f6ses und einladendes Einkaufserlebnis, bei dem sich Br\u00e4ute aller Gr\u00f6\u00dfen auf die pers\u00f6nliche Beratung durch erfahrene Stylisten verlassen k\u00f6nnen. Mit einer beeindruckenden Auswahl an Top-Marken, darunter Fashion Queen, sorgt Koonings daf\u00fcr, dass jede Braut ihr Traumkleid findet. Das B2516 ist f\u00fcr die Braut, die ihren Hochzeitstag in einem Kleid feiern m\u00f6chte, das sowohl elegant als auch zeitlos ist, mit einem modernen Twist, der nie aus der Mode kommt.","robots":{"index":"index","follow":"follow","max-snippet":"max-snippet:-1","max-image-preview":"max-image-preview:large","max-video-preview":"max-video-preview:-1"},"canonical":"https:\/\/www.koonings.com\/de\/product\/fashion-queen-b2516\/","og_locale":"de_DE","og_type":"article","og_title":"Mode K\u00f6nigin B2516 | Koonings","og_description":"Das Brautkleid B2516 von Fashion Queen ist ein atemberaubendes Design f\u00fcr die Braut, die einen klassischen und doch raffinierten Look sucht. Das Mieder des Kleides ist wundersch\u00f6n mit detaillierter Spitze und zarten Applikationen verziert, was dem Kleid einen romantischen und luxuri\u00f6sen Look verleiht. Der Rock in A-Linie f\u00e4llt elegant und schafft eine vertr\u00e4umte und feminine Silhouette, w\u00e4hrend die weichen Stoffe der Braut Komfort und Bewegungsfreiheit bieten. Das B2516 strahlt zeitlosen Charme aus, mit modernen Akzenten, die das Kleid absolut zeitgem\u00e4\u00df machen. Was dieses Kleid besonders macht, ist, dass das B2516 auch in \u00dcbergr\u00f6\u00dfen erh\u00e4ltlich ist. So kann sich jede Braut, unabh\u00e4ngig von ihrer Gr\u00f6\u00dfe, selbstbewusst und sch\u00f6n in einem Kleid f\u00fchlen, das perfekt sitzt und ihre Figur auf elegante Weise betont. Das B2516 ist exklusiv bei Koonings The Wedding Palace in Deurne erh\u00e4ltlich, der gr\u00f6\u00dften Brautmodenboutique der Welt. Koonings bietet ein luxuri\u00f6ses und einladendes Einkaufserlebnis, bei dem sich Br\u00e4ute aller Gr\u00f6\u00dfen auf die pers\u00f6nliche Beratung durch erfahrene Stylisten verlassen k\u00f6nnen. Mit einer beeindruckenden Auswahl an Top-Marken, darunter Fashion Queen, sorgt Koonings daf\u00fcr, dass jede Braut ihr Traumkleid findet. Das B2516 ist f\u00fcr die Braut, die ihren Hochzeitstag in einem Kleid feiern m\u00f6chte, das sowohl elegant als auch zeitlos ist, mit einem modernen Twist, der nie aus der Mode kommt.","og_url":"https:\/\/www.koonings.com\/de\/product\/fashion-queen-b2516\/","og_site_name":"Koonings","article_publisher":"https:\/\/www.facebook.com\/kooningstheweddingpalace","article_modified_time":"2026-02-03T19:21:25+00:00","og_image":[{"width":1257,"height":1778,"url":"https:\/\/www.koonings.com\/wp-content\/uploads\/2025\/03\/49457_4f494c6c212bdccfa0cc46adcc9a66e1026ebeaa87026840353c44dee88fabb33cf35fbe.jpeg","type":"image\/jpeg"}],"twitter_card":"summary_large_image","twitter_misc":{"Gesch\u00e4tzte Lesezeit":"1\u00a0Minute"},"schema":{"@context":"https:\/\/schema.org","@graph":[{"@type":"WebPage","@id":"https:\/\/www.koonings.com\/de\/product\/fashion-queen-b2516\/","url":"https:\/\/www.koonings.com\/de\/product\/fashion-queen-b2516\/","name":"Mode K\u00f6nigin B2516 | Koonings","isPartOf":{"@id":"https:\/\/www.koonings.com\/de\/#website"},"primaryImageOfPage":{"@id":"https:\/\/www.koonings.com\/de\/product\/fashion-queen-b2516\/#primaryimage"},"image":{"@id":"https:\/\/www.koonings.com\/de\/product\/fashion-queen-b2516\/#primaryimage"},"thumbnailUrl":"https:\/\/www.koonings.com\/wp-content\/uploads\/2025\/03\/49457_4f494c6c212bdccfa0cc46adcc9a66e1026ebeaa87026840353c44dee88fabb33cf35fbe.jpeg","datePublished":"2025-12-14T23:50:05+00:00","dateModified":"2026-02-03T19:21:25+00:00","description":"Das Brautkleid B2516 von Fashion Queen ist ein atemberaubendes Design f\u00fcr die Braut, die einen klassischen und doch raffinierten Look sucht. Das Mieder des Kleides ist wundersch\u00f6n mit detaillierter Spitze und zarten Applikationen verziert, was dem Kleid einen romantischen und luxuri\u00f6sen Look verleiht. Der Rock in A-Linie f\u00e4llt elegant und schafft eine vertr\u00e4umte und feminine Silhouette, w\u00e4hrend die weichen Stoffe der Braut Komfort und Bewegungsfreiheit bieten. Das B2516 strahlt zeitlosen Charme aus, mit modernen Akzenten, die das Kleid absolut zeitgem\u00e4\u00df machen. Was dieses Kleid besonders macht, ist, dass das B2516 auch in \u00dcbergr\u00f6\u00dfen erh\u00e4ltlich ist. So kann sich jede Braut, unabh\u00e4ngig von ihrer Gr\u00f6\u00dfe, selbstbewusst und sch\u00f6n in einem Kleid f\u00fchlen, das perfekt sitzt und ihre Figur auf elegante Weise betont. Das B2516 ist exklusiv bei Koonings The Wedding Palace in Deurne erh\u00e4ltlich, der gr\u00f6\u00dften Brautmodenboutique der Welt. Koonings bietet ein luxuri\u00f6ses und einladendes Einkaufserlebnis, bei dem sich Br\u00e4ute aller Gr\u00f6\u00dfen auf die pers\u00f6nliche Beratung durch erfahrene Stylisten verlassen k\u00f6nnen. Mit einer beeindruckenden Auswahl an Top-Marken, darunter Fashion Queen, sorgt Koonings daf\u00fcr, dass jede Braut ihr Traumkleid findet. Das B2516 ist f\u00fcr die Braut, die ihren Hochzeitstag in einem Kleid feiern m\u00f6chte, das sowohl elegant als auch zeitlos ist, mit einem modernen Twist, der nie aus der Mode kommt.","breadcrumb":{"@id":"https:\/\/www.koonings.com\/de\/product\/fashion-queen-b2516\/#breadcrumb"},"inLanguage":"de","potentialAction":[{"@type":"ReadAction","target":["https:\/\/www.koonings.com\/de\/product\/fashion-queen-b2516\/"]}]},{"@type":"ImageObject","inLanguage":"de","@id":"https:\/\/www.koonings.com\/de\/product\/fashion-queen-b2516\/#primaryimage","url":"https:\/\/www.koonings.com\/wp-content\/uploads\/2025\/03\/49457_4f494c6c212bdccfa0cc46adcc9a66e1026ebeaa87026840353c44dee88fabb33cf35fbe.jpeg","contentUrl":"https:\/\/www.koonings.com\/wp-content\/uploads\/2025\/03\/49457_4f494c6c212bdccfa0cc46adcc9a66e1026ebeaa87026840353c44dee88fabb33cf35fbe.jpeg","width":1257,"height":1778},{"@type":"BreadcrumbList","@id":"https:\/\/www.koonings.com\/de\/product\/fashion-queen-b2516\/#breadcrumb","itemListElement":[{"@type":"ListItem","position":1,"name":"Home","item":"https:\/\/www.koonings.com\/de\/"},{"@type":"ListItem","position":2,"name":"Mode K\u00f6nigin B2516"}]},{"@type":"WebSite","@id":"https:\/\/www.koonings.com\/de\/#website","url":"https:\/\/www.koonings.com\/de\/","name":"Koonings","description":"De grootste bruidsmodewinkel ter wereld","publisher":{"@id":"https:\/\/www.koonings.com\/de\/#organization"},"potentialAction":[{"@type":"SearchAction","target":{"@type":"EntryPoint","urlTemplate":"https:\/\/www.koonings.com\/de\/?s={search_term_string}"},"query-input":{"@type":"PropertyValueSpecification","valueRequired":true,"valueName":"search_term_string"}}],"inLanguage":"de"},{"@type":"Organization","@id":"https:\/\/www.koonings.com\/de\/#organization","name":"Koonings","url":"https:\/\/www.koonings.com\/de\/","logo":{"@type":"ImageObject","inLanguage":"de","@id":"https:\/\/www.koonings.com\/de\/#\/schema\/logo\/image\/","url":"https:\/\/www.koonings.com\/wp-content\/uploads\/2024\/07\/logo.png","contentUrl":"https:\/\/www.koonings.com\/wp-content\/uploads\/2024\/07\/logo.png","width":600,"height":428,"caption":"Koonings"},"image":{"@id":"https:\/\/www.koonings.com\/de\/#\/schema\/logo\/image\/"},"sameAs":["https:\/\/www.facebook.com\/kooningstheweddingpalace","https:\/\/www.instagram.com\/kooningstheweddingpalace","https:\/\/www.pinterest.com\/koonings","https:\/\/www.youtube.com\/kooningstheweddingpalace"]}]}},"_links":{"self":[{"href":"https:\/\/www.koonings.com\/de\/wp-json\/wp\/v2\/product\/84689","targetHints":{"allow":["GET"]}}],"collection":[{"href":"https:\/\/www.koonings.com\/de\/wp-json\/wp\/v2\/product"}],"about":[{"href":"https:\/\/www.koonings.com\/de\/wp-json\/wp\/v2\/types\/product"}],"wp:featuredmedia":[{"embeddable":true,"href":"https:\/\/www.koonings.com\/de\/wp-json\/wp\/v2\/media\/82377"}],"wp:attachment":[{"href":"https:\/\/www.koonings.com\/de\/wp-json\/wp\/v2\/media?parent=84689"}],"wp:term":[{"taxonomy":"productdetails","embeddable":true,"href":"https:\/\/www.koonings.com\/de\/wp-json\/wp\/v2\/productdetails?post=84689"},{"taxonomy":"productneck","embeddable":true,"href":"https:\/\/www.koonings.com\/de\/wp-json\/wp\/v2\/productneck?post=84689"},{"taxonomy":"productcolor","embeddable":true,"href":"https:\/\/www.koonings.com\/de\/wp-json\/wp\/v2\/productcolor?post=84689"},{"taxonomy":"maat","embeddable":true,"href":"https:\/\/www.koonings.com\/de\/wp-json\/wp\/v2\/maat?post=84689"},{"taxonomy":"productsupplier","embeddable":true,"href":"https:\/\/www.koonings.com\/de\/wp-json\/wp\/v2\/productsupplier?post=84689"},{"taxonomy":"productsleeve","embeddable":true,"href":"https:\/\/www.koonings.com\/de\/wp-json\/wp\/v2\/productsleeve?post=84689"},{"taxonomy":"productcategory","embeddable":true,"href":"https:\/\/www.koonings.com\/de\/wp-json\/wp\/v2\/productcategory?post=84689"},{"taxonomy":"productsilhouette","embeddable":true,"href":"https:\/\/www.koonings.com\/de\/wp-json\/wp\/v2\/productsilhouette?post=84689"},{"taxonomy":"productstyle","embeddable":true,"href":"https:\/\/www.koonings.com\/de\/wp-json\/wp\/v2\/productstyle?post=84689"}],"curies":[{"name":"wp","href":"https:\/\/api.w.org\/{rel}","templated":true}]}}