{"id":84681,"date":"2026-04-28T18:30:18","date_gmt":"2026-04-28T16:30:18","guid":{"rendered":"https:\/\/www.koonings.com\/product\/wona-concept-hunter\/"},"modified":"2025-06-05T13:57:32","modified_gmt":"2025-06-05T11:57:32","slug":"wona-concept-hunter","status":"publish","type":"product","link":"https:\/\/www.koonings.com\/de\/product\/wona-concept-hunter\/","title":{"rendered":"Wona Concept Hunter"},"content":{"rendered":"<p>Das Hunter Brautkleid von Wona Concept ist ein Statement f\u00fcr pure Raffinesse und modernen Luxus. Das Design strahlt zeitlose Eleganz aus, mit einer perfekten Balance aus klassischer Sch\u00f6nheit und zeitgen\u00f6ssischem Flair. Das Kleid zeichnet sich durch eine schlanke Silhouette aus, die die weiblichen Kurven wundersch\u00f6n betont, kombiniert mit detaillierter Spitze und zarten Verarbeitungen, die f\u00fcr einen raffinierten Look sorgen. Das Hunter ist aus hochwertigen Stoffen gefertigt, die sanft fallen und sich elegant um den K\u00f6rper legen und Ihnen ein Gef\u00fchl von Komfort und Luxus an Ihrem gro\u00dfen Tag vermitteln.   <\/p>\n<p>Dieses bezaubernde Hochzeitskleid ist exklusiv bei Koonings The Wedding Palace in Deurne erh\u00e4ltlich, der gr\u00f6\u00dften Brautmodenboutique der Welt. Hier k\u00f6nnen Sie auf einen pers\u00f6nlichen und fachkundigen Service z\u00e4hlen, bei dem Sie mit erfahrenen Stylisten zusammenarbeiten k\u00f6nnen, um das perfekte Kleid f\u00fcr Ihre Hochzeit auszuw\u00e4hlen. Koonings bietet eine gro\u00dfe Auswahl an Top-Marken, darunter Wona Concept, und sorgt daf\u00fcr, dass jede Braut ihr Traumkleid in einer luxuri\u00f6sen und einladenden Umgebung findet. The Hunter ist f\u00fcr die Braut, die nach einem atemberaubenden, modernen Kleid mit zeitlosem Charme sucht.   <\/p>\n","protected":false},"featured_media":82258,"template":"","meta":{"_acf_changed":false,"ghostkit_customizer_options":"","ghostkit_custom_css":"","ghostkit_custom_js_head":"","ghostkit_custom_js_foot":"","ghostkit_typography":""},"productdetails":[379],"productneck":[352],"productcolor":[392],"maat":[],"productsupplier":[441],"productsleeve":[359],"productcategory":[18],"productsilhouette":[389],"productstyle":[369,370],"class_list":["post-84681","product","type-product","status-publish","has-post-thumbnail","hentry","productdetails-379","productneck-352","productcolor-392","productsupplier-wona-concept","productsleeve-359","productcategory-trouwjurken","productsilhouette-389","productstyle-369","productstyle-370"],"acf":[],"yoast_head":"<!-- This site is optimized with the Yoast SEO plugin v27.3 - https:\/\/yoast.com\/product\/yoast-seo-wordpress\/ -->\n<title>Wona Concept Hunter | Koonings<\/title>\n<meta name=\"description\" content=\"Das Hunter Brautkleid von Wona Concept ist ein Statement f\u00fcr pure Raffinesse und modernen Luxus. Das Design strahlt zeitlose Eleganz aus, mit einer perfekten Balance aus klassischer Sch\u00f6nheit und zeitgen\u00f6ssischem Flair. Das Kleid zeichnet sich durch eine schlanke Silhouette aus, die die weiblichen Kurven wundersch\u00f6n betont, kombiniert mit detaillierter Spitze und zarten Verarbeitungen, die f\u00fcr einen raffinierten Look sorgen. Das Hunter ist aus hochwertigen Stoffen gefertigt, die sanft fallen und sich elegant um den K\u00f6rper legen und Ihnen ein Gef\u00fchl von Komfort und Luxus an Ihrem gro\u00dfen Tag vermitteln. Dieses bezaubernde Hochzeitskleid ist exklusiv bei Koonings The Wedding Palace in Deurne erh\u00e4ltlich, der gr\u00f6\u00dften Brautmodenboutique der Welt. Hier k\u00f6nnen Sie auf einen pers\u00f6nlichen und fachkundigen Service z\u00e4hlen, bei dem Sie mit erfahrenen Stylisten zusammenarbeiten k\u00f6nnen, um das perfekte Kleid f\u00fcr Ihre Hochzeit auszuw\u00e4hlen. Koonings bietet eine gro\u00dfe Auswahl an Top-Marken, darunter Wona Concept, und sorgt daf\u00fcr, dass jede Braut ihr Traumkleid in einer luxuri\u00f6sen und einladenden Umgebung findet. The Hunter ist f\u00fcr die Braut, die nach einem atemberaubenden, modernen Kleid mit zeitlosem Charme sucht.\" \/>\n<meta name=\"robots\" content=\"index, follow, max-snippet:-1, max-image-preview:large, max-video-preview:-1\" \/>\n<link rel=\"canonical\" href=\"https:\/\/www.koonings.com\/de\/product\/wona-concept-hunter\/\" \/>\n<meta property=\"og:locale\" content=\"de_DE\" \/>\n<meta property=\"og:type\" content=\"article\" \/>\n<meta property=\"og:title\" content=\"Wona Concept Hunter | Koonings\" \/>\n<meta property=\"og:description\" content=\"Das Hunter Brautkleid von Wona Concept ist ein Statement f\u00fcr pure Raffinesse und modernen Luxus. Das Design strahlt zeitlose Eleganz aus, mit einer perfekten Balance aus klassischer Sch\u00f6nheit und zeitgen\u00f6ssischem Flair. Das Kleid zeichnet sich durch eine schlanke Silhouette aus, die die weiblichen Kurven wundersch\u00f6n betont, kombiniert mit detaillierter Spitze und zarten Verarbeitungen, die f\u00fcr einen raffinierten Look sorgen. Das Hunter ist aus hochwertigen Stoffen gefertigt, die sanft fallen und sich elegant um den K\u00f6rper legen und Ihnen ein Gef\u00fchl von Komfort und Luxus an Ihrem gro\u00dfen Tag vermitteln. Dieses bezaubernde Hochzeitskleid ist exklusiv bei Koonings The Wedding Palace in Deurne erh\u00e4ltlich, der gr\u00f6\u00dften Brautmodenboutique der Welt. Hier k\u00f6nnen Sie auf einen pers\u00f6nlichen und fachkundigen Service z\u00e4hlen, bei dem Sie mit erfahrenen Stylisten zusammenarbeiten k\u00f6nnen, um das perfekte Kleid f\u00fcr Ihre Hochzeit auszuw\u00e4hlen. Koonings bietet eine gro\u00dfe Auswahl an Top-Marken, darunter Wona Concept, und sorgt daf\u00fcr, dass jede Braut ihr Traumkleid in einer luxuri\u00f6sen und einladenden Umgebung findet. The Hunter ist f\u00fcr die Braut, die nach einem atemberaubenden, modernen Kleid mit zeitlosem Charme sucht.\" \/>\n<meta property=\"og:url\" content=\"https:\/\/www.koonings.com\/de\/product\/wona-concept-hunter\/\" \/>\n<meta property=\"og:site_name\" content=\"Koonings\" \/>\n<meta property=\"article:publisher\" content=\"https:\/\/www.facebook.com\/kooningstheweddingpalace\" \/>\n<meta property=\"og:image\" content=\"https:\/\/www.koonings.com\/wp-content\/uploads\/2025\/03\/49641_6eb514787a6ef0777b8892d34d0ca339216b83ba128c4dce8df0b31630e8993da11a9860.jpeg\" \/>\n\t<meta property=\"og:image:width\" content=\"747\" \/>\n\t<meta property=\"og:image:height\" content=\"1056\" \/>\n\t<meta property=\"og:image:type\" content=\"image\/jpeg\" \/>\n<meta name=\"twitter:card\" content=\"summary_large_image\" \/>\n<meta name=\"twitter:label1\" content=\"Gesch\u00e4tzte Lesezeit\" \/>\n\t<meta name=\"twitter:data1\" content=\"1\u00a0Minute\" \/>\n<script type=\"application\/ld+json\" class=\"yoast-schema-graph\">{\"@context\":\"https:\\\/\\\/schema.org\",\"@graph\":[{\"@type\":\"WebPage\",\"@id\":\"https:\\\/\\\/www.koonings.com\\\/de\\\/product\\\/wona-concept-hunter\\\/\",\"url\":\"https:\\\/\\\/www.koonings.com\\\/de\\\/product\\\/wona-concept-hunter\\\/\",\"name\":\"Wona Concept Hunter | Koonings\",\"isPartOf\":{\"@id\":\"https:\\\/\\\/www.koonings.com\\\/de\\\/#website\"},\"primaryImageOfPage\":{\"@id\":\"https:\\\/\\\/www.koonings.com\\\/de\\\/product\\\/wona-concept-hunter\\\/#primaryimage\"},\"image\":{\"@id\":\"https:\\\/\\\/www.koonings.com\\\/de\\\/product\\\/wona-concept-hunter\\\/#primaryimage\"},\"thumbnailUrl\":\"https:\\\/\\\/www.koonings.com\\\/wp-content\\\/uploads\\\/2025\\\/03\\\/49641_6eb514787a6ef0777b8892d34d0ca339216b83ba128c4dce8df0b31630e8993da11a9860.jpeg\",\"datePublished\":\"2026-04-28T16:30:18+00:00\",\"description\":\"Das Hunter Brautkleid von Wona Concept ist ein Statement f\u00fcr pure Raffinesse und modernen Luxus. Das Design strahlt zeitlose Eleganz aus, mit einer perfekten Balance aus klassischer Sch\u00f6nheit und zeitgen\u00f6ssischem Flair. Das Kleid zeichnet sich durch eine schlanke Silhouette aus, die die weiblichen Kurven wundersch\u00f6n betont, kombiniert mit detaillierter Spitze und zarten Verarbeitungen, die f\u00fcr einen raffinierten Look sorgen. Das Hunter ist aus hochwertigen Stoffen gefertigt, die sanft fallen und sich elegant um den K\u00f6rper legen und Ihnen ein Gef\u00fchl von Komfort und Luxus an Ihrem gro\u00dfen Tag vermitteln. Dieses bezaubernde Hochzeitskleid ist exklusiv bei Koonings The Wedding Palace in Deurne erh\u00e4ltlich, der gr\u00f6\u00dften Brautmodenboutique der Welt. Hier k\u00f6nnen Sie auf einen pers\u00f6nlichen und fachkundigen Service z\u00e4hlen, bei dem Sie mit erfahrenen Stylisten zusammenarbeiten k\u00f6nnen, um das perfekte Kleid f\u00fcr Ihre Hochzeit auszuw\u00e4hlen. Koonings bietet eine gro\u00dfe Auswahl an Top-Marken, darunter Wona Concept, und sorgt daf\u00fcr, dass jede Braut ihr Traumkleid in einer luxuri\u00f6sen und einladenden Umgebung findet. The Hunter ist f\u00fcr die Braut, die nach einem atemberaubenden, modernen Kleid mit zeitlosem Charme sucht.\",\"breadcrumb\":{\"@id\":\"https:\\\/\\\/www.koonings.com\\\/de\\\/product\\\/wona-concept-hunter\\\/#breadcrumb\"},\"inLanguage\":\"de\",\"potentialAction\":[{\"@type\":\"ReadAction\",\"target\":[\"https:\\\/\\\/www.koonings.com\\\/de\\\/product\\\/wona-concept-hunter\\\/\"]}]},{\"@type\":\"ImageObject\",\"inLanguage\":\"de\",\"@id\":\"https:\\\/\\\/www.koonings.com\\\/de\\\/product\\\/wona-concept-hunter\\\/#primaryimage\",\"url\":\"https:\\\/\\\/www.koonings.com\\\/wp-content\\\/uploads\\\/2025\\\/03\\\/49641_6eb514787a6ef0777b8892d34d0ca339216b83ba128c4dce8df0b31630e8993da11a9860.jpeg\",\"contentUrl\":\"https:\\\/\\\/www.koonings.com\\\/wp-content\\\/uploads\\\/2025\\\/03\\\/49641_6eb514787a6ef0777b8892d34d0ca339216b83ba128c4dce8df0b31630e8993da11a9860.jpeg\",\"width\":747,\"height\":1056},{\"@type\":\"BreadcrumbList\",\"@id\":\"https:\\\/\\\/www.koonings.com\\\/de\\\/product\\\/wona-concept-hunter\\\/#breadcrumb\",\"itemListElement\":[{\"@type\":\"ListItem\",\"position\":1,\"name\":\"Home\",\"item\":\"https:\\\/\\\/www.koonings.com\\\/de\\\/\"},{\"@type\":\"ListItem\",\"position\":2,\"name\":\"Wona Concept Hunter\"}]},{\"@type\":\"WebSite\",\"@id\":\"https:\\\/\\\/www.koonings.com\\\/de\\\/#website\",\"url\":\"https:\\\/\\\/www.koonings.com\\\/de\\\/\",\"name\":\"Koonings\",\"description\":\"De grootste bruidsmodewinkel ter wereld\",\"publisher\":{\"@id\":\"https:\\\/\\\/www.koonings.com\\\/de\\\/#organization\"},\"potentialAction\":[{\"@type\":\"SearchAction\",\"target\":{\"@type\":\"EntryPoint\",\"urlTemplate\":\"https:\\\/\\\/www.koonings.com\\\/de\\\/?s={search_term_string}\"},\"query-input\":{\"@type\":\"PropertyValueSpecification\",\"valueRequired\":true,\"valueName\":\"search_term_string\"}}],\"inLanguage\":\"de\"},{\"@type\":\"Organization\",\"@id\":\"https:\\\/\\\/www.koonings.com\\\/de\\\/#organization\",\"name\":\"Koonings\",\"url\":\"https:\\\/\\\/www.koonings.com\\\/de\\\/\",\"logo\":{\"@type\":\"ImageObject\",\"inLanguage\":\"de\",\"@id\":\"https:\\\/\\\/www.koonings.com\\\/de\\\/#\\\/schema\\\/logo\\\/image\\\/\",\"url\":\"https:\\\/\\\/www.koonings.com\\\/wp-content\\\/uploads\\\/2024\\\/07\\\/logo.png\",\"contentUrl\":\"https:\\\/\\\/www.koonings.com\\\/wp-content\\\/uploads\\\/2024\\\/07\\\/logo.png\",\"width\":600,\"height\":428,\"caption\":\"Koonings\"},\"image\":{\"@id\":\"https:\\\/\\\/www.koonings.com\\\/de\\\/#\\\/schema\\\/logo\\\/image\\\/\"},\"sameAs\":[\"https:\\\/\\\/www.facebook.com\\\/kooningstheweddingpalace\",\"https:\\\/\\\/www.instagram.com\\\/kooningstheweddingpalace\",\"https:\\\/\\\/www.pinterest.com\\\/koonings\",\"https:\\\/\\\/www.youtube.com\\\/kooningstheweddingpalace\"]}]}<\/script>\n<!-- \/ Yoast SEO plugin. -->","yoast_head_json":{"title":"Wona Concept Hunter | Koonings","description":"Das Hunter Brautkleid von Wona Concept ist ein Statement f\u00fcr pure Raffinesse und modernen Luxus. Das Design strahlt zeitlose Eleganz aus, mit einer perfekten Balance aus klassischer Sch\u00f6nheit und zeitgen\u00f6ssischem Flair. Das Kleid zeichnet sich durch eine schlanke Silhouette aus, die die weiblichen Kurven wundersch\u00f6n betont, kombiniert mit detaillierter Spitze und zarten Verarbeitungen, die f\u00fcr einen raffinierten Look sorgen. Das Hunter ist aus hochwertigen Stoffen gefertigt, die sanft fallen und sich elegant um den K\u00f6rper legen und Ihnen ein Gef\u00fchl von Komfort und Luxus an Ihrem gro\u00dfen Tag vermitteln. Dieses bezaubernde Hochzeitskleid ist exklusiv bei Koonings The Wedding Palace in Deurne erh\u00e4ltlich, der gr\u00f6\u00dften Brautmodenboutique der Welt. Hier k\u00f6nnen Sie auf einen pers\u00f6nlichen und fachkundigen Service z\u00e4hlen, bei dem Sie mit erfahrenen Stylisten zusammenarbeiten k\u00f6nnen, um das perfekte Kleid f\u00fcr Ihre Hochzeit auszuw\u00e4hlen. Koonings bietet eine gro\u00dfe Auswahl an Top-Marken, darunter Wona Concept, und sorgt daf\u00fcr, dass jede Braut ihr Traumkleid in einer luxuri\u00f6sen und einladenden Umgebung findet. The Hunter ist f\u00fcr die Braut, die nach einem atemberaubenden, modernen Kleid mit zeitlosem Charme sucht.","robots":{"index":"index","follow":"follow","max-snippet":"max-snippet:-1","max-image-preview":"max-image-preview:large","max-video-preview":"max-video-preview:-1"},"canonical":"https:\/\/www.koonings.com\/de\/product\/wona-concept-hunter\/","og_locale":"de_DE","og_type":"article","og_title":"Wona Concept Hunter | Koonings","og_description":"Das Hunter Brautkleid von Wona Concept ist ein Statement f\u00fcr pure Raffinesse und modernen Luxus. Das Design strahlt zeitlose Eleganz aus, mit einer perfekten Balance aus klassischer Sch\u00f6nheit und zeitgen\u00f6ssischem Flair. Das Kleid zeichnet sich durch eine schlanke Silhouette aus, die die weiblichen Kurven wundersch\u00f6n betont, kombiniert mit detaillierter Spitze und zarten Verarbeitungen, die f\u00fcr einen raffinierten Look sorgen. Das Hunter ist aus hochwertigen Stoffen gefertigt, die sanft fallen und sich elegant um den K\u00f6rper legen und Ihnen ein Gef\u00fchl von Komfort und Luxus an Ihrem gro\u00dfen Tag vermitteln. Dieses bezaubernde Hochzeitskleid ist exklusiv bei Koonings The Wedding Palace in Deurne erh\u00e4ltlich, der gr\u00f6\u00dften Brautmodenboutique der Welt. Hier k\u00f6nnen Sie auf einen pers\u00f6nlichen und fachkundigen Service z\u00e4hlen, bei dem Sie mit erfahrenen Stylisten zusammenarbeiten k\u00f6nnen, um das perfekte Kleid f\u00fcr Ihre Hochzeit auszuw\u00e4hlen. Koonings bietet eine gro\u00dfe Auswahl an Top-Marken, darunter Wona Concept, und sorgt daf\u00fcr, dass jede Braut ihr Traumkleid in einer luxuri\u00f6sen und einladenden Umgebung findet. The Hunter ist f\u00fcr die Braut, die nach einem atemberaubenden, modernen Kleid mit zeitlosem Charme sucht.","og_url":"https:\/\/www.koonings.com\/de\/product\/wona-concept-hunter\/","og_site_name":"Koonings","article_publisher":"https:\/\/www.facebook.com\/kooningstheweddingpalace","og_image":[{"width":747,"height":1056,"url":"https:\/\/www.koonings.com\/wp-content\/uploads\/2025\/03\/49641_6eb514787a6ef0777b8892d34d0ca339216b83ba128c4dce8df0b31630e8993da11a9860.jpeg","type":"image\/jpeg"}],"twitter_card":"summary_large_image","twitter_misc":{"Gesch\u00e4tzte Lesezeit":"1\u00a0Minute"},"schema":{"@context":"https:\/\/schema.org","@graph":[{"@type":"WebPage","@id":"https:\/\/www.koonings.com\/de\/product\/wona-concept-hunter\/","url":"https:\/\/www.koonings.com\/de\/product\/wona-concept-hunter\/","name":"Wona Concept Hunter | Koonings","isPartOf":{"@id":"https:\/\/www.koonings.com\/de\/#website"},"primaryImageOfPage":{"@id":"https:\/\/www.koonings.com\/de\/product\/wona-concept-hunter\/#primaryimage"},"image":{"@id":"https:\/\/www.koonings.com\/de\/product\/wona-concept-hunter\/#primaryimage"},"thumbnailUrl":"https:\/\/www.koonings.com\/wp-content\/uploads\/2025\/03\/49641_6eb514787a6ef0777b8892d34d0ca339216b83ba128c4dce8df0b31630e8993da11a9860.jpeg","datePublished":"2026-04-28T16:30:18+00:00","description":"Das Hunter Brautkleid von Wona Concept ist ein Statement f\u00fcr pure Raffinesse und modernen Luxus. Das Design strahlt zeitlose Eleganz aus, mit einer perfekten Balance aus klassischer Sch\u00f6nheit und zeitgen\u00f6ssischem Flair. Das Kleid zeichnet sich durch eine schlanke Silhouette aus, die die weiblichen Kurven wundersch\u00f6n betont, kombiniert mit detaillierter Spitze und zarten Verarbeitungen, die f\u00fcr einen raffinierten Look sorgen. Das Hunter ist aus hochwertigen Stoffen gefertigt, die sanft fallen und sich elegant um den K\u00f6rper legen und Ihnen ein Gef\u00fchl von Komfort und Luxus an Ihrem gro\u00dfen Tag vermitteln. Dieses bezaubernde Hochzeitskleid ist exklusiv bei Koonings The Wedding Palace in Deurne erh\u00e4ltlich, der gr\u00f6\u00dften Brautmodenboutique der Welt. Hier k\u00f6nnen Sie auf einen pers\u00f6nlichen und fachkundigen Service z\u00e4hlen, bei dem Sie mit erfahrenen Stylisten zusammenarbeiten k\u00f6nnen, um das perfekte Kleid f\u00fcr Ihre Hochzeit auszuw\u00e4hlen. Koonings bietet eine gro\u00dfe Auswahl an Top-Marken, darunter Wona Concept, und sorgt daf\u00fcr, dass jede Braut ihr Traumkleid in einer luxuri\u00f6sen und einladenden Umgebung findet. The Hunter ist f\u00fcr die Braut, die nach einem atemberaubenden, modernen Kleid mit zeitlosem Charme sucht.","breadcrumb":{"@id":"https:\/\/www.koonings.com\/de\/product\/wona-concept-hunter\/#breadcrumb"},"inLanguage":"de","potentialAction":[{"@type":"ReadAction","target":["https:\/\/www.koonings.com\/de\/product\/wona-concept-hunter\/"]}]},{"@type":"ImageObject","inLanguage":"de","@id":"https:\/\/www.koonings.com\/de\/product\/wona-concept-hunter\/#primaryimage","url":"https:\/\/www.koonings.com\/wp-content\/uploads\/2025\/03\/49641_6eb514787a6ef0777b8892d34d0ca339216b83ba128c4dce8df0b31630e8993da11a9860.jpeg","contentUrl":"https:\/\/www.koonings.com\/wp-content\/uploads\/2025\/03\/49641_6eb514787a6ef0777b8892d34d0ca339216b83ba128c4dce8df0b31630e8993da11a9860.jpeg","width":747,"height":1056},{"@type":"BreadcrumbList","@id":"https:\/\/www.koonings.com\/de\/product\/wona-concept-hunter\/#breadcrumb","itemListElement":[{"@type":"ListItem","position":1,"name":"Home","item":"https:\/\/www.koonings.com\/de\/"},{"@type":"ListItem","position":2,"name":"Wona Concept Hunter"}]},{"@type":"WebSite","@id":"https:\/\/www.koonings.com\/de\/#website","url":"https:\/\/www.koonings.com\/de\/","name":"Koonings","description":"De grootste bruidsmodewinkel ter wereld","publisher":{"@id":"https:\/\/www.koonings.com\/de\/#organization"},"potentialAction":[{"@type":"SearchAction","target":{"@type":"EntryPoint","urlTemplate":"https:\/\/www.koonings.com\/de\/?s={search_term_string}"},"query-input":{"@type":"PropertyValueSpecification","valueRequired":true,"valueName":"search_term_string"}}],"inLanguage":"de"},{"@type":"Organization","@id":"https:\/\/www.koonings.com\/de\/#organization","name":"Koonings","url":"https:\/\/www.koonings.com\/de\/","logo":{"@type":"ImageObject","inLanguage":"de","@id":"https:\/\/www.koonings.com\/de\/#\/schema\/logo\/image\/","url":"https:\/\/www.koonings.com\/wp-content\/uploads\/2024\/07\/logo.png","contentUrl":"https:\/\/www.koonings.com\/wp-content\/uploads\/2024\/07\/logo.png","width":600,"height":428,"caption":"Koonings"},"image":{"@id":"https:\/\/www.koonings.com\/de\/#\/schema\/logo\/image\/"},"sameAs":["https:\/\/www.facebook.com\/kooningstheweddingpalace","https:\/\/www.instagram.com\/kooningstheweddingpalace","https:\/\/www.pinterest.com\/koonings","https:\/\/www.youtube.com\/kooningstheweddingpalace"]}]}},"_links":{"self":[{"href":"https:\/\/www.koonings.com\/de\/wp-json\/wp\/v2\/product\/84681","targetHints":{"allow":["GET"]}}],"collection":[{"href":"https:\/\/www.koonings.com\/de\/wp-json\/wp\/v2\/product"}],"about":[{"href":"https:\/\/www.koonings.com\/de\/wp-json\/wp\/v2\/types\/product"}],"wp:featuredmedia":[{"embeddable":true,"href":"https:\/\/www.koonings.com\/de\/wp-json\/wp\/v2\/media\/82258"}],"wp:attachment":[{"href":"https:\/\/www.koonings.com\/de\/wp-json\/wp\/v2\/media?parent=84681"}],"wp:term":[{"taxonomy":"productdetails","embeddable":true,"href":"https:\/\/www.koonings.com\/de\/wp-json\/wp\/v2\/productdetails?post=84681"},{"taxonomy":"productneck","embeddable":true,"href":"https:\/\/www.koonings.com\/de\/wp-json\/wp\/v2\/productneck?post=84681"},{"taxonomy":"productcolor","embeddable":true,"href":"https:\/\/www.koonings.com\/de\/wp-json\/wp\/v2\/productcolor?post=84681"},{"taxonomy":"maat","embeddable":true,"href":"https:\/\/www.koonings.com\/de\/wp-json\/wp\/v2\/maat?post=84681"},{"taxonomy":"productsupplier","embeddable":true,"href":"https:\/\/www.koonings.com\/de\/wp-json\/wp\/v2\/productsupplier?post=84681"},{"taxonomy":"productsleeve","embeddable":true,"href":"https:\/\/www.koonings.com\/de\/wp-json\/wp\/v2\/productsleeve?post=84681"},{"taxonomy":"productcategory","embeddable":true,"href":"https:\/\/www.koonings.com\/de\/wp-json\/wp\/v2\/productcategory?post=84681"},{"taxonomy":"productsilhouette","embeddable":true,"href":"https:\/\/www.koonings.com\/de\/wp-json\/wp\/v2\/productsilhouette?post=84681"},{"taxonomy":"productstyle","embeddable":true,"href":"https:\/\/www.koonings.com\/de\/wp-json\/wp\/v2\/productstyle?post=84681"}],"curies":[{"name":"wp","href":"https:\/\/api.w.org\/{rel}","templated":true}]}}