{"id":84675,"date":"2026-04-21T18:30:58","date_gmt":"2026-04-21T16:30:58","guid":{"rendered":"https:\/\/www.koonings.com\/product\/milla-nova-ashlyn-bollero\/"},"modified":"2025-06-05T13:57:17","modified_gmt":"2025-06-05T11:57:17","slug":"milla-nova-ashlyn-bollero","status":"publish","type":"product","link":"https:\/\/www.koonings.com\/de\/product\/milla-nova-ashlyn-bollero\/","title":{"rendered":"Milla Nova Ashlyn + bollero"},"content":{"rendered":"<p>Das Ashlyn Brautkleid von Milla Nova Sounds of Couture ist ein wahrhaft atemberaubendes Design, perfekt f\u00fcr die Braut, die von einem luxuri\u00f6sen Look mit modernem Flair tr\u00e4umt. Das Modell kombiniert einen raffinierten Schnitt mit beeindruckenden Details, die dem Kleid einen bezaubernden Look verleihen. Das Mieder ist wundersch\u00f6n mit detaillierter Spitze und subtilen Glitzerakzenten verziert, die ihm ein funkelndes, glamour\u00f6ses Finish verleihen. Der Rock des Ashlyn f\u00e4llt in einer eleganten A-Linie mit weichen, flie\u00dfenden Lagen, die der Braut ein k\u00f6nigliches Aussehen verleihen und gleichzeitig ein Gef\u00fchl von Leichtigkeit und Bewegung vermitteln.   <\/p>\n<p>Dieses exklusive Hochzeitskleid ist bei Koonings The Wedding Palace in Deurne erh\u00e4ltlich, der gr\u00f6\u00dften Brautmodenboutique der Welt. Koonings bietet Br\u00e4uten ein unvergleichliches Erlebnis in einer luxuri\u00f6sen und einladenden Umgebung, wo erfahrene Stylisten ihnen helfen, das perfekte Kleid f\u00fcr ihren gro\u00dfen Tag zu finden. Mit einer gro\u00dfen Auswahl an Top-Marken, darunter Milla Nova Sounds of Couture, bietet Koonings das ultimative Brautmodenerlebnis. Das Ashlyn ist f\u00fcr die Braut, die ihren Hochzeitstag in einem Kleid feiern m\u00f6chte, das Eleganz, Glamour und zeitlose Sch\u00f6nheit ausstrahlt.   <\/p>\n","protected":false},"featured_media":82102,"template":"","meta":{"_acf_changed":false,"ghostkit_customizer_options":"","ghostkit_custom_css":"","ghostkit_custom_js_head":"","ghostkit_custom_js_foot":"","ghostkit_typography":""},"productdetails":[379],"productneck":[355],"productcolor":[392],"maat":[],"productsupplier":[446],"productsleeve":[359],"productcategory":[18],"productsilhouette":[384],"productstyle":[367,372,366],"class_list":["post-84675","product","type-product","status-publish","has-post-thumbnail","hentry","productdetails-379","productneck-355","productcolor-392","productsupplier-milla-nova","productsleeve-359","productcategory-trouwjurken","productsilhouette-384","productstyle-367","productstyle-372","productstyle-366"],"acf":[],"yoast_head":"<!-- This site is optimized with the Yoast SEO plugin v27.3 - https:\/\/yoast.com\/product\/yoast-seo-wordpress\/ -->\n<title>Milla Nova Ashlyn + bollero | Koonings<\/title>\n<meta name=\"description\" content=\"Das Ashlyn Brautkleid von Milla Nova Sounds of Couture ist ein wahrhaft atemberaubendes Design, perfekt f\u00fcr die Braut, die von einem luxuri\u00f6sen Look mit modernem Flair tr\u00e4umt. Das Modell kombiniert einen raffinierten Schnitt mit beeindruckenden Details, die dem Kleid einen bezaubernden Look verleihen. Das Mieder ist wundersch\u00f6n mit detaillierter Spitze und subtilen Glitzerakzenten verziert, die ihm ein funkelndes, glamour\u00f6ses Finish verleihen. Der Rock des Ashlyn f\u00e4llt in einer eleganten A-Linie mit weichen, flie\u00dfenden Lagen, die der Braut ein k\u00f6nigliches Aussehen verleihen und gleichzeitig ein Gef\u00fchl von Leichtigkeit und Bewegung vermitteln. Dieses exklusive Hochzeitskleid ist bei Koonings The Wedding Palace in Deurne erh\u00e4ltlich, der gr\u00f6\u00dften Brautmodenboutique der Welt. Koonings bietet Br\u00e4uten ein unvergleichliches Erlebnis in einer luxuri\u00f6sen und einladenden Umgebung, wo erfahrene Stylisten ihnen helfen, das perfekte Kleid f\u00fcr ihren gro\u00dfen Tag zu finden. Mit einer gro\u00dfen Auswahl an Top-Marken, darunter Milla Nova Sounds of Couture, bietet Koonings das ultimative Brautmodenerlebnis. Das Ashlyn ist f\u00fcr die Braut, die ihren Hochzeitstag in einem Kleid feiern m\u00f6chte, das Eleganz, Glamour und zeitlose Sch\u00f6nheit ausstrahlt.\" \/>\n<meta name=\"robots\" content=\"index, follow, max-snippet:-1, max-image-preview:large, max-video-preview:-1\" \/>\n<link rel=\"canonical\" href=\"https:\/\/www.koonings.com\/de\/product\/milla-nova-ashlyn-bollero\/\" \/>\n<meta property=\"og:locale\" content=\"de_DE\" \/>\n<meta property=\"og:type\" content=\"article\" \/>\n<meta property=\"og:title\" content=\"Milla Nova Ashlyn + bollero | Koonings\" \/>\n<meta property=\"og:description\" content=\"Das Ashlyn Brautkleid von Milla Nova Sounds of Couture ist ein wahrhaft atemberaubendes Design, perfekt f\u00fcr die Braut, die von einem luxuri\u00f6sen Look mit modernem Flair tr\u00e4umt. Das Modell kombiniert einen raffinierten Schnitt mit beeindruckenden Details, die dem Kleid einen bezaubernden Look verleihen. Das Mieder ist wundersch\u00f6n mit detaillierter Spitze und subtilen Glitzerakzenten verziert, die ihm ein funkelndes, glamour\u00f6ses Finish verleihen. Der Rock des Ashlyn f\u00e4llt in einer eleganten A-Linie mit weichen, flie\u00dfenden Lagen, die der Braut ein k\u00f6nigliches Aussehen verleihen und gleichzeitig ein Gef\u00fchl von Leichtigkeit und Bewegung vermitteln. Dieses exklusive Hochzeitskleid ist bei Koonings The Wedding Palace in Deurne erh\u00e4ltlich, der gr\u00f6\u00dften Brautmodenboutique der Welt. Koonings bietet Br\u00e4uten ein unvergleichliches Erlebnis in einer luxuri\u00f6sen und einladenden Umgebung, wo erfahrene Stylisten ihnen helfen, das perfekte Kleid f\u00fcr ihren gro\u00dfen Tag zu finden. Mit einer gro\u00dfen Auswahl an Top-Marken, darunter Milla Nova Sounds of Couture, bietet Koonings das ultimative Brautmodenerlebnis. Das Ashlyn ist f\u00fcr die Braut, die ihren Hochzeitstag in einem Kleid feiern m\u00f6chte, das Eleganz, Glamour und zeitlose Sch\u00f6nheit ausstrahlt.\" \/>\n<meta property=\"og:url\" content=\"https:\/\/www.koonings.com\/de\/product\/milla-nova-ashlyn-bollero\/\" \/>\n<meta property=\"og:site_name\" content=\"Koonings\" \/>\n<meta property=\"article:publisher\" content=\"https:\/\/www.facebook.com\/kooningstheweddingpalace\" \/>\n<meta property=\"og:image\" content=\"https:\/\/www.koonings.com\/wp-content\/uploads\/2025\/03\/49514_296d313312e2f38682361f2300ed2891dac232fe99986f954ca4c7d3313254d609ded4dd-scaled.jpeg\" \/>\n\t<meta property=\"og:image:width\" content=\"1776\" \/>\n\t<meta property=\"og:image:height\" content=\"2560\" \/>\n\t<meta property=\"og:image:type\" content=\"image\/jpeg\" \/>\n<meta name=\"twitter:card\" content=\"summary_large_image\" \/>\n<meta name=\"twitter:label1\" content=\"Gesch\u00e4tzte Lesezeit\" \/>\n\t<meta name=\"twitter:data1\" content=\"1\u00a0Minute\" \/>\n<script type=\"application\/ld+json\" class=\"yoast-schema-graph\">{\"@context\":\"https:\\\/\\\/schema.org\",\"@graph\":[{\"@type\":\"WebPage\",\"@id\":\"https:\\\/\\\/www.koonings.com\\\/de\\\/product\\\/milla-nova-ashlyn-bollero\\\/\",\"url\":\"https:\\\/\\\/www.koonings.com\\\/de\\\/product\\\/milla-nova-ashlyn-bollero\\\/\",\"name\":\"Milla Nova Ashlyn + bollero | Koonings\",\"isPartOf\":{\"@id\":\"https:\\\/\\\/www.koonings.com\\\/de\\\/#website\"},\"primaryImageOfPage\":{\"@id\":\"https:\\\/\\\/www.koonings.com\\\/de\\\/product\\\/milla-nova-ashlyn-bollero\\\/#primaryimage\"},\"image\":{\"@id\":\"https:\\\/\\\/www.koonings.com\\\/de\\\/product\\\/milla-nova-ashlyn-bollero\\\/#primaryimage\"},\"thumbnailUrl\":\"https:\\\/\\\/www.koonings.com\\\/wp-content\\\/uploads\\\/2025\\\/03\\\/49514_296d313312e2f38682361f2300ed2891dac232fe99986f954ca4c7d3313254d609ded4dd-scaled.jpeg\",\"datePublished\":\"2026-04-21T16:30:58+00:00\",\"description\":\"Das Ashlyn Brautkleid von Milla Nova Sounds of Couture ist ein wahrhaft atemberaubendes Design, perfekt f\u00fcr die Braut, die von einem luxuri\u00f6sen Look mit modernem Flair tr\u00e4umt. Das Modell kombiniert einen raffinierten Schnitt mit beeindruckenden Details, die dem Kleid einen bezaubernden Look verleihen. Das Mieder ist wundersch\u00f6n mit detaillierter Spitze und subtilen Glitzerakzenten verziert, die ihm ein funkelndes, glamour\u00f6ses Finish verleihen. Der Rock des Ashlyn f\u00e4llt in einer eleganten A-Linie mit weichen, flie\u00dfenden Lagen, die der Braut ein k\u00f6nigliches Aussehen verleihen und gleichzeitig ein Gef\u00fchl von Leichtigkeit und Bewegung vermitteln. Dieses exklusive Hochzeitskleid ist bei Koonings The Wedding Palace in Deurne erh\u00e4ltlich, der gr\u00f6\u00dften Brautmodenboutique der Welt. Koonings bietet Br\u00e4uten ein unvergleichliches Erlebnis in einer luxuri\u00f6sen und einladenden Umgebung, wo erfahrene Stylisten ihnen helfen, das perfekte Kleid f\u00fcr ihren gro\u00dfen Tag zu finden. Mit einer gro\u00dfen Auswahl an Top-Marken, darunter Milla Nova Sounds of Couture, bietet Koonings das ultimative Brautmodenerlebnis. Das Ashlyn ist f\u00fcr die Braut, die ihren Hochzeitstag in einem Kleid feiern m\u00f6chte, das Eleganz, Glamour und zeitlose Sch\u00f6nheit ausstrahlt.\",\"breadcrumb\":{\"@id\":\"https:\\\/\\\/www.koonings.com\\\/de\\\/product\\\/milla-nova-ashlyn-bollero\\\/#breadcrumb\"},\"inLanguage\":\"de\",\"potentialAction\":[{\"@type\":\"ReadAction\",\"target\":[\"https:\\\/\\\/www.koonings.com\\\/de\\\/product\\\/milla-nova-ashlyn-bollero\\\/\"]}]},{\"@type\":\"ImageObject\",\"inLanguage\":\"de\",\"@id\":\"https:\\\/\\\/www.koonings.com\\\/de\\\/product\\\/milla-nova-ashlyn-bollero\\\/#primaryimage\",\"url\":\"https:\\\/\\\/www.koonings.com\\\/wp-content\\\/uploads\\\/2025\\\/03\\\/49514_296d313312e2f38682361f2300ed2891dac232fe99986f954ca4c7d3313254d609ded4dd-scaled.jpeg\",\"contentUrl\":\"https:\\\/\\\/www.koonings.com\\\/wp-content\\\/uploads\\\/2025\\\/03\\\/49514_296d313312e2f38682361f2300ed2891dac232fe99986f954ca4c7d3313254d609ded4dd-scaled.jpeg\",\"width\":1776,\"height\":2560},{\"@type\":\"BreadcrumbList\",\"@id\":\"https:\\\/\\\/www.koonings.com\\\/de\\\/product\\\/milla-nova-ashlyn-bollero\\\/#breadcrumb\",\"itemListElement\":[{\"@type\":\"ListItem\",\"position\":1,\"name\":\"Home\",\"item\":\"https:\\\/\\\/www.koonings.com\\\/de\\\/\"},{\"@type\":\"ListItem\",\"position\":2,\"name\":\"Milla Nova Ashlyn + bollero\"}]},{\"@type\":\"WebSite\",\"@id\":\"https:\\\/\\\/www.koonings.com\\\/de\\\/#website\",\"url\":\"https:\\\/\\\/www.koonings.com\\\/de\\\/\",\"name\":\"Koonings\",\"description\":\"De grootste bruidsmodewinkel ter wereld\",\"publisher\":{\"@id\":\"https:\\\/\\\/www.koonings.com\\\/de\\\/#organization\"},\"potentialAction\":[{\"@type\":\"SearchAction\",\"target\":{\"@type\":\"EntryPoint\",\"urlTemplate\":\"https:\\\/\\\/www.koonings.com\\\/de\\\/?s={search_term_string}\"},\"query-input\":{\"@type\":\"PropertyValueSpecification\",\"valueRequired\":true,\"valueName\":\"search_term_string\"}}],\"inLanguage\":\"de\"},{\"@type\":\"Organization\",\"@id\":\"https:\\\/\\\/www.koonings.com\\\/de\\\/#organization\",\"name\":\"Koonings\",\"url\":\"https:\\\/\\\/www.koonings.com\\\/de\\\/\",\"logo\":{\"@type\":\"ImageObject\",\"inLanguage\":\"de\",\"@id\":\"https:\\\/\\\/www.koonings.com\\\/de\\\/#\\\/schema\\\/logo\\\/image\\\/\",\"url\":\"https:\\\/\\\/www.koonings.com\\\/wp-content\\\/uploads\\\/2024\\\/07\\\/logo.png\",\"contentUrl\":\"https:\\\/\\\/www.koonings.com\\\/wp-content\\\/uploads\\\/2024\\\/07\\\/logo.png\",\"width\":600,\"height\":428,\"caption\":\"Koonings\"},\"image\":{\"@id\":\"https:\\\/\\\/www.koonings.com\\\/de\\\/#\\\/schema\\\/logo\\\/image\\\/\"},\"sameAs\":[\"https:\\\/\\\/www.facebook.com\\\/kooningstheweddingpalace\",\"https:\\\/\\\/www.instagram.com\\\/kooningstheweddingpalace\",\"https:\\\/\\\/www.pinterest.com\\\/koonings\",\"https:\\\/\\\/www.youtube.com\\\/kooningstheweddingpalace\"]}]}<\/script>\n<!-- \/ Yoast SEO plugin. -->","yoast_head_json":{"title":"Milla Nova Ashlyn + bollero | Koonings","description":"Das Ashlyn Brautkleid von Milla Nova Sounds of Couture ist ein wahrhaft atemberaubendes Design, perfekt f\u00fcr die Braut, die von einem luxuri\u00f6sen Look mit modernem Flair tr\u00e4umt. Das Modell kombiniert einen raffinierten Schnitt mit beeindruckenden Details, die dem Kleid einen bezaubernden Look verleihen. Das Mieder ist wundersch\u00f6n mit detaillierter Spitze und subtilen Glitzerakzenten verziert, die ihm ein funkelndes, glamour\u00f6ses Finish verleihen. Der Rock des Ashlyn f\u00e4llt in einer eleganten A-Linie mit weichen, flie\u00dfenden Lagen, die der Braut ein k\u00f6nigliches Aussehen verleihen und gleichzeitig ein Gef\u00fchl von Leichtigkeit und Bewegung vermitteln. Dieses exklusive Hochzeitskleid ist bei Koonings The Wedding Palace in Deurne erh\u00e4ltlich, der gr\u00f6\u00dften Brautmodenboutique der Welt. Koonings bietet Br\u00e4uten ein unvergleichliches Erlebnis in einer luxuri\u00f6sen und einladenden Umgebung, wo erfahrene Stylisten ihnen helfen, das perfekte Kleid f\u00fcr ihren gro\u00dfen Tag zu finden. Mit einer gro\u00dfen Auswahl an Top-Marken, darunter Milla Nova Sounds of Couture, bietet Koonings das ultimative Brautmodenerlebnis. Das Ashlyn ist f\u00fcr die Braut, die ihren Hochzeitstag in einem Kleid feiern m\u00f6chte, das Eleganz, Glamour und zeitlose Sch\u00f6nheit ausstrahlt.","robots":{"index":"index","follow":"follow","max-snippet":"max-snippet:-1","max-image-preview":"max-image-preview:large","max-video-preview":"max-video-preview:-1"},"canonical":"https:\/\/www.koonings.com\/de\/product\/milla-nova-ashlyn-bollero\/","og_locale":"de_DE","og_type":"article","og_title":"Milla Nova Ashlyn + bollero | Koonings","og_description":"Das Ashlyn Brautkleid von Milla Nova Sounds of Couture ist ein wahrhaft atemberaubendes Design, perfekt f\u00fcr die Braut, die von einem luxuri\u00f6sen Look mit modernem Flair tr\u00e4umt. Das Modell kombiniert einen raffinierten Schnitt mit beeindruckenden Details, die dem Kleid einen bezaubernden Look verleihen. Das Mieder ist wundersch\u00f6n mit detaillierter Spitze und subtilen Glitzerakzenten verziert, die ihm ein funkelndes, glamour\u00f6ses Finish verleihen. Der Rock des Ashlyn f\u00e4llt in einer eleganten A-Linie mit weichen, flie\u00dfenden Lagen, die der Braut ein k\u00f6nigliches Aussehen verleihen und gleichzeitig ein Gef\u00fchl von Leichtigkeit und Bewegung vermitteln. Dieses exklusive Hochzeitskleid ist bei Koonings The Wedding Palace in Deurne erh\u00e4ltlich, der gr\u00f6\u00dften Brautmodenboutique der Welt. Koonings bietet Br\u00e4uten ein unvergleichliches Erlebnis in einer luxuri\u00f6sen und einladenden Umgebung, wo erfahrene Stylisten ihnen helfen, das perfekte Kleid f\u00fcr ihren gro\u00dfen Tag zu finden. Mit einer gro\u00dfen Auswahl an Top-Marken, darunter Milla Nova Sounds of Couture, bietet Koonings das ultimative Brautmodenerlebnis. Das Ashlyn ist f\u00fcr die Braut, die ihren Hochzeitstag in einem Kleid feiern m\u00f6chte, das Eleganz, Glamour und zeitlose Sch\u00f6nheit ausstrahlt.","og_url":"https:\/\/www.koonings.com\/de\/product\/milla-nova-ashlyn-bollero\/","og_site_name":"Koonings","article_publisher":"https:\/\/www.facebook.com\/kooningstheweddingpalace","og_image":[{"width":1776,"height":2560,"url":"https:\/\/www.koonings.com\/wp-content\/uploads\/2025\/03\/49514_296d313312e2f38682361f2300ed2891dac232fe99986f954ca4c7d3313254d609ded4dd-scaled.jpeg","type":"image\/jpeg"}],"twitter_card":"summary_large_image","twitter_misc":{"Gesch\u00e4tzte Lesezeit":"1\u00a0Minute"},"schema":{"@context":"https:\/\/schema.org","@graph":[{"@type":"WebPage","@id":"https:\/\/www.koonings.com\/de\/product\/milla-nova-ashlyn-bollero\/","url":"https:\/\/www.koonings.com\/de\/product\/milla-nova-ashlyn-bollero\/","name":"Milla Nova Ashlyn + bollero | Koonings","isPartOf":{"@id":"https:\/\/www.koonings.com\/de\/#website"},"primaryImageOfPage":{"@id":"https:\/\/www.koonings.com\/de\/product\/milla-nova-ashlyn-bollero\/#primaryimage"},"image":{"@id":"https:\/\/www.koonings.com\/de\/product\/milla-nova-ashlyn-bollero\/#primaryimage"},"thumbnailUrl":"https:\/\/www.koonings.com\/wp-content\/uploads\/2025\/03\/49514_296d313312e2f38682361f2300ed2891dac232fe99986f954ca4c7d3313254d609ded4dd-scaled.jpeg","datePublished":"2026-04-21T16:30:58+00:00","description":"Das Ashlyn Brautkleid von Milla Nova Sounds of Couture ist ein wahrhaft atemberaubendes Design, perfekt f\u00fcr die Braut, die von einem luxuri\u00f6sen Look mit modernem Flair tr\u00e4umt. Das Modell kombiniert einen raffinierten Schnitt mit beeindruckenden Details, die dem Kleid einen bezaubernden Look verleihen. Das Mieder ist wundersch\u00f6n mit detaillierter Spitze und subtilen Glitzerakzenten verziert, die ihm ein funkelndes, glamour\u00f6ses Finish verleihen. Der Rock des Ashlyn f\u00e4llt in einer eleganten A-Linie mit weichen, flie\u00dfenden Lagen, die der Braut ein k\u00f6nigliches Aussehen verleihen und gleichzeitig ein Gef\u00fchl von Leichtigkeit und Bewegung vermitteln. Dieses exklusive Hochzeitskleid ist bei Koonings The Wedding Palace in Deurne erh\u00e4ltlich, der gr\u00f6\u00dften Brautmodenboutique der Welt. Koonings bietet Br\u00e4uten ein unvergleichliches Erlebnis in einer luxuri\u00f6sen und einladenden Umgebung, wo erfahrene Stylisten ihnen helfen, das perfekte Kleid f\u00fcr ihren gro\u00dfen Tag zu finden. Mit einer gro\u00dfen Auswahl an Top-Marken, darunter Milla Nova Sounds of Couture, bietet Koonings das ultimative Brautmodenerlebnis. Das Ashlyn ist f\u00fcr die Braut, die ihren Hochzeitstag in einem Kleid feiern m\u00f6chte, das Eleganz, Glamour und zeitlose Sch\u00f6nheit ausstrahlt.","breadcrumb":{"@id":"https:\/\/www.koonings.com\/de\/product\/milla-nova-ashlyn-bollero\/#breadcrumb"},"inLanguage":"de","potentialAction":[{"@type":"ReadAction","target":["https:\/\/www.koonings.com\/de\/product\/milla-nova-ashlyn-bollero\/"]}]},{"@type":"ImageObject","inLanguage":"de","@id":"https:\/\/www.koonings.com\/de\/product\/milla-nova-ashlyn-bollero\/#primaryimage","url":"https:\/\/www.koonings.com\/wp-content\/uploads\/2025\/03\/49514_296d313312e2f38682361f2300ed2891dac232fe99986f954ca4c7d3313254d609ded4dd-scaled.jpeg","contentUrl":"https:\/\/www.koonings.com\/wp-content\/uploads\/2025\/03\/49514_296d313312e2f38682361f2300ed2891dac232fe99986f954ca4c7d3313254d609ded4dd-scaled.jpeg","width":1776,"height":2560},{"@type":"BreadcrumbList","@id":"https:\/\/www.koonings.com\/de\/product\/milla-nova-ashlyn-bollero\/#breadcrumb","itemListElement":[{"@type":"ListItem","position":1,"name":"Home","item":"https:\/\/www.koonings.com\/de\/"},{"@type":"ListItem","position":2,"name":"Milla Nova Ashlyn + bollero"}]},{"@type":"WebSite","@id":"https:\/\/www.koonings.com\/de\/#website","url":"https:\/\/www.koonings.com\/de\/","name":"Koonings","description":"De grootste bruidsmodewinkel ter wereld","publisher":{"@id":"https:\/\/www.koonings.com\/de\/#organization"},"potentialAction":[{"@type":"SearchAction","target":{"@type":"EntryPoint","urlTemplate":"https:\/\/www.koonings.com\/de\/?s={search_term_string}"},"query-input":{"@type":"PropertyValueSpecification","valueRequired":true,"valueName":"search_term_string"}}],"inLanguage":"de"},{"@type":"Organization","@id":"https:\/\/www.koonings.com\/de\/#organization","name":"Koonings","url":"https:\/\/www.koonings.com\/de\/","logo":{"@type":"ImageObject","inLanguage":"de","@id":"https:\/\/www.koonings.com\/de\/#\/schema\/logo\/image\/","url":"https:\/\/www.koonings.com\/wp-content\/uploads\/2024\/07\/logo.png","contentUrl":"https:\/\/www.koonings.com\/wp-content\/uploads\/2024\/07\/logo.png","width":600,"height":428,"caption":"Koonings"},"image":{"@id":"https:\/\/www.koonings.com\/de\/#\/schema\/logo\/image\/"},"sameAs":["https:\/\/www.facebook.com\/kooningstheweddingpalace","https:\/\/www.instagram.com\/kooningstheweddingpalace","https:\/\/www.pinterest.com\/koonings","https:\/\/www.youtube.com\/kooningstheweddingpalace"]}]}},"_links":{"self":[{"href":"https:\/\/www.koonings.com\/de\/wp-json\/wp\/v2\/product\/84675","targetHints":{"allow":["GET"]}}],"collection":[{"href":"https:\/\/www.koonings.com\/de\/wp-json\/wp\/v2\/product"}],"about":[{"href":"https:\/\/www.koonings.com\/de\/wp-json\/wp\/v2\/types\/product"}],"wp:featuredmedia":[{"embeddable":true,"href":"https:\/\/www.koonings.com\/de\/wp-json\/wp\/v2\/media\/82102"}],"wp:attachment":[{"href":"https:\/\/www.koonings.com\/de\/wp-json\/wp\/v2\/media?parent=84675"}],"wp:term":[{"taxonomy":"productdetails","embeddable":true,"href":"https:\/\/www.koonings.com\/de\/wp-json\/wp\/v2\/productdetails?post=84675"},{"taxonomy":"productneck","embeddable":true,"href":"https:\/\/www.koonings.com\/de\/wp-json\/wp\/v2\/productneck?post=84675"},{"taxonomy":"productcolor","embeddable":true,"href":"https:\/\/www.koonings.com\/de\/wp-json\/wp\/v2\/productcolor?post=84675"},{"taxonomy":"maat","embeddable":true,"href":"https:\/\/www.koonings.com\/de\/wp-json\/wp\/v2\/maat?post=84675"},{"taxonomy":"productsupplier","embeddable":true,"href":"https:\/\/www.koonings.com\/de\/wp-json\/wp\/v2\/productsupplier?post=84675"},{"taxonomy":"productsleeve","embeddable":true,"href":"https:\/\/www.koonings.com\/de\/wp-json\/wp\/v2\/productsleeve?post=84675"},{"taxonomy":"productcategory","embeddable":true,"href":"https:\/\/www.koonings.com\/de\/wp-json\/wp\/v2\/productcategory?post=84675"},{"taxonomy":"productsilhouette","embeddable":true,"href":"https:\/\/www.koonings.com\/de\/wp-json\/wp\/v2\/productsilhouette?post=84675"},{"taxonomy":"productstyle","embeddable":true,"href":"https:\/\/www.koonings.com\/de\/wp-json\/wp\/v2\/productstyle?post=84675"}],"curies":[{"name":"wp","href":"https:\/\/api.w.org\/{rel}","templated":true}]}}