{"id":84671,"date":"2026-05-06T15:30:40","date_gmt":"2026-05-06T13:30:40","guid":{"rendered":"https:\/\/www.koonings.com\/product\/berta-bridal-25-07\/"},"modified":"2025-06-05T13:56:33","modified_gmt":"2025-06-05T11:56:33","slug":"berta-bridal-25-07","status":"publish","type":"product","link":"https:\/\/www.koonings.com\/de\/product\/berta-bridal-25-07\/","title":{"rendered":"Berta Bridal 25-07"},"content":{"rendered":"<p>Das Brautkleid Berta Bridal Modell 25-07 ist eine atemberaubende Kreation aus der neuesten Kollektion, perfekt f\u00fcr die Braut, die Luxus und Eleganz miteinander verbinden m\u00f6chte. Mit raffinierten Details, einer sinnlichen Passform und einem zeitlosen Design strahlt dieses Kleid pure Klasse aus. Die exklusive Verarbeitung und die hochwertigen Materialien machen es zu einem echten Blickfang. Dieses atemberaubende Hochzeitskleid ist exklusiv bei Koonings The Wedding Palace erh\u00e4ltlich, dem Spezialisten f\u00fcr Brautmode, wo Tr\u00e4ume wahr werden.   <\/p>\n","protected":false},"featured_media":81401,"template":"","meta":{"_acf_changed":false,"ghostkit_customizer_options":"","ghostkit_custom_css":"","ghostkit_custom_js_head":"","ghostkit_custom_js_foot":"","ghostkit_typography":""},"productdetails":[379,376],"productneck":[354],"productcolor":[392],"maat":[],"productsupplier":[463],"productsleeve":[362],"productcategory":[18],"productsilhouette":[388],"productstyle":[372,366],"class_list":["post-84671","product","type-product","status-publish","has-post-thumbnail","hentry","productdetails-379","productdetails-376","productneck-354","productcolor-392","productsupplier-berta-bridal","productsleeve-362","productcategory-trouwjurken","productsilhouette-388","productstyle-372","productstyle-366"],"acf":[],"yoast_head":"<!-- This site is optimized with the Yoast SEO plugin v27.3 - https:\/\/yoast.com\/product\/yoast-seo-wordpress\/ -->\n<title>Berta Bridal 25-07 | Koonings<\/title>\n<meta name=\"description\" content=\"Das Brautkleid Berta Bridal Modell 25-07 ist eine atemberaubende Kreation aus der neuesten Kollektion, perfekt f\u00fcr die Braut, die Luxus und Eleganz miteinander verbinden m\u00f6chte. Mit raffinierten Details, einer sinnlichen Passform und einem zeitlosen Design strahlt dieses Kleid pure Klasse aus. Die exklusive Verarbeitung und die hochwertigen Materialien machen es zu einem echten Blickfang. Dieses atemberaubende Hochzeitskleid ist exklusiv bei Koonings The Wedding Palace erh\u00e4ltlich, dem Spezialisten f\u00fcr Brautmode, wo Tr\u00e4ume wahr werden.\" \/>\n<meta name=\"robots\" content=\"index, follow, max-snippet:-1, max-image-preview:large, max-video-preview:-1\" \/>\n<link rel=\"canonical\" href=\"https:\/\/www.koonings.com\/de\/product\/berta-bridal-25-07\/\" \/>\n<meta property=\"og:locale\" content=\"de_DE\" \/>\n<meta property=\"og:type\" content=\"article\" \/>\n<meta property=\"og:title\" content=\"Berta Bridal 25-07 | Koonings\" \/>\n<meta property=\"og:description\" content=\"Das Brautkleid Berta Bridal Modell 25-07 ist eine atemberaubende Kreation aus der neuesten Kollektion, perfekt f\u00fcr die Braut, die Luxus und Eleganz miteinander verbinden m\u00f6chte. Mit raffinierten Details, einer sinnlichen Passform und einem zeitlosen Design strahlt dieses Kleid pure Klasse aus. Die exklusive Verarbeitung und die hochwertigen Materialien machen es zu einem echten Blickfang. Dieses atemberaubende Hochzeitskleid ist exklusiv bei Koonings The Wedding Palace erh\u00e4ltlich, dem Spezialisten f\u00fcr Brautmode, wo Tr\u00e4ume wahr werden.\" \/>\n<meta property=\"og:url\" content=\"https:\/\/www.koonings.com\/de\/product\/berta-bridal-25-07\/\" \/>\n<meta property=\"og:site_name\" content=\"Koonings\" \/>\n<meta property=\"article:publisher\" content=\"https:\/\/www.facebook.com\/kooningstheweddingpalace\" \/>\n<meta property=\"og:image\" content=\"https:\/\/www.koonings.com\/wp-content\/uploads\/2025\/02\/49816_076fcacb2deb8105e16bb9aad0bc698c792ff1e182242dbfe40d92a7dfd9495c79ba8296-scaled.jpeg\" \/>\n\t<meta property=\"og:image:width\" content=\"1813\" \/>\n\t<meta property=\"og:image:height\" content=\"2560\" \/>\n\t<meta property=\"og:image:type\" content=\"image\/jpeg\" \/>\n<meta name=\"twitter:card\" content=\"summary_large_image\" \/>\n<script type=\"application\/ld+json\" class=\"yoast-schema-graph\">{\"@context\":\"https:\\\/\\\/schema.org\",\"@graph\":[{\"@type\":\"WebPage\",\"@id\":\"https:\\\/\\\/www.koonings.com\\\/de\\\/product\\\/berta-bridal-25-07\\\/\",\"url\":\"https:\\\/\\\/www.koonings.com\\\/de\\\/product\\\/berta-bridal-25-07\\\/\",\"name\":\"Berta Bridal 25-07 | Koonings\",\"isPartOf\":{\"@id\":\"https:\\\/\\\/www.koonings.com\\\/de\\\/#website\"},\"primaryImageOfPage\":{\"@id\":\"https:\\\/\\\/www.koonings.com\\\/de\\\/product\\\/berta-bridal-25-07\\\/#primaryimage\"},\"image\":{\"@id\":\"https:\\\/\\\/www.koonings.com\\\/de\\\/product\\\/berta-bridal-25-07\\\/#primaryimage\"},\"thumbnailUrl\":\"https:\\\/\\\/www.koonings.com\\\/wp-content\\\/uploads\\\/2025\\\/02\\\/49816_076fcacb2deb8105e16bb9aad0bc698c792ff1e182242dbfe40d92a7dfd9495c79ba8296-scaled.jpeg\",\"datePublished\":\"2026-05-06T13:30:40+00:00\",\"description\":\"Das Brautkleid Berta Bridal Modell 25-07 ist eine atemberaubende Kreation aus der neuesten Kollektion, perfekt f\u00fcr die Braut, die Luxus und Eleganz miteinander verbinden m\u00f6chte. Mit raffinierten Details, einer sinnlichen Passform und einem zeitlosen Design strahlt dieses Kleid pure Klasse aus. Die exklusive Verarbeitung und die hochwertigen Materialien machen es zu einem echten Blickfang. Dieses atemberaubende Hochzeitskleid ist exklusiv bei Koonings The Wedding Palace erh\u00e4ltlich, dem Spezialisten f\u00fcr Brautmode, wo Tr\u00e4ume wahr werden.\",\"breadcrumb\":{\"@id\":\"https:\\\/\\\/www.koonings.com\\\/de\\\/product\\\/berta-bridal-25-07\\\/#breadcrumb\"},\"inLanguage\":\"de\",\"potentialAction\":[{\"@type\":\"ReadAction\",\"target\":[\"https:\\\/\\\/www.koonings.com\\\/de\\\/product\\\/berta-bridal-25-07\\\/\"]}]},{\"@type\":\"ImageObject\",\"inLanguage\":\"de\",\"@id\":\"https:\\\/\\\/www.koonings.com\\\/de\\\/product\\\/berta-bridal-25-07\\\/#primaryimage\",\"url\":\"https:\\\/\\\/www.koonings.com\\\/wp-content\\\/uploads\\\/2025\\\/02\\\/49816_076fcacb2deb8105e16bb9aad0bc698c792ff1e182242dbfe40d92a7dfd9495c79ba8296-scaled.jpeg\",\"contentUrl\":\"https:\\\/\\\/www.koonings.com\\\/wp-content\\\/uploads\\\/2025\\\/02\\\/49816_076fcacb2deb8105e16bb9aad0bc698c792ff1e182242dbfe40d92a7dfd9495c79ba8296-scaled.jpeg\",\"width\":1813,\"height\":2560},{\"@type\":\"BreadcrumbList\",\"@id\":\"https:\\\/\\\/www.koonings.com\\\/de\\\/product\\\/berta-bridal-25-07\\\/#breadcrumb\",\"itemListElement\":[{\"@type\":\"ListItem\",\"position\":1,\"name\":\"Home\",\"item\":\"https:\\\/\\\/www.koonings.com\\\/de\\\/\"},{\"@type\":\"ListItem\",\"position\":2,\"name\":\"Berta Bridal 25-07\"}]},{\"@type\":\"WebSite\",\"@id\":\"https:\\\/\\\/www.koonings.com\\\/de\\\/#website\",\"url\":\"https:\\\/\\\/www.koonings.com\\\/de\\\/\",\"name\":\"Koonings\",\"description\":\"De grootste bruidsmodewinkel ter wereld\",\"publisher\":{\"@id\":\"https:\\\/\\\/www.koonings.com\\\/de\\\/#organization\"},\"potentialAction\":[{\"@type\":\"SearchAction\",\"target\":{\"@type\":\"EntryPoint\",\"urlTemplate\":\"https:\\\/\\\/www.koonings.com\\\/de\\\/?s={search_term_string}\"},\"query-input\":{\"@type\":\"PropertyValueSpecification\",\"valueRequired\":true,\"valueName\":\"search_term_string\"}}],\"inLanguage\":\"de\"},{\"@type\":\"Organization\",\"@id\":\"https:\\\/\\\/www.koonings.com\\\/de\\\/#organization\",\"name\":\"Koonings\",\"url\":\"https:\\\/\\\/www.koonings.com\\\/de\\\/\",\"logo\":{\"@type\":\"ImageObject\",\"inLanguage\":\"de\",\"@id\":\"https:\\\/\\\/www.koonings.com\\\/de\\\/#\\\/schema\\\/logo\\\/image\\\/\",\"url\":\"https:\\\/\\\/www.koonings.com\\\/wp-content\\\/uploads\\\/2024\\\/07\\\/logo.png\",\"contentUrl\":\"https:\\\/\\\/www.koonings.com\\\/wp-content\\\/uploads\\\/2024\\\/07\\\/logo.png\",\"width\":600,\"height\":428,\"caption\":\"Koonings\"},\"image\":{\"@id\":\"https:\\\/\\\/www.koonings.com\\\/de\\\/#\\\/schema\\\/logo\\\/image\\\/\"},\"sameAs\":[\"https:\\\/\\\/www.facebook.com\\\/kooningstheweddingpalace\",\"https:\\\/\\\/www.instagram.com\\\/kooningstheweddingpalace\",\"https:\\\/\\\/www.pinterest.com\\\/koonings\",\"https:\\\/\\\/www.youtube.com\\\/kooningstheweddingpalace\"]}]}<\/script>\n<!-- \/ Yoast SEO plugin. -->","yoast_head_json":{"title":"Berta Bridal 25-07 | Koonings","description":"Das Brautkleid Berta Bridal Modell 25-07 ist eine atemberaubende Kreation aus der neuesten Kollektion, perfekt f\u00fcr die Braut, die Luxus und Eleganz miteinander verbinden m\u00f6chte. Mit raffinierten Details, einer sinnlichen Passform und einem zeitlosen Design strahlt dieses Kleid pure Klasse aus. Die exklusive Verarbeitung und die hochwertigen Materialien machen es zu einem echten Blickfang. Dieses atemberaubende Hochzeitskleid ist exklusiv bei Koonings The Wedding Palace erh\u00e4ltlich, dem Spezialisten f\u00fcr Brautmode, wo Tr\u00e4ume wahr werden.","robots":{"index":"index","follow":"follow","max-snippet":"max-snippet:-1","max-image-preview":"max-image-preview:large","max-video-preview":"max-video-preview:-1"},"canonical":"https:\/\/www.koonings.com\/de\/product\/berta-bridal-25-07\/","og_locale":"de_DE","og_type":"article","og_title":"Berta Bridal 25-07 | Koonings","og_description":"Das Brautkleid Berta Bridal Modell 25-07 ist eine atemberaubende Kreation aus der neuesten Kollektion, perfekt f\u00fcr die Braut, die Luxus und Eleganz miteinander verbinden m\u00f6chte. Mit raffinierten Details, einer sinnlichen Passform und einem zeitlosen Design strahlt dieses Kleid pure Klasse aus. Die exklusive Verarbeitung und die hochwertigen Materialien machen es zu einem echten Blickfang. Dieses atemberaubende Hochzeitskleid ist exklusiv bei Koonings The Wedding Palace erh\u00e4ltlich, dem Spezialisten f\u00fcr Brautmode, wo Tr\u00e4ume wahr werden.","og_url":"https:\/\/www.koonings.com\/de\/product\/berta-bridal-25-07\/","og_site_name":"Koonings","article_publisher":"https:\/\/www.facebook.com\/kooningstheweddingpalace","og_image":[{"width":1813,"height":2560,"url":"https:\/\/www.koonings.com\/wp-content\/uploads\/2025\/02\/49816_076fcacb2deb8105e16bb9aad0bc698c792ff1e182242dbfe40d92a7dfd9495c79ba8296-scaled.jpeg","type":"image\/jpeg"}],"twitter_card":"summary_large_image","schema":{"@context":"https:\/\/schema.org","@graph":[{"@type":"WebPage","@id":"https:\/\/www.koonings.com\/de\/product\/berta-bridal-25-07\/","url":"https:\/\/www.koonings.com\/de\/product\/berta-bridal-25-07\/","name":"Berta Bridal 25-07 | Koonings","isPartOf":{"@id":"https:\/\/www.koonings.com\/de\/#website"},"primaryImageOfPage":{"@id":"https:\/\/www.koonings.com\/de\/product\/berta-bridal-25-07\/#primaryimage"},"image":{"@id":"https:\/\/www.koonings.com\/de\/product\/berta-bridal-25-07\/#primaryimage"},"thumbnailUrl":"https:\/\/www.koonings.com\/wp-content\/uploads\/2025\/02\/49816_076fcacb2deb8105e16bb9aad0bc698c792ff1e182242dbfe40d92a7dfd9495c79ba8296-scaled.jpeg","datePublished":"2026-05-06T13:30:40+00:00","description":"Das Brautkleid Berta Bridal Modell 25-07 ist eine atemberaubende Kreation aus der neuesten Kollektion, perfekt f\u00fcr die Braut, die Luxus und Eleganz miteinander verbinden m\u00f6chte. Mit raffinierten Details, einer sinnlichen Passform und einem zeitlosen Design strahlt dieses Kleid pure Klasse aus. Die exklusive Verarbeitung und die hochwertigen Materialien machen es zu einem echten Blickfang. Dieses atemberaubende Hochzeitskleid ist exklusiv bei Koonings The Wedding Palace erh\u00e4ltlich, dem Spezialisten f\u00fcr Brautmode, wo Tr\u00e4ume wahr werden.","breadcrumb":{"@id":"https:\/\/www.koonings.com\/de\/product\/berta-bridal-25-07\/#breadcrumb"},"inLanguage":"de","potentialAction":[{"@type":"ReadAction","target":["https:\/\/www.koonings.com\/de\/product\/berta-bridal-25-07\/"]}]},{"@type":"ImageObject","inLanguage":"de","@id":"https:\/\/www.koonings.com\/de\/product\/berta-bridal-25-07\/#primaryimage","url":"https:\/\/www.koonings.com\/wp-content\/uploads\/2025\/02\/49816_076fcacb2deb8105e16bb9aad0bc698c792ff1e182242dbfe40d92a7dfd9495c79ba8296-scaled.jpeg","contentUrl":"https:\/\/www.koonings.com\/wp-content\/uploads\/2025\/02\/49816_076fcacb2deb8105e16bb9aad0bc698c792ff1e182242dbfe40d92a7dfd9495c79ba8296-scaled.jpeg","width":1813,"height":2560},{"@type":"BreadcrumbList","@id":"https:\/\/www.koonings.com\/de\/product\/berta-bridal-25-07\/#breadcrumb","itemListElement":[{"@type":"ListItem","position":1,"name":"Home","item":"https:\/\/www.koonings.com\/de\/"},{"@type":"ListItem","position":2,"name":"Berta Bridal 25-07"}]},{"@type":"WebSite","@id":"https:\/\/www.koonings.com\/de\/#website","url":"https:\/\/www.koonings.com\/de\/","name":"Koonings","description":"De grootste bruidsmodewinkel ter wereld","publisher":{"@id":"https:\/\/www.koonings.com\/de\/#organization"},"potentialAction":[{"@type":"SearchAction","target":{"@type":"EntryPoint","urlTemplate":"https:\/\/www.koonings.com\/de\/?s={search_term_string}"},"query-input":{"@type":"PropertyValueSpecification","valueRequired":true,"valueName":"search_term_string"}}],"inLanguage":"de"},{"@type":"Organization","@id":"https:\/\/www.koonings.com\/de\/#organization","name":"Koonings","url":"https:\/\/www.koonings.com\/de\/","logo":{"@type":"ImageObject","inLanguage":"de","@id":"https:\/\/www.koonings.com\/de\/#\/schema\/logo\/image\/","url":"https:\/\/www.koonings.com\/wp-content\/uploads\/2024\/07\/logo.png","contentUrl":"https:\/\/www.koonings.com\/wp-content\/uploads\/2024\/07\/logo.png","width":600,"height":428,"caption":"Koonings"},"image":{"@id":"https:\/\/www.koonings.com\/de\/#\/schema\/logo\/image\/"},"sameAs":["https:\/\/www.facebook.com\/kooningstheweddingpalace","https:\/\/www.instagram.com\/kooningstheweddingpalace","https:\/\/www.pinterest.com\/koonings","https:\/\/www.youtube.com\/kooningstheweddingpalace"]}]}},"_links":{"self":[{"href":"https:\/\/www.koonings.com\/de\/wp-json\/wp\/v2\/product\/84671","targetHints":{"allow":["GET"]}}],"collection":[{"href":"https:\/\/www.koonings.com\/de\/wp-json\/wp\/v2\/product"}],"about":[{"href":"https:\/\/www.koonings.com\/de\/wp-json\/wp\/v2\/types\/product"}],"wp:featuredmedia":[{"embeddable":true,"href":"https:\/\/www.koonings.com\/de\/wp-json\/wp\/v2\/media\/81401"}],"wp:attachment":[{"href":"https:\/\/www.koonings.com\/de\/wp-json\/wp\/v2\/media?parent=84671"}],"wp:term":[{"taxonomy":"productdetails","embeddable":true,"href":"https:\/\/www.koonings.com\/de\/wp-json\/wp\/v2\/productdetails?post=84671"},{"taxonomy":"productneck","embeddable":true,"href":"https:\/\/www.koonings.com\/de\/wp-json\/wp\/v2\/productneck?post=84671"},{"taxonomy":"productcolor","embeddable":true,"href":"https:\/\/www.koonings.com\/de\/wp-json\/wp\/v2\/productcolor?post=84671"},{"taxonomy":"maat","embeddable":true,"href":"https:\/\/www.koonings.com\/de\/wp-json\/wp\/v2\/maat?post=84671"},{"taxonomy":"productsupplier","embeddable":true,"href":"https:\/\/www.koonings.com\/de\/wp-json\/wp\/v2\/productsupplier?post=84671"},{"taxonomy":"productsleeve","embeddable":true,"href":"https:\/\/www.koonings.com\/de\/wp-json\/wp\/v2\/productsleeve?post=84671"},{"taxonomy":"productcategory","embeddable":true,"href":"https:\/\/www.koonings.com\/de\/wp-json\/wp\/v2\/productcategory?post=84671"},{"taxonomy":"productsilhouette","embeddable":true,"href":"https:\/\/www.koonings.com\/de\/wp-json\/wp\/v2\/productsilhouette?post=84671"},{"taxonomy":"productstyle","embeddable":true,"href":"https:\/\/www.koonings.com\/de\/wp-json\/wp\/v2\/productstyle?post=84671"}],"curies":[{"name":"wp","href":"https:\/\/api.w.org\/{rel}","templated":true}]}}