{"id":84668,"date":"2025-12-15T00:28:02","date_gmt":"2025-12-14T23:28:02","guid":{"rendered":"https:\/\/www.koonings.com\/product\/immediate-261-24100a-florence\/"},"modified":"2026-02-03T20:19:37","modified_gmt":"2026-02-03T19:19:37","slug":"immediate-261-24100a-florence","status":"publish","type":"product","link":"https:\/\/www.koonings.com\/de\/product\/immediate-261-24100a-florence\/","title":{"rendered":"Unmittelbar 261-24100A Florenz"},"content":{"rendered":"<p>Dieser Anzug aus der The Wedding Palace Kollektion von Koonings strahlt mit seinem leuchtenden Blauton und dem raffinierten Schnitt Raffinesse aus und eignet sich sowohl f\u00fcr Hochzeitsfeiern als auch f\u00fcr formelle Gesch\u00e4ftsveranstaltungen. Das Design schafft die perfekte Balance zwischen modernen Trends und zeitloser Klasse. Das subtile Karomuster auf der Innenweste verleiht ihm eine zus\u00e4tzliche optische Dimension. Ideal f\u00fcr den Mann, der an seinem gro\u00dfen Tag oder bei jeder wichtigen Veranstaltung einen bleibenden Eindruck hinterlassen m\u00f6chte.  <\/p>\n","protected":false},"featured_media":81315,"template":"","meta":{"_acf_changed":false,"ghostkit_customizer_options":"","ghostkit_custom_css":"","ghostkit_custom_js_head":"","ghostkit_custom_js_foot":"","ghostkit_typography":""},"productdetails":[],"productneck":[],"productcolor":[450],"maat":[],"productsupplier":[452],"productsleeve":[],"productcategory":[227],"productsilhouette":[],"productstyle":[],"class_list":["post-84668","product","type-product","status-publish","has-post-thumbnail","hentry","productcolor-450","productsupplier-immediate","productcategory-kostuum"],"acf":[],"yoast_head":"<!-- This site is optimized with the Yoast SEO plugin v27.3 - https:\/\/yoast.com\/product\/yoast-seo-wordpress\/ -->\n<title>Unmittelbar 261-24100A Florenz | Koonings<\/title>\n<meta name=\"description\" content=\"Dieser Anzug aus der The Wedding Palace Kollektion von Koonings strahlt mit seinem leuchtenden Blauton und dem raffinierten Schnitt Raffinesse aus und eignet sich sowohl f\u00fcr Hochzeitsfeiern als auch f\u00fcr formelle Gesch\u00e4ftsveranstaltungen. Das Design schafft die perfekte Balance zwischen modernen Trends und zeitloser Klasse. Das subtile Karomuster auf der Innenweste verleiht ihm eine zus\u00e4tzliche optische Dimension. Ideal f\u00fcr den Mann, der an seinem gro\u00dfen Tag oder bei jeder wichtigen Veranstaltung einen bleibenden Eindruck hinterlassen m\u00f6chte.\" \/>\n<meta name=\"robots\" content=\"index, follow, max-snippet:-1, max-image-preview:large, max-video-preview:-1\" \/>\n<link rel=\"canonical\" href=\"https:\/\/www.koonings.com\/de\/product\/immediate-261-24100a-florence\/\" \/>\n<meta property=\"og:locale\" content=\"de_DE\" \/>\n<meta property=\"og:type\" content=\"article\" \/>\n<meta property=\"og:title\" content=\"Unmittelbar 261-24100A Florenz | Koonings\" \/>\n<meta property=\"og:description\" content=\"Dieser Anzug aus der The Wedding Palace Kollektion von Koonings strahlt mit seinem leuchtenden Blauton und dem raffinierten Schnitt Raffinesse aus und eignet sich sowohl f\u00fcr Hochzeitsfeiern als auch f\u00fcr formelle Gesch\u00e4ftsveranstaltungen. Das Design schafft die perfekte Balance zwischen modernen Trends und zeitloser Klasse. Das subtile Karomuster auf der Innenweste verleiht ihm eine zus\u00e4tzliche optische Dimension. Ideal f\u00fcr den Mann, der an seinem gro\u00dfen Tag oder bei jeder wichtigen Veranstaltung einen bleibenden Eindruck hinterlassen m\u00f6chte.\" \/>\n<meta property=\"og:url\" content=\"https:\/\/www.koonings.com\/de\/product\/immediate-261-24100a-florence\/\" \/>\n<meta property=\"og:site_name\" content=\"Koonings\" \/>\n<meta property=\"article:publisher\" content=\"https:\/\/www.facebook.com\/kooningstheweddingpalace\" \/>\n<meta property=\"article:modified_time\" content=\"2026-02-03T19:19:37+00:00\" \/>\n<meta property=\"og:image\" content=\"https:\/\/www.koonings.com\/wp-content\/uploads\/2025\/02\/39949_f489d1db96d5c5d2a86e8ac694516c92a99f019aeae9591ca47664c6fe77faa073dba3a1-scaled.jpeg\" \/>\n\t<meta property=\"og:image:width\" content=\"1810\" \/>\n\t<meta property=\"og:image:height\" content=\"2560\" \/>\n\t<meta property=\"og:image:type\" content=\"image\/jpeg\" \/>\n<meta name=\"twitter:card\" content=\"summary_large_image\" \/>\n<script type=\"application\/ld+json\" class=\"yoast-schema-graph\">{\"@context\":\"https:\\\/\\\/schema.org\",\"@graph\":[{\"@type\":\"WebPage\",\"@id\":\"https:\\\/\\\/www.koonings.com\\\/de\\\/product\\\/immediate-261-24100a-florence\\\/\",\"url\":\"https:\\\/\\\/www.koonings.com\\\/de\\\/product\\\/immediate-261-24100a-florence\\\/\",\"name\":\"Unmittelbar 261-24100A Florenz | Koonings\",\"isPartOf\":{\"@id\":\"https:\\\/\\\/www.koonings.com\\\/de\\\/#website\"},\"primaryImageOfPage\":{\"@id\":\"https:\\\/\\\/www.koonings.com\\\/de\\\/product\\\/immediate-261-24100a-florence\\\/#primaryimage\"},\"image\":{\"@id\":\"https:\\\/\\\/www.koonings.com\\\/de\\\/product\\\/immediate-261-24100a-florence\\\/#primaryimage\"},\"thumbnailUrl\":\"https:\\\/\\\/www.koonings.com\\\/wp-content\\\/uploads\\\/2025\\\/02\\\/39949_f489d1db96d5c5d2a86e8ac694516c92a99f019aeae9591ca47664c6fe77faa073dba3a1-scaled.jpeg\",\"datePublished\":\"2025-12-14T23:28:02+00:00\",\"dateModified\":\"2026-02-03T19:19:37+00:00\",\"description\":\"Dieser Anzug aus der The Wedding Palace Kollektion von Koonings strahlt mit seinem leuchtenden Blauton und dem raffinierten Schnitt Raffinesse aus und eignet sich sowohl f\u00fcr Hochzeitsfeiern als auch f\u00fcr formelle Gesch\u00e4ftsveranstaltungen. Das Design schafft die perfekte Balance zwischen modernen Trends und zeitloser Klasse. Das subtile Karomuster auf der Innenweste verleiht ihm eine zus\u00e4tzliche optische Dimension. Ideal f\u00fcr den Mann, der an seinem gro\u00dfen Tag oder bei jeder wichtigen Veranstaltung einen bleibenden Eindruck hinterlassen m\u00f6chte.\",\"breadcrumb\":{\"@id\":\"https:\\\/\\\/www.koonings.com\\\/de\\\/product\\\/immediate-261-24100a-florence\\\/#breadcrumb\"},\"inLanguage\":\"de\",\"potentialAction\":[{\"@type\":\"ReadAction\",\"target\":[\"https:\\\/\\\/www.koonings.com\\\/de\\\/product\\\/immediate-261-24100a-florence\\\/\"]}]},{\"@type\":\"ImageObject\",\"inLanguage\":\"de\",\"@id\":\"https:\\\/\\\/www.koonings.com\\\/de\\\/product\\\/immediate-261-24100a-florence\\\/#primaryimage\",\"url\":\"https:\\\/\\\/www.koonings.com\\\/wp-content\\\/uploads\\\/2025\\\/02\\\/39949_f489d1db96d5c5d2a86e8ac694516c92a99f019aeae9591ca47664c6fe77faa073dba3a1-scaled.jpeg\",\"contentUrl\":\"https:\\\/\\\/www.koonings.com\\\/wp-content\\\/uploads\\\/2025\\\/02\\\/39949_f489d1db96d5c5d2a86e8ac694516c92a99f019aeae9591ca47664c6fe77faa073dba3a1-scaled.jpeg\",\"width\":1810,\"height\":2560},{\"@type\":\"BreadcrumbList\",\"@id\":\"https:\\\/\\\/www.koonings.com\\\/de\\\/product\\\/immediate-261-24100a-florence\\\/#breadcrumb\",\"itemListElement\":[{\"@type\":\"ListItem\",\"position\":1,\"name\":\"Home\",\"item\":\"https:\\\/\\\/www.koonings.com\\\/de\\\/\"},{\"@type\":\"ListItem\",\"position\":2,\"name\":\"Unmittelbar 261-24100A Florenz\"}]},{\"@type\":\"WebSite\",\"@id\":\"https:\\\/\\\/www.koonings.com\\\/de\\\/#website\",\"url\":\"https:\\\/\\\/www.koonings.com\\\/de\\\/\",\"name\":\"Koonings\",\"description\":\"De grootste bruidsmodewinkel ter wereld\",\"publisher\":{\"@id\":\"https:\\\/\\\/www.koonings.com\\\/de\\\/#organization\"},\"potentialAction\":[{\"@type\":\"SearchAction\",\"target\":{\"@type\":\"EntryPoint\",\"urlTemplate\":\"https:\\\/\\\/www.koonings.com\\\/de\\\/?s={search_term_string}\"},\"query-input\":{\"@type\":\"PropertyValueSpecification\",\"valueRequired\":true,\"valueName\":\"search_term_string\"}}],\"inLanguage\":\"de\"},{\"@type\":\"Organization\",\"@id\":\"https:\\\/\\\/www.koonings.com\\\/de\\\/#organization\",\"name\":\"Koonings\",\"url\":\"https:\\\/\\\/www.koonings.com\\\/de\\\/\",\"logo\":{\"@type\":\"ImageObject\",\"inLanguage\":\"de\",\"@id\":\"https:\\\/\\\/www.koonings.com\\\/de\\\/#\\\/schema\\\/logo\\\/image\\\/\",\"url\":\"https:\\\/\\\/www.koonings.com\\\/wp-content\\\/uploads\\\/2024\\\/07\\\/logo.png\",\"contentUrl\":\"https:\\\/\\\/www.koonings.com\\\/wp-content\\\/uploads\\\/2024\\\/07\\\/logo.png\",\"width\":600,\"height\":428,\"caption\":\"Koonings\"},\"image\":{\"@id\":\"https:\\\/\\\/www.koonings.com\\\/de\\\/#\\\/schema\\\/logo\\\/image\\\/\"},\"sameAs\":[\"https:\\\/\\\/www.facebook.com\\\/kooningstheweddingpalace\",\"https:\\\/\\\/www.instagram.com\\\/kooningstheweddingpalace\",\"https:\\\/\\\/www.pinterest.com\\\/koonings\",\"https:\\\/\\\/www.youtube.com\\\/kooningstheweddingpalace\"]}]}<\/script>\n<!-- \/ Yoast SEO plugin. -->","yoast_head_json":{"title":"Unmittelbar 261-24100A Florenz | Koonings","description":"Dieser Anzug aus der The Wedding Palace Kollektion von Koonings strahlt mit seinem leuchtenden Blauton und dem raffinierten Schnitt Raffinesse aus und eignet sich sowohl f\u00fcr Hochzeitsfeiern als auch f\u00fcr formelle Gesch\u00e4ftsveranstaltungen. Das Design schafft die perfekte Balance zwischen modernen Trends und zeitloser Klasse. Das subtile Karomuster auf der Innenweste verleiht ihm eine zus\u00e4tzliche optische Dimension. Ideal f\u00fcr den Mann, der an seinem gro\u00dfen Tag oder bei jeder wichtigen Veranstaltung einen bleibenden Eindruck hinterlassen m\u00f6chte.","robots":{"index":"index","follow":"follow","max-snippet":"max-snippet:-1","max-image-preview":"max-image-preview:large","max-video-preview":"max-video-preview:-1"},"canonical":"https:\/\/www.koonings.com\/de\/product\/immediate-261-24100a-florence\/","og_locale":"de_DE","og_type":"article","og_title":"Unmittelbar 261-24100A Florenz | Koonings","og_description":"Dieser Anzug aus der The Wedding Palace Kollektion von Koonings strahlt mit seinem leuchtenden Blauton und dem raffinierten Schnitt Raffinesse aus und eignet sich sowohl f\u00fcr Hochzeitsfeiern als auch f\u00fcr formelle Gesch\u00e4ftsveranstaltungen. Das Design schafft die perfekte Balance zwischen modernen Trends und zeitloser Klasse. Das subtile Karomuster auf der Innenweste verleiht ihm eine zus\u00e4tzliche optische Dimension. Ideal f\u00fcr den Mann, der an seinem gro\u00dfen Tag oder bei jeder wichtigen Veranstaltung einen bleibenden Eindruck hinterlassen m\u00f6chte.","og_url":"https:\/\/www.koonings.com\/de\/product\/immediate-261-24100a-florence\/","og_site_name":"Koonings","article_publisher":"https:\/\/www.facebook.com\/kooningstheweddingpalace","article_modified_time":"2026-02-03T19:19:37+00:00","og_image":[{"width":1810,"height":2560,"url":"https:\/\/www.koonings.com\/wp-content\/uploads\/2025\/02\/39949_f489d1db96d5c5d2a86e8ac694516c92a99f019aeae9591ca47664c6fe77faa073dba3a1-scaled.jpeg","type":"image\/jpeg"}],"twitter_card":"summary_large_image","schema":{"@context":"https:\/\/schema.org","@graph":[{"@type":"WebPage","@id":"https:\/\/www.koonings.com\/de\/product\/immediate-261-24100a-florence\/","url":"https:\/\/www.koonings.com\/de\/product\/immediate-261-24100a-florence\/","name":"Unmittelbar 261-24100A Florenz | Koonings","isPartOf":{"@id":"https:\/\/www.koonings.com\/de\/#website"},"primaryImageOfPage":{"@id":"https:\/\/www.koonings.com\/de\/product\/immediate-261-24100a-florence\/#primaryimage"},"image":{"@id":"https:\/\/www.koonings.com\/de\/product\/immediate-261-24100a-florence\/#primaryimage"},"thumbnailUrl":"https:\/\/www.koonings.com\/wp-content\/uploads\/2025\/02\/39949_f489d1db96d5c5d2a86e8ac694516c92a99f019aeae9591ca47664c6fe77faa073dba3a1-scaled.jpeg","datePublished":"2025-12-14T23:28:02+00:00","dateModified":"2026-02-03T19:19:37+00:00","description":"Dieser Anzug aus der The Wedding Palace Kollektion von Koonings strahlt mit seinem leuchtenden Blauton und dem raffinierten Schnitt Raffinesse aus und eignet sich sowohl f\u00fcr Hochzeitsfeiern als auch f\u00fcr formelle Gesch\u00e4ftsveranstaltungen. Das Design schafft die perfekte Balance zwischen modernen Trends und zeitloser Klasse. Das subtile Karomuster auf der Innenweste verleiht ihm eine zus\u00e4tzliche optische Dimension. Ideal f\u00fcr den Mann, der an seinem gro\u00dfen Tag oder bei jeder wichtigen Veranstaltung einen bleibenden Eindruck hinterlassen m\u00f6chte.","breadcrumb":{"@id":"https:\/\/www.koonings.com\/de\/product\/immediate-261-24100a-florence\/#breadcrumb"},"inLanguage":"de","potentialAction":[{"@type":"ReadAction","target":["https:\/\/www.koonings.com\/de\/product\/immediate-261-24100a-florence\/"]}]},{"@type":"ImageObject","inLanguage":"de","@id":"https:\/\/www.koonings.com\/de\/product\/immediate-261-24100a-florence\/#primaryimage","url":"https:\/\/www.koonings.com\/wp-content\/uploads\/2025\/02\/39949_f489d1db96d5c5d2a86e8ac694516c92a99f019aeae9591ca47664c6fe77faa073dba3a1-scaled.jpeg","contentUrl":"https:\/\/www.koonings.com\/wp-content\/uploads\/2025\/02\/39949_f489d1db96d5c5d2a86e8ac694516c92a99f019aeae9591ca47664c6fe77faa073dba3a1-scaled.jpeg","width":1810,"height":2560},{"@type":"BreadcrumbList","@id":"https:\/\/www.koonings.com\/de\/product\/immediate-261-24100a-florence\/#breadcrumb","itemListElement":[{"@type":"ListItem","position":1,"name":"Home","item":"https:\/\/www.koonings.com\/de\/"},{"@type":"ListItem","position":2,"name":"Unmittelbar 261-24100A Florenz"}]},{"@type":"WebSite","@id":"https:\/\/www.koonings.com\/de\/#website","url":"https:\/\/www.koonings.com\/de\/","name":"Koonings","description":"De grootste bruidsmodewinkel ter wereld","publisher":{"@id":"https:\/\/www.koonings.com\/de\/#organization"},"potentialAction":[{"@type":"SearchAction","target":{"@type":"EntryPoint","urlTemplate":"https:\/\/www.koonings.com\/de\/?s={search_term_string}"},"query-input":{"@type":"PropertyValueSpecification","valueRequired":true,"valueName":"search_term_string"}}],"inLanguage":"de"},{"@type":"Organization","@id":"https:\/\/www.koonings.com\/de\/#organization","name":"Koonings","url":"https:\/\/www.koonings.com\/de\/","logo":{"@type":"ImageObject","inLanguage":"de","@id":"https:\/\/www.koonings.com\/de\/#\/schema\/logo\/image\/","url":"https:\/\/www.koonings.com\/wp-content\/uploads\/2024\/07\/logo.png","contentUrl":"https:\/\/www.koonings.com\/wp-content\/uploads\/2024\/07\/logo.png","width":600,"height":428,"caption":"Koonings"},"image":{"@id":"https:\/\/www.koonings.com\/de\/#\/schema\/logo\/image\/"},"sameAs":["https:\/\/www.facebook.com\/kooningstheweddingpalace","https:\/\/www.instagram.com\/kooningstheweddingpalace","https:\/\/www.pinterest.com\/koonings","https:\/\/www.youtube.com\/kooningstheweddingpalace"]}]}},"_links":{"self":[{"href":"https:\/\/www.koonings.com\/de\/wp-json\/wp\/v2\/product\/84668","targetHints":{"allow":["GET"]}}],"collection":[{"href":"https:\/\/www.koonings.com\/de\/wp-json\/wp\/v2\/product"}],"about":[{"href":"https:\/\/www.koonings.com\/de\/wp-json\/wp\/v2\/types\/product"}],"wp:featuredmedia":[{"embeddable":true,"href":"https:\/\/www.koonings.com\/de\/wp-json\/wp\/v2\/media\/81315"}],"wp:attachment":[{"href":"https:\/\/www.koonings.com\/de\/wp-json\/wp\/v2\/media?parent=84668"}],"wp:term":[{"taxonomy":"productdetails","embeddable":true,"href":"https:\/\/www.koonings.com\/de\/wp-json\/wp\/v2\/productdetails?post=84668"},{"taxonomy":"productneck","embeddable":true,"href":"https:\/\/www.koonings.com\/de\/wp-json\/wp\/v2\/productneck?post=84668"},{"taxonomy":"productcolor","embeddable":true,"href":"https:\/\/www.koonings.com\/de\/wp-json\/wp\/v2\/productcolor?post=84668"},{"taxonomy":"maat","embeddable":true,"href":"https:\/\/www.koonings.com\/de\/wp-json\/wp\/v2\/maat?post=84668"},{"taxonomy":"productsupplier","embeddable":true,"href":"https:\/\/www.koonings.com\/de\/wp-json\/wp\/v2\/productsupplier?post=84668"},{"taxonomy":"productsleeve","embeddable":true,"href":"https:\/\/www.koonings.com\/de\/wp-json\/wp\/v2\/productsleeve?post=84668"},{"taxonomy":"productcategory","embeddable":true,"href":"https:\/\/www.koonings.com\/de\/wp-json\/wp\/v2\/productcategory?post=84668"},{"taxonomy":"productsilhouette","embeddable":true,"href":"https:\/\/www.koonings.com\/de\/wp-json\/wp\/v2\/productsilhouette?post=84668"},{"taxonomy":"productstyle","embeddable":true,"href":"https:\/\/www.koonings.com\/de\/wp-json\/wp\/v2\/productstyle?post=84668"}],"curies":[{"name":"wp","href":"https:\/\/api.w.org\/{rel}","templated":true}]}}